{"id":221,"date":"2024-09-21T12:58:20","date_gmt":"2024-09-21T12:58:20","guid":{"rendered":"https:\/\/ankadanismanlikltd.com\/?page_id=221"},"modified":"2024-10-14T17:04:10","modified_gmt":"2024-10-14T17:04:10","slug":"vizyonumuz-misyonumuz","status":"publish","type":"page","link":"http:\/\/ankadanismanlikltd.com\/en\/vizyonumuz-misyonumuz\/","title":{"rendered":"Our Vision and Mission"},"content":{"rendered":"<section class=\"wpb-content-wrapper\"><div class=\"vc_row wpb_row vc_row-fluid cspt-row cspt-bg-color-yes cspt-bg-color-transparent cspt-zindex-zero\">\r\n\t\t\t\r\n<div class=\"wpb_column vc_column_container vc_col-sm-12 cspt-column cspt-bg-color-yes cspt-bg-color-transparent cspt-zindex-zero\">\r\n\t<div class=\"vc_column-inner\">\r\n\t\r\n\t\t\r\n\t\t<div class=\"wpb_wrapper\">\r\n\t\t\t\n\t<div class=\"wpb_text_column wpb_content_element\" >\n\t\t<div class=\"wpb_wrapper\">\n\t\t\t<p>&nbsp;<\/p>\n<p>&nbsp;<\/p>\n<p><strong>Our Mission<\/strong><\/p>\n<p>We are Strong with Our Services Focused on the Success of Our Customers<\/p>\n<p>As Anka Consulting, we exist to help our customers optimize their business processes, comply with quality standards and improve their sustainability. With our customized consulting, certification and training programs, we make it our mission to support our customers' success and ensure that they have a more effective place in the business world.<\/p>\n<p>Quality and Reliability are More Important than Anything<\/p>\n<p>By prioritizing quality and reliability in our services, we aim to provide our customers with a flawless experience with the principle of \u201cyour business is our business\u201d. We aim to keep customer satisfaction at the highest level by analyzing the special needs of institutions and individuals and offering the most suitable solutions at the most appropriate prices.<\/p>\n<p>Achieve Success with Anka Consulting<\/p>\n<p>As Anka Consulting, we are ready to carry you to success with our experienced team and comprehensive solutions. Please do not hesitate to contact us to learn more about your needs and goals.<\/p>\n\n\t\t<\/div>\n\t<\/div>\n\t\t<\/div>\r\n\t<\/div>\r\n<\/div>\r\n\r\n<\/div>\r\n\r\n<div class=\"vc_row wpb_row vc_row-fluid cspt-row cspt-bg-color-yes cspt-bg-color-transparent cspt-zindex-zero\">\r\n\t\t\t\r\n<div class=\"wpb_column vc_column_container vc_col-sm-12 cspt-column cspt-bg-color-yes cspt-bg-color-transparent cspt-zindex-zero\">\r\n\t<div class=\"vc_column-inner\">\r\n\t\r\n\t\t\r\n\t\t<div class=\"wpb_wrapper\">\r\n\t\t\t\n\t<div class=\"wpb_text_column wpb_content_element\" >\n\t\t<div class=\"wpb_wrapper\">\n\t\t\t<p><strong>Our Vision<\/strong><\/p>\n<p>Growth Based on Quality and Reliability<\/p>\n<p>Our goal is to be the leader in the sector as the most preferred Training and Consultancy institution in Turkey without compromising our quality. With the strength we receive from our business partners, we want to offer our customers long-term and perfectionist service approach and high-benefit consultancy services.<\/p>\n<p>Being a Reference Point with an Ethical and Transparent Approach<\/p>\n<p>We want to maintain and develop our status as a reference company with the solutions and service quality we offer with a sincere, honest and ethical approach.<\/p>\n<p>Making National and International Impact<\/p>\n<p>Our vision is to be an institution that contributes to the increase of Turkey's intellectual capital and innovation capacity and directs national and international policies in the field of industrial property.<\/p>\n<p>Step into the Future with Confidence with Anka Consulting<\/p>\n<p>As Anka Consulting, we are ready to carry you to the future with our experienced team and comprehensive solutions. Please do not hesitate to contact us to learn more about your needs and goals.<\/p>\n\n\t\t<\/div>\n\t<\/div>\n\t\t<\/div>\r\n\t<\/div>\r\n<\/div>\r\n\r\n<\/div>\n<\/section>","protected":false},"excerpt":{"rendered":"&nbsp; &nbsp; Misyonumuz: M\u00fc\u015fterilerimizin Ba\u015far\u0131s\u0131na Odakl\u0131 Hizmetlerimizle G\u00fc\u00e7l\u00fcy\u00fcz Anka Dan\u0131\u015fmanl\u0131k olarak, m\u00fc\u015fterilerimizin i\u015f s\u00fcre\u00e7lerini optimize etmelerine, kalite standartlar\u0131na uymalar\u0131na ve s\u00fcrd\u00fcr\u00fclebilirliklerini geli\u015ftirmelerine yard\u0131mc\u0131 olmak i\u00e7in var\u0131z. \u00d6zelle\u015ftirilmi\u015f dan\u0131\u015fmanl\u0131k, belgelendirme ve e\u011fitim programlar\u0131m\u0131z ile m\u00fc\u015fterilerimizin ba\u015far\u0131lar\u0131n\u0131 desteklemeyi ve i\u015f d\u00fcnyas\u0131nda daha etkin bir yer edinmelerini sa\u011flamay\u0131 misyon ediniyoruz. Kalite ve G\u00fcvenilirlik Her \u015eeyden \u00d6nemli Hizmetlerimizde kalite ve g\u00fcvenilirli\u011fi \u00f6n planda tutarak, \u201csizin i\u015finiz bizim i\u015fimizdir\u201d ilkesiyle m\u00fc\u015fterilerimize kusursuz bir deneyim sunmay\u0131[&hellip;]","protected":false},"author":1,"featured_media":0,"parent":0,"menu_order":0,"comment_status":"closed","ping_status":"closed","template":"","meta":{"_acf_changed":false,"footnotes":""},"class_list":["post-221","page","type-page","status-publish","hentry"],"acf":[],"yoast_head":"<!-- This site is optimized with the Yoast SEO plugin v25.9 - https:\/\/yoast.com\/wordpress\/plugins\/seo\/ -->\n<title>Vizyonumuz &amp; Misyonumuz - Anka Dan\u0131\u015fmanl\u0131k<\/title>\n<meta name=\"robots\" content=\"index, follow, max-snippet:-1, max-image-preview:large, max-video-preview:-1\" \/>\n<link rel=\"canonical\" href=\"http:\/\/ankadanismanlikltd.com\/en\/vizyonumuz-misyonumuz\/\" \/>\n<meta property=\"og:locale\" content=\"en_US\" \/>\n<meta property=\"og:type\" content=\"article\" \/>\n<meta property=\"og:title\" content=\"Vizyonumuz &amp; Misyonumuz - Anka Dan\u0131\u015fmanl\u0131k\" \/>\n<meta property=\"og:url\" content=\"http:\/\/ankadanismanlikltd.com\/en\/vizyonumuz-misyonumuz\/\" \/>\n<meta property=\"og:site_name\" content=\"Anka Dan\u0131\u015fmanl\u0131k\" \/>\n<meta property=\"article:publisher\" content=\"https:\/\/www.facebook.com\/ankadanismanlik\" \/>\n<meta property=\"article:modified_time\" content=\"2024-10-14T17:04:10+00:00\" \/>\n<meta name=\"twitter:card\" content=\"summary_large_image\" \/>\n<meta name=\"twitter:site\" content=\"@ankaconsultancy\" \/>\n<meta name=\"twitter:label1\" content=\"Est. reading time\" \/>\n\t<meta name=\"twitter:data1\" content=\"2 minutes\" \/>\n<script type=\"application\/ld+json\" class=\"yoast-schema-graph\">{\"@context\":\"https:\/\/schema.org\",\"@graph\":[{\"@type\":\"WebPage\",\"@id\":\"http:\/\/ankadanismanlikltd.com\/vizyonumuz-misyonumuz\/\",\"url\":\"http:\/\/ankadanismanlikltd.com\/vizyonumuz-misyonumuz\/\",\"name\":\"Vizyonumuz & Misyonumuz - Anka Dan\u0131\u015fmanl\u0131k\",\"isPartOf\":{\"@id\":\"https:\/\/ankadanismanlikltd.com\/en\/#website\"},\"datePublished\":\"2024-09-21T12:58:20+00:00\",\"dateModified\":\"2024-10-14T17:04:10+00:00\",\"breadcrumb\":{\"@id\":\"http:\/\/ankadanismanlikltd.com\/vizyonumuz-misyonumuz\/#breadcrumb\"},\"inLanguage\":\"en-US\",\"potentialAction\":[{\"@type\":\"ReadAction\",\"target\":[\"http:\/\/ankadanismanlikltd.com\/vizyonumuz-misyonumuz\/\"]}]},{\"@type\":\"BreadcrumbList\",\"@id\":\"http:\/\/ankadanismanlikltd.com\/vizyonumuz-misyonumuz\/#breadcrumb\",\"itemListElement\":[{\"@type\":\"ListItem\",\"position\":1,\"name\":\"Anasayfa\",\"item\":\"https:\/\/ankadanismanlikltd.com\/en\/\"},{\"@type\":\"ListItem\",\"position\":2,\"name\":\"Vizyonumuz &#038; Misyonumuz\"}]},{\"@type\":\"WebSite\",\"@id\":\"https:\/\/ankadanismanlikltd.com\/en\/#website\",\"url\":\"https:\/\/ankadanismanlikltd.com\/en\/\",\"name\":\"Anka Dan\u0131\u015fmanl\u0131k\",\"description\":\"\",\"publisher\":{\"@id\":\"https:\/\/ankadanismanlikltd.com\/en\/#organization\"},\"potentialAction\":[{\"@type\":\"SearchAction\",\"target\":{\"@type\":\"EntryPoint\",\"urlTemplate\":\"https:\/\/ankadanismanlikltd.com\/en\/?s={search_term_string}\"},\"query-input\":{\"@type\":\"PropertyValueSpecification\",\"valueRequired\":true,\"valueName\":\"search_term_string\"}}],\"inLanguage\":\"en-US\"},{\"@type\":\"Organization\",\"@id\":\"https:\/\/ankadanismanlikltd.com\/en\/#organization\",\"name\":\"ANKA Dan\u0131\u015fmanl\u0131k\",\"url\":\"https:\/\/ankadanismanlikltd.com\/en\/\",\"logo\":{\"@type\":\"ImageObject\",\"inLanguage\":\"en-US\",\"@id\":\"https:\/\/ankadanismanlikltd.com\/en\/#\/schema\/logo\/image\/\",\"url\":\"https:\/\/ankadanismanlikltd.com\/wp-content\/uploads\/2025\/03\/yeni-logo.jpg\",\"contentUrl\":\"https:\/\/ankadanismanlikltd.com\/wp-content\/uploads\/2025\/03\/yeni-logo.jpg\",\"width\":623,\"height\":630,\"caption\":\"ANKA Dan\u0131\u015fmanl\u0131k\"},\"image\":{\"@id\":\"https:\/\/ankadanismanlikltd.com\/en\/#\/schema\/logo\/image\/\"},\"sameAs\":[\"https:\/\/www.facebook.com\/ankadanismanlik\",\"https:\/\/x.com\/ankaconsultancy\",\"https:\/\/www.linkedin.com\/company\/ankadanismanlik\",\"https:\/\/www.youtube.com\/@ANKADanmanlk.official\",\"https:\/\/www.instagram.com\/ankadanismanlik.tr?igsh=MXZ6OXMyd3k2MW5zbA&utm_source=qr\"]}]}<\/script>\n<!-- \/ Yoast SEO plugin. -->","yoast_head_json":{"title":"Vizyonumuz & Misyonumuz - Anka Dan\u0131\u015fmanl\u0131k","robots":{"index":"index","follow":"follow","max-snippet":"max-snippet:-1","max-image-preview":"max-image-preview:large","max-video-preview":"max-video-preview:-1"},"canonical":"http:\/\/ankadanismanlikltd.com\/en\/vizyonumuz-misyonumuz\/","og_locale":"en_US","og_type":"article","og_title":"Vizyonumuz & Misyonumuz - Anka Dan\u0131\u015fmanl\u0131k","og_url":"http:\/\/ankadanismanlikltd.com\/en\/vizyonumuz-misyonumuz\/","og_site_name":"Anka Dan\u0131\u015fmanl\u0131k","article_publisher":"https:\/\/www.facebook.com\/ankadanismanlik","article_modified_time":"2024-10-14T17:04:10+00:00","twitter_card":"summary_large_image","twitter_site":"@ankaconsultancy","twitter_misc":{"Est. reading time":"2 minutes"},"schema":{"@context":"https:\/\/schema.org","@graph":[{"@type":"WebPage","@id":"http:\/\/ankadanismanlikltd.com\/vizyonumuz-misyonumuz\/","url":"http:\/\/ankadanismanlikltd.com\/vizyonumuz-misyonumuz\/","name":"Vizyonumuz & Misyonumuz - Anka Dan\u0131\u015fmanl\u0131k","isPartOf":{"@id":"https:\/\/ankadanismanlikltd.com\/en\/#website"},"datePublished":"2024-09-21T12:58:20+00:00","dateModified":"2024-10-14T17:04:10+00:00","breadcrumb":{"@id":"http:\/\/ankadanismanlikltd.com\/vizyonumuz-misyonumuz\/#breadcrumb"},"inLanguage":"en-US","potentialAction":[{"@type":"ReadAction","target":["http:\/\/ankadanismanlikltd.com\/vizyonumuz-misyonumuz\/"]}]},{"@type":"BreadcrumbList","@id":"http:\/\/ankadanismanlikltd.com\/vizyonumuz-misyonumuz\/#breadcrumb","itemListElement":[{"@type":"ListItem","position":1,"name":"Anasayfa","item":"https:\/\/ankadanismanlikltd.com\/en\/"},{"@type":"ListItem","position":2,"name":"Vizyonumuz &#038; Misyonumuz"}]},{"@type":"WebSite","@id":"https:\/\/ankadanismanlikltd.com\/en\/#website","url":"https:\/\/ankadanismanlikltd.com\/en\/","name":"Anka Dan\u0131\u015fmanl\u0131k","description":"","publisher":{"@id":"https:\/\/ankadanismanlikltd.com\/en\/#organization"},"potentialAction":[{"@type":"SearchAction","target":{"@type":"EntryPoint","urlTemplate":"https:\/\/ankadanismanlikltd.com\/en\/?s={search_term_string}"},"query-input":{"@type":"PropertyValueSpecification","valueRequired":true,"valueName":"search_term_string"}}],"inLanguage":"en-US"},{"@type":"Organization","@id":"https:\/\/ankadanismanlikltd.com\/en\/#organization","name":"ANKA Dan\u0131\u015fmanl\u0131k","url":"https:\/\/ankadanismanlikltd.com\/en\/","logo":{"@type":"ImageObject","inLanguage":"en-US","@id":"https:\/\/ankadanismanlikltd.com\/en\/#\/schema\/logo\/image\/","url":"https:\/\/ankadanismanlikltd.com\/wp-content\/uploads\/2025\/03\/yeni-logo.jpg","contentUrl":"https:\/\/ankadanismanlikltd.com\/wp-content\/uploads\/2025\/03\/yeni-logo.jpg","width":623,"height":630,"caption":"ANKA Dan\u0131\u015fmanl\u0131k"},"image":{"@id":"https:\/\/ankadanismanlikltd.com\/en\/#\/schema\/logo\/image\/"},"sameAs":["https:\/\/www.facebook.com\/ankadanismanlik","https:\/\/x.com\/ankaconsultancy","https:\/\/www.linkedin.com\/company\/ankadanismanlik","https:\/\/www.youtube.com\/@ANKADanmanlk.official","https:\/\/www.instagram.com\/ankadanismanlik.tr?igsh=MXZ6OXMyd3k2MW5zbA&utm_source=qr"]}]}},"_links":{"self":[{"href":"http:\/\/ankadanismanlikltd.com\/en\/wp-json\/wp\/v2\/pages\/221","targetHints":{"allow":["GET"]}}],"collection":[{"href":"http:\/\/ankadanismanlikltd.com\/en\/wp-json\/wp\/v2\/pages"}],"about":[{"href":"http:\/\/ankadanismanlikltd.com\/en\/wp-json\/wp\/v2\/types\/page"}],"author":[{"embeddable":true,"href":"http:\/\/ankadanismanlikltd.com\/en\/wp-json\/wp\/v2\/users\/1"}],"replies":[{"embeddable":true,"href":"http:\/\/ankadanismanlikltd.com\/en\/wp-json\/wp\/v2\/comments?post=221"}],"version-history":[{"count":5,"href":"http:\/\/ankadanismanlikltd.com\/en\/wp-json\/wp\/v2\/pages\/221\/revisions"}],"predecessor-version":[{"id":749,"href":"http:\/\/ankadanismanlikltd.com\/en\/wp-json\/wp\/v2\/pages\/221\/revisions\/749"}],"wp:attachment":[{"href":"http:\/\/ankadanismanlikltd.com\/en\/wp-json\/wp\/v2\/media?parent=221"}],"curies":[{"name":"wp","href":"https:\/\/api.w.org\/{rel}","templated":true}]}}