{"id":222,"date":"2024-09-21T12:57:41","date_gmt":"2024-09-21T12:57:41","guid":{"rendered":"https:\/\/ankadanismanlikltd.com\/?page_id=222"},"modified":"2024-10-16T10:42:02","modified_gmt":"2024-10-16T10:42:02","slug":"surdurulebilirlik","status":"publish","type":"page","link":"http:\/\/ankadanismanlikltd.com\/en\/surdurulebilirlik\/","title":{"rendered":"Corporate Sustainability"},"content":{"rendered":"<p>S\u00fcrd\u00fcr\u00fclebilirlik Dan\u0131\u015fmanl\u0131\u011f\u0131 ve Daha Fazlas\u0131!<\/p>\n\n\n\n<p>Anka Dan\u0131\u015fmanl\u0131k firmas\u0131 olarak S\u00fcrd\u00fcr\u00fclebilirli\u011fin \u00c7evresel \u2013 Sosyal \u2013 Y\u00f6neti\u015fim boyutlar\u0131nda hizmetlerini 20\u2019 yi a\u015fk\u0131n uzman kadrosuyla sunmaktad\u0131r. \u201cYar\u0131n\u0131n Dan\u0131\u015fmanl\u0131\u011f\u0131\u201d olarak kendini tan\u0131mlayan ve her zaman \u201cdaha fazlas\u0131\u201d n\u0131 sunan Anka Dan\u0131\u015fmanl\u0131k uzman kadrosu ile T\u00fcrkiye\u2019 nin her iline hizmet vermektedir. Kurulu\u015fundan bug\u00fcne temel hedefi i\u015fletmelerin Ye\u015fil D\u00f6n\u00fc\u015f\u00fcm faaliyetleri ve \u0130klim De\u011fi\u015fikli\u011fi ile m\u00fccadelesine destek olmakt\u0131r.<\/p>\n\n\n\n<p>Anka Dan\u0131\u015fmanl\u0131k, kurulu\u015f seviyesinde durum de\u011ferlendirme raporlamalar\u0131n\u0131 \u00e7\u0131karmak ad\u0131na, Sera Gaz\u0131 Emisyon Raporu, ISO 14064-1 Kurumsal Karbon Ayak \u0130zi ve ISO 14046 Su Ayak \u0130zi Hesaplama dan\u0131\u015fmanl\u0131k hizmetleri sunar. \u00dcr\u00fcn seviyesinde durum de\u011ferlendirmeleri amac\u0131yla ISO 14067 \u00dcr\u00fcn Karbon Ayak \u0130zi, Ya\u015fam D\u00f6ng\u00fcs\u00fc De\u011ferlendirme, LCA Analizi ve EPD Belgelendirme dan\u0131\u015fmanl\u0131k hizmetleri sunar. Sera Gaz\u0131 Emisyonlar\u0131 ve Karbon Ayak \u0130zi azaltmalar\u0131na Dekarbonizasyon Projeleri ile destek olmaktad\u0131r. Karbon Ticareti Sertifikal\u0131 uzman ekibiyle, kurulu\u015flar\u0131n Karbon Offsetleme (Dengeleme) ve Karbon Kredisi \u00fcretme sistemlerinin kurulmas\u0131 hizmetleri sunar. AB (EU) ETS Uzman\u0131 ile i\u015fletmelerin Karbon Vergisi \u00f6demlerinden ka\u00e7\u0131narak Emisyon Ticaret Sistemlerinde gelir elde eden taraf olmalar\u0131na destek olmaktad\u0131r.<\/p>\n\n\n\n<figure class=\"wp-block-image size-full\"><img fetchpriority=\"high\" decoding=\"async\" width=\"980\" height=\"634\" src=\"https:\/\/ankadanismanlikltd.com\/wp-content\/uploads\/2024\/09\/image.png\" alt=\"\" class=\"wp-image-371\" srcset=\"http:\/\/ankadanismanlikltd.com\/wp-content\/uploads\/2024\/09\/image.png 980w, http:\/\/ankadanismanlikltd.com\/wp-content\/uploads\/2024\/09\/image-300x194.png 300w, http:\/\/ankadanismanlikltd.com\/wp-content\/uploads\/2024\/09\/image-768x497.png 768w, http:\/\/ankadanismanlikltd.com\/wp-content\/uploads\/2024\/09\/image-770x498.png 770w\" sizes=\"(max-width: 980px) 100vw, 980px\" \/><\/figure>","protected":false},"excerpt":{"rendered":"<p>S\u00fcrd\u00fcr\u00fclebilirlik Dan\u0131\u015fmanl\u0131\u011f\u0131 ve Daha Fazlas\u0131! Anka Dan\u0131\u015fmanl\u0131k firmas\u0131 olarak S\u00fcrd\u00fcr\u00fclebilirli\u011fin \u00c7evresel \u2013 Sosyal \u2013 Y\u00f6neti\u015fim boyutlar\u0131nda hizmetlerini 20\u2019 yi a\u015fk\u0131n uzman kadrosuyla sunmaktad\u0131r. \u201cYar\u0131n\u0131n Dan\u0131\u015fmanl\u0131\u011f\u0131\u201d olarak kendini tan\u0131mlayan ve her zaman \u201cdaha fazlas\u0131\u201d n\u0131 sunan Anka Dan\u0131\u015fmanl\u0131k uzman kadrosu ile T\u00fcrkiye\u2019 nin her iline hizmet vermektedir. Kurulu\u015fundan bug\u00fcne temel hedefi i\u015fletmelerin Ye\u015fil D\u00f6n\u00fc\u015f\u00fcm faaliyetleri ve \u0130klim De\u011fi\u015fikli\u011fi ile m\u00fccadelesine destek olmakt\u0131r. Anka Dan\u0131\u015fmanl\u0131k, kurulu\u015f seviyesinde durum de\u011ferlendirme raporlamalar\u0131n\u0131 \u00e7\u0131karmak ad\u0131na,[&hellip;]<\/p>","protected":false},"author":1,"featured_media":0,"parent":0,"menu_order":0,"comment_status":"closed","ping_status":"closed","template":"","meta":{"_acf_changed":false,"footnotes":""},"class_list":["post-222","page","type-page","status-publish","hentry"],"acf":[],"yoast_head":"<!-- This site is optimized with the Yoast SEO plugin v25.9 - https:\/\/yoast.com\/wordpress\/plugins\/seo\/ -->\n<title>Kurumsal S\u00fcrd\u00fcr\u00fclebilirlik - Anka Dan\u0131\u015fmanl\u0131k<\/title>\n<meta name=\"robots\" content=\"index, follow, max-snippet:-1, max-image-preview:large, max-video-preview:-1\" \/>\n<link rel=\"canonical\" href=\"https:\/\/ankadanismanlikltd.com\/en\/surdurulebilirlik\/\" \/>\n<meta property=\"og:locale\" content=\"en_US\" \/>\n<meta property=\"og:type\" content=\"article\" \/>\n<meta property=\"og:title\" content=\"Kurumsal S\u00fcrd\u00fcr\u00fclebilirlik - Anka Dan\u0131\u015fmanl\u0131k\" \/>\n<meta property=\"og:description\" content=\"S\u00fcrd\u00fcr\u00fclebilirlik Dan\u0131\u015fmanl\u0131\u011f\u0131 ve Daha Fazlas\u0131! Anka Dan\u0131\u015fmanl\u0131k firmas\u0131 olarak S\u00fcrd\u00fcr\u00fclebilirli\u011fin \u00c7evresel \u2013 Sosyal \u2013 Y\u00f6neti\u015fim boyutlar\u0131nda hizmetlerini 20\u2019 yi a\u015fk\u0131n uzman kadrosuyla sunmaktad\u0131r. \u201cYar\u0131n\u0131n Dan\u0131\u015fmanl\u0131\u011f\u0131\u201d olarak kendini tan\u0131mlayan ve her zaman \u201cdaha fazlas\u0131\u201d n\u0131 sunan Anka Dan\u0131\u015fmanl\u0131k uzman kadrosu ile T\u00fcrkiye\u2019 nin her iline hizmet vermektedir. Kurulu\u015fundan bug\u00fcne temel hedefi i\u015fletmelerin Ye\u015fil D\u00f6n\u00fc\u015f\u00fcm faaliyetleri ve \u0130klim De\u011fi\u015fikli\u011fi ile m\u00fccadelesine destek olmakt\u0131r. Anka Dan\u0131\u015fmanl\u0131k, kurulu\u015f seviyesinde durum de\u011ferlendirme raporlamalar\u0131n\u0131 \u00e7\u0131karmak ad\u0131na,[&hellip;]\" \/>\n<meta property=\"og:url\" content=\"https:\/\/ankadanismanlikltd.com\/en\/surdurulebilirlik\/\" \/>\n<meta property=\"og:site_name\" content=\"Anka Dan\u0131\u015fmanl\u0131k\" \/>\n<meta property=\"article:publisher\" content=\"https:\/\/www.facebook.com\/ankadanismanlik\" \/>\n<meta property=\"article:modified_time\" content=\"2024-10-16T10:42:02+00:00\" \/>\n<meta property=\"og:image\" content=\"https:\/\/ankadanismanlikltd.com\/wp-content\/uploads\/2024\/09\/image.png\" \/>\n<meta name=\"twitter:card\" content=\"summary_large_image\" \/>\n<meta name=\"twitter:site\" content=\"@ankaconsultancy\" \/>\n<meta name=\"twitter:label1\" content=\"Est. reading time\" \/>\n\t<meta name=\"twitter:data1\" content=\"1 minute\" \/>\n<script type=\"application\/ld+json\" class=\"yoast-schema-graph\">{\"@context\":\"https:\/\/schema.org\",\"@graph\":[{\"@type\":\"WebPage\",\"@id\":\"https:\/\/ankadanismanlikltd.com\/en\/surdurulebilirlik\/\",\"url\":\"https:\/\/ankadanismanlikltd.com\/en\/surdurulebilirlik\/\",\"name\":\"Kurumsal S\u00fcrd\u00fcr\u00fclebilirlik - Anka Dan\u0131\u015fmanl\u0131k\",\"isPartOf\":{\"@id\":\"https:\/\/ankadanismanlikltd.com\/en\/#website\"},\"primaryImageOfPage\":{\"@id\":\"https:\/\/ankadanismanlikltd.com\/en\/surdurulebilirlik\/#primaryimage\"},\"image\":{\"@id\":\"https:\/\/ankadanismanlikltd.com\/en\/surdurulebilirlik\/#primaryimage\"},\"thumbnailUrl\":\"https:\/\/ankadanismanlikltd.com\/wp-content\/uploads\/2024\/09\/image.png\",\"datePublished\":\"2024-09-21T12:57:41+00:00\",\"dateModified\":\"2024-10-16T10:42:02+00:00\",\"breadcrumb\":{\"@id\":\"https:\/\/ankadanismanlikltd.com\/en\/surdurulebilirlik\/#breadcrumb\"},\"inLanguage\":\"en-US\",\"potentialAction\":[{\"@type\":\"ReadAction\",\"target\":[\"https:\/\/ankadanismanlikltd.com\/en\/surdurulebilirlik\/\"]}]},{\"@type\":\"ImageObject\",\"inLanguage\":\"en-US\",\"@id\":\"https:\/\/ankadanismanlikltd.com\/en\/surdurulebilirlik\/#primaryimage\",\"url\":\"https:\/\/ankadanismanlikltd.com\/wp-content\/uploads\/2024\/09\/image.png\",\"contentUrl\":\"https:\/\/ankadanismanlikltd.com\/wp-content\/uploads\/2024\/09\/image.png\"},{\"@type\":\"BreadcrumbList\",\"@id\":\"https:\/\/ankadanismanlikltd.com\/en\/surdurulebilirlik\/#breadcrumb\",\"itemListElement\":[{\"@type\":\"ListItem\",\"position\":1,\"name\":\"Anasayfa\",\"item\":\"https:\/\/ankadanismanlikltd.com\/en\/\"},{\"@type\":\"ListItem\",\"position\":2,\"name\":\"Kurumsal S\u00fcrd\u00fcr\u00fclebilirlik\"}]},{\"@type\":\"WebSite\",\"@id\":\"https:\/\/ankadanismanlikltd.com\/en\/#website\",\"url\":\"https:\/\/ankadanismanlikltd.com\/en\/\",\"name\":\"Anka Dan\u0131\u015fmanl\u0131k\",\"description\":\"\",\"publisher\":{\"@id\":\"https:\/\/ankadanismanlikltd.com\/en\/#organization\"},\"potentialAction\":[{\"@type\":\"SearchAction\",\"target\":{\"@type\":\"EntryPoint\",\"urlTemplate\":\"https:\/\/ankadanismanlikltd.com\/en\/?s={search_term_string}\"},\"query-input\":{\"@type\":\"PropertyValueSpecification\",\"valueRequired\":true,\"valueName\":\"search_term_string\"}}],\"inLanguage\":\"en-US\"},{\"@type\":\"Organization\",\"@id\":\"https:\/\/ankadanismanlikltd.com\/en\/#organization\",\"name\":\"ANKA Dan\u0131\u015fmanl\u0131k\",\"url\":\"https:\/\/ankadanismanlikltd.com\/en\/\",\"logo\":{\"@type\":\"ImageObject\",\"inLanguage\":\"en-US\",\"@id\":\"https:\/\/ankadanismanlikltd.com\/en\/#\/schema\/logo\/image\/\",\"url\":\"https:\/\/ankadanismanlikltd.com\/wp-content\/uploads\/2025\/03\/yeni-logo.jpg\",\"contentUrl\":\"https:\/\/ankadanismanlikltd.com\/wp-content\/uploads\/2025\/03\/yeni-logo.jpg\",\"width\":623,\"height\":630,\"caption\":\"ANKA Dan\u0131\u015fmanl\u0131k\"},\"image\":{\"@id\":\"https:\/\/ankadanismanlikltd.com\/en\/#\/schema\/logo\/image\/\"},\"sameAs\":[\"https:\/\/www.facebook.com\/ankadanismanlik\",\"https:\/\/x.com\/ankaconsultancy\",\"https:\/\/www.linkedin.com\/company\/ankadanismanlik\",\"https:\/\/www.youtube.com\/@ANKADanmanlk.official\",\"https:\/\/www.instagram.com\/ankadanismanlik.tr?igsh=MXZ6OXMyd3k2MW5zbA&utm_source=qr\"]}]}<\/script>\n<!-- \/ Yoast SEO plugin. -->","yoast_head_json":{"title":"Kurumsal S\u00fcrd\u00fcr\u00fclebilirlik - Anka Dan\u0131\u015fmanl\u0131k","robots":{"index":"index","follow":"follow","max-snippet":"max-snippet:-1","max-image-preview":"max-image-preview:large","max-video-preview":"max-video-preview:-1"},"canonical":"https:\/\/ankadanismanlikltd.com\/en\/surdurulebilirlik\/","og_locale":"en_US","og_type":"article","og_title":"Kurumsal S\u00fcrd\u00fcr\u00fclebilirlik - Anka Dan\u0131\u015fmanl\u0131k","og_description":"S\u00fcrd\u00fcr\u00fclebilirlik Dan\u0131\u015fmanl\u0131\u011f\u0131 ve Daha Fazlas\u0131! Anka Dan\u0131\u015fmanl\u0131k firmas\u0131 olarak S\u00fcrd\u00fcr\u00fclebilirli\u011fin \u00c7evresel \u2013 Sosyal \u2013 Y\u00f6neti\u015fim boyutlar\u0131nda hizmetlerini 20\u2019 yi a\u015fk\u0131n uzman kadrosuyla sunmaktad\u0131r. \u201cYar\u0131n\u0131n Dan\u0131\u015fmanl\u0131\u011f\u0131\u201d olarak kendini tan\u0131mlayan ve her zaman \u201cdaha fazlas\u0131\u201d n\u0131 sunan Anka Dan\u0131\u015fmanl\u0131k uzman kadrosu ile T\u00fcrkiye\u2019 nin her iline hizmet vermektedir. Kurulu\u015fundan bug\u00fcne temel hedefi i\u015fletmelerin Ye\u015fil D\u00f6n\u00fc\u015f\u00fcm faaliyetleri ve \u0130klim De\u011fi\u015fikli\u011fi ile m\u00fccadelesine destek olmakt\u0131r. Anka Dan\u0131\u015fmanl\u0131k, kurulu\u015f seviyesinde durum de\u011ferlendirme raporlamalar\u0131n\u0131 \u00e7\u0131karmak ad\u0131na,[&hellip;]","og_url":"https:\/\/ankadanismanlikltd.com\/en\/surdurulebilirlik\/","og_site_name":"Anka Dan\u0131\u015fmanl\u0131k","article_publisher":"https:\/\/www.facebook.com\/ankadanismanlik","article_modified_time":"2024-10-16T10:42:02+00:00","og_image":[{"url":"https:\/\/ankadanismanlikltd.com\/wp-content\/uploads\/2024\/09\/image.png","type":"","width":"","height":""}],"twitter_card":"summary_large_image","twitter_site":"@ankaconsultancy","twitter_misc":{"Est. reading time":"1 minute"},"schema":{"@context":"https:\/\/schema.org","@graph":[{"@type":"WebPage","@id":"https:\/\/ankadanismanlikltd.com\/en\/surdurulebilirlik\/","url":"https:\/\/ankadanismanlikltd.com\/en\/surdurulebilirlik\/","name":"Kurumsal S\u00fcrd\u00fcr\u00fclebilirlik - Anka Dan\u0131\u015fmanl\u0131k","isPartOf":{"@id":"https:\/\/ankadanismanlikltd.com\/en\/#website"},"primaryImageOfPage":{"@id":"https:\/\/ankadanismanlikltd.com\/en\/surdurulebilirlik\/#primaryimage"},"image":{"@id":"https:\/\/ankadanismanlikltd.com\/en\/surdurulebilirlik\/#primaryimage"},"thumbnailUrl":"https:\/\/ankadanismanlikltd.com\/wp-content\/uploads\/2024\/09\/image.png","datePublished":"2024-09-21T12:57:41+00:00","dateModified":"2024-10-16T10:42:02+00:00","breadcrumb":{"@id":"https:\/\/ankadanismanlikltd.com\/en\/surdurulebilirlik\/#breadcrumb"},"inLanguage":"en-US","potentialAction":[{"@type":"ReadAction","target":["https:\/\/ankadanismanlikltd.com\/en\/surdurulebilirlik\/"]}]},{"@type":"ImageObject","inLanguage":"en-US","@id":"https:\/\/ankadanismanlikltd.com\/en\/surdurulebilirlik\/#primaryimage","url":"https:\/\/ankadanismanlikltd.com\/wp-content\/uploads\/2024\/09\/image.png","contentUrl":"https:\/\/ankadanismanlikltd.com\/wp-content\/uploads\/2024\/09\/image.png"},{"@type":"BreadcrumbList","@id":"https:\/\/ankadanismanlikltd.com\/en\/surdurulebilirlik\/#breadcrumb","itemListElement":[{"@type":"ListItem","position":1,"name":"Anasayfa","item":"https:\/\/ankadanismanlikltd.com\/en\/"},{"@type":"ListItem","position":2,"name":"Kurumsal S\u00fcrd\u00fcr\u00fclebilirlik"}]},{"@type":"WebSite","@id":"https:\/\/ankadanismanlikltd.com\/en\/#website","url":"https:\/\/ankadanismanlikltd.com\/en\/","name":"Anka Dan\u0131\u015fmanl\u0131k","description":"","publisher":{"@id":"https:\/\/ankadanismanlikltd.com\/en\/#organization"},"potentialAction":[{"@type":"SearchAction","target":{"@type":"EntryPoint","urlTemplate":"https:\/\/ankadanismanlikltd.com\/en\/?s={search_term_string}"},"query-input":{"@type":"PropertyValueSpecification","valueRequired":true,"valueName":"search_term_string"}}],"inLanguage":"en-US"},{"@type":"Organization","@id":"https:\/\/ankadanismanlikltd.com\/en\/#organization","name":"ANKA Dan\u0131\u015fmanl\u0131k","url":"https:\/\/ankadanismanlikltd.com\/en\/","logo":{"@type":"ImageObject","inLanguage":"en-US","@id":"https:\/\/ankadanismanlikltd.com\/en\/#\/schema\/logo\/image\/","url":"https:\/\/ankadanismanlikltd.com\/wp-content\/uploads\/2025\/03\/yeni-logo.jpg","contentUrl":"https:\/\/ankadanismanlikltd.com\/wp-content\/uploads\/2025\/03\/yeni-logo.jpg","width":623,"height":630,"caption":"ANKA Dan\u0131\u015fmanl\u0131k"},"image":{"@id":"https:\/\/ankadanismanlikltd.com\/en\/#\/schema\/logo\/image\/"},"sameAs":["https:\/\/www.facebook.com\/ankadanismanlik","https:\/\/x.com\/ankaconsultancy","https:\/\/www.linkedin.com\/company\/ankadanismanlik","https:\/\/www.youtube.com\/@ANKADanmanlk.official","https:\/\/www.instagram.com\/ankadanismanlik.tr?igsh=MXZ6OXMyd3k2MW5zbA&utm_source=qr"]}]}},"_links":{"self":[{"href":"http:\/\/ankadanismanlikltd.com\/en\/wp-json\/wp\/v2\/pages\/222","targetHints":{"allow":["GET"]}}],"collection":[{"href":"http:\/\/ankadanismanlikltd.com\/en\/wp-json\/wp\/v2\/pages"}],"about":[{"href":"http:\/\/ankadanismanlikltd.com\/en\/wp-json\/wp\/v2\/types\/page"}],"author":[{"embeddable":true,"href":"http:\/\/ankadanismanlikltd.com\/en\/wp-json\/wp\/v2\/users\/1"}],"replies":[{"embeddable":true,"href":"http:\/\/ankadanismanlikltd.com\/en\/wp-json\/wp\/v2\/comments?post=222"}],"version-history":[{"count":5,"href":"http:\/\/ankadanismanlikltd.com\/en\/wp-json\/wp\/v2\/pages\/222\/revisions"}],"predecessor-version":[{"id":761,"href":"http:\/\/ankadanismanlikltd.com\/en\/wp-json\/wp\/v2\/pages\/222\/revisions\/761"}],"wp:attachment":[{"href":"http:\/\/ankadanismanlikltd.com\/en\/wp-json\/wp\/v2\/media?parent=222"}],"curies":[{"name":"wp","href":"https:\/\/api.w.org\/{rel}","templated":true}]}}