{"id":274,"date":"2024-09-21T13:07:56","date_gmt":"2024-09-21T13:07:56","guid":{"rendered":"https:\/\/ankadanismanlikltd.com\/?page_id=274"},"modified":"2024-10-06T19:26:36","modified_gmt":"2024-10-06T19:26:36","slug":"hakkimizda","status":"publish","type":"page","link":"http:\/\/ankadanismanlikltd.com\/en\/hakkimizda\/","title":{"rendered":"About"},"content":{"rendered":"<p><p>As Anka Consulting, we collaborate with you to provide quality and global services that will help you reduce risk, facilitate management, increase your organization's trust and reputation, and create a more sustainable work environment in our sector experience that started with technical consultancy, technical control, supervision and engineering services.<br>As Anka Consulting, our aim is to analyze your needs and expectations in depth, to create a comprehensive audit mechanism, and to help you provide world-class services anywhere in Turkey with our range of certification, training and technical solutions.<\/p><\/p>\n\n\n\n<p><p><br>Our trainers, consultants and auditors are competent experts with nationwide recognition in their categories and they manage your business and processes in depth and how to progress in process management with a professional approach.<\/p><\/p>\n\n\n\n<p><p><br>As Anka Consulting, we see our relationship with you as a collaborative journey, making our talents more available to you and continuing to do so. We offer comprehensive and in-depth solutions that can trigger your thoughts or provide a new perspective for an existing situation; sustainability solutions, management systems certification, product certification, training, engineering and software consultancy.<\/p><\/p>\n\n\n\n<p><p><br>As Anka Consulting, our mission is to help people, products and ways of working place excellence at the very center point. We build this help with a systematic opposition to mediocrity and indifference.<br>We weave these solutions, which include many professionals, into a network of effective services that help organizations improve their performance, reduce their risks, achieve sustainable growth and development, and gain reputation and respect on a global scale.<\/p><\/p>\n\n\n\n<p><p><br>For more information about us and any questions you may have about our solutions, you can reach us through the contact page on our website.<\/p><br><p>\u00a0<\/p><\/p>\n\n\n\n<p><\/p>","protected":false},"excerpt":{"rendered":"<p>Anka Dan\u0131\u015fmanl\u0131k olarak teknik dan\u0131\u015fmanl\u0131k, teknik kontrol, g\u00f6zetim ve m\u00fchendislik hizmetleriyle ba\u015flad\u0131\u011f\u0131m\u0131z sekt\u00f6r tecr\u00fcbemizde riski azaltmaya, y\u00f6netimi kolayla\u015ft\u0131rmaya, kurulu\u015funuzun g\u00fcven ve itibar\u0131n\u0131 y\u00fckseltmeye ve daha s\u00fcrd\u00fcr\u00fclebilir bir \u00e7al\u0131\u015fma ortam\u0131 olu\u015fturman\u0131za yard\u0131mc\u0131 olacak kaliteli ve global hizmetler sunmak i\u00e7in sizlerle i\u015fbirli\u011fi yap\u0131yoruz.Anka Dan\u0131\u015fmanl\u0131k olarak amac\u0131m\u0131z; ihtiya\u00e7lar\u0131n\u0131z\u0131 ve beklentilerinizi derinlemesine analiz etmek, kapsaml\u0131 denetim mekanizmas\u0131 olu\u015fturmak, belgelendirme, e\u011fitim ve teknik \u00e7\u00f6z\u00fcmler yelpazemizle T\u00fcrkiye\u2019nin her yerinde d\u00fcnya standartlar\u0131nda hizmet sunman\u0131za yard\u0131mc\u0131 olmakt\u0131r. E\u011fitmenlerimiz,[&hellip;]<\/p>","protected":false},"author":1,"featured_media":0,"parent":0,"menu_order":0,"comment_status":"closed","ping_status":"closed","template":"","meta":{"_acf_changed":false,"footnotes":""},"class_list":["post-274","page","type-page","status-publish","hentry"],"acf":[],"yoast_head":"<!-- This site is optimized with the Yoast SEO plugin v25.9 - https:\/\/yoast.com\/wordpress\/plugins\/seo\/ -->\n<title>Hakk\u0131m\u0131zda - Anka Dan\u0131\u015fmanl\u0131k<\/title>\n<meta name=\"robots\" content=\"index, follow, max-snippet:-1, max-image-preview:large, max-video-preview:-1\" \/>\n<link rel=\"canonical\" href=\"https:\/\/ankadanismanlikltd.com\/en\/hakkimizda\/\" \/>\n<meta property=\"og:locale\" content=\"en_US\" \/>\n<meta property=\"og:type\" content=\"article\" \/>\n<meta property=\"og:title\" content=\"Hakk\u0131m\u0131zda - Anka Dan\u0131\u015fmanl\u0131k\" \/>\n<meta property=\"og:description\" content=\"Anka Dan\u0131\u015fmanl\u0131k olarak teknik dan\u0131\u015fmanl\u0131k, teknik kontrol, g\u00f6zetim ve m\u00fchendislik hizmetleriyle ba\u015flad\u0131\u011f\u0131m\u0131z sekt\u00f6r tecr\u00fcbemizde riski azaltmaya, y\u00f6netimi kolayla\u015ft\u0131rmaya, kurulu\u015funuzun g\u00fcven ve itibar\u0131n\u0131 y\u00fckseltmeye ve daha s\u00fcrd\u00fcr\u00fclebilir bir \u00e7al\u0131\u015fma ortam\u0131 olu\u015fturman\u0131za yard\u0131mc\u0131 olacak kaliteli ve global hizmetler sunmak i\u00e7in sizlerle i\u015fbirli\u011fi yap\u0131yoruz.Anka Dan\u0131\u015fmanl\u0131k olarak amac\u0131m\u0131z; ihtiya\u00e7lar\u0131n\u0131z\u0131 ve beklentilerinizi derinlemesine analiz etmek, kapsaml\u0131 denetim mekanizmas\u0131 olu\u015fturmak, belgelendirme, e\u011fitim ve teknik \u00e7\u00f6z\u00fcmler yelpazemizle T\u00fcrkiye\u2019nin her yerinde d\u00fcnya standartlar\u0131nda hizmet sunman\u0131za yard\u0131mc\u0131 olmakt\u0131r. E\u011fitmenlerimiz,[&hellip;]\" \/>\n<meta property=\"og:url\" content=\"https:\/\/ankadanismanlikltd.com\/en\/hakkimizda\/\" \/>\n<meta property=\"og:site_name\" content=\"Anka Dan\u0131\u015fmanl\u0131k\" \/>\n<meta property=\"article:publisher\" content=\"https:\/\/www.facebook.com\/ankadanismanlik\" \/>\n<meta property=\"article:modified_time\" content=\"2024-10-06T19:26:36+00:00\" \/>\n<meta name=\"twitter:card\" content=\"summary_large_image\" \/>\n<meta name=\"twitter:site\" content=\"@ankaconsultancy\" \/>\n<meta name=\"twitter:label1\" content=\"Est. reading time\" \/>\n\t<meta name=\"twitter:data1\" content=\"2 minutes\" \/>\n<script type=\"application\/ld+json\" class=\"yoast-schema-graph\">{\"@context\":\"https:\/\/schema.org\",\"@graph\":[{\"@type\":\"WebPage\",\"@id\":\"https:\/\/ankadanismanlikltd.com\/en\/hakkimizda\/\",\"url\":\"https:\/\/ankadanismanlikltd.com\/en\/hakkimizda\/\",\"name\":\"Hakk\u0131m\u0131zda - Anka Dan\u0131\u015fmanl\u0131k\",\"isPartOf\":{\"@id\":\"https:\/\/ankadanismanlikltd.com\/en\/#website\"},\"datePublished\":\"2024-09-21T13:07:56+00:00\",\"dateModified\":\"2024-10-06T19:26:36+00:00\",\"breadcrumb\":{\"@id\":\"https:\/\/ankadanismanlikltd.com\/en\/hakkimizda\/#breadcrumb\"},\"inLanguage\":\"en-US\",\"potentialAction\":[{\"@type\":\"ReadAction\",\"target\":[\"https:\/\/ankadanismanlikltd.com\/en\/hakkimizda\/\"]}]},{\"@type\":\"BreadcrumbList\",\"@id\":\"https:\/\/ankadanismanlikltd.com\/en\/hakkimizda\/#breadcrumb\",\"itemListElement\":[{\"@type\":\"ListItem\",\"position\":1,\"name\":\"Anasayfa\",\"item\":\"https:\/\/ankadanismanlikltd.com\/en\/\"},{\"@type\":\"ListItem\",\"position\":2,\"name\":\"Hakk\u0131m\u0131zda\"}]},{\"@type\":\"WebSite\",\"@id\":\"https:\/\/ankadanismanlikltd.com\/en\/#website\",\"url\":\"https:\/\/ankadanismanlikltd.com\/en\/\",\"name\":\"Anka Dan\u0131\u015fmanl\u0131k\",\"description\":\"\",\"publisher\":{\"@id\":\"https:\/\/ankadanismanlikltd.com\/en\/#organization\"},\"potentialAction\":[{\"@type\":\"SearchAction\",\"target\":{\"@type\":\"EntryPoint\",\"urlTemplate\":\"https:\/\/ankadanismanlikltd.com\/en\/?s={search_term_string}\"},\"query-input\":{\"@type\":\"PropertyValueSpecification\",\"valueRequired\":true,\"valueName\":\"search_term_string\"}}],\"inLanguage\":\"en-US\"},{\"@type\":\"Organization\",\"@id\":\"https:\/\/ankadanismanlikltd.com\/en\/#organization\",\"name\":\"ANKA Dan\u0131\u015fmanl\u0131k\",\"url\":\"https:\/\/ankadanismanlikltd.com\/en\/\",\"logo\":{\"@type\":\"ImageObject\",\"inLanguage\":\"en-US\",\"@id\":\"https:\/\/ankadanismanlikltd.com\/en\/#\/schema\/logo\/image\/\",\"url\":\"https:\/\/ankadanismanlikltd.com\/wp-content\/uploads\/2025\/03\/yeni-logo.jpg\",\"contentUrl\":\"https:\/\/ankadanismanlikltd.com\/wp-content\/uploads\/2025\/03\/yeni-logo.jpg\",\"width\":623,\"height\":630,\"caption\":\"ANKA Dan\u0131\u015fmanl\u0131k\"},\"image\":{\"@id\":\"https:\/\/ankadanismanlikltd.com\/en\/#\/schema\/logo\/image\/\"},\"sameAs\":[\"https:\/\/www.facebook.com\/ankadanismanlik\",\"https:\/\/x.com\/ankaconsultancy\",\"https:\/\/www.linkedin.com\/company\/ankadanismanlik\",\"https:\/\/www.youtube.com\/@ANKADanmanlk.official\",\"https:\/\/www.instagram.com\/ankadanismanlik.tr?igsh=MXZ6OXMyd3k2MW5zbA&utm_source=qr\"]}]}<\/script>\n<!-- \/ Yoast SEO plugin. -->","yoast_head_json":{"title":"Hakk\u0131m\u0131zda - Anka Dan\u0131\u015fmanl\u0131k","robots":{"index":"index","follow":"follow","max-snippet":"max-snippet:-1","max-image-preview":"max-image-preview:large","max-video-preview":"max-video-preview:-1"},"canonical":"https:\/\/ankadanismanlikltd.com\/en\/hakkimizda\/","og_locale":"en_US","og_type":"article","og_title":"Hakk\u0131m\u0131zda - Anka Dan\u0131\u015fmanl\u0131k","og_description":"Anka Dan\u0131\u015fmanl\u0131k olarak teknik dan\u0131\u015fmanl\u0131k, teknik kontrol, g\u00f6zetim ve m\u00fchendislik hizmetleriyle ba\u015flad\u0131\u011f\u0131m\u0131z sekt\u00f6r tecr\u00fcbemizde riski azaltmaya, y\u00f6netimi kolayla\u015ft\u0131rmaya, kurulu\u015funuzun g\u00fcven ve itibar\u0131n\u0131 y\u00fckseltmeye ve daha s\u00fcrd\u00fcr\u00fclebilir bir \u00e7al\u0131\u015fma ortam\u0131 olu\u015fturman\u0131za yard\u0131mc\u0131 olacak kaliteli ve global hizmetler sunmak i\u00e7in sizlerle i\u015fbirli\u011fi yap\u0131yoruz.Anka Dan\u0131\u015fmanl\u0131k olarak amac\u0131m\u0131z; ihtiya\u00e7lar\u0131n\u0131z\u0131 ve beklentilerinizi derinlemesine analiz etmek, kapsaml\u0131 denetim mekanizmas\u0131 olu\u015fturmak, belgelendirme, e\u011fitim ve teknik \u00e7\u00f6z\u00fcmler yelpazemizle T\u00fcrkiye\u2019nin her yerinde d\u00fcnya standartlar\u0131nda hizmet sunman\u0131za yard\u0131mc\u0131 olmakt\u0131r. E\u011fitmenlerimiz,[&hellip;]","og_url":"https:\/\/ankadanismanlikltd.com\/en\/hakkimizda\/","og_site_name":"Anka Dan\u0131\u015fmanl\u0131k","article_publisher":"https:\/\/www.facebook.com\/ankadanismanlik","article_modified_time":"2024-10-06T19:26:36+00:00","twitter_card":"summary_large_image","twitter_site":"@ankaconsultancy","twitter_misc":{"Est. reading time":"2 minutes"},"schema":{"@context":"https:\/\/schema.org","@graph":[{"@type":"WebPage","@id":"https:\/\/ankadanismanlikltd.com\/en\/hakkimizda\/","url":"https:\/\/ankadanismanlikltd.com\/en\/hakkimizda\/","name":"Hakk\u0131m\u0131zda - Anka Dan\u0131\u015fmanl\u0131k","isPartOf":{"@id":"https:\/\/ankadanismanlikltd.com\/en\/#website"},"datePublished":"2024-09-21T13:07:56+00:00","dateModified":"2024-10-06T19:26:36+00:00","breadcrumb":{"@id":"https:\/\/ankadanismanlikltd.com\/en\/hakkimizda\/#breadcrumb"},"inLanguage":"en-US","potentialAction":[{"@type":"ReadAction","target":["https:\/\/ankadanismanlikltd.com\/en\/hakkimizda\/"]}]},{"@type":"BreadcrumbList","@id":"https:\/\/ankadanismanlikltd.com\/en\/hakkimizda\/#breadcrumb","itemListElement":[{"@type":"ListItem","position":1,"name":"Anasayfa","item":"https:\/\/ankadanismanlikltd.com\/en\/"},{"@type":"ListItem","position":2,"name":"Hakk\u0131m\u0131zda"}]},{"@type":"WebSite","@id":"https:\/\/ankadanismanlikltd.com\/en\/#website","url":"https:\/\/ankadanismanlikltd.com\/en\/","name":"Anka Dan\u0131\u015fmanl\u0131k","description":"","publisher":{"@id":"https:\/\/ankadanismanlikltd.com\/en\/#organization"},"potentialAction":[{"@type":"SearchAction","target":{"@type":"EntryPoint","urlTemplate":"https:\/\/ankadanismanlikltd.com\/en\/?s={search_term_string}"},"query-input":{"@type":"PropertyValueSpecification","valueRequired":true,"valueName":"search_term_string"}}],"inLanguage":"en-US"},{"@type":"Organization","@id":"https:\/\/ankadanismanlikltd.com\/en\/#organization","name":"ANKA Dan\u0131\u015fmanl\u0131k","url":"https:\/\/ankadanismanlikltd.com\/en\/","logo":{"@type":"ImageObject","inLanguage":"en-US","@id":"https:\/\/ankadanismanlikltd.com\/en\/#\/schema\/logo\/image\/","url":"https:\/\/ankadanismanlikltd.com\/wp-content\/uploads\/2025\/03\/yeni-logo.jpg","contentUrl":"https:\/\/ankadanismanlikltd.com\/wp-content\/uploads\/2025\/03\/yeni-logo.jpg","width":623,"height":630,"caption":"ANKA Dan\u0131\u015fmanl\u0131k"},"image":{"@id":"https:\/\/ankadanismanlikltd.com\/en\/#\/schema\/logo\/image\/"},"sameAs":["https:\/\/www.facebook.com\/ankadanismanlik","https:\/\/x.com\/ankaconsultancy","https:\/\/www.linkedin.com\/company\/ankadanismanlik","https:\/\/www.youtube.com\/@ANKADanmanlk.official","https:\/\/www.instagram.com\/ankadanismanlik.tr?igsh=MXZ6OXMyd3k2MW5zbA&utm_source=qr"]}]}},"_links":{"self":[{"href":"http:\/\/ankadanismanlikltd.com\/en\/wp-json\/wp\/v2\/pages\/274","targetHints":{"allow":["GET"]}}],"collection":[{"href":"http:\/\/ankadanismanlikltd.com\/en\/wp-json\/wp\/v2\/pages"}],"about":[{"href":"http:\/\/ankadanismanlikltd.com\/en\/wp-json\/wp\/v2\/types\/page"}],"author":[{"embeddable":true,"href":"http:\/\/ankadanismanlikltd.com\/en\/wp-json\/wp\/v2\/users\/1"}],"replies":[{"embeddable":true,"href":"http:\/\/ankadanismanlikltd.com\/en\/wp-json\/wp\/v2\/comments?post=274"}],"version-history":[{"count":4,"href":"http:\/\/ankadanismanlikltd.com\/en\/wp-json\/wp\/v2\/pages\/274\/revisions"}],"predecessor-version":[{"id":660,"href":"http:\/\/ankadanismanlikltd.com\/en\/wp-json\/wp\/v2\/pages\/274\/revisions\/660"}],"wp:attachment":[{"href":"http:\/\/ankadanismanlikltd.com\/en\/wp-json\/wp\/v2\/media?parent=274"}],"curies":[{"name":"wp","href":"https:\/\/api.w.org\/{rel}","templated":true}]}}