{"id":297,"date":"2024-09-21T13:54:25","date_gmt":"2024-09-21T13:54:25","guid":{"rendered":"https:\/\/ankadanismanlikltd.com\/?page_id=297"},"modified":"2024-09-22T11:51:31","modified_gmt":"2024-09-22T11:51:31","slug":"ce-urun-belgelendirme","status":"publish","type":"page","link":"http:\/\/ankadanismanlikltd.com\/en\/ce-urun-belgelendirme\/","title":{"rendered":"CE Product Certification"},"content":{"rendered":"<p><strong>CE Certificate<\/strong><\/p>\n<p>Every advertisement and promotion is important in the chain between production and consumption. If this promotion and advertisement will be worldwide\u00a0<strong>CE Certificate\u00a0<\/strong>The product, which goes through many stages until it reaches the packaging stage, is symbolized with the CE passport in order to be accepted worldwide.<\/p>\n<p><strong>What is CE Certificate?<\/strong><\/p>\n<p>Within the rules adopted by the European Union\u00a0<strong>ce certificate\u00a0<\/strong>It is a document that reflects that the quality of every product sold in European and world countries must be at a minimum standard. The CE certificate and symbol indicate that the product and company are reliable both in world countries and in European Union countries.<\/p>\n<p>This document, which is meaningful for the producer and the consumer, is in our country.\u00a0<strong>European standard document<\/strong>\u00a0It is given under the name. Our company, which is one of the relevant institutions included in the European Union laws, is also authorized for the CE certificate. The pricing policy of our company, which is accredited by the European Union, is also extremely suitable. Many products whose conformity is proven by our company are given a CE certificate for 1, 3 or 5 years.<\/p>\n<p><strong>Who can obtain the CE Certificate?<\/strong><\/p>\n<p>With the CE certificate, the products of companies that have gained prestige not only in Europe but also worldwide (industrial, food, textile, machinery, electrical, electronic, medical, automotive etc.) do not have any market problems. Those who want to obtain this certificate individually or commercially should apply to our company. Our company evaluates it with the principle of being effective, competent and impartial in this field and gives the deserved CE certificate to the relevant company.<\/p>\n<p><strong>How to Obtain CE Certificate?<\/strong><\/p>\n<p>In order to obtain a CE certificate, you must first apply to our company, which is one of the companies that provide this service. The documents required for the application are available on our company's website. It is also worth noting that information on the subject is also provided online.<\/p>\n<p>Our company conducts sample product tests and inspections. The product, which is examined by professional teams in a scientific laboratory environment with the principle of complete impartiality, is documented if it is suitable for sale on the market. This document is mandatory during import to Europe.<\/p>\n<p><strong>What is the abbreviation and meaning of CE Certificate?<\/strong><\/p>\n<p>The CE certificate, known as Comformite Europeene and meaning conformity to European standards, is symbolized as CE, the abbreviation of the initials of Comformite Europeene. Every product with this mark, which is a product passport, is of high quality, fresh and durable.<\/p>","protected":false},"excerpt":{"rendered":"<p>CE Belgesi \u00dcretim ve t\u00fcketim aras\u0131ndaki zincirde her reklam ve tan\u0131t\u0131m \u00f6nemlidir. Bu tan\u0131t\u0131m ve reklam d\u00fcnya genelinde olacak ise\u00a0CE belgesi\u00a0ile belgelendirmek gerekir. \u00a0Paketleme a\u015famas\u0131na gelene dek bir\u00e7ok a\u015famadan ge\u00e7en \u00fcr\u00fcn d\u00fcnyada kabul g\u00f6rmek i\u00e7in CE ge\u00e7i\u015f pasaportu ile simgelendirilir. CE Belgesi Nedir? Avrupa birli\u011finin alm\u0131\u015f oldu\u011fu kurallar i\u00e7erisinde yer alan\u00a0CE sertifikas\u0131\u00a0Avrupa ve d\u00fcnya \u00fclkelerde sat\u0131\u015f\u0131 yap\u0131lan her \u00fcr\u00fcn\u00fcn kalitesinin asgari standartta olmas\u0131 gerekti\u011fini yans\u0131tan belgedir. CE belgesi ve simgesi[&hellip;]<\/p>","protected":false},"author":1,"featured_media":0,"parent":0,"menu_order":0,"comment_status":"closed","ping_status":"closed","template":"","meta":{"_acf_changed":false,"footnotes":""},"class_list":["post-297","page","type-page","status-publish","hentry"],"acf":[],"yoast_head":"<!-- This site is optimized with the Yoast SEO plugin v25.9 - https:\/\/yoast.com\/wordpress\/plugins\/seo\/ -->\n<title>CE \u00dcr\u00fcn Belgelendirme - Anka Dan\u0131\u015fmanl\u0131k<\/title>\n<meta name=\"robots\" content=\"index, follow, max-snippet:-1, max-image-preview:large, max-video-preview:-1\" \/>\n<link rel=\"canonical\" href=\"http:\/\/ankadanismanlikltd.com\/en\/ce-urun-belgelendirme\/\" \/>\n<meta property=\"og:locale\" content=\"en_US\" \/>\n<meta property=\"og:type\" content=\"article\" \/>\n<meta property=\"og:title\" content=\"CE \u00dcr\u00fcn Belgelendirme - Anka Dan\u0131\u015fmanl\u0131k\" \/>\n<meta property=\"og:description\" content=\"CE Belgesi \u00dcretim ve t\u00fcketim aras\u0131ndaki zincirde her reklam ve tan\u0131t\u0131m \u00f6nemlidir. Bu tan\u0131t\u0131m ve reklam d\u00fcnya genelinde olacak ise\u00a0CE belgesi\u00a0ile belgelendirmek gerekir. \u00a0Paketleme a\u015famas\u0131na gelene dek bir\u00e7ok a\u015famadan ge\u00e7en \u00fcr\u00fcn d\u00fcnyada kabul g\u00f6rmek i\u00e7in CE ge\u00e7i\u015f pasaportu ile simgelendirilir. CE Belgesi Nedir? Avrupa birli\u011finin alm\u0131\u015f oldu\u011fu kurallar i\u00e7erisinde yer alan\u00a0CE sertifikas\u0131\u00a0Avrupa ve d\u00fcnya \u00fclkelerde sat\u0131\u015f\u0131 yap\u0131lan her \u00fcr\u00fcn\u00fcn kalitesinin asgari standartta olmas\u0131 gerekti\u011fini yans\u0131tan belgedir. CE belgesi ve simgesi[&hellip;]\" \/>\n<meta property=\"og:url\" content=\"http:\/\/ankadanismanlikltd.com\/en\/ce-urun-belgelendirme\/\" \/>\n<meta property=\"og:site_name\" content=\"Anka Dan\u0131\u015fmanl\u0131k\" \/>\n<meta property=\"article:publisher\" content=\"https:\/\/www.facebook.com\/ankadanismanlik\" \/>\n<meta property=\"article:modified_time\" content=\"2024-09-22T11:51:31+00:00\" \/>\n<meta name=\"twitter:card\" content=\"summary_large_image\" \/>\n<meta name=\"twitter:site\" content=\"@ankaconsultancy\" \/>\n<meta name=\"twitter:label1\" content=\"Est. reading time\" \/>\n\t<meta name=\"twitter:data1\" content=\"2 minutes\" \/>\n<script type=\"application\/ld+json\" class=\"yoast-schema-graph\">{\"@context\":\"https:\/\/schema.org\",\"@graph\":[{\"@type\":\"WebPage\",\"@id\":\"http:\/\/ankadanismanlikltd.com\/ce-urun-belgelendirme\/\",\"url\":\"http:\/\/ankadanismanlikltd.com\/ce-urun-belgelendirme\/\",\"name\":\"CE \u00dcr\u00fcn Belgelendirme - Anka Dan\u0131\u015fmanl\u0131k\",\"isPartOf\":{\"@id\":\"https:\/\/ankadanismanlikltd.com\/en\/#website\"},\"datePublished\":\"2024-09-21T13:54:25+00:00\",\"dateModified\":\"2024-09-22T11:51:31+00:00\",\"breadcrumb\":{\"@id\":\"http:\/\/ankadanismanlikltd.com\/ce-urun-belgelendirme\/#breadcrumb\"},\"inLanguage\":\"en-US\",\"potentialAction\":[{\"@type\":\"ReadAction\",\"target\":[\"http:\/\/ankadanismanlikltd.com\/ce-urun-belgelendirme\/\"]}]},{\"@type\":\"BreadcrumbList\",\"@id\":\"http:\/\/ankadanismanlikltd.com\/ce-urun-belgelendirme\/#breadcrumb\",\"itemListElement\":[{\"@type\":\"ListItem\",\"position\":1,\"name\":\"Anasayfa\",\"item\":\"https:\/\/ankadanismanlikltd.com\/en\/\"},{\"@type\":\"ListItem\",\"position\":2,\"name\":\"CE \u00dcr\u00fcn Belgelendirme\"}]},{\"@type\":\"WebSite\",\"@id\":\"https:\/\/ankadanismanlikltd.com\/en\/#website\",\"url\":\"https:\/\/ankadanismanlikltd.com\/en\/\",\"name\":\"Anka Dan\u0131\u015fmanl\u0131k\",\"description\":\"\",\"publisher\":{\"@id\":\"https:\/\/ankadanismanlikltd.com\/en\/#organization\"},\"potentialAction\":[{\"@type\":\"SearchAction\",\"target\":{\"@type\":\"EntryPoint\",\"urlTemplate\":\"https:\/\/ankadanismanlikltd.com\/en\/?s={search_term_string}\"},\"query-input\":{\"@type\":\"PropertyValueSpecification\",\"valueRequired\":true,\"valueName\":\"search_term_string\"}}],\"inLanguage\":\"en-US\"},{\"@type\":\"Organization\",\"@id\":\"https:\/\/ankadanismanlikltd.com\/en\/#organization\",\"name\":\"ANKA Dan\u0131\u015fmanl\u0131k\",\"url\":\"https:\/\/ankadanismanlikltd.com\/en\/\",\"logo\":{\"@type\":\"ImageObject\",\"inLanguage\":\"en-US\",\"@id\":\"https:\/\/ankadanismanlikltd.com\/en\/#\/schema\/logo\/image\/\",\"url\":\"https:\/\/ankadanismanlikltd.com\/wp-content\/uploads\/2025\/03\/yeni-logo.jpg\",\"contentUrl\":\"https:\/\/ankadanismanlikltd.com\/wp-content\/uploads\/2025\/03\/yeni-logo.jpg\",\"width\":623,\"height\":630,\"caption\":\"ANKA Dan\u0131\u015fmanl\u0131k\"},\"image\":{\"@id\":\"https:\/\/ankadanismanlikltd.com\/en\/#\/schema\/logo\/image\/\"},\"sameAs\":[\"https:\/\/www.facebook.com\/ankadanismanlik\",\"https:\/\/x.com\/ankaconsultancy\",\"https:\/\/www.linkedin.com\/company\/ankadanismanlik\",\"https:\/\/www.youtube.com\/@ANKADanmanlk.official\",\"https:\/\/www.instagram.com\/ankadanismanlik.tr?igsh=MXZ6OXMyd3k2MW5zbA&utm_source=qr\"]}]}<\/script>\n<!-- \/ Yoast SEO plugin. -->","yoast_head_json":{"title":"CE \u00dcr\u00fcn Belgelendirme - Anka Dan\u0131\u015fmanl\u0131k","robots":{"index":"index","follow":"follow","max-snippet":"max-snippet:-1","max-image-preview":"max-image-preview:large","max-video-preview":"max-video-preview:-1"},"canonical":"http:\/\/ankadanismanlikltd.com\/en\/ce-urun-belgelendirme\/","og_locale":"en_US","og_type":"article","og_title":"CE \u00dcr\u00fcn Belgelendirme - Anka Dan\u0131\u015fmanl\u0131k","og_description":"CE Belgesi \u00dcretim ve t\u00fcketim aras\u0131ndaki zincirde her reklam ve tan\u0131t\u0131m \u00f6nemlidir. Bu tan\u0131t\u0131m ve reklam d\u00fcnya genelinde olacak ise\u00a0CE belgesi\u00a0ile belgelendirmek gerekir. \u00a0Paketleme a\u015famas\u0131na gelene dek bir\u00e7ok a\u015famadan ge\u00e7en \u00fcr\u00fcn d\u00fcnyada kabul g\u00f6rmek i\u00e7in CE ge\u00e7i\u015f pasaportu ile simgelendirilir. CE Belgesi Nedir? Avrupa birli\u011finin alm\u0131\u015f oldu\u011fu kurallar i\u00e7erisinde yer alan\u00a0CE sertifikas\u0131\u00a0Avrupa ve d\u00fcnya \u00fclkelerde sat\u0131\u015f\u0131 yap\u0131lan her \u00fcr\u00fcn\u00fcn kalitesinin asgari standartta olmas\u0131 gerekti\u011fini yans\u0131tan belgedir. CE belgesi ve simgesi[&hellip;]","og_url":"http:\/\/ankadanismanlikltd.com\/en\/ce-urun-belgelendirme\/","og_site_name":"Anka Dan\u0131\u015fmanl\u0131k","article_publisher":"https:\/\/www.facebook.com\/ankadanismanlik","article_modified_time":"2024-09-22T11:51:31+00:00","twitter_card":"summary_large_image","twitter_site":"@ankaconsultancy","twitter_misc":{"Est. reading time":"2 minutes"},"schema":{"@context":"https:\/\/schema.org","@graph":[{"@type":"WebPage","@id":"http:\/\/ankadanismanlikltd.com\/ce-urun-belgelendirme\/","url":"http:\/\/ankadanismanlikltd.com\/ce-urun-belgelendirme\/","name":"CE \u00dcr\u00fcn Belgelendirme - Anka Dan\u0131\u015fmanl\u0131k","isPartOf":{"@id":"https:\/\/ankadanismanlikltd.com\/en\/#website"},"datePublished":"2024-09-21T13:54:25+00:00","dateModified":"2024-09-22T11:51:31+00:00","breadcrumb":{"@id":"http:\/\/ankadanismanlikltd.com\/ce-urun-belgelendirme\/#breadcrumb"},"inLanguage":"en-US","potentialAction":[{"@type":"ReadAction","target":["http:\/\/ankadanismanlikltd.com\/ce-urun-belgelendirme\/"]}]},{"@type":"BreadcrumbList","@id":"http:\/\/ankadanismanlikltd.com\/ce-urun-belgelendirme\/#breadcrumb","itemListElement":[{"@type":"ListItem","position":1,"name":"Anasayfa","item":"https:\/\/ankadanismanlikltd.com\/en\/"},{"@type":"ListItem","position":2,"name":"CE \u00dcr\u00fcn Belgelendirme"}]},{"@type":"WebSite","@id":"https:\/\/ankadanismanlikltd.com\/en\/#website","url":"https:\/\/ankadanismanlikltd.com\/en\/","name":"Anka Dan\u0131\u015fmanl\u0131k","description":"","publisher":{"@id":"https:\/\/ankadanismanlikltd.com\/en\/#organization"},"potentialAction":[{"@type":"SearchAction","target":{"@type":"EntryPoint","urlTemplate":"https:\/\/ankadanismanlikltd.com\/en\/?s={search_term_string}"},"query-input":{"@type":"PropertyValueSpecification","valueRequired":true,"valueName":"search_term_string"}}],"inLanguage":"en-US"},{"@type":"Organization","@id":"https:\/\/ankadanismanlikltd.com\/en\/#organization","name":"ANKA Dan\u0131\u015fmanl\u0131k","url":"https:\/\/ankadanismanlikltd.com\/en\/","logo":{"@type":"ImageObject","inLanguage":"en-US","@id":"https:\/\/ankadanismanlikltd.com\/en\/#\/schema\/logo\/image\/","url":"https:\/\/ankadanismanlikltd.com\/wp-content\/uploads\/2025\/03\/yeni-logo.jpg","contentUrl":"https:\/\/ankadanismanlikltd.com\/wp-content\/uploads\/2025\/03\/yeni-logo.jpg","width":623,"height":630,"caption":"ANKA Dan\u0131\u015fmanl\u0131k"},"image":{"@id":"https:\/\/ankadanismanlikltd.com\/en\/#\/schema\/logo\/image\/"},"sameAs":["https:\/\/www.facebook.com\/ankadanismanlik","https:\/\/x.com\/ankaconsultancy","https:\/\/www.linkedin.com\/company\/ankadanismanlik","https:\/\/www.youtube.com\/@ANKADanmanlk.official","https:\/\/www.instagram.com\/ankadanismanlik.tr?igsh=MXZ6OXMyd3k2MW5zbA&utm_source=qr"]}]}},"_links":{"self":[{"href":"http:\/\/ankadanismanlikltd.com\/en\/wp-json\/wp\/v2\/pages\/297","targetHints":{"allow":["GET"]}}],"collection":[{"href":"http:\/\/ankadanismanlikltd.com\/en\/wp-json\/wp\/v2\/pages"}],"about":[{"href":"http:\/\/ankadanismanlikltd.com\/en\/wp-json\/wp\/v2\/types\/page"}],"author":[{"embeddable":true,"href":"http:\/\/ankadanismanlikltd.com\/en\/wp-json\/wp\/v2\/users\/1"}],"replies":[{"embeddable":true,"href":"http:\/\/ankadanismanlikltd.com\/en\/wp-json\/wp\/v2\/comments?post=297"}],"version-history":[{"count":3,"href":"http:\/\/ankadanismanlikltd.com\/en\/wp-json\/wp\/v2\/pages\/297\/revisions"}],"predecessor-version":[{"id":454,"href":"http:\/\/ankadanismanlikltd.com\/en\/wp-json\/wp\/v2\/pages\/297\/revisions\/454"}],"wp:attachment":[{"href":"http:\/\/ankadanismanlikltd.com\/en\/wp-json\/wp\/v2\/media?parent=297"}],"curies":[{"name":"wp","href":"https:\/\/api.w.org\/{rel}","templated":true}]}}