{"id":298,"date":"2024-09-21T13:54:21","date_gmt":"2024-09-21T13:54:21","guid":{"rendered":"https:\/\/ankadanismanlikltd.com\/?page_id=298"},"modified":"2024-10-14T17:06:13","modified_gmt":"2024-10-14T17:06:13","slug":"sistem-belgelendirme","status":"publish","type":"page","link":"http:\/\/ankadanismanlikltd.com\/en\/sistem-belgelendirme\/","title":{"rendered":"System Certification"},"content":{"rendered":"<p>System certification is a process that verifies that an organization meets a certain standard in terms of quality, environment, occupational health and safety, food safety, information security, etc. This certification aims to verify the quality of an organization's management system, not the products.<\/p>\n<p>Anka Consulting offers a wide range of consultancy services in the field of management systems certification. Our system certification consultancy activities include the management systems listed below:<\/p>\n<p style=\"text-align: left;\"><a href=\"https:\/\/ankadanismanlikltd.com\/en\/iso-9001-kalite-yonetim-sistemi\/\">ISO 9001 Quality Management System<\/a><\/p>\n<p style=\"text-align: left;\"><a href=\"https:\/\/ankadanismanlikltd.com\/en\/iso-14001-cevre-yonetim-sistemi\/\">ISO 14001 Environmental Management System<\/a><\/p>\n<p style=\"text-align: left;\"><a href=\"https:\/\/ankadanismanlikltd.com\/en\/iso-22000-gida-guvenligi-yonetim-sistemi\/\">ISO 22000 Food Safety Management System<\/a><\/p>\n<p style=\"text-align: left;\"><a href=\"https:\/\/ankadanismanlikltd.com\/en\/iso-27001-bilgi-guvenligi-yonetim-sistemi\/\">ISO 27001 Information Security Management System<\/a><\/p>\n<p style=\"text-align: left;\"><a href=\"https:\/\/ankadanismanlikltd.com\/en\/iso-27701-kisisel-verilerin-yonetim-sistemi\/\">ISO 27701 Personal Data Management System<\/a><\/p>\n<p style=\"text-align: left;\"><a href=\"https:\/\/ankadanismanlikltd.com\/en\/iso-45001-is-sagligi-ve-guvenligi-yonetim-sistemi\/\">ISO 45001 Occupational Health and Safety Management System<\/a><\/p>\n<p style=\"text-align: left;\"><a href=\"https:\/\/ankadanismanlikltd.com\/en\/iso-50001-enerji-yonetim-sistemi\/\">ISO 50001 Energy Management System<\/a><\/p>\n<p style=\"text-align: left;\"><a href=\"https:\/\/ankadanismanlikltd.com\/en\/iso-10002-musteri-memnuniyeti-yonetim-sistemi\/\">ISO 10002 Customer Satisfaction Management System<\/a><\/p>\n<p style=\"text-align: left;\"><a href=\"https:\/\/ankadanismanlikltd.com\/en\/iso-20000-1-bilgi-teknolojileri-hizmet-yonetim-sistemi\/\">ISO 20000-1 Information Technologies Service Management System<\/a><\/p>\n<p style=\"text-align: left;\"><a href=\"https:\/\/ankadanismanlikltd.com\/en\/iso-20252-pazar-kamuoyu-ve-sosyal-arastirma-yonetim-sistemi\/\">ISO 20252 Market, Public Opinion and Social Research Management System<\/a><\/p>\n<p style=\"text-align: left;\"><a href=\"https:\/\/ankadanismanlikltd.com\/en\/iso-22301-toplumsal-guvenlik-ve-is-surekliligi-yonetim-sistemi\/\">ISO 22301 Social Security and Business Continuity Management System<\/a><\/p>\n<p style=\"text-align: left;\"><a href=\"https:\/\/ankadanismanlikltd.com\/en\/iso-28000-tedarik-zinciri-guvenligi-yonetim-sistemi\/\">ISO 28000 Supply Chain Security Management System<\/a><\/p>\n<p style=\"text-align: left;\"><a href=\"https:\/\/ankadanismanlikltd.com\/en\/iso-37001-yolsuzlukla-mucadele-yonetim-sistemi\/\">ISO 37001 Anti-Corruption Management System<\/a><\/p>\n<p style=\"text-align: left;\"><a href=\"https:\/\/ankadanismanlikltd.com\/en\/iso-13485-tibbi-cihazlar-icin-kalite-yonetim-sistemi\/\">ISO 13485 Quality Management System for Medical Devices<\/a><\/p>\n<p style=\"text-align: left;\"><a href=\"https:\/\/ankadanismanlikltd.com\/en\/ce-isareti\/\">CE Marking<\/a><\/p>\n<p style=\"text-align: left;\"><a href=\"https:\/\/ankadanismanlikltd.com\/en\/helal-gida\/\">Halal Food<\/a><\/p>","protected":false},"excerpt":{"rendered":"<p>Sistem belgelendirme, bir organizasyonun kalite, \u00e7evre, i\u015f sa\u011fl\u0131\u011f\u0131 ve g\u00fcvenli\u011fi, g\u0131da g\u00fcvenli\u011fi, bilgi g\u00fcvenli\u011fi gibi konularda belirli bir standard\u0131 yerine getirdi\u011fini do\u011frulayan bir s\u00fcre\u00e7tir. Bu belgelendirme, \u00fcr\u00fcnlerin de\u011fil, bir organizasyonun y\u00f6netim sisteminin kalitesini do\u011frulamay\u0131 ama\u00e7lar. Anka Dan\u0131\u015fmanl\u0131k, y\u00f6netim sistemleri belgelendirmesi alan\u0131nda geni\u015f bir yelpazede dan\u0131\u015fmanl\u0131k hizmeti sunmaktad\u0131r. Sistem belgelendirme dan\u0131\u015fmanl\u0131k faaliyetlerimiz a\u015fa\u011f\u0131da s\u0131ralanan y\u00f6netim sistemlerini i\u00e7ermektedir: ISO 9001 Kalite Y\u00f6netim Sistemi ISO 14001 \u00c7evre Y\u00f6netim Sistemi ISO 22000 G\u0131da G\u00fcvenli\u011fi[&hellip;]<\/p>","protected":false},"author":1,"featured_media":0,"parent":0,"menu_order":0,"comment_status":"closed","ping_status":"closed","template":"","meta":{"_acf_changed":false,"footnotes":""},"class_list":["post-298","page","type-page","status-publish","hentry"],"acf":[],"yoast_head":"<!-- This site is optimized with the Yoast SEO plugin v25.9 - https:\/\/yoast.com\/wordpress\/plugins\/seo\/ -->\n<title>Sistem Belgelendirme - Anka Dan\u0131\u015fmanl\u0131k<\/title>\n<meta name=\"robots\" content=\"index, follow, max-snippet:-1, max-image-preview:large, max-video-preview:-1\" \/>\n<link rel=\"canonical\" href=\"https:\/\/ankadanismanlikltd.com\/en\/sistem-belgelendirme\/\" \/>\n<meta property=\"og:locale\" content=\"en_US\" \/>\n<meta property=\"og:type\" content=\"article\" \/>\n<meta property=\"og:title\" content=\"Sistem Belgelendirme - Anka Dan\u0131\u015fmanl\u0131k\" \/>\n<meta property=\"og:description\" content=\"Sistem belgelendirme, bir organizasyonun kalite, \u00e7evre, i\u015f sa\u011fl\u0131\u011f\u0131 ve g\u00fcvenli\u011fi, g\u0131da g\u00fcvenli\u011fi, bilgi g\u00fcvenli\u011fi gibi konularda belirli bir standard\u0131 yerine getirdi\u011fini do\u011frulayan bir s\u00fcre\u00e7tir. Bu belgelendirme, \u00fcr\u00fcnlerin de\u011fil, bir organizasyonun y\u00f6netim sisteminin kalitesini do\u011frulamay\u0131 ama\u00e7lar. Anka Dan\u0131\u015fmanl\u0131k, y\u00f6netim sistemleri belgelendirmesi alan\u0131nda geni\u015f bir yelpazede dan\u0131\u015fmanl\u0131k hizmeti sunmaktad\u0131r. Sistem belgelendirme dan\u0131\u015fmanl\u0131k faaliyetlerimiz a\u015fa\u011f\u0131da s\u0131ralanan y\u00f6netim sistemlerini i\u00e7ermektedir: ISO 9001 Kalite Y\u00f6netim Sistemi ISO 14001 \u00c7evre Y\u00f6netim Sistemi ISO 22000 G\u0131da G\u00fcvenli\u011fi[&hellip;]\" \/>\n<meta property=\"og:url\" content=\"https:\/\/ankadanismanlikltd.com\/en\/sistem-belgelendirme\/\" \/>\n<meta property=\"og:site_name\" content=\"Anka Dan\u0131\u015fmanl\u0131k\" \/>\n<meta property=\"article:publisher\" content=\"https:\/\/www.facebook.com\/ankadanismanlik\" \/>\n<meta property=\"article:modified_time\" content=\"2024-10-14T17:06:13+00:00\" \/>\n<meta name=\"twitter:card\" content=\"summary_large_image\" \/>\n<meta name=\"twitter:site\" content=\"@ankaconsultancy\" \/>\n<meta name=\"twitter:label1\" content=\"Est. reading time\" \/>\n\t<meta name=\"twitter:data1\" content=\"1 minute\" \/>\n<script type=\"application\/ld+json\" class=\"yoast-schema-graph\">{\"@context\":\"https:\/\/schema.org\",\"@graph\":[{\"@type\":\"WebPage\",\"@id\":\"https:\/\/ankadanismanlikltd.com\/en\/sistem-belgelendirme\/\",\"url\":\"https:\/\/ankadanismanlikltd.com\/en\/sistem-belgelendirme\/\",\"name\":\"Sistem Belgelendirme - Anka Dan\u0131\u015fmanl\u0131k\",\"isPartOf\":{\"@id\":\"http:\/\/ankadanismanlikltd.com\/en\/#website\"},\"datePublished\":\"2024-09-21T13:54:21+00:00\",\"dateModified\":\"2024-10-14T17:06:13+00:00\",\"breadcrumb\":{\"@id\":\"https:\/\/ankadanismanlikltd.com\/en\/sistem-belgelendirme\/#breadcrumb\"},\"inLanguage\":\"en-US\",\"potentialAction\":[{\"@type\":\"ReadAction\",\"target\":[\"https:\/\/ankadanismanlikltd.com\/en\/sistem-belgelendirme\/\"]}]},{\"@type\":\"BreadcrumbList\",\"@id\":\"https:\/\/ankadanismanlikltd.com\/en\/sistem-belgelendirme\/#breadcrumb\",\"itemListElement\":[{\"@type\":\"ListItem\",\"position\":1,\"name\":\"Anasayfa\",\"item\":\"http:\/\/ankadanismanlikltd.com\/en\/\"},{\"@type\":\"ListItem\",\"position\":2,\"name\":\"Sistem Belgelendirme\"}]},{\"@type\":\"WebSite\",\"@id\":\"http:\/\/ankadanismanlikltd.com\/en\/#website\",\"url\":\"http:\/\/ankadanismanlikltd.com\/en\/\",\"name\":\"Anka Dan\u0131\u015fmanl\u0131k\",\"description\":\"\",\"publisher\":{\"@id\":\"http:\/\/ankadanismanlikltd.com\/en\/#organization\"},\"potentialAction\":[{\"@type\":\"SearchAction\",\"target\":{\"@type\":\"EntryPoint\",\"urlTemplate\":\"http:\/\/ankadanismanlikltd.com\/en\/?s={search_term_string}\"},\"query-input\":{\"@type\":\"PropertyValueSpecification\",\"valueRequired\":true,\"valueName\":\"search_term_string\"}}],\"inLanguage\":\"en-US\"},{\"@type\":\"Organization\",\"@id\":\"http:\/\/ankadanismanlikltd.com\/en\/#organization\",\"name\":\"ANKA Dan\u0131\u015fmanl\u0131k\",\"url\":\"http:\/\/ankadanismanlikltd.com\/en\/\",\"logo\":{\"@type\":\"ImageObject\",\"inLanguage\":\"en-US\",\"@id\":\"http:\/\/ankadanismanlikltd.com\/en\/#\/schema\/logo\/image\/\",\"url\":\"https:\/\/ankadanismanlikltd.com\/wp-content\/uploads\/2025\/03\/yeni-logo.jpg\",\"contentUrl\":\"https:\/\/ankadanismanlikltd.com\/wp-content\/uploads\/2025\/03\/yeni-logo.jpg\",\"width\":623,\"height\":630,\"caption\":\"ANKA Dan\u0131\u015fmanl\u0131k\"},\"image\":{\"@id\":\"http:\/\/ankadanismanlikltd.com\/en\/#\/schema\/logo\/image\/\"},\"sameAs\":[\"https:\/\/www.facebook.com\/ankadanismanlik\",\"https:\/\/x.com\/ankaconsultancy\",\"https:\/\/www.linkedin.com\/company\/ankadanismanlik\",\"https:\/\/www.youtube.com\/@ANKADanmanlk.official\",\"https:\/\/www.instagram.com\/ankadanismanlik.tr?igsh=MXZ6OXMyd3k2MW5zbA&utm_source=qr\"]}]}<\/script>\n<!-- \/ Yoast SEO plugin. -->","yoast_head_json":{"title":"Sistem Belgelendirme - Anka Dan\u0131\u015fmanl\u0131k","robots":{"index":"index","follow":"follow","max-snippet":"max-snippet:-1","max-image-preview":"max-image-preview:large","max-video-preview":"max-video-preview:-1"},"canonical":"https:\/\/ankadanismanlikltd.com\/en\/sistem-belgelendirme\/","og_locale":"en_US","og_type":"article","og_title":"Sistem Belgelendirme - Anka Dan\u0131\u015fmanl\u0131k","og_description":"Sistem belgelendirme, bir organizasyonun kalite, \u00e7evre, i\u015f sa\u011fl\u0131\u011f\u0131 ve g\u00fcvenli\u011fi, g\u0131da g\u00fcvenli\u011fi, bilgi g\u00fcvenli\u011fi gibi konularda belirli bir standard\u0131 yerine getirdi\u011fini do\u011frulayan bir s\u00fcre\u00e7tir. Bu belgelendirme, \u00fcr\u00fcnlerin de\u011fil, bir organizasyonun y\u00f6netim sisteminin kalitesini do\u011frulamay\u0131 ama\u00e7lar. Anka Dan\u0131\u015fmanl\u0131k, y\u00f6netim sistemleri belgelendirmesi alan\u0131nda geni\u015f bir yelpazede dan\u0131\u015fmanl\u0131k hizmeti sunmaktad\u0131r. Sistem belgelendirme dan\u0131\u015fmanl\u0131k faaliyetlerimiz a\u015fa\u011f\u0131da s\u0131ralanan y\u00f6netim sistemlerini i\u00e7ermektedir: ISO 9001 Kalite Y\u00f6netim Sistemi ISO 14001 \u00c7evre Y\u00f6netim Sistemi ISO 22000 G\u0131da G\u00fcvenli\u011fi[&hellip;]","og_url":"https:\/\/ankadanismanlikltd.com\/en\/sistem-belgelendirme\/","og_site_name":"Anka Dan\u0131\u015fmanl\u0131k","article_publisher":"https:\/\/www.facebook.com\/ankadanismanlik","article_modified_time":"2024-10-14T17:06:13+00:00","twitter_card":"summary_large_image","twitter_site":"@ankaconsultancy","twitter_misc":{"Est. reading time":"1 minute"},"schema":{"@context":"https:\/\/schema.org","@graph":[{"@type":"WebPage","@id":"https:\/\/ankadanismanlikltd.com\/en\/sistem-belgelendirme\/","url":"https:\/\/ankadanismanlikltd.com\/en\/sistem-belgelendirme\/","name":"Sistem Belgelendirme - Anka Dan\u0131\u015fmanl\u0131k","isPartOf":{"@id":"http:\/\/ankadanismanlikltd.com\/en\/#website"},"datePublished":"2024-09-21T13:54:21+00:00","dateModified":"2024-10-14T17:06:13+00:00","breadcrumb":{"@id":"https:\/\/ankadanismanlikltd.com\/en\/sistem-belgelendirme\/#breadcrumb"},"inLanguage":"en-US","potentialAction":[{"@type":"ReadAction","target":["https:\/\/ankadanismanlikltd.com\/en\/sistem-belgelendirme\/"]}]},{"@type":"BreadcrumbList","@id":"https:\/\/ankadanismanlikltd.com\/en\/sistem-belgelendirme\/#breadcrumb","itemListElement":[{"@type":"ListItem","position":1,"name":"Anasayfa","item":"http:\/\/ankadanismanlikltd.com\/en\/"},{"@type":"ListItem","position":2,"name":"Sistem Belgelendirme"}]},{"@type":"WebSite","@id":"http:\/\/ankadanismanlikltd.com\/en\/#website","url":"http:\/\/ankadanismanlikltd.com\/en\/","name":"Anka Dan\u0131\u015fmanl\u0131k","description":"","publisher":{"@id":"http:\/\/ankadanismanlikltd.com\/en\/#organization"},"potentialAction":[{"@type":"SearchAction","target":{"@type":"EntryPoint","urlTemplate":"http:\/\/ankadanismanlikltd.com\/en\/?s={search_term_string}"},"query-input":{"@type":"PropertyValueSpecification","valueRequired":true,"valueName":"search_term_string"}}],"inLanguage":"en-US"},{"@type":"Organization","@id":"http:\/\/ankadanismanlikltd.com\/en\/#organization","name":"ANKA Dan\u0131\u015fmanl\u0131k","url":"http:\/\/ankadanismanlikltd.com\/en\/","logo":{"@type":"ImageObject","inLanguage":"en-US","@id":"http:\/\/ankadanismanlikltd.com\/en\/#\/schema\/logo\/image\/","url":"https:\/\/ankadanismanlikltd.com\/wp-content\/uploads\/2025\/03\/yeni-logo.jpg","contentUrl":"https:\/\/ankadanismanlikltd.com\/wp-content\/uploads\/2025\/03\/yeni-logo.jpg","width":623,"height":630,"caption":"ANKA Dan\u0131\u015fmanl\u0131k"},"image":{"@id":"http:\/\/ankadanismanlikltd.com\/en\/#\/schema\/logo\/image\/"},"sameAs":["https:\/\/www.facebook.com\/ankadanismanlik","https:\/\/x.com\/ankaconsultancy","https:\/\/www.linkedin.com\/company\/ankadanismanlik","https:\/\/www.youtube.com\/@ANKADanmanlk.official","https:\/\/www.instagram.com\/ankadanismanlik.tr?igsh=MXZ6OXMyd3k2MW5zbA&utm_source=qr"]}]}},"_links":{"self":[{"href":"http:\/\/ankadanismanlikltd.com\/en\/wp-json\/wp\/v2\/pages\/298","targetHints":{"allow":["GET"]}}],"collection":[{"href":"http:\/\/ankadanismanlikltd.com\/en\/wp-json\/wp\/v2\/pages"}],"about":[{"href":"http:\/\/ankadanismanlikltd.com\/en\/wp-json\/wp\/v2\/types\/page"}],"author":[{"embeddable":true,"href":"http:\/\/ankadanismanlikltd.com\/en\/wp-json\/wp\/v2\/users\/1"}],"replies":[{"embeddable":true,"href":"http:\/\/ankadanismanlikltd.com\/en\/wp-json\/wp\/v2\/comments?post=298"}],"version-history":[{"count":8,"href":"http:\/\/ankadanismanlikltd.com\/en\/wp-json\/wp\/v2\/pages\/298\/revisions"}],"predecessor-version":[{"id":750,"href":"http:\/\/ankadanismanlikltd.com\/en\/wp-json\/wp\/v2\/pages\/298\/revisions\/750"}],"wp:attachment":[{"href":"http:\/\/ankadanismanlikltd.com\/en\/wp-json\/wp\/v2\/media?parent=298"}],"curies":[{"name":"wp","href":"https:\/\/api.w.org\/{rel}","templated":true}]}}