{"id":301,"date":"2024-09-21T13:54:17","date_gmt":"2024-09-21T13:54:17","guid":{"rendered":"https:\/\/ankadanismanlikltd.com\/?page_id=301"},"modified":"2024-10-13T10:25:32","modified_gmt":"2024-10-13T10:25:32","slug":"marka-patent-faydali-model-tasarim-kurumsal-kimlik","status":"publish","type":"page","link":"http:\/\/ankadanismanlikltd.com\/en\/marka-patent-faydali-model-tasarim-kurumsal-kimlik\/","title":{"rendered":"Trademark Patent Utility Model Design Corporate Identity"},"content":{"rendered":"<div class=\"wpb_text_column wpb_content_element\">\n<div class=\"wpb_wrapper\">\n<p><strong>Domestic Trademark Registration Certificate<\/strong><\/p>\n<p>Trademark registration is any sign that distinguishes the goods or services of one company from the goods or services of another company, such as a person's name, words, shapes, letters, numbers, etc. Trademark registration \"A brand can be registered together with goods or packaging.<\/p>\n<p>In this case, registration of the goods or packaging does not give the trademark owner exclusive rights over the goods or packaging. The use of different elements together without any change is considered as the use of the trademark right. Registered trademarks can be transferred, inherited, licensed for use, pledged and guaranteed.<\/p>\n<p><strong>What is Trademark Registration?<\/strong><\/p>\n<p>It is called registration of brands, numbers, words, names, logos or combinations of these in order to distinguish your company's products and services from the products and services of others. You can apply for the name you want to register according to the category or class from this trademark registration application page.<\/p>\n<p>Ara\u015ft\u0131rma yapt\u0131\u011f\u0131n\u0131z sekt\u00f6r\u00fcn ayn\u0131 isimde tescilli markas\u0131 varsa o ismi tescil ettiremezsiniz. Farkl\u0131 bir isimde sorgu \u00e7al\u0131\u015ft\u0131rabilece\u011finiz gibi, i\u015finizle ilgili farkl\u0131 bir s\u0131n\u0131fta ayn\u0131 isimde ba\u015fka bir sorgu \u00e7al\u0131\u015ft\u0131rabilirsiniz.<\/p>\n<p><strong>Tescil Sertifikas\u0131n\u0131 Nas\u0131l Alabilirim?<\/strong><\/p>\n<p>Marka ba\u015fvurunuzu g\u00f6nderdikten sonra marka uzmanlar\u0131ndan olu\u015fan ekibimiz ba\u015fvurunuzu inceleyecek ve en k\u0131sa s\u00fcrede size geri d\u00f6n\u00fc\u015f yapacakt\u0131r. Ba\u015fvurunuzda her \u015fey yolunda giderse, ticari marka temsilcimiz taraf\u0131ndan talep edilen do\u011fru ve eksiksiz belgeleri sa\u011flayarak resmi olarak bir ticari marka ba\u015fvurusunda bulunabilirsiniz.<\/p>\n<p>After you officially become a brand owner, all rights to the name belong to you or your company for 10 years. After that, no agency or person can use your brand without your permission. Gathering products and services under a registered name provides a large and reliable brand presence.<\/p>\n<p>By managing pricing policies, you can ensure that products and services sold in different locations are priced the same. This is one of the elements that increases customer satisfaction. No customer wants the same product at a different price.<\/p>\n<p><strong>Stages of the Trademark Registration Process<\/strong><\/p>\n<p>Trademark registration requires an application procedure that takes approximately 8-12 months at the Turkish Patent Institute. After the trademark registration application is made, it is examined by responsible experts for eight months and the trademark is published. Trademark registration is a two-stage process. Fees are paid in the first application stage, and registration fees are paid in the second stage.<\/p>\n<p>Your brand will be protected in your name for 10 years from the date of registration with the Turkish Patent Institute. After you have protected your brand, you have the right to transfer it to another company. If you want to use the signs again after 10 years, you must update the signs. If you cannot renew, other companies can take your brand, which you cherish like a child you raised, from you.<\/p>\n<p>Unless this brand patent and registration is registered as a brand by the Turkish Patent Institute, it does not benefit from brand protection even if the trade name and company name are registered according to different laws. \u201cBrand Registration\u201d or \u201cTrademark Registration\u201d is the primary way to prevent the use of identical or confusingly similar names, logos\/shapes and\/or distinctive signs.<\/p>\n<\/div>\n<\/div>\n\n\n<p><\/p>","protected":false},"excerpt":{"rendered":"<p>Yurti\u00e7i Marka Tescil Belgesi Marka tescili, bir \u015firketin mal veya hizmetlerini ba\u015fka bir \u015firketin mal veya hizmetlerinden ay\u0131rt etmeye yarayan, ki\u015finin ad\u0131, s\u00f6zc\u00fckleri, \u015fekilleri, harfleri, say\u0131lar\u0131 vb. gibi her t\u00fcrl\u00fc i\u015farettir. Marka tescili \u201cBir marka, mal veya ambalajla birlikte tescil edilebilir. Bu durumda mal veya ambalaj\u0131n tescili, marka sahibine mal veya ambalaj \u00fczerinde m\u00fcnhas\u0131r haklar vermez. Farkl\u0131 unsurlar\u0131n de\u011fi\u015ftirilmeden bir arada kullan\u0131lmas\u0131,\u00a0marka hakk\u0131\u00a0kullan\u0131m\u0131 olarak kabul edilir. Tescilli ticari markalar devredilebilir,[&hellip;]<\/p>","protected":false},"author":1,"featured_media":0,"parent":0,"menu_order":0,"comment_status":"closed","ping_status":"closed","template":"","meta":{"_acf_changed":false,"footnotes":""},"class_list":["post-301","page","type-page","status-publish","hentry"],"acf":[],"yoast_head":"<!-- This site is optimized with the Yoast SEO plugin v25.9 - https:\/\/yoast.com\/wordpress\/plugins\/seo\/ -->\n<title>Marka Patent Faydal\u0131 Model Tasar\u0131m Kurumsal Kimlik - Anka Dan\u0131\u015fmanl\u0131k<\/title>\n<meta name=\"robots\" content=\"index, follow, max-snippet:-1, max-image-preview:large, max-video-preview:-1\" \/>\n<link rel=\"canonical\" href=\"http:\/\/ankadanismanlikltd.com\/en\/marka-patent-faydali-model-tasarim-kurumsal-kimlik\/\" \/>\n<meta property=\"og:locale\" content=\"en_US\" \/>\n<meta property=\"og:type\" content=\"article\" \/>\n<meta property=\"og:title\" content=\"Marka Patent Faydal\u0131 Model Tasar\u0131m Kurumsal Kimlik - Anka Dan\u0131\u015fmanl\u0131k\" \/>\n<meta property=\"og:description\" content=\"Yurti\u00e7i Marka Tescil Belgesi Marka tescili, bir \u015firketin mal veya hizmetlerini ba\u015fka bir \u015firketin mal veya hizmetlerinden ay\u0131rt etmeye yarayan, ki\u015finin ad\u0131, s\u00f6zc\u00fckleri, \u015fekilleri, harfleri, say\u0131lar\u0131 vb. gibi her t\u00fcrl\u00fc i\u015farettir. Marka tescili \u201cBir marka, mal veya ambalajla birlikte tescil edilebilir. Bu durumda mal veya ambalaj\u0131n tescili, marka sahibine mal veya ambalaj \u00fczerinde m\u00fcnhas\u0131r haklar vermez. Farkl\u0131 unsurlar\u0131n de\u011fi\u015ftirilmeden bir arada kullan\u0131lmas\u0131,\u00a0marka hakk\u0131\u00a0kullan\u0131m\u0131 olarak kabul edilir. Tescilli ticari markalar devredilebilir,[&hellip;]\" \/>\n<meta property=\"og:url\" content=\"http:\/\/ankadanismanlikltd.com\/en\/marka-patent-faydali-model-tasarim-kurumsal-kimlik\/\" \/>\n<meta property=\"og:site_name\" content=\"Anka Dan\u0131\u015fmanl\u0131k\" \/>\n<meta property=\"article:publisher\" content=\"https:\/\/www.facebook.com\/ankadanismanlik\" \/>\n<meta property=\"article:modified_time\" content=\"2024-10-13T10:25:32+00:00\" \/>\n<meta name=\"twitter:card\" content=\"summary_large_image\" \/>\n<meta name=\"twitter:site\" content=\"@ankaconsultancy\" \/>\n<meta name=\"twitter:label1\" content=\"Est. reading time\" \/>\n\t<meta name=\"twitter:data1\" content=\"3 minutes\" \/>\n<script type=\"application\/ld+json\" class=\"yoast-schema-graph\">{\"@context\":\"https:\/\/schema.org\",\"@graph\":[{\"@type\":\"WebPage\",\"@id\":\"http:\/\/ankadanismanlikltd.com\/en\/marka-patent-faydali-model-tasarim-kurumsal-kimlik\/\",\"url\":\"http:\/\/ankadanismanlikltd.com\/en\/marka-patent-faydali-model-tasarim-kurumsal-kimlik\/\",\"name\":\"Marka Patent Faydal\u0131 Model Tasar\u0131m Kurumsal Kimlik - Anka Dan\u0131\u015fmanl\u0131k\",\"isPartOf\":{\"@id\":\"http:\/\/ankadanismanlikltd.com\/en\/#website\"},\"datePublished\":\"2024-09-21T13:54:17+00:00\",\"dateModified\":\"2024-10-13T10:25:32+00:00\",\"breadcrumb\":{\"@id\":\"http:\/\/ankadanismanlikltd.com\/en\/marka-patent-faydali-model-tasarim-kurumsal-kimlik\/#breadcrumb\"},\"inLanguage\":\"en-US\",\"potentialAction\":[{\"@type\":\"ReadAction\",\"target\":[\"http:\/\/ankadanismanlikltd.com\/en\/marka-patent-faydali-model-tasarim-kurumsal-kimlik\/\"]}]},{\"@type\":\"BreadcrumbList\",\"@id\":\"http:\/\/ankadanismanlikltd.com\/en\/marka-patent-faydali-model-tasarim-kurumsal-kimlik\/#breadcrumb\",\"itemListElement\":[{\"@type\":\"ListItem\",\"position\":1,\"name\":\"Anasayfa\",\"item\":\"http:\/\/ankadanismanlikltd.com\/en\/\"},{\"@type\":\"ListItem\",\"position\":2,\"name\":\"Marka Patent Faydal\u0131 Model Tasar\u0131m Kurumsal Kimlik\"}]},{\"@type\":\"WebSite\",\"@id\":\"http:\/\/ankadanismanlikltd.com\/en\/#website\",\"url\":\"http:\/\/ankadanismanlikltd.com\/en\/\",\"name\":\"Anka Dan\u0131\u015fmanl\u0131k\",\"description\":\"\",\"publisher\":{\"@id\":\"http:\/\/ankadanismanlikltd.com\/en\/#organization\"},\"potentialAction\":[{\"@type\":\"SearchAction\",\"target\":{\"@type\":\"EntryPoint\",\"urlTemplate\":\"http:\/\/ankadanismanlikltd.com\/en\/?s={search_term_string}\"},\"query-input\":{\"@type\":\"PropertyValueSpecification\",\"valueRequired\":true,\"valueName\":\"search_term_string\"}}],\"inLanguage\":\"en-US\"},{\"@type\":\"Organization\",\"@id\":\"http:\/\/ankadanismanlikltd.com\/en\/#organization\",\"name\":\"ANKA Dan\u0131\u015fmanl\u0131k\",\"url\":\"http:\/\/ankadanismanlikltd.com\/en\/\",\"logo\":{\"@type\":\"ImageObject\",\"inLanguage\":\"en-US\",\"@id\":\"http:\/\/ankadanismanlikltd.com\/en\/#\/schema\/logo\/image\/\",\"url\":\"https:\/\/ankadanismanlikltd.com\/wp-content\/uploads\/2025\/03\/yeni-logo.jpg\",\"contentUrl\":\"https:\/\/ankadanismanlikltd.com\/wp-content\/uploads\/2025\/03\/yeni-logo.jpg\",\"width\":623,\"height\":630,\"caption\":\"ANKA Dan\u0131\u015fmanl\u0131k\"},\"image\":{\"@id\":\"http:\/\/ankadanismanlikltd.com\/en\/#\/schema\/logo\/image\/\"},\"sameAs\":[\"https:\/\/www.facebook.com\/ankadanismanlik\",\"https:\/\/x.com\/ankaconsultancy\",\"https:\/\/www.linkedin.com\/company\/ankadanismanlik\",\"https:\/\/www.youtube.com\/@ANKADanmanlk.official\",\"https:\/\/www.instagram.com\/ankadanismanlik.tr?igsh=MXZ6OXMyd3k2MW5zbA&utm_source=qr\"]}]}<\/script>\n<!-- \/ Yoast SEO plugin. -->","yoast_head_json":{"title":"Marka Patent Faydal\u0131 Model Tasar\u0131m Kurumsal Kimlik - Anka Dan\u0131\u015fmanl\u0131k","robots":{"index":"index","follow":"follow","max-snippet":"max-snippet:-1","max-image-preview":"max-image-preview:large","max-video-preview":"max-video-preview:-1"},"canonical":"http:\/\/ankadanismanlikltd.com\/en\/marka-patent-faydali-model-tasarim-kurumsal-kimlik\/","og_locale":"en_US","og_type":"article","og_title":"Marka Patent Faydal\u0131 Model Tasar\u0131m Kurumsal Kimlik - Anka Dan\u0131\u015fmanl\u0131k","og_description":"Yurti\u00e7i Marka Tescil Belgesi Marka tescili, bir \u015firketin mal veya hizmetlerini ba\u015fka bir \u015firketin mal veya hizmetlerinden ay\u0131rt etmeye yarayan, ki\u015finin ad\u0131, s\u00f6zc\u00fckleri, \u015fekilleri, harfleri, say\u0131lar\u0131 vb. gibi her t\u00fcrl\u00fc i\u015farettir. Marka tescili \u201cBir marka, mal veya ambalajla birlikte tescil edilebilir. Bu durumda mal veya ambalaj\u0131n tescili, marka sahibine mal veya ambalaj \u00fczerinde m\u00fcnhas\u0131r haklar vermez. Farkl\u0131 unsurlar\u0131n de\u011fi\u015ftirilmeden bir arada kullan\u0131lmas\u0131,\u00a0marka hakk\u0131\u00a0kullan\u0131m\u0131 olarak kabul edilir. Tescilli ticari markalar devredilebilir,[&hellip;]","og_url":"http:\/\/ankadanismanlikltd.com\/en\/marka-patent-faydali-model-tasarim-kurumsal-kimlik\/","og_site_name":"Anka Dan\u0131\u015fmanl\u0131k","article_publisher":"https:\/\/www.facebook.com\/ankadanismanlik","article_modified_time":"2024-10-13T10:25:32+00:00","twitter_card":"summary_large_image","twitter_site":"@ankaconsultancy","twitter_misc":{"Est. reading time":"3 minutes"},"schema":{"@context":"https:\/\/schema.org","@graph":[{"@type":"WebPage","@id":"http:\/\/ankadanismanlikltd.com\/en\/marka-patent-faydali-model-tasarim-kurumsal-kimlik\/","url":"http:\/\/ankadanismanlikltd.com\/en\/marka-patent-faydali-model-tasarim-kurumsal-kimlik\/","name":"Marka Patent Faydal\u0131 Model Tasar\u0131m Kurumsal Kimlik - Anka Dan\u0131\u015fmanl\u0131k","isPartOf":{"@id":"http:\/\/ankadanismanlikltd.com\/en\/#website"},"datePublished":"2024-09-21T13:54:17+00:00","dateModified":"2024-10-13T10:25:32+00:00","breadcrumb":{"@id":"http:\/\/ankadanismanlikltd.com\/en\/marka-patent-faydali-model-tasarim-kurumsal-kimlik\/#breadcrumb"},"inLanguage":"en-US","potentialAction":[{"@type":"ReadAction","target":["http:\/\/ankadanismanlikltd.com\/en\/marka-patent-faydali-model-tasarim-kurumsal-kimlik\/"]}]},{"@type":"BreadcrumbList","@id":"http:\/\/ankadanismanlikltd.com\/en\/marka-patent-faydali-model-tasarim-kurumsal-kimlik\/#breadcrumb","itemListElement":[{"@type":"ListItem","position":1,"name":"Anasayfa","item":"http:\/\/ankadanismanlikltd.com\/en\/"},{"@type":"ListItem","position":2,"name":"Marka Patent Faydal\u0131 Model Tasar\u0131m Kurumsal Kimlik"}]},{"@type":"WebSite","@id":"http:\/\/ankadanismanlikltd.com\/en\/#website","url":"http:\/\/ankadanismanlikltd.com\/en\/","name":"Anka Dan\u0131\u015fmanl\u0131k","description":"","publisher":{"@id":"http:\/\/ankadanismanlikltd.com\/en\/#organization"},"potentialAction":[{"@type":"SearchAction","target":{"@type":"EntryPoint","urlTemplate":"http:\/\/ankadanismanlikltd.com\/en\/?s={search_term_string}"},"query-input":{"@type":"PropertyValueSpecification","valueRequired":true,"valueName":"search_term_string"}}],"inLanguage":"en-US"},{"@type":"Organization","@id":"http:\/\/ankadanismanlikltd.com\/en\/#organization","name":"ANKA Dan\u0131\u015fmanl\u0131k","url":"http:\/\/ankadanismanlikltd.com\/en\/","logo":{"@type":"ImageObject","inLanguage":"en-US","@id":"http:\/\/ankadanismanlikltd.com\/en\/#\/schema\/logo\/image\/","url":"https:\/\/ankadanismanlikltd.com\/wp-content\/uploads\/2025\/03\/yeni-logo.jpg","contentUrl":"https:\/\/ankadanismanlikltd.com\/wp-content\/uploads\/2025\/03\/yeni-logo.jpg","width":623,"height":630,"caption":"ANKA Dan\u0131\u015fmanl\u0131k"},"image":{"@id":"http:\/\/ankadanismanlikltd.com\/en\/#\/schema\/logo\/image\/"},"sameAs":["https:\/\/www.facebook.com\/ankadanismanlik","https:\/\/x.com\/ankaconsultancy","https:\/\/www.linkedin.com\/company\/ankadanismanlik","https:\/\/www.youtube.com\/@ANKADanmanlk.official","https:\/\/www.instagram.com\/ankadanismanlik.tr?igsh=MXZ6OXMyd3k2MW5zbA&utm_source=qr"]}]}},"_links":{"self":[{"href":"http:\/\/ankadanismanlikltd.com\/en\/wp-json\/wp\/v2\/pages\/301","targetHints":{"allow":["GET"]}}],"collection":[{"href":"http:\/\/ankadanismanlikltd.com\/en\/wp-json\/wp\/v2\/pages"}],"about":[{"href":"http:\/\/ankadanismanlikltd.com\/en\/wp-json\/wp\/v2\/types\/page"}],"author":[{"embeddable":true,"href":"http:\/\/ankadanismanlikltd.com\/en\/wp-json\/wp\/v2\/users\/1"}],"replies":[{"embeddable":true,"href":"http:\/\/ankadanismanlikltd.com\/en\/wp-json\/wp\/v2\/comments?post=301"}],"version-history":[{"count":3,"href":"http:\/\/ankadanismanlikltd.com\/en\/wp-json\/wp\/v2\/pages\/301\/revisions"}],"predecessor-version":[{"id":719,"href":"http:\/\/ankadanismanlikltd.com\/en\/wp-json\/wp\/v2\/pages\/301\/revisions\/719"}],"wp:attachment":[{"href":"http:\/\/ankadanismanlikltd.com\/en\/wp-json\/wp\/v2\/media?parent=301"}],"curies":[{"name":"wp","href":"https:\/\/api.w.org\/{rel}","templated":true}]}}