{"id":322,"date":"2024-09-21T14:05:12","date_gmt":"2024-09-21T14:05:12","guid":{"rendered":"https:\/\/ankadanismanlikltd.com\/?page_id=322"},"modified":"2024-09-22T12:03:35","modified_gmt":"2024-09-22T12:03:35","slug":"inovasyon-destekleri","status":"publish","type":"page","link":"http:\/\/ankadanismanlikltd.com\/en\/arge-merkezi-proje-yonetimi\/inovasyon-destekleri\/","title":{"rendered":"Innovation Supports"},"content":{"rendered":"<p>Innovation support includes a variety of programs, policies, and resources that a country or region offers to promote innovation and technological development. Innovation support generally aims to support innovative projects by companies, entrepreneurs, research organizations, and universities. Here are the commonly offered innovation support:<\/p>\n<p><strong>Financial Supports:<\/strong> Financial supports such as grant programs, repayable or non-repayable loans, venture capital investments and tax deductions can be offered to finance innovative projects.<\/p>\n<p><strong>R&amp;D and Innovation Centers:<\/strong> R&amp;D and innovation centers provide resources such as infrastructure, laboratory facilities, consultancy services and training programs for the development of innovative projects.<\/p>\n<p><strong>Technology Transfer Supports:<\/strong> Support is provided to encourage technology transfer between universities, research organizations and companies. This includes activities such as patent licensing, technology acquisition, cooperation agreements and technology parks.<\/p>\n<p><strong>Training and Talent Development:<\/strong> Innovation supports provide training programs and talent development activities to encourage innovative thinking and entrepreneurial skills.<\/p>\n<p><strong>Innovative Business Supports:<\/strong> A range of support is provided to help start, grow and develop innovative businesses. This includes resources such as incubation centres, accelerator programmes, consultancy services and marketing support.<\/p>\n<p><strong>National and International Cooperation:<\/strong> Innovation support encourages cooperation and joint projects at national and international levels. This includes areas such as knowledge sharing, joint R&amp;D projects, technology transfer and access to international markets.<\/p>\n<p>Innovation supports are generally designed in line with the economic development strategies and R&amp;D policies of a country or region. These supports strengthen the innovation ecosystem, increase competitiveness and support sustainable economic growth.<\/p>","protected":false},"excerpt":{"rendered":"<p>\u0130novasyon destekleri, bir \u00fclkenin veya b\u00f6lgenin yenilik\u00e7ilik ve teknolojik geli\u015fimi te\u015fvik etmek i\u00e7in sundu\u011fu \u00e7e\u015fitli programlar, politikalar ve kaynaklar i\u00e7erir. \u0130novasyon destekleri, genellikle \u015firketlerin, giri\u015fimcilerin, ara\u015ft\u0131rma kurulu\u015flar\u0131n\u0131n ve \u00fcniversitelerin yenilik\u00e7i projelerini desteklemeyi ama\u00e7lar. \u0130\u015fte yayg\u0131n olarak sunulan inovasyon destekleri: Mali Destekler: \u0130novatif projelerin finansman\u0131 i\u00e7in hibe programlar\u0131, geri \u00f6demeli veya geri \u00f6demesiz krediler, risk sermayesi yat\u0131r\u0131mlar\u0131 ve vergi indirimleri gibi mali destekler sunulabilir. Ar-Ge ve \u0130novasyon Merkezleri: Ar-Ge ve inovasyon[&hellip;]<\/p>","protected":false},"author":1,"featured_media":0,"parent":325,"menu_order":0,"comment_status":"closed","ping_status":"closed","template":"","meta":{"_acf_changed":false,"footnotes":""},"class_list":["post-322","page","type-page","status-publish","hentry"],"acf":[],"yoast_head":"<!-- This site is optimized with the Yoast SEO plugin v25.9 - https:\/\/yoast.com\/wordpress\/plugins\/seo\/ -->\n<title>\u0130novasyon Destekleri - Anka Dan\u0131\u015fmanl\u0131k<\/title>\n<meta name=\"robots\" content=\"index, follow, max-snippet:-1, max-image-preview:large, max-video-preview:-1\" \/>\n<link rel=\"canonical\" href=\"https:\/\/ankadanismanlikltd.com\/en\/arge-merkezi-proje-yonetimi\/inovasyon-destekleri\/\" \/>\n<meta property=\"og:locale\" content=\"en_US\" \/>\n<meta property=\"og:type\" content=\"article\" \/>\n<meta property=\"og:title\" content=\"\u0130novasyon Destekleri - Anka Dan\u0131\u015fmanl\u0131k\" \/>\n<meta property=\"og:description\" content=\"\u0130novasyon destekleri, bir \u00fclkenin veya b\u00f6lgenin yenilik\u00e7ilik ve teknolojik geli\u015fimi te\u015fvik etmek i\u00e7in sundu\u011fu \u00e7e\u015fitli programlar, politikalar ve kaynaklar i\u00e7erir. \u0130novasyon destekleri, genellikle \u015firketlerin, giri\u015fimcilerin, ara\u015ft\u0131rma kurulu\u015flar\u0131n\u0131n ve \u00fcniversitelerin yenilik\u00e7i projelerini desteklemeyi ama\u00e7lar. \u0130\u015fte yayg\u0131n olarak sunulan inovasyon destekleri: Mali Destekler: \u0130novatif projelerin finansman\u0131 i\u00e7in hibe programlar\u0131, geri \u00f6demeli veya geri \u00f6demesiz krediler, risk sermayesi yat\u0131r\u0131mlar\u0131 ve vergi indirimleri gibi mali destekler sunulabilir. Ar-Ge ve \u0130novasyon Merkezleri: Ar-Ge ve inovasyon[&hellip;]\" \/>\n<meta property=\"og:url\" content=\"https:\/\/ankadanismanlikltd.com\/en\/arge-merkezi-proje-yonetimi\/inovasyon-destekleri\/\" \/>\n<meta property=\"og:site_name\" content=\"Anka Dan\u0131\u015fmanl\u0131k\" \/>\n<meta property=\"article:publisher\" content=\"https:\/\/www.facebook.com\/ankadanismanlik\" \/>\n<meta property=\"article:modified_time\" content=\"2024-09-22T12:03:35+00:00\" \/>\n<meta name=\"twitter:card\" content=\"summary_large_image\" \/>\n<meta name=\"twitter:site\" content=\"@ankaconsultancy\" \/>\n<meta name=\"twitter:label1\" content=\"Est. reading time\" \/>\n\t<meta name=\"twitter:data1\" content=\"2 minutes\" \/>\n<script type=\"application\/ld+json\" class=\"yoast-schema-graph\">{\"@context\":\"https:\/\/schema.org\",\"@graph\":[{\"@type\":\"WebPage\",\"@id\":\"https:\/\/ankadanismanlikltd.com\/en\/arge-merkezi-proje-yonetimi\/inovasyon-destekleri\/\",\"url\":\"https:\/\/ankadanismanlikltd.com\/en\/arge-merkezi-proje-yonetimi\/inovasyon-destekleri\/\",\"name\":\"\u0130novasyon Destekleri - Anka Dan\u0131\u015fmanl\u0131k\",\"isPartOf\":{\"@id\":\"https:\/\/ankadanismanlikltd.com\/en\/#website\"},\"datePublished\":\"2024-09-21T14:05:12+00:00\",\"dateModified\":\"2024-09-22T12:03:35+00:00\",\"breadcrumb\":{\"@id\":\"https:\/\/ankadanismanlikltd.com\/en\/arge-merkezi-proje-yonetimi\/inovasyon-destekleri\/#breadcrumb\"},\"inLanguage\":\"en-US\",\"potentialAction\":[{\"@type\":\"ReadAction\",\"target\":[\"https:\/\/ankadanismanlikltd.com\/en\/arge-merkezi-proje-yonetimi\/inovasyon-destekleri\/\"]}]},{\"@type\":\"BreadcrumbList\",\"@id\":\"https:\/\/ankadanismanlikltd.com\/en\/arge-merkezi-proje-yonetimi\/inovasyon-destekleri\/#breadcrumb\",\"itemListElement\":[{\"@type\":\"ListItem\",\"position\":1,\"name\":\"Anasayfa\",\"item\":\"https:\/\/ankadanismanlikltd.com\/en\/\"},{\"@type\":\"ListItem\",\"position\":2,\"name\":\"Arge Merkezi Proje Y\u00f6netimi\",\"item\":\"https:\/\/ankadanismanlikltd.com\/en\/arge-merkezi-proje-yonetimi\/\"},{\"@type\":\"ListItem\",\"position\":3,\"name\":\"\u0130novasyon Destekleri\"}]},{\"@type\":\"WebSite\",\"@id\":\"https:\/\/ankadanismanlikltd.com\/en\/#website\",\"url\":\"https:\/\/ankadanismanlikltd.com\/en\/\",\"name\":\"Anka Dan\u0131\u015fmanl\u0131k\",\"description\":\"\",\"publisher\":{\"@id\":\"https:\/\/ankadanismanlikltd.com\/en\/#organization\"},\"potentialAction\":[{\"@type\":\"SearchAction\",\"target\":{\"@type\":\"EntryPoint\",\"urlTemplate\":\"https:\/\/ankadanismanlikltd.com\/en\/?s={search_term_string}\"},\"query-input\":{\"@type\":\"PropertyValueSpecification\",\"valueRequired\":true,\"valueName\":\"search_term_string\"}}],\"inLanguage\":\"en-US\"},{\"@type\":\"Organization\",\"@id\":\"https:\/\/ankadanismanlikltd.com\/en\/#organization\",\"name\":\"ANKA Dan\u0131\u015fmanl\u0131k\",\"url\":\"https:\/\/ankadanismanlikltd.com\/en\/\",\"logo\":{\"@type\":\"ImageObject\",\"inLanguage\":\"en-US\",\"@id\":\"https:\/\/ankadanismanlikltd.com\/en\/#\/schema\/logo\/image\/\",\"url\":\"https:\/\/ankadanismanlikltd.com\/wp-content\/uploads\/2025\/03\/yeni-logo.jpg\",\"contentUrl\":\"https:\/\/ankadanismanlikltd.com\/wp-content\/uploads\/2025\/03\/yeni-logo.jpg\",\"width\":623,\"height\":630,\"caption\":\"ANKA Dan\u0131\u015fmanl\u0131k\"},\"image\":{\"@id\":\"https:\/\/ankadanismanlikltd.com\/en\/#\/schema\/logo\/image\/\"},\"sameAs\":[\"https:\/\/www.facebook.com\/ankadanismanlik\",\"https:\/\/x.com\/ankaconsultancy\",\"https:\/\/www.linkedin.com\/company\/ankadanismanlik\",\"https:\/\/www.youtube.com\/@ANKADanmanlk.official\",\"https:\/\/www.instagram.com\/ankadanismanlik.tr?igsh=MXZ6OXMyd3k2MW5zbA&utm_source=qr\"]}]}<\/script>\n<!-- \/ Yoast SEO plugin. -->","yoast_head_json":{"title":"\u0130novasyon Destekleri - Anka Dan\u0131\u015fmanl\u0131k","robots":{"index":"index","follow":"follow","max-snippet":"max-snippet:-1","max-image-preview":"max-image-preview:large","max-video-preview":"max-video-preview:-1"},"canonical":"https:\/\/ankadanismanlikltd.com\/en\/arge-merkezi-proje-yonetimi\/inovasyon-destekleri\/","og_locale":"en_US","og_type":"article","og_title":"\u0130novasyon Destekleri - Anka Dan\u0131\u015fmanl\u0131k","og_description":"\u0130novasyon destekleri, bir \u00fclkenin veya b\u00f6lgenin yenilik\u00e7ilik ve teknolojik geli\u015fimi te\u015fvik etmek i\u00e7in sundu\u011fu \u00e7e\u015fitli programlar, politikalar ve kaynaklar i\u00e7erir. \u0130novasyon destekleri, genellikle \u015firketlerin, giri\u015fimcilerin, ara\u015ft\u0131rma kurulu\u015flar\u0131n\u0131n ve \u00fcniversitelerin yenilik\u00e7i projelerini desteklemeyi ama\u00e7lar. \u0130\u015fte yayg\u0131n olarak sunulan inovasyon destekleri: Mali Destekler: \u0130novatif projelerin finansman\u0131 i\u00e7in hibe programlar\u0131, geri \u00f6demeli veya geri \u00f6demesiz krediler, risk sermayesi yat\u0131r\u0131mlar\u0131 ve vergi indirimleri gibi mali destekler sunulabilir. Ar-Ge ve \u0130novasyon Merkezleri: Ar-Ge ve inovasyon[&hellip;]","og_url":"https:\/\/ankadanismanlikltd.com\/en\/arge-merkezi-proje-yonetimi\/inovasyon-destekleri\/","og_site_name":"Anka Dan\u0131\u015fmanl\u0131k","article_publisher":"https:\/\/www.facebook.com\/ankadanismanlik","article_modified_time":"2024-09-22T12:03:35+00:00","twitter_card":"summary_large_image","twitter_site":"@ankaconsultancy","twitter_misc":{"Est. reading time":"2 minutes"},"schema":{"@context":"https:\/\/schema.org","@graph":[{"@type":"WebPage","@id":"https:\/\/ankadanismanlikltd.com\/en\/arge-merkezi-proje-yonetimi\/inovasyon-destekleri\/","url":"https:\/\/ankadanismanlikltd.com\/en\/arge-merkezi-proje-yonetimi\/inovasyon-destekleri\/","name":"\u0130novasyon Destekleri - Anka Dan\u0131\u015fmanl\u0131k","isPartOf":{"@id":"https:\/\/ankadanismanlikltd.com\/en\/#website"},"datePublished":"2024-09-21T14:05:12+00:00","dateModified":"2024-09-22T12:03:35+00:00","breadcrumb":{"@id":"https:\/\/ankadanismanlikltd.com\/en\/arge-merkezi-proje-yonetimi\/inovasyon-destekleri\/#breadcrumb"},"inLanguage":"en-US","potentialAction":[{"@type":"ReadAction","target":["https:\/\/ankadanismanlikltd.com\/en\/arge-merkezi-proje-yonetimi\/inovasyon-destekleri\/"]}]},{"@type":"BreadcrumbList","@id":"https:\/\/ankadanismanlikltd.com\/en\/arge-merkezi-proje-yonetimi\/inovasyon-destekleri\/#breadcrumb","itemListElement":[{"@type":"ListItem","position":1,"name":"Anasayfa","item":"https:\/\/ankadanismanlikltd.com\/en\/"},{"@type":"ListItem","position":2,"name":"Arge Merkezi Proje Y\u00f6netimi","item":"https:\/\/ankadanismanlikltd.com\/en\/arge-merkezi-proje-yonetimi\/"},{"@type":"ListItem","position":3,"name":"\u0130novasyon Destekleri"}]},{"@type":"WebSite","@id":"https:\/\/ankadanismanlikltd.com\/en\/#website","url":"https:\/\/ankadanismanlikltd.com\/en\/","name":"Anka Dan\u0131\u015fmanl\u0131k","description":"","publisher":{"@id":"https:\/\/ankadanismanlikltd.com\/en\/#organization"},"potentialAction":[{"@type":"SearchAction","target":{"@type":"EntryPoint","urlTemplate":"https:\/\/ankadanismanlikltd.com\/en\/?s={search_term_string}"},"query-input":{"@type":"PropertyValueSpecification","valueRequired":true,"valueName":"search_term_string"}}],"inLanguage":"en-US"},{"@type":"Organization","@id":"https:\/\/ankadanismanlikltd.com\/en\/#organization","name":"ANKA Dan\u0131\u015fmanl\u0131k","url":"https:\/\/ankadanismanlikltd.com\/en\/","logo":{"@type":"ImageObject","inLanguage":"en-US","@id":"https:\/\/ankadanismanlikltd.com\/en\/#\/schema\/logo\/image\/","url":"https:\/\/ankadanismanlikltd.com\/wp-content\/uploads\/2025\/03\/yeni-logo.jpg","contentUrl":"https:\/\/ankadanismanlikltd.com\/wp-content\/uploads\/2025\/03\/yeni-logo.jpg","width":623,"height":630,"caption":"ANKA Dan\u0131\u015fmanl\u0131k"},"image":{"@id":"https:\/\/ankadanismanlikltd.com\/en\/#\/schema\/logo\/image\/"},"sameAs":["https:\/\/www.facebook.com\/ankadanismanlik","https:\/\/x.com\/ankaconsultancy","https:\/\/www.linkedin.com\/company\/ankadanismanlik","https:\/\/www.youtube.com\/@ANKADanmanlk.official","https:\/\/www.instagram.com\/ankadanismanlik.tr?igsh=MXZ6OXMyd3k2MW5zbA&utm_source=qr"]}]}},"_links":{"self":[{"href":"http:\/\/ankadanismanlikltd.com\/en\/wp-json\/wp\/v2\/pages\/322","targetHints":{"allow":["GET"]}}],"collection":[{"href":"http:\/\/ankadanismanlikltd.com\/en\/wp-json\/wp\/v2\/pages"}],"about":[{"href":"http:\/\/ankadanismanlikltd.com\/en\/wp-json\/wp\/v2\/types\/page"}],"author":[{"embeddable":true,"href":"http:\/\/ankadanismanlikltd.com\/en\/wp-json\/wp\/v2\/users\/1"}],"replies":[{"embeddable":true,"href":"http:\/\/ankadanismanlikltd.com\/en\/wp-json\/wp\/v2\/comments?post=322"}],"version-history":[{"count":2,"href":"http:\/\/ankadanismanlikltd.com\/en\/wp-json\/wp\/v2\/pages\/322\/revisions"}],"predecessor-version":[{"id":467,"href":"http:\/\/ankadanismanlikltd.com\/en\/wp-json\/wp\/v2\/pages\/322\/revisions\/467"}],"up":[{"embeddable":true,"href":"http:\/\/ankadanismanlikltd.com\/en\/wp-json\/wp\/v2\/pages\/325"}],"wp:attachment":[{"href":"http:\/\/ankadanismanlikltd.com\/en\/wp-json\/wp\/v2\/media?parent=322"}],"curies":[{"name":"wp","href":"https:\/\/api.w.org\/{rel}","templated":true}]}}