{"id":323,"date":"2024-09-21T14:05:31","date_gmt":"2024-09-21T14:05:31","guid":{"rendered":"https:\/\/ankadanismanlikltd.com\/?page_id=323"},"modified":"2024-09-22T12:03:12","modified_gmt":"2024-09-22T12:03:12","slug":"teydeb-destekleri","status":"publish","type":"page","link":"http:\/\/ankadanismanlikltd.com\/en\/arge-merkezi-proje-yonetimi\/teydeb-destekleri\/","title":{"rendered":"Teydeb Supports"},"content":{"rendered":"<p>TEYDEB is an institution that provides technology and innovation support in Turkey. TEYDEB, whose full name is \"The Scientific and Technological Research Council of Turkey Technology and Innovation Support Programs Directorate\", operates under the Ministry of Industry and Technology. The support provided by TEYDEB generally aims to encourage R&amp;D activities, support innovation and strengthen Turkey's technological infrastructure. Here are the basic support programs offered by TEYDEB:<\/p>\n<ol>\n<li>Technology and Innovation Projects Support Program (TEYDEB 1501): This program allows companies to carry out their own R&amp;D projects and receive financial support for these projects. The projects are evaluated according to criteria such as scientific and technological value, degree of innovation and economic added value.<\/li>\n<li>SME R&amp;D and Innovation Projects Support Program (TEYDEB 1507): Aims to support the R&amp;D and innovation activities of small and medium-sized enterprises (SMEs). This program helps SMEs increase their technological capacity and competitiveness.<\/li>\n<li>University-Industry Collaboration Support Program (TEYDEB 1001): This program encourages universities to collaborate with industry to carry out joint R&amp;D projects. In this way, it is aimed to apply scientific studies conducted at universities to industry and commercialize them.<\/li>\n<\/ol>\n<p>&nbsp;<\/p>\n<ol start=\"4\">\n<li>Innovative Products and Technologies Commercialization Support Program (TEYDEB 1511): This program supports the commercialization of innovative products and technologies developed as a result of R&amp;D projects. This support may include introducing the product or technology to the market, evaluating its commercial potential, and supporting marketing activities.<\/li>\n<\/ol>\n<p>TEYDEB supports are generally project-based and application processes are opened at certain periods. Businesses that want to apply for support programs and benefit from the support must meet certain criteria and submit projects prepared in accordance with the application process.<\/p>","protected":false},"excerpt":{"rendered":"<p>TEYDEB, T\u00fcrkiye&#8217;deki teknoloji ve yenilik desteklerini sa\u011flayan bir kurumdur. Tam ad\u0131yla &#8220;T\u00fcrkiye Bilimsel ve Teknolojik Ara\u015ft\u0131rma Kurumu Teknoloji ve Yenilik Destek Programlar\u0131 Ba\u015fkanl\u0131\u011f\u0131&#8221; olan TEYDEB, Sanayi ve Teknoloji Bakanl\u0131\u011f\u0131&#8217;na ba\u011fl\u0131 olarak faaliyet g\u00f6sterir. TEYDEB&#8217;in sa\u011flad\u0131\u011f\u0131 destekler genellikle Ar-Ge faaliyetlerini te\u015fvik etmeyi, inovasyonu desteklemeyi ve T\u00fcrkiye&#8217;nin teknolojik altyap\u0131s\u0131n\u0131 g\u00fc\u00e7lendirmeyi ama\u00e7lar. \u0130\u015fte TEYDEB&#8217;in sundu\u011fu temel destek programlar\u0131: Teknoloji ve Yenilik Projeleri Destek Program\u0131 (TEYDEB 1501): Bu program, firmalar\u0131n kendi Ar-Ge projelerini ger\u00e7ekle\u015ftirmelerini[&hellip;]<\/p>","protected":false},"author":1,"featured_media":0,"parent":325,"menu_order":0,"comment_status":"closed","ping_status":"closed","template":"","meta":{"_acf_changed":false,"footnotes":""},"class_list":["post-323","page","type-page","status-publish","hentry"],"acf":[],"yoast_head":"<!-- This site is optimized with the Yoast SEO plugin v25.9 - https:\/\/yoast.com\/wordpress\/plugins\/seo\/ -->\n<title>Teydeb Destekleri - Anka Dan\u0131\u015fmanl\u0131k<\/title>\n<meta name=\"robots\" content=\"index, follow, max-snippet:-1, max-image-preview:large, max-video-preview:-1\" \/>\n<link rel=\"canonical\" href=\"https:\/\/ankadanismanlikltd.com\/en\/arge-merkezi-proje-yonetimi\/teydeb-destekleri\/\" \/>\n<meta property=\"og:locale\" content=\"en_US\" \/>\n<meta property=\"og:type\" content=\"article\" \/>\n<meta property=\"og:title\" content=\"Teydeb Destekleri - Anka Dan\u0131\u015fmanl\u0131k\" \/>\n<meta property=\"og:description\" content=\"TEYDEB, T\u00fcrkiye&#8217;deki teknoloji ve yenilik desteklerini sa\u011flayan bir kurumdur. Tam ad\u0131yla &#8220;T\u00fcrkiye Bilimsel ve Teknolojik Ara\u015ft\u0131rma Kurumu Teknoloji ve Yenilik Destek Programlar\u0131 Ba\u015fkanl\u0131\u011f\u0131&#8221; olan TEYDEB, Sanayi ve Teknoloji Bakanl\u0131\u011f\u0131&#8217;na ba\u011fl\u0131 olarak faaliyet g\u00f6sterir. TEYDEB&#8217;in sa\u011flad\u0131\u011f\u0131 destekler genellikle Ar-Ge faaliyetlerini te\u015fvik etmeyi, inovasyonu desteklemeyi ve T\u00fcrkiye&#8217;nin teknolojik altyap\u0131s\u0131n\u0131 g\u00fc\u00e7lendirmeyi ama\u00e7lar. \u0130\u015fte TEYDEB&#8217;in sundu\u011fu temel destek programlar\u0131: Teknoloji ve Yenilik Projeleri Destek Program\u0131 (TEYDEB 1501): Bu program, firmalar\u0131n kendi Ar-Ge projelerini ger\u00e7ekle\u015ftirmelerini[&hellip;]\" \/>\n<meta property=\"og:url\" content=\"https:\/\/ankadanismanlikltd.com\/en\/arge-merkezi-proje-yonetimi\/teydeb-destekleri\/\" \/>\n<meta property=\"og:site_name\" content=\"Anka Dan\u0131\u015fmanl\u0131k\" \/>\n<meta property=\"article:publisher\" content=\"https:\/\/www.facebook.com\/ankadanismanlik\" \/>\n<meta property=\"article:modified_time\" content=\"2024-09-22T12:03:12+00:00\" \/>\n<meta name=\"twitter:card\" content=\"summary_large_image\" \/>\n<meta name=\"twitter:site\" content=\"@ankaconsultancy\" \/>\n<meta name=\"twitter:label1\" content=\"Est. reading time\" \/>\n\t<meta name=\"twitter:data1\" content=\"1 minute\" \/>\n<script type=\"application\/ld+json\" class=\"yoast-schema-graph\">{\"@context\":\"https:\/\/schema.org\",\"@graph\":[{\"@type\":\"WebPage\",\"@id\":\"https:\/\/ankadanismanlikltd.com\/arge-merkezi-proje-yonetimi\/teydeb-destekleri\/\",\"url\":\"https:\/\/ankadanismanlikltd.com\/arge-merkezi-proje-yonetimi\/teydeb-destekleri\/\",\"name\":\"Teydeb Destekleri - Anka Dan\u0131\u015fmanl\u0131k\",\"isPartOf\":{\"@id\":\"https:\/\/ankadanismanlikltd.com\/en\/#website\"},\"datePublished\":\"2024-09-21T14:05:31+00:00\",\"dateModified\":\"2024-09-22T12:03:12+00:00\",\"breadcrumb\":{\"@id\":\"https:\/\/ankadanismanlikltd.com\/arge-merkezi-proje-yonetimi\/teydeb-destekleri\/#breadcrumb\"},\"inLanguage\":\"en-US\",\"potentialAction\":[{\"@type\":\"ReadAction\",\"target\":[\"https:\/\/ankadanismanlikltd.com\/arge-merkezi-proje-yonetimi\/teydeb-destekleri\/\"]}]},{\"@type\":\"BreadcrumbList\",\"@id\":\"https:\/\/ankadanismanlikltd.com\/arge-merkezi-proje-yonetimi\/teydeb-destekleri\/#breadcrumb\",\"itemListElement\":[{\"@type\":\"ListItem\",\"position\":1,\"name\":\"Anasayfa\",\"item\":\"https:\/\/ankadanismanlikltd.com\/en\/\"},{\"@type\":\"ListItem\",\"position\":2,\"name\":\"Arge Merkezi Proje Y\u00f6netimi\",\"item\":\"https:\/\/ankadanismanlikltd.com\/en\/arge-merkezi-proje-yonetimi\/\"},{\"@type\":\"ListItem\",\"position\":3,\"name\":\"Teydeb Destekleri\"}]},{\"@type\":\"WebSite\",\"@id\":\"https:\/\/ankadanismanlikltd.com\/en\/#website\",\"url\":\"https:\/\/ankadanismanlikltd.com\/en\/\",\"name\":\"Anka Dan\u0131\u015fmanl\u0131k\",\"description\":\"\",\"publisher\":{\"@id\":\"https:\/\/ankadanismanlikltd.com\/en\/#organization\"},\"potentialAction\":[{\"@type\":\"SearchAction\",\"target\":{\"@type\":\"EntryPoint\",\"urlTemplate\":\"https:\/\/ankadanismanlikltd.com\/en\/?s={search_term_string}\"},\"query-input\":{\"@type\":\"PropertyValueSpecification\",\"valueRequired\":true,\"valueName\":\"search_term_string\"}}],\"inLanguage\":\"en-US\"},{\"@type\":\"Organization\",\"@id\":\"https:\/\/ankadanismanlikltd.com\/en\/#organization\",\"name\":\"ANKA Dan\u0131\u015fmanl\u0131k\",\"url\":\"https:\/\/ankadanismanlikltd.com\/en\/\",\"logo\":{\"@type\":\"ImageObject\",\"inLanguage\":\"en-US\",\"@id\":\"https:\/\/ankadanismanlikltd.com\/en\/#\/schema\/logo\/image\/\",\"url\":\"https:\/\/ankadanismanlikltd.com\/wp-content\/uploads\/2025\/03\/yeni-logo.jpg\",\"contentUrl\":\"https:\/\/ankadanismanlikltd.com\/wp-content\/uploads\/2025\/03\/yeni-logo.jpg\",\"width\":623,\"height\":630,\"caption\":\"ANKA Dan\u0131\u015fmanl\u0131k\"},\"image\":{\"@id\":\"https:\/\/ankadanismanlikltd.com\/en\/#\/schema\/logo\/image\/\"},\"sameAs\":[\"https:\/\/www.facebook.com\/ankadanismanlik\",\"https:\/\/x.com\/ankaconsultancy\",\"https:\/\/www.linkedin.com\/company\/ankadanismanlik\",\"https:\/\/www.youtube.com\/@ANKADanmanlk.official\",\"https:\/\/www.instagram.com\/ankadanismanlik.tr?igsh=MXZ6OXMyd3k2MW5zbA&utm_source=qr\"]}]}<\/script>\n<!-- \/ Yoast SEO plugin. -->","yoast_head_json":{"title":"Teydeb Destekleri - Anka Dan\u0131\u015fmanl\u0131k","robots":{"index":"index","follow":"follow","max-snippet":"max-snippet:-1","max-image-preview":"max-image-preview:large","max-video-preview":"max-video-preview:-1"},"canonical":"https:\/\/ankadanismanlikltd.com\/en\/arge-merkezi-proje-yonetimi\/teydeb-destekleri\/","og_locale":"en_US","og_type":"article","og_title":"Teydeb Destekleri - Anka Dan\u0131\u015fmanl\u0131k","og_description":"TEYDEB, T\u00fcrkiye&#8217;deki teknoloji ve yenilik desteklerini sa\u011flayan bir kurumdur. Tam ad\u0131yla &#8220;T\u00fcrkiye Bilimsel ve Teknolojik Ara\u015ft\u0131rma Kurumu Teknoloji ve Yenilik Destek Programlar\u0131 Ba\u015fkanl\u0131\u011f\u0131&#8221; olan TEYDEB, Sanayi ve Teknoloji Bakanl\u0131\u011f\u0131&#8217;na ba\u011fl\u0131 olarak faaliyet g\u00f6sterir. TEYDEB&#8217;in sa\u011flad\u0131\u011f\u0131 destekler genellikle Ar-Ge faaliyetlerini te\u015fvik etmeyi, inovasyonu desteklemeyi ve T\u00fcrkiye&#8217;nin teknolojik altyap\u0131s\u0131n\u0131 g\u00fc\u00e7lendirmeyi ama\u00e7lar. \u0130\u015fte TEYDEB&#8217;in sundu\u011fu temel destek programlar\u0131: Teknoloji ve Yenilik Projeleri Destek Program\u0131 (TEYDEB 1501): Bu program, firmalar\u0131n kendi Ar-Ge projelerini ger\u00e7ekle\u015ftirmelerini[&hellip;]","og_url":"https:\/\/ankadanismanlikltd.com\/en\/arge-merkezi-proje-yonetimi\/teydeb-destekleri\/","og_site_name":"Anka Dan\u0131\u015fmanl\u0131k","article_publisher":"https:\/\/www.facebook.com\/ankadanismanlik","article_modified_time":"2024-09-22T12:03:12+00:00","twitter_card":"summary_large_image","twitter_site":"@ankaconsultancy","twitter_misc":{"Est. reading time":"1 minute"},"schema":{"@context":"https:\/\/schema.org","@graph":[{"@type":"WebPage","@id":"https:\/\/ankadanismanlikltd.com\/arge-merkezi-proje-yonetimi\/teydeb-destekleri\/","url":"https:\/\/ankadanismanlikltd.com\/arge-merkezi-proje-yonetimi\/teydeb-destekleri\/","name":"Teydeb Destekleri - Anka Dan\u0131\u015fmanl\u0131k","isPartOf":{"@id":"https:\/\/ankadanismanlikltd.com\/en\/#website"},"datePublished":"2024-09-21T14:05:31+00:00","dateModified":"2024-09-22T12:03:12+00:00","breadcrumb":{"@id":"https:\/\/ankadanismanlikltd.com\/arge-merkezi-proje-yonetimi\/teydeb-destekleri\/#breadcrumb"},"inLanguage":"en-US","potentialAction":[{"@type":"ReadAction","target":["https:\/\/ankadanismanlikltd.com\/arge-merkezi-proje-yonetimi\/teydeb-destekleri\/"]}]},{"@type":"BreadcrumbList","@id":"https:\/\/ankadanismanlikltd.com\/arge-merkezi-proje-yonetimi\/teydeb-destekleri\/#breadcrumb","itemListElement":[{"@type":"ListItem","position":1,"name":"Anasayfa","item":"https:\/\/ankadanismanlikltd.com\/en\/"},{"@type":"ListItem","position":2,"name":"Arge Merkezi Proje Y\u00f6netimi","item":"https:\/\/ankadanismanlikltd.com\/en\/arge-merkezi-proje-yonetimi\/"},{"@type":"ListItem","position":3,"name":"Teydeb Destekleri"}]},{"@type":"WebSite","@id":"https:\/\/ankadanismanlikltd.com\/en\/#website","url":"https:\/\/ankadanismanlikltd.com\/en\/","name":"Anka Dan\u0131\u015fmanl\u0131k","description":"","publisher":{"@id":"https:\/\/ankadanismanlikltd.com\/en\/#organization"},"potentialAction":[{"@type":"SearchAction","target":{"@type":"EntryPoint","urlTemplate":"https:\/\/ankadanismanlikltd.com\/en\/?s={search_term_string}"},"query-input":{"@type":"PropertyValueSpecification","valueRequired":true,"valueName":"search_term_string"}}],"inLanguage":"en-US"},{"@type":"Organization","@id":"https:\/\/ankadanismanlikltd.com\/en\/#organization","name":"ANKA Dan\u0131\u015fmanl\u0131k","url":"https:\/\/ankadanismanlikltd.com\/en\/","logo":{"@type":"ImageObject","inLanguage":"en-US","@id":"https:\/\/ankadanismanlikltd.com\/en\/#\/schema\/logo\/image\/","url":"https:\/\/ankadanismanlikltd.com\/wp-content\/uploads\/2025\/03\/yeni-logo.jpg","contentUrl":"https:\/\/ankadanismanlikltd.com\/wp-content\/uploads\/2025\/03\/yeni-logo.jpg","width":623,"height":630,"caption":"ANKA Dan\u0131\u015fmanl\u0131k"},"image":{"@id":"https:\/\/ankadanismanlikltd.com\/en\/#\/schema\/logo\/image\/"},"sameAs":["https:\/\/www.facebook.com\/ankadanismanlik","https:\/\/x.com\/ankaconsultancy","https:\/\/www.linkedin.com\/company\/ankadanismanlik","https:\/\/www.youtube.com\/@ANKADanmanlk.official","https:\/\/www.instagram.com\/ankadanismanlik.tr?igsh=MXZ6OXMyd3k2MW5zbA&utm_source=qr"]}]}},"_links":{"self":[{"href":"http:\/\/ankadanismanlikltd.com\/en\/wp-json\/wp\/v2\/pages\/323","targetHints":{"allow":["GET"]}}],"collection":[{"href":"http:\/\/ankadanismanlikltd.com\/en\/wp-json\/wp\/v2\/pages"}],"about":[{"href":"http:\/\/ankadanismanlikltd.com\/en\/wp-json\/wp\/v2\/types\/page"}],"author":[{"embeddable":true,"href":"http:\/\/ankadanismanlikltd.com\/en\/wp-json\/wp\/v2\/users\/1"}],"replies":[{"embeddable":true,"href":"http:\/\/ankadanismanlikltd.com\/en\/wp-json\/wp\/v2\/comments?post=323"}],"version-history":[{"count":2,"href":"http:\/\/ankadanismanlikltd.com\/en\/wp-json\/wp\/v2\/pages\/323\/revisions"}],"predecessor-version":[{"id":466,"href":"http:\/\/ankadanismanlikltd.com\/en\/wp-json\/wp\/v2\/pages\/323\/revisions\/466"}],"up":[{"embeddable":true,"href":"http:\/\/ankadanismanlikltd.com\/en\/wp-json\/wp\/v2\/pages\/325"}],"wp:attachment":[{"href":"http:\/\/ankadanismanlikltd.com\/en\/wp-json\/wp\/v2\/media?parent=323"}],"curies":[{"name":"wp","href":"https:\/\/api.w.org\/{rel}","templated":true}]}}