{"id":325,"date":"2024-09-21T14:04:51","date_gmt":"2024-09-21T14:04:51","guid":{"rendered":"https:\/\/ankadanismanlikltd.com\/?page_id=325"},"modified":"2024-09-22T12:02:11","modified_gmt":"2024-09-22T12:02:11","slug":"arge-merkezi-proje-yonetimi","status":"publish","type":"page","link":"http:\/\/ankadanismanlikltd.com\/en\/arge-merkezi-proje-yonetimi\/","title":{"rendered":"R&amp;D Center Project Management"},"content":{"rendered":"<p><strong>Ar-Ge Merkezi Nedir?<\/strong> Ar-Ge ve yenilik projelerini veya s\u00f6zle\u015fme \u00e7er\u00e7evesinde sipari\u015fe dayal\u0131 olarak y\u00fcr\u00fct\u00fclen Ar-Ge ve yenilik faaliyetlerini ger\u00e7ekle\u015ftirmek \u00fczere kurulan ve dar m\u00fckellef kurumlar\u0131n T\u00fcrkiye\u2019deki i\u015fyerleri dahil, kanuni veya i\u015f merkezi T\u00fcrkiye\u2019de bulunan sermaye \u015firketlerinin; organizasyon yap\u0131s\u0131 i\u00e7inde ayr\u0131 bir birim \u015feklinde \u00f6rg\u00fctlenmi\u015f, m\u00fcnhas\u0131ran yurti\u00e7inde ara\u015ft\u0131rma ve geli\u015ftirme faaliyetlerinde bulunan ve en az 15 (belirli sekt\u00f6rler i\u00e7in 30) tam zaman e\u015fde\u011fer Ar-Ge personeli istihdam eden, yeterli Ar-Ge birikimi ve yetene\u011fi olan birimleri ifade eden yap\u0131ya Ar-Ge Merkezi denir. T\u00fcrkiye&#8217;de Ar-Ge faaliyeti y\u00fcr\u00fcten \u015firketlerin, Ar-GE mevzuat\u0131 ve nakit destek programlar\u0131 kapsam\u0131nda sa\u011flanan te\u015fvik ve desteklerden faydalanma imkanlar\u0131 bulunmaktad\u0131r. \u00a0 <strong>5746 Say\u0131l\u0131 Kanun kapsam\u0131nda Ar-Ge Merkezi Te\u015fvikleri:<\/strong> Gelir ve Kurumlar Vergisi \u0130ndirimi (Ar-Ge \u0130ndirimi): Ar-Ge ve Tasar\u0131m Merkezlerinde ger\u00e7ekle\u015ftirilen Ar-Ge, yenilik ve tasar\u0131m harcamalar\u0131n\u0131n tamam\u0131 (100%) ticari kazanc\u0131n tespitinde Kurumlar Vergisi Matrah\u0131 \u00fczerinden indirim konusu yap\u0131l\u0131r. \u00a0 <strong>\u00dccretlere Uygulanan Gelir Vergisi \u0130stisnas\u0131 ve SGK \u0130\u015fveren Deste\u011fi:<\/strong><\/p>\n<ul>\n<li>%80 &#8211; %90 &#8211; %95 Gelir Vergisi \u0130stisnas\u0131<\/li>\n<li>%50 SGK \u0130\u015fveren Hissesi Te\u015fvi\u011fi<\/li>\n<li>Damga Vergisi \u0130stisnas\u0131<\/li>\n<li>Customs Duty Exemption<\/li>\n<li>Yeni Makine ve Te\u00e7hizat Al\u0131mlar\u0131nda KDV \u0130stisnas\u0131<\/li>\n<\/ul>","protected":false},"excerpt":{"rendered":"<p>Ar-Ge Merkezi Nedir? Ar-Ge ve yenilik projelerini veya s\u00f6zle\u015fme \u00e7er\u00e7evesinde sipari\u015fe dayal\u0131 olarak y\u00fcr\u00fct\u00fclen Ar-Ge ve yenilik faaliyetlerini ger\u00e7ekle\u015ftirmek \u00fczere kurulan ve dar m\u00fckellef kurumlar\u0131n T\u00fcrkiye\u2019deki i\u015fyerleri dahil, kanuni veya i\u015f merkezi T\u00fcrkiye\u2019de bulunan sermaye \u015firketlerinin; organizasyon yap\u0131s\u0131 i\u00e7inde ayr\u0131 bir birim \u015feklinde \u00f6rg\u00fctlenmi\u015f, m\u00fcnhas\u0131ran yurti\u00e7inde ara\u015ft\u0131rma ve geli\u015ftirme faaliyetlerinde bulunan ve en az 15 (belirli sekt\u00f6rler i\u00e7in 30) tam zaman e\u015fde\u011fer Ar-Ge personeli istihdam eden, yeterli Ar-Ge birikimi ve[&hellip;]<\/p>","protected":false},"author":1,"featured_media":0,"parent":0,"menu_order":0,"comment_status":"closed","ping_status":"closed","template":"","meta":{"_acf_changed":false,"footnotes":""},"class_list":["post-325","page","type-page","status-publish","hentry"],"acf":[],"yoast_head":"<!-- This site is optimized with the Yoast SEO plugin v25.9 - https:\/\/yoast.com\/wordpress\/plugins\/seo\/ -->\n<title>Arge Merkezi Proje Y\u00f6netimi - Anka Dan\u0131\u015fmanl\u0131k<\/title>\n<meta name=\"robots\" content=\"index, follow, max-snippet:-1, max-image-preview:large, max-video-preview:-1\" \/>\n<link rel=\"canonical\" href=\"https:\/\/ankadanismanlikltd.com\/en\/arge-merkezi-proje-yonetimi\/\" \/>\n<meta property=\"og:locale\" content=\"en_US\" \/>\n<meta property=\"og:type\" content=\"article\" \/>\n<meta property=\"og:title\" content=\"Arge Merkezi Proje Y\u00f6netimi - Anka Dan\u0131\u015fmanl\u0131k\" \/>\n<meta property=\"og:description\" content=\"Ar-Ge Merkezi Nedir? Ar-Ge ve yenilik projelerini veya s\u00f6zle\u015fme \u00e7er\u00e7evesinde sipari\u015fe dayal\u0131 olarak y\u00fcr\u00fct\u00fclen Ar-Ge ve yenilik faaliyetlerini ger\u00e7ekle\u015ftirmek \u00fczere kurulan ve dar m\u00fckellef kurumlar\u0131n T\u00fcrkiye\u2019deki i\u015fyerleri dahil, kanuni veya i\u015f merkezi T\u00fcrkiye\u2019de bulunan sermaye \u015firketlerinin; organizasyon yap\u0131s\u0131 i\u00e7inde ayr\u0131 bir birim \u015feklinde \u00f6rg\u00fctlenmi\u015f, m\u00fcnhas\u0131ran yurti\u00e7inde ara\u015ft\u0131rma ve geli\u015ftirme faaliyetlerinde bulunan ve en az 15 (belirli sekt\u00f6rler i\u00e7in 30) tam zaman e\u015fde\u011fer Ar-Ge personeli istihdam eden, yeterli Ar-Ge birikimi ve[&hellip;]\" \/>\n<meta property=\"og:url\" content=\"https:\/\/ankadanismanlikltd.com\/en\/arge-merkezi-proje-yonetimi\/\" \/>\n<meta property=\"og:site_name\" content=\"Anka Dan\u0131\u015fmanl\u0131k\" \/>\n<meta property=\"article:publisher\" content=\"https:\/\/www.facebook.com\/ankadanismanlik\" \/>\n<meta property=\"article:modified_time\" content=\"2024-09-22T12:02:11+00:00\" \/>\n<meta name=\"twitter:card\" content=\"summary_large_image\" \/>\n<meta name=\"twitter:site\" content=\"@ankaconsultancy\" \/>\n<meta name=\"twitter:label1\" content=\"Est. reading time\" \/>\n\t<meta name=\"twitter:data1\" content=\"1 minute\" \/>\n<script type=\"application\/ld+json\" class=\"yoast-schema-graph\">{\"@context\":\"https:\/\/schema.org\",\"@graph\":[{\"@type\":\"WebPage\",\"@id\":\"https:\/\/ankadanismanlikltd.com\/en\/arge-merkezi-proje-yonetimi\/\",\"url\":\"https:\/\/ankadanismanlikltd.com\/en\/arge-merkezi-proje-yonetimi\/\",\"name\":\"Arge Merkezi Proje Y\u00f6netimi - Anka Dan\u0131\u015fmanl\u0131k\",\"isPartOf\":{\"@id\":\"https:\/\/ankadanismanlikltd.com\/en\/#website\"},\"datePublished\":\"2024-09-21T14:04:51+00:00\",\"dateModified\":\"2024-09-22T12:02:11+00:00\",\"breadcrumb\":{\"@id\":\"https:\/\/ankadanismanlikltd.com\/en\/arge-merkezi-proje-yonetimi\/#breadcrumb\"},\"inLanguage\":\"en-US\",\"potentialAction\":[{\"@type\":\"ReadAction\",\"target\":[\"https:\/\/ankadanismanlikltd.com\/en\/arge-merkezi-proje-yonetimi\/\"]}]},{\"@type\":\"BreadcrumbList\",\"@id\":\"https:\/\/ankadanismanlikltd.com\/en\/arge-merkezi-proje-yonetimi\/#breadcrumb\",\"itemListElement\":[{\"@type\":\"ListItem\",\"position\":1,\"name\":\"Anasayfa\",\"item\":\"https:\/\/ankadanismanlikltd.com\/en\/\"},{\"@type\":\"ListItem\",\"position\":2,\"name\":\"Arge Merkezi Proje Y\u00f6netimi\"}]},{\"@type\":\"WebSite\",\"@id\":\"https:\/\/ankadanismanlikltd.com\/en\/#website\",\"url\":\"https:\/\/ankadanismanlikltd.com\/en\/\",\"name\":\"Anka Dan\u0131\u015fmanl\u0131k\",\"description\":\"\",\"publisher\":{\"@id\":\"https:\/\/ankadanismanlikltd.com\/en\/#organization\"},\"potentialAction\":[{\"@type\":\"SearchAction\",\"target\":{\"@type\":\"EntryPoint\",\"urlTemplate\":\"https:\/\/ankadanismanlikltd.com\/en\/?s={search_term_string}\"},\"query-input\":{\"@type\":\"PropertyValueSpecification\",\"valueRequired\":true,\"valueName\":\"search_term_string\"}}],\"inLanguage\":\"en-US\"},{\"@type\":\"Organization\",\"@id\":\"https:\/\/ankadanismanlikltd.com\/en\/#organization\",\"name\":\"ANKA Dan\u0131\u015fmanl\u0131k\",\"url\":\"https:\/\/ankadanismanlikltd.com\/en\/\",\"logo\":{\"@type\":\"ImageObject\",\"inLanguage\":\"en-US\",\"@id\":\"https:\/\/ankadanismanlikltd.com\/en\/#\/schema\/logo\/image\/\",\"url\":\"https:\/\/ankadanismanlikltd.com\/wp-content\/uploads\/2025\/03\/yeni-logo.jpg\",\"contentUrl\":\"https:\/\/ankadanismanlikltd.com\/wp-content\/uploads\/2025\/03\/yeni-logo.jpg\",\"width\":623,\"height\":630,\"caption\":\"ANKA Dan\u0131\u015fmanl\u0131k\"},\"image\":{\"@id\":\"https:\/\/ankadanismanlikltd.com\/en\/#\/schema\/logo\/image\/\"},\"sameAs\":[\"https:\/\/www.facebook.com\/ankadanismanlik\",\"https:\/\/x.com\/ankaconsultancy\",\"https:\/\/www.linkedin.com\/company\/ankadanismanlik\",\"https:\/\/www.youtube.com\/@ANKADanmanlk.official\",\"https:\/\/www.instagram.com\/ankadanismanlik.tr?igsh=MXZ6OXMyd3k2MW5zbA&utm_source=qr\"]}]}<\/script>\n<!-- \/ Yoast SEO plugin. -->","yoast_head_json":{"title":"Arge Merkezi Proje Y\u00f6netimi - Anka Dan\u0131\u015fmanl\u0131k","robots":{"index":"index","follow":"follow","max-snippet":"max-snippet:-1","max-image-preview":"max-image-preview:large","max-video-preview":"max-video-preview:-1"},"canonical":"https:\/\/ankadanismanlikltd.com\/en\/arge-merkezi-proje-yonetimi\/","og_locale":"en_US","og_type":"article","og_title":"Arge Merkezi Proje Y\u00f6netimi - Anka Dan\u0131\u015fmanl\u0131k","og_description":"Ar-Ge Merkezi Nedir? Ar-Ge ve yenilik projelerini veya s\u00f6zle\u015fme \u00e7er\u00e7evesinde sipari\u015fe dayal\u0131 olarak y\u00fcr\u00fct\u00fclen Ar-Ge ve yenilik faaliyetlerini ger\u00e7ekle\u015ftirmek \u00fczere kurulan ve dar m\u00fckellef kurumlar\u0131n T\u00fcrkiye\u2019deki i\u015fyerleri dahil, kanuni veya i\u015f merkezi T\u00fcrkiye\u2019de bulunan sermaye \u015firketlerinin; organizasyon yap\u0131s\u0131 i\u00e7inde ayr\u0131 bir birim \u015feklinde \u00f6rg\u00fctlenmi\u015f, m\u00fcnhas\u0131ran yurti\u00e7inde ara\u015ft\u0131rma ve geli\u015ftirme faaliyetlerinde bulunan ve en az 15 (belirli sekt\u00f6rler i\u00e7in 30) tam zaman e\u015fde\u011fer Ar-Ge personeli istihdam eden, yeterli Ar-Ge birikimi ve[&hellip;]","og_url":"https:\/\/ankadanismanlikltd.com\/en\/arge-merkezi-proje-yonetimi\/","og_site_name":"Anka Dan\u0131\u015fmanl\u0131k","article_publisher":"https:\/\/www.facebook.com\/ankadanismanlik","article_modified_time":"2024-09-22T12:02:11+00:00","twitter_card":"summary_large_image","twitter_site":"@ankaconsultancy","twitter_misc":{"Est. reading time":"1 minute"},"schema":{"@context":"https:\/\/schema.org","@graph":[{"@type":"WebPage","@id":"https:\/\/ankadanismanlikltd.com\/en\/arge-merkezi-proje-yonetimi\/","url":"https:\/\/ankadanismanlikltd.com\/en\/arge-merkezi-proje-yonetimi\/","name":"Arge Merkezi Proje Y\u00f6netimi - Anka Dan\u0131\u015fmanl\u0131k","isPartOf":{"@id":"https:\/\/ankadanismanlikltd.com\/en\/#website"},"datePublished":"2024-09-21T14:04:51+00:00","dateModified":"2024-09-22T12:02:11+00:00","breadcrumb":{"@id":"https:\/\/ankadanismanlikltd.com\/en\/arge-merkezi-proje-yonetimi\/#breadcrumb"},"inLanguage":"en-US","potentialAction":[{"@type":"ReadAction","target":["https:\/\/ankadanismanlikltd.com\/en\/arge-merkezi-proje-yonetimi\/"]}]},{"@type":"BreadcrumbList","@id":"https:\/\/ankadanismanlikltd.com\/en\/arge-merkezi-proje-yonetimi\/#breadcrumb","itemListElement":[{"@type":"ListItem","position":1,"name":"Anasayfa","item":"https:\/\/ankadanismanlikltd.com\/en\/"},{"@type":"ListItem","position":2,"name":"Arge Merkezi Proje Y\u00f6netimi"}]},{"@type":"WebSite","@id":"https:\/\/ankadanismanlikltd.com\/en\/#website","url":"https:\/\/ankadanismanlikltd.com\/en\/","name":"Anka Dan\u0131\u015fmanl\u0131k","description":"","publisher":{"@id":"https:\/\/ankadanismanlikltd.com\/en\/#organization"},"potentialAction":[{"@type":"SearchAction","target":{"@type":"EntryPoint","urlTemplate":"https:\/\/ankadanismanlikltd.com\/en\/?s={search_term_string}"},"query-input":{"@type":"PropertyValueSpecification","valueRequired":true,"valueName":"search_term_string"}}],"inLanguage":"en-US"},{"@type":"Organization","@id":"https:\/\/ankadanismanlikltd.com\/en\/#organization","name":"ANKA Dan\u0131\u015fmanl\u0131k","url":"https:\/\/ankadanismanlikltd.com\/en\/","logo":{"@type":"ImageObject","inLanguage":"en-US","@id":"https:\/\/ankadanismanlikltd.com\/en\/#\/schema\/logo\/image\/","url":"https:\/\/ankadanismanlikltd.com\/wp-content\/uploads\/2025\/03\/yeni-logo.jpg","contentUrl":"https:\/\/ankadanismanlikltd.com\/wp-content\/uploads\/2025\/03\/yeni-logo.jpg","width":623,"height":630,"caption":"ANKA Dan\u0131\u015fmanl\u0131k"},"image":{"@id":"https:\/\/ankadanismanlikltd.com\/en\/#\/schema\/logo\/image\/"},"sameAs":["https:\/\/www.facebook.com\/ankadanismanlik","https:\/\/x.com\/ankaconsultancy","https:\/\/www.linkedin.com\/company\/ankadanismanlik","https:\/\/www.youtube.com\/@ANKADanmanlk.official","https:\/\/www.instagram.com\/ankadanismanlik.tr?igsh=MXZ6OXMyd3k2MW5zbA&utm_source=qr"]}]}},"_links":{"self":[{"href":"http:\/\/ankadanismanlikltd.com\/en\/wp-json\/wp\/v2\/pages\/325","targetHints":{"allow":["GET"]}}],"collection":[{"href":"http:\/\/ankadanismanlikltd.com\/en\/wp-json\/wp\/v2\/pages"}],"about":[{"href":"http:\/\/ankadanismanlikltd.com\/en\/wp-json\/wp\/v2\/types\/page"}],"author":[{"embeddable":true,"href":"http:\/\/ankadanismanlikltd.com\/en\/wp-json\/wp\/v2\/users\/1"}],"replies":[{"embeddable":true,"href":"http:\/\/ankadanismanlikltd.com\/en\/wp-json\/wp\/v2\/comments?post=325"}],"version-history":[{"count":2,"href":"http:\/\/ankadanismanlikltd.com\/en\/wp-json\/wp\/v2\/pages\/325\/revisions"}],"predecessor-version":[{"id":464,"href":"http:\/\/ankadanismanlikltd.com\/en\/wp-json\/wp\/v2\/pages\/325\/revisions\/464"}],"wp:attachment":[{"href":"http:\/\/ankadanismanlikltd.com\/en\/wp-json\/wp\/v2\/media?parent=325"}],"curies":[{"name":"wp","href":"https:\/\/api.w.org\/{rel}","templated":true}]}}