{"id":326,"date":"2024-09-21T14:05:07","date_gmt":"2024-09-21T14:05:07","guid":{"rendered":"https:\/\/ankadanismanlikltd.com\/?page_id=326"},"modified":"2024-10-13T10:30:56","modified_gmt":"2024-10-13T10:30:56","slug":"arge-merkezi-destekleri","status":"publish","type":"page","link":"http:\/\/ankadanismanlikltd.com\/en\/arge-merkezi-proje-yonetimi\/arge-merkezi-destekleri\/","title":{"rendered":"R&amp;D Center Supports"},"content":{"rendered":"<div class=\"wpb_text_column wpb_content_element\">\n<div class=\"wpb_wrapper\">\n<p>R&amp;D center support is a variety of government policies and programs provided to encourage and strengthen a country's R&amp;D activities. These supports can be aimed at businesses, universities, and research organizations that conduct R&amp;D activities. R&amp;D center support typically includes:<\/p>\n<p><strong>Financial Incentives:<\/strong>\u00a0Financial incentives provided to support R&amp;D activities may include grant programs, non-refundable and refundable loans, tax deductions and tax exemptions.<\/p>\n<p><strong>Infrastructure Support:<\/strong>\u00a0Infrastructure support provided to R&amp;D centers may include the provision or improvement of laboratory equipment, test and analysis devices, computer systems and other technical infrastructure.<\/p>\n<p><strong>Collaboration and Networking:<\/strong>\u00a0Support provided to R&amp;D centres encourages collaboration and networking activities. This may include the development of joint projects and knowledge sharing between industry, universities and research organisations.<\/p>\n<p><strong>Human Resources Development:<\/strong>\u00a0Human resource development support can be provided to R&amp;D centers. This can be in areas such as training of R&amp;D personnel, talent development programs, postdoctoral research positions and internship opportunities.<\/p>\n<p><strong>Project Based Support:<\/strong>\u00a0Project-based support provided for specific R&amp;D projects aims to encourage particularly innovative and strategically important projects.<\/p>\n<p><strong>Patent and Intellectual Property Support:<\/strong>\u00a0Support provided to R&amp;D centers may also include financial support or consultancy services for patent applications and protection of intellectual property rights.<\/p>\n<p>The support provided by each country for R&amp;D centers may vary and generally depends on national R&amp;D policies and priorities. The support provided to R&amp;D centers aims to contribute to increasing innovation and competitiveness, economic growth and sustainable development.<\/p>\n<\/div>\n<\/div>","protected":false},"excerpt":{"rendered":"<p>Ar-Ge merkezi destekleri, bir \u00fclkenin Ar-Ge faaliyetlerini te\u015fvik etmek ve g\u00fc\u00e7lendirmek i\u00e7in sa\u011flanan \u00e7e\u015fitli h\u00fck\u00fcmet politikalar\u0131 ve programlard\u0131r. Bu destekler, Ar-Ge faaliyetlerini y\u00fcr\u00fcten i\u015fletmelere, \u00fcniversitelere ve ara\u015ft\u0131rma kurulu\u015flar\u0131na y\u00f6nelik olabilir. Ar-Ge merkezi destekleri genellikle \u015funlar\u0131 i\u00e7erir: Finansal Te\u015fvikler:\u00a0Ar-Ge faaliyetlerini desteklemek i\u00e7in sa\u011flanan finansal te\u015fvikler aras\u0131nda hibe programlar\u0131, geri \u00f6demesiz ve geri \u00f6demeli krediler, vergi indirimleri ve vergi istisnalar\u0131 bulunabilir. Altyap\u0131 Deste\u011fi:\u00a0Ar-Ge merkezlerine sa\u011flanan altyap\u0131 deste\u011fi, laboratuvar ekipmanlar\u0131, test ve analiz[&hellip;]<\/p>","protected":false},"author":1,"featured_media":0,"parent":325,"menu_order":0,"comment_status":"closed","ping_status":"closed","template":"","meta":{"_acf_changed":false,"footnotes":""},"class_list":["post-326","page","type-page","status-publish","hentry"],"acf":[],"yoast_head":"<!-- This site is optimized with the Yoast SEO plugin v25.9 - https:\/\/yoast.com\/wordpress\/plugins\/seo\/ -->\n<title>Arge Merkezi Destekleri - Anka Dan\u0131\u015fmanl\u0131k<\/title>\n<meta name=\"robots\" content=\"index, follow, max-snippet:-1, max-image-preview:large, max-video-preview:-1\" \/>\n<link rel=\"canonical\" href=\"https:\/\/ankadanismanlikltd.com\/en\/arge-merkezi-proje-yonetimi\/arge-merkezi-destekleri\/\" \/>\n<meta property=\"og:locale\" content=\"en_US\" \/>\n<meta property=\"og:type\" content=\"article\" \/>\n<meta property=\"og:title\" content=\"Arge Merkezi Destekleri - Anka Dan\u0131\u015fmanl\u0131k\" \/>\n<meta property=\"og:description\" content=\"Ar-Ge merkezi destekleri, bir \u00fclkenin Ar-Ge faaliyetlerini te\u015fvik etmek ve g\u00fc\u00e7lendirmek i\u00e7in sa\u011flanan \u00e7e\u015fitli h\u00fck\u00fcmet politikalar\u0131 ve programlard\u0131r. Bu destekler, Ar-Ge faaliyetlerini y\u00fcr\u00fcten i\u015fletmelere, \u00fcniversitelere ve ara\u015ft\u0131rma kurulu\u015flar\u0131na y\u00f6nelik olabilir. Ar-Ge merkezi destekleri genellikle \u015funlar\u0131 i\u00e7erir: Finansal Te\u015fvikler:\u00a0Ar-Ge faaliyetlerini desteklemek i\u00e7in sa\u011flanan finansal te\u015fvikler aras\u0131nda hibe programlar\u0131, geri \u00f6demesiz ve geri \u00f6demeli krediler, vergi indirimleri ve vergi istisnalar\u0131 bulunabilir. Altyap\u0131 Deste\u011fi:\u00a0Ar-Ge merkezlerine sa\u011flanan altyap\u0131 deste\u011fi, laboratuvar ekipmanlar\u0131, test ve analiz[&hellip;]\" \/>\n<meta property=\"og:url\" content=\"https:\/\/ankadanismanlikltd.com\/en\/arge-merkezi-proje-yonetimi\/arge-merkezi-destekleri\/\" \/>\n<meta property=\"og:site_name\" content=\"Anka Dan\u0131\u015fmanl\u0131k\" \/>\n<meta property=\"article:publisher\" content=\"https:\/\/www.facebook.com\/ankadanismanlik\" \/>\n<meta property=\"article:modified_time\" content=\"2024-10-13T10:30:56+00:00\" \/>\n<meta name=\"twitter:card\" content=\"summary_large_image\" \/>\n<meta name=\"twitter:site\" content=\"@ankaconsultancy\" \/>\n<meta name=\"twitter:label1\" content=\"Est. reading time\" \/>\n\t<meta name=\"twitter:data1\" content=\"2 minutes\" \/>\n<script type=\"application\/ld+json\" class=\"yoast-schema-graph\">{\"@context\":\"https:\/\/schema.org\",\"@graph\":[{\"@type\":\"WebPage\",\"@id\":\"https:\/\/ankadanismanlikltd.com\/en\/arge-merkezi-proje-yonetimi\/arge-merkezi-destekleri\/\",\"url\":\"https:\/\/ankadanismanlikltd.com\/en\/arge-merkezi-proje-yonetimi\/arge-merkezi-destekleri\/\",\"name\":\"Arge Merkezi Destekleri - Anka Dan\u0131\u015fmanl\u0131k\",\"isPartOf\":{\"@id\":\"https:\/\/ankadanismanlikltd.com\/en\/#website\"},\"datePublished\":\"2024-09-21T14:05:07+00:00\",\"dateModified\":\"2024-10-13T10:30:56+00:00\",\"breadcrumb\":{\"@id\":\"https:\/\/ankadanismanlikltd.com\/en\/arge-merkezi-proje-yonetimi\/arge-merkezi-destekleri\/#breadcrumb\"},\"inLanguage\":\"en-US\",\"potentialAction\":[{\"@type\":\"ReadAction\",\"target\":[\"https:\/\/ankadanismanlikltd.com\/en\/arge-merkezi-proje-yonetimi\/arge-merkezi-destekleri\/\"]}]},{\"@type\":\"BreadcrumbList\",\"@id\":\"https:\/\/ankadanismanlikltd.com\/en\/arge-merkezi-proje-yonetimi\/arge-merkezi-destekleri\/#breadcrumb\",\"itemListElement\":[{\"@type\":\"ListItem\",\"position\":1,\"name\":\"Anasayfa\",\"item\":\"https:\/\/ankadanismanlikltd.com\/en\/\"},{\"@type\":\"ListItem\",\"position\":2,\"name\":\"Arge Merkezi Proje Y\u00f6netimi\",\"item\":\"https:\/\/ankadanismanlikltd.com\/en\/arge-merkezi-proje-yonetimi\/\"},{\"@type\":\"ListItem\",\"position\":3,\"name\":\"Arge Merkezi Destekleri\"}]},{\"@type\":\"WebSite\",\"@id\":\"https:\/\/ankadanismanlikltd.com\/en\/#website\",\"url\":\"https:\/\/ankadanismanlikltd.com\/en\/\",\"name\":\"Anka Dan\u0131\u015fmanl\u0131k\",\"description\":\"\",\"publisher\":{\"@id\":\"https:\/\/ankadanismanlikltd.com\/en\/#organization\"},\"potentialAction\":[{\"@type\":\"SearchAction\",\"target\":{\"@type\":\"EntryPoint\",\"urlTemplate\":\"https:\/\/ankadanismanlikltd.com\/en\/?s={search_term_string}\"},\"query-input\":{\"@type\":\"PropertyValueSpecification\",\"valueRequired\":true,\"valueName\":\"search_term_string\"}}],\"inLanguage\":\"en-US\"},{\"@type\":\"Organization\",\"@id\":\"https:\/\/ankadanismanlikltd.com\/en\/#organization\",\"name\":\"ANKA Dan\u0131\u015fmanl\u0131k\",\"url\":\"https:\/\/ankadanismanlikltd.com\/en\/\",\"logo\":{\"@type\":\"ImageObject\",\"inLanguage\":\"en-US\",\"@id\":\"https:\/\/ankadanismanlikltd.com\/en\/#\/schema\/logo\/image\/\",\"url\":\"https:\/\/ankadanismanlikltd.com\/wp-content\/uploads\/2025\/03\/yeni-logo.jpg\",\"contentUrl\":\"https:\/\/ankadanismanlikltd.com\/wp-content\/uploads\/2025\/03\/yeni-logo.jpg\",\"width\":623,\"height\":630,\"caption\":\"ANKA Dan\u0131\u015fmanl\u0131k\"},\"image\":{\"@id\":\"https:\/\/ankadanismanlikltd.com\/en\/#\/schema\/logo\/image\/\"},\"sameAs\":[\"https:\/\/www.facebook.com\/ankadanismanlik\",\"https:\/\/x.com\/ankaconsultancy\",\"https:\/\/www.linkedin.com\/company\/ankadanismanlik\",\"https:\/\/www.youtube.com\/@ANKADanmanlk.official\",\"https:\/\/www.instagram.com\/ankadanismanlik.tr?igsh=MXZ6OXMyd3k2MW5zbA&utm_source=qr\"]}]}<\/script>\n<!-- \/ Yoast SEO plugin. -->","yoast_head_json":{"title":"Arge Merkezi Destekleri - Anka Dan\u0131\u015fmanl\u0131k","robots":{"index":"index","follow":"follow","max-snippet":"max-snippet:-1","max-image-preview":"max-image-preview:large","max-video-preview":"max-video-preview:-1"},"canonical":"https:\/\/ankadanismanlikltd.com\/en\/arge-merkezi-proje-yonetimi\/arge-merkezi-destekleri\/","og_locale":"en_US","og_type":"article","og_title":"Arge Merkezi Destekleri - Anka Dan\u0131\u015fmanl\u0131k","og_description":"Ar-Ge merkezi destekleri, bir \u00fclkenin Ar-Ge faaliyetlerini te\u015fvik etmek ve g\u00fc\u00e7lendirmek i\u00e7in sa\u011flanan \u00e7e\u015fitli h\u00fck\u00fcmet politikalar\u0131 ve programlard\u0131r. Bu destekler, Ar-Ge faaliyetlerini y\u00fcr\u00fcten i\u015fletmelere, \u00fcniversitelere ve ara\u015ft\u0131rma kurulu\u015flar\u0131na y\u00f6nelik olabilir. Ar-Ge merkezi destekleri genellikle \u015funlar\u0131 i\u00e7erir: Finansal Te\u015fvikler:\u00a0Ar-Ge faaliyetlerini desteklemek i\u00e7in sa\u011flanan finansal te\u015fvikler aras\u0131nda hibe programlar\u0131, geri \u00f6demesiz ve geri \u00f6demeli krediler, vergi indirimleri ve vergi istisnalar\u0131 bulunabilir. Altyap\u0131 Deste\u011fi:\u00a0Ar-Ge merkezlerine sa\u011flanan altyap\u0131 deste\u011fi, laboratuvar ekipmanlar\u0131, test ve analiz[&hellip;]","og_url":"https:\/\/ankadanismanlikltd.com\/en\/arge-merkezi-proje-yonetimi\/arge-merkezi-destekleri\/","og_site_name":"Anka Dan\u0131\u015fmanl\u0131k","article_publisher":"https:\/\/www.facebook.com\/ankadanismanlik","article_modified_time":"2024-10-13T10:30:56+00:00","twitter_card":"summary_large_image","twitter_site":"@ankaconsultancy","twitter_misc":{"Est. reading time":"2 minutes"},"schema":{"@context":"https:\/\/schema.org","@graph":[{"@type":"WebPage","@id":"https:\/\/ankadanismanlikltd.com\/en\/arge-merkezi-proje-yonetimi\/arge-merkezi-destekleri\/","url":"https:\/\/ankadanismanlikltd.com\/en\/arge-merkezi-proje-yonetimi\/arge-merkezi-destekleri\/","name":"Arge Merkezi Destekleri - Anka Dan\u0131\u015fmanl\u0131k","isPartOf":{"@id":"https:\/\/ankadanismanlikltd.com\/en\/#website"},"datePublished":"2024-09-21T14:05:07+00:00","dateModified":"2024-10-13T10:30:56+00:00","breadcrumb":{"@id":"https:\/\/ankadanismanlikltd.com\/en\/arge-merkezi-proje-yonetimi\/arge-merkezi-destekleri\/#breadcrumb"},"inLanguage":"en-US","potentialAction":[{"@type":"ReadAction","target":["https:\/\/ankadanismanlikltd.com\/en\/arge-merkezi-proje-yonetimi\/arge-merkezi-destekleri\/"]}]},{"@type":"BreadcrumbList","@id":"https:\/\/ankadanismanlikltd.com\/en\/arge-merkezi-proje-yonetimi\/arge-merkezi-destekleri\/#breadcrumb","itemListElement":[{"@type":"ListItem","position":1,"name":"Anasayfa","item":"https:\/\/ankadanismanlikltd.com\/en\/"},{"@type":"ListItem","position":2,"name":"Arge Merkezi Proje Y\u00f6netimi","item":"https:\/\/ankadanismanlikltd.com\/en\/arge-merkezi-proje-yonetimi\/"},{"@type":"ListItem","position":3,"name":"Arge Merkezi Destekleri"}]},{"@type":"WebSite","@id":"https:\/\/ankadanismanlikltd.com\/en\/#website","url":"https:\/\/ankadanismanlikltd.com\/en\/","name":"Anka Dan\u0131\u015fmanl\u0131k","description":"","publisher":{"@id":"https:\/\/ankadanismanlikltd.com\/en\/#organization"},"potentialAction":[{"@type":"SearchAction","target":{"@type":"EntryPoint","urlTemplate":"https:\/\/ankadanismanlikltd.com\/en\/?s={search_term_string}"},"query-input":{"@type":"PropertyValueSpecification","valueRequired":true,"valueName":"search_term_string"}}],"inLanguage":"en-US"},{"@type":"Organization","@id":"https:\/\/ankadanismanlikltd.com\/en\/#organization","name":"ANKA Dan\u0131\u015fmanl\u0131k","url":"https:\/\/ankadanismanlikltd.com\/en\/","logo":{"@type":"ImageObject","inLanguage":"en-US","@id":"https:\/\/ankadanismanlikltd.com\/en\/#\/schema\/logo\/image\/","url":"https:\/\/ankadanismanlikltd.com\/wp-content\/uploads\/2025\/03\/yeni-logo.jpg","contentUrl":"https:\/\/ankadanismanlikltd.com\/wp-content\/uploads\/2025\/03\/yeni-logo.jpg","width":623,"height":630,"caption":"ANKA Dan\u0131\u015fmanl\u0131k"},"image":{"@id":"https:\/\/ankadanismanlikltd.com\/en\/#\/schema\/logo\/image\/"},"sameAs":["https:\/\/www.facebook.com\/ankadanismanlik","https:\/\/x.com\/ankaconsultancy","https:\/\/www.linkedin.com\/company\/ankadanismanlik","https:\/\/www.youtube.com\/@ANKADanmanlk.official","https:\/\/www.instagram.com\/ankadanismanlik.tr?igsh=MXZ6OXMyd3k2MW5zbA&utm_source=qr"]}]}},"_links":{"self":[{"href":"http:\/\/ankadanismanlikltd.com\/en\/wp-json\/wp\/v2\/pages\/326","targetHints":{"allow":["GET"]}}],"collection":[{"href":"http:\/\/ankadanismanlikltd.com\/en\/wp-json\/wp\/v2\/pages"}],"about":[{"href":"http:\/\/ankadanismanlikltd.com\/en\/wp-json\/wp\/v2\/types\/page"}],"author":[{"embeddable":true,"href":"http:\/\/ankadanismanlikltd.com\/en\/wp-json\/wp\/v2\/users\/1"}],"replies":[{"embeddable":true,"href":"http:\/\/ankadanismanlikltd.com\/en\/wp-json\/wp\/v2\/comments?post=326"}],"version-history":[{"count":3,"href":"http:\/\/ankadanismanlikltd.com\/en\/wp-json\/wp\/v2\/pages\/326\/revisions"}],"predecessor-version":[{"id":724,"href":"http:\/\/ankadanismanlikltd.com\/en\/wp-json\/wp\/v2\/pages\/326\/revisions\/724"}],"up":[{"embeddable":true,"href":"http:\/\/ankadanismanlikltd.com\/en\/wp-json\/wp\/v2\/pages\/325"}],"wp:attachment":[{"href":"http:\/\/ankadanismanlikltd.com\/en\/wp-json\/wp\/v2\/media?parent=326"}],"curies":[{"name":"wp","href":"https:\/\/api.w.org\/{rel}","templated":true}]}}