{"id":327,"date":"2024-09-21T14:03:41","date_gmt":"2024-09-21T14:03:41","guid":{"rendered":"https:\/\/ankadanismanlikltd.com\/?page_id=327"},"modified":"2024-09-22T11:59:12","modified_gmt":"2024-09-22T11:59:12","slug":"patent-ihlal-tespitleri","status":"publish","type":"page","link":"http:\/\/ankadanismanlikltd.com\/en\/patent-ihlal-tespitleri\/","title":{"rendered":"Patent Infringement Detections"},"content":{"rendered":"<p><strong>What is Patent Infringement?<\/strong> Carrying out the following situations without the permission of the patent owner is considered as infringement of the patent right (patent infringement): (Decree Law No. 551, Art. 136)<\/p>\n<ul>\n<li>To produce a patented product,<\/li>\n<li>To manufacture using a patented production method,<\/li>\n<li>Selling, distributing, importing, storing for commercial purposes, and using patented products\/products produced using patented methods,<\/li>\n<li>Participating in acts that lead to patent infringement, encouraging or facilitating such acts,<\/li>\n<li>Not reporting where you obtained counterfeit products from,<\/li>\n<li>Unjustly extending the limits of the license agreement.<\/li>\n<\/ul>\n<p><strong>Patent \u0130hlali Analizi Neden Yap\u0131l\u0131r?<\/strong> Thousands of patent applications are made every year in our country and millions in the world. At this point, especially if you are developing innovative products, there is always a risk of violating someone else's patent in the geography where you produce and sell these products. Even if you patent your products, there is a risk of violating other patents that protect the core elements that form the basis of your products. In such a case, a patent infringement lawsuit that may be filed against you may have very serious commercial consequences. This study is being carried out in order to eliminate such risks. <strong>\u00a0<\/strong> <strong>Patent Infringement Analysis<\/strong> ANKA Consulting; With the cooperation we have established with our patent attorneys, we provide services to our clients with our team of experienced professionals in order to contribute at the highest level to the process of transforming ideas into values \u200b\u200bin the field of Intellectual Property Rights (brand, patent, design, copyright) to many well-established institutions in Turkey. Some of our clients are among the top 10 companies that file the most patent and trademark applications in Turkey every year. With our patent infringement analysis study, it is determined whether a product you produce violates a previously determined patent. This study is carried out by our patent attorneys who are experts in both the relevant technique and patent law. While conducting this study, our patent attorneys also take into account current legal precedents and address the issue in terms of both the letter and the doctrine of equivalents. If deemed necessary, meetings are also held with the clients in order to prepare a targeted report.<\/p>","protected":false},"excerpt":{"rendered":"<p>Patent \u0130hlali Nedir? A\u015fa\u011f\u0131daki durumlar\u0131 patent sahibinin izni olmaks\u0131z\u0131n ger\u00e7ekle\u015ftirmek patent hakk\u0131na tecav\u00fcz (patent ihlali) say\u0131l\u0131r: (551 say\u0131l\u0131 KHK, Md. 136) Patentli bir \u00fcr\u00fcn\u00fc \u00fcretmek, Patentli bir \u00fcretim y\u00f6ntemini kullanarak \u00fcretim yapmak, Patentli \u00fcr\u00fcnleri\/patentli metotla \u00fcretilen \u00fcr\u00fcnleri satmak, da\u011f\u0131tmak, ithal etmek, ticari ama\u00e7la depolamak, kullanmak, Patent ihlaline yol a\u00e7an fiillere i\u015ftirak etmek, bu fiilleri te\u015fvik etmek, yap\u0131lmas\u0131n\u0131 kolayla\u015ft\u0131rmak, Taklit \u00fcr\u00fcnleri nereden temin etti\u011fini bildirmemek, Lisans s\u00f6zle\u015fmesinin s\u0131n\u0131rlar\u0131n\u0131 haks\u0131z yere geni\u015fletmek.[&hellip;]<\/p>","protected":false},"author":1,"featured_media":0,"parent":0,"menu_order":0,"comment_status":"closed","ping_status":"closed","template":"","meta":{"_acf_changed":false,"footnotes":""},"class_list":["post-327","page","type-page","status-publish","hentry"],"acf":[],"yoast_head":"<!-- This site is optimized with the Yoast SEO plugin v25.9 - https:\/\/yoast.com\/wordpress\/plugins\/seo\/ -->\n<title>Patent \u0130hlal Tespitleri - Anka Dan\u0131\u015fmanl\u0131k<\/title>\n<meta name=\"robots\" content=\"index, follow, max-snippet:-1, max-image-preview:large, max-video-preview:-1\" \/>\n<link rel=\"canonical\" href=\"https:\/\/ankadanismanlikltd.com\/en\/patent-ihlal-tespitleri\/\" \/>\n<meta property=\"og:locale\" content=\"en_US\" \/>\n<meta property=\"og:type\" content=\"article\" \/>\n<meta property=\"og:title\" content=\"Patent \u0130hlal Tespitleri - Anka Dan\u0131\u015fmanl\u0131k\" \/>\n<meta property=\"og:description\" content=\"Patent \u0130hlali Nedir? A\u015fa\u011f\u0131daki durumlar\u0131 patent sahibinin izni olmaks\u0131z\u0131n ger\u00e7ekle\u015ftirmek patent hakk\u0131na tecav\u00fcz (patent ihlali) say\u0131l\u0131r: (551 say\u0131l\u0131 KHK, Md. 136) Patentli bir \u00fcr\u00fcn\u00fc \u00fcretmek, Patentli bir \u00fcretim y\u00f6ntemini kullanarak \u00fcretim yapmak, Patentli \u00fcr\u00fcnleri\/patentli metotla \u00fcretilen \u00fcr\u00fcnleri satmak, da\u011f\u0131tmak, ithal etmek, ticari ama\u00e7la depolamak, kullanmak, Patent ihlaline yol a\u00e7an fiillere i\u015ftirak etmek, bu fiilleri te\u015fvik etmek, yap\u0131lmas\u0131n\u0131 kolayla\u015ft\u0131rmak, Taklit \u00fcr\u00fcnleri nereden temin etti\u011fini bildirmemek, Lisans s\u00f6zle\u015fmesinin s\u0131n\u0131rlar\u0131n\u0131 haks\u0131z yere geni\u015fletmek.[&hellip;]\" \/>\n<meta property=\"og:url\" content=\"https:\/\/ankadanismanlikltd.com\/en\/patent-ihlal-tespitleri\/\" \/>\n<meta property=\"og:site_name\" content=\"Anka Dan\u0131\u015fmanl\u0131k\" \/>\n<meta property=\"article:publisher\" content=\"https:\/\/www.facebook.com\/ankadanismanlik\" \/>\n<meta property=\"article:modified_time\" content=\"2024-09-22T11:59:12+00:00\" \/>\n<meta name=\"twitter:card\" content=\"summary_large_image\" \/>\n<meta name=\"twitter:site\" content=\"@ankaconsultancy\" \/>\n<meta name=\"twitter:label1\" content=\"Est. reading time\" \/>\n\t<meta name=\"twitter:data1\" content=\"2 minutes\" \/>\n<script type=\"application\/ld+json\" class=\"yoast-schema-graph\">{\"@context\":\"https:\/\/schema.org\",\"@graph\":[{\"@type\":\"WebPage\",\"@id\":\"https:\/\/ankadanismanlikltd.com\/patent-ihlal-tespitleri\/\",\"url\":\"https:\/\/ankadanismanlikltd.com\/patent-ihlal-tespitleri\/\",\"name\":\"Patent \u0130hlal Tespitleri - Anka Dan\u0131\u015fmanl\u0131k\",\"isPartOf\":{\"@id\":\"https:\/\/ankadanismanlikltd.com\/en\/#website\"},\"datePublished\":\"2024-09-21T14:03:41+00:00\",\"dateModified\":\"2024-09-22T11:59:12+00:00\",\"breadcrumb\":{\"@id\":\"https:\/\/ankadanismanlikltd.com\/patent-ihlal-tespitleri\/#breadcrumb\"},\"inLanguage\":\"en-US\",\"potentialAction\":[{\"@type\":\"ReadAction\",\"target\":[\"https:\/\/ankadanismanlikltd.com\/patent-ihlal-tespitleri\/\"]}]},{\"@type\":\"BreadcrumbList\",\"@id\":\"https:\/\/ankadanismanlikltd.com\/patent-ihlal-tespitleri\/#breadcrumb\",\"itemListElement\":[{\"@type\":\"ListItem\",\"position\":1,\"name\":\"Anasayfa\",\"item\":\"https:\/\/ankadanismanlikltd.com\/en\/\"},{\"@type\":\"ListItem\",\"position\":2,\"name\":\"Patent \u0130hlal Tespitleri\"}]},{\"@type\":\"WebSite\",\"@id\":\"https:\/\/ankadanismanlikltd.com\/en\/#website\",\"url\":\"https:\/\/ankadanismanlikltd.com\/en\/\",\"name\":\"Anka Dan\u0131\u015fmanl\u0131k\",\"description\":\"\",\"publisher\":{\"@id\":\"https:\/\/ankadanismanlikltd.com\/en\/#organization\"},\"potentialAction\":[{\"@type\":\"SearchAction\",\"target\":{\"@type\":\"EntryPoint\",\"urlTemplate\":\"https:\/\/ankadanismanlikltd.com\/en\/?s={search_term_string}\"},\"query-input\":{\"@type\":\"PropertyValueSpecification\",\"valueRequired\":true,\"valueName\":\"search_term_string\"}}],\"inLanguage\":\"en-US\"},{\"@type\":\"Organization\",\"@id\":\"https:\/\/ankadanismanlikltd.com\/en\/#organization\",\"name\":\"ANKA Dan\u0131\u015fmanl\u0131k\",\"url\":\"https:\/\/ankadanismanlikltd.com\/en\/\",\"logo\":{\"@type\":\"ImageObject\",\"inLanguage\":\"en-US\",\"@id\":\"https:\/\/ankadanismanlikltd.com\/en\/#\/schema\/logo\/image\/\",\"url\":\"https:\/\/ankadanismanlikltd.com\/wp-content\/uploads\/2025\/03\/yeni-logo.jpg\",\"contentUrl\":\"https:\/\/ankadanismanlikltd.com\/wp-content\/uploads\/2025\/03\/yeni-logo.jpg\",\"width\":623,\"height\":630,\"caption\":\"ANKA Dan\u0131\u015fmanl\u0131k\"},\"image\":{\"@id\":\"https:\/\/ankadanismanlikltd.com\/en\/#\/schema\/logo\/image\/\"},\"sameAs\":[\"https:\/\/www.facebook.com\/ankadanismanlik\",\"https:\/\/x.com\/ankaconsultancy\",\"https:\/\/www.linkedin.com\/company\/ankadanismanlik\",\"https:\/\/www.youtube.com\/@ANKADanmanlk.official\",\"https:\/\/www.instagram.com\/ankadanismanlik.tr?igsh=MXZ6OXMyd3k2MW5zbA&utm_source=qr\"]}]}<\/script>\n<!-- \/ Yoast SEO plugin. -->","yoast_head_json":{"title":"Patent \u0130hlal Tespitleri - Anka Dan\u0131\u015fmanl\u0131k","robots":{"index":"index","follow":"follow","max-snippet":"max-snippet:-1","max-image-preview":"max-image-preview:large","max-video-preview":"max-video-preview:-1"},"canonical":"https:\/\/ankadanismanlikltd.com\/en\/patent-ihlal-tespitleri\/","og_locale":"en_US","og_type":"article","og_title":"Patent \u0130hlal Tespitleri - Anka Dan\u0131\u015fmanl\u0131k","og_description":"Patent \u0130hlali Nedir? A\u015fa\u011f\u0131daki durumlar\u0131 patent sahibinin izni olmaks\u0131z\u0131n ger\u00e7ekle\u015ftirmek patent hakk\u0131na tecav\u00fcz (patent ihlali) say\u0131l\u0131r: (551 say\u0131l\u0131 KHK, Md. 136) Patentli bir \u00fcr\u00fcn\u00fc \u00fcretmek, Patentli bir \u00fcretim y\u00f6ntemini kullanarak \u00fcretim yapmak, Patentli \u00fcr\u00fcnleri\/patentli metotla \u00fcretilen \u00fcr\u00fcnleri satmak, da\u011f\u0131tmak, ithal etmek, ticari ama\u00e7la depolamak, kullanmak, Patent ihlaline yol a\u00e7an fiillere i\u015ftirak etmek, bu fiilleri te\u015fvik etmek, yap\u0131lmas\u0131n\u0131 kolayla\u015ft\u0131rmak, Taklit \u00fcr\u00fcnleri nereden temin etti\u011fini bildirmemek, Lisans s\u00f6zle\u015fmesinin s\u0131n\u0131rlar\u0131n\u0131 haks\u0131z yere geni\u015fletmek.[&hellip;]","og_url":"https:\/\/ankadanismanlikltd.com\/en\/patent-ihlal-tespitleri\/","og_site_name":"Anka Dan\u0131\u015fmanl\u0131k","article_publisher":"https:\/\/www.facebook.com\/ankadanismanlik","article_modified_time":"2024-09-22T11:59:12+00:00","twitter_card":"summary_large_image","twitter_site":"@ankaconsultancy","twitter_misc":{"Est. reading time":"2 minutes"},"schema":{"@context":"https:\/\/schema.org","@graph":[{"@type":"WebPage","@id":"https:\/\/ankadanismanlikltd.com\/patent-ihlal-tespitleri\/","url":"https:\/\/ankadanismanlikltd.com\/patent-ihlal-tespitleri\/","name":"Patent \u0130hlal Tespitleri - Anka Dan\u0131\u015fmanl\u0131k","isPartOf":{"@id":"https:\/\/ankadanismanlikltd.com\/en\/#website"},"datePublished":"2024-09-21T14:03:41+00:00","dateModified":"2024-09-22T11:59:12+00:00","breadcrumb":{"@id":"https:\/\/ankadanismanlikltd.com\/patent-ihlal-tespitleri\/#breadcrumb"},"inLanguage":"en-US","potentialAction":[{"@type":"ReadAction","target":["https:\/\/ankadanismanlikltd.com\/patent-ihlal-tespitleri\/"]}]},{"@type":"BreadcrumbList","@id":"https:\/\/ankadanismanlikltd.com\/patent-ihlal-tespitleri\/#breadcrumb","itemListElement":[{"@type":"ListItem","position":1,"name":"Anasayfa","item":"https:\/\/ankadanismanlikltd.com\/en\/"},{"@type":"ListItem","position":2,"name":"Patent \u0130hlal Tespitleri"}]},{"@type":"WebSite","@id":"https:\/\/ankadanismanlikltd.com\/en\/#website","url":"https:\/\/ankadanismanlikltd.com\/en\/","name":"Anka Dan\u0131\u015fmanl\u0131k","description":"","publisher":{"@id":"https:\/\/ankadanismanlikltd.com\/en\/#organization"},"potentialAction":[{"@type":"SearchAction","target":{"@type":"EntryPoint","urlTemplate":"https:\/\/ankadanismanlikltd.com\/en\/?s={search_term_string}"},"query-input":{"@type":"PropertyValueSpecification","valueRequired":true,"valueName":"search_term_string"}}],"inLanguage":"en-US"},{"@type":"Organization","@id":"https:\/\/ankadanismanlikltd.com\/en\/#organization","name":"ANKA Dan\u0131\u015fmanl\u0131k","url":"https:\/\/ankadanismanlikltd.com\/en\/","logo":{"@type":"ImageObject","inLanguage":"en-US","@id":"https:\/\/ankadanismanlikltd.com\/en\/#\/schema\/logo\/image\/","url":"https:\/\/ankadanismanlikltd.com\/wp-content\/uploads\/2025\/03\/yeni-logo.jpg","contentUrl":"https:\/\/ankadanismanlikltd.com\/wp-content\/uploads\/2025\/03\/yeni-logo.jpg","width":623,"height":630,"caption":"ANKA Dan\u0131\u015fmanl\u0131k"},"image":{"@id":"https:\/\/ankadanismanlikltd.com\/en\/#\/schema\/logo\/image\/"},"sameAs":["https:\/\/www.facebook.com\/ankadanismanlik","https:\/\/x.com\/ankaconsultancy","https:\/\/www.linkedin.com\/company\/ankadanismanlik","https:\/\/www.youtube.com\/@ANKADanmanlk.official","https:\/\/www.instagram.com\/ankadanismanlik.tr?igsh=MXZ6OXMyd3k2MW5zbA&utm_source=qr"]}]}},"_links":{"self":[{"href":"http:\/\/ankadanismanlikltd.com\/en\/wp-json\/wp\/v2\/pages\/327","targetHints":{"allow":["GET"]}}],"collection":[{"href":"http:\/\/ankadanismanlikltd.com\/en\/wp-json\/wp\/v2\/pages"}],"about":[{"href":"http:\/\/ankadanismanlikltd.com\/en\/wp-json\/wp\/v2\/types\/page"}],"author":[{"embeddable":true,"href":"http:\/\/ankadanismanlikltd.com\/en\/wp-json\/wp\/v2\/users\/1"}],"replies":[{"embeddable":true,"href":"http:\/\/ankadanismanlikltd.com\/en\/wp-json\/wp\/v2\/comments?post=327"}],"version-history":[{"count":2,"href":"http:\/\/ankadanismanlikltd.com\/en\/wp-json\/wp\/v2\/pages\/327\/revisions"}],"predecessor-version":[{"id":462,"href":"http:\/\/ankadanismanlikltd.com\/en\/wp-json\/wp\/v2\/pages\/327\/revisions\/462"}],"wp:attachment":[{"href":"http:\/\/ankadanismanlikltd.com\/en\/wp-json\/wp\/v2\/media?parent=327"}],"curies":[{"name":"wp","href":"https:\/\/api.w.org\/{rel}","templated":true}]}}