{"id":328,"date":"2024-09-21T14:02:25","date_gmt":"2024-09-21T14:02:25","guid":{"rendered":"https:\/\/ankadanismanlikltd.com\/?page_id=328"},"modified":"2024-10-13T10:30:05","modified_gmt":"2024-10-13T10:30:05","slug":"yolsuzluk-tespiti","status":"publish","type":"page","link":"http:\/\/ankadanismanlikltd.com\/en\/yolsuzluk-tespiti\/","title":{"rendered":"Corruption Detection"},"content":{"rendered":"<p>Corruption detection is the process of identifying, documenting and addressing signs of corruption within an organization or a society.<\/p>\n<p>Corruption often takes the form of misuse of public resources, bribery, illegal payments, conflict of interest, and unethical behavior. Here are some methods used to detect corruption:<\/p>\n<p><strong>Internal Control Systems:<\/strong>\u00a0Well-designed and effective internal control systems can help reduce the risk of fraud. Internal control systems include the policies and procedures that guide the activities of the business, as well as appropriate monitoring mechanisms.<\/p>\n<p><strong>Audits and Surveillance:<\/strong>\u00a0Regular audits and surveillance activities are an important tool for detecting potential corruption. Internal auditors and external auditing firms look for signs of corruption by examining the organization's activities and identifying risk areas.<\/p>\n<p><strong>Hotline and Complaint Mechanisms:<\/strong>\u00a0Organizations should provide employees and other stakeholders with a safe channel to report complaints of corruption. Hotlines and complaint mechanisms are an important resource for detecting potential corruption.<\/p>\n<p><strong>Data Analysis and Statistical Techniques:<\/strong>\u00a0Big data analysis and statistical techniques can be used to detect signs of corruption. Analysis of anomalies, inconsistencies, and patterns can reveal potential corruption.<\/p>\n<p><strong>Education and Awareness:<\/strong>\u00a0It is important to raise awareness of corruption within the organization and encourage ethical behavior. Providing regular training to employees on ethics and anti-corruption policies can reduce the risk of corruption.<\/p>\n<p>The process of detecting corruption can be complex and often requires multiple methods. Additionally, one of the most effective strategies for combating corruption is to create an open and transparent culture within the organization. This encourages cooperation and support in the fight against corruption.<\/p>","protected":false},"excerpt":{"rendered":"<p>Yolsuzluk tespiti, bir organizasyon i\u00e7inde veya bir toplumda yolsuzluk belirtilerini tan\u0131mlama, belgeleme ve ele alma s\u00fcrecidir. Yolsuzluk genellikle kamu kaynaklar\u0131n\u0131n k\u00f6t\u00fcye kullan\u0131m\u0131, r\u00fc\u015fvet, yasa d\u0131\u015f\u0131 \u00f6demeler, \u00e7\u0131kar \u00e7at\u0131\u015fmas\u0131 ve etik d\u0131\u015f\u0131 davran\u0131\u015flar gibi bi\u00e7imlerde ortaya \u00e7\u0131kabilir. \u0130\u015fte yolsuzluk tespitinde kullan\u0131lan baz\u0131 y\u00f6ntemler: \u0130\u00e7 Kontrol Sistemleri:\u00a0\u0130yi tasarlanm\u0131\u015f ve etkili i\u00e7 kontrol sistemleri, yolsuzluk riskini azaltmaya yard\u0131mc\u0131 olabilir. \u0130\u00e7 kontrol sistemleri, i\u015fletmenin faaliyetlerini y\u00f6nlendiren politika ve prosed\u00fcrlerin yan\u0131 s\u0131ra uygun izleme mekanizmalar\u0131n\u0131[&hellip;]<\/p>","protected":false},"author":1,"featured_media":0,"parent":0,"menu_order":0,"comment_status":"closed","ping_status":"closed","template":"","meta":{"_acf_changed":false,"footnotes":""},"class_list":["post-328","page","type-page","status-publish","hentry"],"acf":[],"yoast_head":"<!-- This site is optimized with the Yoast SEO plugin v25.9 - https:\/\/yoast.com\/wordpress\/plugins\/seo\/ -->\n<title>Yolsuzluk Tespiti - Anka Dan\u0131\u015fmanl\u0131k<\/title>\n<meta name=\"robots\" content=\"index, follow, max-snippet:-1, max-image-preview:large, max-video-preview:-1\" \/>\n<link rel=\"canonical\" href=\"https:\/\/ankadanismanlikltd.com\/en\/yolsuzluk-tespiti\/\" \/>\n<meta property=\"og:locale\" content=\"en_US\" \/>\n<meta property=\"og:type\" content=\"article\" \/>\n<meta property=\"og:title\" content=\"Yolsuzluk Tespiti - Anka Dan\u0131\u015fmanl\u0131k\" \/>\n<meta property=\"og:description\" content=\"Yolsuzluk tespiti, bir organizasyon i\u00e7inde veya bir toplumda yolsuzluk belirtilerini tan\u0131mlama, belgeleme ve ele alma s\u00fcrecidir. Yolsuzluk genellikle kamu kaynaklar\u0131n\u0131n k\u00f6t\u00fcye kullan\u0131m\u0131, r\u00fc\u015fvet, yasa d\u0131\u015f\u0131 \u00f6demeler, \u00e7\u0131kar \u00e7at\u0131\u015fmas\u0131 ve etik d\u0131\u015f\u0131 davran\u0131\u015flar gibi bi\u00e7imlerde ortaya \u00e7\u0131kabilir. \u0130\u015fte yolsuzluk tespitinde kullan\u0131lan baz\u0131 y\u00f6ntemler: \u0130\u00e7 Kontrol Sistemleri:\u00a0\u0130yi tasarlanm\u0131\u015f ve etkili i\u00e7 kontrol sistemleri, yolsuzluk riskini azaltmaya yard\u0131mc\u0131 olabilir. \u0130\u00e7 kontrol sistemleri, i\u015fletmenin faaliyetlerini y\u00f6nlendiren politika ve prosed\u00fcrlerin yan\u0131 s\u0131ra uygun izleme mekanizmalar\u0131n\u0131[&hellip;]\" \/>\n<meta property=\"og:url\" content=\"https:\/\/ankadanismanlikltd.com\/en\/yolsuzluk-tespiti\/\" \/>\n<meta property=\"og:site_name\" content=\"Anka Dan\u0131\u015fmanl\u0131k\" \/>\n<meta property=\"article:publisher\" content=\"https:\/\/www.facebook.com\/ankadanismanlik\" \/>\n<meta property=\"article:modified_time\" content=\"2024-10-13T10:30:05+00:00\" \/>\n<meta name=\"twitter:card\" content=\"summary_large_image\" \/>\n<meta name=\"twitter:site\" content=\"@ankaconsultancy\" \/>\n<meta name=\"twitter:label1\" content=\"Est. reading time\" \/>\n\t<meta name=\"twitter:data1\" content=\"2 minutes\" \/>\n<script type=\"application\/ld+json\" class=\"yoast-schema-graph\">{\"@context\":\"https:\/\/schema.org\",\"@graph\":[{\"@type\":\"WebPage\",\"@id\":\"https:\/\/ankadanismanlikltd.com\/en\/yolsuzluk-tespiti\/\",\"url\":\"https:\/\/ankadanismanlikltd.com\/en\/yolsuzluk-tespiti\/\",\"name\":\"Yolsuzluk Tespiti - Anka Dan\u0131\u015fmanl\u0131k\",\"isPartOf\":{\"@id\":\"https:\/\/ankadanismanlikltd.com\/en\/#website\"},\"datePublished\":\"2024-09-21T14:02:25+00:00\",\"dateModified\":\"2024-10-13T10:30:05+00:00\",\"breadcrumb\":{\"@id\":\"https:\/\/ankadanismanlikltd.com\/en\/yolsuzluk-tespiti\/#breadcrumb\"},\"inLanguage\":\"en-US\",\"potentialAction\":[{\"@type\":\"ReadAction\",\"target\":[\"https:\/\/ankadanismanlikltd.com\/en\/yolsuzluk-tespiti\/\"]}]},{\"@type\":\"BreadcrumbList\",\"@id\":\"https:\/\/ankadanismanlikltd.com\/en\/yolsuzluk-tespiti\/#breadcrumb\",\"itemListElement\":[{\"@type\":\"ListItem\",\"position\":1,\"name\":\"Anasayfa\",\"item\":\"https:\/\/ankadanismanlikltd.com\/en\/\"},{\"@type\":\"ListItem\",\"position\":2,\"name\":\"Yolsuzluk Tespiti\"}]},{\"@type\":\"WebSite\",\"@id\":\"https:\/\/ankadanismanlikltd.com\/en\/#website\",\"url\":\"https:\/\/ankadanismanlikltd.com\/en\/\",\"name\":\"Anka Dan\u0131\u015fmanl\u0131k\",\"description\":\"\",\"publisher\":{\"@id\":\"https:\/\/ankadanismanlikltd.com\/en\/#organization\"},\"potentialAction\":[{\"@type\":\"SearchAction\",\"target\":{\"@type\":\"EntryPoint\",\"urlTemplate\":\"https:\/\/ankadanismanlikltd.com\/en\/?s={search_term_string}\"},\"query-input\":{\"@type\":\"PropertyValueSpecification\",\"valueRequired\":true,\"valueName\":\"search_term_string\"}}],\"inLanguage\":\"en-US\"},{\"@type\":\"Organization\",\"@id\":\"https:\/\/ankadanismanlikltd.com\/en\/#organization\",\"name\":\"ANKA Dan\u0131\u015fmanl\u0131k\",\"url\":\"https:\/\/ankadanismanlikltd.com\/en\/\",\"logo\":{\"@type\":\"ImageObject\",\"inLanguage\":\"en-US\",\"@id\":\"https:\/\/ankadanismanlikltd.com\/en\/#\/schema\/logo\/image\/\",\"url\":\"https:\/\/ankadanismanlikltd.com\/wp-content\/uploads\/2025\/03\/yeni-logo.jpg\",\"contentUrl\":\"https:\/\/ankadanismanlikltd.com\/wp-content\/uploads\/2025\/03\/yeni-logo.jpg\",\"width\":623,\"height\":630,\"caption\":\"ANKA Dan\u0131\u015fmanl\u0131k\"},\"image\":{\"@id\":\"https:\/\/ankadanismanlikltd.com\/en\/#\/schema\/logo\/image\/\"},\"sameAs\":[\"https:\/\/www.facebook.com\/ankadanismanlik\",\"https:\/\/x.com\/ankaconsultancy\",\"https:\/\/www.linkedin.com\/company\/ankadanismanlik\",\"https:\/\/www.youtube.com\/@ANKADanmanlk.official\",\"https:\/\/www.instagram.com\/ankadanismanlik.tr?igsh=MXZ6OXMyd3k2MW5zbA&utm_source=qr\"]}]}<\/script>\n<!-- \/ Yoast SEO plugin. -->","yoast_head_json":{"title":"Yolsuzluk Tespiti - Anka Dan\u0131\u015fmanl\u0131k","robots":{"index":"index","follow":"follow","max-snippet":"max-snippet:-1","max-image-preview":"max-image-preview:large","max-video-preview":"max-video-preview:-1"},"canonical":"https:\/\/ankadanismanlikltd.com\/en\/yolsuzluk-tespiti\/","og_locale":"en_US","og_type":"article","og_title":"Yolsuzluk Tespiti - Anka Dan\u0131\u015fmanl\u0131k","og_description":"Yolsuzluk tespiti, bir organizasyon i\u00e7inde veya bir toplumda yolsuzluk belirtilerini tan\u0131mlama, belgeleme ve ele alma s\u00fcrecidir. Yolsuzluk genellikle kamu kaynaklar\u0131n\u0131n k\u00f6t\u00fcye kullan\u0131m\u0131, r\u00fc\u015fvet, yasa d\u0131\u015f\u0131 \u00f6demeler, \u00e7\u0131kar \u00e7at\u0131\u015fmas\u0131 ve etik d\u0131\u015f\u0131 davran\u0131\u015flar gibi bi\u00e7imlerde ortaya \u00e7\u0131kabilir. \u0130\u015fte yolsuzluk tespitinde kullan\u0131lan baz\u0131 y\u00f6ntemler: \u0130\u00e7 Kontrol Sistemleri:\u00a0\u0130yi tasarlanm\u0131\u015f ve etkili i\u00e7 kontrol sistemleri, yolsuzluk riskini azaltmaya yard\u0131mc\u0131 olabilir. \u0130\u00e7 kontrol sistemleri, i\u015fletmenin faaliyetlerini y\u00f6nlendiren politika ve prosed\u00fcrlerin yan\u0131 s\u0131ra uygun izleme mekanizmalar\u0131n\u0131[&hellip;]","og_url":"https:\/\/ankadanismanlikltd.com\/en\/yolsuzluk-tespiti\/","og_site_name":"Anka Dan\u0131\u015fmanl\u0131k","article_publisher":"https:\/\/www.facebook.com\/ankadanismanlik","article_modified_time":"2024-10-13T10:30:05+00:00","twitter_card":"summary_large_image","twitter_site":"@ankaconsultancy","twitter_misc":{"Est. reading time":"2 minutes"},"schema":{"@context":"https:\/\/schema.org","@graph":[{"@type":"WebPage","@id":"https:\/\/ankadanismanlikltd.com\/en\/yolsuzluk-tespiti\/","url":"https:\/\/ankadanismanlikltd.com\/en\/yolsuzluk-tespiti\/","name":"Yolsuzluk Tespiti - Anka Dan\u0131\u015fmanl\u0131k","isPartOf":{"@id":"https:\/\/ankadanismanlikltd.com\/en\/#website"},"datePublished":"2024-09-21T14:02:25+00:00","dateModified":"2024-10-13T10:30:05+00:00","breadcrumb":{"@id":"https:\/\/ankadanismanlikltd.com\/en\/yolsuzluk-tespiti\/#breadcrumb"},"inLanguage":"en-US","potentialAction":[{"@type":"ReadAction","target":["https:\/\/ankadanismanlikltd.com\/en\/yolsuzluk-tespiti\/"]}]},{"@type":"BreadcrumbList","@id":"https:\/\/ankadanismanlikltd.com\/en\/yolsuzluk-tespiti\/#breadcrumb","itemListElement":[{"@type":"ListItem","position":1,"name":"Anasayfa","item":"https:\/\/ankadanismanlikltd.com\/en\/"},{"@type":"ListItem","position":2,"name":"Yolsuzluk Tespiti"}]},{"@type":"WebSite","@id":"https:\/\/ankadanismanlikltd.com\/en\/#website","url":"https:\/\/ankadanismanlikltd.com\/en\/","name":"Anka Dan\u0131\u015fmanl\u0131k","description":"","publisher":{"@id":"https:\/\/ankadanismanlikltd.com\/en\/#organization"},"potentialAction":[{"@type":"SearchAction","target":{"@type":"EntryPoint","urlTemplate":"https:\/\/ankadanismanlikltd.com\/en\/?s={search_term_string}"},"query-input":{"@type":"PropertyValueSpecification","valueRequired":true,"valueName":"search_term_string"}}],"inLanguage":"en-US"},{"@type":"Organization","@id":"https:\/\/ankadanismanlikltd.com\/en\/#organization","name":"ANKA Dan\u0131\u015fmanl\u0131k","url":"https:\/\/ankadanismanlikltd.com\/en\/","logo":{"@type":"ImageObject","inLanguage":"en-US","@id":"https:\/\/ankadanismanlikltd.com\/en\/#\/schema\/logo\/image\/","url":"https:\/\/ankadanismanlikltd.com\/wp-content\/uploads\/2025\/03\/yeni-logo.jpg","contentUrl":"https:\/\/ankadanismanlikltd.com\/wp-content\/uploads\/2025\/03\/yeni-logo.jpg","width":623,"height":630,"caption":"ANKA Dan\u0131\u015fmanl\u0131k"},"image":{"@id":"https:\/\/ankadanismanlikltd.com\/en\/#\/schema\/logo\/image\/"},"sameAs":["https:\/\/www.facebook.com\/ankadanismanlik","https:\/\/x.com\/ankaconsultancy","https:\/\/www.linkedin.com\/company\/ankadanismanlik","https:\/\/www.youtube.com\/@ANKADanmanlk.official","https:\/\/www.instagram.com\/ankadanismanlik.tr?igsh=MXZ6OXMyd3k2MW5zbA&utm_source=qr"]}]}},"_links":{"self":[{"href":"http:\/\/ankadanismanlikltd.com\/en\/wp-json\/wp\/v2\/pages\/328","targetHints":{"allow":["GET"]}}],"collection":[{"href":"http:\/\/ankadanismanlikltd.com\/en\/wp-json\/wp\/v2\/pages"}],"about":[{"href":"http:\/\/ankadanismanlikltd.com\/en\/wp-json\/wp\/v2\/types\/page"}],"author":[{"embeddable":true,"href":"http:\/\/ankadanismanlikltd.com\/en\/wp-json\/wp\/v2\/users\/1"}],"replies":[{"embeddable":true,"href":"http:\/\/ankadanismanlikltd.com\/en\/wp-json\/wp\/v2\/comments?post=328"}],"version-history":[{"count":3,"href":"http:\/\/ankadanismanlikltd.com\/en\/wp-json\/wp\/v2\/pages\/328\/revisions"}],"predecessor-version":[{"id":723,"href":"http:\/\/ankadanismanlikltd.com\/en\/wp-json\/wp\/v2\/pages\/328\/revisions\/723"}],"wp:attachment":[{"href":"http:\/\/ankadanismanlikltd.com\/en\/wp-json\/wp\/v2\/media?parent=328"}],"curies":[{"name":"wp","href":"https:\/\/api.w.org\/{rel}","templated":true}]}}