{"id":329,"date":"2024-09-21T14:02:15","date_gmt":"2024-09-21T14:02:15","guid":{"rendered":"https:\/\/ankadanismanlikltd.com\/?page_id=329"},"modified":"2024-09-22T11:56:41","modified_gmt":"2024-09-22T11:56:41","slug":"risk-yonetimi","status":"publish","type":"page","link":"http:\/\/ankadanismanlikltd.com\/en\/risk-yonetimi\/","title":{"rendered":"Risk Management"},"content":{"rendered":"<p>Risk management is the process of identifying, assessing, controlling, and monitoring uncertainties that an organization or individual may face. In business, risk management is often used to identify and take action against potential hazards that could prevent an organization from achieving its goals. Here are the key elements of risk management:<\/p>\n<p><strong>Risk Identification:<\/strong> The first step in the risk management process is to identify the potential risks that an organization or business may face. This includes operational, financial, strategic and reputational risks that may occur in internal and external environments.<\/p>\n<p><strong>Risk assessment:<\/strong> The severity, probability and impacts of the identified risks are assessed. This assessment is done to determine the importance of each risk and to prioritize it.<\/p>\n<p><strong>Risk Control:<\/strong> Risk management develops strategies and controls to reduce or manage identified risks. This may mean reducing or transferring risks to acceptable levels.<\/p>\n<p><strong>Risk Monitoring and Review:<\/strong> The risk management process is a continuous process and should be monitored and reviewed regularly. This allows the organization to adapt to changing conditions and emerging risks.<\/p>\n<p>Risk management helps businesses cope with unexpected situations while ensuring their sustainability and success. It also minimizes potential losses and ensures more efficient use of resources.<\/p>\n<p>These concepts apply to individuals and governments as well as businesses. At every level, risk management must be done in a planned and systematic manner.<\/p>","protected":false},"excerpt":{"rendered":"<p>Risk y\u00f6netimi, bir organizasyonun veya bireyin kar\u015f\u0131la\u015fabilece\u011fi belirsizliklerin tan\u0131mlanmas\u0131, de\u011ferlendirilmesi, kontrol edilmesi ve izlenmesi s\u00fcrecidir. \u0130\u015f d\u00fcnyas\u0131nda, risk y\u00f6netimi genellikle organizasyonun hedeflerini ger\u00e7ekle\u015ftirmesine engel olabilecek potansiyel tehlikeleri tan\u0131mlamak ve bunlara kar\u015f\u0131 \u00f6nlem almak i\u00e7in kullan\u0131l\u0131r. \u0130\u015fte risk y\u00f6netiminin temel unsurlar\u0131: Risk Tan\u0131mlama: Risk y\u00f6netimi s\u00fcrecinin ilk ad\u0131m\u0131, organizasyonun veya i\u015fletmenin kar\u015f\u0131la\u015fabilece\u011fi potansiyel riskleri tan\u0131mlamakt\u0131r. Bu, i\u00e7 ve d\u0131\u015f ortamlarda olu\u015fabilecek operasyonel, finansal, stratejik ve itibari riskleri i\u00e7erir. Risk De\u011ferlendirmesi: Tan\u0131mlanan[&hellip;]<\/p>","protected":false},"author":1,"featured_media":0,"parent":0,"menu_order":0,"comment_status":"closed","ping_status":"closed","template":"","meta":{"_acf_changed":false,"footnotes":""},"class_list":["post-329","page","type-page","status-publish","hentry"],"acf":[],"yoast_head":"<!-- This site is optimized with the Yoast SEO plugin v25.9 - https:\/\/yoast.com\/wordpress\/plugins\/seo\/ -->\n<title>Risk Y\u00f6netimi - Anka Dan\u0131\u015fmanl\u0131k<\/title>\n<meta name=\"robots\" content=\"index, follow, max-snippet:-1, max-image-preview:large, max-video-preview:-1\" \/>\n<link rel=\"canonical\" href=\"http:\/\/ankadanismanlikltd.com\/en\/risk-yonetimi\/\" \/>\n<meta property=\"og:locale\" content=\"en_US\" \/>\n<meta property=\"og:type\" content=\"article\" \/>\n<meta property=\"og:title\" content=\"Risk Y\u00f6netimi - Anka Dan\u0131\u015fmanl\u0131k\" \/>\n<meta property=\"og:description\" content=\"Risk y\u00f6netimi, bir organizasyonun veya bireyin kar\u015f\u0131la\u015fabilece\u011fi belirsizliklerin tan\u0131mlanmas\u0131, de\u011ferlendirilmesi, kontrol edilmesi ve izlenmesi s\u00fcrecidir. \u0130\u015f d\u00fcnyas\u0131nda, risk y\u00f6netimi genellikle organizasyonun hedeflerini ger\u00e7ekle\u015ftirmesine engel olabilecek potansiyel tehlikeleri tan\u0131mlamak ve bunlara kar\u015f\u0131 \u00f6nlem almak i\u00e7in kullan\u0131l\u0131r. \u0130\u015fte risk y\u00f6netiminin temel unsurlar\u0131: Risk Tan\u0131mlama: Risk y\u00f6netimi s\u00fcrecinin ilk ad\u0131m\u0131, organizasyonun veya i\u015fletmenin kar\u015f\u0131la\u015fabilece\u011fi potansiyel riskleri tan\u0131mlamakt\u0131r. Bu, i\u00e7 ve d\u0131\u015f ortamlarda olu\u015fabilecek operasyonel, finansal, stratejik ve itibari riskleri i\u00e7erir. Risk De\u011ferlendirmesi: Tan\u0131mlanan[&hellip;]\" \/>\n<meta property=\"og:url\" content=\"http:\/\/ankadanismanlikltd.com\/en\/risk-yonetimi\/\" \/>\n<meta property=\"og:site_name\" content=\"Anka Dan\u0131\u015fmanl\u0131k\" \/>\n<meta property=\"article:publisher\" content=\"https:\/\/www.facebook.com\/ankadanismanlik\" \/>\n<meta property=\"article:modified_time\" content=\"2024-09-22T11:56:41+00:00\" \/>\n<meta name=\"twitter:card\" content=\"summary_large_image\" \/>\n<meta name=\"twitter:site\" content=\"@ankaconsultancy\" \/>\n<meta name=\"twitter:label1\" content=\"Est. reading time\" \/>\n\t<meta name=\"twitter:data1\" content=\"1 minute\" \/>\n<script type=\"application\/ld+json\" class=\"yoast-schema-graph\">{\"@context\":\"https:\/\/schema.org\",\"@graph\":[{\"@type\":\"WebPage\",\"@id\":\"http:\/\/ankadanismanlikltd.com\/en\/risk-yonetimi\/\",\"url\":\"http:\/\/ankadanismanlikltd.com\/en\/risk-yonetimi\/\",\"name\":\"Risk Y\u00f6netimi - Anka Dan\u0131\u015fmanl\u0131k\",\"isPartOf\":{\"@id\":\"http:\/\/ankadanismanlikltd.com\/en\/#website\"},\"datePublished\":\"2024-09-21T14:02:15+00:00\",\"dateModified\":\"2024-09-22T11:56:41+00:00\",\"breadcrumb\":{\"@id\":\"http:\/\/ankadanismanlikltd.com\/en\/risk-yonetimi\/#breadcrumb\"},\"inLanguage\":\"en-US\",\"potentialAction\":[{\"@type\":\"ReadAction\",\"target\":[\"http:\/\/ankadanismanlikltd.com\/en\/risk-yonetimi\/\"]}]},{\"@type\":\"BreadcrumbList\",\"@id\":\"http:\/\/ankadanismanlikltd.com\/en\/risk-yonetimi\/#breadcrumb\",\"itemListElement\":[{\"@type\":\"ListItem\",\"position\":1,\"name\":\"Anasayfa\",\"item\":\"http:\/\/ankadanismanlikltd.com\/en\/\"},{\"@type\":\"ListItem\",\"position\":2,\"name\":\"Risk Y\u00f6netimi\"}]},{\"@type\":\"WebSite\",\"@id\":\"http:\/\/ankadanismanlikltd.com\/en\/#website\",\"url\":\"http:\/\/ankadanismanlikltd.com\/en\/\",\"name\":\"Anka Dan\u0131\u015fmanl\u0131k\",\"description\":\"\",\"publisher\":{\"@id\":\"http:\/\/ankadanismanlikltd.com\/en\/#organization\"},\"potentialAction\":[{\"@type\":\"SearchAction\",\"target\":{\"@type\":\"EntryPoint\",\"urlTemplate\":\"http:\/\/ankadanismanlikltd.com\/en\/?s={search_term_string}\"},\"query-input\":{\"@type\":\"PropertyValueSpecification\",\"valueRequired\":true,\"valueName\":\"search_term_string\"}}],\"inLanguage\":\"en-US\"},{\"@type\":\"Organization\",\"@id\":\"http:\/\/ankadanismanlikltd.com\/en\/#organization\",\"name\":\"ANKA Dan\u0131\u015fmanl\u0131k\",\"url\":\"http:\/\/ankadanismanlikltd.com\/en\/\",\"logo\":{\"@type\":\"ImageObject\",\"inLanguage\":\"en-US\",\"@id\":\"http:\/\/ankadanismanlikltd.com\/en\/#\/schema\/logo\/image\/\",\"url\":\"https:\/\/ankadanismanlikltd.com\/wp-content\/uploads\/2025\/03\/yeni-logo.jpg\",\"contentUrl\":\"https:\/\/ankadanismanlikltd.com\/wp-content\/uploads\/2025\/03\/yeni-logo.jpg\",\"width\":623,\"height\":630,\"caption\":\"ANKA Dan\u0131\u015fmanl\u0131k\"},\"image\":{\"@id\":\"http:\/\/ankadanismanlikltd.com\/en\/#\/schema\/logo\/image\/\"},\"sameAs\":[\"https:\/\/www.facebook.com\/ankadanismanlik\",\"https:\/\/x.com\/ankaconsultancy\",\"https:\/\/www.linkedin.com\/company\/ankadanismanlik\",\"https:\/\/www.youtube.com\/@ANKADanmanlk.official\",\"https:\/\/www.instagram.com\/ankadanismanlik.tr?igsh=MXZ6OXMyd3k2MW5zbA&utm_source=qr\"]}]}<\/script>\n<!-- \/ Yoast SEO plugin. -->","yoast_head_json":{"title":"Risk Y\u00f6netimi - Anka Dan\u0131\u015fmanl\u0131k","robots":{"index":"index","follow":"follow","max-snippet":"max-snippet:-1","max-image-preview":"max-image-preview:large","max-video-preview":"max-video-preview:-1"},"canonical":"http:\/\/ankadanismanlikltd.com\/en\/risk-yonetimi\/","og_locale":"en_US","og_type":"article","og_title":"Risk Y\u00f6netimi - Anka Dan\u0131\u015fmanl\u0131k","og_description":"Risk y\u00f6netimi, bir organizasyonun veya bireyin kar\u015f\u0131la\u015fabilece\u011fi belirsizliklerin tan\u0131mlanmas\u0131, de\u011ferlendirilmesi, kontrol edilmesi ve izlenmesi s\u00fcrecidir. \u0130\u015f d\u00fcnyas\u0131nda, risk y\u00f6netimi genellikle organizasyonun hedeflerini ger\u00e7ekle\u015ftirmesine engel olabilecek potansiyel tehlikeleri tan\u0131mlamak ve bunlara kar\u015f\u0131 \u00f6nlem almak i\u00e7in kullan\u0131l\u0131r. \u0130\u015fte risk y\u00f6netiminin temel unsurlar\u0131: Risk Tan\u0131mlama: Risk y\u00f6netimi s\u00fcrecinin ilk ad\u0131m\u0131, organizasyonun veya i\u015fletmenin kar\u015f\u0131la\u015fabilece\u011fi potansiyel riskleri tan\u0131mlamakt\u0131r. Bu, i\u00e7 ve d\u0131\u015f ortamlarda olu\u015fabilecek operasyonel, finansal, stratejik ve itibari riskleri i\u00e7erir. Risk De\u011ferlendirmesi: Tan\u0131mlanan[&hellip;]","og_url":"http:\/\/ankadanismanlikltd.com\/en\/risk-yonetimi\/","og_site_name":"Anka Dan\u0131\u015fmanl\u0131k","article_publisher":"https:\/\/www.facebook.com\/ankadanismanlik","article_modified_time":"2024-09-22T11:56:41+00:00","twitter_card":"summary_large_image","twitter_site":"@ankaconsultancy","twitter_misc":{"Est. reading time":"1 minute"},"schema":{"@context":"https:\/\/schema.org","@graph":[{"@type":"WebPage","@id":"http:\/\/ankadanismanlikltd.com\/en\/risk-yonetimi\/","url":"http:\/\/ankadanismanlikltd.com\/en\/risk-yonetimi\/","name":"Risk Y\u00f6netimi - Anka Dan\u0131\u015fmanl\u0131k","isPartOf":{"@id":"http:\/\/ankadanismanlikltd.com\/en\/#website"},"datePublished":"2024-09-21T14:02:15+00:00","dateModified":"2024-09-22T11:56:41+00:00","breadcrumb":{"@id":"http:\/\/ankadanismanlikltd.com\/en\/risk-yonetimi\/#breadcrumb"},"inLanguage":"en-US","potentialAction":[{"@type":"ReadAction","target":["http:\/\/ankadanismanlikltd.com\/en\/risk-yonetimi\/"]}]},{"@type":"BreadcrumbList","@id":"http:\/\/ankadanismanlikltd.com\/en\/risk-yonetimi\/#breadcrumb","itemListElement":[{"@type":"ListItem","position":1,"name":"Anasayfa","item":"http:\/\/ankadanismanlikltd.com\/en\/"},{"@type":"ListItem","position":2,"name":"Risk Y\u00f6netimi"}]},{"@type":"WebSite","@id":"http:\/\/ankadanismanlikltd.com\/en\/#website","url":"http:\/\/ankadanismanlikltd.com\/en\/","name":"Anka Dan\u0131\u015fmanl\u0131k","description":"","publisher":{"@id":"http:\/\/ankadanismanlikltd.com\/en\/#organization"},"potentialAction":[{"@type":"SearchAction","target":{"@type":"EntryPoint","urlTemplate":"http:\/\/ankadanismanlikltd.com\/en\/?s={search_term_string}"},"query-input":{"@type":"PropertyValueSpecification","valueRequired":true,"valueName":"search_term_string"}}],"inLanguage":"en-US"},{"@type":"Organization","@id":"http:\/\/ankadanismanlikltd.com\/en\/#organization","name":"ANKA Dan\u0131\u015fmanl\u0131k","url":"http:\/\/ankadanismanlikltd.com\/en\/","logo":{"@type":"ImageObject","inLanguage":"en-US","@id":"http:\/\/ankadanismanlikltd.com\/en\/#\/schema\/logo\/image\/","url":"https:\/\/ankadanismanlikltd.com\/wp-content\/uploads\/2025\/03\/yeni-logo.jpg","contentUrl":"https:\/\/ankadanismanlikltd.com\/wp-content\/uploads\/2025\/03\/yeni-logo.jpg","width":623,"height":630,"caption":"ANKA Dan\u0131\u015fmanl\u0131k"},"image":{"@id":"http:\/\/ankadanismanlikltd.com\/en\/#\/schema\/logo\/image\/"},"sameAs":["https:\/\/www.facebook.com\/ankadanismanlik","https:\/\/x.com\/ankaconsultancy","https:\/\/www.linkedin.com\/company\/ankadanismanlik","https:\/\/www.youtube.com\/@ANKADanmanlk.official","https:\/\/www.instagram.com\/ankadanismanlik.tr?igsh=MXZ6OXMyd3k2MW5zbA&utm_source=qr"]}]}},"_links":{"self":[{"href":"http:\/\/ankadanismanlikltd.com\/en\/wp-json\/wp\/v2\/pages\/329","targetHints":{"allow":["GET"]}}],"collection":[{"href":"http:\/\/ankadanismanlikltd.com\/en\/wp-json\/wp\/v2\/pages"}],"about":[{"href":"http:\/\/ankadanismanlikltd.com\/en\/wp-json\/wp\/v2\/types\/page"}],"author":[{"embeddable":true,"href":"http:\/\/ankadanismanlikltd.com\/en\/wp-json\/wp\/v2\/users\/1"}],"replies":[{"embeddable":true,"href":"http:\/\/ankadanismanlikltd.com\/en\/wp-json\/wp\/v2\/comments?post=329"}],"version-history":[{"count":2,"href":"http:\/\/ankadanismanlikltd.com\/en\/wp-json\/wp\/v2\/pages\/329\/revisions"}],"predecessor-version":[{"id":460,"href":"http:\/\/ankadanismanlikltd.com\/en\/wp-json\/wp\/v2\/pages\/329\/revisions\/460"}],"wp:attachment":[{"href":"http:\/\/ankadanismanlikltd.com\/en\/wp-json\/wp\/v2\/media?parent=329"}],"curies":[{"name":"wp","href":"https:\/\/api.w.org\/{rel}","templated":true}]}}