{"id":330,"date":"2024-09-21T14:02:08","date_gmt":"2024-09-21T14:02:08","guid":{"rendered":"https:\/\/ankadanismanlikltd.com\/?page_id=330"},"modified":"2024-10-13T10:28:16","modified_gmt":"2024-10-13T10:28:16","slug":"patent-ihlali","status":"publish","type":"page","link":"http:\/\/ankadanismanlikltd.com\/en\/patent-ihlali\/","title":{"rendered":"Patent Infringement"},"content":{"rendered":"<div class=\"wpb_text_column wpb_content_element\">\n<div class=\"wpb_wrapper\">\n<p>Patent infringement is when a person or organization uses, manufactures, sells, or distributes an invention protected by another person\u2019s or organization\u2019s patent without permission. Patent infringement is a serious situation that has legal consequences because it violates the rights of the patent owner. Here are the important issues regarding patent infringement:<\/p>\n<p><strong>Definition of Patent Infringement:<\/strong>\u00a0The first step is to clarify the scope of the patent and the invention it protects. To determine whether a patent has been infringed, the patent document is carefully reviewed and the rights that are allegedly being infringed are identified.<\/p>\n<p><strong>Evidence of Patent Infringement:<\/strong>\u00a0Evidence must be gathered to support a claim of patent infringement. This includes documenting the infringement, examining the infringing products or processes, and determining whether the infringer was notified on the patent documentation.<\/p>\n<p><strong>Legal Process:<\/strong>\u00a0A patent owner can take legal action against an infringer if they believe that infringement has occurred. This usually involves going to court. The court will assess the validity of the patent and determine whether infringement has occurred.<\/p>\n<p><strong>Compensation and Penalty:<\/strong>\u00a0If patent infringement is detected, the infringer may be liable to pay compensation to the patent owner. In addition, the court may impose punitive measures on the infringer, such as stopping the patent infringement, destroying the infringing products, or stopping their sale.<\/p>\n<p><strong>International Patent Infringement:<\/strong>\u00a0In case of international patent infringement, different countries may have different legal procedures. In order to deal with international patent infringement, support from international law experts and patent law experts is usually sought.<\/p>\n<p>Patent infringement can have serious consequences and can be costly for the infringer. Therefore, a business or individual must proceed carefully to determine whether a patent has been infringed or whether a product or process is patent-compliant.<\/p>\n<\/div>\n<\/div>","protected":false},"excerpt":{"rendered":"<p>Patent ihlali, bir ki\u015finin veya kurulu\u015fun, ba\u015fka bir ki\u015finin veya kurulu\u015fun patentiyle korunan bir bulu\u015fu izinsiz olarak kullanmas\u0131, \u00fcretmesi, satmas\u0131 veya da\u011f\u0131tmas\u0131 durumudur. Patent ihlali, patent sahibinin haklar\u0131n\u0131 ihlal etti\u011fi i\u00e7in yasal sonu\u00e7lar\u0131 olan ciddi bir durumdur. \u0130\u015fte patent ihlaline y\u00f6nelik \u00f6nemli konular: Patent \u0130hlali Tan\u0131mlamas\u0131:\u00a0\u0130lk ad\u0131m, patentin kapsam\u0131n\u0131 ve korudu\u011fu bulu\u015fu netle\u015ftirmektir. Bir patentin ihlal edilip edilmedi\u011fini belirlemek i\u00e7in patent belgesi dikkatlice incelenir ve ihlal edilen iddia edilen haklar[&hellip;]<\/p>","protected":false},"author":1,"featured_media":0,"parent":0,"menu_order":0,"comment_status":"closed","ping_status":"closed","template":"","meta":{"_acf_changed":false,"footnotes":""},"class_list":["post-330","page","type-page","status-publish","hentry"],"acf":[],"yoast_head":"<!-- This site is optimized with the Yoast SEO plugin v25.9 - https:\/\/yoast.com\/wordpress\/plugins\/seo\/ -->\n<title>Patent \u0130hlali - Anka Dan\u0131\u015fmanl\u0131k<\/title>\n<meta name=\"robots\" content=\"index, follow, max-snippet:-1, max-image-preview:large, max-video-preview:-1\" \/>\n<link rel=\"canonical\" href=\"https:\/\/ankadanismanlikltd.com\/en\/patent-ihlali\/\" \/>\n<meta property=\"og:locale\" content=\"en_US\" \/>\n<meta property=\"og:type\" content=\"article\" \/>\n<meta property=\"og:title\" content=\"Patent \u0130hlali - Anka Dan\u0131\u015fmanl\u0131k\" \/>\n<meta property=\"og:description\" content=\"Patent ihlali, bir ki\u015finin veya kurulu\u015fun, ba\u015fka bir ki\u015finin veya kurulu\u015fun patentiyle korunan bir bulu\u015fu izinsiz olarak kullanmas\u0131, \u00fcretmesi, satmas\u0131 veya da\u011f\u0131tmas\u0131 durumudur. Patent ihlali, patent sahibinin haklar\u0131n\u0131 ihlal etti\u011fi i\u00e7in yasal sonu\u00e7lar\u0131 olan ciddi bir durumdur. \u0130\u015fte patent ihlaline y\u00f6nelik \u00f6nemli konular: Patent \u0130hlali Tan\u0131mlamas\u0131:\u00a0\u0130lk ad\u0131m, patentin kapsam\u0131n\u0131 ve korudu\u011fu bulu\u015fu netle\u015ftirmektir. Bir patentin ihlal edilip edilmedi\u011fini belirlemek i\u00e7in patent belgesi dikkatlice incelenir ve ihlal edilen iddia edilen haklar[&hellip;]\" \/>\n<meta property=\"og:url\" content=\"https:\/\/ankadanismanlikltd.com\/en\/patent-ihlali\/\" \/>\n<meta property=\"og:site_name\" content=\"Anka Dan\u0131\u015fmanl\u0131k\" \/>\n<meta property=\"article:publisher\" content=\"https:\/\/www.facebook.com\/ankadanismanlik\" \/>\n<meta property=\"article:modified_time\" content=\"2024-10-13T10:28:16+00:00\" \/>\n<meta name=\"twitter:card\" content=\"summary_large_image\" \/>\n<meta name=\"twitter:site\" content=\"@ankaconsultancy\" \/>\n<meta name=\"twitter:label1\" content=\"Est. reading time\" \/>\n\t<meta name=\"twitter:data1\" content=\"2 minutes\" \/>\n<script type=\"application\/ld+json\" class=\"yoast-schema-graph\">{\"@context\":\"https:\/\/schema.org\",\"@graph\":[{\"@type\":\"WebPage\",\"@id\":\"https:\/\/ankadanismanlikltd.com\/en\/patent-ihlali\/\",\"url\":\"https:\/\/ankadanismanlikltd.com\/en\/patent-ihlali\/\",\"name\":\"Patent \u0130hlali - Anka Dan\u0131\u015fmanl\u0131k\",\"isPartOf\":{\"@id\":\"https:\/\/ankadanismanlikltd.com\/en\/#website\"},\"datePublished\":\"2024-09-21T14:02:08+00:00\",\"dateModified\":\"2024-10-13T10:28:16+00:00\",\"breadcrumb\":{\"@id\":\"https:\/\/ankadanismanlikltd.com\/en\/patent-ihlali\/#breadcrumb\"},\"inLanguage\":\"en-US\",\"potentialAction\":[{\"@type\":\"ReadAction\",\"target\":[\"https:\/\/ankadanismanlikltd.com\/en\/patent-ihlali\/\"]}]},{\"@type\":\"BreadcrumbList\",\"@id\":\"https:\/\/ankadanismanlikltd.com\/en\/patent-ihlali\/#breadcrumb\",\"itemListElement\":[{\"@type\":\"ListItem\",\"position\":1,\"name\":\"Anasayfa\",\"item\":\"https:\/\/ankadanismanlikltd.com\/en\/\"},{\"@type\":\"ListItem\",\"position\":2,\"name\":\"Patent \u0130hlali\"}]},{\"@type\":\"WebSite\",\"@id\":\"https:\/\/ankadanismanlikltd.com\/en\/#website\",\"url\":\"https:\/\/ankadanismanlikltd.com\/en\/\",\"name\":\"Anka Dan\u0131\u015fmanl\u0131k\",\"description\":\"\",\"publisher\":{\"@id\":\"https:\/\/ankadanismanlikltd.com\/en\/#organization\"},\"potentialAction\":[{\"@type\":\"SearchAction\",\"target\":{\"@type\":\"EntryPoint\",\"urlTemplate\":\"https:\/\/ankadanismanlikltd.com\/en\/?s={search_term_string}\"},\"query-input\":{\"@type\":\"PropertyValueSpecification\",\"valueRequired\":true,\"valueName\":\"search_term_string\"}}],\"inLanguage\":\"en-US\"},{\"@type\":\"Organization\",\"@id\":\"https:\/\/ankadanismanlikltd.com\/en\/#organization\",\"name\":\"ANKA Dan\u0131\u015fmanl\u0131k\",\"url\":\"https:\/\/ankadanismanlikltd.com\/en\/\",\"logo\":{\"@type\":\"ImageObject\",\"inLanguage\":\"en-US\",\"@id\":\"https:\/\/ankadanismanlikltd.com\/en\/#\/schema\/logo\/image\/\",\"url\":\"https:\/\/ankadanismanlikltd.com\/wp-content\/uploads\/2025\/03\/yeni-logo.jpg\",\"contentUrl\":\"https:\/\/ankadanismanlikltd.com\/wp-content\/uploads\/2025\/03\/yeni-logo.jpg\",\"width\":623,\"height\":630,\"caption\":\"ANKA Dan\u0131\u015fmanl\u0131k\"},\"image\":{\"@id\":\"https:\/\/ankadanismanlikltd.com\/en\/#\/schema\/logo\/image\/\"},\"sameAs\":[\"https:\/\/www.facebook.com\/ankadanismanlik\",\"https:\/\/x.com\/ankaconsultancy\",\"https:\/\/www.linkedin.com\/company\/ankadanismanlik\",\"https:\/\/www.youtube.com\/@ANKADanmanlk.official\",\"https:\/\/www.instagram.com\/ankadanismanlik.tr?igsh=MXZ6OXMyd3k2MW5zbA&utm_source=qr\"]}]}<\/script>\n<!-- \/ Yoast SEO plugin. -->","yoast_head_json":{"title":"Patent \u0130hlali - Anka Dan\u0131\u015fmanl\u0131k","robots":{"index":"index","follow":"follow","max-snippet":"max-snippet:-1","max-image-preview":"max-image-preview:large","max-video-preview":"max-video-preview:-1"},"canonical":"https:\/\/ankadanismanlikltd.com\/en\/patent-ihlali\/","og_locale":"en_US","og_type":"article","og_title":"Patent \u0130hlali - Anka Dan\u0131\u015fmanl\u0131k","og_description":"Patent ihlali, bir ki\u015finin veya kurulu\u015fun, ba\u015fka bir ki\u015finin veya kurulu\u015fun patentiyle korunan bir bulu\u015fu izinsiz olarak kullanmas\u0131, \u00fcretmesi, satmas\u0131 veya da\u011f\u0131tmas\u0131 durumudur. Patent ihlali, patent sahibinin haklar\u0131n\u0131 ihlal etti\u011fi i\u00e7in yasal sonu\u00e7lar\u0131 olan ciddi bir durumdur. \u0130\u015fte patent ihlaline y\u00f6nelik \u00f6nemli konular: Patent \u0130hlali Tan\u0131mlamas\u0131:\u00a0\u0130lk ad\u0131m, patentin kapsam\u0131n\u0131 ve korudu\u011fu bulu\u015fu netle\u015ftirmektir. Bir patentin ihlal edilip edilmedi\u011fini belirlemek i\u00e7in patent belgesi dikkatlice incelenir ve ihlal edilen iddia edilen haklar[&hellip;]","og_url":"https:\/\/ankadanismanlikltd.com\/en\/patent-ihlali\/","og_site_name":"Anka Dan\u0131\u015fmanl\u0131k","article_publisher":"https:\/\/www.facebook.com\/ankadanismanlik","article_modified_time":"2024-10-13T10:28:16+00:00","twitter_card":"summary_large_image","twitter_site":"@ankaconsultancy","twitter_misc":{"Est. reading time":"2 minutes"},"schema":{"@context":"https:\/\/schema.org","@graph":[{"@type":"WebPage","@id":"https:\/\/ankadanismanlikltd.com\/en\/patent-ihlali\/","url":"https:\/\/ankadanismanlikltd.com\/en\/patent-ihlali\/","name":"Patent \u0130hlali - Anka Dan\u0131\u015fmanl\u0131k","isPartOf":{"@id":"https:\/\/ankadanismanlikltd.com\/en\/#website"},"datePublished":"2024-09-21T14:02:08+00:00","dateModified":"2024-10-13T10:28:16+00:00","breadcrumb":{"@id":"https:\/\/ankadanismanlikltd.com\/en\/patent-ihlali\/#breadcrumb"},"inLanguage":"en-US","potentialAction":[{"@type":"ReadAction","target":["https:\/\/ankadanismanlikltd.com\/en\/patent-ihlali\/"]}]},{"@type":"BreadcrumbList","@id":"https:\/\/ankadanismanlikltd.com\/en\/patent-ihlali\/#breadcrumb","itemListElement":[{"@type":"ListItem","position":1,"name":"Anasayfa","item":"https:\/\/ankadanismanlikltd.com\/en\/"},{"@type":"ListItem","position":2,"name":"Patent \u0130hlali"}]},{"@type":"WebSite","@id":"https:\/\/ankadanismanlikltd.com\/en\/#website","url":"https:\/\/ankadanismanlikltd.com\/en\/","name":"Anka Dan\u0131\u015fmanl\u0131k","description":"","publisher":{"@id":"https:\/\/ankadanismanlikltd.com\/en\/#organization"},"potentialAction":[{"@type":"SearchAction","target":{"@type":"EntryPoint","urlTemplate":"https:\/\/ankadanismanlikltd.com\/en\/?s={search_term_string}"},"query-input":{"@type":"PropertyValueSpecification","valueRequired":true,"valueName":"search_term_string"}}],"inLanguage":"en-US"},{"@type":"Organization","@id":"https:\/\/ankadanismanlikltd.com\/en\/#organization","name":"ANKA Dan\u0131\u015fmanl\u0131k","url":"https:\/\/ankadanismanlikltd.com\/en\/","logo":{"@type":"ImageObject","inLanguage":"en-US","@id":"https:\/\/ankadanismanlikltd.com\/en\/#\/schema\/logo\/image\/","url":"https:\/\/ankadanismanlikltd.com\/wp-content\/uploads\/2025\/03\/yeni-logo.jpg","contentUrl":"https:\/\/ankadanismanlikltd.com\/wp-content\/uploads\/2025\/03\/yeni-logo.jpg","width":623,"height":630,"caption":"ANKA Dan\u0131\u015fmanl\u0131k"},"image":{"@id":"https:\/\/ankadanismanlikltd.com\/en\/#\/schema\/logo\/image\/"},"sameAs":["https:\/\/www.facebook.com\/ankadanismanlik","https:\/\/x.com\/ankaconsultancy","https:\/\/www.linkedin.com\/company\/ankadanismanlik","https:\/\/www.youtube.com\/@ANKADanmanlk.official","https:\/\/www.instagram.com\/ankadanismanlik.tr?igsh=MXZ6OXMyd3k2MW5zbA&utm_source=qr"]}]}},"_links":{"self":[{"href":"http:\/\/ankadanismanlikltd.com\/en\/wp-json\/wp\/v2\/pages\/330","targetHints":{"allow":["GET"]}}],"collection":[{"href":"http:\/\/ankadanismanlikltd.com\/en\/wp-json\/wp\/v2\/pages"}],"about":[{"href":"http:\/\/ankadanismanlikltd.com\/en\/wp-json\/wp\/v2\/types\/page"}],"author":[{"embeddable":true,"href":"http:\/\/ankadanismanlikltd.com\/en\/wp-json\/wp\/v2\/users\/1"}],"replies":[{"embeddable":true,"href":"http:\/\/ankadanismanlikltd.com\/en\/wp-json\/wp\/v2\/comments?post=330"}],"version-history":[{"count":3,"href":"http:\/\/ankadanismanlikltd.com\/en\/wp-json\/wp\/v2\/pages\/330\/revisions"}],"predecessor-version":[{"id":722,"href":"http:\/\/ankadanismanlikltd.com\/en\/wp-json\/wp\/v2\/pages\/330\/revisions\/722"}],"wp:attachment":[{"href":"http:\/\/ankadanismanlikltd.com\/en\/wp-json\/wp\/v2\/media?parent=330"}],"curies":[{"name":"wp","href":"https:\/\/api.w.org\/{rel}","templated":true}]}}