{"id":331,"date":"2024-09-21T14:02:03","date_gmt":"2024-09-21T14:02:03","guid":{"rendered":"https:\/\/ankadanismanlikltd.com\/?page_id=331"},"modified":"2024-10-13T10:27:13","modified_gmt":"2024-10-13T10:27:13","slug":"due-diligence","status":"publish","type":"page","link":"http:\/\/ankadanismanlikltd.com\/en\/due-diligence\/","title":{"rendered":"Due Diligence"},"content":{"rendered":"<p>Due diligence is a detailed research and analysis process that a business or organization must conduct before purchasing an asset or entering into a business relationship. This process is carried out to reduce risks, evaluate opportunities and provide a solid basis for decision-making.<\/p>\n<p>The due diligence process may include several elements:<\/p>\n<p><strong>Financial Analysis:<\/strong>\u00a0Examine the financial condition of the entity or company, analyze financial documents such as income statements, balance sheets, cash flow statements, and evaluate accounting policies.<\/p>\n<p><strong>Legal Review:<\/strong>\u00a0Researching the company's legal status, identifying existing or potential legal issues, reviewing contracts, and verifying ownership rights.<\/p>\n<p><strong>Operational Evaluation:<\/strong>\u00a0Examining the company's operations, products or services, supply chain and business processes.<\/p>\n<p><strong>Market Research:<\/strong>\u00a0Researching the market and sector in which the company operates, evaluating the competitive situation, and identifying potential growth opportunities.<\/p>\n<p><strong>Environmental and Social Review:<\/strong>\u00a0Assessing environmental and social impacts and examining the company's sustainability policies and practices.<\/p>\n<p>The due diligence process is an important part of the process of forming an acquisition, merger, joint venture or other business relationship. This process is critical for understanding, assessing and making the right decisions for the buyer or business partner. Due diligence is also important for ensuring compliance with legal obligations and ethical standards.<\/p>","protected":false},"excerpt":{"rendered":"<p>Due diligence, bir i\u015fletme veya organizasyonun bir varl\u0131k sat\u0131n almadan \u00f6nce veya bir i\u015f ili\u015fkisi kurmadan \u00f6nce yapmas\u0131 gereken detayl\u0131 bir ara\u015ft\u0131rma ve analiz s\u00fcrecidir. Bu s\u00fcre\u00e7, riskleri azaltmak, f\u0131rsatlar\u0131 de\u011ferlendirmek ve karar verme s\u00fcrecine sa\u011flam bir temel olu\u015fturmak amac\u0131yla ger\u00e7ekle\u015ftirilir. Due diligence s\u00fcreci, \u00e7e\u015fitli unsurlar\u0131 i\u00e7erebilir: Finansal Analiz:\u00a0Varl\u0131k veya \u015firketin finansal durumunu incelemek, gelir tablolar\u0131, bilan\u00e7olar, nakit ak\u0131\u015f tablolar\u0131 gibi finansal belgeleri analiz etmek ve muhasebe politikalar\u0131n\u0131 de\u011ferlendirmek. Hukuki[&hellip;]<\/p>","protected":false},"author":1,"featured_media":0,"parent":0,"menu_order":0,"comment_status":"closed","ping_status":"closed","template":"","meta":{"_acf_changed":false,"footnotes":""},"class_list":["post-331","page","type-page","status-publish","hentry"],"acf":[],"yoast_head":"<!-- This site is optimized with the Yoast SEO plugin v25.9 - https:\/\/yoast.com\/wordpress\/plugins\/seo\/ -->\n<title>Due Diligence - Anka Dan\u0131\u015fmanl\u0131k<\/title>\n<meta name=\"robots\" content=\"index, follow, max-snippet:-1, max-image-preview:large, max-video-preview:-1\" \/>\n<link rel=\"canonical\" href=\"https:\/\/ankadanismanlikltd.com\/en\/due-diligence\/\" \/>\n<meta property=\"og:locale\" content=\"en_US\" \/>\n<meta property=\"og:type\" content=\"article\" \/>\n<meta property=\"og:title\" content=\"Due Diligence - Anka Dan\u0131\u015fmanl\u0131k\" \/>\n<meta property=\"og:description\" content=\"Due diligence, bir i\u015fletme veya organizasyonun bir varl\u0131k sat\u0131n almadan \u00f6nce veya bir i\u015f ili\u015fkisi kurmadan \u00f6nce yapmas\u0131 gereken detayl\u0131 bir ara\u015ft\u0131rma ve analiz s\u00fcrecidir. Bu s\u00fcre\u00e7, riskleri azaltmak, f\u0131rsatlar\u0131 de\u011ferlendirmek ve karar verme s\u00fcrecine sa\u011flam bir temel olu\u015fturmak amac\u0131yla ger\u00e7ekle\u015ftirilir. Due diligence s\u00fcreci, \u00e7e\u015fitli unsurlar\u0131 i\u00e7erebilir: Finansal Analiz:\u00a0Varl\u0131k veya \u015firketin finansal durumunu incelemek, gelir tablolar\u0131, bilan\u00e7olar, nakit ak\u0131\u015f tablolar\u0131 gibi finansal belgeleri analiz etmek ve muhasebe politikalar\u0131n\u0131 de\u011ferlendirmek. Hukuki[&hellip;]\" \/>\n<meta property=\"og:url\" content=\"https:\/\/ankadanismanlikltd.com\/en\/due-diligence\/\" \/>\n<meta property=\"og:site_name\" content=\"Anka Dan\u0131\u015fmanl\u0131k\" \/>\n<meta property=\"article:publisher\" content=\"https:\/\/www.facebook.com\/ankadanismanlik\" \/>\n<meta property=\"article:modified_time\" content=\"2024-10-13T10:27:13+00:00\" \/>\n<meta name=\"twitter:card\" content=\"summary_large_image\" \/>\n<meta name=\"twitter:site\" content=\"@ankaconsultancy\" \/>\n<meta name=\"twitter:label1\" content=\"Est. reading time\" \/>\n\t<meta name=\"twitter:data1\" content=\"1 minute\" \/>\n<script type=\"application\/ld+json\" class=\"yoast-schema-graph\">{\"@context\":\"https:\/\/schema.org\",\"@graph\":[{\"@type\":\"WebPage\",\"@id\":\"https:\/\/ankadanismanlikltd.com\/en\/due-diligence\/\",\"url\":\"https:\/\/ankadanismanlikltd.com\/en\/due-diligence\/\",\"name\":\"Due Diligence - Anka Dan\u0131\u015fmanl\u0131k\",\"isPartOf\":{\"@id\":\"https:\/\/ankadanismanlikltd.com\/en\/#website\"},\"datePublished\":\"2024-09-21T14:02:03+00:00\",\"dateModified\":\"2024-10-13T10:27:13+00:00\",\"breadcrumb\":{\"@id\":\"https:\/\/ankadanismanlikltd.com\/en\/due-diligence\/#breadcrumb\"},\"inLanguage\":\"en-US\",\"potentialAction\":[{\"@type\":\"ReadAction\",\"target\":[\"https:\/\/ankadanismanlikltd.com\/en\/due-diligence\/\"]}]},{\"@type\":\"BreadcrumbList\",\"@id\":\"https:\/\/ankadanismanlikltd.com\/en\/due-diligence\/#breadcrumb\",\"itemListElement\":[{\"@type\":\"ListItem\",\"position\":1,\"name\":\"Anasayfa\",\"item\":\"https:\/\/ankadanismanlikltd.com\/en\/\"},{\"@type\":\"ListItem\",\"position\":2,\"name\":\"Due Diligence\"}]},{\"@type\":\"WebSite\",\"@id\":\"https:\/\/ankadanismanlikltd.com\/en\/#website\",\"url\":\"https:\/\/ankadanismanlikltd.com\/en\/\",\"name\":\"Anka Dan\u0131\u015fmanl\u0131k\",\"description\":\"\",\"publisher\":{\"@id\":\"https:\/\/ankadanismanlikltd.com\/en\/#organization\"},\"potentialAction\":[{\"@type\":\"SearchAction\",\"target\":{\"@type\":\"EntryPoint\",\"urlTemplate\":\"https:\/\/ankadanismanlikltd.com\/en\/?s={search_term_string}\"},\"query-input\":{\"@type\":\"PropertyValueSpecification\",\"valueRequired\":true,\"valueName\":\"search_term_string\"}}],\"inLanguage\":\"en-US\"},{\"@type\":\"Organization\",\"@id\":\"https:\/\/ankadanismanlikltd.com\/en\/#organization\",\"name\":\"ANKA Dan\u0131\u015fmanl\u0131k\",\"url\":\"https:\/\/ankadanismanlikltd.com\/en\/\",\"logo\":{\"@type\":\"ImageObject\",\"inLanguage\":\"en-US\",\"@id\":\"https:\/\/ankadanismanlikltd.com\/en\/#\/schema\/logo\/image\/\",\"url\":\"https:\/\/ankadanismanlikltd.com\/wp-content\/uploads\/2025\/03\/yeni-logo.jpg\",\"contentUrl\":\"https:\/\/ankadanismanlikltd.com\/wp-content\/uploads\/2025\/03\/yeni-logo.jpg\",\"width\":623,\"height\":630,\"caption\":\"ANKA Dan\u0131\u015fmanl\u0131k\"},\"image\":{\"@id\":\"https:\/\/ankadanismanlikltd.com\/en\/#\/schema\/logo\/image\/\"},\"sameAs\":[\"https:\/\/www.facebook.com\/ankadanismanlik\",\"https:\/\/x.com\/ankaconsultancy\",\"https:\/\/www.linkedin.com\/company\/ankadanismanlik\",\"https:\/\/www.youtube.com\/@ANKADanmanlk.official\",\"https:\/\/www.instagram.com\/ankadanismanlik.tr?igsh=MXZ6OXMyd3k2MW5zbA&utm_source=qr\"]}]}<\/script>\n<!-- \/ Yoast SEO plugin. -->","yoast_head_json":{"title":"Due Diligence - Anka Dan\u0131\u015fmanl\u0131k","robots":{"index":"index","follow":"follow","max-snippet":"max-snippet:-1","max-image-preview":"max-image-preview:large","max-video-preview":"max-video-preview:-1"},"canonical":"https:\/\/ankadanismanlikltd.com\/en\/due-diligence\/","og_locale":"en_US","og_type":"article","og_title":"Due Diligence - Anka Dan\u0131\u015fmanl\u0131k","og_description":"Due diligence, bir i\u015fletme veya organizasyonun bir varl\u0131k sat\u0131n almadan \u00f6nce veya bir i\u015f ili\u015fkisi kurmadan \u00f6nce yapmas\u0131 gereken detayl\u0131 bir ara\u015ft\u0131rma ve analiz s\u00fcrecidir. Bu s\u00fcre\u00e7, riskleri azaltmak, f\u0131rsatlar\u0131 de\u011ferlendirmek ve karar verme s\u00fcrecine sa\u011flam bir temel olu\u015fturmak amac\u0131yla ger\u00e7ekle\u015ftirilir. Due diligence s\u00fcreci, \u00e7e\u015fitli unsurlar\u0131 i\u00e7erebilir: Finansal Analiz:\u00a0Varl\u0131k veya \u015firketin finansal durumunu incelemek, gelir tablolar\u0131, bilan\u00e7olar, nakit ak\u0131\u015f tablolar\u0131 gibi finansal belgeleri analiz etmek ve muhasebe politikalar\u0131n\u0131 de\u011ferlendirmek. Hukuki[&hellip;]","og_url":"https:\/\/ankadanismanlikltd.com\/en\/due-diligence\/","og_site_name":"Anka Dan\u0131\u015fmanl\u0131k","article_publisher":"https:\/\/www.facebook.com\/ankadanismanlik","article_modified_time":"2024-10-13T10:27:13+00:00","twitter_card":"summary_large_image","twitter_site":"@ankaconsultancy","twitter_misc":{"Est. reading time":"1 minute"},"schema":{"@context":"https:\/\/schema.org","@graph":[{"@type":"WebPage","@id":"https:\/\/ankadanismanlikltd.com\/en\/due-diligence\/","url":"https:\/\/ankadanismanlikltd.com\/en\/due-diligence\/","name":"Due Diligence - Anka Dan\u0131\u015fmanl\u0131k","isPartOf":{"@id":"https:\/\/ankadanismanlikltd.com\/en\/#website"},"datePublished":"2024-09-21T14:02:03+00:00","dateModified":"2024-10-13T10:27:13+00:00","breadcrumb":{"@id":"https:\/\/ankadanismanlikltd.com\/en\/due-diligence\/#breadcrumb"},"inLanguage":"en-US","potentialAction":[{"@type":"ReadAction","target":["https:\/\/ankadanismanlikltd.com\/en\/due-diligence\/"]}]},{"@type":"BreadcrumbList","@id":"https:\/\/ankadanismanlikltd.com\/en\/due-diligence\/#breadcrumb","itemListElement":[{"@type":"ListItem","position":1,"name":"Anasayfa","item":"https:\/\/ankadanismanlikltd.com\/en\/"},{"@type":"ListItem","position":2,"name":"Due Diligence"}]},{"@type":"WebSite","@id":"https:\/\/ankadanismanlikltd.com\/en\/#website","url":"https:\/\/ankadanismanlikltd.com\/en\/","name":"Anka Dan\u0131\u015fmanl\u0131k","description":"","publisher":{"@id":"https:\/\/ankadanismanlikltd.com\/en\/#organization"},"potentialAction":[{"@type":"SearchAction","target":{"@type":"EntryPoint","urlTemplate":"https:\/\/ankadanismanlikltd.com\/en\/?s={search_term_string}"},"query-input":{"@type":"PropertyValueSpecification","valueRequired":true,"valueName":"search_term_string"}}],"inLanguage":"en-US"},{"@type":"Organization","@id":"https:\/\/ankadanismanlikltd.com\/en\/#organization","name":"ANKA Dan\u0131\u015fmanl\u0131k","url":"https:\/\/ankadanismanlikltd.com\/en\/","logo":{"@type":"ImageObject","inLanguage":"en-US","@id":"https:\/\/ankadanismanlikltd.com\/en\/#\/schema\/logo\/image\/","url":"https:\/\/ankadanismanlikltd.com\/wp-content\/uploads\/2025\/03\/yeni-logo.jpg","contentUrl":"https:\/\/ankadanismanlikltd.com\/wp-content\/uploads\/2025\/03\/yeni-logo.jpg","width":623,"height":630,"caption":"ANKA Dan\u0131\u015fmanl\u0131k"},"image":{"@id":"https:\/\/ankadanismanlikltd.com\/en\/#\/schema\/logo\/image\/"},"sameAs":["https:\/\/www.facebook.com\/ankadanismanlik","https:\/\/x.com\/ankaconsultancy","https:\/\/www.linkedin.com\/company\/ankadanismanlik","https:\/\/www.youtube.com\/@ANKADanmanlk.official","https:\/\/www.instagram.com\/ankadanismanlik.tr?igsh=MXZ6OXMyd3k2MW5zbA&utm_source=qr"]}]}},"_links":{"self":[{"href":"http:\/\/ankadanismanlikltd.com\/en\/wp-json\/wp\/v2\/pages\/331","targetHints":{"allow":["GET"]}}],"collection":[{"href":"http:\/\/ankadanismanlikltd.com\/en\/wp-json\/wp\/v2\/pages"}],"about":[{"href":"http:\/\/ankadanismanlikltd.com\/en\/wp-json\/wp\/v2\/types\/page"}],"author":[{"embeddable":true,"href":"http:\/\/ankadanismanlikltd.com\/en\/wp-json\/wp\/v2\/users\/1"}],"replies":[{"embeddable":true,"href":"http:\/\/ankadanismanlikltd.com\/en\/wp-json\/wp\/v2\/comments?post=331"}],"version-history":[{"count":3,"href":"http:\/\/ankadanismanlikltd.com\/en\/wp-json\/wp\/v2\/pages\/331\/revisions"}],"predecessor-version":[{"id":721,"href":"http:\/\/ankadanismanlikltd.com\/en\/wp-json\/wp\/v2\/pages\/331\/revisions\/721"}],"wp:attachment":[{"href":"http:\/\/ankadanismanlikltd.com\/en\/wp-json\/wp\/v2\/media?parent=331"}],"curies":[{"name":"wp","href":"https:\/\/api.w.org\/{rel}","templated":true}]}}