{"id":352,"date":"2024-09-21T14:09:07","date_gmt":"2024-09-21T14:09:07","guid":{"rendered":"https:\/\/ankadanismanlikltd.com\/?page_id=352"},"modified":"2024-10-13T10:45:19","modified_gmt":"2024-10-13T10:45:19","slug":"ab-proje-destekleri","status":"publish","type":"page","link":"http:\/\/ankadanismanlikltd.com\/en\/tesvik-ve-hibe-programlari\/ab-proje-destekleri\/","title":{"rendered":"EU Project Supports"},"content":{"rendered":"<p>The European Union (EU) has various financial support mechanisms to encourage the implementation and development of projects in various areas in EU member and candidate countries. These supports ensure the implementation of projects in various policy areas and the achievement of the EU's strategic goals. Here are the main project supports provided by the EU:<\/p>\n<p><strong>Horizon Europe:<\/strong>\u00a0Horizon Europe is the main financial instrument of the European Union to support R&amp;D and innovation activities for the period 2021-2027. Under this program, there are various financial support mechanisms for research projects, innovative projects, pilot projects, technology transfer and innovative enterprises.<\/p>\n<p><strong>COSME Program:<\/strong>\u00a0The COSME Programme aims to support the EU\u2019s small and medium-sized enterprises (SMEs). Under this programme, support is provided in areas such as entrepreneurship, business development, market access and financing to increase the competitiveness of SMEs.<\/p>\n<p><strong>Erasmus+ Program:<\/strong>\u00a0The Erasmus+ Program is a program established by the European Union to support projects in the fields of education, learning, youth and sports. Under this program, projects in areas such as student exchanges, teacher training, youth activities and institutional cooperation are supported.<\/p>\n<p><strong>Creative Europe Programme:<\/strong>\u00a0The Creative Europe Programme is the EU's support programme for the cultural and creative industries. Under this programme, financial support is provided for cultural projects, arts and cultural organisations, cinema and media projects.<\/p>\n<p><strong>Life Program:<\/strong>\u00a0The Life Program aims to support environmental and climate policies. Under this program, financial support is provided for environmental protection, sustainable use of natural resources, climate change and environmental innovation projects.<\/p>\n<p>Apart from these programs, the EU also has financial support mechanisms in various policy areas and cross-country cooperation projects. EU project support is usually distributed through a competitive process, and applicants are expected to meet certain criteria and their projects are compatible with EU policies and strategies.<\/p>","protected":false},"excerpt":{"rendered":"<p>Avrupa Birli\u011fi\u2019nin (AB), AB \u00fcye ve aday \u00fclkelerindeki \u00e7e\u015fitli alanlarda projelerin uygulanmas\u0131n\u0131 ve geli\u015ftirilmesini te\u015fvik etmek i\u00e7in \u00e7e\u015fitli finansal destek mekanizmalar\u0131 bulunmaktad\u0131r. Bu destekler, \u00e7e\u015fitli politika alanlar\u0131nda projelerin hayata ge\u00e7irilmesini ve AB\u2019nin stratejik hedeflerine ula\u015f\u0131lmas\u0131n\u0131 sa\u011flar. \u0130\u015fte AB\u2019nin sa\u011flad\u0131\u011f\u0131 ana proje destekleri: Horizon Europe:\u00a0Horizon Europe, Avrupa Birli\u011fi\u2019nin 2021-2027 d\u00f6nemi i\u00e7in Ar-Ge ve inovasyon faaliyetlerini destekleyen ana finansal arac\u0131d\u0131r. Bu program alt\u0131nda, ara\u015ft\u0131rma projeleri, yenilik\u00e7i projeler, pilot projeler, teknoloji transferi ve[&hellip;]<\/p>","protected":false},"author":1,"featured_media":0,"parent":354,"menu_order":0,"comment_status":"closed","ping_status":"closed","template":"","meta":{"_acf_changed":false,"footnotes":""},"class_list":["post-352","page","type-page","status-publish","hentry"],"acf":[],"yoast_head":"<!-- This site is optimized with the Yoast SEO plugin v25.9 - https:\/\/yoast.com\/wordpress\/plugins\/seo\/ -->\n<title>AB Proje Destekleri - Anka Dan\u0131\u015fmanl\u0131k<\/title>\n<meta name=\"robots\" content=\"index, follow, max-snippet:-1, max-image-preview:large, max-video-preview:-1\" \/>\n<link rel=\"canonical\" href=\"http:\/\/ankadanismanlikltd.com\/en\/tesvik-ve-hibe-programlari\/ab-proje-destekleri\/\" \/>\n<meta property=\"og:locale\" content=\"en_US\" \/>\n<meta property=\"og:type\" content=\"article\" \/>\n<meta property=\"og:title\" content=\"AB Proje Destekleri - Anka Dan\u0131\u015fmanl\u0131k\" \/>\n<meta property=\"og:description\" content=\"Avrupa Birli\u011fi\u2019nin (AB), AB \u00fcye ve aday \u00fclkelerindeki \u00e7e\u015fitli alanlarda projelerin uygulanmas\u0131n\u0131 ve geli\u015ftirilmesini te\u015fvik etmek i\u00e7in \u00e7e\u015fitli finansal destek mekanizmalar\u0131 bulunmaktad\u0131r. Bu destekler, \u00e7e\u015fitli politika alanlar\u0131nda projelerin hayata ge\u00e7irilmesini ve AB\u2019nin stratejik hedeflerine ula\u015f\u0131lmas\u0131n\u0131 sa\u011flar. \u0130\u015fte AB\u2019nin sa\u011flad\u0131\u011f\u0131 ana proje destekleri: Horizon Europe:\u00a0Horizon Europe, Avrupa Birli\u011fi\u2019nin 2021-2027 d\u00f6nemi i\u00e7in Ar-Ge ve inovasyon faaliyetlerini destekleyen ana finansal arac\u0131d\u0131r. Bu program alt\u0131nda, ara\u015ft\u0131rma projeleri, yenilik\u00e7i projeler, pilot projeler, teknoloji transferi ve[&hellip;]\" \/>\n<meta property=\"og:url\" content=\"http:\/\/ankadanismanlikltd.com\/en\/tesvik-ve-hibe-programlari\/ab-proje-destekleri\/\" \/>\n<meta property=\"og:site_name\" content=\"Anka Dan\u0131\u015fmanl\u0131k\" \/>\n<meta property=\"article:publisher\" content=\"https:\/\/www.facebook.com\/ankadanismanlik\" \/>\n<meta property=\"article:modified_time\" content=\"2024-10-13T10:45:19+00:00\" \/>\n<meta name=\"twitter:card\" content=\"summary_large_image\" \/>\n<meta name=\"twitter:site\" content=\"@ankaconsultancy\" \/>\n<meta name=\"twitter:label1\" content=\"Est. reading time\" \/>\n\t<meta name=\"twitter:data1\" content=\"2 minutes\" \/>\n<script type=\"application\/ld+json\" class=\"yoast-schema-graph\">{\"@context\":\"https:\/\/schema.org\",\"@graph\":[{\"@type\":\"WebPage\",\"@id\":\"http:\/\/ankadanismanlikltd.com\/en\/tesvik-ve-hibe-programlari\/ab-proje-destekleri\/\",\"url\":\"http:\/\/ankadanismanlikltd.com\/en\/tesvik-ve-hibe-programlari\/ab-proje-destekleri\/\",\"name\":\"AB Proje Destekleri - Anka Dan\u0131\u015fmanl\u0131k\",\"isPartOf\":{\"@id\":\"http:\/\/ankadanismanlikltd.com\/en\/#website\"},\"datePublished\":\"2024-09-21T14:09:07+00:00\",\"dateModified\":\"2024-10-13T10:45:19+00:00\",\"breadcrumb\":{\"@id\":\"http:\/\/ankadanismanlikltd.com\/en\/tesvik-ve-hibe-programlari\/ab-proje-destekleri\/#breadcrumb\"},\"inLanguage\":\"en-US\",\"potentialAction\":[{\"@type\":\"ReadAction\",\"target\":[\"http:\/\/ankadanismanlikltd.com\/en\/tesvik-ve-hibe-programlari\/ab-proje-destekleri\/\"]}]},{\"@type\":\"BreadcrumbList\",\"@id\":\"http:\/\/ankadanismanlikltd.com\/en\/tesvik-ve-hibe-programlari\/ab-proje-destekleri\/#breadcrumb\",\"itemListElement\":[{\"@type\":\"ListItem\",\"position\":1,\"name\":\"Anasayfa\",\"item\":\"http:\/\/ankadanismanlikltd.com\/en\/\"},{\"@type\":\"ListItem\",\"position\":2,\"name\":\"Te\u015fvik ve Hibe Programlar\u0131\",\"item\":\"http:\/\/ankadanismanlikltd.com\/tesvik-ve-hibe-programlari\/\"},{\"@type\":\"ListItem\",\"position\":3,\"name\":\"AB Proje Destekleri\"}]},{\"@type\":\"WebSite\",\"@id\":\"http:\/\/ankadanismanlikltd.com\/en\/#website\",\"url\":\"http:\/\/ankadanismanlikltd.com\/en\/\",\"name\":\"Anka Dan\u0131\u015fmanl\u0131k\",\"description\":\"\",\"publisher\":{\"@id\":\"http:\/\/ankadanismanlikltd.com\/en\/#organization\"},\"potentialAction\":[{\"@type\":\"SearchAction\",\"target\":{\"@type\":\"EntryPoint\",\"urlTemplate\":\"http:\/\/ankadanismanlikltd.com\/en\/?s={search_term_string}\"},\"query-input\":{\"@type\":\"PropertyValueSpecification\",\"valueRequired\":true,\"valueName\":\"search_term_string\"}}],\"inLanguage\":\"en-US\"},{\"@type\":\"Organization\",\"@id\":\"http:\/\/ankadanismanlikltd.com\/en\/#organization\",\"name\":\"ANKA Dan\u0131\u015fmanl\u0131k\",\"url\":\"http:\/\/ankadanismanlikltd.com\/en\/\",\"logo\":{\"@type\":\"ImageObject\",\"inLanguage\":\"en-US\",\"@id\":\"http:\/\/ankadanismanlikltd.com\/en\/#\/schema\/logo\/image\/\",\"url\":\"https:\/\/ankadanismanlikltd.com\/wp-content\/uploads\/2025\/03\/yeni-logo.jpg\",\"contentUrl\":\"https:\/\/ankadanismanlikltd.com\/wp-content\/uploads\/2025\/03\/yeni-logo.jpg\",\"width\":623,\"height\":630,\"caption\":\"ANKA Dan\u0131\u015fmanl\u0131k\"},\"image\":{\"@id\":\"http:\/\/ankadanismanlikltd.com\/en\/#\/schema\/logo\/image\/\"},\"sameAs\":[\"https:\/\/www.facebook.com\/ankadanismanlik\",\"https:\/\/x.com\/ankaconsultancy\",\"https:\/\/www.linkedin.com\/company\/ankadanismanlik\",\"https:\/\/www.youtube.com\/@ANKADanmanlk.official\",\"https:\/\/www.instagram.com\/ankadanismanlik.tr?igsh=MXZ6OXMyd3k2MW5zbA&utm_source=qr\"]}]}<\/script>\n<!-- \/ Yoast SEO plugin. -->","yoast_head_json":{"title":"AB Proje Destekleri - Anka Dan\u0131\u015fmanl\u0131k","robots":{"index":"index","follow":"follow","max-snippet":"max-snippet:-1","max-image-preview":"max-image-preview:large","max-video-preview":"max-video-preview:-1"},"canonical":"http:\/\/ankadanismanlikltd.com\/en\/tesvik-ve-hibe-programlari\/ab-proje-destekleri\/","og_locale":"en_US","og_type":"article","og_title":"AB Proje Destekleri - Anka Dan\u0131\u015fmanl\u0131k","og_description":"Avrupa Birli\u011fi\u2019nin (AB), AB \u00fcye ve aday \u00fclkelerindeki \u00e7e\u015fitli alanlarda projelerin uygulanmas\u0131n\u0131 ve geli\u015ftirilmesini te\u015fvik etmek i\u00e7in \u00e7e\u015fitli finansal destek mekanizmalar\u0131 bulunmaktad\u0131r. Bu destekler, \u00e7e\u015fitli politika alanlar\u0131nda projelerin hayata ge\u00e7irilmesini ve AB\u2019nin stratejik hedeflerine ula\u015f\u0131lmas\u0131n\u0131 sa\u011flar. \u0130\u015fte AB\u2019nin sa\u011flad\u0131\u011f\u0131 ana proje destekleri: Horizon Europe:\u00a0Horizon Europe, Avrupa Birli\u011fi\u2019nin 2021-2027 d\u00f6nemi i\u00e7in Ar-Ge ve inovasyon faaliyetlerini destekleyen ana finansal arac\u0131d\u0131r. Bu program alt\u0131nda, ara\u015ft\u0131rma projeleri, yenilik\u00e7i projeler, pilot projeler, teknoloji transferi ve[&hellip;]","og_url":"http:\/\/ankadanismanlikltd.com\/en\/tesvik-ve-hibe-programlari\/ab-proje-destekleri\/","og_site_name":"Anka Dan\u0131\u015fmanl\u0131k","article_publisher":"https:\/\/www.facebook.com\/ankadanismanlik","article_modified_time":"2024-10-13T10:45:19+00:00","twitter_card":"summary_large_image","twitter_site":"@ankaconsultancy","twitter_misc":{"Est. reading time":"2 minutes"},"schema":{"@context":"https:\/\/schema.org","@graph":[{"@type":"WebPage","@id":"http:\/\/ankadanismanlikltd.com\/en\/tesvik-ve-hibe-programlari\/ab-proje-destekleri\/","url":"http:\/\/ankadanismanlikltd.com\/en\/tesvik-ve-hibe-programlari\/ab-proje-destekleri\/","name":"AB Proje Destekleri - Anka Dan\u0131\u015fmanl\u0131k","isPartOf":{"@id":"http:\/\/ankadanismanlikltd.com\/en\/#website"},"datePublished":"2024-09-21T14:09:07+00:00","dateModified":"2024-10-13T10:45:19+00:00","breadcrumb":{"@id":"http:\/\/ankadanismanlikltd.com\/en\/tesvik-ve-hibe-programlari\/ab-proje-destekleri\/#breadcrumb"},"inLanguage":"en-US","potentialAction":[{"@type":"ReadAction","target":["http:\/\/ankadanismanlikltd.com\/en\/tesvik-ve-hibe-programlari\/ab-proje-destekleri\/"]}]},{"@type":"BreadcrumbList","@id":"http:\/\/ankadanismanlikltd.com\/en\/tesvik-ve-hibe-programlari\/ab-proje-destekleri\/#breadcrumb","itemListElement":[{"@type":"ListItem","position":1,"name":"Anasayfa","item":"http:\/\/ankadanismanlikltd.com\/en\/"},{"@type":"ListItem","position":2,"name":"Te\u015fvik ve Hibe Programlar\u0131","item":"http:\/\/ankadanismanlikltd.com\/tesvik-ve-hibe-programlari\/"},{"@type":"ListItem","position":3,"name":"AB Proje Destekleri"}]},{"@type":"WebSite","@id":"http:\/\/ankadanismanlikltd.com\/en\/#website","url":"http:\/\/ankadanismanlikltd.com\/en\/","name":"Anka Dan\u0131\u015fmanl\u0131k","description":"","publisher":{"@id":"http:\/\/ankadanismanlikltd.com\/en\/#organization"},"potentialAction":[{"@type":"SearchAction","target":{"@type":"EntryPoint","urlTemplate":"http:\/\/ankadanismanlikltd.com\/en\/?s={search_term_string}"},"query-input":{"@type":"PropertyValueSpecification","valueRequired":true,"valueName":"search_term_string"}}],"inLanguage":"en-US"},{"@type":"Organization","@id":"http:\/\/ankadanismanlikltd.com\/en\/#organization","name":"ANKA Dan\u0131\u015fmanl\u0131k","url":"http:\/\/ankadanismanlikltd.com\/en\/","logo":{"@type":"ImageObject","inLanguage":"en-US","@id":"http:\/\/ankadanismanlikltd.com\/en\/#\/schema\/logo\/image\/","url":"https:\/\/ankadanismanlikltd.com\/wp-content\/uploads\/2025\/03\/yeni-logo.jpg","contentUrl":"https:\/\/ankadanismanlikltd.com\/wp-content\/uploads\/2025\/03\/yeni-logo.jpg","width":623,"height":630,"caption":"ANKA Dan\u0131\u015fmanl\u0131k"},"image":{"@id":"http:\/\/ankadanismanlikltd.com\/en\/#\/schema\/logo\/image\/"},"sameAs":["https:\/\/www.facebook.com\/ankadanismanlik","https:\/\/x.com\/ankaconsultancy","https:\/\/www.linkedin.com\/company\/ankadanismanlik","https:\/\/www.youtube.com\/@ANKADanmanlk.official","https:\/\/www.instagram.com\/ankadanismanlik.tr?igsh=MXZ6OXMyd3k2MW5zbA&utm_source=qr"]}]}},"_links":{"self":[{"href":"http:\/\/ankadanismanlikltd.com\/en\/wp-json\/wp\/v2\/pages\/352","targetHints":{"allow":["GET"]}}],"collection":[{"href":"http:\/\/ankadanismanlikltd.com\/en\/wp-json\/wp\/v2\/pages"}],"about":[{"href":"http:\/\/ankadanismanlikltd.com\/en\/wp-json\/wp\/v2\/types\/page"}],"author":[{"embeddable":true,"href":"http:\/\/ankadanismanlikltd.com\/en\/wp-json\/wp\/v2\/users\/1"}],"replies":[{"embeddable":true,"href":"http:\/\/ankadanismanlikltd.com\/en\/wp-json\/wp\/v2\/comments?post=352"}],"version-history":[{"count":3,"href":"http:\/\/ankadanismanlikltd.com\/en\/wp-json\/wp\/v2\/pages\/352\/revisions"}],"predecessor-version":[{"id":726,"href":"http:\/\/ankadanismanlikltd.com\/en\/wp-json\/wp\/v2\/pages\/352\/revisions\/726"}],"up":[{"embeddable":true,"href":"http:\/\/ankadanismanlikltd.com\/en\/wp-json\/wp\/v2\/pages\/354"}],"wp:attachment":[{"href":"http:\/\/ankadanismanlikltd.com\/en\/wp-json\/wp\/v2\/media?parent=352"}],"curies":[{"name":"wp","href":"https:\/\/api.w.org\/{rel}","templated":true}]}}