{"id":353,"date":"2024-09-21T14:09:18","date_gmt":"2024-09-21T14:09:18","guid":{"rendered":"https:\/\/ankadanismanlikltd.com\/?page_id=353"},"modified":"2024-10-13T10:45:20","modified_gmt":"2024-10-13T10:45:20","slug":"ulusal-ajans-destekleri","status":"publish","type":"page","link":"http:\/\/ankadanismanlikltd.com\/en\/tesvik-ve-hibe-programlari\/ulusal-ajans-destekleri\/","title":{"rendered":"National Agency Supports"},"content":{"rendered":"<p><strong>European Union and Nationally Resourced Grant and Incentive Financing Programs and Digital Innovation Consultancy<\/strong><\/p>\n<p>As ESG Consulting, we provide services on finding the most appropriate financing opportunity for R&amp;D and innovation projects, especially within the scope of European Union-based grant and incentive programs, Horizon Europe and national funds, preparing project proposals in the form and content required by these programs, and project financial management. Thanks to our expertise in EU grant funds, we provide support at every stage of your project proposal preparation process.<\/p>\n<p>If you have a research project, we support you in its development. We help you find the most suitable grant and incentive funding program for your research project from European Commission funds such as MSCA, EIC Accelerator, ERC and other national and international funding programs, and prepare a project proposal for these programs and get the funds you want.<\/p>\n<p>Grant \/ Incentive Programs<\/p>\n<p>Horizon Europe<\/p>\n<p>Digital Europe Program<\/p>\n<p>Eureka Program<\/p>\n<p>Cost Support Program<\/p>\n<p>National Funds (T\u00fcbitak, Kosgeb, Development Agencies, Ministry of Commerce)<\/p>\n<p><strong>Our Services<\/strong><\/p>\n<p>Project Standard Review Consultancy<\/p>\n<p>Project Comprehensive Review and Proposal Writing Consultancy<\/p>\n<p>Horizon Europe and Other Grant Programs for Companies<\/p>\n<p><strong>Trainings<\/strong><\/p>\n<p>Horizon Europe Project Proposal Writing Training<\/p>\n<p>MSCA Scholarship Programs (DN-COFUND-PF) Project Proposal Writing Training<\/p>\n<p>Horizon Europe and Other Grant Programs Training for Companies (EIC Accelerator-Eureka)<\/p>","protected":false},"excerpt":{"rendered":"<p>Avrupa Birli\u011fi ve Ulusal Kaynakl\u0131 Hibe ve Te\u015fvik Finansman Programlar\u0131 ve Dijital \u0130novasyon Dan\u0131\u015fmanl\u0131\u011f\u0131 ESG Dan\u0131\u015fmanl\u0131k olarak ba\u015fta Avrupa Birli\u011fi kaynakl\u0131 hibe ve te\u015fvik programlar\u0131 olmak \u00fczere \u00f6zellikle Horizon Europe (Horizon Avrupa) ve ulusal fonlar kapsam\u0131nda Ar-ge ve inovasyon projeleri i\u00e7in en uygun finansman olana\u011f\u0131n\u0131 bulma, bu programlar\u0131n istedi\u011fi \u015fekil ve i\u00e7erikte proje teklifi haz\u0131rlama ve proje finansal y\u00f6netim konular\u0131nda hizmet sunmaktay\u0131z. AB hibe fonlar\u0131 konusundaki uzmanl\u0131\u011f\u0131m\u0131z sayesinde proje teklif[&hellip;]<\/p>","protected":false},"author":1,"featured_media":0,"parent":354,"menu_order":0,"comment_status":"closed","ping_status":"closed","template":"","meta":{"_acf_changed":false,"footnotes":""},"class_list":["post-353","page","type-page","status-publish","hentry"],"acf":[],"yoast_head":"<!-- This site is optimized with the Yoast SEO plugin v25.9 - https:\/\/yoast.com\/wordpress\/plugins\/seo\/ -->\n<title>Ulusal Ajans Destekleri - Anka Dan\u0131\u015fmanl\u0131k<\/title>\n<meta name=\"robots\" content=\"index, follow, max-snippet:-1, max-image-preview:large, max-video-preview:-1\" \/>\n<link rel=\"canonical\" href=\"https:\/\/ankadanismanlikltd.com\/en\/tesvik-ve-hibe-programlari\/ulusal-ajans-destekleri\/\" \/>\n<meta property=\"og:locale\" content=\"en_US\" \/>\n<meta property=\"og:type\" content=\"article\" \/>\n<meta property=\"og:title\" content=\"Ulusal Ajans Destekleri - Anka Dan\u0131\u015fmanl\u0131k\" \/>\n<meta property=\"og:description\" content=\"Avrupa Birli\u011fi ve Ulusal Kaynakl\u0131 Hibe ve Te\u015fvik Finansman Programlar\u0131 ve Dijital \u0130novasyon Dan\u0131\u015fmanl\u0131\u011f\u0131 ESG Dan\u0131\u015fmanl\u0131k olarak ba\u015fta Avrupa Birli\u011fi kaynakl\u0131 hibe ve te\u015fvik programlar\u0131 olmak \u00fczere \u00f6zellikle Horizon Europe (Horizon Avrupa) ve ulusal fonlar kapsam\u0131nda Ar-ge ve inovasyon projeleri i\u00e7in en uygun finansman olana\u011f\u0131n\u0131 bulma, bu programlar\u0131n istedi\u011fi \u015fekil ve i\u00e7erikte proje teklifi haz\u0131rlama ve proje finansal y\u00f6netim konular\u0131nda hizmet sunmaktay\u0131z. AB hibe fonlar\u0131 konusundaki uzmanl\u0131\u011f\u0131m\u0131z sayesinde proje teklif[&hellip;]\" \/>\n<meta property=\"og:url\" content=\"https:\/\/ankadanismanlikltd.com\/en\/tesvik-ve-hibe-programlari\/ulusal-ajans-destekleri\/\" \/>\n<meta property=\"og:site_name\" content=\"Anka Dan\u0131\u015fmanl\u0131k\" \/>\n<meta property=\"article:publisher\" content=\"https:\/\/www.facebook.com\/ankadanismanlik\" \/>\n<meta property=\"article:modified_time\" content=\"2024-10-13T10:45:20+00:00\" \/>\n<meta name=\"twitter:card\" content=\"summary_large_image\" \/>\n<meta name=\"twitter:site\" content=\"@ankaconsultancy\" \/>\n<meta name=\"twitter:label1\" content=\"Est. reading time\" \/>\n\t<meta name=\"twitter:data1\" content=\"1 minute\" \/>\n<script type=\"application\/ld+json\" class=\"yoast-schema-graph\">{\"@context\":\"https:\/\/schema.org\",\"@graph\":[{\"@type\":\"WebPage\",\"@id\":\"https:\/\/ankadanismanlikltd.com\/tesvik-ve-hibe-programlari\/ulusal-ajans-destekleri\/\",\"url\":\"https:\/\/ankadanismanlikltd.com\/tesvik-ve-hibe-programlari\/ulusal-ajans-destekleri\/\",\"name\":\"Ulusal Ajans Destekleri - Anka Dan\u0131\u015fmanl\u0131k\",\"isPartOf\":{\"@id\":\"https:\/\/ankadanismanlikltd.com\/en\/#website\"},\"datePublished\":\"2024-09-21T14:09:18+00:00\",\"dateModified\":\"2024-10-13T10:45:20+00:00\",\"breadcrumb\":{\"@id\":\"https:\/\/ankadanismanlikltd.com\/tesvik-ve-hibe-programlari\/ulusal-ajans-destekleri\/#breadcrumb\"},\"inLanguage\":\"en-US\",\"potentialAction\":[{\"@type\":\"ReadAction\",\"target\":[\"https:\/\/ankadanismanlikltd.com\/tesvik-ve-hibe-programlari\/ulusal-ajans-destekleri\/\"]}]},{\"@type\":\"BreadcrumbList\",\"@id\":\"https:\/\/ankadanismanlikltd.com\/tesvik-ve-hibe-programlari\/ulusal-ajans-destekleri\/#breadcrumb\",\"itemListElement\":[{\"@type\":\"ListItem\",\"position\":1,\"name\":\"Anasayfa\",\"item\":\"https:\/\/ankadanismanlikltd.com\/en\/\"},{\"@type\":\"ListItem\",\"position\":2,\"name\":\"Te\u015fvik ve Hibe Programlar\u0131\",\"item\":\"https:\/\/ankadanismanlikltd.com\/tesvik-ve-hibe-programlari\/\"},{\"@type\":\"ListItem\",\"position\":3,\"name\":\"Ulusal Ajans Destekleri\"}]},{\"@type\":\"WebSite\",\"@id\":\"https:\/\/ankadanismanlikltd.com\/en\/#website\",\"url\":\"https:\/\/ankadanismanlikltd.com\/en\/\",\"name\":\"Anka Dan\u0131\u015fmanl\u0131k\",\"description\":\"\",\"publisher\":{\"@id\":\"https:\/\/ankadanismanlikltd.com\/en\/#organization\"},\"potentialAction\":[{\"@type\":\"SearchAction\",\"target\":{\"@type\":\"EntryPoint\",\"urlTemplate\":\"https:\/\/ankadanismanlikltd.com\/en\/?s={search_term_string}\"},\"query-input\":{\"@type\":\"PropertyValueSpecification\",\"valueRequired\":true,\"valueName\":\"search_term_string\"}}],\"inLanguage\":\"en-US\"},{\"@type\":\"Organization\",\"@id\":\"https:\/\/ankadanismanlikltd.com\/en\/#organization\",\"name\":\"ANKA Dan\u0131\u015fmanl\u0131k\",\"url\":\"https:\/\/ankadanismanlikltd.com\/en\/\",\"logo\":{\"@type\":\"ImageObject\",\"inLanguage\":\"en-US\",\"@id\":\"https:\/\/ankadanismanlikltd.com\/en\/#\/schema\/logo\/image\/\",\"url\":\"https:\/\/ankadanismanlikltd.com\/wp-content\/uploads\/2025\/03\/yeni-logo.jpg\",\"contentUrl\":\"https:\/\/ankadanismanlikltd.com\/wp-content\/uploads\/2025\/03\/yeni-logo.jpg\",\"width\":623,\"height\":630,\"caption\":\"ANKA Dan\u0131\u015fmanl\u0131k\"},\"image\":{\"@id\":\"https:\/\/ankadanismanlikltd.com\/en\/#\/schema\/logo\/image\/\"},\"sameAs\":[\"https:\/\/www.facebook.com\/ankadanismanlik\",\"https:\/\/x.com\/ankaconsultancy\",\"https:\/\/www.linkedin.com\/company\/ankadanismanlik\",\"https:\/\/www.youtube.com\/@ANKADanmanlk.official\",\"https:\/\/www.instagram.com\/ankadanismanlik.tr?igsh=MXZ6OXMyd3k2MW5zbA&utm_source=qr\"]}]}<\/script>\n<!-- \/ Yoast SEO plugin. -->","yoast_head_json":{"title":"Ulusal Ajans Destekleri - Anka Dan\u0131\u015fmanl\u0131k","robots":{"index":"index","follow":"follow","max-snippet":"max-snippet:-1","max-image-preview":"max-image-preview:large","max-video-preview":"max-video-preview:-1"},"canonical":"https:\/\/ankadanismanlikltd.com\/en\/tesvik-ve-hibe-programlari\/ulusal-ajans-destekleri\/","og_locale":"en_US","og_type":"article","og_title":"Ulusal Ajans Destekleri - Anka Dan\u0131\u015fmanl\u0131k","og_description":"Avrupa Birli\u011fi ve Ulusal Kaynakl\u0131 Hibe ve Te\u015fvik Finansman Programlar\u0131 ve Dijital \u0130novasyon Dan\u0131\u015fmanl\u0131\u011f\u0131 ESG Dan\u0131\u015fmanl\u0131k olarak ba\u015fta Avrupa Birli\u011fi kaynakl\u0131 hibe ve te\u015fvik programlar\u0131 olmak \u00fczere \u00f6zellikle Horizon Europe (Horizon Avrupa) ve ulusal fonlar kapsam\u0131nda Ar-ge ve inovasyon projeleri i\u00e7in en uygun finansman olana\u011f\u0131n\u0131 bulma, bu programlar\u0131n istedi\u011fi \u015fekil ve i\u00e7erikte proje teklifi haz\u0131rlama ve proje finansal y\u00f6netim konular\u0131nda hizmet sunmaktay\u0131z. AB hibe fonlar\u0131 konusundaki uzmanl\u0131\u011f\u0131m\u0131z sayesinde proje teklif[&hellip;]","og_url":"https:\/\/ankadanismanlikltd.com\/en\/tesvik-ve-hibe-programlari\/ulusal-ajans-destekleri\/","og_site_name":"Anka Dan\u0131\u015fmanl\u0131k","article_publisher":"https:\/\/www.facebook.com\/ankadanismanlik","article_modified_time":"2024-10-13T10:45:20+00:00","twitter_card":"summary_large_image","twitter_site":"@ankaconsultancy","twitter_misc":{"Est. reading time":"1 minute"},"schema":{"@context":"https:\/\/schema.org","@graph":[{"@type":"WebPage","@id":"https:\/\/ankadanismanlikltd.com\/tesvik-ve-hibe-programlari\/ulusal-ajans-destekleri\/","url":"https:\/\/ankadanismanlikltd.com\/tesvik-ve-hibe-programlari\/ulusal-ajans-destekleri\/","name":"Ulusal Ajans Destekleri - Anka Dan\u0131\u015fmanl\u0131k","isPartOf":{"@id":"https:\/\/ankadanismanlikltd.com\/en\/#website"},"datePublished":"2024-09-21T14:09:18+00:00","dateModified":"2024-10-13T10:45:20+00:00","breadcrumb":{"@id":"https:\/\/ankadanismanlikltd.com\/tesvik-ve-hibe-programlari\/ulusal-ajans-destekleri\/#breadcrumb"},"inLanguage":"en-US","potentialAction":[{"@type":"ReadAction","target":["https:\/\/ankadanismanlikltd.com\/tesvik-ve-hibe-programlari\/ulusal-ajans-destekleri\/"]}]},{"@type":"BreadcrumbList","@id":"https:\/\/ankadanismanlikltd.com\/tesvik-ve-hibe-programlari\/ulusal-ajans-destekleri\/#breadcrumb","itemListElement":[{"@type":"ListItem","position":1,"name":"Anasayfa","item":"https:\/\/ankadanismanlikltd.com\/en\/"},{"@type":"ListItem","position":2,"name":"Te\u015fvik ve Hibe Programlar\u0131","item":"https:\/\/ankadanismanlikltd.com\/tesvik-ve-hibe-programlari\/"},{"@type":"ListItem","position":3,"name":"Ulusal Ajans Destekleri"}]},{"@type":"WebSite","@id":"https:\/\/ankadanismanlikltd.com\/en\/#website","url":"https:\/\/ankadanismanlikltd.com\/en\/","name":"Anka Dan\u0131\u015fmanl\u0131k","description":"","publisher":{"@id":"https:\/\/ankadanismanlikltd.com\/en\/#organization"},"potentialAction":[{"@type":"SearchAction","target":{"@type":"EntryPoint","urlTemplate":"https:\/\/ankadanismanlikltd.com\/en\/?s={search_term_string}"},"query-input":{"@type":"PropertyValueSpecification","valueRequired":true,"valueName":"search_term_string"}}],"inLanguage":"en-US"},{"@type":"Organization","@id":"https:\/\/ankadanismanlikltd.com\/en\/#organization","name":"ANKA Dan\u0131\u015fmanl\u0131k","url":"https:\/\/ankadanismanlikltd.com\/en\/","logo":{"@type":"ImageObject","inLanguage":"en-US","@id":"https:\/\/ankadanismanlikltd.com\/en\/#\/schema\/logo\/image\/","url":"https:\/\/ankadanismanlikltd.com\/wp-content\/uploads\/2025\/03\/yeni-logo.jpg","contentUrl":"https:\/\/ankadanismanlikltd.com\/wp-content\/uploads\/2025\/03\/yeni-logo.jpg","width":623,"height":630,"caption":"ANKA Dan\u0131\u015fmanl\u0131k"},"image":{"@id":"https:\/\/ankadanismanlikltd.com\/en\/#\/schema\/logo\/image\/"},"sameAs":["https:\/\/www.facebook.com\/ankadanismanlik","https:\/\/x.com\/ankaconsultancy","https:\/\/www.linkedin.com\/company\/ankadanismanlik","https:\/\/www.youtube.com\/@ANKADanmanlk.official","https:\/\/www.instagram.com\/ankadanismanlik.tr?igsh=MXZ6OXMyd3k2MW5zbA&utm_source=qr"]}]}},"_links":{"self":[{"href":"http:\/\/ankadanismanlikltd.com\/en\/wp-json\/wp\/v2\/pages\/353","targetHints":{"allow":["GET"]}}],"collection":[{"href":"http:\/\/ankadanismanlikltd.com\/en\/wp-json\/wp\/v2\/pages"}],"about":[{"href":"http:\/\/ankadanismanlikltd.com\/en\/wp-json\/wp\/v2\/types\/page"}],"author":[{"embeddable":true,"href":"http:\/\/ankadanismanlikltd.com\/en\/wp-json\/wp\/v2\/users\/1"}],"replies":[{"embeddable":true,"href":"http:\/\/ankadanismanlikltd.com\/en\/wp-json\/wp\/v2\/comments?post=353"}],"version-history":[{"count":3,"href":"http:\/\/ankadanismanlikltd.com\/en\/wp-json\/wp\/v2\/pages\/353\/revisions"}],"predecessor-version":[{"id":727,"href":"http:\/\/ankadanismanlikltd.com\/en\/wp-json\/wp\/v2\/pages\/353\/revisions\/727"}],"up":[{"embeddable":true,"href":"http:\/\/ankadanismanlikltd.com\/en\/wp-json\/wp\/v2\/pages\/354"}],"wp:attachment":[{"href":"http:\/\/ankadanismanlikltd.com\/en\/wp-json\/wp\/v2\/media?parent=353"}],"curies":[{"name":"wp","href":"https:\/\/api.w.org\/{rel}","templated":true}]}}