{"id":770,"date":"2024-10-16T10:44:20","date_gmt":"2024-10-16T10:44:20","guid":{"rendered":"https:\/\/ankadanismanlikltd.com\/?page_id=770"},"modified":"2024-10-18T11:07:16","modified_gmt":"2024-10-18T11:07:16","slug":"kurumsal-surdurulebilirlik-ozen-yukumlulugu-direktifi-csddd","status":"publish","type":"page","link":"http:\/\/ankadanismanlikltd.com\/en\/surdurulebilirlik\/kurumsal-surdurulebilirlik-ozen-yukumlulugu-direktifi-csddd\/","title":{"rendered":"Corporate Sustainability Due Diligence Directive (CSDDD)"},"content":{"rendered":"<p><strong>What is CSDDD (Corporate Sustainability Due Diligence Directive)?<\/strong><\/p>\n\n\n\n<p><strong>Corporate Sustainability Due Diligence Directive (CSDDD)<\/strong>, is a regulation proposed by the European Union that requires companies to act more responsibly in terms of sustainability in their supply chains and business operations. The main purpose of this directive is to ensure that companies take an active responsibility to prevent negative impacts on human rights and the environment and to ensure that risks in these areas are identified and managed in advance.<\/p>\n\n\n\n<p>CSDDD does not limit sustainability to the company\u2019s internal processes, but also includes all business partners (direct and indirect) throughout the supply chain. This approach brings a broader sense of responsibility and accountability in the business world.<\/p>\n\n\n\n<p><strong>Main Objectives of CSDDD<\/strong><\/p>\n\n\n\n<ul class=\"wp-block-list\">\n<li><strong>Respect for Human Rights:<\/strong> It requires companies to respect and prevent violations of labour and human rights, both in their own operations and in their supply chains.<\/li>\n\n\n\n<li><strong>Management of Environmental Impacts:<\/strong> Companies are ensured to fulfill their responsibilities to reduce their negative impact on the environment, combat climate change and protect biodiversity.<\/li>\n\n\n\n<li><strong>Supply Chain Transparency:<\/strong> It is mandatory to assess and manage environmental and social risks at every stage of the supply chain.<\/li>\n\n\n\n<li><strong>Responsibilities for Managers:<\/strong> It contains provisions that require company managers to make decisions taking into account sustainability and long-term impacts.<\/li>\n<\/ul>\n\n\n\n<p><strong>Scope of Application of CSDDD<\/strong><\/p>\n\n\n\n<p>The CSDDD primarily applies to large companies and businesses operating in specific sectors. However, companies falling within the scope of this directive will also have an indirect impact on smaller businesses in their supply chains. Companies are responsible for ensuring that all business partners in their supply chain comply with the requirements of the CSDDD.<\/p>\n\n\n\n<p><strong>Effects and Advantages of CSDDD<\/strong><\/p>\n\n\n\n<ul class=\"wp-block-list\">\n<li><strong>Sustainable Business Models:<\/strong> CSDDD encourages companies to transition to more sustainable and socially responsible business models.<\/li>\n\n\n\n<li><strong>Legal Compliance:<\/strong> Companies that do not comply with the directive\u2019s requirements could face serious sanctions, so complying early will give businesses a competitive advantage.<\/li>\n\n\n\n<li><strong>Protection of Brand Reputation:<\/strong> A business model that does not harm human rights and the environment strengthens the brand's reputation and increases customer trust.<\/li>\n<\/ul>","protected":false},"excerpt":{"rendered":"<p>CSDDD (Kurumsal S\u00fcrd\u00fcr\u00fclebilirlik \u00d6zen Y\u00fck\u00fcml\u00fcl\u00fc\u011f\u00fc Direktifi) Nedir? Kurumsal S\u00fcrd\u00fcr\u00fclebilirlik \u00d6zen Y\u00fck\u00fcml\u00fcl\u00fc\u011f\u00fc Direktifi (CSDDD &#8211; Corporate Sustainability Due Diligence Directive), Avrupa Birli\u011fi taraf\u0131ndan \u00f6nerilen ve \u015firketlerin tedarik zincirlerinde ve i\u015f operasyonlar\u0131nda s\u00fcrd\u00fcr\u00fclebilirlik konusunda daha sorumlu davranmalar\u0131n\u0131 zorunlu k\u0131lan bir d\u00fczenlemedir. Bu direktifin temel amac\u0131, \u015firketlerin insan haklar\u0131na ve \u00e7evreye olan olumsuz etkilerini \u00f6nlemeye y\u00f6nelik aktif bir sorumluluk almalar\u0131n\u0131 sa\u011flamak ve bu alanlardaki risklerin \u00f6nceden tespit edilip y\u00f6netilmesini g\u00fcvence alt\u0131na almakt\u0131r. CSDDD,[&hellip;]<\/p>","protected":false},"author":1,"featured_media":0,"parent":222,"menu_order":0,"comment_status":"closed","ping_status":"closed","template":"","meta":{"_acf_changed":false,"footnotes":""},"class_list":["post-770","page","type-page","status-publish","hentry"],"acf":[],"yoast_head":"<!-- This site is optimized with the Yoast SEO plugin v25.9 - https:\/\/yoast.com\/wordpress\/plugins\/seo\/ -->\n<title>Kurumsal S\u00fcrd\u00fcr\u00fclebilirlik \u00d6zen Y\u00fck\u00fcml\u00fcl\u00fc\u011f\u00fc Direktifi (CSDDD) - Anka Dan\u0131\u015fmanl\u0131k<\/title>\n<meta name=\"robots\" content=\"index, follow, max-snippet:-1, max-image-preview:large, max-video-preview:-1\" \/>\n<link rel=\"canonical\" href=\"http:\/\/ankadanismanlikltd.com\/en\/surdurulebilirlik\/kurumsal-surdurulebilirlik-ozen-yukumlulugu-direktifi-csddd\/\" \/>\n<meta property=\"og:locale\" content=\"en_US\" \/>\n<meta property=\"og:type\" content=\"article\" \/>\n<meta property=\"og:title\" content=\"Kurumsal S\u00fcrd\u00fcr\u00fclebilirlik \u00d6zen Y\u00fck\u00fcml\u00fcl\u00fc\u011f\u00fc Direktifi (CSDDD) - Anka Dan\u0131\u015fmanl\u0131k\" \/>\n<meta property=\"og:description\" content=\"CSDDD (Kurumsal S\u00fcrd\u00fcr\u00fclebilirlik \u00d6zen Y\u00fck\u00fcml\u00fcl\u00fc\u011f\u00fc Direktifi) Nedir? Kurumsal S\u00fcrd\u00fcr\u00fclebilirlik \u00d6zen Y\u00fck\u00fcml\u00fcl\u00fc\u011f\u00fc Direktifi (CSDDD &#8211; Corporate Sustainability Due Diligence Directive), Avrupa Birli\u011fi taraf\u0131ndan \u00f6nerilen ve \u015firketlerin tedarik zincirlerinde ve i\u015f operasyonlar\u0131nda s\u00fcrd\u00fcr\u00fclebilirlik konusunda daha sorumlu davranmalar\u0131n\u0131 zorunlu k\u0131lan bir d\u00fczenlemedir. Bu direktifin temel amac\u0131, \u015firketlerin insan haklar\u0131na ve \u00e7evreye olan olumsuz etkilerini \u00f6nlemeye y\u00f6nelik aktif bir sorumluluk almalar\u0131n\u0131 sa\u011flamak ve bu alanlardaki risklerin \u00f6nceden tespit edilip y\u00f6netilmesini g\u00fcvence alt\u0131na almakt\u0131r. CSDDD,[&hellip;]\" \/>\n<meta property=\"og:url\" content=\"http:\/\/ankadanismanlikltd.com\/en\/surdurulebilirlik\/kurumsal-surdurulebilirlik-ozen-yukumlulugu-direktifi-csddd\/\" \/>\n<meta property=\"og:site_name\" content=\"Anka Dan\u0131\u015fmanl\u0131k\" \/>\n<meta property=\"article:publisher\" content=\"https:\/\/www.facebook.com\/ankadanismanlik\" \/>\n<meta property=\"article:modified_time\" content=\"2024-10-18T11:07:16+00:00\" \/>\n<meta name=\"twitter:card\" content=\"summary_large_image\" \/>\n<meta name=\"twitter:site\" content=\"@ankaconsultancy\" \/>\n<meta name=\"twitter:label1\" content=\"Est. reading time\" \/>\n\t<meta name=\"twitter:data1\" content=\"2 minutes\" \/>\n<script type=\"application\/ld+json\" class=\"yoast-schema-graph\">{\"@context\":\"https:\/\/schema.org\",\"@graph\":[{\"@type\":\"WebPage\",\"@id\":\"http:\/\/ankadanismanlikltd.com\/en\/surdurulebilirlik\/kurumsal-surdurulebilirlik-ozen-yukumlulugu-direktifi-csddd\/\",\"url\":\"http:\/\/ankadanismanlikltd.com\/en\/surdurulebilirlik\/kurumsal-surdurulebilirlik-ozen-yukumlulugu-direktifi-csddd\/\",\"name\":\"Kurumsal S\u00fcrd\u00fcr\u00fclebilirlik \u00d6zen Y\u00fck\u00fcml\u00fcl\u00fc\u011f\u00fc Direktifi (CSDDD) - Anka Dan\u0131\u015fmanl\u0131k\",\"isPartOf\":{\"@id\":\"http:\/\/ankadanismanlikltd.com\/en\/#website\"},\"datePublished\":\"2024-10-16T10:44:20+00:00\",\"dateModified\":\"2024-10-18T11:07:16+00:00\",\"breadcrumb\":{\"@id\":\"http:\/\/ankadanismanlikltd.com\/en\/surdurulebilirlik\/kurumsal-surdurulebilirlik-ozen-yukumlulugu-direktifi-csddd\/#breadcrumb\"},\"inLanguage\":\"en-US\",\"potentialAction\":[{\"@type\":\"ReadAction\",\"target\":[\"http:\/\/ankadanismanlikltd.com\/en\/surdurulebilirlik\/kurumsal-surdurulebilirlik-ozen-yukumlulugu-direktifi-csddd\/\"]}]},{\"@type\":\"BreadcrumbList\",\"@id\":\"http:\/\/ankadanismanlikltd.com\/en\/surdurulebilirlik\/kurumsal-surdurulebilirlik-ozen-yukumlulugu-direktifi-csddd\/#breadcrumb\",\"itemListElement\":[{\"@type\":\"ListItem\",\"position\":1,\"name\":\"Anasayfa\",\"item\":\"http:\/\/ankadanismanlikltd.com\/en\/\"},{\"@type\":\"ListItem\",\"position\":2,\"name\":\"Kurumsal S\u00fcrd\u00fcr\u00fclebilirlik\",\"item\":\"http:\/\/ankadanismanlikltd.com\/en\/surdurulebilirlik\/\"},{\"@type\":\"ListItem\",\"position\":3,\"name\":\"Kurumsal S\u00fcrd\u00fcr\u00fclebilirlik \u00d6zen Y\u00fck\u00fcml\u00fcl\u00fc\u011f\u00fc Direktifi (CSDDD)\"}]},{\"@type\":\"WebSite\",\"@id\":\"http:\/\/ankadanismanlikltd.com\/en\/#website\",\"url\":\"http:\/\/ankadanismanlikltd.com\/en\/\",\"name\":\"Anka Dan\u0131\u015fmanl\u0131k\",\"description\":\"\",\"publisher\":{\"@id\":\"http:\/\/ankadanismanlikltd.com\/en\/#organization\"},\"potentialAction\":[{\"@type\":\"SearchAction\",\"target\":{\"@type\":\"EntryPoint\",\"urlTemplate\":\"http:\/\/ankadanismanlikltd.com\/en\/?s={search_term_string}\"},\"query-input\":{\"@type\":\"PropertyValueSpecification\",\"valueRequired\":true,\"valueName\":\"search_term_string\"}}],\"inLanguage\":\"en-US\"},{\"@type\":\"Organization\",\"@id\":\"http:\/\/ankadanismanlikltd.com\/en\/#organization\",\"name\":\"ANKA Dan\u0131\u015fmanl\u0131k\",\"url\":\"http:\/\/ankadanismanlikltd.com\/en\/\",\"logo\":{\"@type\":\"ImageObject\",\"inLanguage\":\"en-US\",\"@id\":\"http:\/\/ankadanismanlikltd.com\/en\/#\/schema\/logo\/image\/\",\"url\":\"https:\/\/ankadanismanlikltd.com\/wp-content\/uploads\/2025\/03\/yeni-logo.jpg\",\"contentUrl\":\"https:\/\/ankadanismanlikltd.com\/wp-content\/uploads\/2025\/03\/yeni-logo.jpg\",\"width\":623,\"height\":630,\"caption\":\"ANKA Dan\u0131\u015fmanl\u0131k\"},\"image\":{\"@id\":\"http:\/\/ankadanismanlikltd.com\/en\/#\/schema\/logo\/image\/\"},\"sameAs\":[\"https:\/\/www.facebook.com\/ankadanismanlik\",\"https:\/\/x.com\/ankaconsultancy\",\"https:\/\/www.linkedin.com\/company\/ankadanismanlik\",\"https:\/\/www.youtube.com\/@ANKADanmanlk.official\",\"https:\/\/www.instagram.com\/ankadanismanlik.tr?igsh=MXZ6OXMyd3k2MW5zbA&utm_source=qr\"]}]}<\/script>\n<!-- \/ Yoast SEO plugin. -->","yoast_head_json":{"title":"Kurumsal S\u00fcrd\u00fcr\u00fclebilirlik \u00d6zen Y\u00fck\u00fcml\u00fcl\u00fc\u011f\u00fc Direktifi (CSDDD) - Anka Dan\u0131\u015fmanl\u0131k","robots":{"index":"index","follow":"follow","max-snippet":"max-snippet:-1","max-image-preview":"max-image-preview:large","max-video-preview":"max-video-preview:-1"},"canonical":"http:\/\/ankadanismanlikltd.com\/en\/surdurulebilirlik\/kurumsal-surdurulebilirlik-ozen-yukumlulugu-direktifi-csddd\/","og_locale":"en_US","og_type":"article","og_title":"Kurumsal S\u00fcrd\u00fcr\u00fclebilirlik \u00d6zen Y\u00fck\u00fcml\u00fcl\u00fc\u011f\u00fc Direktifi (CSDDD) - Anka Dan\u0131\u015fmanl\u0131k","og_description":"CSDDD (Kurumsal S\u00fcrd\u00fcr\u00fclebilirlik \u00d6zen Y\u00fck\u00fcml\u00fcl\u00fc\u011f\u00fc Direktifi) Nedir? Kurumsal S\u00fcrd\u00fcr\u00fclebilirlik \u00d6zen Y\u00fck\u00fcml\u00fcl\u00fc\u011f\u00fc Direktifi (CSDDD &#8211; Corporate Sustainability Due Diligence Directive), Avrupa Birli\u011fi taraf\u0131ndan \u00f6nerilen ve \u015firketlerin tedarik zincirlerinde ve i\u015f operasyonlar\u0131nda s\u00fcrd\u00fcr\u00fclebilirlik konusunda daha sorumlu davranmalar\u0131n\u0131 zorunlu k\u0131lan bir d\u00fczenlemedir. Bu direktifin temel amac\u0131, \u015firketlerin insan haklar\u0131na ve \u00e7evreye olan olumsuz etkilerini \u00f6nlemeye y\u00f6nelik aktif bir sorumluluk almalar\u0131n\u0131 sa\u011flamak ve bu alanlardaki risklerin \u00f6nceden tespit edilip y\u00f6netilmesini g\u00fcvence alt\u0131na almakt\u0131r. CSDDD,[&hellip;]","og_url":"http:\/\/ankadanismanlikltd.com\/en\/surdurulebilirlik\/kurumsal-surdurulebilirlik-ozen-yukumlulugu-direktifi-csddd\/","og_site_name":"Anka Dan\u0131\u015fmanl\u0131k","article_publisher":"https:\/\/www.facebook.com\/ankadanismanlik","article_modified_time":"2024-10-18T11:07:16+00:00","twitter_card":"summary_large_image","twitter_site":"@ankaconsultancy","twitter_misc":{"Est. reading time":"2 minutes"},"schema":{"@context":"https:\/\/schema.org","@graph":[{"@type":"WebPage","@id":"http:\/\/ankadanismanlikltd.com\/en\/surdurulebilirlik\/kurumsal-surdurulebilirlik-ozen-yukumlulugu-direktifi-csddd\/","url":"http:\/\/ankadanismanlikltd.com\/en\/surdurulebilirlik\/kurumsal-surdurulebilirlik-ozen-yukumlulugu-direktifi-csddd\/","name":"Kurumsal S\u00fcrd\u00fcr\u00fclebilirlik \u00d6zen Y\u00fck\u00fcml\u00fcl\u00fc\u011f\u00fc Direktifi (CSDDD) - Anka Dan\u0131\u015fmanl\u0131k","isPartOf":{"@id":"http:\/\/ankadanismanlikltd.com\/en\/#website"},"datePublished":"2024-10-16T10:44:20+00:00","dateModified":"2024-10-18T11:07:16+00:00","breadcrumb":{"@id":"http:\/\/ankadanismanlikltd.com\/en\/surdurulebilirlik\/kurumsal-surdurulebilirlik-ozen-yukumlulugu-direktifi-csddd\/#breadcrumb"},"inLanguage":"en-US","potentialAction":[{"@type":"ReadAction","target":["http:\/\/ankadanismanlikltd.com\/en\/surdurulebilirlik\/kurumsal-surdurulebilirlik-ozen-yukumlulugu-direktifi-csddd\/"]}]},{"@type":"BreadcrumbList","@id":"http:\/\/ankadanismanlikltd.com\/en\/surdurulebilirlik\/kurumsal-surdurulebilirlik-ozen-yukumlulugu-direktifi-csddd\/#breadcrumb","itemListElement":[{"@type":"ListItem","position":1,"name":"Anasayfa","item":"http:\/\/ankadanismanlikltd.com\/en\/"},{"@type":"ListItem","position":2,"name":"Kurumsal S\u00fcrd\u00fcr\u00fclebilirlik","item":"http:\/\/ankadanismanlikltd.com\/en\/surdurulebilirlik\/"},{"@type":"ListItem","position":3,"name":"Kurumsal S\u00fcrd\u00fcr\u00fclebilirlik \u00d6zen Y\u00fck\u00fcml\u00fcl\u00fc\u011f\u00fc Direktifi (CSDDD)"}]},{"@type":"WebSite","@id":"http:\/\/ankadanismanlikltd.com\/en\/#website","url":"http:\/\/ankadanismanlikltd.com\/en\/","name":"Anka Dan\u0131\u015fmanl\u0131k","description":"","publisher":{"@id":"http:\/\/ankadanismanlikltd.com\/en\/#organization"},"potentialAction":[{"@type":"SearchAction","target":{"@type":"EntryPoint","urlTemplate":"http:\/\/ankadanismanlikltd.com\/en\/?s={search_term_string}"},"query-input":{"@type":"PropertyValueSpecification","valueRequired":true,"valueName":"search_term_string"}}],"inLanguage":"en-US"},{"@type":"Organization","@id":"http:\/\/ankadanismanlikltd.com\/en\/#organization","name":"ANKA Dan\u0131\u015fmanl\u0131k","url":"http:\/\/ankadanismanlikltd.com\/en\/","logo":{"@type":"ImageObject","inLanguage":"en-US","@id":"http:\/\/ankadanismanlikltd.com\/en\/#\/schema\/logo\/image\/","url":"https:\/\/ankadanismanlikltd.com\/wp-content\/uploads\/2025\/03\/yeni-logo.jpg","contentUrl":"https:\/\/ankadanismanlikltd.com\/wp-content\/uploads\/2025\/03\/yeni-logo.jpg","width":623,"height":630,"caption":"ANKA Dan\u0131\u015fmanl\u0131k"},"image":{"@id":"http:\/\/ankadanismanlikltd.com\/en\/#\/schema\/logo\/image\/"},"sameAs":["https:\/\/www.facebook.com\/ankadanismanlik","https:\/\/x.com\/ankaconsultancy","https:\/\/www.linkedin.com\/company\/ankadanismanlik","https:\/\/www.youtube.com\/@ANKADanmanlk.official","https:\/\/www.instagram.com\/ankadanismanlik.tr?igsh=MXZ6OXMyd3k2MW5zbA&utm_source=qr"]}]}},"_links":{"self":[{"href":"http:\/\/ankadanismanlikltd.com\/en\/wp-json\/wp\/v2\/pages\/770","targetHints":{"allow":["GET"]}}],"collection":[{"href":"http:\/\/ankadanismanlikltd.com\/en\/wp-json\/wp\/v2\/pages"}],"about":[{"href":"http:\/\/ankadanismanlikltd.com\/en\/wp-json\/wp\/v2\/types\/page"}],"author":[{"embeddable":true,"href":"http:\/\/ankadanismanlikltd.com\/en\/wp-json\/wp\/v2\/users\/1"}],"replies":[{"embeddable":true,"href":"http:\/\/ankadanismanlikltd.com\/en\/wp-json\/wp\/v2\/comments?post=770"}],"version-history":[{"count":4,"href":"http:\/\/ankadanismanlikltd.com\/en\/wp-json\/wp\/v2\/pages\/770\/revisions"}],"predecessor-version":[{"id":914,"href":"http:\/\/ankadanismanlikltd.com\/en\/wp-json\/wp\/v2\/pages\/770\/revisions\/914"}],"up":[{"embeddable":true,"href":"http:\/\/ankadanismanlikltd.com\/en\/wp-json\/wp\/v2\/pages\/222"}],"wp:attachment":[{"href":"http:\/\/ankadanismanlikltd.com\/en\/wp-json\/wp\/v2\/media?parent=770"}],"curies":[{"name":"wp","href":"https:\/\/api.w.org\/{rel}","templated":true}]}}