{"id":775,"date":"2024-10-16T11:40:27","date_gmt":"2024-10-16T11:40:27","guid":{"rendered":"https:\/\/ankadanismanlikltd.com\/?page_id=775"},"modified":"2024-10-18T11:07:58","modified_gmt":"2024-10-18T11:07:58","slug":"asi-sertifikasyonu-aluminium-stewardship-initiative-green-aluminium","status":"publish","type":"page","link":"http:\/\/ankadanismanlikltd.com\/en\/surdurulebilirlik\/asi-sertifikasyonu-aluminium-stewardship-initiative-green-aluminium\/","title":{"rendered":"ASI Certification- Aluminum Stewardship Initiative (Green Aluminum)"},"content":{"rendered":"<p><strong>Aluminum Management Initiative (ASI)<\/strong>, is an initiative of leading players in the sector that aims to promote sustainability in the aluminium value chain. Both aluminium producers and industries that use this material can benefit from ASI certification by demonstrating their commitment to social, environmental and ethical standards.<\/p>\n\n\n\n<p><strong>Aluminum and Sustainability<\/strong><\/p>\n\n\n\n<p>Aluminium is a material with unique properties that plays a key role in the transition to a sustainable economy. Its lightweight structure, infinite recyclability and durability offer significant advantages, especially in reducing environmental impact. However, aluminium production is an energy-intensive process and has a significant environmental impact on the planet. Therefore, elements such as greenhouse gas emissions, energy consumption and waste management must be carefully considered during production.<\/p>\n\n\n\n<p><strong>ASI Certification: Assurance of Sustainability<\/strong><\/p>\n\n\n\n<p>The ASI certification process ensures that aluminum is produced and processed responsibly. Manufacturing companies and processing industries can earn this certification by meeting the highest environmental, social and ethical standards, demonstrating their commitment to environmental and social responsibility.<\/p>\n\n\n\n<p><strong>Who is it valid for?<\/strong><\/p>\n\n\n\n<p>ASI standards can be applied across the entire value chain, from bauxite mining, the raw material for aluminum, to smelting, refining and material conversion processes. In addition, industrial users who use aluminum intensively, such as automotive and packaging, can also comply with these standards.<\/p>\n\n\n\n<p><strong>ASI Performance Standard Certification<\/strong><\/p>\n\n\n\n<p>The ASI Performance Standard covers critical environmental and social issues affecting the aluminium value chain. Certification demonstrates that companies act responsibly by taking into account sensitivities in the following areas:<\/p>\n\n\n\n<ul class=\"wp-block-list\">\n<li><strong>Greenhouse Gas Emissions<\/strong>: Reducing carbon footprint and combating climate change.<\/li>\n\n\n\n<li><strong>Waste Management<\/strong>: Minimizing waste generation in production processes and increasing recycling.<\/li>\n\n\n\n<li><strong>Materials Management<\/strong>: Preventing waste by using resources efficiently.<\/li>\n\n\n\n<li><strong>Biodiversity<\/strong>: To minimize the impact of activities such as bauxite mining on natural ecosystems.<\/li>\n\n\n\n<li><strong>Human rights<\/strong>: Respecting workers' rights and developing responsible relationships with local communities.<\/li>\n<\/ul>","protected":false},"excerpt":{"rendered":"<p>Al\u00fcminyum Y\u00f6netim Giri\u015fimi (ASI), al\u00fcminyum de\u011fer zincirinde s\u00fcrd\u00fcr\u00fclebilirli\u011fi te\u015fvik etmeyi ama\u00e7layan, sekt\u00f6r\u00fcn \u00f6nde gelen akt\u00f6rlerinin bir araya geldi\u011fi bir giri\u015fimdir. Hem al\u00fcminyum \u00fcreticileri hem de bu malzemeyi kullanan end\u00fcstriler, sosyal, \u00e7evresel ve etik standartlara ba\u011fl\u0131l\u0131klar\u0131n\u0131 g\u00f6stererek ASI sertifikas\u0131ndan faydalanabilirler. Al\u00fcminyum ve S\u00fcrd\u00fcr\u00fclebilirlik Al\u00fcminyum, s\u00fcrd\u00fcr\u00fclebilir ekonomiye ge\u00e7i\u015fte kilit bir rol oynayan, benzersiz \u00f6zelliklere sahip bir malzemedir. Hafif yap\u0131s\u0131, sonsuz kez geri d\u00f6n\u00fc\u015ft\u00fcr\u00fclebilmesi ve dayan\u0131kl\u0131l\u0131\u011f\u0131 sayesinde, \u00f6zellikle \u00e7evresel etkileri azaltmada \u00f6nemli avantajlar[&hellip;]<\/p>","protected":false},"author":1,"featured_media":0,"parent":222,"menu_order":0,"comment_status":"closed","ping_status":"closed","template":"","meta":{"_acf_changed":false,"footnotes":""},"class_list":["post-775","page","type-page","status-publish","hentry"],"acf":[],"yoast_head":"<!-- This site is optimized with the Yoast SEO plugin v25.9 - https:\/\/yoast.com\/wordpress\/plugins\/seo\/ -->\n<title>ASI Sertifikasyonu- Aluminium Stewardship Initiative (Green Aluminium) - Anka Dan\u0131\u015fmanl\u0131k<\/title>\n<meta name=\"robots\" content=\"index, follow, max-snippet:-1, max-image-preview:large, max-video-preview:-1\" \/>\n<link rel=\"canonical\" href=\"https:\/\/ankadanismanlikltd.com\/en\/surdurulebilirlik\/asi-sertifikasyonu-aluminium-stewardship-initiative-green-aluminium\/\" \/>\n<meta property=\"og:locale\" content=\"en_US\" \/>\n<meta property=\"og:type\" content=\"article\" \/>\n<meta property=\"og:title\" content=\"ASI Sertifikasyonu- Aluminium Stewardship Initiative (Green Aluminium) - Anka Dan\u0131\u015fmanl\u0131k\" \/>\n<meta property=\"og:description\" content=\"Al\u00fcminyum Y\u00f6netim Giri\u015fimi (ASI), al\u00fcminyum de\u011fer zincirinde s\u00fcrd\u00fcr\u00fclebilirli\u011fi te\u015fvik etmeyi ama\u00e7layan, sekt\u00f6r\u00fcn \u00f6nde gelen akt\u00f6rlerinin bir araya geldi\u011fi bir giri\u015fimdir. Hem al\u00fcminyum \u00fcreticileri hem de bu malzemeyi kullanan end\u00fcstriler, sosyal, \u00e7evresel ve etik standartlara ba\u011fl\u0131l\u0131klar\u0131n\u0131 g\u00f6stererek ASI sertifikas\u0131ndan faydalanabilirler. Al\u00fcminyum ve S\u00fcrd\u00fcr\u00fclebilirlik Al\u00fcminyum, s\u00fcrd\u00fcr\u00fclebilir ekonomiye ge\u00e7i\u015fte kilit bir rol oynayan, benzersiz \u00f6zelliklere sahip bir malzemedir. Hafif yap\u0131s\u0131, sonsuz kez geri d\u00f6n\u00fc\u015ft\u00fcr\u00fclebilmesi ve dayan\u0131kl\u0131l\u0131\u011f\u0131 sayesinde, \u00f6zellikle \u00e7evresel etkileri azaltmada \u00f6nemli avantajlar[&hellip;]\" \/>\n<meta property=\"og:url\" content=\"https:\/\/ankadanismanlikltd.com\/en\/surdurulebilirlik\/asi-sertifikasyonu-aluminium-stewardship-initiative-green-aluminium\/\" \/>\n<meta property=\"og:site_name\" content=\"Anka Dan\u0131\u015fmanl\u0131k\" \/>\n<meta property=\"article:publisher\" content=\"https:\/\/www.facebook.com\/ankadanismanlik\" \/>\n<meta property=\"article:modified_time\" content=\"2024-10-18T11:07:58+00:00\" \/>\n<meta name=\"twitter:card\" content=\"summary_large_image\" \/>\n<meta name=\"twitter:site\" content=\"@ankaconsultancy\" \/>\n<meta name=\"twitter:label1\" content=\"Est. reading time\" \/>\n\t<meta name=\"twitter:data1\" content=\"2 minutes\" \/>\n<script type=\"application\/ld+json\" class=\"yoast-schema-graph\">{\"@context\":\"https:\/\/schema.org\",\"@graph\":[{\"@type\":\"WebPage\",\"@id\":\"https:\/\/ankadanismanlikltd.com\/en\/surdurulebilirlik\/asi-sertifikasyonu-aluminium-stewardship-initiative-green-aluminium\/\",\"url\":\"https:\/\/ankadanismanlikltd.com\/en\/surdurulebilirlik\/asi-sertifikasyonu-aluminium-stewardship-initiative-green-aluminium\/\",\"name\":\"ASI Sertifikasyonu- Aluminium Stewardship Initiative (Green Aluminium) - Anka Dan\u0131\u015fmanl\u0131k\",\"isPartOf\":{\"@id\":\"https:\/\/ankadanismanlikltd.com\/en\/#website\"},\"datePublished\":\"2024-10-16T11:40:27+00:00\",\"dateModified\":\"2024-10-18T11:07:58+00:00\",\"breadcrumb\":{\"@id\":\"https:\/\/ankadanismanlikltd.com\/en\/surdurulebilirlik\/asi-sertifikasyonu-aluminium-stewardship-initiative-green-aluminium\/#breadcrumb\"},\"inLanguage\":\"en-US\",\"potentialAction\":[{\"@type\":\"ReadAction\",\"target\":[\"https:\/\/ankadanismanlikltd.com\/en\/surdurulebilirlik\/asi-sertifikasyonu-aluminium-stewardship-initiative-green-aluminium\/\"]}]},{\"@type\":\"BreadcrumbList\",\"@id\":\"https:\/\/ankadanismanlikltd.com\/en\/surdurulebilirlik\/asi-sertifikasyonu-aluminium-stewardship-initiative-green-aluminium\/#breadcrumb\",\"itemListElement\":[{\"@type\":\"ListItem\",\"position\":1,\"name\":\"Anasayfa\",\"item\":\"https:\/\/ankadanismanlikltd.com\/en\/\"},{\"@type\":\"ListItem\",\"position\":2,\"name\":\"Kurumsal S\u00fcrd\u00fcr\u00fclebilirlik\",\"item\":\"https:\/\/ankadanismanlikltd.com\/en\/surdurulebilirlik\/\"},{\"@type\":\"ListItem\",\"position\":3,\"name\":\"ASI Sertifikasyonu- Aluminium Stewardship Initiative (Green Aluminium)\"}]},{\"@type\":\"WebSite\",\"@id\":\"https:\/\/ankadanismanlikltd.com\/en\/#website\",\"url\":\"https:\/\/ankadanismanlikltd.com\/en\/\",\"name\":\"Anka Dan\u0131\u015fmanl\u0131k\",\"description\":\"\",\"publisher\":{\"@id\":\"https:\/\/ankadanismanlikltd.com\/en\/#organization\"},\"potentialAction\":[{\"@type\":\"SearchAction\",\"target\":{\"@type\":\"EntryPoint\",\"urlTemplate\":\"https:\/\/ankadanismanlikltd.com\/en\/?s={search_term_string}\"},\"query-input\":{\"@type\":\"PropertyValueSpecification\",\"valueRequired\":true,\"valueName\":\"search_term_string\"}}],\"inLanguage\":\"en-US\"},{\"@type\":\"Organization\",\"@id\":\"https:\/\/ankadanismanlikltd.com\/en\/#organization\",\"name\":\"ANKA Dan\u0131\u015fmanl\u0131k\",\"url\":\"https:\/\/ankadanismanlikltd.com\/en\/\",\"logo\":{\"@type\":\"ImageObject\",\"inLanguage\":\"en-US\",\"@id\":\"https:\/\/ankadanismanlikltd.com\/en\/#\/schema\/logo\/image\/\",\"url\":\"https:\/\/ankadanismanlikltd.com\/wp-content\/uploads\/2025\/03\/yeni-logo.jpg\",\"contentUrl\":\"https:\/\/ankadanismanlikltd.com\/wp-content\/uploads\/2025\/03\/yeni-logo.jpg\",\"width\":623,\"height\":630,\"caption\":\"ANKA Dan\u0131\u015fmanl\u0131k\"},\"image\":{\"@id\":\"https:\/\/ankadanismanlikltd.com\/en\/#\/schema\/logo\/image\/\"},\"sameAs\":[\"https:\/\/www.facebook.com\/ankadanismanlik\",\"https:\/\/x.com\/ankaconsultancy\",\"https:\/\/www.linkedin.com\/company\/ankadanismanlik\",\"https:\/\/www.youtube.com\/@ANKADanmanlk.official\",\"https:\/\/www.instagram.com\/ankadanismanlik.tr?igsh=MXZ6OXMyd3k2MW5zbA&utm_source=qr\"]}]}<\/script>\n<!-- \/ Yoast SEO plugin. -->","yoast_head_json":{"title":"ASI Sertifikasyonu- Aluminium Stewardship Initiative (Green Aluminium) - Anka Dan\u0131\u015fmanl\u0131k","robots":{"index":"index","follow":"follow","max-snippet":"max-snippet:-1","max-image-preview":"max-image-preview:large","max-video-preview":"max-video-preview:-1"},"canonical":"https:\/\/ankadanismanlikltd.com\/en\/surdurulebilirlik\/asi-sertifikasyonu-aluminium-stewardship-initiative-green-aluminium\/","og_locale":"en_US","og_type":"article","og_title":"ASI Sertifikasyonu- Aluminium Stewardship Initiative (Green Aluminium) - Anka Dan\u0131\u015fmanl\u0131k","og_description":"Al\u00fcminyum Y\u00f6netim Giri\u015fimi (ASI), al\u00fcminyum de\u011fer zincirinde s\u00fcrd\u00fcr\u00fclebilirli\u011fi te\u015fvik etmeyi ama\u00e7layan, sekt\u00f6r\u00fcn \u00f6nde gelen akt\u00f6rlerinin bir araya geldi\u011fi bir giri\u015fimdir. Hem al\u00fcminyum \u00fcreticileri hem de bu malzemeyi kullanan end\u00fcstriler, sosyal, \u00e7evresel ve etik standartlara ba\u011fl\u0131l\u0131klar\u0131n\u0131 g\u00f6stererek ASI sertifikas\u0131ndan faydalanabilirler. Al\u00fcminyum ve S\u00fcrd\u00fcr\u00fclebilirlik Al\u00fcminyum, s\u00fcrd\u00fcr\u00fclebilir ekonomiye ge\u00e7i\u015fte kilit bir rol oynayan, benzersiz \u00f6zelliklere sahip bir malzemedir. Hafif yap\u0131s\u0131, sonsuz kez geri d\u00f6n\u00fc\u015ft\u00fcr\u00fclebilmesi ve dayan\u0131kl\u0131l\u0131\u011f\u0131 sayesinde, \u00f6zellikle \u00e7evresel etkileri azaltmada \u00f6nemli avantajlar[&hellip;]","og_url":"https:\/\/ankadanismanlikltd.com\/en\/surdurulebilirlik\/asi-sertifikasyonu-aluminium-stewardship-initiative-green-aluminium\/","og_site_name":"Anka Dan\u0131\u015fmanl\u0131k","article_publisher":"https:\/\/www.facebook.com\/ankadanismanlik","article_modified_time":"2024-10-18T11:07:58+00:00","twitter_card":"summary_large_image","twitter_site":"@ankaconsultancy","twitter_misc":{"Est. reading time":"2 minutes"},"schema":{"@context":"https:\/\/schema.org","@graph":[{"@type":"WebPage","@id":"https:\/\/ankadanismanlikltd.com\/en\/surdurulebilirlik\/asi-sertifikasyonu-aluminium-stewardship-initiative-green-aluminium\/","url":"https:\/\/ankadanismanlikltd.com\/en\/surdurulebilirlik\/asi-sertifikasyonu-aluminium-stewardship-initiative-green-aluminium\/","name":"ASI Sertifikasyonu- Aluminium Stewardship Initiative (Green Aluminium) - Anka Dan\u0131\u015fmanl\u0131k","isPartOf":{"@id":"https:\/\/ankadanismanlikltd.com\/en\/#website"},"datePublished":"2024-10-16T11:40:27+00:00","dateModified":"2024-10-18T11:07:58+00:00","breadcrumb":{"@id":"https:\/\/ankadanismanlikltd.com\/en\/surdurulebilirlik\/asi-sertifikasyonu-aluminium-stewardship-initiative-green-aluminium\/#breadcrumb"},"inLanguage":"en-US","potentialAction":[{"@type":"ReadAction","target":["https:\/\/ankadanismanlikltd.com\/en\/surdurulebilirlik\/asi-sertifikasyonu-aluminium-stewardship-initiative-green-aluminium\/"]}]},{"@type":"BreadcrumbList","@id":"https:\/\/ankadanismanlikltd.com\/en\/surdurulebilirlik\/asi-sertifikasyonu-aluminium-stewardship-initiative-green-aluminium\/#breadcrumb","itemListElement":[{"@type":"ListItem","position":1,"name":"Anasayfa","item":"https:\/\/ankadanismanlikltd.com\/en\/"},{"@type":"ListItem","position":2,"name":"Kurumsal S\u00fcrd\u00fcr\u00fclebilirlik","item":"https:\/\/ankadanismanlikltd.com\/en\/surdurulebilirlik\/"},{"@type":"ListItem","position":3,"name":"ASI Sertifikasyonu- Aluminium Stewardship Initiative (Green Aluminium)"}]},{"@type":"WebSite","@id":"https:\/\/ankadanismanlikltd.com\/en\/#website","url":"https:\/\/ankadanismanlikltd.com\/en\/","name":"Anka Dan\u0131\u015fmanl\u0131k","description":"","publisher":{"@id":"https:\/\/ankadanismanlikltd.com\/en\/#organization"},"potentialAction":[{"@type":"SearchAction","target":{"@type":"EntryPoint","urlTemplate":"https:\/\/ankadanismanlikltd.com\/en\/?s={search_term_string}"},"query-input":{"@type":"PropertyValueSpecification","valueRequired":true,"valueName":"search_term_string"}}],"inLanguage":"en-US"},{"@type":"Organization","@id":"https:\/\/ankadanismanlikltd.com\/en\/#organization","name":"ANKA Dan\u0131\u015fmanl\u0131k","url":"https:\/\/ankadanismanlikltd.com\/en\/","logo":{"@type":"ImageObject","inLanguage":"en-US","@id":"https:\/\/ankadanismanlikltd.com\/en\/#\/schema\/logo\/image\/","url":"https:\/\/ankadanismanlikltd.com\/wp-content\/uploads\/2025\/03\/yeni-logo.jpg","contentUrl":"https:\/\/ankadanismanlikltd.com\/wp-content\/uploads\/2025\/03\/yeni-logo.jpg","width":623,"height":630,"caption":"ANKA Dan\u0131\u015fmanl\u0131k"},"image":{"@id":"https:\/\/ankadanismanlikltd.com\/en\/#\/schema\/logo\/image\/"},"sameAs":["https:\/\/www.facebook.com\/ankadanismanlik","https:\/\/x.com\/ankaconsultancy","https:\/\/www.linkedin.com\/company\/ankadanismanlik","https:\/\/www.youtube.com\/@ANKADanmanlk.official","https:\/\/www.instagram.com\/ankadanismanlik.tr?igsh=MXZ6OXMyd3k2MW5zbA&utm_source=qr"]}]}},"_links":{"self":[{"href":"http:\/\/ankadanismanlikltd.com\/en\/wp-json\/wp\/v2\/pages\/775","targetHints":{"allow":["GET"]}}],"collection":[{"href":"http:\/\/ankadanismanlikltd.com\/en\/wp-json\/wp\/v2\/pages"}],"about":[{"href":"http:\/\/ankadanismanlikltd.com\/en\/wp-json\/wp\/v2\/types\/page"}],"author":[{"embeddable":true,"href":"http:\/\/ankadanismanlikltd.com\/en\/wp-json\/wp\/v2\/users\/1"}],"replies":[{"embeddable":true,"href":"http:\/\/ankadanismanlikltd.com\/en\/wp-json\/wp\/v2\/comments?post=775"}],"version-history":[{"count":2,"href":"http:\/\/ankadanismanlikltd.com\/en\/wp-json\/wp\/v2\/pages\/775\/revisions"}],"predecessor-version":[{"id":915,"href":"http:\/\/ankadanismanlikltd.com\/en\/wp-json\/wp\/v2\/pages\/775\/revisions\/915"}],"up":[{"embeddable":true,"href":"http:\/\/ankadanismanlikltd.com\/en\/wp-json\/wp\/v2\/pages\/222"}],"wp:attachment":[{"href":"http:\/\/ankadanismanlikltd.com\/en\/wp-json\/wp\/v2\/media?parent=775"}],"curies":[{"name":"wp","href":"https:\/\/api.w.org\/{rel}","templated":true}]}}