{"id":780,"date":"2024-10-16T12:02:50","date_gmt":"2024-10-16T12:02:50","guid":{"rendered":"https:\/\/ankadanismanlikltd.com\/?page_id=780"},"modified":"2024-10-18T11:27:46","modified_gmt":"2024-10-18T11:27:46","slug":"surdurulebilir-kalkinma-hedefleri-sdgs-analizi","status":"publish","type":"page","link":"http:\/\/ankadanismanlikltd.com\/en\/surdurulebilir-kalkinma-hedefleri-sdgs-analizi\/","title":{"rendered":"Sustainable Development Goals (SDGs) Analysis"},"content":{"rendered":"<p>The Sustainable Development Goals (SDGs) are 17 global goals set out within the framework of the 2030 Agenda for Sustainable Development adopted by the United Nations in 2015. These goals cover issues such as ending poverty, achieving equality and promoting environmental sustainability. Each goal is supported by specific sub-goals and encourages working together to achieve sustainable development around the world.<\/p>\n\n\n\n<p><strong>Sustainable Development Goals<\/strong><\/p>\n\n\n\n<ol start=\"1\" class=\"wp-block-list\">\n<li class=\" translation-block\"><strong>Poverty<\/strong>: Ending poverty everywhere.<\/li>\n\n\n\n<li class=\" translation-block\"><strong>Hunger<\/strong>: Achieving zero hunger.<\/li>\n\n\n\n<li class=\" translation-block\"><strong>Education<\/strong>: Providing inclusive and equal quality education.<\/li>\n\n\n\n<li><strong>E\u011fitim<\/strong>: Kapsay\u0131c\u0131 ve e\u015fit nitelikli e\u011fitim sa\u011flamak.<\/li>\n\n\n\n<li><strong>Gender Equality<\/strong>: Empowerment of women and girls.<\/li>\n\n\n\n<li><strong>Clean Water and Sanitation<\/strong>: Ensuring access to water and sanitation.<\/li>\n\n\n\n<li><strong>Clean Energy<\/strong>: Providing accessible and sustainable energy.<\/li>\n\n\n\n<li><strong>Decent Work and Economic Growth<\/strong>: To promote sustainable economic growth.<\/li>\n\n\n\n<li><strong>Industry, Innovation and Infrastructure<\/strong>: Supporting resilient infrastructure and encouraging innovation.<\/li>\n\n\n\n<li><strong>Reducing Inequalities<\/strong>: To reduce inequalities between countries.<\/li>\n\n\n\n<li><strong>Sustainable Cities and Communities<\/strong>: Making cities and settlements inclusive, safe and sustainable.<\/li>\n\n\n\n<li><strong>Responsible Consumption and Production<\/strong>: To promote sustainable consumption and production models.<\/li>\n\n\n\n<li><strong>Climate Action<\/strong>: Combating climate change.<\/li>\n\n\n\n<li><strong>Water Conservation<\/strong>: Protecting oceans, seas and marine resources.<\/li>\n\n\n\n<li><strong>Protection of Terrestrial Ecosystems<\/strong>: Protect and sustainably manage terrestrial ecosystems.<\/li>\n\n\n\n<li><strong>Peace, Justice and Strong Institutions<\/strong>: To support just and inclusive societies.<\/li>\n\n\n\n<li><strong>Partnerships for Goals<\/strong>: Strengthening global cooperation for sustainable development.<\/li>\n<\/ol>\n\n\n\n<p>These goals are important targets that need to be achieved through the collaboration of countries, public institutions and the private sector. Each goal represents a step towards creating a better world.<\/p>","protected":false},"excerpt":{"rendered":"<p>S\u00fcrd\u00fcr\u00fclebilir Kalk\u0131nma Hedefleri (SDGs), Birle\u015fmi\u015f Milletler taraf\u0131ndan 2015 y\u0131l\u0131nda kabul edilen 2030 S\u00fcrd\u00fcr\u00fclebilir Kalk\u0131nma G\u00fcndemi \u00e7er\u00e7evesinde belirlenen 17 k\u00fcresel hedeftir. Bu hedefler, yoksullu\u011fun sona erdirilmesi, e\u015fitli\u011fin sa\u011flanmas\u0131 ve \u00e7evresel s\u00fcrd\u00fcr\u00fclebilirli\u011fin te\u015fvik edilmesi gibi konular\u0131 kapsar. Her bir hedef, belirli alt hedeflerle desteklenir ve d\u00fcnya genelinde s\u00fcrd\u00fcr\u00fclebilir kalk\u0131nmay\u0131 sa\u011flamak i\u00e7in birlikte \u00e7al\u0131\u015fmay\u0131 te\u015fvik eder. S\u00fcrd\u00fcr\u00fclebilir Kalk\u0131nma Hedefleri Bu hedefler, \u00fclkelerin, kamu kurumlar\u0131n\u0131n ve \u00f6zel sekt\u00f6r\u00fcn i\u015fbirli\u011fi ile ger\u00e7ekle\u015ftirilmesi gereken \u00f6nemli hedeflerdir.[&hellip;]<\/p>","protected":false},"author":1,"featured_media":0,"parent":0,"menu_order":0,"comment_status":"closed","ping_status":"closed","template":"","meta":{"_acf_changed":false,"footnotes":""},"class_list":["post-780","page","type-page","status-publish","hentry"],"acf":[],"yoast_head":"<!-- This site is optimized with the Yoast SEO plugin v25.9 - https:\/\/yoast.com\/wordpress\/plugins\/seo\/ -->\n<title>S\u00fcrd\u00fcr\u00fclebilir Kalk\u0131nma Hedefleri (SDGs) Analizi - Anka Dan\u0131\u015fmanl\u0131k<\/title>\n<meta name=\"robots\" content=\"index, follow, max-snippet:-1, max-image-preview:large, max-video-preview:-1\" \/>\n<link rel=\"canonical\" href=\"https:\/\/ankadanismanlikltd.com\/en\/surdurulebilir-kalkinma-hedefleri-sdgs-analizi\/\" \/>\n<meta property=\"og:locale\" content=\"en_US\" \/>\n<meta property=\"og:type\" content=\"article\" \/>\n<meta property=\"og:title\" content=\"S\u00fcrd\u00fcr\u00fclebilir Kalk\u0131nma Hedefleri (SDGs) Analizi - Anka Dan\u0131\u015fmanl\u0131k\" \/>\n<meta property=\"og:description\" content=\"S\u00fcrd\u00fcr\u00fclebilir Kalk\u0131nma Hedefleri (SDGs), Birle\u015fmi\u015f Milletler taraf\u0131ndan 2015 y\u0131l\u0131nda kabul edilen 2030 S\u00fcrd\u00fcr\u00fclebilir Kalk\u0131nma G\u00fcndemi \u00e7er\u00e7evesinde belirlenen 17 k\u00fcresel hedeftir. Bu hedefler, yoksullu\u011fun sona erdirilmesi, e\u015fitli\u011fin sa\u011flanmas\u0131 ve \u00e7evresel s\u00fcrd\u00fcr\u00fclebilirli\u011fin te\u015fvik edilmesi gibi konular\u0131 kapsar. Her bir hedef, belirli alt hedeflerle desteklenir ve d\u00fcnya genelinde s\u00fcrd\u00fcr\u00fclebilir kalk\u0131nmay\u0131 sa\u011flamak i\u00e7in birlikte \u00e7al\u0131\u015fmay\u0131 te\u015fvik eder. S\u00fcrd\u00fcr\u00fclebilir Kalk\u0131nma Hedefleri Bu hedefler, \u00fclkelerin, kamu kurumlar\u0131n\u0131n ve \u00f6zel sekt\u00f6r\u00fcn i\u015fbirli\u011fi ile ger\u00e7ekle\u015ftirilmesi gereken \u00f6nemli hedeflerdir.[&hellip;]\" \/>\n<meta property=\"og:url\" content=\"https:\/\/ankadanismanlikltd.com\/en\/surdurulebilir-kalkinma-hedefleri-sdgs-analizi\/\" \/>\n<meta property=\"og:site_name\" content=\"Anka Dan\u0131\u015fmanl\u0131k\" \/>\n<meta property=\"article:publisher\" content=\"https:\/\/www.facebook.com\/ankadanismanlik\" \/>\n<meta property=\"article:modified_time\" content=\"2024-10-18T11:27:46+00:00\" \/>\n<meta name=\"twitter:card\" content=\"summary_large_image\" \/>\n<meta name=\"twitter:site\" content=\"@ankaconsultancy\" \/>\n<meta name=\"twitter:label1\" content=\"Est. reading time\" \/>\n\t<meta name=\"twitter:data1\" content=\"2 minutes\" \/>\n<script type=\"application\/ld+json\" class=\"yoast-schema-graph\">{\"@context\":\"https:\/\/schema.org\",\"@graph\":[{\"@type\":\"WebPage\",\"@id\":\"https:\/\/ankadanismanlikltd.com\/en\/surdurulebilir-kalkinma-hedefleri-sdgs-analizi\/\",\"url\":\"https:\/\/ankadanismanlikltd.com\/en\/surdurulebilir-kalkinma-hedefleri-sdgs-analizi\/\",\"name\":\"S\u00fcrd\u00fcr\u00fclebilir Kalk\u0131nma Hedefleri (SDGs) Analizi - Anka Dan\u0131\u015fmanl\u0131k\",\"isPartOf\":{\"@id\":\"https:\/\/ankadanismanlikltd.com\/en\/#website\"},\"datePublished\":\"2024-10-16T12:02:50+00:00\",\"dateModified\":\"2024-10-18T11:27:46+00:00\",\"breadcrumb\":{\"@id\":\"https:\/\/ankadanismanlikltd.com\/en\/surdurulebilir-kalkinma-hedefleri-sdgs-analizi\/#breadcrumb\"},\"inLanguage\":\"en-US\",\"potentialAction\":[{\"@type\":\"ReadAction\",\"target\":[\"https:\/\/ankadanismanlikltd.com\/en\/surdurulebilir-kalkinma-hedefleri-sdgs-analizi\/\"]}]},{\"@type\":\"BreadcrumbList\",\"@id\":\"https:\/\/ankadanismanlikltd.com\/en\/surdurulebilir-kalkinma-hedefleri-sdgs-analizi\/#breadcrumb\",\"itemListElement\":[{\"@type\":\"ListItem\",\"position\":1,\"name\":\"Anasayfa\",\"item\":\"https:\/\/ankadanismanlikltd.com\/en\/\"},{\"@type\":\"ListItem\",\"position\":2,\"name\":\"S\u00fcrd\u00fcr\u00fclebilir Kalk\u0131nma Hedefleri (SDGs) Analizi\"}]},{\"@type\":\"WebSite\",\"@id\":\"https:\/\/ankadanismanlikltd.com\/en\/#website\",\"url\":\"https:\/\/ankadanismanlikltd.com\/en\/\",\"name\":\"Anka Dan\u0131\u015fmanl\u0131k\",\"description\":\"\",\"publisher\":{\"@id\":\"https:\/\/ankadanismanlikltd.com\/en\/#organization\"},\"potentialAction\":[{\"@type\":\"SearchAction\",\"target\":{\"@type\":\"EntryPoint\",\"urlTemplate\":\"https:\/\/ankadanismanlikltd.com\/en\/?s={search_term_string}\"},\"query-input\":{\"@type\":\"PropertyValueSpecification\",\"valueRequired\":true,\"valueName\":\"search_term_string\"}}],\"inLanguage\":\"en-US\"},{\"@type\":\"Organization\",\"@id\":\"https:\/\/ankadanismanlikltd.com\/en\/#organization\",\"name\":\"ANKA Dan\u0131\u015fmanl\u0131k\",\"url\":\"https:\/\/ankadanismanlikltd.com\/en\/\",\"logo\":{\"@type\":\"ImageObject\",\"inLanguage\":\"en-US\",\"@id\":\"https:\/\/ankadanismanlikltd.com\/en\/#\/schema\/logo\/image\/\",\"url\":\"https:\/\/ankadanismanlikltd.com\/wp-content\/uploads\/2025\/03\/yeni-logo.jpg\",\"contentUrl\":\"https:\/\/ankadanismanlikltd.com\/wp-content\/uploads\/2025\/03\/yeni-logo.jpg\",\"width\":623,\"height\":630,\"caption\":\"ANKA Dan\u0131\u015fmanl\u0131k\"},\"image\":{\"@id\":\"https:\/\/ankadanismanlikltd.com\/en\/#\/schema\/logo\/image\/\"},\"sameAs\":[\"https:\/\/www.facebook.com\/ankadanismanlik\",\"https:\/\/x.com\/ankaconsultancy\",\"https:\/\/www.linkedin.com\/company\/ankadanismanlik\",\"https:\/\/www.youtube.com\/@ANKADanmanlk.official\",\"https:\/\/www.instagram.com\/ankadanismanlik.tr?igsh=MXZ6OXMyd3k2MW5zbA&utm_source=qr\"]}]}<\/script>\n<!-- \/ Yoast SEO plugin. -->","yoast_head_json":{"title":"S\u00fcrd\u00fcr\u00fclebilir Kalk\u0131nma Hedefleri (SDGs) Analizi - Anka Dan\u0131\u015fmanl\u0131k","robots":{"index":"index","follow":"follow","max-snippet":"max-snippet:-1","max-image-preview":"max-image-preview:large","max-video-preview":"max-video-preview:-1"},"canonical":"https:\/\/ankadanismanlikltd.com\/en\/surdurulebilir-kalkinma-hedefleri-sdgs-analizi\/","og_locale":"en_US","og_type":"article","og_title":"S\u00fcrd\u00fcr\u00fclebilir Kalk\u0131nma Hedefleri (SDGs) Analizi - Anka Dan\u0131\u015fmanl\u0131k","og_description":"S\u00fcrd\u00fcr\u00fclebilir Kalk\u0131nma Hedefleri (SDGs), Birle\u015fmi\u015f Milletler taraf\u0131ndan 2015 y\u0131l\u0131nda kabul edilen 2030 S\u00fcrd\u00fcr\u00fclebilir Kalk\u0131nma G\u00fcndemi \u00e7er\u00e7evesinde belirlenen 17 k\u00fcresel hedeftir. Bu hedefler, yoksullu\u011fun sona erdirilmesi, e\u015fitli\u011fin sa\u011flanmas\u0131 ve \u00e7evresel s\u00fcrd\u00fcr\u00fclebilirli\u011fin te\u015fvik edilmesi gibi konular\u0131 kapsar. Her bir hedef, belirli alt hedeflerle desteklenir ve d\u00fcnya genelinde s\u00fcrd\u00fcr\u00fclebilir kalk\u0131nmay\u0131 sa\u011flamak i\u00e7in birlikte \u00e7al\u0131\u015fmay\u0131 te\u015fvik eder. S\u00fcrd\u00fcr\u00fclebilir Kalk\u0131nma Hedefleri Bu hedefler, \u00fclkelerin, kamu kurumlar\u0131n\u0131n ve \u00f6zel sekt\u00f6r\u00fcn i\u015fbirli\u011fi ile ger\u00e7ekle\u015ftirilmesi gereken \u00f6nemli hedeflerdir.[&hellip;]","og_url":"https:\/\/ankadanismanlikltd.com\/en\/surdurulebilir-kalkinma-hedefleri-sdgs-analizi\/","og_site_name":"Anka Dan\u0131\u015fmanl\u0131k","article_publisher":"https:\/\/www.facebook.com\/ankadanismanlik","article_modified_time":"2024-10-18T11:27:46+00:00","twitter_card":"summary_large_image","twitter_site":"@ankaconsultancy","twitter_misc":{"Est. reading time":"2 minutes"},"schema":{"@context":"https:\/\/schema.org","@graph":[{"@type":"WebPage","@id":"https:\/\/ankadanismanlikltd.com\/en\/surdurulebilir-kalkinma-hedefleri-sdgs-analizi\/","url":"https:\/\/ankadanismanlikltd.com\/en\/surdurulebilir-kalkinma-hedefleri-sdgs-analizi\/","name":"S\u00fcrd\u00fcr\u00fclebilir Kalk\u0131nma Hedefleri (SDGs) Analizi - Anka Dan\u0131\u015fmanl\u0131k","isPartOf":{"@id":"https:\/\/ankadanismanlikltd.com\/en\/#website"},"datePublished":"2024-10-16T12:02:50+00:00","dateModified":"2024-10-18T11:27:46+00:00","breadcrumb":{"@id":"https:\/\/ankadanismanlikltd.com\/en\/surdurulebilir-kalkinma-hedefleri-sdgs-analizi\/#breadcrumb"},"inLanguage":"en-US","potentialAction":[{"@type":"ReadAction","target":["https:\/\/ankadanismanlikltd.com\/en\/surdurulebilir-kalkinma-hedefleri-sdgs-analizi\/"]}]},{"@type":"BreadcrumbList","@id":"https:\/\/ankadanismanlikltd.com\/en\/surdurulebilir-kalkinma-hedefleri-sdgs-analizi\/#breadcrumb","itemListElement":[{"@type":"ListItem","position":1,"name":"Anasayfa","item":"https:\/\/ankadanismanlikltd.com\/en\/"},{"@type":"ListItem","position":2,"name":"S\u00fcrd\u00fcr\u00fclebilir Kalk\u0131nma Hedefleri (SDGs) Analizi"}]},{"@type":"WebSite","@id":"https:\/\/ankadanismanlikltd.com\/en\/#website","url":"https:\/\/ankadanismanlikltd.com\/en\/","name":"Anka Dan\u0131\u015fmanl\u0131k","description":"","publisher":{"@id":"https:\/\/ankadanismanlikltd.com\/en\/#organization"},"potentialAction":[{"@type":"SearchAction","target":{"@type":"EntryPoint","urlTemplate":"https:\/\/ankadanismanlikltd.com\/en\/?s={search_term_string}"},"query-input":{"@type":"PropertyValueSpecification","valueRequired":true,"valueName":"search_term_string"}}],"inLanguage":"en-US"},{"@type":"Organization","@id":"https:\/\/ankadanismanlikltd.com\/en\/#organization","name":"ANKA Dan\u0131\u015fmanl\u0131k","url":"https:\/\/ankadanismanlikltd.com\/en\/","logo":{"@type":"ImageObject","inLanguage":"en-US","@id":"https:\/\/ankadanismanlikltd.com\/en\/#\/schema\/logo\/image\/","url":"https:\/\/ankadanismanlikltd.com\/wp-content\/uploads\/2025\/03\/yeni-logo.jpg","contentUrl":"https:\/\/ankadanismanlikltd.com\/wp-content\/uploads\/2025\/03\/yeni-logo.jpg","width":623,"height":630,"caption":"ANKA Dan\u0131\u015fmanl\u0131k"},"image":{"@id":"https:\/\/ankadanismanlikltd.com\/en\/#\/schema\/logo\/image\/"},"sameAs":["https:\/\/www.facebook.com\/ankadanismanlik","https:\/\/x.com\/ankaconsultancy","https:\/\/www.linkedin.com\/company\/ankadanismanlik","https:\/\/www.youtube.com\/@ANKADanmanlk.official","https:\/\/www.instagram.com\/ankadanismanlik.tr?igsh=MXZ6OXMyd3k2MW5zbA&utm_source=qr"]}]}},"_links":{"self":[{"href":"http:\/\/ankadanismanlikltd.com\/en\/wp-json\/wp\/v2\/pages\/780","targetHints":{"allow":["GET"]}}],"collection":[{"href":"http:\/\/ankadanismanlikltd.com\/en\/wp-json\/wp\/v2\/pages"}],"about":[{"href":"http:\/\/ankadanismanlikltd.com\/en\/wp-json\/wp\/v2\/types\/page"}],"author":[{"embeddable":true,"href":"http:\/\/ankadanismanlikltd.com\/en\/wp-json\/wp\/v2\/users\/1"}],"replies":[{"embeddable":true,"href":"http:\/\/ankadanismanlikltd.com\/en\/wp-json\/wp\/v2\/comments?post=780"}],"version-history":[{"count":2,"href":"http:\/\/ankadanismanlikltd.com\/en\/wp-json\/wp\/v2\/pages\/780\/revisions"}],"predecessor-version":[{"id":929,"href":"http:\/\/ankadanismanlikltd.com\/en\/wp-json\/wp\/v2\/pages\/780\/revisions\/929"}],"wp:attachment":[{"href":"http:\/\/ankadanismanlikltd.com\/en\/wp-json\/wp\/v2\/media?parent=780"}],"curies":[{"name":"wp","href":"https:\/\/api.w.org\/{rel}","templated":true}]}}