{"id":781,"date":"2024-10-16T11:44:50","date_gmt":"2024-10-16T11:44:50","guid":{"rendered":"https:\/\/ankadanismanlikltd.com\/?page_id=781"},"modified":"2024-10-20T11:32:16","modified_gmt":"2024-10-20T11:32:16","slug":"urun-cevresel-ayakizi","status":"publish","type":"page","link":"http:\/\/ankadanismanlikltd.com\/en\/urun-surdurulebilirligi\/urun-cevresel-ayakizi\/","title":{"rendered":"Product Environmental Footprint"},"content":{"rendered":"<p><strong>\u00dcr\u00fcn\u00fcn \u00c7evresel Ayak \u0130zi (PEF) ve Kaynak Verimlili\u011fi<\/strong><\/p>\n\n\n\n<p>Ya\u015fam d\u00f6ng\u00fcs\u00fc yakla\u015f\u0131m\u0131, kaynak verimlili\u011fi ile do\u011frudan ili\u015fkilidir. Bir \u00fcr\u00fcn\u00fcn \u00e7evreye etkisini anlamak, hammaddelerin \u00e7\u0131kar\u0131lmas\u0131ndan nihai at\u0131k y\u00f6netimine kadar t\u00fcm ya\u015fam d\u00f6ng\u00fcs\u00fcn\u00fc dikkate almay\u0131 gerektirir. Bu \u00e7er\u00e7evede geli\u015ftirilen <strong>\u00dcr\u00fcn\u00fcn \u00c7evresel Ayak \u0130zi (PEF)<\/strong> y\u00f6ntemi, \u00fcr\u00fcnlerin ya\u015fam d\u00f6ng\u00fcs\u00fc boyunca \u00e7evreye olan etkilerini daha iyi anlamam\u0131z\u0131 sa\u011flar. PEF\u2019in temel amac\u0131, Ya\u015fam D\u00f6ng\u00fcs\u00fc De\u011ferlendirmeleri (LCA) ve ilgili payda\u015flardan sa\u011flanan verilerle, \u00fcr\u00fcnlerin \u00e7evre performans\u0131n\u0131 s\u00fcrekli olarak \u015feffaf bir \u015fekilde izlemektir. B\u00f6ylece, kaynak verimlili\u011fi a\u00e7\u0131s\u0131ndan elde edilen ilerlemelerin t\u00fcm de\u011fer zinciri boyunca izlenebilirli\u011fi sa\u011flan\u0131r.<\/p>\n\n\n\n<p><strong>Plastik Sekt\u00f6r\u00fc ve LCA \u00c7al\u0131\u015fmalar\u0131<\/strong><\/p>\n\n\n\n<p>Plastik sekt\u00f6r\u00fc, Ya\u015fam D\u00f6ng\u00fcs\u00fc De\u011ferlendirmeleri (LCA) konusunda uzun y\u0131llard\u0131r \u00f6nc\u00fc bir rol \u00fcstlenmektedir. T\u00fcrkiye Plastik Sanayicileri Ara\u015ft\u0131rma, Geli\u015ftirme ve E\u011fitim Vakf\u0131 (PAGEV), \u00fcyesi oldu\u011fu <strong>PlasticsEurope<\/strong> arac\u0131l\u0131\u011f\u0131yla, 20 y\u0131ldan uzun bir s\u00fcredir g\u00fcvenilir \u00e7evre datasetleri (Ya\u015fam D\u00f6ng\u00fcs\u00fc Envanterleri) geli\u015ftirip sa\u011flamaktad\u0131r. Bu veriler, ba\u011f\u0131ms\u0131z olarak de\u011ferlendirilmi\u015f, ticari ve Avrupa Ya\u015fam D\u00f6ng\u00fcs\u00fc Veritaban\u0131 (ELCD) gibi sayg\u0131n platformlar taraf\u0131ndan kabul g\u00f6rm\u00fc\u015ft\u00fcr. Plastik i\u00e7eren \u00fcr\u00fcnlerin LCA&#8217;lar\u0131n\u0131 haz\u0131rlarken kullan\u0131lan bu veriler, plastik sekt\u00f6r\u00fcn\u00fcn \u00e7evre performans\u0131n\u0131 de\u011ferlendirmek ve s\u00fcrd\u00fcr\u00fclebilirli\u011fini s\u00fcrekli iyile\u015ftirmek i\u00e7in kritik \u00f6neme sahiptir.<\/p>\n\n\n\n<p><strong>PAGEV&#8217;in LCA Geli\u015ftirme \u00c7al\u0131\u015fmalar\u0131na Katk\u0131lar\u0131<\/strong><\/p>\n\n\n\n<p>PAGEV, PlasticsEurope ile birlikte yaln\u0131zca g\u00fcvenilir \u00e7evre verileri sa\u011flamakla kalm\u0131yor, ayn\u0131 zamanda LCA uygulamalar\u0131n\u0131n do\u011fru \u015fekilde yayg\u0131nla\u015fmas\u0131na da katk\u0131 sa\u011fl\u0131yor. <strong>UNEP SETAC LCA<\/strong> (Birle\u015fmi\u015f Milletler \u00c7evre Program\u0131 \u2013 \u00c7evre Toksikolojisi ve Kimya Toplulu\u011fu) gibi uluslararas\u0131 giri\u015fimlerde yer al\u0131yor ve <strong>ELCD<\/strong> ile <strong>PEF<\/strong> gibi Avrupa projelerine aktif kat\u0131l\u0131m g\u00f6steriyor. PAGEV, polimerler hakk\u0131nda sa\u011flanan \u00e7evre verilerinin do\u011frulu\u011funu garanti alt\u0131na alarak s\u00fcrd\u00fcr\u00fclebilir kalk\u0131nmay\u0131 desteklemeye devam ediyor.<\/p>\n\n\n\n<p><strong>PEF&#8217;in Ba\u015far\u0131l\u0131 Uygulamalara Katk\u0131s\u0131<\/strong><\/p>\n\n\n\n<p>PEF y\u00f6nteminin etkili \u015fekilde uygulanabilmesi i\u00e7in, <strong>\u00dcr\u00fcn Kategori Kurallar\u0131<\/strong> (Product Category Rules &#8211; PCR) olarak bilinen standartla\u015ft\u0131r\u0131lm\u0131\u015f kurallar geli\u015ftirilmi\u015ftir. Bu kurallar, farkl\u0131 \u00fcr\u00fcnlerin \u00e7evresel etkilerini kar\u015f\u0131la\u015ft\u0131rmaya olanak tan\u0131r. \u00d6zellikle <strong>Yap\u0131 ve \u0130n\u015faat<\/strong> sekt\u00f6r\u00fcnde kullan\u0131lan <strong>\u00c7evre \u00dcr\u00fcn Beyannamesi<\/strong> gibi ba\u015far\u0131l\u0131 giri\u015fimler \u00f6rnek te\u015fkil etmektedir. Mevcut \u00dcr\u00fcn Kategori Kurallar\u0131\u2019n\u0131n minimum de\u011fi\u015fiklikle kabul edilmesi, sekt\u00f6rde kazan\u0131lan ivmenin s\u00fcrd\u00fcr\u00fclmesi a\u00e7\u0131s\u0131ndan \u00f6nem ta\u015f\u0131maktad\u0131r.<\/p>\n\n\n\n<p><strong>\u00d6neriler ve Sonu\u00e7lar<\/strong><\/p>\n\n\n\n<ul class=\"wp-block-list\">\n<li><strong>Ya\u015fam D\u00f6ng\u00fcs\u00fc Yakla\u015f\u0131m\u0131n\u0131 Benimseyin:<\/strong> Kaynak verimlili\u011fini art\u0131rma hedefleri do\u011frultusunda, \u00fcr\u00fcnlerin \u00e7evreye etkilerini do\u011fru de\u011ferlendirmek i\u00e7in t\u00fcm ya\u015fam d\u00f6ng\u00fcs\u00fc boyunca etkileri dikkate al\u0131nmal\u0131d\u0131r.<\/li>\n\n\n\n<li><strong>PEF G\u00f6n\u00fcll\u00fc Olmal\u0131d\u0131r:<\/strong> Uyumla\u015ft\u0131rma verileri ve \u00dcr\u00fcn Kategori Kurallar\u0131\u2019n\u0131n eksikli\u011fi, g\u00fcn\u00fcm\u00fczde PEF ve LCA\u2019n\u0131n geni\u015f kullan\u0131m\u0131n\u0131 s\u0131n\u0131rlamaktad\u0131r. AB taraf\u0131ndan sunulan k\u0131lavuzlar sa\u011flam bir temel sunsa da, pilot projeler ile uygulamalar\u0131n verimlili\u011fi ve maliyeti test edilmelidir.<\/li>\n<\/ul>","protected":false},"excerpt":{"rendered":"<p>\u00dcr\u00fcn\u00fcn \u00c7evresel Ayak \u0130zi (PEF) ve Kaynak Verimlili\u011fi Ya\u015fam d\u00f6ng\u00fcs\u00fc yakla\u015f\u0131m\u0131, kaynak verimlili\u011fi ile do\u011frudan ili\u015fkilidir. Bir \u00fcr\u00fcn\u00fcn \u00e7evreye etkisini anlamak, hammaddelerin \u00e7\u0131kar\u0131lmas\u0131ndan nihai at\u0131k y\u00f6netimine kadar t\u00fcm ya\u015fam d\u00f6ng\u00fcs\u00fcn\u00fc dikkate almay\u0131 gerektirir. Bu \u00e7er\u00e7evede geli\u015ftirilen \u00dcr\u00fcn\u00fcn \u00c7evresel Ayak \u0130zi (PEF) y\u00f6ntemi, \u00fcr\u00fcnlerin ya\u015fam d\u00f6ng\u00fcs\u00fc boyunca \u00e7evreye olan etkilerini daha iyi anlamam\u0131z\u0131 sa\u011flar. PEF\u2019in temel amac\u0131, Ya\u015fam D\u00f6ng\u00fcs\u00fc De\u011ferlendirmeleri (LCA) ve ilgili payda\u015flardan sa\u011flanan verilerle, \u00fcr\u00fcnlerin \u00e7evre performans\u0131n\u0131 s\u00fcrekli olarak[&hellip;]<\/p>","protected":false},"author":1,"featured_media":0,"parent":778,"menu_order":0,"comment_status":"closed","ping_status":"closed","template":"","meta":{"_acf_changed":false,"footnotes":""},"class_list":["post-781","page","type-page","status-publish","hentry"],"acf":[],"yoast_head":"<!-- This site is optimized with the Yoast SEO plugin v25.9 - https:\/\/yoast.com\/wordpress\/plugins\/seo\/ -->\n<title>\u00dcr\u00fcn \u00c7evresel Ayakizi - Anka Dan\u0131\u015fmanl\u0131k<\/title>\n<meta name=\"robots\" content=\"index, follow, max-snippet:-1, max-image-preview:large, max-video-preview:-1\" \/>\n<link rel=\"canonical\" href=\"http:\/\/ankadanismanlikltd.com\/en\/urun-surdurulebilirligi\/urun-cevresel-ayakizi\/\" \/>\n<meta property=\"og:locale\" content=\"en_US\" \/>\n<meta property=\"og:type\" content=\"article\" \/>\n<meta property=\"og:title\" content=\"\u00dcr\u00fcn \u00c7evresel Ayakizi - Anka Dan\u0131\u015fmanl\u0131k\" \/>\n<meta property=\"og:description\" content=\"\u00dcr\u00fcn\u00fcn \u00c7evresel Ayak \u0130zi (PEF) ve Kaynak Verimlili\u011fi Ya\u015fam d\u00f6ng\u00fcs\u00fc yakla\u015f\u0131m\u0131, kaynak verimlili\u011fi ile do\u011frudan ili\u015fkilidir. Bir \u00fcr\u00fcn\u00fcn \u00e7evreye etkisini anlamak, hammaddelerin \u00e7\u0131kar\u0131lmas\u0131ndan nihai at\u0131k y\u00f6netimine kadar t\u00fcm ya\u015fam d\u00f6ng\u00fcs\u00fcn\u00fc dikkate almay\u0131 gerektirir. Bu \u00e7er\u00e7evede geli\u015ftirilen \u00dcr\u00fcn\u00fcn \u00c7evresel Ayak \u0130zi (PEF) y\u00f6ntemi, \u00fcr\u00fcnlerin ya\u015fam d\u00f6ng\u00fcs\u00fc boyunca \u00e7evreye olan etkilerini daha iyi anlamam\u0131z\u0131 sa\u011flar. PEF\u2019in temel amac\u0131, Ya\u015fam D\u00f6ng\u00fcs\u00fc De\u011ferlendirmeleri (LCA) ve ilgili payda\u015flardan sa\u011flanan verilerle, \u00fcr\u00fcnlerin \u00e7evre performans\u0131n\u0131 s\u00fcrekli olarak[&hellip;]\" \/>\n<meta property=\"og:url\" content=\"http:\/\/ankadanismanlikltd.com\/en\/urun-surdurulebilirligi\/urun-cevresel-ayakizi\/\" \/>\n<meta property=\"og:site_name\" content=\"Anka Dan\u0131\u015fmanl\u0131k\" \/>\n<meta property=\"article:publisher\" content=\"https:\/\/www.facebook.com\/ankadanismanlik\" \/>\n<meta property=\"article:modified_time\" content=\"2024-10-20T11:32:16+00:00\" \/>\n<meta name=\"twitter:card\" content=\"summary_large_image\" \/>\n<meta name=\"twitter:site\" content=\"@ankaconsultancy\" \/>\n<meta name=\"twitter:label1\" content=\"Est. reading time\" \/>\n\t<meta name=\"twitter:data1\" content=\"3 minutes\" \/>\n<script type=\"application\/ld+json\" class=\"yoast-schema-graph\">{\"@context\":\"https:\/\/schema.org\",\"@graph\":[{\"@type\":\"WebPage\",\"@id\":\"http:\/\/ankadanismanlikltd.com\/en\/urun-surdurulebilirligi\/urun-cevresel-ayakizi\/\",\"url\":\"http:\/\/ankadanismanlikltd.com\/en\/urun-surdurulebilirligi\/urun-cevresel-ayakizi\/\",\"name\":\"\u00dcr\u00fcn \u00c7evresel Ayakizi - Anka Dan\u0131\u015fmanl\u0131k\",\"isPartOf\":{\"@id\":\"http:\/\/ankadanismanlikltd.com\/en\/#website\"},\"datePublished\":\"2024-10-16T11:44:50+00:00\",\"dateModified\":\"2024-10-20T11:32:16+00:00\",\"breadcrumb\":{\"@id\":\"http:\/\/ankadanismanlikltd.com\/en\/urun-surdurulebilirligi\/urun-cevresel-ayakizi\/#breadcrumb\"},\"inLanguage\":\"en-US\",\"potentialAction\":[{\"@type\":\"ReadAction\",\"target\":[\"http:\/\/ankadanismanlikltd.com\/en\/urun-surdurulebilirligi\/urun-cevresel-ayakizi\/\"]}]},{\"@type\":\"BreadcrumbList\",\"@id\":\"http:\/\/ankadanismanlikltd.com\/en\/urun-surdurulebilirligi\/urun-cevresel-ayakizi\/#breadcrumb\",\"itemListElement\":[{\"@type\":\"ListItem\",\"position\":1,\"name\":\"Anasayfa\",\"item\":\"http:\/\/ankadanismanlikltd.com\/en\/\"},{\"@type\":\"ListItem\",\"position\":2,\"name\":\"\u00dcr\u00fcn S\u00fcrd\u00fcr\u00fclebilirli\u011fi\",\"item\":\"http:\/\/ankadanismanlikltd.com\/en\/urun-surdurulebilirligi\/\"},{\"@type\":\"ListItem\",\"position\":3,\"name\":\"\u00dcr\u00fcn \u00c7evresel Ayakizi\"}]},{\"@type\":\"WebSite\",\"@id\":\"http:\/\/ankadanismanlikltd.com\/en\/#website\",\"url\":\"http:\/\/ankadanismanlikltd.com\/en\/\",\"name\":\"Anka Dan\u0131\u015fmanl\u0131k\",\"description\":\"\",\"publisher\":{\"@id\":\"http:\/\/ankadanismanlikltd.com\/en\/#organization\"},\"potentialAction\":[{\"@type\":\"SearchAction\",\"target\":{\"@type\":\"EntryPoint\",\"urlTemplate\":\"http:\/\/ankadanismanlikltd.com\/en\/?s={search_term_string}\"},\"query-input\":{\"@type\":\"PropertyValueSpecification\",\"valueRequired\":true,\"valueName\":\"search_term_string\"}}],\"inLanguage\":\"en-US\"},{\"@type\":\"Organization\",\"@id\":\"http:\/\/ankadanismanlikltd.com\/en\/#organization\",\"name\":\"ANKA Dan\u0131\u015fmanl\u0131k\",\"url\":\"http:\/\/ankadanismanlikltd.com\/en\/\",\"logo\":{\"@type\":\"ImageObject\",\"inLanguage\":\"en-US\",\"@id\":\"http:\/\/ankadanismanlikltd.com\/en\/#\/schema\/logo\/image\/\",\"url\":\"https:\/\/ankadanismanlikltd.com\/wp-content\/uploads\/2025\/03\/yeni-logo.jpg\",\"contentUrl\":\"https:\/\/ankadanismanlikltd.com\/wp-content\/uploads\/2025\/03\/yeni-logo.jpg\",\"width\":623,\"height\":630,\"caption\":\"ANKA Dan\u0131\u015fmanl\u0131k\"},\"image\":{\"@id\":\"http:\/\/ankadanismanlikltd.com\/en\/#\/schema\/logo\/image\/\"},\"sameAs\":[\"https:\/\/www.facebook.com\/ankadanismanlik\",\"https:\/\/x.com\/ankaconsultancy\",\"https:\/\/www.linkedin.com\/company\/ankadanismanlik\",\"https:\/\/www.youtube.com\/@ANKADanmanlk.official\",\"https:\/\/www.instagram.com\/ankadanismanlik.tr?igsh=MXZ6OXMyd3k2MW5zbA&utm_source=qr\"]}]}<\/script>\n<!-- \/ Yoast SEO plugin. -->","yoast_head_json":{"title":"\u00dcr\u00fcn \u00c7evresel Ayakizi - Anka Dan\u0131\u015fmanl\u0131k","robots":{"index":"index","follow":"follow","max-snippet":"max-snippet:-1","max-image-preview":"max-image-preview:large","max-video-preview":"max-video-preview:-1"},"canonical":"http:\/\/ankadanismanlikltd.com\/en\/urun-surdurulebilirligi\/urun-cevresel-ayakizi\/","og_locale":"en_US","og_type":"article","og_title":"\u00dcr\u00fcn \u00c7evresel Ayakizi - Anka Dan\u0131\u015fmanl\u0131k","og_description":"\u00dcr\u00fcn\u00fcn \u00c7evresel Ayak \u0130zi (PEF) ve Kaynak Verimlili\u011fi Ya\u015fam d\u00f6ng\u00fcs\u00fc yakla\u015f\u0131m\u0131, kaynak verimlili\u011fi ile do\u011frudan ili\u015fkilidir. Bir \u00fcr\u00fcn\u00fcn \u00e7evreye etkisini anlamak, hammaddelerin \u00e7\u0131kar\u0131lmas\u0131ndan nihai at\u0131k y\u00f6netimine kadar t\u00fcm ya\u015fam d\u00f6ng\u00fcs\u00fcn\u00fc dikkate almay\u0131 gerektirir. Bu \u00e7er\u00e7evede geli\u015ftirilen \u00dcr\u00fcn\u00fcn \u00c7evresel Ayak \u0130zi (PEF) y\u00f6ntemi, \u00fcr\u00fcnlerin ya\u015fam d\u00f6ng\u00fcs\u00fc boyunca \u00e7evreye olan etkilerini daha iyi anlamam\u0131z\u0131 sa\u011flar. PEF\u2019in temel amac\u0131, Ya\u015fam D\u00f6ng\u00fcs\u00fc De\u011ferlendirmeleri (LCA) ve ilgili payda\u015flardan sa\u011flanan verilerle, \u00fcr\u00fcnlerin \u00e7evre performans\u0131n\u0131 s\u00fcrekli olarak[&hellip;]","og_url":"http:\/\/ankadanismanlikltd.com\/en\/urun-surdurulebilirligi\/urun-cevresel-ayakizi\/","og_site_name":"Anka Dan\u0131\u015fmanl\u0131k","article_publisher":"https:\/\/www.facebook.com\/ankadanismanlik","article_modified_time":"2024-10-20T11:32:16+00:00","twitter_card":"summary_large_image","twitter_site":"@ankaconsultancy","twitter_misc":{"Est. reading time":"3 minutes"},"schema":{"@context":"https:\/\/schema.org","@graph":[{"@type":"WebPage","@id":"http:\/\/ankadanismanlikltd.com\/en\/urun-surdurulebilirligi\/urun-cevresel-ayakizi\/","url":"http:\/\/ankadanismanlikltd.com\/en\/urun-surdurulebilirligi\/urun-cevresel-ayakizi\/","name":"\u00dcr\u00fcn \u00c7evresel Ayakizi - Anka Dan\u0131\u015fmanl\u0131k","isPartOf":{"@id":"http:\/\/ankadanismanlikltd.com\/en\/#website"},"datePublished":"2024-10-16T11:44:50+00:00","dateModified":"2024-10-20T11:32:16+00:00","breadcrumb":{"@id":"http:\/\/ankadanismanlikltd.com\/en\/urun-surdurulebilirligi\/urun-cevresel-ayakizi\/#breadcrumb"},"inLanguage":"en-US","potentialAction":[{"@type":"ReadAction","target":["http:\/\/ankadanismanlikltd.com\/en\/urun-surdurulebilirligi\/urun-cevresel-ayakizi\/"]}]},{"@type":"BreadcrumbList","@id":"http:\/\/ankadanismanlikltd.com\/en\/urun-surdurulebilirligi\/urun-cevresel-ayakizi\/#breadcrumb","itemListElement":[{"@type":"ListItem","position":1,"name":"Anasayfa","item":"http:\/\/ankadanismanlikltd.com\/en\/"},{"@type":"ListItem","position":2,"name":"\u00dcr\u00fcn S\u00fcrd\u00fcr\u00fclebilirli\u011fi","item":"http:\/\/ankadanismanlikltd.com\/en\/urun-surdurulebilirligi\/"},{"@type":"ListItem","position":3,"name":"\u00dcr\u00fcn \u00c7evresel Ayakizi"}]},{"@type":"WebSite","@id":"http:\/\/ankadanismanlikltd.com\/en\/#website","url":"http:\/\/ankadanismanlikltd.com\/en\/","name":"Anka Dan\u0131\u015fmanl\u0131k","description":"","publisher":{"@id":"http:\/\/ankadanismanlikltd.com\/en\/#organization"},"potentialAction":[{"@type":"SearchAction","target":{"@type":"EntryPoint","urlTemplate":"http:\/\/ankadanismanlikltd.com\/en\/?s={search_term_string}"},"query-input":{"@type":"PropertyValueSpecification","valueRequired":true,"valueName":"search_term_string"}}],"inLanguage":"en-US"},{"@type":"Organization","@id":"http:\/\/ankadanismanlikltd.com\/en\/#organization","name":"ANKA Dan\u0131\u015fmanl\u0131k","url":"http:\/\/ankadanismanlikltd.com\/en\/","logo":{"@type":"ImageObject","inLanguage":"en-US","@id":"http:\/\/ankadanismanlikltd.com\/en\/#\/schema\/logo\/image\/","url":"https:\/\/ankadanismanlikltd.com\/wp-content\/uploads\/2025\/03\/yeni-logo.jpg","contentUrl":"https:\/\/ankadanismanlikltd.com\/wp-content\/uploads\/2025\/03\/yeni-logo.jpg","width":623,"height":630,"caption":"ANKA Dan\u0131\u015fmanl\u0131k"},"image":{"@id":"http:\/\/ankadanismanlikltd.com\/en\/#\/schema\/logo\/image\/"},"sameAs":["https:\/\/www.facebook.com\/ankadanismanlik","https:\/\/x.com\/ankaconsultancy","https:\/\/www.linkedin.com\/company\/ankadanismanlik","https:\/\/www.youtube.com\/@ANKADanmanlk.official","https:\/\/www.instagram.com\/ankadanismanlik.tr?igsh=MXZ6OXMyd3k2MW5zbA&utm_source=qr"]}]}},"_links":{"self":[{"href":"http:\/\/ankadanismanlikltd.com\/en\/wp-json\/wp\/v2\/pages\/781","targetHints":{"allow":["GET"]}}],"collection":[{"href":"http:\/\/ankadanismanlikltd.com\/en\/wp-json\/wp\/v2\/pages"}],"about":[{"href":"http:\/\/ankadanismanlikltd.com\/en\/wp-json\/wp\/v2\/types\/page"}],"author":[{"embeddable":true,"href":"http:\/\/ankadanismanlikltd.com\/en\/wp-json\/wp\/v2\/users\/1"}],"replies":[{"embeddable":true,"href":"http:\/\/ankadanismanlikltd.com\/en\/wp-json\/wp\/v2\/comments?post=781"}],"version-history":[{"count":2,"href":"http:\/\/ankadanismanlikltd.com\/en\/wp-json\/wp\/v2\/pages\/781\/revisions"}],"predecessor-version":[{"id":981,"href":"http:\/\/ankadanismanlikltd.com\/en\/wp-json\/wp\/v2\/pages\/781\/revisions\/981"}],"up":[{"embeddable":true,"href":"http:\/\/ankadanismanlikltd.com\/en\/wp-json\/wp\/v2\/pages\/778"}],"wp:attachment":[{"href":"http:\/\/ankadanismanlikltd.com\/en\/wp-json\/wp\/v2\/media?parent=781"}],"curies":[{"name":"wp","href":"https:\/\/api.w.org\/{rel}","templated":true}]}}