{"id":782,"date":"2024-10-16T11:44:33","date_gmt":"2024-10-16T11:44:33","guid":{"rendered":"https:\/\/ankadanismanlikltd.com\/?page_id=782"},"modified":"2024-10-18T11:10:08","modified_gmt":"2024-10-18T11:10:08","slug":"skdm-cbam-raporlama","status":"publish","type":"page","link":"http:\/\/ankadanismanlikltd.com\/en\/urun-surdurulebilirligi\/skdm-cbam-raporlama\/","title":{"rendered":"SKDM (CBAM Reporting)"},"content":{"rendered":"<p><strong>What is SKDM and Why is it Important?<\/strong><\/p>\n\n\n\n<p>SKDM is a regulation that aims to offset the carbon footprint of products exported to the EU. With this mechanism, the EU provides a fair competition environment for producers within the EU by introducing a pricing system for imports of products with high carbon emissions. At the same time, it contributes to the achievement of environmental protection targets by encouraging carbon reduction at a global level.<\/p>\n\n\n\n<p><strong>Our SKDM Consulting Services<\/strong><\/p>\n\n\n\n<p><strong>Anka Consultancy<\/strong> As, we help companies exporting to the EU to comply with SKDM regulations. With our expert team, we analyze your products and production processes subject to SKDM and calculate and report your carbon emissions with appropriate methodologies. The main supports we provide within the scope of our consultancy services are as follows:<\/p>\n\n\n\n<ul class=\"wp-block-list\">\n<li><strong>GTIP Code Analysis<\/strong>: We analyze the Customs Tariff Statistics Position (GT\u0130P) codes of your products subject to export and determine which products fall within the scope of SKDM.<\/li>\n\n\n\n<li><strong>Determining Product Category<\/strong>: We ensure correct classification by determining whether your products fall into the simple or complex product category.<\/li>\n\n\n\n<li><strong>System Boundaries and Production Processes<\/strong>: By defining the production processes and system boundaries of your products at the facility level, we initiate an accurate emission calculation process.<\/li>\n\n\n\n<li><strong>Emission Monitoring Methodology<\/strong>: We support you in selecting and implementing the most appropriate measurement or calculation-based methodology to monitor your direct emissions.<\/li>\n\n\n\n<li><strong>Embedded Emission Calculation<\/strong>: We calculate and report the embedded emissions of products by analyzing the data we collect, using appropriate methodologies.<\/li>\n\n\n\n<li><strong>SKDM Registration Process<\/strong>: We register your company in the SKDM Registration System, closely monitor the arrangements to be made during and after the transition phase, and ensure the uninterrupted progress of your export processes.<\/li>\n<\/ul>","protected":false},"excerpt":{"rendered":"<p>SKDM Nedir ve Neden \u00d6nemlidir? SKDM, AB\u2019ye ihra\u00e7 edilen \u00fcr\u00fcnlerin karbon ayak izini dengelemeyi ama\u00e7layan bir d\u00fczenlemedir. AB, bu mekanizma ile y\u00fcksek karbon emisyonlar\u0131na sahip \u00fcr\u00fcnlerin ithalat\u0131nda bir fiyatland\u0131rma sistemi getirerek, AB i\u00e7indeki \u00fcreticilere adil bir rekabet ortam\u0131 sa\u011flar. Ayn\u0131 zamanda, k\u00fcresel d\u00fczeyde karbon azalt\u0131m\u0131n\u0131 te\u015fvik ederek \u00e7evreyi koruma hedeflerine ula\u015f\u0131lmas\u0131na katk\u0131da bulunur. SKDM Dan\u0131\u015fmanl\u0131\u011f\u0131 Hizmetlerimiz Anka Dan\u0131\u015fmanl\u0131k olarak, AB\u2019ye ihracat yapan \u015firketlerin SKDM d\u00fczenlemelerine uyum sa\u011flamalar\u0131na yard\u0131mc\u0131 oluyoruz. Uzman[&hellip;]<\/p>","protected":false},"author":1,"featured_media":0,"parent":778,"menu_order":0,"comment_status":"closed","ping_status":"closed","template":"","meta":{"_acf_changed":false,"footnotes":""},"class_list":["post-782","page","type-page","status-publish","hentry"],"acf":[],"yoast_head":"<!-- This site is optimized with the Yoast SEO plugin v25.9 - https:\/\/yoast.com\/wordpress\/plugins\/seo\/ -->\n<title>SKDM (CBAM Raporlama) - Anka Dan\u0131\u015fmanl\u0131k<\/title>\n<meta name=\"robots\" content=\"index, follow, max-snippet:-1, max-image-preview:large, max-video-preview:-1\" \/>\n<link rel=\"canonical\" href=\"https:\/\/ankadanismanlikltd.com\/en\/urun-surdurulebilirligi\/skdm-cbam-raporlama\/\" \/>\n<meta property=\"og:locale\" content=\"en_US\" \/>\n<meta property=\"og:type\" content=\"article\" \/>\n<meta property=\"og:title\" content=\"SKDM (CBAM Raporlama) - Anka Dan\u0131\u015fmanl\u0131k\" \/>\n<meta property=\"og:description\" content=\"SKDM Nedir ve Neden \u00d6nemlidir? SKDM, AB\u2019ye ihra\u00e7 edilen \u00fcr\u00fcnlerin karbon ayak izini dengelemeyi ama\u00e7layan bir d\u00fczenlemedir. AB, bu mekanizma ile y\u00fcksek karbon emisyonlar\u0131na sahip \u00fcr\u00fcnlerin ithalat\u0131nda bir fiyatland\u0131rma sistemi getirerek, AB i\u00e7indeki \u00fcreticilere adil bir rekabet ortam\u0131 sa\u011flar. Ayn\u0131 zamanda, k\u00fcresel d\u00fczeyde karbon azalt\u0131m\u0131n\u0131 te\u015fvik ederek \u00e7evreyi koruma hedeflerine ula\u015f\u0131lmas\u0131na katk\u0131da bulunur. SKDM Dan\u0131\u015fmanl\u0131\u011f\u0131 Hizmetlerimiz Anka Dan\u0131\u015fmanl\u0131k olarak, AB\u2019ye ihracat yapan \u015firketlerin SKDM d\u00fczenlemelerine uyum sa\u011flamalar\u0131na yard\u0131mc\u0131 oluyoruz. Uzman[&hellip;]\" \/>\n<meta property=\"og:url\" content=\"https:\/\/ankadanismanlikltd.com\/en\/urun-surdurulebilirligi\/skdm-cbam-raporlama\/\" \/>\n<meta property=\"og:site_name\" content=\"Anka Dan\u0131\u015fmanl\u0131k\" \/>\n<meta property=\"article:publisher\" content=\"https:\/\/www.facebook.com\/ankadanismanlik\" \/>\n<meta property=\"article:modified_time\" content=\"2024-10-18T11:10:08+00:00\" \/>\n<meta name=\"twitter:card\" content=\"summary_large_image\" \/>\n<meta name=\"twitter:site\" content=\"@ankaconsultancy\" \/>\n<meta name=\"twitter:label1\" content=\"Est. reading time\" \/>\n\t<meta name=\"twitter:data1\" content=\"2 minutes\" \/>\n<script type=\"application\/ld+json\" class=\"yoast-schema-graph\">{\"@context\":\"https:\/\/schema.org\",\"@graph\":[{\"@type\":\"WebPage\",\"@id\":\"https:\/\/ankadanismanlikltd.com\/en\/urun-surdurulebilirligi\/skdm-cbam-raporlama\/\",\"url\":\"https:\/\/ankadanismanlikltd.com\/en\/urun-surdurulebilirligi\/skdm-cbam-raporlama\/\",\"name\":\"SKDM (CBAM Raporlama) - Anka Dan\u0131\u015fmanl\u0131k\",\"isPartOf\":{\"@id\":\"https:\/\/ankadanismanlikltd.com\/en\/#website\"},\"datePublished\":\"2024-10-16T11:44:33+00:00\",\"dateModified\":\"2024-10-18T11:10:08+00:00\",\"breadcrumb\":{\"@id\":\"https:\/\/ankadanismanlikltd.com\/en\/urun-surdurulebilirligi\/skdm-cbam-raporlama\/#breadcrumb\"},\"inLanguage\":\"en-US\",\"potentialAction\":[{\"@type\":\"ReadAction\",\"target\":[\"https:\/\/ankadanismanlikltd.com\/en\/urun-surdurulebilirligi\/skdm-cbam-raporlama\/\"]}]},{\"@type\":\"BreadcrumbList\",\"@id\":\"https:\/\/ankadanismanlikltd.com\/en\/urun-surdurulebilirligi\/skdm-cbam-raporlama\/#breadcrumb\",\"itemListElement\":[{\"@type\":\"ListItem\",\"position\":1,\"name\":\"Anasayfa\",\"item\":\"https:\/\/ankadanismanlikltd.com\/en\/\"},{\"@type\":\"ListItem\",\"position\":2,\"name\":\"\u00dcr\u00fcn S\u00fcrd\u00fcr\u00fclebilirli\u011fi\",\"item\":\"http:\/\/ankadanismanlikltd.com\/urun-surdurulebilirligi\/\"},{\"@type\":\"ListItem\",\"position\":3,\"name\":\"SKDM (CBAM Raporlama)\"}]},{\"@type\":\"WebSite\",\"@id\":\"https:\/\/ankadanismanlikltd.com\/en\/#website\",\"url\":\"https:\/\/ankadanismanlikltd.com\/en\/\",\"name\":\"Anka Dan\u0131\u015fmanl\u0131k\",\"description\":\"\",\"publisher\":{\"@id\":\"https:\/\/ankadanismanlikltd.com\/en\/#organization\"},\"potentialAction\":[{\"@type\":\"SearchAction\",\"target\":{\"@type\":\"EntryPoint\",\"urlTemplate\":\"https:\/\/ankadanismanlikltd.com\/en\/?s={search_term_string}\"},\"query-input\":{\"@type\":\"PropertyValueSpecification\",\"valueRequired\":true,\"valueName\":\"search_term_string\"}}],\"inLanguage\":\"en-US\"},{\"@type\":\"Organization\",\"@id\":\"https:\/\/ankadanismanlikltd.com\/en\/#organization\",\"name\":\"ANKA Dan\u0131\u015fmanl\u0131k\",\"url\":\"https:\/\/ankadanismanlikltd.com\/en\/\",\"logo\":{\"@type\":\"ImageObject\",\"inLanguage\":\"en-US\",\"@id\":\"https:\/\/ankadanismanlikltd.com\/en\/#\/schema\/logo\/image\/\",\"url\":\"https:\/\/ankadanismanlikltd.com\/wp-content\/uploads\/2025\/03\/yeni-logo.jpg\",\"contentUrl\":\"https:\/\/ankadanismanlikltd.com\/wp-content\/uploads\/2025\/03\/yeni-logo.jpg\",\"width\":623,\"height\":630,\"caption\":\"ANKA Dan\u0131\u015fmanl\u0131k\"},\"image\":{\"@id\":\"https:\/\/ankadanismanlikltd.com\/en\/#\/schema\/logo\/image\/\"},\"sameAs\":[\"https:\/\/www.facebook.com\/ankadanismanlik\",\"https:\/\/x.com\/ankaconsultancy\",\"https:\/\/www.linkedin.com\/company\/ankadanismanlik\",\"https:\/\/www.youtube.com\/@ANKADanmanlk.official\",\"https:\/\/www.instagram.com\/ankadanismanlik.tr?igsh=MXZ6OXMyd3k2MW5zbA&utm_source=qr\"]}]}<\/script>\n<!-- \/ Yoast SEO plugin. -->","yoast_head_json":{"title":"SKDM (CBAM Raporlama) - Anka Dan\u0131\u015fmanl\u0131k","robots":{"index":"index","follow":"follow","max-snippet":"max-snippet:-1","max-image-preview":"max-image-preview:large","max-video-preview":"max-video-preview:-1"},"canonical":"https:\/\/ankadanismanlikltd.com\/en\/urun-surdurulebilirligi\/skdm-cbam-raporlama\/","og_locale":"en_US","og_type":"article","og_title":"SKDM (CBAM Raporlama) - Anka Dan\u0131\u015fmanl\u0131k","og_description":"SKDM Nedir ve Neden \u00d6nemlidir? SKDM, AB\u2019ye ihra\u00e7 edilen \u00fcr\u00fcnlerin karbon ayak izini dengelemeyi ama\u00e7layan bir d\u00fczenlemedir. AB, bu mekanizma ile y\u00fcksek karbon emisyonlar\u0131na sahip \u00fcr\u00fcnlerin ithalat\u0131nda bir fiyatland\u0131rma sistemi getirerek, AB i\u00e7indeki \u00fcreticilere adil bir rekabet ortam\u0131 sa\u011flar. Ayn\u0131 zamanda, k\u00fcresel d\u00fczeyde karbon azalt\u0131m\u0131n\u0131 te\u015fvik ederek \u00e7evreyi koruma hedeflerine ula\u015f\u0131lmas\u0131na katk\u0131da bulunur. SKDM Dan\u0131\u015fmanl\u0131\u011f\u0131 Hizmetlerimiz Anka Dan\u0131\u015fmanl\u0131k olarak, AB\u2019ye ihracat yapan \u015firketlerin SKDM d\u00fczenlemelerine uyum sa\u011flamalar\u0131na yard\u0131mc\u0131 oluyoruz. Uzman[&hellip;]","og_url":"https:\/\/ankadanismanlikltd.com\/en\/urun-surdurulebilirligi\/skdm-cbam-raporlama\/","og_site_name":"Anka Dan\u0131\u015fmanl\u0131k","article_publisher":"https:\/\/www.facebook.com\/ankadanismanlik","article_modified_time":"2024-10-18T11:10:08+00:00","twitter_card":"summary_large_image","twitter_site":"@ankaconsultancy","twitter_misc":{"Est. reading time":"2 minutes"},"schema":{"@context":"https:\/\/schema.org","@graph":[{"@type":"WebPage","@id":"https:\/\/ankadanismanlikltd.com\/en\/urun-surdurulebilirligi\/skdm-cbam-raporlama\/","url":"https:\/\/ankadanismanlikltd.com\/en\/urun-surdurulebilirligi\/skdm-cbam-raporlama\/","name":"SKDM (CBAM Raporlama) - Anka Dan\u0131\u015fmanl\u0131k","isPartOf":{"@id":"https:\/\/ankadanismanlikltd.com\/en\/#website"},"datePublished":"2024-10-16T11:44:33+00:00","dateModified":"2024-10-18T11:10:08+00:00","breadcrumb":{"@id":"https:\/\/ankadanismanlikltd.com\/en\/urun-surdurulebilirligi\/skdm-cbam-raporlama\/#breadcrumb"},"inLanguage":"en-US","potentialAction":[{"@type":"ReadAction","target":["https:\/\/ankadanismanlikltd.com\/en\/urun-surdurulebilirligi\/skdm-cbam-raporlama\/"]}]},{"@type":"BreadcrumbList","@id":"https:\/\/ankadanismanlikltd.com\/en\/urun-surdurulebilirligi\/skdm-cbam-raporlama\/#breadcrumb","itemListElement":[{"@type":"ListItem","position":1,"name":"Anasayfa","item":"https:\/\/ankadanismanlikltd.com\/en\/"},{"@type":"ListItem","position":2,"name":"\u00dcr\u00fcn S\u00fcrd\u00fcr\u00fclebilirli\u011fi","item":"http:\/\/ankadanismanlikltd.com\/urun-surdurulebilirligi\/"},{"@type":"ListItem","position":3,"name":"SKDM (CBAM Raporlama)"}]},{"@type":"WebSite","@id":"https:\/\/ankadanismanlikltd.com\/en\/#website","url":"https:\/\/ankadanismanlikltd.com\/en\/","name":"Anka Dan\u0131\u015fmanl\u0131k","description":"","publisher":{"@id":"https:\/\/ankadanismanlikltd.com\/en\/#organization"},"potentialAction":[{"@type":"SearchAction","target":{"@type":"EntryPoint","urlTemplate":"https:\/\/ankadanismanlikltd.com\/en\/?s={search_term_string}"},"query-input":{"@type":"PropertyValueSpecification","valueRequired":true,"valueName":"search_term_string"}}],"inLanguage":"en-US"},{"@type":"Organization","@id":"https:\/\/ankadanismanlikltd.com\/en\/#organization","name":"ANKA Dan\u0131\u015fmanl\u0131k","url":"https:\/\/ankadanismanlikltd.com\/en\/","logo":{"@type":"ImageObject","inLanguage":"en-US","@id":"https:\/\/ankadanismanlikltd.com\/en\/#\/schema\/logo\/image\/","url":"https:\/\/ankadanismanlikltd.com\/wp-content\/uploads\/2025\/03\/yeni-logo.jpg","contentUrl":"https:\/\/ankadanismanlikltd.com\/wp-content\/uploads\/2025\/03\/yeni-logo.jpg","width":623,"height":630,"caption":"ANKA Dan\u0131\u015fmanl\u0131k"},"image":{"@id":"https:\/\/ankadanismanlikltd.com\/en\/#\/schema\/logo\/image\/"},"sameAs":["https:\/\/www.facebook.com\/ankadanismanlik","https:\/\/x.com\/ankaconsultancy","https:\/\/www.linkedin.com\/company\/ankadanismanlik","https:\/\/www.youtube.com\/@ANKADanmanlk.official","https:\/\/www.instagram.com\/ankadanismanlik.tr?igsh=MXZ6OXMyd3k2MW5zbA&utm_source=qr"]}]}},"_links":{"self":[{"href":"http:\/\/ankadanismanlikltd.com\/en\/wp-json\/wp\/v2\/pages\/782","targetHints":{"allow":["GET"]}}],"collection":[{"href":"http:\/\/ankadanismanlikltd.com\/en\/wp-json\/wp\/v2\/pages"}],"about":[{"href":"http:\/\/ankadanismanlikltd.com\/en\/wp-json\/wp\/v2\/types\/page"}],"author":[{"embeddable":true,"href":"http:\/\/ankadanismanlikltd.com\/en\/wp-json\/wp\/v2\/users\/1"}],"replies":[{"embeddable":true,"href":"http:\/\/ankadanismanlikltd.com\/en\/wp-json\/wp\/v2\/comments?post=782"}],"version-history":[{"count":2,"href":"http:\/\/ankadanismanlikltd.com\/en\/wp-json\/wp\/v2\/pages\/782\/revisions"}],"predecessor-version":[{"id":917,"href":"http:\/\/ankadanismanlikltd.com\/en\/wp-json\/wp\/v2\/pages\/782\/revisions\/917"}],"up":[{"embeddable":true,"href":"http:\/\/ankadanismanlikltd.com\/en\/wp-json\/wp\/v2\/pages\/778"}],"wp:attachment":[{"href":"http:\/\/ankadanismanlikltd.com\/en\/wp-json\/wp\/v2\/media?parent=782"}],"curies":[{"name":"wp","href":"https:\/\/api.w.org\/{rel}","templated":true}]}}