{"id":783,"date":"2024-10-16T11:42:49","date_gmt":"2024-10-16T11:42:49","guid":{"rendered":"https:\/\/ankadanismanlikltd.com\/?page_id=783"},"modified":"2024-10-18T11:06:29","modified_gmt":"2024-10-18T11:06:29","slug":"csrd-raporlama","status":"publish","type":"page","link":"http:\/\/ankadanismanlikltd.com\/en\/surdurulebilirlik\/csrd-raporlama\/","title":{"rendered":"CSRD Reporting"},"content":{"rendered":"<p><strong>What is CSRD (Corporate Sustainability Reporting Directive) and When Will It Be Implemented?<\/strong><\/p>\n\n\n\n<p><strong>CSRD (Corporate Sustainability Reporting Directive)<\/strong>, is a regulation adopted by the European Union that requires companies to mandatory report their sustainability performance. The CSRD aims to encourage a shift towards a more sustainable and responsible approach to business by increasing transparency on environmental, social and governance (ESG) issues.<\/p>\n\n\n\n<p>This directive, previous <strong>NFRD (Non-Financial Reporting Directive)<\/strong>It will replace and apply to a much wider range of companies. Companies will be required to prepare reports in accordance with the EU Sustainability Reporting Standards (ESRS), undergo independent audits and present their sustainability performance digitally. The CSRD will cover both the impact of sustainability risks on companies and the impact of companies on the environment and society, with the principle of \u201cdouble materiality\u201d.<\/p>\n\n\n\n<p><strong>CSRD Implementation Schedule<\/strong><\/p>\n\n\n\n<p>The CSRD will come into force in phases between 2024 and 2028:<\/p>\n\n\n\n<ul class=\"wp-block-list\">\n<li><strong>1 January 2024:<\/strong> It will apply to large companies previously covered by the NFRD. These companies will submit their sustainability reports for the 2024 fiscal year in 2025.<\/li>\n\n\n\n<li><strong>1 January 2025:<\/strong> The CSRD will come into force for large companies, which will publish their 2025 financial year reports in 2026.<\/li>\n\n\n\n<li><strong>1 January 2026:<\/strong> K\u00fc\u00e7\u00fck ve Orta B\u00fcy\u00fckl\u00fckteki \u0130\u015fletmeler (KOB\u0130\u2019ler) i\u00e7in uygulanmaya ba\u015flanacakt\u0131r.<\/li>\n\n\n\n<li><strong>1 January 2028:<\/strong> From this date onwards, micro enterprises will also be required to report under the CSRD.<\/li>\n<\/ul>\n\n\n\n<p>This phased transition allows sufficient preparation time for companies of different sizes to adapt to the new regulations.<\/p>\n\n\n\n<p><\/p>","protected":false},"excerpt":{"rendered":"<p>CSRD (Kurumsal S\u00fcrd\u00fcr\u00fclebilirlik Raporlama Direktifi) Nedir ve Ne Zaman Uygulanacak? CSRD (Corporate Sustainability Reporting Directive), Avrupa Birli\u011fi taraf\u0131ndan kabul edilen ve \u015firketlerin s\u00fcrd\u00fcr\u00fclebilirlik performanslar\u0131n\u0131 zorunlu olarak raporlamas\u0131n\u0131 gerektiren bir d\u00fczenlemedir. CSRD, \u00e7evresel, sosyal ve y\u00f6neti\u015fim (ESG) konular\u0131nda \u015feffafl\u0131\u011f\u0131 art\u0131rarak, i\u015f d\u00fcnyas\u0131nda daha s\u00fcrd\u00fcr\u00fclebilir ve sorumlu bir yakla\u015f\u0131ma ge\u00e7i\u015fi te\u015fvik etmeyi ama\u00e7lar. Bu direktif, \u00f6nceki NFRD (Finansal Olmayan Raporlama Direktifi)&#8216;nin yerini alacak ve \u00e7ok daha geni\u015f bir \u015firket kitlesine uygulanacakt\u0131r. \u015eirketlerin,[&hellip;]<\/p>","protected":false},"author":1,"featured_media":0,"parent":222,"menu_order":0,"comment_status":"closed","ping_status":"closed","template":"","meta":{"_acf_changed":false,"footnotes":""},"class_list":["post-783","page","type-page","status-publish","hentry"],"acf":[],"yoast_head":"<!-- This site is optimized with the Yoast SEO plugin v25.9 - https:\/\/yoast.com\/wordpress\/plugins\/seo\/ -->\n<title>CSRD Raporlama - Anka Dan\u0131\u015fmanl\u0131k<\/title>\n<meta name=\"robots\" content=\"index, follow, max-snippet:-1, max-image-preview:large, max-video-preview:-1\" \/>\n<link rel=\"canonical\" href=\"http:\/\/ankadanismanlikltd.com\/en\/surdurulebilirlik\/csrd-raporlama\/\" \/>\n<meta property=\"og:locale\" content=\"en_US\" \/>\n<meta property=\"og:type\" content=\"article\" \/>\n<meta property=\"og:title\" content=\"CSRD Raporlama - Anka Dan\u0131\u015fmanl\u0131k\" \/>\n<meta property=\"og:description\" content=\"CSRD (Kurumsal S\u00fcrd\u00fcr\u00fclebilirlik Raporlama Direktifi) Nedir ve Ne Zaman Uygulanacak? CSRD (Corporate Sustainability Reporting Directive), Avrupa Birli\u011fi taraf\u0131ndan kabul edilen ve \u015firketlerin s\u00fcrd\u00fcr\u00fclebilirlik performanslar\u0131n\u0131 zorunlu olarak raporlamas\u0131n\u0131 gerektiren bir d\u00fczenlemedir. CSRD, \u00e7evresel, sosyal ve y\u00f6neti\u015fim (ESG) konular\u0131nda \u015feffafl\u0131\u011f\u0131 art\u0131rarak, i\u015f d\u00fcnyas\u0131nda daha s\u00fcrd\u00fcr\u00fclebilir ve sorumlu bir yakla\u015f\u0131ma ge\u00e7i\u015fi te\u015fvik etmeyi ama\u00e7lar. Bu direktif, \u00f6nceki NFRD (Finansal Olmayan Raporlama Direktifi)&#8216;nin yerini alacak ve \u00e7ok daha geni\u015f bir \u015firket kitlesine uygulanacakt\u0131r. \u015eirketlerin,[&hellip;]\" \/>\n<meta property=\"og:url\" content=\"http:\/\/ankadanismanlikltd.com\/en\/surdurulebilirlik\/csrd-raporlama\/\" \/>\n<meta property=\"og:site_name\" content=\"Anka Dan\u0131\u015fmanl\u0131k\" \/>\n<meta property=\"article:publisher\" content=\"https:\/\/www.facebook.com\/ankadanismanlik\" \/>\n<meta property=\"article:modified_time\" content=\"2024-10-18T11:06:29+00:00\" \/>\n<meta name=\"twitter:card\" content=\"summary_large_image\" \/>\n<meta name=\"twitter:site\" content=\"@ankaconsultancy\" \/>\n<meta name=\"twitter:label1\" content=\"Est. reading time\" \/>\n\t<meta name=\"twitter:data1\" content=\"1 minute\" \/>\n<script type=\"application\/ld+json\" class=\"yoast-schema-graph\">{\"@context\":\"https:\/\/schema.org\",\"@graph\":[{\"@type\":\"WebPage\",\"@id\":\"http:\/\/ankadanismanlikltd.com\/en\/surdurulebilirlik\/csrd-raporlama\/\",\"url\":\"http:\/\/ankadanismanlikltd.com\/en\/surdurulebilirlik\/csrd-raporlama\/\",\"name\":\"CSRD Raporlama - Anka Dan\u0131\u015fmanl\u0131k\",\"isPartOf\":{\"@id\":\"https:\/\/ankadanismanlikltd.com\/en\/#website\"},\"datePublished\":\"2024-10-16T11:42:49+00:00\",\"dateModified\":\"2024-10-18T11:06:29+00:00\",\"breadcrumb\":{\"@id\":\"http:\/\/ankadanismanlikltd.com\/en\/surdurulebilirlik\/csrd-raporlama\/#breadcrumb\"},\"inLanguage\":\"en-US\",\"potentialAction\":[{\"@type\":\"ReadAction\",\"target\":[\"http:\/\/ankadanismanlikltd.com\/en\/surdurulebilirlik\/csrd-raporlama\/\"]}]},{\"@type\":\"BreadcrumbList\",\"@id\":\"http:\/\/ankadanismanlikltd.com\/en\/surdurulebilirlik\/csrd-raporlama\/#breadcrumb\",\"itemListElement\":[{\"@type\":\"ListItem\",\"position\":1,\"name\":\"Anasayfa\",\"item\":\"https:\/\/ankadanismanlikltd.com\/en\/\"},{\"@type\":\"ListItem\",\"position\":2,\"name\":\"Kurumsal S\u00fcrd\u00fcr\u00fclebilirlik\",\"item\":\"https:\/\/ankadanismanlikltd.com\/en\/surdurulebilirlik\/\"},{\"@type\":\"ListItem\",\"position\":3,\"name\":\"CSRD Raporlama\"}]},{\"@type\":\"WebSite\",\"@id\":\"https:\/\/ankadanismanlikltd.com\/en\/#website\",\"url\":\"https:\/\/ankadanismanlikltd.com\/en\/\",\"name\":\"Anka Dan\u0131\u015fmanl\u0131k\",\"description\":\"\",\"publisher\":{\"@id\":\"https:\/\/ankadanismanlikltd.com\/en\/#organization\"},\"potentialAction\":[{\"@type\":\"SearchAction\",\"target\":{\"@type\":\"EntryPoint\",\"urlTemplate\":\"https:\/\/ankadanismanlikltd.com\/en\/?s={search_term_string}\"},\"query-input\":{\"@type\":\"PropertyValueSpecification\",\"valueRequired\":true,\"valueName\":\"search_term_string\"}}],\"inLanguage\":\"en-US\"},{\"@type\":\"Organization\",\"@id\":\"https:\/\/ankadanismanlikltd.com\/en\/#organization\",\"name\":\"ANKA Dan\u0131\u015fmanl\u0131k\",\"url\":\"https:\/\/ankadanismanlikltd.com\/en\/\",\"logo\":{\"@type\":\"ImageObject\",\"inLanguage\":\"en-US\",\"@id\":\"https:\/\/ankadanismanlikltd.com\/en\/#\/schema\/logo\/image\/\",\"url\":\"https:\/\/ankadanismanlikltd.com\/wp-content\/uploads\/2025\/03\/yeni-logo.jpg\",\"contentUrl\":\"https:\/\/ankadanismanlikltd.com\/wp-content\/uploads\/2025\/03\/yeni-logo.jpg\",\"width\":623,\"height\":630,\"caption\":\"ANKA Dan\u0131\u015fmanl\u0131k\"},\"image\":{\"@id\":\"https:\/\/ankadanismanlikltd.com\/en\/#\/schema\/logo\/image\/\"},\"sameAs\":[\"https:\/\/www.facebook.com\/ankadanismanlik\",\"https:\/\/x.com\/ankaconsultancy\",\"https:\/\/www.linkedin.com\/company\/ankadanismanlik\",\"https:\/\/www.youtube.com\/@ANKADanmanlk.official\",\"https:\/\/www.instagram.com\/ankadanismanlik.tr?igsh=MXZ6OXMyd3k2MW5zbA&utm_source=qr\"]}]}<\/script>\n<!-- \/ Yoast SEO plugin. -->","yoast_head_json":{"title":"CSRD Raporlama - Anka Dan\u0131\u015fmanl\u0131k","robots":{"index":"index","follow":"follow","max-snippet":"max-snippet:-1","max-image-preview":"max-image-preview:large","max-video-preview":"max-video-preview:-1"},"canonical":"http:\/\/ankadanismanlikltd.com\/en\/surdurulebilirlik\/csrd-raporlama\/","og_locale":"en_US","og_type":"article","og_title":"CSRD Raporlama - Anka Dan\u0131\u015fmanl\u0131k","og_description":"CSRD (Kurumsal S\u00fcrd\u00fcr\u00fclebilirlik Raporlama Direktifi) Nedir ve Ne Zaman Uygulanacak? CSRD (Corporate Sustainability Reporting Directive), Avrupa Birli\u011fi taraf\u0131ndan kabul edilen ve \u015firketlerin s\u00fcrd\u00fcr\u00fclebilirlik performanslar\u0131n\u0131 zorunlu olarak raporlamas\u0131n\u0131 gerektiren bir d\u00fczenlemedir. CSRD, \u00e7evresel, sosyal ve y\u00f6neti\u015fim (ESG) konular\u0131nda \u015feffafl\u0131\u011f\u0131 art\u0131rarak, i\u015f d\u00fcnyas\u0131nda daha s\u00fcrd\u00fcr\u00fclebilir ve sorumlu bir yakla\u015f\u0131ma ge\u00e7i\u015fi te\u015fvik etmeyi ama\u00e7lar. Bu direktif, \u00f6nceki NFRD (Finansal Olmayan Raporlama Direktifi)&#8216;nin yerini alacak ve \u00e7ok daha geni\u015f bir \u015firket kitlesine uygulanacakt\u0131r. \u015eirketlerin,[&hellip;]","og_url":"http:\/\/ankadanismanlikltd.com\/en\/surdurulebilirlik\/csrd-raporlama\/","og_site_name":"Anka Dan\u0131\u015fmanl\u0131k","article_publisher":"https:\/\/www.facebook.com\/ankadanismanlik","article_modified_time":"2024-10-18T11:06:29+00:00","twitter_card":"summary_large_image","twitter_site":"@ankaconsultancy","twitter_misc":{"Est. reading time":"1 minute"},"schema":{"@context":"https:\/\/schema.org","@graph":[{"@type":"WebPage","@id":"http:\/\/ankadanismanlikltd.com\/en\/surdurulebilirlik\/csrd-raporlama\/","url":"http:\/\/ankadanismanlikltd.com\/en\/surdurulebilirlik\/csrd-raporlama\/","name":"CSRD Raporlama - Anka Dan\u0131\u015fmanl\u0131k","isPartOf":{"@id":"https:\/\/ankadanismanlikltd.com\/en\/#website"},"datePublished":"2024-10-16T11:42:49+00:00","dateModified":"2024-10-18T11:06:29+00:00","breadcrumb":{"@id":"http:\/\/ankadanismanlikltd.com\/en\/surdurulebilirlik\/csrd-raporlama\/#breadcrumb"},"inLanguage":"en-US","potentialAction":[{"@type":"ReadAction","target":["http:\/\/ankadanismanlikltd.com\/en\/surdurulebilirlik\/csrd-raporlama\/"]}]},{"@type":"BreadcrumbList","@id":"http:\/\/ankadanismanlikltd.com\/en\/surdurulebilirlik\/csrd-raporlama\/#breadcrumb","itemListElement":[{"@type":"ListItem","position":1,"name":"Anasayfa","item":"https:\/\/ankadanismanlikltd.com\/en\/"},{"@type":"ListItem","position":2,"name":"Kurumsal S\u00fcrd\u00fcr\u00fclebilirlik","item":"https:\/\/ankadanismanlikltd.com\/en\/surdurulebilirlik\/"},{"@type":"ListItem","position":3,"name":"CSRD Raporlama"}]},{"@type":"WebSite","@id":"https:\/\/ankadanismanlikltd.com\/en\/#website","url":"https:\/\/ankadanismanlikltd.com\/en\/","name":"Anka Dan\u0131\u015fmanl\u0131k","description":"","publisher":{"@id":"https:\/\/ankadanismanlikltd.com\/en\/#organization"},"potentialAction":[{"@type":"SearchAction","target":{"@type":"EntryPoint","urlTemplate":"https:\/\/ankadanismanlikltd.com\/en\/?s={search_term_string}"},"query-input":{"@type":"PropertyValueSpecification","valueRequired":true,"valueName":"search_term_string"}}],"inLanguage":"en-US"},{"@type":"Organization","@id":"https:\/\/ankadanismanlikltd.com\/en\/#organization","name":"ANKA Dan\u0131\u015fmanl\u0131k","url":"https:\/\/ankadanismanlikltd.com\/en\/","logo":{"@type":"ImageObject","inLanguage":"en-US","@id":"https:\/\/ankadanismanlikltd.com\/en\/#\/schema\/logo\/image\/","url":"https:\/\/ankadanismanlikltd.com\/wp-content\/uploads\/2025\/03\/yeni-logo.jpg","contentUrl":"https:\/\/ankadanismanlikltd.com\/wp-content\/uploads\/2025\/03\/yeni-logo.jpg","width":623,"height":630,"caption":"ANKA Dan\u0131\u015fmanl\u0131k"},"image":{"@id":"https:\/\/ankadanismanlikltd.com\/en\/#\/schema\/logo\/image\/"},"sameAs":["https:\/\/www.facebook.com\/ankadanismanlik","https:\/\/x.com\/ankaconsultancy","https:\/\/www.linkedin.com\/company\/ankadanismanlik","https:\/\/www.youtube.com\/@ANKADanmanlk.official","https:\/\/www.instagram.com\/ankadanismanlik.tr?igsh=MXZ6OXMyd3k2MW5zbA&utm_source=qr"]}]}},"_links":{"self":[{"href":"http:\/\/ankadanismanlikltd.com\/en\/wp-json\/wp\/v2\/pages\/783","targetHints":{"allow":["GET"]}}],"collection":[{"href":"http:\/\/ankadanismanlikltd.com\/en\/wp-json\/wp\/v2\/pages"}],"about":[{"href":"http:\/\/ankadanismanlikltd.com\/en\/wp-json\/wp\/v2\/types\/page"}],"author":[{"embeddable":true,"href":"http:\/\/ankadanismanlikltd.com\/en\/wp-json\/wp\/v2\/users\/1"}],"replies":[{"embeddable":true,"href":"http:\/\/ankadanismanlikltd.com\/en\/wp-json\/wp\/v2\/comments?post=783"}],"version-history":[{"count":2,"href":"http:\/\/ankadanismanlikltd.com\/en\/wp-json\/wp\/v2\/pages\/783\/revisions"}],"predecessor-version":[{"id":913,"href":"http:\/\/ankadanismanlikltd.com\/en\/wp-json\/wp\/v2\/pages\/783\/revisions\/913"}],"up":[{"embeddable":true,"href":"http:\/\/ankadanismanlikltd.com\/en\/wp-json\/wp\/v2\/pages\/222"}],"wp:attachment":[{"href":"http:\/\/ankadanismanlikltd.com\/en\/wp-json\/wp\/v2\/media?parent=783"}],"curies":[{"name":"wp","href":"https:\/\/api.w.org\/{rel}","templated":true}]}}