{"id":811,"date":"2024-10-16T11:57:57","date_gmt":"2024-10-16T11:57:57","guid":{"rendered":"https:\/\/ankadanismanlikltd.com\/?page_id=811"},"modified":"2024-10-18T11:11:48","modified_gmt":"2024-10-18T11:11:48","slug":"karbon-azaltim-veya-uzaklastirma-projeleri-iso-14064-2","status":"publish","type":"page","link":"http:\/\/ankadanismanlikltd.com\/en\/karbon-azaltim-veya-uzaklastirma-projeleri-iso-14064-2\/","title":{"rendered":"Carbon Reduction or Removal Projects (ISO 14064-2)"},"content":{"rendered":"<p><strong>ISO 14064-2<\/strong>, is the second part of the ISO 14064 standard and provides comprehensive guidance for organizations on measuring, monitoring and reporting greenhouse gas (GHG) emissions and removals. This part focuses specifically on the implementation of greenhouse gas projects such as renewable energy applications and energy efficiency measures.<\/p>\n\n\n\n<p>The main purpose of the standard is to enable organizations to measure their carbon footprint more accurately and transparently, providing them with a systematic framework for assessing and reporting greenhouse gas emissions and reductions associated with their projects.<\/p>\n\n\n\n<p>ISO 14064-2 provides requirements and guidance on: having a systematic framework for assessing and reporting their impacts and reductions.<\/p>\n\n\n\n<ul class=\"wp-block-list\">\n<li><strong>Calculation Methodologies<\/strong>Determining and selecting appropriate calculation methods helps to assess greenhouse gas emissions more precisely.<\/li>\n\n\n\n<li><strong>Data Collection and Quality Assurance<\/strong>: Data collection processes and quality control standards are determined for the development of project-specific greenhouse gas inventories.<\/li>\n\n\n\n<li><strong>Monitoring and Reporting<\/strong>: The processes related to monitoring greenhouse gas emissions and removals are detailed. In addition, the necessary methods for verification and approval of greenhouse gas declarations related to the project are presented.<\/li>\n<\/ul>\n\n\n\n<p>By adopting ISO 14064-2, organizations can demonstrate their commitment to mitigating climate change and reducing their carbon footprint. In addition, the standard helps organizations identify opportunities to improve environmental performance, reduce costs and meet stakeholder expectations.<\/p>\n\n\n\n<p>Overall, ISO 14064-2 is an essential tool for organizations that want to measure and manage their greenhouse gas emissions in a transparent and reliable way. Thanks to this standard, organizations can achieve their sustainability goals more effectively and minimize their environmental impact.<\/p>","protected":false},"excerpt":{"rendered":"<p>ISO 14064-2, ISO 14064 standard\u0131n\u0131n ikinci b\u00f6l\u00fcm\u00fcd\u00fcr ve kurulu\u015flar i\u00e7in sera gaz\u0131 (GHG) emisyonlar\u0131n\u0131n ve uzakla\u015ft\u0131rmalar\u0131n\u0131n \u00f6l\u00e7\u00fclmesi, izlenmesi ve raporlanmas\u0131 konusunda kapsaml\u0131 bir rehberlik sa\u011flar. Bu b\u00f6l\u00fcm, \u00f6zellikle yenilenebilir enerji uygulamalar\u0131 ve enerji verimlili\u011fi \u00f6nlemleri gibi sera gaz\u0131 projelerinin hayata ge\u00e7irilmesine odaklanmaktad\u0131r. Standard\u0131n temel amac\u0131, kurulu\u015flar\u0131n karbon ayak izlerini daha do\u011fru ve \u015feffaf bir \u015fekilde \u00f6l\u00e7melerine olanak tan\u0131makt\u0131r. Bu sayede, kurulu\u015flar projeleriyle ili\u015fkili sera gaz\u0131 emisyonlar\u0131n\u0131 ve azalt\u0131mlar\u0131n\u0131 de\u011ferlendirme ve[&hellip;]<\/p>","protected":false},"author":1,"featured_media":0,"parent":0,"menu_order":0,"comment_status":"closed","ping_status":"closed","template":"","meta":{"_acf_changed":false,"footnotes":""},"class_list":["post-811","page","type-page","status-publish","hentry"],"acf":[],"yoast_head":"<!-- This site is optimized with the Yoast SEO plugin v25.9 - https:\/\/yoast.com\/wordpress\/plugins\/seo\/ -->\n<title>Karbon Azalt\u0131m veya Uzakla\u015ft\u0131rma Projeleri (ISO 14064-2) - Anka Dan\u0131\u015fmanl\u0131k<\/title>\n<meta name=\"robots\" content=\"index, follow, max-snippet:-1, max-image-preview:large, max-video-preview:-1\" \/>\n<link rel=\"canonical\" href=\"http:\/\/ankadanismanlikltd.com\/en\/karbon-azaltim-veya-uzaklastirma-projeleri-iso-14064-2\/\" \/>\n<meta property=\"og:locale\" content=\"en_US\" \/>\n<meta property=\"og:type\" content=\"article\" \/>\n<meta property=\"og:title\" content=\"Karbon Azalt\u0131m veya Uzakla\u015ft\u0131rma Projeleri (ISO 14064-2) - Anka Dan\u0131\u015fmanl\u0131k\" \/>\n<meta property=\"og:description\" content=\"ISO 14064-2, ISO 14064 standard\u0131n\u0131n ikinci b\u00f6l\u00fcm\u00fcd\u00fcr ve kurulu\u015flar i\u00e7in sera gaz\u0131 (GHG) emisyonlar\u0131n\u0131n ve uzakla\u015ft\u0131rmalar\u0131n\u0131n \u00f6l\u00e7\u00fclmesi, izlenmesi ve raporlanmas\u0131 konusunda kapsaml\u0131 bir rehberlik sa\u011flar. Bu b\u00f6l\u00fcm, \u00f6zellikle yenilenebilir enerji uygulamalar\u0131 ve enerji verimlili\u011fi \u00f6nlemleri gibi sera gaz\u0131 projelerinin hayata ge\u00e7irilmesine odaklanmaktad\u0131r. Standard\u0131n temel amac\u0131, kurulu\u015flar\u0131n karbon ayak izlerini daha do\u011fru ve \u015feffaf bir \u015fekilde \u00f6l\u00e7melerine olanak tan\u0131makt\u0131r. Bu sayede, kurulu\u015flar projeleriyle ili\u015fkili sera gaz\u0131 emisyonlar\u0131n\u0131 ve azalt\u0131mlar\u0131n\u0131 de\u011ferlendirme ve[&hellip;]\" \/>\n<meta property=\"og:url\" content=\"http:\/\/ankadanismanlikltd.com\/en\/karbon-azaltim-veya-uzaklastirma-projeleri-iso-14064-2\/\" \/>\n<meta property=\"og:site_name\" content=\"Anka Dan\u0131\u015fmanl\u0131k\" \/>\n<meta property=\"article:publisher\" content=\"https:\/\/www.facebook.com\/ankadanismanlik\" \/>\n<meta property=\"article:modified_time\" content=\"2024-10-18T11:11:48+00:00\" \/>\n<meta name=\"twitter:card\" content=\"summary_large_image\" \/>\n<meta name=\"twitter:site\" content=\"@ankaconsultancy\" \/>\n<meta name=\"twitter:label1\" content=\"Est. reading time\" \/>\n\t<meta name=\"twitter:data1\" content=\"2 minutes\" \/>\n<script type=\"application\/ld+json\" class=\"yoast-schema-graph\">{\"@context\":\"https:\/\/schema.org\",\"@graph\":[{\"@type\":\"WebPage\",\"@id\":\"http:\/\/ankadanismanlikltd.com\/karbon-azaltim-veya-uzaklastirma-projeleri-iso-14064-2\/\",\"url\":\"http:\/\/ankadanismanlikltd.com\/karbon-azaltim-veya-uzaklastirma-projeleri-iso-14064-2\/\",\"name\":\"Karbon Azalt\u0131m veya Uzakla\u015ft\u0131rma Projeleri (ISO 14064-2) - Anka Dan\u0131\u015fmanl\u0131k\",\"isPartOf\":{\"@id\":\"https:\/\/ankadanismanlikltd.com\/en\/#website\"},\"datePublished\":\"2024-10-16T11:57:57+00:00\",\"dateModified\":\"2024-10-18T11:11:48+00:00\",\"breadcrumb\":{\"@id\":\"http:\/\/ankadanismanlikltd.com\/karbon-azaltim-veya-uzaklastirma-projeleri-iso-14064-2\/#breadcrumb\"},\"inLanguage\":\"en-US\",\"potentialAction\":[{\"@type\":\"ReadAction\",\"target\":[\"http:\/\/ankadanismanlikltd.com\/karbon-azaltim-veya-uzaklastirma-projeleri-iso-14064-2\/\"]}]},{\"@type\":\"BreadcrumbList\",\"@id\":\"http:\/\/ankadanismanlikltd.com\/karbon-azaltim-veya-uzaklastirma-projeleri-iso-14064-2\/#breadcrumb\",\"itemListElement\":[{\"@type\":\"ListItem\",\"position\":1,\"name\":\"Anasayfa\",\"item\":\"https:\/\/ankadanismanlikltd.com\/en\/\"},{\"@type\":\"ListItem\",\"position\":2,\"name\":\"Karbon Azalt\u0131m veya Uzakla\u015ft\u0131rma Projeleri (ISO 14064-2)\"}]},{\"@type\":\"WebSite\",\"@id\":\"https:\/\/ankadanismanlikltd.com\/en\/#website\",\"url\":\"https:\/\/ankadanismanlikltd.com\/en\/\",\"name\":\"Anka Dan\u0131\u015fmanl\u0131k\",\"description\":\"\",\"publisher\":{\"@id\":\"https:\/\/ankadanismanlikltd.com\/en\/#organization\"},\"potentialAction\":[{\"@type\":\"SearchAction\",\"target\":{\"@type\":\"EntryPoint\",\"urlTemplate\":\"https:\/\/ankadanismanlikltd.com\/en\/?s={search_term_string}\"},\"query-input\":{\"@type\":\"PropertyValueSpecification\",\"valueRequired\":true,\"valueName\":\"search_term_string\"}}],\"inLanguage\":\"en-US\"},{\"@type\":\"Organization\",\"@id\":\"https:\/\/ankadanismanlikltd.com\/en\/#organization\",\"name\":\"ANKA Dan\u0131\u015fmanl\u0131k\",\"url\":\"https:\/\/ankadanismanlikltd.com\/en\/\",\"logo\":{\"@type\":\"ImageObject\",\"inLanguage\":\"en-US\",\"@id\":\"https:\/\/ankadanismanlikltd.com\/en\/#\/schema\/logo\/image\/\",\"url\":\"https:\/\/ankadanismanlikltd.com\/wp-content\/uploads\/2025\/03\/yeni-logo.jpg\",\"contentUrl\":\"https:\/\/ankadanismanlikltd.com\/wp-content\/uploads\/2025\/03\/yeni-logo.jpg\",\"width\":623,\"height\":630,\"caption\":\"ANKA Dan\u0131\u015fmanl\u0131k\"},\"image\":{\"@id\":\"https:\/\/ankadanismanlikltd.com\/en\/#\/schema\/logo\/image\/\"},\"sameAs\":[\"https:\/\/www.facebook.com\/ankadanismanlik\",\"https:\/\/x.com\/ankaconsultancy\",\"https:\/\/www.linkedin.com\/company\/ankadanismanlik\",\"https:\/\/www.youtube.com\/@ANKADanmanlk.official\",\"https:\/\/www.instagram.com\/ankadanismanlik.tr?igsh=MXZ6OXMyd3k2MW5zbA&utm_source=qr\"]}]}<\/script>\n<!-- \/ Yoast SEO plugin. -->","yoast_head_json":{"title":"Karbon Azalt\u0131m veya Uzakla\u015ft\u0131rma Projeleri (ISO 14064-2) - Anka Dan\u0131\u015fmanl\u0131k","robots":{"index":"index","follow":"follow","max-snippet":"max-snippet:-1","max-image-preview":"max-image-preview:large","max-video-preview":"max-video-preview:-1"},"canonical":"http:\/\/ankadanismanlikltd.com\/en\/karbon-azaltim-veya-uzaklastirma-projeleri-iso-14064-2\/","og_locale":"en_US","og_type":"article","og_title":"Karbon Azalt\u0131m veya Uzakla\u015ft\u0131rma Projeleri (ISO 14064-2) - Anka Dan\u0131\u015fmanl\u0131k","og_description":"ISO 14064-2, ISO 14064 standard\u0131n\u0131n ikinci b\u00f6l\u00fcm\u00fcd\u00fcr ve kurulu\u015flar i\u00e7in sera gaz\u0131 (GHG) emisyonlar\u0131n\u0131n ve uzakla\u015ft\u0131rmalar\u0131n\u0131n \u00f6l\u00e7\u00fclmesi, izlenmesi ve raporlanmas\u0131 konusunda kapsaml\u0131 bir rehberlik sa\u011flar. Bu b\u00f6l\u00fcm, \u00f6zellikle yenilenebilir enerji uygulamalar\u0131 ve enerji verimlili\u011fi \u00f6nlemleri gibi sera gaz\u0131 projelerinin hayata ge\u00e7irilmesine odaklanmaktad\u0131r. Standard\u0131n temel amac\u0131, kurulu\u015flar\u0131n karbon ayak izlerini daha do\u011fru ve \u015feffaf bir \u015fekilde \u00f6l\u00e7melerine olanak tan\u0131makt\u0131r. Bu sayede, kurulu\u015flar projeleriyle ili\u015fkili sera gaz\u0131 emisyonlar\u0131n\u0131 ve azalt\u0131mlar\u0131n\u0131 de\u011ferlendirme ve[&hellip;]","og_url":"http:\/\/ankadanismanlikltd.com\/en\/karbon-azaltim-veya-uzaklastirma-projeleri-iso-14064-2\/","og_site_name":"Anka Dan\u0131\u015fmanl\u0131k","article_publisher":"https:\/\/www.facebook.com\/ankadanismanlik","article_modified_time":"2024-10-18T11:11:48+00:00","twitter_card":"summary_large_image","twitter_site":"@ankaconsultancy","twitter_misc":{"Est. reading time":"2 minutes"},"schema":{"@context":"https:\/\/schema.org","@graph":[{"@type":"WebPage","@id":"http:\/\/ankadanismanlikltd.com\/karbon-azaltim-veya-uzaklastirma-projeleri-iso-14064-2\/","url":"http:\/\/ankadanismanlikltd.com\/karbon-azaltim-veya-uzaklastirma-projeleri-iso-14064-2\/","name":"Karbon Azalt\u0131m veya Uzakla\u015ft\u0131rma Projeleri (ISO 14064-2) - Anka Dan\u0131\u015fmanl\u0131k","isPartOf":{"@id":"https:\/\/ankadanismanlikltd.com\/en\/#website"},"datePublished":"2024-10-16T11:57:57+00:00","dateModified":"2024-10-18T11:11:48+00:00","breadcrumb":{"@id":"http:\/\/ankadanismanlikltd.com\/karbon-azaltim-veya-uzaklastirma-projeleri-iso-14064-2\/#breadcrumb"},"inLanguage":"en-US","potentialAction":[{"@type":"ReadAction","target":["http:\/\/ankadanismanlikltd.com\/karbon-azaltim-veya-uzaklastirma-projeleri-iso-14064-2\/"]}]},{"@type":"BreadcrumbList","@id":"http:\/\/ankadanismanlikltd.com\/karbon-azaltim-veya-uzaklastirma-projeleri-iso-14064-2\/#breadcrumb","itemListElement":[{"@type":"ListItem","position":1,"name":"Anasayfa","item":"https:\/\/ankadanismanlikltd.com\/en\/"},{"@type":"ListItem","position":2,"name":"Karbon Azalt\u0131m veya Uzakla\u015ft\u0131rma Projeleri (ISO 14064-2)"}]},{"@type":"WebSite","@id":"https:\/\/ankadanismanlikltd.com\/en\/#website","url":"https:\/\/ankadanismanlikltd.com\/en\/","name":"Anka Dan\u0131\u015fmanl\u0131k","description":"","publisher":{"@id":"https:\/\/ankadanismanlikltd.com\/en\/#organization"},"potentialAction":[{"@type":"SearchAction","target":{"@type":"EntryPoint","urlTemplate":"https:\/\/ankadanismanlikltd.com\/en\/?s={search_term_string}"},"query-input":{"@type":"PropertyValueSpecification","valueRequired":true,"valueName":"search_term_string"}}],"inLanguage":"en-US"},{"@type":"Organization","@id":"https:\/\/ankadanismanlikltd.com\/en\/#organization","name":"ANKA Dan\u0131\u015fmanl\u0131k","url":"https:\/\/ankadanismanlikltd.com\/en\/","logo":{"@type":"ImageObject","inLanguage":"en-US","@id":"https:\/\/ankadanismanlikltd.com\/en\/#\/schema\/logo\/image\/","url":"https:\/\/ankadanismanlikltd.com\/wp-content\/uploads\/2025\/03\/yeni-logo.jpg","contentUrl":"https:\/\/ankadanismanlikltd.com\/wp-content\/uploads\/2025\/03\/yeni-logo.jpg","width":623,"height":630,"caption":"ANKA Dan\u0131\u015fmanl\u0131k"},"image":{"@id":"https:\/\/ankadanismanlikltd.com\/en\/#\/schema\/logo\/image\/"},"sameAs":["https:\/\/www.facebook.com\/ankadanismanlik","https:\/\/x.com\/ankaconsultancy","https:\/\/www.linkedin.com\/company\/ankadanismanlik","https:\/\/www.youtube.com\/@ANKADanmanlk.official","https:\/\/www.instagram.com\/ankadanismanlik.tr?igsh=MXZ6OXMyd3k2MW5zbA&utm_source=qr"]}]}},"_links":{"self":[{"href":"http:\/\/ankadanismanlikltd.com\/en\/wp-json\/wp\/v2\/pages\/811","targetHints":{"allow":["GET"]}}],"collection":[{"href":"http:\/\/ankadanismanlikltd.com\/en\/wp-json\/wp\/v2\/pages"}],"about":[{"href":"http:\/\/ankadanismanlikltd.com\/en\/wp-json\/wp\/v2\/types\/page"}],"author":[{"embeddable":true,"href":"http:\/\/ankadanismanlikltd.com\/en\/wp-json\/wp\/v2\/users\/1"}],"replies":[{"embeddable":true,"href":"http:\/\/ankadanismanlikltd.com\/en\/wp-json\/wp\/v2\/comments?post=811"}],"version-history":[{"count":2,"href":"http:\/\/ankadanismanlikltd.com\/en\/wp-json\/wp\/v2\/pages\/811\/revisions"}],"predecessor-version":[{"id":918,"href":"http:\/\/ankadanismanlikltd.com\/en\/wp-json\/wp\/v2\/pages\/811\/revisions\/918"}],"wp:attachment":[{"href":"http:\/\/ankadanismanlikltd.com\/en\/wp-json\/wp\/v2\/media?parent=811"}],"curies":[{"name":"wp","href":"https:\/\/api.w.org\/{rel}","templated":true}]}}