{"id":814,"date":"2024-10-16T11:59:20","date_gmt":"2024-10-16T11:59:20","guid":{"rendered":"https:\/\/ankadanismanlikltd.com\/?page_id=814"},"modified":"2024-10-18T11:16:58","modified_gmt":"2024-10-18T11:16:58","slug":"uluslararasi-rec-sertifikasi-i-rec","status":"publish","type":"page","link":"http:\/\/ankadanismanlikltd.com\/en\/uluslararasi-rec-sertifikasi-i-rec\/","title":{"rendered":"International REC Certificate (I-REC)"},"content":{"rendered":"<p><strong>What is IREC Certificate?<\/strong><\/p>\n\n\n\n<p>IREC (International Renewable Energy Certificate) is an international certificate corresponding to electrical energy produced from renewable sources. 1 IREC certificate corresponds to 1 MWh of renewable energy production. This certificate includes information such as the name of the electricity producing facility, production date, source type and encourages energy producers to invest in renewable energy.<\/p>\n\n\n\n<p><strong>What is Green Energy?<\/strong><\/p>\n\n\n\n<p>Green energy is energy obtained from renewable sources such as sun, wind and water and is inexhaustible compared to fossil fuels. Green energy is documented with IREC certificates.<\/p>\n\n\n\n<p><strong>How Does the IREC Certification System Work?<\/strong><\/p>\n\n\n\n<p>In renewable energy facilities (solar, wind, hydroelectric, etc.), 1 IREC certificate is created for every 1 MWh of electricity produced. Plant managers gain the right to produce certificates by registering their facilities according to IREC standards. Thus, plants registered in the IREC system not only produce electricity, but also gain the right to sell \u201cGreen Energy Rights\u201d.<\/p>\n\n\n\n<p><strong>How to Get IREC Certificate?<\/strong><\/p>\n\n\n\n<p>To obtain an IREC Certificate, buyers must first identify the quantity, source and year of production. These certificates document businesses\u2019 use of renewable energy and help them achieve their sustainability goals.<\/p>\n\n\n\n<p><strong>Sustainability and Market Benefits<\/strong><\/p>\n\n\n\n<ol start=\"1\" class=\"wp-block-list\">\n<li><strong>Reducing Carbon Emissions<\/strong>: Greenhouse gas emissions are reduced by using renewable energy sources.<\/li>\n\n\n\n<li><strong>Brand Reputation<\/strong>IREC certifications demonstrate businesses' commitment to environmental sustainability and strengthen their brand image.<\/li>\n\n\n\n<li><strong>Meeting Customer Demands<\/strong>: Certificates are important for achieving renewable energy targets in some countries.<\/li>\n\n\n\n<li><strong>Market Access<\/strong>IREC certificates enable trading between companies that consume electricity produced from renewable energy sources.<\/li>\n<\/ol>","protected":false},"excerpt":{"rendered":"<p>IREC Sertifikas\u0131 Nedir? IREC (Uluslararas\u0131 Yenilenebilir Enerji Sertifikas\u0131), yenilenebilir kaynaklardan \u00fcretilen elektrik enerjisine kar\u015f\u0131l\u0131k gelen uluslararas\u0131 bir sertifikad\u0131r. 1 adet IREC sertifikas\u0131, 1 MWh yenilenebilir enerji \u00fcretimine denk gelir. Bu sertifika, elektrik \u00fcreten tesisin ad\u0131, \u00fcretim tarihi, kaynak t\u00fcr\u00fc gibi bilgileri i\u00e7erir ve enerji \u00fcreticilerini yenilenebilir enerjiye yat\u0131r\u0131m yapmaya te\u015fvik eder. Ye\u015fil Enerji Nedir? Ye\u015fil enerji, g\u00fcne\u015f, r\u00fczg\u00e2r ve su gibi yenilenebilir kaynaklardan elde edilen enerjidir ve fosil yak\u0131tlarla kar\u015f\u0131la\u015ft\u0131r\u0131ld\u0131\u011f\u0131nda[&hellip;]<\/p>","protected":false},"author":1,"featured_media":0,"parent":0,"menu_order":0,"comment_status":"closed","ping_status":"closed","template":"","meta":{"_acf_changed":false,"footnotes":""},"class_list":["post-814","page","type-page","status-publish","hentry"],"acf":[],"yoast_head":"<!-- This site is optimized with the Yoast SEO plugin v25.9 - https:\/\/yoast.com\/wordpress\/plugins\/seo\/ -->\n<title>Uluslararas\u0131 REC Sertifikas\u0131 (I-REC) - Anka Dan\u0131\u015fmanl\u0131k<\/title>\n<meta name=\"robots\" content=\"index, follow, max-snippet:-1, max-image-preview:large, max-video-preview:-1\" \/>\n<link rel=\"canonical\" href=\"http:\/\/ankadanismanlikltd.com\/en\/uluslararasi-rec-sertifikasi-i-rec\/\" \/>\n<meta property=\"og:locale\" content=\"en_US\" \/>\n<meta property=\"og:type\" content=\"article\" \/>\n<meta property=\"og:title\" content=\"Uluslararas\u0131 REC Sertifikas\u0131 (I-REC) - Anka Dan\u0131\u015fmanl\u0131k\" \/>\n<meta property=\"og:description\" content=\"IREC Sertifikas\u0131 Nedir? IREC (Uluslararas\u0131 Yenilenebilir Enerji Sertifikas\u0131), yenilenebilir kaynaklardan \u00fcretilen elektrik enerjisine kar\u015f\u0131l\u0131k gelen uluslararas\u0131 bir sertifikad\u0131r. 1 adet IREC sertifikas\u0131, 1 MWh yenilenebilir enerji \u00fcretimine denk gelir. Bu sertifika, elektrik \u00fcreten tesisin ad\u0131, \u00fcretim tarihi, kaynak t\u00fcr\u00fc gibi bilgileri i\u00e7erir ve enerji \u00fcreticilerini yenilenebilir enerjiye yat\u0131r\u0131m yapmaya te\u015fvik eder. Ye\u015fil Enerji Nedir? Ye\u015fil enerji, g\u00fcne\u015f, r\u00fczg\u00e2r ve su gibi yenilenebilir kaynaklardan elde edilen enerjidir ve fosil yak\u0131tlarla kar\u015f\u0131la\u015ft\u0131r\u0131ld\u0131\u011f\u0131nda[&hellip;]\" \/>\n<meta property=\"og:url\" content=\"http:\/\/ankadanismanlikltd.com\/en\/uluslararasi-rec-sertifikasi-i-rec\/\" \/>\n<meta property=\"og:site_name\" content=\"Anka Dan\u0131\u015fmanl\u0131k\" \/>\n<meta property=\"article:publisher\" content=\"https:\/\/www.facebook.com\/ankadanismanlik\" \/>\n<meta property=\"article:modified_time\" content=\"2024-10-18T11:16:58+00:00\" \/>\n<meta name=\"twitter:card\" content=\"summary_large_image\" \/>\n<meta name=\"twitter:site\" content=\"@ankaconsultancy\" \/>\n<meta name=\"twitter:label1\" content=\"Est. reading time\" \/>\n\t<meta name=\"twitter:data1\" content=\"2 minutes\" \/>\n<script type=\"application\/ld+json\" class=\"yoast-schema-graph\">{\"@context\":\"https:\/\/schema.org\",\"@graph\":[{\"@type\":\"WebPage\",\"@id\":\"http:\/\/ankadanismanlikltd.com\/en\/uluslararasi-rec-sertifikasi-i-rec\/\",\"url\":\"http:\/\/ankadanismanlikltd.com\/en\/uluslararasi-rec-sertifikasi-i-rec\/\",\"name\":\"Uluslararas\u0131 REC Sertifikas\u0131 (I-REC) - Anka Dan\u0131\u015fmanl\u0131k\",\"isPartOf\":{\"@id\":\"http:\/\/ankadanismanlikltd.com\/en\/#website\"},\"datePublished\":\"2024-10-16T11:59:20+00:00\",\"dateModified\":\"2024-10-18T11:16:58+00:00\",\"breadcrumb\":{\"@id\":\"http:\/\/ankadanismanlikltd.com\/en\/uluslararasi-rec-sertifikasi-i-rec\/#breadcrumb\"},\"inLanguage\":\"en-US\",\"potentialAction\":[{\"@type\":\"ReadAction\",\"target\":[\"http:\/\/ankadanismanlikltd.com\/en\/uluslararasi-rec-sertifikasi-i-rec\/\"]}]},{\"@type\":\"BreadcrumbList\",\"@id\":\"http:\/\/ankadanismanlikltd.com\/en\/uluslararasi-rec-sertifikasi-i-rec\/#breadcrumb\",\"itemListElement\":[{\"@type\":\"ListItem\",\"position\":1,\"name\":\"Anasayfa\",\"item\":\"http:\/\/ankadanismanlikltd.com\/en\/\"},{\"@type\":\"ListItem\",\"position\":2,\"name\":\"Uluslararas\u0131 REC Sertifikas\u0131 (I-REC)\"}]},{\"@type\":\"WebSite\",\"@id\":\"http:\/\/ankadanismanlikltd.com\/en\/#website\",\"url\":\"http:\/\/ankadanismanlikltd.com\/en\/\",\"name\":\"Anka Dan\u0131\u015fmanl\u0131k\",\"description\":\"\",\"publisher\":{\"@id\":\"http:\/\/ankadanismanlikltd.com\/en\/#organization\"},\"potentialAction\":[{\"@type\":\"SearchAction\",\"target\":{\"@type\":\"EntryPoint\",\"urlTemplate\":\"http:\/\/ankadanismanlikltd.com\/en\/?s={search_term_string}\"},\"query-input\":{\"@type\":\"PropertyValueSpecification\",\"valueRequired\":true,\"valueName\":\"search_term_string\"}}],\"inLanguage\":\"en-US\"},{\"@type\":\"Organization\",\"@id\":\"http:\/\/ankadanismanlikltd.com\/en\/#organization\",\"name\":\"ANKA Dan\u0131\u015fmanl\u0131k\",\"url\":\"http:\/\/ankadanismanlikltd.com\/en\/\",\"logo\":{\"@type\":\"ImageObject\",\"inLanguage\":\"en-US\",\"@id\":\"http:\/\/ankadanismanlikltd.com\/en\/#\/schema\/logo\/image\/\",\"url\":\"https:\/\/ankadanismanlikltd.com\/wp-content\/uploads\/2025\/03\/yeni-logo.jpg\",\"contentUrl\":\"https:\/\/ankadanismanlikltd.com\/wp-content\/uploads\/2025\/03\/yeni-logo.jpg\",\"width\":623,\"height\":630,\"caption\":\"ANKA Dan\u0131\u015fmanl\u0131k\"},\"image\":{\"@id\":\"http:\/\/ankadanismanlikltd.com\/en\/#\/schema\/logo\/image\/\"},\"sameAs\":[\"https:\/\/www.facebook.com\/ankadanismanlik\",\"https:\/\/x.com\/ankaconsultancy\",\"https:\/\/www.linkedin.com\/company\/ankadanismanlik\",\"https:\/\/www.youtube.com\/@ANKADanmanlk.official\",\"https:\/\/www.instagram.com\/ankadanismanlik.tr?igsh=MXZ6OXMyd3k2MW5zbA&utm_source=qr\"]}]}<\/script>\n<!-- \/ Yoast SEO plugin. -->","yoast_head_json":{"title":"Uluslararas\u0131 REC Sertifikas\u0131 (I-REC) - Anka Dan\u0131\u015fmanl\u0131k","robots":{"index":"index","follow":"follow","max-snippet":"max-snippet:-1","max-image-preview":"max-image-preview:large","max-video-preview":"max-video-preview:-1"},"canonical":"http:\/\/ankadanismanlikltd.com\/en\/uluslararasi-rec-sertifikasi-i-rec\/","og_locale":"en_US","og_type":"article","og_title":"Uluslararas\u0131 REC Sertifikas\u0131 (I-REC) - Anka Dan\u0131\u015fmanl\u0131k","og_description":"IREC Sertifikas\u0131 Nedir? IREC (Uluslararas\u0131 Yenilenebilir Enerji Sertifikas\u0131), yenilenebilir kaynaklardan \u00fcretilen elektrik enerjisine kar\u015f\u0131l\u0131k gelen uluslararas\u0131 bir sertifikad\u0131r. 1 adet IREC sertifikas\u0131, 1 MWh yenilenebilir enerji \u00fcretimine denk gelir. Bu sertifika, elektrik \u00fcreten tesisin ad\u0131, \u00fcretim tarihi, kaynak t\u00fcr\u00fc gibi bilgileri i\u00e7erir ve enerji \u00fcreticilerini yenilenebilir enerjiye yat\u0131r\u0131m yapmaya te\u015fvik eder. Ye\u015fil Enerji Nedir? Ye\u015fil enerji, g\u00fcne\u015f, r\u00fczg\u00e2r ve su gibi yenilenebilir kaynaklardan elde edilen enerjidir ve fosil yak\u0131tlarla kar\u015f\u0131la\u015ft\u0131r\u0131ld\u0131\u011f\u0131nda[&hellip;]","og_url":"http:\/\/ankadanismanlikltd.com\/en\/uluslararasi-rec-sertifikasi-i-rec\/","og_site_name":"Anka Dan\u0131\u015fmanl\u0131k","article_publisher":"https:\/\/www.facebook.com\/ankadanismanlik","article_modified_time":"2024-10-18T11:16:58+00:00","twitter_card":"summary_large_image","twitter_site":"@ankaconsultancy","twitter_misc":{"Est. reading time":"2 minutes"},"schema":{"@context":"https:\/\/schema.org","@graph":[{"@type":"WebPage","@id":"http:\/\/ankadanismanlikltd.com\/en\/uluslararasi-rec-sertifikasi-i-rec\/","url":"http:\/\/ankadanismanlikltd.com\/en\/uluslararasi-rec-sertifikasi-i-rec\/","name":"Uluslararas\u0131 REC Sertifikas\u0131 (I-REC) - Anka Dan\u0131\u015fmanl\u0131k","isPartOf":{"@id":"http:\/\/ankadanismanlikltd.com\/en\/#website"},"datePublished":"2024-10-16T11:59:20+00:00","dateModified":"2024-10-18T11:16:58+00:00","breadcrumb":{"@id":"http:\/\/ankadanismanlikltd.com\/en\/uluslararasi-rec-sertifikasi-i-rec\/#breadcrumb"},"inLanguage":"en-US","potentialAction":[{"@type":"ReadAction","target":["http:\/\/ankadanismanlikltd.com\/en\/uluslararasi-rec-sertifikasi-i-rec\/"]}]},{"@type":"BreadcrumbList","@id":"http:\/\/ankadanismanlikltd.com\/en\/uluslararasi-rec-sertifikasi-i-rec\/#breadcrumb","itemListElement":[{"@type":"ListItem","position":1,"name":"Anasayfa","item":"http:\/\/ankadanismanlikltd.com\/en\/"},{"@type":"ListItem","position":2,"name":"Uluslararas\u0131 REC Sertifikas\u0131 (I-REC)"}]},{"@type":"WebSite","@id":"http:\/\/ankadanismanlikltd.com\/en\/#website","url":"http:\/\/ankadanismanlikltd.com\/en\/","name":"Anka Dan\u0131\u015fmanl\u0131k","description":"","publisher":{"@id":"http:\/\/ankadanismanlikltd.com\/en\/#organization"},"potentialAction":[{"@type":"SearchAction","target":{"@type":"EntryPoint","urlTemplate":"http:\/\/ankadanismanlikltd.com\/en\/?s={search_term_string}"},"query-input":{"@type":"PropertyValueSpecification","valueRequired":true,"valueName":"search_term_string"}}],"inLanguage":"en-US"},{"@type":"Organization","@id":"http:\/\/ankadanismanlikltd.com\/en\/#organization","name":"ANKA Dan\u0131\u015fmanl\u0131k","url":"http:\/\/ankadanismanlikltd.com\/en\/","logo":{"@type":"ImageObject","inLanguage":"en-US","@id":"http:\/\/ankadanismanlikltd.com\/en\/#\/schema\/logo\/image\/","url":"https:\/\/ankadanismanlikltd.com\/wp-content\/uploads\/2025\/03\/yeni-logo.jpg","contentUrl":"https:\/\/ankadanismanlikltd.com\/wp-content\/uploads\/2025\/03\/yeni-logo.jpg","width":623,"height":630,"caption":"ANKA Dan\u0131\u015fmanl\u0131k"},"image":{"@id":"http:\/\/ankadanismanlikltd.com\/en\/#\/schema\/logo\/image\/"},"sameAs":["https:\/\/www.facebook.com\/ankadanismanlik","https:\/\/x.com\/ankaconsultancy","https:\/\/www.linkedin.com\/company\/ankadanismanlik","https:\/\/www.youtube.com\/@ANKADanmanlk.official","https:\/\/www.instagram.com\/ankadanismanlik.tr?igsh=MXZ6OXMyd3k2MW5zbA&utm_source=qr"]}]}},"_links":{"self":[{"href":"http:\/\/ankadanismanlikltd.com\/en\/wp-json\/wp\/v2\/pages\/814","targetHints":{"allow":["GET"]}}],"collection":[{"href":"http:\/\/ankadanismanlikltd.com\/en\/wp-json\/wp\/v2\/pages"}],"about":[{"href":"http:\/\/ankadanismanlikltd.com\/en\/wp-json\/wp\/v2\/types\/page"}],"author":[{"embeddable":true,"href":"http:\/\/ankadanismanlikltd.com\/en\/wp-json\/wp\/v2\/users\/1"}],"replies":[{"embeddable":true,"href":"http:\/\/ankadanismanlikltd.com\/en\/wp-json\/wp\/v2\/comments?post=814"}],"version-history":[{"count":2,"href":"http:\/\/ankadanismanlikltd.com\/en\/wp-json\/wp\/v2\/pages\/814\/revisions"}],"predecessor-version":[{"id":923,"href":"http:\/\/ankadanismanlikltd.com\/en\/wp-json\/wp\/v2\/pages\/814\/revisions\/923"}],"wp:attachment":[{"href":"http:\/\/ankadanismanlikltd.com\/en\/wp-json\/wp\/v2\/media?parent=814"}],"curies":[{"name":"wp","href":"https:\/\/api.w.org\/{rel}","templated":true}]}}