{"id":815,"date":"2024-10-16T11:59:28","date_gmt":"2024-10-16T11:59:28","guid":{"rendered":"https:\/\/ankadanismanlikltd.com\/?page_id=815"},"modified":"2024-10-20T11:28:30","modified_gmt":"2024-10-20T11:28:30","slug":"gonullu-karbon-piyasasi-kapsaminda-proje-kredilendirmeler","status":"publish","type":"page","link":"http:\/\/ankadanismanlikltd.com\/en\/gonullu-karbon-piyasasi-kapsaminda-proje-kredilendirmeler\/","title":{"rendered":"Project Creditings within the Voluntary Carbon Market"},"content":{"rendered":"<p><strong>Project Creditings under the Voluntary Carbon Market (GCC)<\/strong><\/p>\n\n\n\n<p>ANKA Dan\u0131\u015fmanl\u0131k olarak, \u015firketlerin karbon azalt\u0131m \u00e7abalar\u0131n\u0131 desteklemek amac\u0131yla G\u00f6n\u00fcll\u00fc Karbon Piyasas\u0131 kapsam\u0131nda Global Carbon Council (GCC) metodolojisine uygun sertifikaland\u0131rmalar ger\u00e7ekle\u015ftiriyoruz.<\/p>\n\n\n\n<p>GCC metodolojisine uygun olarak haz\u0131rlanan proje dok\u00fcmanlar\u0131, \u015firketlerin karbon azalt\u0131m projelerinden maksimum fayday\u0131 elde etmelerini ve k\u00fcresel karbon azalt\u0131m hedeflerine anlaml\u0131 bir katk\u0131da bulunmalar\u0131n\u0131 sa\u011flamay\u0131 ama\u00e7lar. Bu s\u00fcre\u00e7, \u015firketlerin karbon azalt\u0131m projelerini de\u011ferlendirerek GCC standartlar\u0131na uygunluklar\u0131n\u0131 belirlemeyi ve gerekli sertifikaland\u0131rma s\u00fcrecini y\u00f6netmeyi i\u00e7erir.<\/p>\n\n\n\n<p><strong>Neden GCC Sertifikas\u0131?<\/strong><\/p>\n\n\n\n<p>GCC sertifikas\u0131, \u015firketlere a\u015fa\u011f\u0131daki avantajlar\u0131 sunar:<\/p>\n\n\n\n<p>Piyasa Eri\u015fimi: GCC sertifikas\u0131, \u015firketlerin g\u00f6n\u00fcll\u00fc karbon piyasas\u0131nda daha etkin bir \u015fekilde yer almalar\u0131n\u0131 sa\u011flar ve s\u00fcrd\u00fcr\u00fclebilirlik hedeflerine ula\u015fmalar\u0131na katk\u0131da bulunur.<\/p>\n\n\n\n<p>G\u00fcvenilirlik ve \u015eeffafl\u0131k: GCC metodolojisi, uluslararas\u0131 standartlara dayal\u0131 olarak g\u00fcvenilir ve \u015feffaf bir s\u00fcre\u00e7 sunar.<\/p>\n\n\n\n<p>Karbon Ayak \u0130zinin Azalt\u0131lmas\u0131: Sertifikal\u0131 projeler, \u015firketlerin karbon ayak izini azaltmalar\u0131na yard\u0131mc\u0131 olur ve \u00e7evresel etkilerini en aza indirir.<\/p>\n\n\n\n<p><\/p>\n\n\n\n<p><\/p>","protected":false},"excerpt":{"rendered":"<p>G\u00f6n\u00fcll\u00fc Karbon Piyasas\u0131 Kapsam\u0131nda Proje Kredilendirmeleri (GCC) ANKA Dan\u0131\u015fmanl\u0131k olarak, \u015firketlerin karbon azalt\u0131m \u00e7abalar\u0131n\u0131 desteklemek amac\u0131yla G\u00f6n\u00fcll\u00fc Karbon Piyasas\u0131 kapsam\u0131nda Global Carbon Council (GCC) metodolojisine uygun sertifikaland\u0131rmalar ger\u00e7ekle\u015ftiriyoruz. GCC metodolojisine uygun olarak haz\u0131rlanan proje dok\u00fcmanlar\u0131, \u015firketlerin karbon azalt\u0131m projelerinden maksimum fayday\u0131 elde etmelerini ve k\u00fcresel karbon azalt\u0131m hedeflerine anlaml\u0131 bir katk\u0131da bulunmalar\u0131n\u0131 sa\u011flamay\u0131 ama\u00e7lar. Bu s\u00fcre\u00e7, \u015firketlerin karbon azalt\u0131m projelerini de\u011ferlendirerek GCC standartlar\u0131na uygunluklar\u0131n\u0131 belirlemeyi ve gerekli sertifikaland\u0131rma s\u00fcrecini y\u00f6netmeyi[&hellip;]<\/p>","protected":false},"author":1,"featured_media":0,"parent":0,"menu_order":0,"comment_status":"closed","ping_status":"closed","template":"","meta":{"_acf_changed":false,"footnotes":""},"class_list":["post-815","page","type-page","status-publish","hentry"],"acf":[],"yoast_head":"<!-- This site is optimized with the Yoast SEO plugin v25.9 - https:\/\/yoast.com\/wordpress\/plugins\/seo\/ -->\n<title>G\u00f6n\u00fcll\u00fc Karbon Piyasas\u0131 Kapsam\u0131nda Proje Kredilendirmeler - Anka Dan\u0131\u015fmanl\u0131k<\/title>\n<meta name=\"robots\" content=\"index, follow, max-snippet:-1, max-image-preview:large, max-video-preview:-1\" \/>\n<link rel=\"canonical\" href=\"http:\/\/ankadanismanlikltd.com\/en\/gonullu-karbon-piyasasi-kapsaminda-proje-kredilendirmeler\/\" \/>\n<meta property=\"og:locale\" content=\"en_US\" \/>\n<meta property=\"og:type\" content=\"article\" \/>\n<meta property=\"og:title\" content=\"G\u00f6n\u00fcll\u00fc Karbon Piyasas\u0131 Kapsam\u0131nda Proje Kredilendirmeler - Anka Dan\u0131\u015fmanl\u0131k\" \/>\n<meta property=\"og:description\" content=\"G\u00f6n\u00fcll\u00fc Karbon Piyasas\u0131 Kapsam\u0131nda Proje Kredilendirmeleri (GCC) ANKA Dan\u0131\u015fmanl\u0131k olarak, \u015firketlerin karbon azalt\u0131m \u00e7abalar\u0131n\u0131 desteklemek amac\u0131yla G\u00f6n\u00fcll\u00fc Karbon Piyasas\u0131 kapsam\u0131nda Global Carbon Council (GCC) metodolojisine uygun sertifikaland\u0131rmalar ger\u00e7ekle\u015ftiriyoruz. GCC metodolojisine uygun olarak haz\u0131rlanan proje dok\u00fcmanlar\u0131, \u015firketlerin karbon azalt\u0131m projelerinden maksimum fayday\u0131 elde etmelerini ve k\u00fcresel karbon azalt\u0131m hedeflerine anlaml\u0131 bir katk\u0131da bulunmalar\u0131n\u0131 sa\u011flamay\u0131 ama\u00e7lar. Bu s\u00fcre\u00e7, \u015firketlerin karbon azalt\u0131m projelerini de\u011ferlendirerek GCC standartlar\u0131na uygunluklar\u0131n\u0131 belirlemeyi ve gerekli sertifikaland\u0131rma s\u00fcrecini y\u00f6netmeyi[&hellip;]\" \/>\n<meta property=\"og:url\" content=\"http:\/\/ankadanismanlikltd.com\/en\/gonullu-karbon-piyasasi-kapsaminda-proje-kredilendirmeler\/\" \/>\n<meta property=\"og:site_name\" content=\"Anka Dan\u0131\u015fmanl\u0131k\" \/>\n<meta property=\"article:publisher\" content=\"https:\/\/www.facebook.com\/ankadanismanlik\" \/>\n<meta property=\"article:modified_time\" content=\"2024-10-20T11:28:30+00:00\" \/>\n<meta name=\"twitter:card\" content=\"summary_large_image\" \/>\n<meta name=\"twitter:site\" content=\"@ankaconsultancy\" \/>\n<meta name=\"twitter:label1\" content=\"Est. reading time\" \/>\n\t<meta name=\"twitter:data1\" content=\"1 minute\" \/>\n<script type=\"application\/ld+json\" class=\"yoast-schema-graph\">{\"@context\":\"https:\/\/schema.org\",\"@graph\":[{\"@type\":\"WebPage\",\"@id\":\"http:\/\/ankadanismanlikltd.com\/en\/gonullu-karbon-piyasasi-kapsaminda-proje-kredilendirmeler\/\",\"url\":\"http:\/\/ankadanismanlikltd.com\/en\/gonullu-karbon-piyasasi-kapsaminda-proje-kredilendirmeler\/\",\"name\":\"G\u00f6n\u00fcll\u00fc Karbon Piyasas\u0131 Kapsam\u0131nda Proje Kredilendirmeler - Anka Dan\u0131\u015fmanl\u0131k\",\"isPartOf\":{\"@id\":\"http:\/\/ankadanismanlikltd.com\/en\/#website\"},\"datePublished\":\"2024-10-16T11:59:28+00:00\",\"dateModified\":\"2024-10-20T11:28:30+00:00\",\"breadcrumb\":{\"@id\":\"http:\/\/ankadanismanlikltd.com\/en\/gonullu-karbon-piyasasi-kapsaminda-proje-kredilendirmeler\/#breadcrumb\"},\"inLanguage\":\"en-US\",\"potentialAction\":[{\"@type\":\"ReadAction\",\"target\":[\"http:\/\/ankadanismanlikltd.com\/en\/gonullu-karbon-piyasasi-kapsaminda-proje-kredilendirmeler\/\"]}]},{\"@type\":\"BreadcrumbList\",\"@id\":\"http:\/\/ankadanismanlikltd.com\/en\/gonullu-karbon-piyasasi-kapsaminda-proje-kredilendirmeler\/#breadcrumb\",\"itemListElement\":[{\"@type\":\"ListItem\",\"position\":1,\"name\":\"Anasayfa\",\"item\":\"http:\/\/ankadanismanlikltd.com\/en\/\"},{\"@type\":\"ListItem\",\"position\":2,\"name\":\"G\u00f6n\u00fcll\u00fc Karbon Piyasas\u0131 Kapsam\u0131nda Proje Kredilendirmeler\"}]},{\"@type\":\"WebSite\",\"@id\":\"http:\/\/ankadanismanlikltd.com\/en\/#website\",\"url\":\"http:\/\/ankadanismanlikltd.com\/en\/\",\"name\":\"Anka Dan\u0131\u015fmanl\u0131k\",\"description\":\"\",\"publisher\":{\"@id\":\"http:\/\/ankadanismanlikltd.com\/en\/#organization\"},\"potentialAction\":[{\"@type\":\"SearchAction\",\"target\":{\"@type\":\"EntryPoint\",\"urlTemplate\":\"http:\/\/ankadanismanlikltd.com\/en\/?s={search_term_string}\"},\"query-input\":{\"@type\":\"PropertyValueSpecification\",\"valueRequired\":true,\"valueName\":\"search_term_string\"}}],\"inLanguage\":\"en-US\"},{\"@type\":\"Organization\",\"@id\":\"http:\/\/ankadanismanlikltd.com\/en\/#organization\",\"name\":\"ANKA Dan\u0131\u015fmanl\u0131k\",\"url\":\"http:\/\/ankadanismanlikltd.com\/en\/\",\"logo\":{\"@type\":\"ImageObject\",\"inLanguage\":\"en-US\",\"@id\":\"http:\/\/ankadanismanlikltd.com\/en\/#\/schema\/logo\/image\/\",\"url\":\"https:\/\/ankadanismanlikltd.com\/wp-content\/uploads\/2025\/03\/yeni-logo.jpg\",\"contentUrl\":\"https:\/\/ankadanismanlikltd.com\/wp-content\/uploads\/2025\/03\/yeni-logo.jpg\",\"width\":623,\"height\":630,\"caption\":\"ANKA Dan\u0131\u015fmanl\u0131k\"},\"image\":{\"@id\":\"http:\/\/ankadanismanlikltd.com\/en\/#\/schema\/logo\/image\/\"},\"sameAs\":[\"https:\/\/www.facebook.com\/ankadanismanlik\",\"https:\/\/x.com\/ankaconsultancy\",\"https:\/\/www.linkedin.com\/company\/ankadanismanlik\",\"https:\/\/www.youtube.com\/@ANKADanmanlk.official\",\"https:\/\/www.instagram.com\/ankadanismanlik.tr?igsh=MXZ6OXMyd3k2MW5zbA&utm_source=qr\"]}]}<\/script>\n<!-- \/ Yoast SEO plugin. -->","yoast_head_json":{"title":"G\u00f6n\u00fcll\u00fc Karbon Piyasas\u0131 Kapsam\u0131nda Proje Kredilendirmeler - Anka Dan\u0131\u015fmanl\u0131k","robots":{"index":"index","follow":"follow","max-snippet":"max-snippet:-1","max-image-preview":"max-image-preview:large","max-video-preview":"max-video-preview:-1"},"canonical":"http:\/\/ankadanismanlikltd.com\/en\/gonullu-karbon-piyasasi-kapsaminda-proje-kredilendirmeler\/","og_locale":"en_US","og_type":"article","og_title":"G\u00f6n\u00fcll\u00fc Karbon Piyasas\u0131 Kapsam\u0131nda Proje Kredilendirmeler - Anka Dan\u0131\u015fmanl\u0131k","og_description":"G\u00f6n\u00fcll\u00fc Karbon Piyasas\u0131 Kapsam\u0131nda Proje Kredilendirmeleri (GCC) ANKA Dan\u0131\u015fmanl\u0131k olarak, \u015firketlerin karbon azalt\u0131m \u00e7abalar\u0131n\u0131 desteklemek amac\u0131yla G\u00f6n\u00fcll\u00fc Karbon Piyasas\u0131 kapsam\u0131nda Global Carbon Council (GCC) metodolojisine uygun sertifikaland\u0131rmalar ger\u00e7ekle\u015ftiriyoruz. GCC metodolojisine uygun olarak haz\u0131rlanan proje dok\u00fcmanlar\u0131, \u015firketlerin karbon azalt\u0131m projelerinden maksimum fayday\u0131 elde etmelerini ve k\u00fcresel karbon azalt\u0131m hedeflerine anlaml\u0131 bir katk\u0131da bulunmalar\u0131n\u0131 sa\u011flamay\u0131 ama\u00e7lar. Bu s\u00fcre\u00e7, \u015firketlerin karbon azalt\u0131m projelerini de\u011ferlendirerek GCC standartlar\u0131na uygunluklar\u0131n\u0131 belirlemeyi ve gerekli sertifikaland\u0131rma s\u00fcrecini y\u00f6netmeyi[&hellip;]","og_url":"http:\/\/ankadanismanlikltd.com\/en\/gonullu-karbon-piyasasi-kapsaminda-proje-kredilendirmeler\/","og_site_name":"Anka Dan\u0131\u015fmanl\u0131k","article_publisher":"https:\/\/www.facebook.com\/ankadanismanlik","article_modified_time":"2024-10-20T11:28:30+00:00","twitter_card":"summary_large_image","twitter_site":"@ankaconsultancy","twitter_misc":{"Est. reading time":"1 minute"},"schema":{"@context":"https:\/\/schema.org","@graph":[{"@type":"WebPage","@id":"http:\/\/ankadanismanlikltd.com\/en\/gonullu-karbon-piyasasi-kapsaminda-proje-kredilendirmeler\/","url":"http:\/\/ankadanismanlikltd.com\/en\/gonullu-karbon-piyasasi-kapsaminda-proje-kredilendirmeler\/","name":"G\u00f6n\u00fcll\u00fc Karbon Piyasas\u0131 Kapsam\u0131nda Proje Kredilendirmeler - Anka Dan\u0131\u015fmanl\u0131k","isPartOf":{"@id":"http:\/\/ankadanismanlikltd.com\/en\/#website"},"datePublished":"2024-10-16T11:59:28+00:00","dateModified":"2024-10-20T11:28:30+00:00","breadcrumb":{"@id":"http:\/\/ankadanismanlikltd.com\/en\/gonullu-karbon-piyasasi-kapsaminda-proje-kredilendirmeler\/#breadcrumb"},"inLanguage":"en-US","potentialAction":[{"@type":"ReadAction","target":["http:\/\/ankadanismanlikltd.com\/en\/gonullu-karbon-piyasasi-kapsaminda-proje-kredilendirmeler\/"]}]},{"@type":"BreadcrumbList","@id":"http:\/\/ankadanismanlikltd.com\/en\/gonullu-karbon-piyasasi-kapsaminda-proje-kredilendirmeler\/#breadcrumb","itemListElement":[{"@type":"ListItem","position":1,"name":"Anasayfa","item":"http:\/\/ankadanismanlikltd.com\/en\/"},{"@type":"ListItem","position":2,"name":"G\u00f6n\u00fcll\u00fc Karbon Piyasas\u0131 Kapsam\u0131nda Proje Kredilendirmeler"}]},{"@type":"WebSite","@id":"http:\/\/ankadanismanlikltd.com\/en\/#website","url":"http:\/\/ankadanismanlikltd.com\/en\/","name":"Anka Dan\u0131\u015fmanl\u0131k","description":"","publisher":{"@id":"http:\/\/ankadanismanlikltd.com\/en\/#organization"},"potentialAction":[{"@type":"SearchAction","target":{"@type":"EntryPoint","urlTemplate":"http:\/\/ankadanismanlikltd.com\/en\/?s={search_term_string}"},"query-input":{"@type":"PropertyValueSpecification","valueRequired":true,"valueName":"search_term_string"}}],"inLanguage":"en-US"},{"@type":"Organization","@id":"http:\/\/ankadanismanlikltd.com\/en\/#organization","name":"ANKA Dan\u0131\u015fmanl\u0131k","url":"http:\/\/ankadanismanlikltd.com\/en\/","logo":{"@type":"ImageObject","inLanguage":"en-US","@id":"http:\/\/ankadanismanlikltd.com\/en\/#\/schema\/logo\/image\/","url":"https:\/\/ankadanismanlikltd.com\/wp-content\/uploads\/2025\/03\/yeni-logo.jpg","contentUrl":"https:\/\/ankadanismanlikltd.com\/wp-content\/uploads\/2025\/03\/yeni-logo.jpg","width":623,"height":630,"caption":"ANKA Dan\u0131\u015fmanl\u0131k"},"image":{"@id":"http:\/\/ankadanismanlikltd.com\/en\/#\/schema\/logo\/image\/"},"sameAs":["https:\/\/www.facebook.com\/ankadanismanlik","https:\/\/x.com\/ankaconsultancy","https:\/\/www.linkedin.com\/company\/ankadanismanlik","https:\/\/www.youtube.com\/@ANKADanmanlk.official","https:\/\/www.instagram.com\/ankadanismanlik.tr?igsh=MXZ6OXMyd3k2MW5zbA&utm_source=qr"]}]}},"_links":{"self":[{"href":"http:\/\/ankadanismanlikltd.com\/en\/wp-json\/wp\/v2\/pages\/815","targetHints":{"allow":["GET"]}}],"collection":[{"href":"http:\/\/ankadanismanlikltd.com\/en\/wp-json\/wp\/v2\/pages"}],"about":[{"href":"http:\/\/ankadanismanlikltd.com\/en\/wp-json\/wp\/v2\/types\/page"}],"author":[{"embeddable":true,"href":"http:\/\/ankadanismanlikltd.com\/en\/wp-json\/wp\/v2\/users\/1"}],"replies":[{"embeddable":true,"href":"http:\/\/ankadanismanlikltd.com\/en\/wp-json\/wp\/v2\/comments?post=815"}],"version-history":[{"count":3,"href":"http:\/\/ankadanismanlikltd.com\/en\/wp-json\/wp\/v2\/pages\/815\/revisions"}],"predecessor-version":[{"id":978,"href":"http:\/\/ankadanismanlikltd.com\/en\/wp-json\/wp\/v2\/pages\/815\/revisions\/978"}],"wp:attachment":[{"href":"http:\/\/ankadanismanlikltd.com\/en\/wp-json\/wp\/v2\/media?parent=815"}],"curies":[{"name":"wp","href":"https:\/\/api.w.org\/{rel}","templated":true}]}}