{"id":817,"date":"2024-10-16T11:58:52","date_gmt":"2024-10-16T11:58:52","guid":{"rendered":"https:\/\/ankadanismanlikltd.com\/?page_id=817"},"modified":"2024-10-18T11:13:32","modified_gmt":"2024-10-18T11:13:32","slug":"kurumsal-yasam-dongusu-degerlendirmesi-o-lca","status":"publish","type":"page","link":"http:\/\/ankadanismanlikltd.com\/en\/kurumsal-yasam-dongusu-degerlendirmesi-o-lca\/","title":{"rendered":"Enterprise Life Cycle Assessment (O-LCA)"},"content":{"rendered":"<p><strong>Organizational Life Cycle Assessment (O-LCA)<\/strong><\/p>\n\n\n\n<p><strong>Organizational Life Cycle Assessment (O-LCA)<\/strong>is a method that systematically evaluates the environmental impacts of an organization. This method was developed to analyze and reduce the environmental impacts of organizations' activities.<\/p>\n\n\n\n<p>O-LCA considers the entire life cycle of an organization\u2019s activities. This process includes the stages from the production of products or services to their delivery to the final consumer:<\/p>\n\n\n\n<ul class=\"wp-block-list\">\n<li><strong>Obtaining Materials<\/strong>: Procurement of raw materials from natural resources.<\/li>\n\n\n\n<li><strong>Production<\/strong>: Production processes of products or services.<\/li>\n\n\n\n<li><strong>Packaging<\/strong>: Packaging stages of products before they are introduced to the market.<\/li>\n\n\n\n<li><strong>Distribution<\/strong>: Delivery of products to consumers.<\/li>\n\n\n\n<li><strong>Use<\/strong>: Use of products or services by consumers.<\/li>\n\n\n\n<li><strong>Waste Management<\/strong>: Management of waste after end of life of products.<\/li>\n<\/ul>\n\n\n\n<p>O-LCA evaluates the environmental impacts of organizations by taking into account important indicators such as the use of environmental resources, greenhouse gas emissions, toxic waste, water and energy consumption.<\/p>\n\n\n\n<p>This assessment process uses a variety of metrics to determine an organization's environmental performance:<\/p>\n\n\n\n<ul class=\"wp-block-list\">\n<li><strong>Carbon Footprint<\/strong>: Total greenhouse gas emissions.<\/li>\n\n\n\n<li><strong>Water Footprint<\/strong>: Amount of water consumed.<\/li>\n\n\n\n<li><strong>Energy Efficiency<\/strong>: Efficiency of energy consumption.<\/li>\n\n\n\n<li><strong>Material Efficiency<\/strong>: Efficiency of materials used.<\/li>\n<\/ul>\n\n\n\n<p>O-LCA is applied together with strategies such as energy efficiency, waste management, renewable energy use and material conservation to reduce environmental impacts. In this way, organizations can achieve their sustainability goals and take important steps towards minimizing their environmental impacts.<\/p>","protected":false},"excerpt":{"rendered":"<p>Organizasyonel Ya\u015fam D\u00f6ng\u00fcs\u00fc De\u011ferlendirmesi (O-LCA) Organizasyonel Ya\u015fam D\u00f6ng\u00fcs\u00fc De\u011ferlendirmesi (O-LCA), bir organizasyonun \u00e7evresel etkilerini sistematik bir \u015fekilde de\u011ferlendiren bir y\u00f6ntemdir. Bu y\u00f6ntem, organizasyonlar\u0131n faaliyetlerinin \u00e7evresel etkilerini analiz etmek ve azaltmak amac\u0131yla geli\u015ftirilmi\u015ftir. O-LCA, bir organizasyonun faaliyetlerinin t\u00fcm ya\u015fam d\u00f6ng\u00fcs\u00fcn\u00fc dikkate al\u0131r. Bu s\u00fcre\u00e7, \u00fcr\u00fcnlerin veya hizmetlerin \u00fcretiminden ba\u015flayarak, nihai t\u00fcketiciye ula\u015fmas\u0131na kadar olan a\u015famalar\u0131 i\u00e7erir: O-LCA, \u00e7evresel kaynaklar\u0131n kullan\u0131m\u0131, sera gaz\u0131 emisyonlar\u0131, toksik at\u0131klar, su ve enerji t\u00fcketimi gibi \u00f6nemli[&hellip;]<\/p>","protected":false},"author":1,"featured_media":0,"parent":0,"menu_order":0,"comment_status":"closed","ping_status":"closed","template":"","meta":{"_acf_changed":false,"footnotes":""},"class_list":["post-817","page","type-page","status-publish","hentry"],"acf":[],"yoast_head":"<!-- This site is optimized with the Yoast SEO plugin v25.9 - https:\/\/yoast.com\/wordpress\/plugins\/seo\/ -->\n<title>Kurumsal Ya\u015fam D\u00f6ng\u00fcs\u00fc De\u011ferlendirmesi (O-LCA) - Anka Dan\u0131\u015fmanl\u0131k<\/title>\n<meta name=\"robots\" content=\"index, follow, max-snippet:-1, max-image-preview:large, max-video-preview:-1\" \/>\n<link rel=\"canonical\" href=\"https:\/\/ankadanismanlikltd.com\/en\/kurumsal-yasam-dongusu-degerlendirmesi-o-lca\/\" \/>\n<meta property=\"og:locale\" content=\"en_US\" \/>\n<meta property=\"og:type\" content=\"article\" \/>\n<meta property=\"og:title\" content=\"Kurumsal Ya\u015fam D\u00f6ng\u00fcs\u00fc De\u011ferlendirmesi (O-LCA) - Anka Dan\u0131\u015fmanl\u0131k\" \/>\n<meta property=\"og:description\" content=\"Organizasyonel Ya\u015fam D\u00f6ng\u00fcs\u00fc De\u011ferlendirmesi (O-LCA) Organizasyonel Ya\u015fam D\u00f6ng\u00fcs\u00fc De\u011ferlendirmesi (O-LCA), bir organizasyonun \u00e7evresel etkilerini sistematik bir \u015fekilde de\u011ferlendiren bir y\u00f6ntemdir. Bu y\u00f6ntem, organizasyonlar\u0131n faaliyetlerinin \u00e7evresel etkilerini analiz etmek ve azaltmak amac\u0131yla geli\u015ftirilmi\u015ftir. O-LCA, bir organizasyonun faaliyetlerinin t\u00fcm ya\u015fam d\u00f6ng\u00fcs\u00fcn\u00fc dikkate al\u0131r. Bu s\u00fcre\u00e7, \u00fcr\u00fcnlerin veya hizmetlerin \u00fcretiminden ba\u015flayarak, nihai t\u00fcketiciye ula\u015fmas\u0131na kadar olan a\u015famalar\u0131 i\u00e7erir: O-LCA, \u00e7evresel kaynaklar\u0131n kullan\u0131m\u0131, sera gaz\u0131 emisyonlar\u0131, toksik at\u0131klar, su ve enerji t\u00fcketimi gibi \u00f6nemli[&hellip;]\" \/>\n<meta property=\"og:url\" content=\"https:\/\/ankadanismanlikltd.com\/en\/kurumsal-yasam-dongusu-degerlendirmesi-o-lca\/\" \/>\n<meta property=\"og:site_name\" content=\"Anka Dan\u0131\u015fmanl\u0131k\" \/>\n<meta property=\"article:publisher\" content=\"https:\/\/www.facebook.com\/ankadanismanlik\" \/>\n<meta property=\"article:modified_time\" content=\"2024-10-18T11:13:32+00:00\" \/>\n<meta name=\"twitter:card\" content=\"summary_large_image\" \/>\n<meta name=\"twitter:site\" content=\"@ankaconsultancy\" \/>\n<meta name=\"twitter:label1\" content=\"Est. reading time\" \/>\n\t<meta name=\"twitter:data1\" content=\"1 minute\" \/>\n<script type=\"application\/ld+json\" class=\"yoast-schema-graph\">{\"@context\":\"https:\/\/schema.org\",\"@graph\":[{\"@type\":\"WebPage\",\"@id\":\"https:\/\/ankadanismanlikltd.com\/en\/kurumsal-yasam-dongusu-degerlendirmesi-o-lca\/\",\"url\":\"https:\/\/ankadanismanlikltd.com\/en\/kurumsal-yasam-dongusu-degerlendirmesi-o-lca\/\",\"name\":\"Kurumsal Ya\u015fam D\u00f6ng\u00fcs\u00fc De\u011ferlendirmesi (O-LCA) - Anka Dan\u0131\u015fmanl\u0131k\",\"isPartOf\":{\"@id\":\"https:\/\/ankadanismanlikltd.com\/en\/#website\"},\"datePublished\":\"2024-10-16T11:58:52+00:00\",\"dateModified\":\"2024-10-18T11:13:32+00:00\",\"breadcrumb\":{\"@id\":\"https:\/\/ankadanismanlikltd.com\/en\/kurumsal-yasam-dongusu-degerlendirmesi-o-lca\/#breadcrumb\"},\"inLanguage\":\"en-US\",\"potentialAction\":[{\"@type\":\"ReadAction\",\"target\":[\"https:\/\/ankadanismanlikltd.com\/en\/kurumsal-yasam-dongusu-degerlendirmesi-o-lca\/\"]}]},{\"@type\":\"BreadcrumbList\",\"@id\":\"https:\/\/ankadanismanlikltd.com\/en\/kurumsal-yasam-dongusu-degerlendirmesi-o-lca\/#breadcrumb\",\"itemListElement\":[{\"@type\":\"ListItem\",\"position\":1,\"name\":\"Anasayfa\",\"item\":\"https:\/\/ankadanismanlikltd.com\/en\/\"},{\"@type\":\"ListItem\",\"position\":2,\"name\":\"Kurumsal Ya\u015fam D\u00f6ng\u00fcs\u00fc De\u011ferlendirmesi (O-LCA)\"}]},{\"@type\":\"WebSite\",\"@id\":\"https:\/\/ankadanismanlikltd.com\/en\/#website\",\"url\":\"https:\/\/ankadanismanlikltd.com\/en\/\",\"name\":\"Anka Dan\u0131\u015fmanl\u0131k\",\"description\":\"\",\"publisher\":{\"@id\":\"https:\/\/ankadanismanlikltd.com\/en\/#organization\"},\"potentialAction\":[{\"@type\":\"SearchAction\",\"target\":{\"@type\":\"EntryPoint\",\"urlTemplate\":\"https:\/\/ankadanismanlikltd.com\/en\/?s={search_term_string}\"},\"query-input\":{\"@type\":\"PropertyValueSpecification\",\"valueRequired\":true,\"valueName\":\"search_term_string\"}}],\"inLanguage\":\"en-US\"},{\"@type\":\"Organization\",\"@id\":\"https:\/\/ankadanismanlikltd.com\/en\/#organization\",\"name\":\"ANKA Dan\u0131\u015fmanl\u0131k\",\"url\":\"https:\/\/ankadanismanlikltd.com\/en\/\",\"logo\":{\"@type\":\"ImageObject\",\"inLanguage\":\"en-US\",\"@id\":\"https:\/\/ankadanismanlikltd.com\/en\/#\/schema\/logo\/image\/\",\"url\":\"https:\/\/ankadanismanlikltd.com\/wp-content\/uploads\/2025\/03\/yeni-logo.jpg\",\"contentUrl\":\"https:\/\/ankadanismanlikltd.com\/wp-content\/uploads\/2025\/03\/yeni-logo.jpg\",\"width\":623,\"height\":630,\"caption\":\"ANKA Dan\u0131\u015fmanl\u0131k\"},\"image\":{\"@id\":\"https:\/\/ankadanismanlikltd.com\/en\/#\/schema\/logo\/image\/\"},\"sameAs\":[\"https:\/\/www.facebook.com\/ankadanismanlik\",\"https:\/\/x.com\/ankaconsultancy\",\"https:\/\/www.linkedin.com\/company\/ankadanismanlik\",\"https:\/\/www.youtube.com\/@ANKADanmanlk.official\",\"https:\/\/www.instagram.com\/ankadanismanlik.tr?igsh=MXZ6OXMyd3k2MW5zbA&utm_source=qr\"]}]}<\/script>\n<!-- \/ Yoast SEO plugin. -->","yoast_head_json":{"title":"Kurumsal Ya\u015fam D\u00f6ng\u00fcs\u00fc De\u011ferlendirmesi (O-LCA) - Anka Dan\u0131\u015fmanl\u0131k","robots":{"index":"index","follow":"follow","max-snippet":"max-snippet:-1","max-image-preview":"max-image-preview:large","max-video-preview":"max-video-preview:-1"},"canonical":"https:\/\/ankadanismanlikltd.com\/en\/kurumsal-yasam-dongusu-degerlendirmesi-o-lca\/","og_locale":"en_US","og_type":"article","og_title":"Kurumsal Ya\u015fam D\u00f6ng\u00fcs\u00fc De\u011ferlendirmesi (O-LCA) - Anka Dan\u0131\u015fmanl\u0131k","og_description":"Organizasyonel Ya\u015fam D\u00f6ng\u00fcs\u00fc De\u011ferlendirmesi (O-LCA) Organizasyonel Ya\u015fam D\u00f6ng\u00fcs\u00fc De\u011ferlendirmesi (O-LCA), bir organizasyonun \u00e7evresel etkilerini sistematik bir \u015fekilde de\u011ferlendiren bir y\u00f6ntemdir. Bu y\u00f6ntem, organizasyonlar\u0131n faaliyetlerinin \u00e7evresel etkilerini analiz etmek ve azaltmak amac\u0131yla geli\u015ftirilmi\u015ftir. O-LCA, bir organizasyonun faaliyetlerinin t\u00fcm ya\u015fam d\u00f6ng\u00fcs\u00fcn\u00fc dikkate al\u0131r. Bu s\u00fcre\u00e7, \u00fcr\u00fcnlerin veya hizmetlerin \u00fcretiminden ba\u015flayarak, nihai t\u00fcketiciye ula\u015fmas\u0131na kadar olan a\u015famalar\u0131 i\u00e7erir: O-LCA, \u00e7evresel kaynaklar\u0131n kullan\u0131m\u0131, sera gaz\u0131 emisyonlar\u0131, toksik at\u0131klar, su ve enerji t\u00fcketimi gibi \u00f6nemli[&hellip;]","og_url":"https:\/\/ankadanismanlikltd.com\/en\/kurumsal-yasam-dongusu-degerlendirmesi-o-lca\/","og_site_name":"Anka Dan\u0131\u015fmanl\u0131k","article_publisher":"https:\/\/www.facebook.com\/ankadanismanlik","article_modified_time":"2024-10-18T11:13:32+00:00","twitter_card":"summary_large_image","twitter_site":"@ankaconsultancy","twitter_misc":{"Est. reading time":"1 minute"},"schema":{"@context":"https:\/\/schema.org","@graph":[{"@type":"WebPage","@id":"https:\/\/ankadanismanlikltd.com\/en\/kurumsal-yasam-dongusu-degerlendirmesi-o-lca\/","url":"https:\/\/ankadanismanlikltd.com\/en\/kurumsal-yasam-dongusu-degerlendirmesi-o-lca\/","name":"Kurumsal Ya\u015fam D\u00f6ng\u00fcs\u00fc De\u011ferlendirmesi (O-LCA) - Anka Dan\u0131\u015fmanl\u0131k","isPartOf":{"@id":"https:\/\/ankadanismanlikltd.com\/en\/#website"},"datePublished":"2024-10-16T11:58:52+00:00","dateModified":"2024-10-18T11:13:32+00:00","breadcrumb":{"@id":"https:\/\/ankadanismanlikltd.com\/en\/kurumsal-yasam-dongusu-degerlendirmesi-o-lca\/#breadcrumb"},"inLanguage":"en-US","potentialAction":[{"@type":"ReadAction","target":["https:\/\/ankadanismanlikltd.com\/en\/kurumsal-yasam-dongusu-degerlendirmesi-o-lca\/"]}]},{"@type":"BreadcrumbList","@id":"https:\/\/ankadanismanlikltd.com\/en\/kurumsal-yasam-dongusu-degerlendirmesi-o-lca\/#breadcrumb","itemListElement":[{"@type":"ListItem","position":1,"name":"Anasayfa","item":"https:\/\/ankadanismanlikltd.com\/en\/"},{"@type":"ListItem","position":2,"name":"Kurumsal Ya\u015fam D\u00f6ng\u00fcs\u00fc De\u011ferlendirmesi (O-LCA)"}]},{"@type":"WebSite","@id":"https:\/\/ankadanismanlikltd.com\/en\/#website","url":"https:\/\/ankadanismanlikltd.com\/en\/","name":"Anka Dan\u0131\u015fmanl\u0131k","description":"","publisher":{"@id":"https:\/\/ankadanismanlikltd.com\/en\/#organization"},"potentialAction":[{"@type":"SearchAction","target":{"@type":"EntryPoint","urlTemplate":"https:\/\/ankadanismanlikltd.com\/en\/?s={search_term_string}"},"query-input":{"@type":"PropertyValueSpecification","valueRequired":true,"valueName":"search_term_string"}}],"inLanguage":"en-US"},{"@type":"Organization","@id":"https:\/\/ankadanismanlikltd.com\/en\/#organization","name":"ANKA Dan\u0131\u015fmanl\u0131k","url":"https:\/\/ankadanismanlikltd.com\/en\/","logo":{"@type":"ImageObject","inLanguage":"en-US","@id":"https:\/\/ankadanismanlikltd.com\/en\/#\/schema\/logo\/image\/","url":"https:\/\/ankadanismanlikltd.com\/wp-content\/uploads\/2025\/03\/yeni-logo.jpg","contentUrl":"https:\/\/ankadanismanlikltd.com\/wp-content\/uploads\/2025\/03\/yeni-logo.jpg","width":623,"height":630,"caption":"ANKA Dan\u0131\u015fmanl\u0131k"},"image":{"@id":"https:\/\/ankadanismanlikltd.com\/en\/#\/schema\/logo\/image\/"},"sameAs":["https:\/\/www.facebook.com\/ankadanismanlik","https:\/\/x.com\/ankaconsultancy","https:\/\/www.linkedin.com\/company\/ankadanismanlik","https:\/\/www.youtube.com\/@ANKADanmanlk.official","https:\/\/www.instagram.com\/ankadanismanlik.tr?igsh=MXZ6OXMyd3k2MW5zbA&utm_source=qr"]}]}},"_links":{"self":[{"href":"http:\/\/ankadanismanlikltd.com\/en\/wp-json\/wp\/v2\/pages\/817","targetHints":{"allow":["GET"]}}],"collection":[{"href":"http:\/\/ankadanismanlikltd.com\/en\/wp-json\/wp\/v2\/pages"}],"about":[{"href":"http:\/\/ankadanismanlikltd.com\/en\/wp-json\/wp\/v2\/types\/page"}],"author":[{"embeddable":true,"href":"http:\/\/ankadanismanlikltd.com\/en\/wp-json\/wp\/v2\/users\/1"}],"replies":[{"embeddable":true,"href":"http:\/\/ankadanismanlikltd.com\/en\/wp-json\/wp\/v2\/comments?post=817"}],"version-history":[{"count":2,"href":"http:\/\/ankadanismanlikltd.com\/en\/wp-json\/wp\/v2\/pages\/817\/revisions"}],"predecessor-version":[{"id":919,"href":"http:\/\/ankadanismanlikltd.com\/en\/wp-json\/wp\/v2\/pages\/817\/revisions\/919"}],"wp:attachment":[{"href":"http:\/\/ankadanismanlikltd.com\/en\/wp-json\/wp\/v2\/media?parent=817"}],"curies":[{"name":"wp","href":"https:\/\/api.w.org\/{rel}","templated":true}]}}