{"id":819,"date":"2024-10-16T11:59:05","date_gmt":"2024-10-16T11:59:05","guid":{"rendered":"https:\/\/ankadanismanlikltd.com\/?page_id=819"},"modified":"2024-10-18T11:14:58","modified_gmt":"2024-10-18T11:14:58","slug":"yenilenebilir-enerji-yatirim-danismanligi","status":"publish","type":"page","link":"http:\/\/ankadanismanlikltd.com\/en\/yenilenebilir-enerji-yatirim-danismanligi\/","title":{"rendered":"Renewable Energy Investment Consultancy"},"content":{"rendered":"<p><strong>Renewable energy investment consultancy<\/strong>is a service that helps individuals and businesses optimize their investment processes in renewable energy projects. This consultancy is provided with the aim of increasing energy efficiency, reducing environmental impacts and facilitating the transition to sustainable energy sources.<\/p>\n\n\n\n<p><strong>Our Consulting Process<\/strong><\/p>\n\n\n\n<p>Our renewable energy investment consultancy process includes the following steps:<\/p>\n\n\n\n<ol start=\"1\" class=\"wp-block-list\">\n<li><strong>Needs Analysis<\/strong>: In the first step, our client\u2019s energy needs and goals are assessed. This involves analysing current energy consumption and determining future energy requirements.<\/li>\n\n\n\n<li><strong>Project Evaluation<\/strong>: Renewable energy projects that are in line with the client's goals are determined. Different renewable resources such as solar energy, wind energy, bioenergy are examined and detailed information about potential projects is provided.<\/li>\n\n\n\n<li><strong>Financial Analysis<\/strong>: The financial feasibility of the projects is evaluated. A comprehensive report is prepared by taking into account factors such as the return on investment, cost analysis and potential earnings.<\/li>\n\n\n\n<li><strong>Project Implementation Plan<\/strong>: An implementation plan is created for the implementation of the selected projects. This plan includes the stages of the project process, necessary permits and documents.<\/li>\n\n\n\n<li><strong>Sustainability and Monitoring<\/strong>: After the project is completed, continuous monitoring and evaluation is carried out to ensure energy efficiency and sustainability. At this stage, performance analyses and improvements are recommended when necessary.<\/li>\n<\/ol>\n\n\n\n<p><strong>Why Renewable Energy Investment Consulting?<\/strong><\/p>\n\n\n\n<ul class=\"wp-block-list\">\n<li><strong>Expertise<\/strong>Our team of experts in the field of renewable energy has in-depth knowledge of the latest technologies and market trends.<\/li>\n\n\n\n<li><strong>Sustainability<\/strong>: Renewable energy investments contribute to a more sustainable future by reducing environmental impacts.<\/li>\n\n\n\n<li><strong>Cost Savings<\/strong>: Appropriate projects are developed to reduce energy costs and increase energy efficiency.<\/li>\n\n\n\n<li><strong>Legal Support<\/strong>: Helping investors gain advantage by providing information about legal requirements and incentives related to renewable energy projects.<\/li>\n<\/ul>\n\n\n\n<p>Shape the energy of the future and take steps towards a sustainable world with our renewable energy investment consultancy. Contact us to develop solutions specific to your needs!<\/p>","protected":false},"excerpt":{"rendered":"<p>Yenilenebilir enerji yat\u0131r\u0131m dan\u0131\u015fmanl\u0131\u011f\u0131, bireylerin ve i\u015fletmelerin yenilenebilir enerji projelerine yat\u0131r\u0131m yapma s\u00fcre\u00e7lerini optimize etmelerine yard\u0131mc\u0131 olan bir hizmettir. Bu dan\u0131\u015fmanl\u0131k, enerji verimlili\u011fini art\u0131rmak, \u00e7evresel etkileri azaltmak ve s\u00fcrd\u00fcr\u00fclebilir enerji kaynaklar\u0131na ge\u00e7i\u015fi kolayla\u015ft\u0131rmak amac\u0131yla sunulmaktad\u0131r. Dan\u0131\u015fmanl\u0131k S\u00fcrecimiz Yenilenebilir enerji yat\u0131r\u0131m dan\u0131\u015fmanl\u0131\u011f\u0131 s\u00fcrecimiz, a\u015fa\u011f\u0131daki ad\u0131mlar\u0131 i\u00e7erir: Neden Yenilenebilir Enerji Yat\u0131r\u0131m Dan\u0131\u015fmanl\u0131\u011f\u0131? Yenilenebilir enerji yat\u0131r\u0131m dan\u0131\u015fmanl\u0131\u011f\u0131m\u0131zla, gelece\u011fin enerjisini \u015fekillendirin ve s\u00fcrd\u00fcr\u00fclebilir bir d\u00fcnya i\u00e7in ad\u0131m at\u0131n. \u0130htiya\u00e7lar\u0131n\u0131za \u00f6zel \u00e7\u00f6z\u00fcmler geli\u015ftirmek i\u00e7in bizimle[&hellip;]<\/p>","protected":false},"author":1,"featured_media":0,"parent":0,"menu_order":0,"comment_status":"closed","ping_status":"closed","template":"","meta":{"_acf_changed":false,"footnotes":""},"class_list":["post-819","page","type-page","status-publish","hentry"],"acf":[],"yoast_head":"<!-- This site is optimized with the Yoast SEO plugin v25.9 - https:\/\/yoast.com\/wordpress\/plugins\/seo\/ -->\n<title>Yenilenebilir Enerji Yat\u0131r\u0131m Dan\u0131\u015fmanl\u0131\u011f\u0131 - Anka Dan\u0131\u015fmanl\u0131k<\/title>\n<meta name=\"robots\" content=\"index, follow, max-snippet:-1, max-image-preview:large, max-video-preview:-1\" \/>\n<link rel=\"canonical\" href=\"https:\/\/ankadanismanlikltd.com\/en\/yenilenebilir-enerji-yatirim-danismanligi\/\" \/>\n<meta property=\"og:locale\" content=\"en_US\" \/>\n<meta property=\"og:type\" content=\"article\" \/>\n<meta property=\"og:title\" content=\"Yenilenebilir Enerji Yat\u0131r\u0131m Dan\u0131\u015fmanl\u0131\u011f\u0131 - Anka Dan\u0131\u015fmanl\u0131k\" \/>\n<meta property=\"og:description\" content=\"Yenilenebilir enerji yat\u0131r\u0131m dan\u0131\u015fmanl\u0131\u011f\u0131, bireylerin ve i\u015fletmelerin yenilenebilir enerji projelerine yat\u0131r\u0131m yapma s\u00fcre\u00e7lerini optimize etmelerine yard\u0131mc\u0131 olan bir hizmettir. Bu dan\u0131\u015fmanl\u0131k, enerji verimlili\u011fini art\u0131rmak, \u00e7evresel etkileri azaltmak ve s\u00fcrd\u00fcr\u00fclebilir enerji kaynaklar\u0131na ge\u00e7i\u015fi kolayla\u015ft\u0131rmak amac\u0131yla sunulmaktad\u0131r. Dan\u0131\u015fmanl\u0131k S\u00fcrecimiz Yenilenebilir enerji yat\u0131r\u0131m dan\u0131\u015fmanl\u0131\u011f\u0131 s\u00fcrecimiz, a\u015fa\u011f\u0131daki ad\u0131mlar\u0131 i\u00e7erir: Neden Yenilenebilir Enerji Yat\u0131r\u0131m Dan\u0131\u015fmanl\u0131\u011f\u0131? Yenilenebilir enerji yat\u0131r\u0131m dan\u0131\u015fmanl\u0131\u011f\u0131m\u0131zla, gelece\u011fin enerjisini \u015fekillendirin ve s\u00fcrd\u00fcr\u00fclebilir bir d\u00fcnya i\u00e7in ad\u0131m at\u0131n. \u0130htiya\u00e7lar\u0131n\u0131za \u00f6zel \u00e7\u00f6z\u00fcmler geli\u015ftirmek i\u00e7in bizimle[&hellip;]\" \/>\n<meta property=\"og:url\" content=\"https:\/\/ankadanismanlikltd.com\/en\/yenilenebilir-enerji-yatirim-danismanligi\/\" \/>\n<meta property=\"og:site_name\" content=\"Anka Dan\u0131\u015fmanl\u0131k\" \/>\n<meta property=\"article:publisher\" content=\"https:\/\/www.facebook.com\/ankadanismanlik\" \/>\n<meta property=\"article:modified_time\" content=\"2024-10-18T11:14:58+00:00\" \/>\n<meta name=\"twitter:card\" content=\"summary_large_image\" \/>\n<meta name=\"twitter:site\" content=\"@ankaconsultancy\" \/>\n<meta name=\"twitter:label1\" content=\"Est. reading time\" \/>\n\t<meta name=\"twitter:data1\" content=\"2 minutes\" \/>\n<script type=\"application\/ld+json\" class=\"yoast-schema-graph\">{\"@context\":\"https:\/\/schema.org\",\"@graph\":[{\"@type\":\"WebPage\",\"@id\":\"https:\/\/ankadanismanlikltd.com\/en\/yenilenebilir-enerji-yatirim-danismanligi\/\",\"url\":\"https:\/\/ankadanismanlikltd.com\/en\/yenilenebilir-enerji-yatirim-danismanligi\/\",\"name\":\"Yenilenebilir Enerji Yat\u0131r\u0131m Dan\u0131\u015fmanl\u0131\u011f\u0131 - Anka Dan\u0131\u015fmanl\u0131k\",\"isPartOf\":{\"@id\":\"https:\/\/ankadanismanlikltd.com\/en\/#website\"},\"datePublished\":\"2024-10-16T11:59:05+00:00\",\"dateModified\":\"2024-10-18T11:14:58+00:00\",\"breadcrumb\":{\"@id\":\"https:\/\/ankadanismanlikltd.com\/en\/yenilenebilir-enerji-yatirim-danismanligi\/#breadcrumb\"},\"inLanguage\":\"en-US\",\"potentialAction\":[{\"@type\":\"ReadAction\",\"target\":[\"https:\/\/ankadanismanlikltd.com\/en\/yenilenebilir-enerji-yatirim-danismanligi\/\"]}]},{\"@type\":\"BreadcrumbList\",\"@id\":\"https:\/\/ankadanismanlikltd.com\/en\/yenilenebilir-enerji-yatirim-danismanligi\/#breadcrumb\",\"itemListElement\":[{\"@type\":\"ListItem\",\"position\":1,\"name\":\"Anasayfa\",\"item\":\"https:\/\/ankadanismanlikltd.com\/en\/\"},{\"@type\":\"ListItem\",\"position\":2,\"name\":\"Yenilenebilir Enerji Yat\u0131r\u0131m Dan\u0131\u015fmanl\u0131\u011f\u0131\"}]},{\"@type\":\"WebSite\",\"@id\":\"https:\/\/ankadanismanlikltd.com\/en\/#website\",\"url\":\"https:\/\/ankadanismanlikltd.com\/en\/\",\"name\":\"Anka Dan\u0131\u015fmanl\u0131k\",\"description\":\"\",\"publisher\":{\"@id\":\"https:\/\/ankadanismanlikltd.com\/en\/#organization\"},\"potentialAction\":[{\"@type\":\"SearchAction\",\"target\":{\"@type\":\"EntryPoint\",\"urlTemplate\":\"https:\/\/ankadanismanlikltd.com\/en\/?s={search_term_string}\"},\"query-input\":{\"@type\":\"PropertyValueSpecification\",\"valueRequired\":true,\"valueName\":\"search_term_string\"}}],\"inLanguage\":\"en-US\"},{\"@type\":\"Organization\",\"@id\":\"https:\/\/ankadanismanlikltd.com\/en\/#organization\",\"name\":\"ANKA Dan\u0131\u015fmanl\u0131k\",\"url\":\"https:\/\/ankadanismanlikltd.com\/en\/\",\"logo\":{\"@type\":\"ImageObject\",\"inLanguage\":\"en-US\",\"@id\":\"https:\/\/ankadanismanlikltd.com\/en\/#\/schema\/logo\/image\/\",\"url\":\"https:\/\/ankadanismanlikltd.com\/wp-content\/uploads\/2025\/03\/yeni-logo.jpg\",\"contentUrl\":\"https:\/\/ankadanismanlikltd.com\/wp-content\/uploads\/2025\/03\/yeni-logo.jpg\",\"width\":623,\"height\":630,\"caption\":\"ANKA Dan\u0131\u015fmanl\u0131k\"},\"image\":{\"@id\":\"https:\/\/ankadanismanlikltd.com\/en\/#\/schema\/logo\/image\/\"},\"sameAs\":[\"https:\/\/www.facebook.com\/ankadanismanlik\",\"https:\/\/x.com\/ankaconsultancy\",\"https:\/\/www.linkedin.com\/company\/ankadanismanlik\",\"https:\/\/www.youtube.com\/@ANKADanmanlk.official\",\"https:\/\/www.instagram.com\/ankadanismanlik.tr?igsh=MXZ6OXMyd3k2MW5zbA&utm_source=qr\"]}]}<\/script>\n<!-- \/ Yoast SEO plugin. -->","yoast_head_json":{"title":"Yenilenebilir Enerji Yat\u0131r\u0131m Dan\u0131\u015fmanl\u0131\u011f\u0131 - Anka Dan\u0131\u015fmanl\u0131k","robots":{"index":"index","follow":"follow","max-snippet":"max-snippet:-1","max-image-preview":"max-image-preview:large","max-video-preview":"max-video-preview:-1"},"canonical":"https:\/\/ankadanismanlikltd.com\/en\/yenilenebilir-enerji-yatirim-danismanligi\/","og_locale":"en_US","og_type":"article","og_title":"Yenilenebilir Enerji Yat\u0131r\u0131m Dan\u0131\u015fmanl\u0131\u011f\u0131 - Anka Dan\u0131\u015fmanl\u0131k","og_description":"Yenilenebilir enerji yat\u0131r\u0131m dan\u0131\u015fmanl\u0131\u011f\u0131, bireylerin ve i\u015fletmelerin yenilenebilir enerji projelerine yat\u0131r\u0131m yapma s\u00fcre\u00e7lerini optimize etmelerine yard\u0131mc\u0131 olan bir hizmettir. Bu dan\u0131\u015fmanl\u0131k, enerji verimlili\u011fini art\u0131rmak, \u00e7evresel etkileri azaltmak ve s\u00fcrd\u00fcr\u00fclebilir enerji kaynaklar\u0131na ge\u00e7i\u015fi kolayla\u015ft\u0131rmak amac\u0131yla sunulmaktad\u0131r. Dan\u0131\u015fmanl\u0131k S\u00fcrecimiz Yenilenebilir enerji yat\u0131r\u0131m dan\u0131\u015fmanl\u0131\u011f\u0131 s\u00fcrecimiz, a\u015fa\u011f\u0131daki ad\u0131mlar\u0131 i\u00e7erir: Neden Yenilenebilir Enerji Yat\u0131r\u0131m Dan\u0131\u015fmanl\u0131\u011f\u0131? Yenilenebilir enerji yat\u0131r\u0131m dan\u0131\u015fmanl\u0131\u011f\u0131m\u0131zla, gelece\u011fin enerjisini \u015fekillendirin ve s\u00fcrd\u00fcr\u00fclebilir bir d\u00fcnya i\u00e7in ad\u0131m at\u0131n. \u0130htiya\u00e7lar\u0131n\u0131za \u00f6zel \u00e7\u00f6z\u00fcmler geli\u015ftirmek i\u00e7in bizimle[&hellip;]","og_url":"https:\/\/ankadanismanlikltd.com\/en\/yenilenebilir-enerji-yatirim-danismanligi\/","og_site_name":"Anka Dan\u0131\u015fmanl\u0131k","article_publisher":"https:\/\/www.facebook.com\/ankadanismanlik","article_modified_time":"2024-10-18T11:14:58+00:00","twitter_card":"summary_large_image","twitter_site":"@ankaconsultancy","twitter_misc":{"Est. reading time":"2 minutes"},"schema":{"@context":"https:\/\/schema.org","@graph":[{"@type":"WebPage","@id":"https:\/\/ankadanismanlikltd.com\/en\/yenilenebilir-enerji-yatirim-danismanligi\/","url":"https:\/\/ankadanismanlikltd.com\/en\/yenilenebilir-enerji-yatirim-danismanligi\/","name":"Yenilenebilir Enerji Yat\u0131r\u0131m Dan\u0131\u015fmanl\u0131\u011f\u0131 - Anka Dan\u0131\u015fmanl\u0131k","isPartOf":{"@id":"https:\/\/ankadanismanlikltd.com\/en\/#website"},"datePublished":"2024-10-16T11:59:05+00:00","dateModified":"2024-10-18T11:14:58+00:00","breadcrumb":{"@id":"https:\/\/ankadanismanlikltd.com\/en\/yenilenebilir-enerji-yatirim-danismanligi\/#breadcrumb"},"inLanguage":"en-US","potentialAction":[{"@type":"ReadAction","target":["https:\/\/ankadanismanlikltd.com\/en\/yenilenebilir-enerji-yatirim-danismanligi\/"]}]},{"@type":"BreadcrumbList","@id":"https:\/\/ankadanismanlikltd.com\/en\/yenilenebilir-enerji-yatirim-danismanligi\/#breadcrumb","itemListElement":[{"@type":"ListItem","position":1,"name":"Anasayfa","item":"https:\/\/ankadanismanlikltd.com\/en\/"},{"@type":"ListItem","position":2,"name":"Yenilenebilir Enerji Yat\u0131r\u0131m Dan\u0131\u015fmanl\u0131\u011f\u0131"}]},{"@type":"WebSite","@id":"https:\/\/ankadanismanlikltd.com\/en\/#website","url":"https:\/\/ankadanismanlikltd.com\/en\/","name":"Anka Dan\u0131\u015fmanl\u0131k","description":"","publisher":{"@id":"https:\/\/ankadanismanlikltd.com\/en\/#organization"},"potentialAction":[{"@type":"SearchAction","target":{"@type":"EntryPoint","urlTemplate":"https:\/\/ankadanismanlikltd.com\/en\/?s={search_term_string}"},"query-input":{"@type":"PropertyValueSpecification","valueRequired":true,"valueName":"search_term_string"}}],"inLanguage":"en-US"},{"@type":"Organization","@id":"https:\/\/ankadanismanlikltd.com\/en\/#organization","name":"ANKA Dan\u0131\u015fmanl\u0131k","url":"https:\/\/ankadanismanlikltd.com\/en\/","logo":{"@type":"ImageObject","inLanguage":"en-US","@id":"https:\/\/ankadanismanlikltd.com\/en\/#\/schema\/logo\/image\/","url":"https:\/\/ankadanismanlikltd.com\/wp-content\/uploads\/2025\/03\/yeni-logo.jpg","contentUrl":"https:\/\/ankadanismanlikltd.com\/wp-content\/uploads\/2025\/03\/yeni-logo.jpg","width":623,"height":630,"caption":"ANKA Dan\u0131\u015fmanl\u0131k"},"image":{"@id":"https:\/\/ankadanismanlikltd.com\/en\/#\/schema\/logo\/image\/"},"sameAs":["https:\/\/www.facebook.com\/ankadanismanlik","https:\/\/x.com\/ankaconsultancy","https:\/\/www.linkedin.com\/company\/ankadanismanlik","https:\/\/www.youtube.com\/@ANKADanmanlk.official","https:\/\/www.instagram.com\/ankadanismanlik.tr?igsh=MXZ6OXMyd3k2MW5zbA&utm_source=qr"]}]}},"_links":{"self":[{"href":"http:\/\/ankadanismanlikltd.com\/en\/wp-json\/wp\/v2\/pages\/819","targetHints":{"allow":["GET"]}}],"collection":[{"href":"http:\/\/ankadanismanlikltd.com\/en\/wp-json\/wp\/v2\/pages"}],"about":[{"href":"http:\/\/ankadanismanlikltd.com\/en\/wp-json\/wp\/v2\/types\/page"}],"author":[{"embeddable":true,"href":"http:\/\/ankadanismanlikltd.com\/en\/wp-json\/wp\/v2\/users\/1"}],"replies":[{"embeddable":true,"href":"http:\/\/ankadanismanlikltd.com\/en\/wp-json\/wp\/v2\/comments?post=819"}],"version-history":[{"count":2,"href":"http:\/\/ankadanismanlikltd.com\/en\/wp-json\/wp\/v2\/pages\/819\/revisions"}],"predecessor-version":[{"id":921,"href":"http:\/\/ankadanismanlikltd.com\/en\/wp-json\/wp\/v2\/pages\/819\/revisions\/921"}],"wp:attachment":[{"href":"http:\/\/ankadanismanlikltd.com\/en\/wp-json\/wp\/v2\/media?parent=819"}],"curies":[{"name":"wp","href":"https:\/\/api.w.org\/{rel}","templated":true}]}}