{"id":834,"date":"2024-10-16T12:02:30","date_gmt":"2024-10-16T12:02:30","guid":{"rendered":"https:\/\/ankadanismanlikltd.com\/?page_id=834"},"modified":"2024-10-18T11:26:48","modified_gmt":"2024-10-18T11:26:48","slug":"surdurulebilir-strateji-is-modeli-gelistirme","status":"publish","type":"page","link":"http:\/\/ankadanismanlikltd.com\/en\/surdurulebilir-strateji-is-modeli-gelistirme\/","title":{"rendered":"Sustainable Strategy-Business Model Development"},"content":{"rendered":"<p><strong>Sustainable Strategy and Business Model Development<\/strong><\/p>\n\n\n\n<p class=\" translation-block\"><strong>Developing a sustainable strategy and business model<\/strong> is a critical step for the long-term success of businesses. In today\u2019s rapidly changing business environment, sustainability is not just an option, but a necessity that provides a competitive advantage. Companies must create stronger and more resilient business models while considering environmental and social impact.<\/p>\n\n\n\n<p><strong>S\u00fcrd\u00fcr\u00fclebilir Strateji Geli\u015ftirme S\u00fcreci<\/strong><\/p>\n\n\n\n<p>The sustainable strategy development process includes the following steps:<\/p>\n\n\n\n<ol start=\"1\" class=\"wp-block-list\">\n<li class=\" translation-block\"><strong>Situation Analysis<\/strong>: The current situation of the company, market conditions and stakeholder expectations are analyzed in detail. This stage is important to identify strengths and weaknesses as well as opportunities and threats.<\/li>\n\n\n\n<li><strong>Goal Setting<\/strong>: \u015eirketin s\u00fcrd\u00fcr\u00fclebilirlik hedefleri, i\u015f stratejileriyle uyumlu olarak tan\u0131mlan\u0131r. Bu hedefler, k\u0131sa ve uzun vadeli sonu\u00e7lar\u0131 i\u00e7erecek \u015fekilde belirlenir.<\/li>\n\n\n\n<li class=\" translation-block\"><strong>Strategy Development<\/strong>: Necessary strategies are created to achieve the determined goals. These strategies should include elements such as reducing environmental impacts, developing social responsibility projects and ensuring economic sustainability.<\/li>\n\n\n\n<li class=\" translation-block\"><strong>Business Model Design<\/strong>: A new business model is designed in line with sustainability goals. This model may include developing innovative products, services or processes.<\/li>\n\n\n\n<li class=\" translation-block\"><strong>Implementation Plan<\/strong>: A detailed implementation plan is prepared for the implementation of the strategies. This plan includes elements such as required resources, responsibilities and timelines.<\/li>\n\n\n\n<li class=\" translation-block\"><strong>Monitoring and Evaluation<\/strong>: The progress of the implementation process is regularly monitored and the results are evaluated. At this stage, improvements are made to the process of achieving the goals.<\/li>\n<\/ol>\n\n\n\n<p><strong>Why Develop Sustainable Strategy and Business Model?<\/strong><\/p>\n\n\n\n<ul class=\"wp-block-list\">\n<li class=\" translation-block\"><strong>Competitive Advantage<\/strong>: Sustainable business models help companies increase their market share and ensure customer loyalty.<\/li>\n\n\n\n<li><strong>Payda\u015f \u0130li\u015fkileri<\/strong>: S\u00fcrd\u00fcr\u00fclebilirlik odakl\u0131 stratejiler, \u015firketlerin payda\u015flarla olan ili\u015fkilerini g\u00fc\u00e7lendirir ve g\u00fcvenilirliklerini art\u0131r\u0131r.<\/li>\n\n\n\n<li class=\" translation-block\"><strong>Legal Compliance<\/strong>: Compliance with sustainability standards contributes to the fulfillment of legal obligations.<\/li>\n\n\n\n<li><strong>Legal Compliance<\/strong>: S\u00fcrd\u00fcr\u00fclebilirlik standartlar\u0131na uyum sa\u011flamak, yasal y\u00fck\u00fcml\u00fcl\u00fcklerin yerine getirilmesine katk\u0131 sunar.<\/li>\n<\/ul>","protected":false},"excerpt":{"rendered":"<p>S\u00fcrd\u00fcr\u00fclebilir Strateji ve \u0130\u015f Modeli Geli\u015ftirme S\u00fcrd\u00fcr\u00fclebilir strateji ve i\u015f modeli geli\u015ftirme, i\u015fletmelerin uzun vadeli ba\u015far\u0131lar\u0131 i\u00e7in kritik bir ad\u0131md\u0131r. G\u00fcn\u00fcm\u00fcz\u00fcn h\u0131zla de\u011fi\u015fen i\u015f ortam\u0131nda, s\u00fcrd\u00fcr\u00fclebilirlik sadece bir se\u00e7enek de\u011fil, ayn\u0131 zamanda rekabet avantaj\u0131 sa\u011flayan bir gereklilik haline gelmi\u015ftir. \u015eirketler, \u00e7evresel ve sosyal etkiyi g\u00f6z \u00f6n\u00fcnde bulundurarak, daha g\u00fc\u00e7l\u00fc ve daha diren\u00e7li i\u015f modelleri olu\u015fturmal\u0131d\u0131r. S\u00fcrd\u00fcr\u00fclebilir Strateji Geli\u015ftirme S\u00fcreci S\u00fcrd\u00fcr\u00fclebilir strateji geli\u015ftirme s\u00fcreci, a\u015fa\u011f\u0131daki ad\u0131mlar\u0131 i\u00e7erir: Neden S\u00fcrd\u00fcr\u00fclebilir Strateji ve[&hellip;]<\/p>","protected":false},"author":1,"featured_media":0,"parent":0,"menu_order":0,"comment_status":"closed","ping_status":"closed","template":"","meta":{"_acf_changed":false,"footnotes":""},"class_list":["post-834","page","type-page","status-publish","hentry"],"acf":[],"yoast_head":"<!-- This site is optimized with the Yoast SEO plugin v25.9 - https:\/\/yoast.com\/wordpress\/plugins\/seo\/ -->\n<title>S\u00fcrd\u00fcr\u00fclebilir Strateji-\u0130\u015f Modeli Geli\u015ftirme - Anka Dan\u0131\u015fmanl\u0131k<\/title>\n<meta name=\"robots\" content=\"index, follow, max-snippet:-1, max-image-preview:large, max-video-preview:-1\" \/>\n<link rel=\"canonical\" href=\"http:\/\/ankadanismanlikltd.com\/en\/surdurulebilir-strateji-is-modeli-gelistirme\/\" \/>\n<meta property=\"og:locale\" content=\"en_US\" \/>\n<meta property=\"og:type\" content=\"article\" \/>\n<meta property=\"og:title\" content=\"S\u00fcrd\u00fcr\u00fclebilir Strateji-\u0130\u015f Modeli Geli\u015ftirme - Anka Dan\u0131\u015fmanl\u0131k\" \/>\n<meta property=\"og:description\" content=\"S\u00fcrd\u00fcr\u00fclebilir Strateji ve \u0130\u015f Modeli Geli\u015ftirme S\u00fcrd\u00fcr\u00fclebilir strateji ve i\u015f modeli geli\u015ftirme, i\u015fletmelerin uzun vadeli ba\u015far\u0131lar\u0131 i\u00e7in kritik bir ad\u0131md\u0131r. G\u00fcn\u00fcm\u00fcz\u00fcn h\u0131zla de\u011fi\u015fen i\u015f ortam\u0131nda, s\u00fcrd\u00fcr\u00fclebilirlik sadece bir se\u00e7enek de\u011fil, ayn\u0131 zamanda rekabet avantaj\u0131 sa\u011flayan bir gereklilik haline gelmi\u015ftir. \u015eirketler, \u00e7evresel ve sosyal etkiyi g\u00f6z \u00f6n\u00fcnde bulundurarak, daha g\u00fc\u00e7l\u00fc ve daha diren\u00e7li i\u015f modelleri olu\u015fturmal\u0131d\u0131r. S\u00fcrd\u00fcr\u00fclebilir Strateji Geli\u015ftirme S\u00fcreci S\u00fcrd\u00fcr\u00fclebilir strateji geli\u015ftirme s\u00fcreci, a\u015fa\u011f\u0131daki ad\u0131mlar\u0131 i\u00e7erir: Neden S\u00fcrd\u00fcr\u00fclebilir Strateji ve[&hellip;]\" \/>\n<meta property=\"og:url\" content=\"http:\/\/ankadanismanlikltd.com\/en\/surdurulebilir-strateji-is-modeli-gelistirme\/\" \/>\n<meta property=\"og:site_name\" content=\"Anka Dan\u0131\u015fmanl\u0131k\" \/>\n<meta property=\"article:publisher\" content=\"https:\/\/www.facebook.com\/ankadanismanlik\" \/>\n<meta property=\"article:modified_time\" content=\"2024-10-18T11:26:48+00:00\" \/>\n<meta name=\"twitter:card\" content=\"summary_large_image\" \/>\n<meta name=\"twitter:site\" content=\"@ankaconsultancy\" \/>\n<meta name=\"twitter:label1\" content=\"Est. reading time\" \/>\n\t<meta name=\"twitter:data1\" content=\"2 minutes\" \/>\n<script type=\"application\/ld+json\" class=\"yoast-schema-graph\">{\"@context\":\"https:\/\/schema.org\",\"@graph\":[{\"@type\":\"WebPage\",\"@id\":\"http:\/\/ankadanismanlikltd.com\/surdurulebilir-strateji-is-modeli-gelistirme\/\",\"url\":\"http:\/\/ankadanismanlikltd.com\/surdurulebilir-strateji-is-modeli-gelistirme\/\",\"name\":\"S\u00fcrd\u00fcr\u00fclebilir Strateji-\u0130\u015f Modeli Geli\u015ftirme - Anka Dan\u0131\u015fmanl\u0131k\",\"isPartOf\":{\"@id\":\"https:\/\/ankadanismanlikltd.com\/en\/#website\"},\"datePublished\":\"2024-10-16T12:02:30+00:00\",\"dateModified\":\"2024-10-18T11:26:48+00:00\",\"breadcrumb\":{\"@id\":\"http:\/\/ankadanismanlikltd.com\/surdurulebilir-strateji-is-modeli-gelistirme\/#breadcrumb\"},\"inLanguage\":\"en-US\",\"potentialAction\":[{\"@type\":\"ReadAction\",\"target\":[\"http:\/\/ankadanismanlikltd.com\/surdurulebilir-strateji-is-modeli-gelistirme\/\"]}]},{\"@type\":\"BreadcrumbList\",\"@id\":\"http:\/\/ankadanismanlikltd.com\/surdurulebilir-strateji-is-modeli-gelistirme\/#breadcrumb\",\"itemListElement\":[{\"@type\":\"ListItem\",\"position\":1,\"name\":\"Anasayfa\",\"item\":\"https:\/\/ankadanismanlikltd.com\/en\/\"},{\"@type\":\"ListItem\",\"position\":2,\"name\":\"S\u00fcrd\u00fcr\u00fclebilir Strateji-\u0130\u015f Modeli Geli\u015ftirme\"}]},{\"@type\":\"WebSite\",\"@id\":\"https:\/\/ankadanismanlikltd.com\/en\/#website\",\"url\":\"https:\/\/ankadanismanlikltd.com\/en\/\",\"name\":\"Anka Dan\u0131\u015fmanl\u0131k\",\"description\":\"\",\"publisher\":{\"@id\":\"https:\/\/ankadanismanlikltd.com\/en\/#organization\"},\"potentialAction\":[{\"@type\":\"SearchAction\",\"target\":{\"@type\":\"EntryPoint\",\"urlTemplate\":\"https:\/\/ankadanismanlikltd.com\/en\/?s={search_term_string}\"},\"query-input\":{\"@type\":\"PropertyValueSpecification\",\"valueRequired\":true,\"valueName\":\"search_term_string\"}}],\"inLanguage\":\"en-US\"},{\"@type\":\"Organization\",\"@id\":\"https:\/\/ankadanismanlikltd.com\/en\/#organization\",\"name\":\"ANKA Dan\u0131\u015fmanl\u0131k\",\"url\":\"https:\/\/ankadanismanlikltd.com\/en\/\",\"logo\":{\"@type\":\"ImageObject\",\"inLanguage\":\"en-US\",\"@id\":\"https:\/\/ankadanismanlikltd.com\/en\/#\/schema\/logo\/image\/\",\"url\":\"https:\/\/ankadanismanlikltd.com\/wp-content\/uploads\/2025\/03\/yeni-logo.jpg\",\"contentUrl\":\"https:\/\/ankadanismanlikltd.com\/wp-content\/uploads\/2025\/03\/yeni-logo.jpg\",\"width\":623,\"height\":630,\"caption\":\"ANKA Dan\u0131\u015fmanl\u0131k\"},\"image\":{\"@id\":\"https:\/\/ankadanismanlikltd.com\/en\/#\/schema\/logo\/image\/\"},\"sameAs\":[\"https:\/\/www.facebook.com\/ankadanismanlik\",\"https:\/\/x.com\/ankaconsultancy\",\"https:\/\/www.linkedin.com\/company\/ankadanismanlik\",\"https:\/\/www.youtube.com\/@ANKADanmanlk.official\",\"https:\/\/www.instagram.com\/ankadanismanlik.tr?igsh=MXZ6OXMyd3k2MW5zbA&utm_source=qr\"]}]}<\/script>\n<!-- \/ Yoast SEO plugin. -->","yoast_head_json":{"title":"S\u00fcrd\u00fcr\u00fclebilir Strateji-\u0130\u015f Modeli Geli\u015ftirme - Anka Dan\u0131\u015fmanl\u0131k","robots":{"index":"index","follow":"follow","max-snippet":"max-snippet:-1","max-image-preview":"max-image-preview:large","max-video-preview":"max-video-preview:-1"},"canonical":"http:\/\/ankadanismanlikltd.com\/en\/surdurulebilir-strateji-is-modeli-gelistirme\/","og_locale":"en_US","og_type":"article","og_title":"S\u00fcrd\u00fcr\u00fclebilir Strateji-\u0130\u015f Modeli Geli\u015ftirme - Anka Dan\u0131\u015fmanl\u0131k","og_description":"S\u00fcrd\u00fcr\u00fclebilir Strateji ve \u0130\u015f Modeli Geli\u015ftirme S\u00fcrd\u00fcr\u00fclebilir strateji ve i\u015f modeli geli\u015ftirme, i\u015fletmelerin uzun vadeli ba\u015far\u0131lar\u0131 i\u00e7in kritik bir ad\u0131md\u0131r. G\u00fcn\u00fcm\u00fcz\u00fcn h\u0131zla de\u011fi\u015fen i\u015f ortam\u0131nda, s\u00fcrd\u00fcr\u00fclebilirlik sadece bir se\u00e7enek de\u011fil, ayn\u0131 zamanda rekabet avantaj\u0131 sa\u011flayan bir gereklilik haline gelmi\u015ftir. \u015eirketler, \u00e7evresel ve sosyal etkiyi g\u00f6z \u00f6n\u00fcnde bulundurarak, daha g\u00fc\u00e7l\u00fc ve daha diren\u00e7li i\u015f modelleri olu\u015fturmal\u0131d\u0131r. S\u00fcrd\u00fcr\u00fclebilir Strateji Geli\u015ftirme S\u00fcreci S\u00fcrd\u00fcr\u00fclebilir strateji geli\u015ftirme s\u00fcreci, a\u015fa\u011f\u0131daki ad\u0131mlar\u0131 i\u00e7erir: Neden S\u00fcrd\u00fcr\u00fclebilir Strateji ve[&hellip;]","og_url":"http:\/\/ankadanismanlikltd.com\/en\/surdurulebilir-strateji-is-modeli-gelistirme\/","og_site_name":"Anka Dan\u0131\u015fmanl\u0131k","article_publisher":"https:\/\/www.facebook.com\/ankadanismanlik","article_modified_time":"2024-10-18T11:26:48+00:00","twitter_card":"summary_large_image","twitter_site":"@ankaconsultancy","twitter_misc":{"Est. reading time":"2 minutes"},"schema":{"@context":"https:\/\/schema.org","@graph":[{"@type":"WebPage","@id":"http:\/\/ankadanismanlikltd.com\/surdurulebilir-strateji-is-modeli-gelistirme\/","url":"http:\/\/ankadanismanlikltd.com\/surdurulebilir-strateji-is-modeli-gelistirme\/","name":"S\u00fcrd\u00fcr\u00fclebilir Strateji-\u0130\u015f Modeli Geli\u015ftirme - Anka Dan\u0131\u015fmanl\u0131k","isPartOf":{"@id":"https:\/\/ankadanismanlikltd.com\/en\/#website"},"datePublished":"2024-10-16T12:02:30+00:00","dateModified":"2024-10-18T11:26:48+00:00","breadcrumb":{"@id":"http:\/\/ankadanismanlikltd.com\/surdurulebilir-strateji-is-modeli-gelistirme\/#breadcrumb"},"inLanguage":"en-US","potentialAction":[{"@type":"ReadAction","target":["http:\/\/ankadanismanlikltd.com\/surdurulebilir-strateji-is-modeli-gelistirme\/"]}]},{"@type":"BreadcrumbList","@id":"http:\/\/ankadanismanlikltd.com\/surdurulebilir-strateji-is-modeli-gelistirme\/#breadcrumb","itemListElement":[{"@type":"ListItem","position":1,"name":"Anasayfa","item":"https:\/\/ankadanismanlikltd.com\/en\/"},{"@type":"ListItem","position":2,"name":"S\u00fcrd\u00fcr\u00fclebilir Strateji-\u0130\u015f Modeli Geli\u015ftirme"}]},{"@type":"WebSite","@id":"https:\/\/ankadanismanlikltd.com\/en\/#website","url":"https:\/\/ankadanismanlikltd.com\/en\/","name":"Anka Dan\u0131\u015fmanl\u0131k","description":"","publisher":{"@id":"https:\/\/ankadanismanlikltd.com\/en\/#organization"},"potentialAction":[{"@type":"SearchAction","target":{"@type":"EntryPoint","urlTemplate":"https:\/\/ankadanismanlikltd.com\/en\/?s={search_term_string}"},"query-input":{"@type":"PropertyValueSpecification","valueRequired":true,"valueName":"search_term_string"}}],"inLanguage":"en-US"},{"@type":"Organization","@id":"https:\/\/ankadanismanlikltd.com\/en\/#organization","name":"ANKA Dan\u0131\u015fmanl\u0131k","url":"https:\/\/ankadanismanlikltd.com\/en\/","logo":{"@type":"ImageObject","inLanguage":"en-US","@id":"https:\/\/ankadanismanlikltd.com\/en\/#\/schema\/logo\/image\/","url":"https:\/\/ankadanismanlikltd.com\/wp-content\/uploads\/2025\/03\/yeni-logo.jpg","contentUrl":"https:\/\/ankadanismanlikltd.com\/wp-content\/uploads\/2025\/03\/yeni-logo.jpg","width":623,"height":630,"caption":"ANKA Dan\u0131\u015fmanl\u0131k"},"image":{"@id":"https:\/\/ankadanismanlikltd.com\/en\/#\/schema\/logo\/image\/"},"sameAs":["https:\/\/www.facebook.com\/ankadanismanlik","https:\/\/x.com\/ankaconsultancy","https:\/\/www.linkedin.com\/company\/ankadanismanlik","https:\/\/www.youtube.com\/@ANKADanmanlk.official","https:\/\/www.instagram.com\/ankadanismanlik.tr?igsh=MXZ6OXMyd3k2MW5zbA&utm_source=qr"]}]}},"_links":{"self":[{"href":"http:\/\/ankadanismanlikltd.com\/en\/wp-json\/wp\/v2\/pages\/834","targetHints":{"allow":["GET"]}}],"collection":[{"href":"http:\/\/ankadanismanlikltd.com\/en\/wp-json\/wp\/v2\/pages"}],"about":[{"href":"http:\/\/ankadanismanlikltd.com\/en\/wp-json\/wp\/v2\/types\/page"}],"author":[{"embeddable":true,"href":"http:\/\/ankadanismanlikltd.com\/en\/wp-json\/wp\/v2\/users\/1"}],"replies":[{"embeddable":true,"href":"http:\/\/ankadanismanlikltd.com\/en\/wp-json\/wp\/v2\/comments?post=834"}],"version-history":[{"count":2,"href":"http:\/\/ankadanismanlikltd.com\/en\/wp-json\/wp\/v2\/pages\/834\/revisions"}],"predecessor-version":[{"id":927,"href":"http:\/\/ankadanismanlikltd.com\/en\/wp-json\/wp\/v2\/pages\/834\/revisions\/927"}],"wp:attachment":[{"href":"http:\/\/ankadanismanlikltd.com\/en\/wp-json\/wp\/v2\/media?parent=834"}],"curies":[{"name":"wp","href":"https:\/\/api.w.org\/{rel}","templated":true}]}}