{"id":835,"date":"2024-10-16T12:02:38","date_gmt":"2024-10-16T12:02:38","guid":{"rendered":"https:\/\/ankadanismanlikltd.com\/?page_id=835"},"modified":"2024-10-18T11:27:35","modified_gmt":"2024-10-18T11:27:35","slug":"net-zero-yolculugu","status":"publish","type":"page","link":"http:\/\/ankadanismanlikltd.com\/en\/net-zero-yolculugu\/","title":{"rendered":"The Net Zero Journey"},"content":{"rendered":"<p><strong>The Net Zero Journey<\/strong><\/p>\n\n\n\n<p class=\" translation-block\"><strong>Net Zero<\/strong> is a critical step toward offsetting an organization\u2019s total greenhouse gas emissions and combating climate change. Net Zero goals include not only reducing emissions, but also taking measures to offset the emissions that remain. This journey is becoming increasingly important for organizations across all sectors and scales.<\/p>\n\n\n\n<p><strong>What are Net Zero Goals?<\/strong><\/p>\n\n\n\n<p>Net Zero hedefleri, belirli bir tarih itibar\u0131yla, bir kurulu\u015fun atmosfere sald\u0131\u011f\u0131 sera gaz\u0131 miktar\u0131n\u0131 azaltarak dengelemeyi ama\u00e7lar. Bu, emisyonlar\u0131n s\u0131f\u0131ra indirilmesi veya emisyonlar\u0131n telafi edilmesi (karbon ofsetleri arac\u0131l\u0131\u011f\u0131yla) yoluyla ger\u00e7ekle\u015ftirilebilir. Genellikle, 2050 y\u0131l\u0131na kadar Net Zero hedefleri belirlenmektedir, ancak baz\u0131 kurulu\u015flar bu hedefe daha erken ula\u015fmay\u0131 ama\u00e7lamaktad\u0131r.<\/p>\n\n\n\n<p><strong>Steps to Net Zero Journey<\/strong><\/p>\n\n\n\n<p>The Net Zero journey includes the following key steps:<\/p>\n\n\n\n<ol start=\"1\" class=\"wp-block-list\">\n<li class=\" translation-block\"><strong>Assessing Emissions<\/strong>: The first step is to conduct a comprehensive assessment of current greenhouse gas emissions. This covers areas such as energy use, material consumption and waste management.<\/li>\n\n\n\n<li class=\" translation-block\"><strong>Goal Setting<\/strong>: Emission reduction targets are determined. These targets must be compatible with the organization's vision and strategic plans.<\/li>\n\n\n\n<li><strong>Karbon Ayak \u0130zini Azaltma<\/strong>: Emisyonlar\u0131 azaltmak i\u00e7in uygulamaya konulacak stratejiler geli\u015ftirilir. Bu stratejiler enerji verimlili\u011fi, yenilenebilir enerji kullan\u0131m\u0131, at\u0131k y\u00f6netimi ve s\u00fcrd\u00fcr\u00fclebilir malzeme se\u00e7imlerini i\u00e7erebilir.<\/li>\n\n\n\n<li class=\" translation-block\"><strong>Monitoring and Reporting<\/strong>: Progress is regularly monitored and reported. This phase allows for necessary adjustments to be made in the process of achieving goals.<\/li>\n\n\n\n<li><strong>Monitoring and Reporting<\/strong>: \u0130lerleme d\u00fczenli olarak izlenir ve raporlan\u0131r. Bu a\u015fama, hedeflere ula\u015fma s\u00fcrecinde gerekli ayarlamalar\u0131n yap\u0131lmas\u0131na olanak tan\u0131r.<\/li>\n\n\n\n<li><strong>Stakeholder Participation<\/strong>: Engagement of employees, customers and other stakeholders is encouraged to achieve Net Zero goals. This helps create a shared culture of sustainability.<\/li>\n<\/ol>\n\n\n\n<p><strong>Why Is the Net Zero Journey Important?<\/strong><\/p>\n\n\n\n<ul class=\"wp-block-list\">\n<li class=\" translation-block\"><strong>Fighting Climate Change<\/strong>: Net Zero targets help reduce the impacts of climate change.<\/li>\n\n\n\n<li><strong>Competitive Advantage<\/strong>: S\u00fcrd\u00fcr\u00fclebilirlik odakl\u0131 bir strateji, \u015firketin pazardaki konumunu g\u00fc\u00e7lendirir.<\/li>\n\n\n\n<li><strong>Legal Compliance<\/strong>Governments and regulators are introducing more regulations and incentives to reduce emissions.<\/li>\n\n\n\n<li><strong>Reputation Management<\/strong>: Taking steps towards sustainability goals enhances the company's reputation and gains the trust of stakeholders.<\/li>\n<\/ul>\n\n\n\n<p>We would be happy to support you on your Net Zero journey. As Anka Consulting, we provide the expertise you need to reduce your emissions and reach your Net Zero goals. Contact us for more information!<\/p>","protected":false},"excerpt":{"rendered":"<p>Net Zero Yolculu\u011fu Net Zero, bir kurulu\u015fun toplam sera gaz\u0131 emisyonlar\u0131n\u0131 dengelemek ve iklim de\u011fi\u015fikli\u011fi ile m\u00fccadele etmek i\u00e7in at\u0131lmas\u0131 gereken kritik bir ad\u0131md\u0131r. Net Zero hedefleri, yaln\u0131zca emisyonlar\u0131 azaltmakla kalmaz, ayn\u0131 zamanda geride kalan emisyonlar\u0131 dengelemek i\u00e7in gerekli \u00f6nlemleri de i\u00e7erir. Bu yolculuk, t\u00fcm sekt\u00f6rlerde ve \u00f6l\u00e7eklerde kurulu\u015flar i\u00e7in giderek daha \u00f6nemli hale gelmektedir. Net Zero Hedefleri Nedir? Net Zero hedefleri, belirli bir tarih itibar\u0131yla, bir kurulu\u015fun atmosfere sald\u0131\u011f\u0131[&hellip;]<\/p>","protected":false},"author":1,"featured_media":0,"parent":0,"menu_order":0,"comment_status":"closed","ping_status":"closed","template":"","meta":{"_acf_changed":false,"footnotes":""},"class_list":["post-835","page","type-page","status-publish","hentry"],"acf":[],"yoast_head":"<!-- This site is optimized with the Yoast SEO plugin v25.9 - https:\/\/yoast.com\/wordpress\/plugins\/seo\/ -->\n<title>Net Zero Yolculu\u011fu - Anka Dan\u0131\u015fmanl\u0131k<\/title>\n<meta name=\"robots\" content=\"index, follow, max-snippet:-1, max-image-preview:large, max-video-preview:-1\" \/>\n<link rel=\"canonical\" href=\"http:\/\/ankadanismanlikltd.com\/en\/net-zero-yolculugu\/\" \/>\n<meta property=\"og:locale\" content=\"en_US\" \/>\n<meta property=\"og:type\" content=\"article\" \/>\n<meta property=\"og:title\" content=\"Net Zero Yolculu\u011fu - Anka Dan\u0131\u015fmanl\u0131k\" \/>\n<meta property=\"og:description\" content=\"Net Zero Yolculu\u011fu Net Zero, bir kurulu\u015fun toplam sera gaz\u0131 emisyonlar\u0131n\u0131 dengelemek ve iklim de\u011fi\u015fikli\u011fi ile m\u00fccadele etmek i\u00e7in at\u0131lmas\u0131 gereken kritik bir ad\u0131md\u0131r. Net Zero hedefleri, yaln\u0131zca emisyonlar\u0131 azaltmakla kalmaz, ayn\u0131 zamanda geride kalan emisyonlar\u0131 dengelemek i\u00e7in gerekli \u00f6nlemleri de i\u00e7erir. Bu yolculuk, t\u00fcm sekt\u00f6rlerde ve \u00f6l\u00e7eklerde kurulu\u015flar i\u00e7in giderek daha \u00f6nemli hale gelmektedir. Net Zero Hedefleri Nedir? Net Zero hedefleri, belirli bir tarih itibar\u0131yla, bir kurulu\u015fun atmosfere sald\u0131\u011f\u0131[&hellip;]\" \/>\n<meta property=\"og:url\" content=\"http:\/\/ankadanismanlikltd.com\/en\/net-zero-yolculugu\/\" \/>\n<meta property=\"og:site_name\" content=\"Anka Dan\u0131\u015fmanl\u0131k\" \/>\n<meta property=\"article:publisher\" content=\"https:\/\/www.facebook.com\/ankadanismanlik\" \/>\n<meta property=\"article:modified_time\" content=\"2024-10-18T11:27:35+00:00\" \/>\n<meta name=\"twitter:card\" content=\"summary_large_image\" \/>\n<meta name=\"twitter:site\" content=\"@ankaconsultancy\" \/>\n<meta name=\"twitter:label1\" content=\"Est. reading time\" \/>\n\t<meta name=\"twitter:data1\" content=\"2 minutes\" \/>\n<script type=\"application\/ld+json\" class=\"yoast-schema-graph\">{\"@context\":\"https:\/\/schema.org\",\"@graph\":[{\"@type\":\"WebPage\",\"@id\":\"http:\/\/ankadanismanlikltd.com\/en\/net-zero-yolculugu\/\",\"url\":\"http:\/\/ankadanismanlikltd.com\/en\/net-zero-yolculugu\/\",\"name\":\"Net Zero Yolculu\u011fu - Anka Dan\u0131\u015fmanl\u0131k\",\"isPartOf\":{\"@id\":\"http:\/\/ankadanismanlikltd.com\/en\/#website\"},\"datePublished\":\"2024-10-16T12:02:38+00:00\",\"dateModified\":\"2024-10-18T11:27:35+00:00\",\"breadcrumb\":{\"@id\":\"http:\/\/ankadanismanlikltd.com\/en\/net-zero-yolculugu\/#breadcrumb\"},\"inLanguage\":\"en-US\",\"potentialAction\":[{\"@type\":\"ReadAction\",\"target\":[\"http:\/\/ankadanismanlikltd.com\/en\/net-zero-yolculugu\/\"]}]},{\"@type\":\"BreadcrumbList\",\"@id\":\"http:\/\/ankadanismanlikltd.com\/en\/net-zero-yolculugu\/#breadcrumb\",\"itemListElement\":[{\"@type\":\"ListItem\",\"position\":1,\"name\":\"Anasayfa\",\"item\":\"http:\/\/ankadanismanlikltd.com\/en\/\"},{\"@type\":\"ListItem\",\"position\":2,\"name\":\"Net Zero Yolculu\u011fu\"}]},{\"@type\":\"WebSite\",\"@id\":\"http:\/\/ankadanismanlikltd.com\/en\/#website\",\"url\":\"http:\/\/ankadanismanlikltd.com\/en\/\",\"name\":\"Anka Dan\u0131\u015fmanl\u0131k\",\"description\":\"\",\"publisher\":{\"@id\":\"http:\/\/ankadanismanlikltd.com\/en\/#organization\"},\"potentialAction\":[{\"@type\":\"SearchAction\",\"target\":{\"@type\":\"EntryPoint\",\"urlTemplate\":\"http:\/\/ankadanismanlikltd.com\/en\/?s={search_term_string}\"},\"query-input\":{\"@type\":\"PropertyValueSpecification\",\"valueRequired\":true,\"valueName\":\"search_term_string\"}}],\"inLanguage\":\"en-US\"},{\"@type\":\"Organization\",\"@id\":\"http:\/\/ankadanismanlikltd.com\/en\/#organization\",\"name\":\"ANKA Dan\u0131\u015fmanl\u0131k\",\"url\":\"http:\/\/ankadanismanlikltd.com\/en\/\",\"logo\":{\"@type\":\"ImageObject\",\"inLanguage\":\"en-US\",\"@id\":\"http:\/\/ankadanismanlikltd.com\/en\/#\/schema\/logo\/image\/\",\"url\":\"https:\/\/ankadanismanlikltd.com\/wp-content\/uploads\/2025\/03\/yeni-logo.jpg\",\"contentUrl\":\"https:\/\/ankadanismanlikltd.com\/wp-content\/uploads\/2025\/03\/yeni-logo.jpg\",\"width\":623,\"height\":630,\"caption\":\"ANKA Dan\u0131\u015fmanl\u0131k\"},\"image\":{\"@id\":\"http:\/\/ankadanismanlikltd.com\/en\/#\/schema\/logo\/image\/\"},\"sameAs\":[\"https:\/\/www.facebook.com\/ankadanismanlik\",\"https:\/\/x.com\/ankaconsultancy\",\"https:\/\/www.linkedin.com\/company\/ankadanismanlik\",\"https:\/\/www.youtube.com\/@ANKADanmanlk.official\",\"https:\/\/www.instagram.com\/ankadanismanlik.tr?igsh=MXZ6OXMyd3k2MW5zbA&utm_source=qr\"]}]}<\/script>\n<!-- \/ Yoast SEO plugin. -->","yoast_head_json":{"title":"Net Zero Yolculu\u011fu - Anka Dan\u0131\u015fmanl\u0131k","robots":{"index":"index","follow":"follow","max-snippet":"max-snippet:-1","max-image-preview":"max-image-preview:large","max-video-preview":"max-video-preview:-1"},"canonical":"http:\/\/ankadanismanlikltd.com\/en\/net-zero-yolculugu\/","og_locale":"en_US","og_type":"article","og_title":"Net Zero Yolculu\u011fu - Anka Dan\u0131\u015fmanl\u0131k","og_description":"Net Zero Yolculu\u011fu Net Zero, bir kurulu\u015fun toplam sera gaz\u0131 emisyonlar\u0131n\u0131 dengelemek ve iklim de\u011fi\u015fikli\u011fi ile m\u00fccadele etmek i\u00e7in at\u0131lmas\u0131 gereken kritik bir ad\u0131md\u0131r. Net Zero hedefleri, yaln\u0131zca emisyonlar\u0131 azaltmakla kalmaz, ayn\u0131 zamanda geride kalan emisyonlar\u0131 dengelemek i\u00e7in gerekli \u00f6nlemleri de i\u00e7erir. Bu yolculuk, t\u00fcm sekt\u00f6rlerde ve \u00f6l\u00e7eklerde kurulu\u015flar i\u00e7in giderek daha \u00f6nemli hale gelmektedir. Net Zero Hedefleri Nedir? Net Zero hedefleri, belirli bir tarih itibar\u0131yla, bir kurulu\u015fun atmosfere sald\u0131\u011f\u0131[&hellip;]","og_url":"http:\/\/ankadanismanlikltd.com\/en\/net-zero-yolculugu\/","og_site_name":"Anka Dan\u0131\u015fmanl\u0131k","article_publisher":"https:\/\/www.facebook.com\/ankadanismanlik","article_modified_time":"2024-10-18T11:27:35+00:00","twitter_card":"summary_large_image","twitter_site":"@ankaconsultancy","twitter_misc":{"Est. reading time":"2 minutes"},"schema":{"@context":"https:\/\/schema.org","@graph":[{"@type":"WebPage","@id":"http:\/\/ankadanismanlikltd.com\/en\/net-zero-yolculugu\/","url":"http:\/\/ankadanismanlikltd.com\/en\/net-zero-yolculugu\/","name":"Net Zero Yolculu\u011fu - Anka Dan\u0131\u015fmanl\u0131k","isPartOf":{"@id":"http:\/\/ankadanismanlikltd.com\/en\/#website"},"datePublished":"2024-10-16T12:02:38+00:00","dateModified":"2024-10-18T11:27:35+00:00","breadcrumb":{"@id":"http:\/\/ankadanismanlikltd.com\/en\/net-zero-yolculugu\/#breadcrumb"},"inLanguage":"en-US","potentialAction":[{"@type":"ReadAction","target":["http:\/\/ankadanismanlikltd.com\/en\/net-zero-yolculugu\/"]}]},{"@type":"BreadcrumbList","@id":"http:\/\/ankadanismanlikltd.com\/en\/net-zero-yolculugu\/#breadcrumb","itemListElement":[{"@type":"ListItem","position":1,"name":"Anasayfa","item":"http:\/\/ankadanismanlikltd.com\/en\/"},{"@type":"ListItem","position":2,"name":"Net Zero Yolculu\u011fu"}]},{"@type":"WebSite","@id":"http:\/\/ankadanismanlikltd.com\/en\/#website","url":"http:\/\/ankadanismanlikltd.com\/en\/","name":"Anka Dan\u0131\u015fmanl\u0131k","description":"","publisher":{"@id":"http:\/\/ankadanismanlikltd.com\/en\/#organization"},"potentialAction":[{"@type":"SearchAction","target":{"@type":"EntryPoint","urlTemplate":"http:\/\/ankadanismanlikltd.com\/en\/?s={search_term_string}"},"query-input":{"@type":"PropertyValueSpecification","valueRequired":true,"valueName":"search_term_string"}}],"inLanguage":"en-US"},{"@type":"Organization","@id":"http:\/\/ankadanismanlikltd.com\/en\/#organization","name":"ANKA Dan\u0131\u015fmanl\u0131k","url":"http:\/\/ankadanismanlikltd.com\/en\/","logo":{"@type":"ImageObject","inLanguage":"en-US","@id":"http:\/\/ankadanismanlikltd.com\/en\/#\/schema\/logo\/image\/","url":"https:\/\/ankadanismanlikltd.com\/wp-content\/uploads\/2025\/03\/yeni-logo.jpg","contentUrl":"https:\/\/ankadanismanlikltd.com\/wp-content\/uploads\/2025\/03\/yeni-logo.jpg","width":623,"height":630,"caption":"ANKA Dan\u0131\u015fmanl\u0131k"},"image":{"@id":"http:\/\/ankadanismanlikltd.com\/en\/#\/schema\/logo\/image\/"},"sameAs":["https:\/\/www.facebook.com\/ankadanismanlik","https:\/\/x.com\/ankaconsultancy","https:\/\/www.linkedin.com\/company\/ankadanismanlik","https:\/\/www.youtube.com\/@ANKADanmanlk.official","https:\/\/www.instagram.com\/ankadanismanlik.tr?igsh=MXZ6OXMyd3k2MW5zbA&utm_source=qr"]}]}},"_links":{"self":[{"href":"http:\/\/ankadanismanlikltd.com\/en\/wp-json\/wp\/v2\/pages\/835","targetHints":{"allow":["GET"]}}],"collection":[{"href":"http:\/\/ankadanismanlikltd.com\/en\/wp-json\/wp\/v2\/pages"}],"about":[{"href":"http:\/\/ankadanismanlikltd.com\/en\/wp-json\/wp\/v2\/types\/page"}],"author":[{"embeddable":true,"href":"http:\/\/ankadanismanlikltd.com\/en\/wp-json\/wp\/v2\/users\/1"}],"replies":[{"embeddable":true,"href":"http:\/\/ankadanismanlikltd.com\/en\/wp-json\/wp\/v2\/comments?post=835"}],"version-history":[{"count":2,"href":"http:\/\/ankadanismanlikltd.com\/en\/wp-json\/wp\/v2\/pages\/835\/revisions"}],"predecessor-version":[{"id":928,"href":"http:\/\/ankadanismanlikltd.com\/en\/wp-json\/wp\/v2\/pages\/835\/revisions\/928"}],"wp:attachment":[{"href":"http:\/\/ankadanismanlikltd.com\/en\/wp-json\/wp\/v2\/media?parent=835"}],"curies":[{"name":"wp","href":"https:\/\/api.w.org\/{rel}","templated":true}]}}