{"id":836,"date":"2024-10-16T12:02:21","date_gmt":"2024-10-16T12:02:21","guid":{"rendered":"https:\/\/ankadanismanlikltd.com\/?page_id=836"},"modified":"2024-10-20T11:27:31","modified_gmt":"2024-10-20T11:27:31","slug":"iklim-baglantili-risk-ve-firsat-yonetimi-tcfd","status":"publish","type":"page","link":"http:\/\/ankadanismanlikltd.com\/en\/iklim-baglantili-risk-ve-firsat-yonetimi-tcfd\/","title":{"rendered":"Climate-related Risk and Opportunity Management (TCFD)"},"content":{"rendered":"<p><strong>Climate-related Risk and Opportunity Management (TCFD)<\/strong><\/p>\n\n\n\n<p class=\" translation-block\"><strong>TCFD Recommendations<\/strong> (Task Force on Climate-related Financial Disclosures) are an important guide for institutions on how to manage risks and opportunities related to climate change. Integrating climate-related risks into corporate risk assessments and incorporating them into company strategies is a fundamental issue of the Turkish Sustainability Reporting Standards (TSRS).<\/p>\n\n\n\n<p><strong>Anka Dan\u0131\u015fmanl\u0131k Olarak Sunmu\u015f Oldu\u011fumuz Hizmetler<\/strong><\/p>\n\n\n\n<p>Anka Dan\u0131\u015fmanl\u0131k olarak, iklim risklerini \u00fcst y\u00f6netim seviyesinde ele al\u0131yor ve sahiplenilmesini sa\u011fl\u0131yoruz. Bu ba\u011flamda sundu\u011fumuz hizmetler:<\/p>\n\n\n\n<ol start=\"1\" class=\"wp-block-list\">\n<li><strong>\u0130klim Risk Y\u00f6netimi Stratejileri<\/strong>: \u0130klim risklerinin kurum stratejilerine entegre edilmesi, s\u00fcrd\u00fcr\u00fclebilirlik hedefleriyle uyumlu bir yakla\u015f\u0131m geli\u015ftirilmesine yard\u0131mc\u0131 olur.<\/li>\n\n\n\n<li><strong>Senior Management Consulting<\/strong>Understanding and ownership of climate risks by senior managers increases the effectiveness of risk management processes.<\/li>\n\n\n\n<li><strong>Business Model Compatibility<\/strong>: Efforts to manage climate risks are made consistent with the existing business model, thus adopting an integrated approach with the company's overall goals.<\/li>\n\n\n\n<li><strong>Risk Monitoring and Reporting<\/strong>: We ensure that climate risks are managed effectively by providing guidance for monitoring relevant risks. The assessments increase the traceability of risks and integrate them into the decision-making processes of companies.<\/li>\n\n\n\n<li><strong>Education and Awareness Raising<\/strong>: We organize trainings and workshops to ensure that institutions are informed about climate risks.<\/li>\n<\/ol>\n\n\n\n<p><strong>Why TCFD Recommendations?<\/strong><\/p>\n\n\n\n<ul class=\"wp-block-list\">\n<li class=\" translation-block\"><strong>Transparency<\/strong>: Reporting on climate-related risks ensures transparency with stakeholders.<\/li>\n\n\n\n<li class=\" translation-block\"><strong>Sustainability<\/strong>: Organizations take concrete steps to achieve sustainability goals while becoming more resilient to climate change.<\/li>\n\n\n\n<li class=\" translation-block\"><strong>Competitive Advantage<\/strong>: A proactive approach to managing climate risks strengthens companies\u2019 market positions.<\/li>\n<\/ul>\n\n\n\n<p>\u0130klim de\u011fi\u015fikli\u011finin i\u015fletmeler \u00fczerindeki etkilerini anlamak ve bu etkileri y\u00f6netmek i\u00e7in TCFD Tavsiyeleri&#8217;ni benimsemek, gelecekteki belirsizliklere kar\u015f\u0131 haz\u0131rl\u0131kl\u0131 olman\u0131z\u0131 sa\u011flar. Anka Dan\u0131\u015fmanl\u0131k olarak, iklim risklerinin y\u00f6netiminde size destek olmaktan memnuniyet duyar\u0131z.<\/p>","protected":false},"excerpt":{"rendered":"<p>\u0130klim Ba\u011flant\u0131l\u0131 Risk ve F\u0131rsat Y\u00f6netimi (TCFD) TCFD Tavsiyeleri (Task Force on Climate-related Financial Disclosures), kurumlar\u0131n iklim de\u011fi\u015fikli\u011fi ile ili\u015fkili risk ve f\u0131rsatlar\u0131 nas\u0131l y\u00f6neteceklerine dair \u00f6nemli bir k\u0131lavuz niteli\u011fi ta\u015f\u0131maktad\u0131r. \u0130klim ba\u011flant\u0131l\u0131 risklerin, kurumsal risk de\u011ferlendirmelerine entegre edilmesi ve \u015firket stratejilerine dahil edilmesi, T\u00fcrkiye S\u00fcrd\u00fcr\u00fclebilirlik Raporlama Standartlar\u0131\u2019n\u0131n (TSRS) temel bir konusunu olu\u015fturur. Anka Dan\u0131\u015fmanl\u0131k Olarak Sunmu\u015f Oldu\u011fumuz Hizmetler Anka Dan\u0131\u015fmanl\u0131k olarak, iklim risklerini \u00fcst y\u00f6netim seviyesinde ele al\u0131yor ve[&hellip;]<\/p>","protected":false},"author":1,"featured_media":0,"parent":0,"menu_order":0,"comment_status":"closed","ping_status":"closed","template":"","meta":{"_acf_changed":false,"footnotes":""},"class_list":["post-836","page","type-page","status-publish","hentry"],"acf":[],"yoast_head":"<!-- This site is optimized with the Yoast SEO plugin v25.9 - https:\/\/yoast.com\/wordpress\/plugins\/seo\/ -->\n<title>\u0130klim Ba\u011flant\u0131l\u0131 Risk ve F\u0131rsat Y\u00f6netimi (TCFD) - Anka Dan\u0131\u015fmanl\u0131k<\/title>\n<meta name=\"robots\" content=\"index, follow, max-snippet:-1, max-image-preview:large, max-video-preview:-1\" \/>\n<link rel=\"canonical\" href=\"http:\/\/ankadanismanlikltd.com\/en\/iklim-baglantili-risk-ve-firsat-yonetimi-tcfd\/\" \/>\n<meta property=\"og:locale\" content=\"en_US\" \/>\n<meta property=\"og:type\" content=\"article\" \/>\n<meta property=\"og:title\" content=\"\u0130klim Ba\u011flant\u0131l\u0131 Risk ve F\u0131rsat Y\u00f6netimi (TCFD) - Anka Dan\u0131\u015fmanl\u0131k\" \/>\n<meta property=\"og:description\" content=\"\u0130klim Ba\u011flant\u0131l\u0131 Risk ve F\u0131rsat Y\u00f6netimi (TCFD) TCFD Tavsiyeleri (Task Force on Climate-related Financial Disclosures), kurumlar\u0131n iklim de\u011fi\u015fikli\u011fi ile ili\u015fkili risk ve f\u0131rsatlar\u0131 nas\u0131l y\u00f6neteceklerine dair \u00f6nemli bir k\u0131lavuz niteli\u011fi ta\u015f\u0131maktad\u0131r. \u0130klim ba\u011flant\u0131l\u0131 risklerin, kurumsal risk de\u011ferlendirmelerine entegre edilmesi ve \u015firket stratejilerine dahil edilmesi, T\u00fcrkiye S\u00fcrd\u00fcr\u00fclebilirlik Raporlama Standartlar\u0131\u2019n\u0131n (TSRS) temel bir konusunu olu\u015fturur. Anka Dan\u0131\u015fmanl\u0131k Olarak Sunmu\u015f Oldu\u011fumuz Hizmetler Anka Dan\u0131\u015fmanl\u0131k olarak, iklim risklerini \u00fcst y\u00f6netim seviyesinde ele al\u0131yor ve[&hellip;]\" \/>\n<meta property=\"og:url\" content=\"http:\/\/ankadanismanlikltd.com\/en\/iklim-baglantili-risk-ve-firsat-yonetimi-tcfd\/\" \/>\n<meta property=\"og:site_name\" content=\"Anka Dan\u0131\u015fmanl\u0131k\" \/>\n<meta property=\"article:publisher\" content=\"https:\/\/www.facebook.com\/ankadanismanlik\" \/>\n<meta property=\"article:modified_time\" content=\"2024-10-20T11:27:31+00:00\" \/>\n<meta name=\"twitter:card\" content=\"summary_large_image\" \/>\n<meta name=\"twitter:site\" content=\"@ankaconsultancy\" \/>\n<meta name=\"twitter:label1\" content=\"Est. reading time\" \/>\n\t<meta name=\"twitter:data1\" content=\"2 minutes\" \/>\n<script type=\"application\/ld+json\" class=\"yoast-schema-graph\">{\"@context\":\"https:\/\/schema.org\",\"@graph\":[{\"@type\":\"WebPage\",\"@id\":\"http:\/\/ankadanismanlikltd.com\/en\/iklim-baglantili-risk-ve-firsat-yonetimi-tcfd\/\",\"url\":\"http:\/\/ankadanismanlikltd.com\/en\/iklim-baglantili-risk-ve-firsat-yonetimi-tcfd\/\",\"name\":\"\u0130klim Ba\u011flant\u0131l\u0131 Risk ve F\u0131rsat Y\u00f6netimi (TCFD) - Anka Dan\u0131\u015fmanl\u0131k\",\"isPartOf\":{\"@id\":\"https:\/\/ankadanismanlikltd.com\/en\/#website\"},\"datePublished\":\"2024-10-16T12:02:21+00:00\",\"dateModified\":\"2024-10-20T11:27:31+00:00\",\"breadcrumb\":{\"@id\":\"http:\/\/ankadanismanlikltd.com\/en\/iklim-baglantili-risk-ve-firsat-yonetimi-tcfd\/#breadcrumb\"},\"inLanguage\":\"en-US\",\"potentialAction\":[{\"@type\":\"ReadAction\",\"target\":[\"http:\/\/ankadanismanlikltd.com\/en\/iklim-baglantili-risk-ve-firsat-yonetimi-tcfd\/\"]}]},{\"@type\":\"BreadcrumbList\",\"@id\":\"http:\/\/ankadanismanlikltd.com\/en\/iklim-baglantili-risk-ve-firsat-yonetimi-tcfd\/#breadcrumb\",\"itemListElement\":[{\"@type\":\"ListItem\",\"position\":1,\"name\":\"Anasayfa\",\"item\":\"https:\/\/ankadanismanlikltd.com\/en\/\"},{\"@type\":\"ListItem\",\"position\":2,\"name\":\"\u0130klim Ba\u011flant\u0131l\u0131 Risk ve F\u0131rsat Y\u00f6netimi (TCFD)\"}]},{\"@type\":\"WebSite\",\"@id\":\"https:\/\/ankadanismanlikltd.com\/en\/#website\",\"url\":\"https:\/\/ankadanismanlikltd.com\/en\/\",\"name\":\"Anka Dan\u0131\u015fmanl\u0131k\",\"description\":\"\",\"publisher\":{\"@id\":\"https:\/\/ankadanismanlikltd.com\/en\/#organization\"},\"potentialAction\":[{\"@type\":\"SearchAction\",\"target\":{\"@type\":\"EntryPoint\",\"urlTemplate\":\"https:\/\/ankadanismanlikltd.com\/en\/?s={search_term_string}\"},\"query-input\":{\"@type\":\"PropertyValueSpecification\",\"valueRequired\":true,\"valueName\":\"search_term_string\"}}],\"inLanguage\":\"en-US\"},{\"@type\":\"Organization\",\"@id\":\"https:\/\/ankadanismanlikltd.com\/en\/#organization\",\"name\":\"ANKA Dan\u0131\u015fmanl\u0131k\",\"url\":\"https:\/\/ankadanismanlikltd.com\/en\/\",\"logo\":{\"@type\":\"ImageObject\",\"inLanguage\":\"en-US\",\"@id\":\"https:\/\/ankadanismanlikltd.com\/en\/#\/schema\/logo\/image\/\",\"url\":\"https:\/\/ankadanismanlikltd.com\/wp-content\/uploads\/2025\/03\/yeni-logo.jpg\",\"contentUrl\":\"https:\/\/ankadanismanlikltd.com\/wp-content\/uploads\/2025\/03\/yeni-logo.jpg\",\"width\":623,\"height\":630,\"caption\":\"ANKA Dan\u0131\u015fmanl\u0131k\"},\"image\":{\"@id\":\"https:\/\/ankadanismanlikltd.com\/en\/#\/schema\/logo\/image\/\"},\"sameAs\":[\"https:\/\/www.facebook.com\/ankadanismanlik\",\"https:\/\/x.com\/ankaconsultancy\",\"https:\/\/www.linkedin.com\/company\/ankadanismanlik\",\"https:\/\/www.youtube.com\/@ANKADanmanlk.official\",\"https:\/\/www.instagram.com\/ankadanismanlik.tr?igsh=MXZ6OXMyd3k2MW5zbA&utm_source=qr\"]}]}<\/script>\n<!-- \/ Yoast SEO plugin. -->","yoast_head_json":{"title":"\u0130klim Ba\u011flant\u0131l\u0131 Risk ve F\u0131rsat Y\u00f6netimi (TCFD) - Anka Dan\u0131\u015fmanl\u0131k","robots":{"index":"index","follow":"follow","max-snippet":"max-snippet:-1","max-image-preview":"max-image-preview:large","max-video-preview":"max-video-preview:-1"},"canonical":"http:\/\/ankadanismanlikltd.com\/en\/iklim-baglantili-risk-ve-firsat-yonetimi-tcfd\/","og_locale":"en_US","og_type":"article","og_title":"\u0130klim Ba\u011flant\u0131l\u0131 Risk ve F\u0131rsat Y\u00f6netimi (TCFD) - Anka Dan\u0131\u015fmanl\u0131k","og_description":"\u0130klim Ba\u011flant\u0131l\u0131 Risk ve F\u0131rsat Y\u00f6netimi (TCFD) TCFD Tavsiyeleri (Task Force on Climate-related Financial Disclosures), kurumlar\u0131n iklim de\u011fi\u015fikli\u011fi ile ili\u015fkili risk ve f\u0131rsatlar\u0131 nas\u0131l y\u00f6neteceklerine dair \u00f6nemli bir k\u0131lavuz niteli\u011fi ta\u015f\u0131maktad\u0131r. \u0130klim ba\u011flant\u0131l\u0131 risklerin, kurumsal risk de\u011ferlendirmelerine entegre edilmesi ve \u015firket stratejilerine dahil edilmesi, T\u00fcrkiye S\u00fcrd\u00fcr\u00fclebilirlik Raporlama Standartlar\u0131\u2019n\u0131n (TSRS) temel bir konusunu olu\u015fturur. Anka Dan\u0131\u015fmanl\u0131k Olarak Sunmu\u015f Oldu\u011fumuz Hizmetler Anka Dan\u0131\u015fmanl\u0131k olarak, iklim risklerini \u00fcst y\u00f6netim seviyesinde ele al\u0131yor ve[&hellip;]","og_url":"http:\/\/ankadanismanlikltd.com\/en\/iklim-baglantili-risk-ve-firsat-yonetimi-tcfd\/","og_site_name":"Anka Dan\u0131\u015fmanl\u0131k","article_publisher":"https:\/\/www.facebook.com\/ankadanismanlik","article_modified_time":"2024-10-20T11:27:31+00:00","twitter_card":"summary_large_image","twitter_site":"@ankaconsultancy","twitter_misc":{"Est. reading time":"2 minutes"},"schema":{"@context":"https:\/\/schema.org","@graph":[{"@type":"WebPage","@id":"http:\/\/ankadanismanlikltd.com\/en\/iklim-baglantili-risk-ve-firsat-yonetimi-tcfd\/","url":"http:\/\/ankadanismanlikltd.com\/en\/iklim-baglantili-risk-ve-firsat-yonetimi-tcfd\/","name":"\u0130klim Ba\u011flant\u0131l\u0131 Risk ve F\u0131rsat Y\u00f6netimi (TCFD) - Anka Dan\u0131\u015fmanl\u0131k","isPartOf":{"@id":"https:\/\/ankadanismanlikltd.com\/en\/#website"},"datePublished":"2024-10-16T12:02:21+00:00","dateModified":"2024-10-20T11:27:31+00:00","breadcrumb":{"@id":"http:\/\/ankadanismanlikltd.com\/en\/iklim-baglantili-risk-ve-firsat-yonetimi-tcfd\/#breadcrumb"},"inLanguage":"en-US","potentialAction":[{"@type":"ReadAction","target":["http:\/\/ankadanismanlikltd.com\/en\/iklim-baglantili-risk-ve-firsat-yonetimi-tcfd\/"]}]},{"@type":"BreadcrumbList","@id":"http:\/\/ankadanismanlikltd.com\/en\/iklim-baglantili-risk-ve-firsat-yonetimi-tcfd\/#breadcrumb","itemListElement":[{"@type":"ListItem","position":1,"name":"Anasayfa","item":"https:\/\/ankadanismanlikltd.com\/en\/"},{"@type":"ListItem","position":2,"name":"\u0130klim Ba\u011flant\u0131l\u0131 Risk ve F\u0131rsat Y\u00f6netimi (TCFD)"}]},{"@type":"WebSite","@id":"https:\/\/ankadanismanlikltd.com\/en\/#website","url":"https:\/\/ankadanismanlikltd.com\/en\/","name":"Anka Dan\u0131\u015fmanl\u0131k","description":"","publisher":{"@id":"https:\/\/ankadanismanlikltd.com\/en\/#organization"},"potentialAction":[{"@type":"SearchAction","target":{"@type":"EntryPoint","urlTemplate":"https:\/\/ankadanismanlikltd.com\/en\/?s={search_term_string}"},"query-input":{"@type":"PropertyValueSpecification","valueRequired":true,"valueName":"search_term_string"}}],"inLanguage":"en-US"},{"@type":"Organization","@id":"https:\/\/ankadanismanlikltd.com\/en\/#organization","name":"ANKA Dan\u0131\u015fmanl\u0131k","url":"https:\/\/ankadanismanlikltd.com\/en\/","logo":{"@type":"ImageObject","inLanguage":"en-US","@id":"https:\/\/ankadanismanlikltd.com\/en\/#\/schema\/logo\/image\/","url":"https:\/\/ankadanismanlikltd.com\/wp-content\/uploads\/2025\/03\/yeni-logo.jpg","contentUrl":"https:\/\/ankadanismanlikltd.com\/wp-content\/uploads\/2025\/03\/yeni-logo.jpg","width":623,"height":630,"caption":"ANKA Dan\u0131\u015fmanl\u0131k"},"image":{"@id":"https:\/\/ankadanismanlikltd.com\/en\/#\/schema\/logo\/image\/"},"sameAs":["https:\/\/www.facebook.com\/ankadanismanlik","https:\/\/x.com\/ankaconsultancy","https:\/\/www.linkedin.com\/company\/ankadanismanlik","https:\/\/www.youtube.com\/@ANKADanmanlk.official","https:\/\/www.instagram.com\/ankadanismanlik.tr?igsh=MXZ6OXMyd3k2MW5zbA&utm_source=qr"]}]}},"_links":{"self":[{"href":"http:\/\/ankadanismanlikltd.com\/en\/wp-json\/wp\/v2\/pages\/836","targetHints":{"allow":["GET"]}}],"collection":[{"href":"http:\/\/ankadanismanlikltd.com\/en\/wp-json\/wp\/v2\/pages"}],"about":[{"href":"http:\/\/ankadanismanlikltd.com\/en\/wp-json\/wp\/v2\/types\/page"}],"author":[{"embeddable":true,"href":"http:\/\/ankadanismanlikltd.com\/en\/wp-json\/wp\/v2\/users\/1"}],"replies":[{"embeddable":true,"href":"http:\/\/ankadanismanlikltd.com\/en\/wp-json\/wp\/v2\/comments?post=836"}],"version-history":[{"count":3,"href":"http:\/\/ankadanismanlikltd.com\/en\/wp-json\/wp\/v2\/pages\/836\/revisions"}],"predecessor-version":[{"id":977,"href":"http:\/\/ankadanismanlikltd.com\/en\/wp-json\/wp\/v2\/pages\/836\/revisions\/977"}],"wp:attachment":[{"href":"http:\/\/ankadanismanlikltd.com\/en\/wp-json\/wp\/v2\/media?parent=836"}],"curies":[{"name":"wp","href":"https:\/\/api.w.org\/{rel}","templated":true}]}}