{"id":854,"date":"2024-10-16T12:08:01","date_gmt":"2024-10-16T12:08:01","guid":{"rendered":"https:\/\/ankadanismanlikltd.com\/?page_id=854"},"modified":"2024-10-20T11:25:46","modified_gmt":"2024-10-20T11:25:46","slug":"yesil-tahvil-green-bond","status":"publish","type":"page","link":"http:\/\/ankadanismanlikltd.com\/en\/yesil-tahvil-green-bond\/","title":{"rendered":"Green Bond"},"content":{"rendered":"<p><strong>What is a Green Bond?<\/strong><\/p>\n\n\n\n<p>Ye\u015fil tahvil, \u00e7evre dostu projeleri finanse etmek \u00fczere \u00f6zel olarak tasarlanm\u0131\u015f bir finansal ara\u00e7t\u0131r. Temel amac\u0131, \u00e7evresel olarak s\u00fcrd\u00fcr\u00fclebilir projeleri desteklemektir. Bu projeler, yenilenebilir enerji altyap\u0131s\u0131ndan enerji verimlili\u011fi art\u0131rmaya, at\u0131k y\u00f6netimi ve su kaynaklar\u0131n\u0131n korunmas\u0131ndan \u00e7evre dostu ula\u015f\u0131m sistemlerinin geli\u015ftirilmesine kadar geni\u015f bir yelpazeyi kapsamaktad\u0131r.<\/p>\n\n\n\n<p><strong>Purpose and Importance<\/strong><\/p>\n\n\n\n<p>The main purpose of green bonds is to support projects that contribute to solving various environmental problems facing us today, such as climate change, pollution, and habitat destruction. As such, green bonds stand out as a critical tool for promoting sustainability in many industries.<\/p>\n\n\n\n<p>Ye\u015fil tahvillerin \u00f6nemi \u015funlar\u0131 i\u00e7erir:<\/p>\n\n\n\n<p>Pazar Geli\u015fimi: Ye\u015fil tahvil piyasas\u0131, son y\u0131llarda h\u0131zl\u0131 bir b\u00fcy\u00fcme g\u00f6stermektedir. Hem kamu hem de \u00f6zel sekt\u00f6r, \u00e7e\u015fitli s\u00fcrd\u00fcr\u00fclebilirlik hedeflerine ula\u015fmak i\u00e7in ye\u015fil tahviller arac\u0131l\u0131\u011f\u0131yla fon sa\u011flamaya y\u00f6nelmektedir.<\/p>\n\n\n\n<p>\u00c7evresel Etki: Ye\u015fil tahviller, projelerin \u00e7evresel etkilerini azaltmaya ve do\u011fay\u0131 korumaya yard\u0131mc\u0131 olur. Yenilenebilir enerji projeleri, sera gaz\u0131 emisyonlar\u0131n\u0131 azaltma potansiyeline sahip oldu\u011fu i\u00e7in b\u00fcy\u00fck bir \u00f6neme sahiptir.<\/p>\n\n\n\n<p>Finansman Sa\u011flama: S\u00fcrd\u00fcr\u00fclebilir projelerin finansman\u0131n\u0131 sa\u011flamada etkili bir y\u00f6ntemdir. Ye\u015fil tahvil ihra\u00e7 eden kurulu\u015flar, bu tahviller arac\u0131l\u0131\u011f\u0131yla kaynak sa\u011flarken, yat\u0131r\u0131mc\u0131lar da \u00e7evresel projelere destek olma f\u0131rsat\u0131 bulur.<\/p>\n\n\n\n<p>Yat\u0131r\u0131mc\u0131 \u0130lgi: \u00c7evresel ve sosyal s\u00fcrd\u00fcr\u00fclebilirli\u011fe \u00f6nem veren yat\u0131r\u0131mc\u0131lar\u0131n ilgisini \u00e7ekmektedir. Bu tahviller, sosyal sorumluluk sahibi yat\u0131r\u0131mc\u0131lar i\u00e7in cazip bir se\u00e7enek sunar.<\/p>\n\n\n\n<p>\u0130klim Hedefleri: Ye\u015fil tahviller, \u00fclkelerin ve \u015firketlerin iklim hedeflerine ula\u015fmalar\u0131n\u0131 destekleyen \u00f6nemli bir ara\u00e7t\u0131r. Paris \u0130klim Anla\u015fmas\u0131 gibi uluslararas\u0131 anla\u015fmalar, ye\u015fil tahvil piyasas\u0131n\u0131n b\u00fcy\u00fcmesine zemin haz\u0131rlamaktad\u0131r.<\/p>\n\n\n\n<p>Standartlar ve Sertifikasyon: Ye\u015fil tahvillerin ge\u00e7erlili\u011fini art\u0131rmak i\u00e7in \u00e7e\u015fitli standartlar ve sertifikasyon s\u00fcre\u00e7leri bulunmaktad\u0131r. \u00d6rne\u011fin, \u0130klim \u015eirketi veya Ye\u015fil Tahvil Prensipleri gibi inisiyatifler, yat\u0131r\u0131mc\u0131lar\u0131n ye\u015fil tahvilleri de\u011ferlendirmesine yard\u0131mc\u0131 olur.<\/p>","protected":false},"excerpt":{"rendered":"<p>Ye\u015fil Tahvil Nedir? Ye\u015fil tahvil, \u00e7evre dostu projeleri finanse etmek \u00fczere \u00f6zel olarak tasarlanm\u0131\u015f bir finansal ara\u00e7t\u0131r. Temel amac\u0131, \u00e7evresel olarak s\u00fcrd\u00fcr\u00fclebilir projeleri desteklemektir. Bu projeler, yenilenebilir enerji altyap\u0131s\u0131ndan enerji verimlili\u011fi art\u0131rmaya, at\u0131k y\u00f6netimi ve su kaynaklar\u0131n\u0131n korunmas\u0131ndan \u00e7evre dostu ula\u015f\u0131m sistemlerinin geli\u015ftirilmesine kadar geni\u015f bir yelpazeyi kapsamaktad\u0131r. Ama\u00e7 ve \u00d6nemi Ye\u015fil tahvillerin temel amac\u0131, iklim de\u011fi\u015fikli\u011fi, kirlilik ve habitat tahribat\u0131 gibi g\u00fcn\u00fcm\u00fcz\u00fcn kar\u015f\u0131la\u015ft\u0131\u011f\u0131 \u00e7e\u015fitli \u00e7evresel sorunlar\u0131 \u00e7\u00f6zmeye katk\u0131da bulunan[&hellip;]<\/p>","protected":false},"author":1,"featured_media":0,"parent":0,"menu_order":0,"comment_status":"closed","ping_status":"closed","template":"","meta":{"_acf_changed":false,"footnotes":""},"class_list":["post-854","page","type-page","status-publish","hentry"],"acf":[],"yoast_head":"<!-- This site is optimized with the Yoast SEO plugin v25.9 - https:\/\/yoast.com\/wordpress\/plugins\/seo\/ -->\n<title>Ye\u015fil Tahvil (Green Bond) - Anka Dan\u0131\u015fmanl\u0131k<\/title>\n<meta name=\"robots\" content=\"index, follow, max-snippet:-1, max-image-preview:large, max-video-preview:-1\" \/>\n<link rel=\"canonical\" href=\"http:\/\/ankadanismanlikltd.com\/en\/yesil-tahvil-green-bond\/\" \/>\n<meta property=\"og:locale\" content=\"en_US\" \/>\n<meta property=\"og:type\" content=\"article\" \/>\n<meta property=\"og:title\" content=\"Ye\u015fil Tahvil (Green Bond) - Anka Dan\u0131\u015fmanl\u0131k\" \/>\n<meta property=\"og:description\" content=\"Ye\u015fil Tahvil Nedir? Ye\u015fil tahvil, \u00e7evre dostu projeleri finanse etmek \u00fczere \u00f6zel olarak tasarlanm\u0131\u015f bir finansal ara\u00e7t\u0131r. Temel amac\u0131, \u00e7evresel olarak s\u00fcrd\u00fcr\u00fclebilir projeleri desteklemektir. Bu projeler, yenilenebilir enerji altyap\u0131s\u0131ndan enerji verimlili\u011fi art\u0131rmaya, at\u0131k y\u00f6netimi ve su kaynaklar\u0131n\u0131n korunmas\u0131ndan \u00e7evre dostu ula\u015f\u0131m sistemlerinin geli\u015ftirilmesine kadar geni\u015f bir yelpazeyi kapsamaktad\u0131r. Ama\u00e7 ve \u00d6nemi Ye\u015fil tahvillerin temel amac\u0131, iklim de\u011fi\u015fikli\u011fi, kirlilik ve habitat tahribat\u0131 gibi g\u00fcn\u00fcm\u00fcz\u00fcn kar\u015f\u0131la\u015ft\u0131\u011f\u0131 \u00e7e\u015fitli \u00e7evresel sorunlar\u0131 \u00e7\u00f6zmeye katk\u0131da bulunan[&hellip;]\" \/>\n<meta property=\"og:url\" content=\"http:\/\/ankadanismanlikltd.com\/en\/yesil-tahvil-green-bond\/\" \/>\n<meta property=\"og:site_name\" content=\"Anka Dan\u0131\u015fmanl\u0131k\" \/>\n<meta property=\"article:publisher\" content=\"https:\/\/www.facebook.com\/ankadanismanlik\" \/>\n<meta property=\"article:modified_time\" content=\"2024-10-20T11:25:46+00:00\" \/>\n<meta name=\"twitter:card\" content=\"summary_large_image\" \/>\n<meta name=\"twitter:site\" content=\"@ankaconsultancy\" \/>\n<meta name=\"twitter:label1\" content=\"Est. reading time\" \/>\n\t<meta name=\"twitter:data1\" content=\"2 minutes\" \/>\n<script type=\"application\/ld+json\" class=\"yoast-schema-graph\">{\"@context\":\"https:\/\/schema.org\",\"@graph\":[{\"@type\":\"WebPage\",\"@id\":\"http:\/\/ankadanismanlikltd.com\/en\/yesil-tahvil-green-bond\/\",\"url\":\"http:\/\/ankadanismanlikltd.com\/en\/yesil-tahvil-green-bond\/\",\"name\":\"Ye\u015fil Tahvil (Green Bond) - Anka Dan\u0131\u015fmanl\u0131k\",\"isPartOf\":{\"@id\":\"https:\/\/ankadanismanlikltd.com\/en\/#website\"},\"datePublished\":\"2024-10-16T12:08:01+00:00\",\"dateModified\":\"2024-10-20T11:25:46+00:00\",\"breadcrumb\":{\"@id\":\"http:\/\/ankadanismanlikltd.com\/en\/yesil-tahvil-green-bond\/#breadcrumb\"},\"inLanguage\":\"en-US\",\"potentialAction\":[{\"@type\":\"ReadAction\",\"target\":[\"http:\/\/ankadanismanlikltd.com\/en\/yesil-tahvil-green-bond\/\"]}]},{\"@type\":\"BreadcrumbList\",\"@id\":\"http:\/\/ankadanismanlikltd.com\/en\/yesil-tahvil-green-bond\/#breadcrumb\",\"itemListElement\":[{\"@type\":\"ListItem\",\"position\":1,\"name\":\"Anasayfa\",\"item\":\"https:\/\/ankadanismanlikltd.com\/en\/\"},{\"@type\":\"ListItem\",\"position\":2,\"name\":\"Ye\u015fil Tahvil (Green Bond)\"}]},{\"@type\":\"WebSite\",\"@id\":\"https:\/\/ankadanismanlikltd.com\/en\/#website\",\"url\":\"https:\/\/ankadanismanlikltd.com\/en\/\",\"name\":\"Anka Dan\u0131\u015fmanl\u0131k\",\"description\":\"\",\"publisher\":{\"@id\":\"https:\/\/ankadanismanlikltd.com\/en\/#organization\"},\"potentialAction\":[{\"@type\":\"SearchAction\",\"target\":{\"@type\":\"EntryPoint\",\"urlTemplate\":\"https:\/\/ankadanismanlikltd.com\/en\/?s={search_term_string}\"},\"query-input\":{\"@type\":\"PropertyValueSpecification\",\"valueRequired\":true,\"valueName\":\"search_term_string\"}}],\"inLanguage\":\"en-US\"},{\"@type\":\"Organization\",\"@id\":\"https:\/\/ankadanismanlikltd.com\/en\/#organization\",\"name\":\"ANKA Dan\u0131\u015fmanl\u0131k\",\"url\":\"https:\/\/ankadanismanlikltd.com\/en\/\",\"logo\":{\"@type\":\"ImageObject\",\"inLanguage\":\"en-US\",\"@id\":\"https:\/\/ankadanismanlikltd.com\/en\/#\/schema\/logo\/image\/\",\"url\":\"https:\/\/ankadanismanlikltd.com\/wp-content\/uploads\/2025\/03\/yeni-logo.jpg\",\"contentUrl\":\"https:\/\/ankadanismanlikltd.com\/wp-content\/uploads\/2025\/03\/yeni-logo.jpg\",\"width\":623,\"height\":630,\"caption\":\"ANKA Dan\u0131\u015fmanl\u0131k\"},\"image\":{\"@id\":\"https:\/\/ankadanismanlikltd.com\/en\/#\/schema\/logo\/image\/\"},\"sameAs\":[\"https:\/\/www.facebook.com\/ankadanismanlik\",\"https:\/\/x.com\/ankaconsultancy\",\"https:\/\/www.linkedin.com\/company\/ankadanismanlik\",\"https:\/\/www.youtube.com\/@ANKADanmanlk.official\",\"https:\/\/www.instagram.com\/ankadanismanlik.tr?igsh=MXZ6OXMyd3k2MW5zbA&utm_source=qr\"]}]}<\/script>\n<!-- \/ Yoast SEO plugin. -->","yoast_head_json":{"title":"Ye\u015fil Tahvil (Green Bond) - Anka Dan\u0131\u015fmanl\u0131k","robots":{"index":"index","follow":"follow","max-snippet":"max-snippet:-1","max-image-preview":"max-image-preview:large","max-video-preview":"max-video-preview:-1"},"canonical":"http:\/\/ankadanismanlikltd.com\/en\/yesil-tahvil-green-bond\/","og_locale":"en_US","og_type":"article","og_title":"Ye\u015fil Tahvil (Green Bond) - Anka Dan\u0131\u015fmanl\u0131k","og_description":"Ye\u015fil Tahvil Nedir? Ye\u015fil tahvil, \u00e7evre dostu projeleri finanse etmek \u00fczere \u00f6zel olarak tasarlanm\u0131\u015f bir finansal ara\u00e7t\u0131r. Temel amac\u0131, \u00e7evresel olarak s\u00fcrd\u00fcr\u00fclebilir projeleri desteklemektir. Bu projeler, yenilenebilir enerji altyap\u0131s\u0131ndan enerji verimlili\u011fi art\u0131rmaya, at\u0131k y\u00f6netimi ve su kaynaklar\u0131n\u0131n korunmas\u0131ndan \u00e7evre dostu ula\u015f\u0131m sistemlerinin geli\u015ftirilmesine kadar geni\u015f bir yelpazeyi kapsamaktad\u0131r. Ama\u00e7 ve \u00d6nemi Ye\u015fil tahvillerin temel amac\u0131, iklim de\u011fi\u015fikli\u011fi, kirlilik ve habitat tahribat\u0131 gibi g\u00fcn\u00fcm\u00fcz\u00fcn kar\u015f\u0131la\u015ft\u0131\u011f\u0131 \u00e7e\u015fitli \u00e7evresel sorunlar\u0131 \u00e7\u00f6zmeye katk\u0131da bulunan[&hellip;]","og_url":"http:\/\/ankadanismanlikltd.com\/en\/yesil-tahvil-green-bond\/","og_site_name":"Anka Dan\u0131\u015fmanl\u0131k","article_publisher":"https:\/\/www.facebook.com\/ankadanismanlik","article_modified_time":"2024-10-20T11:25:46+00:00","twitter_card":"summary_large_image","twitter_site":"@ankaconsultancy","twitter_misc":{"Est. reading time":"2 minutes"},"schema":{"@context":"https:\/\/schema.org","@graph":[{"@type":"WebPage","@id":"http:\/\/ankadanismanlikltd.com\/en\/yesil-tahvil-green-bond\/","url":"http:\/\/ankadanismanlikltd.com\/en\/yesil-tahvil-green-bond\/","name":"Ye\u015fil Tahvil (Green Bond) - Anka Dan\u0131\u015fmanl\u0131k","isPartOf":{"@id":"https:\/\/ankadanismanlikltd.com\/en\/#website"},"datePublished":"2024-10-16T12:08:01+00:00","dateModified":"2024-10-20T11:25:46+00:00","breadcrumb":{"@id":"http:\/\/ankadanismanlikltd.com\/en\/yesil-tahvil-green-bond\/#breadcrumb"},"inLanguage":"en-US","potentialAction":[{"@type":"ReadAction","target":["http:\/\/ankadanismanlikltd.com\/en\/yesil-tahvil-green-bond\/"]}]},{"@type":"BreadcrumbList","@id":"http:\/\/ankadanismanlikltd.com\/en\/yesil-tahvil-green-bond\/#breadcrumb","itemListElement":[{"@type":"ListItem","position":1,"name":"Anasayfa","item":"https:\/\/ankadanismanlikltd.com\/en\/"},{"@type":"ListItem","position":2,"name":"Ye\u015fil Tahvil (Green Bond)"}]},{"@type":"WebSite","@id":"https:\/\/ankadanismanlikltd.com\/en\/#website","url":"https:\/\/ankadanismanlikltd.com\/en\/","name":"Anka Dan\u0131\u015fmanl\u0131k","description":"","publisher":{"@id":"https:\/\/ankadanismanlikltd.com\/en\/#organization"},"potentialAction":[{"@type":"SearchAction","target":{"@type":"EntryPoint","urlTemplate":"https:\/\/ankadanismanlikltd.com\/en\/?s={search_term_string}"},"query-input":{"@type":"PropertyValueSpecification","valueRequired":true,"valueName":"search_term_string"}}],"inLanguage":"en-US"},{"@type":"Organization","@id":"https:\/\/ankadanismanlikltd.com\/en\/#organization","name":"ANKA Dan\u0131\u015fmanl\u0131k","url":"https:\/\/ankadanismanlikltd.com\/en\/","logo":{"@type":"ImageObject","inLanguage":"en-US","@id":"https:\/\/ankadanismanlikltd.com\/en\/#\/schema\/logo\/image\/","url":"https:\/\/ankadanismanlikltd.com\/wp-content\/uploads\/2025\/03\/yeni-logo.jpg","contentUrl":"https:\/\/ankadanismanlikltd.com\/wp-content\/uploads\/2025\/03\/yeni-logo.jpg","width":623,"height":630,"caption":"ANKA Dan\u0131\u015fmanl\u0131k"},"image":{"@id":"https:\/\/ankadanismanlikltd.com\/en\/#\/schema\/logo\/image\/"},"sameAs":["https:\/\/www.facebook.com\/ankadanismanlik","https:\/\/x.com\/ankaconsultancy","https:\/\/www.linkedin.com\/company\/ankadanismanlik","https:\/\/www.youtube.com\/@ANKADanmanlk.official","https:\/\/www.instagram.com\/ankadanismanlik.tr?igsh=MXZ6OXMyd3k2MW5zbA&utm_source=qr"]}]}},"_links":{"self":[{"href":"http:\/\/ankadanismanlikltd.com\/en\/wp-json\/wp\/v2\/pages\/854","targetHints":{"allow":["GET"]}}],"collection":[{"href":"http:\/\/ankadanismanlikltd.com\/en\/wp-json\/wp\/v2\/pages"}],"about":[{"href":"http:\/\/ankadanismanlikltd.com\/en\/wp-json\/wp\/v2\/types\/page"}],"author":[{"embeddable":true,"href":"http:\/\/ankadanismanlikltd.com\/en\/wp-json\/wp\/v2\/users\/1"}],"replies":[{"embeddable":true,"href":"http:\/\/ankadanismanlikltd.com\/en\/wp-json\/wp\/v2\/comments?post=854"}],"version-history":[{"count":3,"href":"http:\/\/ankadanismanlikltd.com\/en\/wp-json\/wp\/v2\/pages\/854\/revisions"}],"predecessor-version":[{"id":976,"href":"http:\/\/ankadanismanlikltd.com\/en\/wp-json\/wp\/v2\/pages\/854\/revisions\/976"}],"wp:attachment":[{"href":"http:\/\/ankadanismanlikltd.com\/en\/wp-json\/wp\/v2\/media?parent=854"}],"curies":[{"name":"wp","href":"https:\/\/api.w.org\/{rel}","templated":true}]}}