{"id":855,"date":"2024-10-16T12:07:55","date_gmt":"2024-10-16T12:07:55","guid":{"rendered":"https:\/\/ankadanismanlikltd.com\/?page_id=855"},"modified":"2024-10-18T11:30:54","modified_gmt":"2024-10-18T11:30:54","slug":"yesil-finans-raporlamasi","status":"publish","type":"page","link":"http:\/\/ankadanismanlikltd.com\/en\/yesil-finans-raporlamasi\/","title":{"rendered":"Green Finance Reporting"},"content":{"rendered":"<p>Green finance reporting is a process by which financial institutions and companies document the activities they undertake to achieve environmental sustainability goals and the financial impacts of these activities. Green finance reporting aims to provide credibility to investors, stakeholders and the public by presenting sustainability efforts transparently. Here are the key elements and components of green finance reporting:<\/p>\n\n\n\n<p><strong>What is Green Finance Reporting?<\/strong><\/p>\n\n\n\n<p>Green finance reporting is a system used to document and report the financing of environmentally friendly projects and sustainability practices. These reports are critical for measuring environmental impacts, setting goals, and tracking progress toward those goals.<\/p>\n\n\n\n<p><strong>Basic Components<\/strong><\/p>\n\n\n\n<ol start=\"1\" class=\"wp-block-list\">\n<li><strong>Project Description<\/strong>: Information about the scope, purpose and sustainability goals of projects supported by green financing sources.<\/li>\n\n\n\n<li><strong>Financial Data<\/strong>: Details regarding the financing of projects, allocated resources and information on the use of these resources.<\/li>\n\n\n\n<li><strong>Environmental Impact<\/strong>: Environmental impacts of projects are reported with criteria such as carbon emission reduction, energy efficiency increase or protection of natural resources.<\/li>\n\n\n\n<li><strong>Goals and Monitoring<\/strong>: Sustainability targets set and progress reports towards these targets.<\/li>\n\n\n\n<li><strong>Transparency and Accountability<\/strong>: Standards and metrics used in the reporting process to ensure transparency and create accountability to stakeholders.<\/li>\n<\/ol>\n\n\n\n<p><strong>Standards Used in Green Finance Reporting<\/strong><\/p>\n\n\n\n<ul class=\"wp-block-list\">\n<li><strong>Climate Initiative Reporting Protocol (GHG Protocol)<\/strong>: A widely used standard for measuring and reporting carbon emissions.<\/li>\n\n\n\n<li><strong>Sustainability Accounting Standards Board (SASB)<\/strong>: Provides a framework that combines sustainability performance with financial reporting.<\/li>\n\n\n\n<li><strong>Global Reporting Initiative (GRI)<\/strong>: Kurumlar\u0131n s\u00fcrd\u00fcr\u00fclebilirlik performanslar\u0131n\u0131 raporlamalar\u0131 i\u00e7in yayg\u0131n olarak kullan\u0131lan bir \u00e7er\u00e7evedir.<\/li>\n<\/ul>\n\n\n\n<p><strong>Benefits<\/strong><\/p>\n\n\n\n<ul class=\"wp-block-list\">\n<li><strong>Investor Confidence<\/strong>: Transparent reporting increases investors' confidence in environmental sustainability efforts.<\/li>\n\n\n\n<li><strong>Competitive Advantage<\/strong>: Companies that invest in sustainable projects gain market advantage by demonstrating their environmental responsibility.<\/li>\n\n\n\n<li><strong>Regulatory Compliance<\/strong>Green finance reporting facilitates compliance with legal and regulatory requirements.<\/li>\n<\/ul>","protected":false},"excerpt":{"rendered":"<p>Ye\u015fil finans raporlamas\u0131, finansal kurulu\u015flar\u0131n ve \u015firketlerin \u00e7evresel s\u00fcrd\u00fcr\u00fclebilirlik hedeflerine ula\u015fmak i\u00e7in ger\u00e7ekle\u015ftirdikleri faaliyetleri ve bu faaliyetlerin finansal etkilerini belgeledikleri bir s\u00fcre\u00e7tir. Ye\u015fil finans raporlamas\u0131, yat\u0131r\u0131mc\u0131lara, payda\u015flara ve kamuoyuna, s\u00fcrd\u00fcr\u00fclebilirlik \u00e7abalar\u0131n\u0131 \u015feffaf bir \u015fekilde sunarak g\u00fcvenilirlik kazand\u0131rmay\u0131 ama\u00e7lar. \u0130\u015fte ye\u015fil finans raporlamas\u0131n\u0131n \u00f6nemli unsurlar\u0131 ve bile\u015fenleri: Ye\u015fil Finans Raporlamas\u0131 Nedir? Ye\u015fil finans raporlamas\u0131, \u00e7evre dostu projelerin ve s\u00fcrd\u00fcr\u00fclebilirlik uygulamalar\u0131n\u0131n finansman\u0131n\u0131 belgelemek ve raporlamak i\u00e7in kullan\u0131lan bir sistemdir. Bu raporlamalar, \u00e7evresel[&hellip;]<\/p>","protected":false},"author":1,"featured_media":0,"parent":0,"menu_order":0,"comment_status":"closed","ping_status":"closed","template":"","meta":{"_acf_changed":false,"footnotes":""},"class_list":["post-855","page","type-page","status-publish","hentry"],"acf":[],"yoast_head":"<!-- This site is optimized with the Yoast SEO plugin v25.9 - https:\/\/yoast.com\/wordpress\/plugins\/seo\/ -->\n<title>Ye\u015fil Finans Raporlamas\u0131 - Anka Dan\u0131\u015fmanl\u0131k<\/title>\n<meta name=\"robots\" content=\"index, follow, max-snippet:-1, max-image-preview:large, max-video-preview:-1\" \/>\n<link rel=\"canonical\" href=\"http:\/\/ankadanismanlikltd.com\/en\/yesil-finans-raporlamasi\/\" \/>\n<meta property=\"og:locale\" content=\"en_US\" \/>\n<meta property=\"og:type\" content=\"article\" \/>\n<meta property=\"og:title\" content=\"Ye\u015fil Finans Raporlamas\u0131 - Anka Dan\u0131\u015fmanl\u0131k\" \/>\n<meta property=\"og:description\" content=\"Ye\u015fil finans raporlamas\u0131, finansal kurulu\u015flar\u0131n ve \u015firketlerin \u00e7evresel s\u00fcrd\u00fcr\u00fclebilirlik hedeflerine ula\u015fmak i\u00e7in ger\u00e7ekle\u015ftirdikleri faaliyetleri ve bu faaliyetlerin finansal etkilerini belgeledikleri bir s\u00fcre\u00e7tir. Ye\u015fil finans raporlamas\u0131, yat\u0131r\u0131mc\u0131lara, payda\u015flara ve kamuoyuna, s\u00fcrd\u00fcr\u00fclebilirlik \u00e7abalar\u0131n\u0131 \u015feffaf bir \u015fekilde sunarak g\u00fcvenilirlik kazand\u0131rmay\u0131 ama\u00e7lar. \u0130\u015fte ye\u015fil finans raporlamas\u0131n\u0131n \u00f6nemli unsurlar\u0131 ve bile\u015fenleri: Ye\u015fil Finans Raporlamas\u0131 Nedir? Ye\u015fil finans raporlamas\u0131, \u00e7evre dostu projelerin ve s\u00fcrd\u00fcr\u00fclebilirlik uygulamalar\u0131n\u0131n finansman\u0131n\u0131 belgelemek ve raporlamak i\u00e7in kullan\u0131lan bir sistemdir. Bu raporlamalar, \u00e7evresel[&hellip;]\" \/>\n<meta property=\"og:url\" content=\"http:\/\/ankadanismanlikltd.com\/en\/yesil-finans-raporlamasi\/\" \/>\n<meta property=\"og:site_name\" content=\"Anka Dan\u0131\u015fmanl\u0131k\" \/>\n<meta property=\"article:publisher\" content=\"https:\/\/www.facebook.com\/ankadanismanlik\" \/>\n<meta property=\"article:modified_time\" content=\"2024-10-18T11:30:54+00:00\" \/>\n<meta name=\"twitter:card\" content=\"summary_large_image\" \/>\n<meta name=\"twitter:site\" content=\"@ankaconsultancy\" \/>\n<meta name=\"twitter:label1\" content=\"Est. reading time\" \/>\n\t<meta name=\"twitter:data1\" content=\"2 minutes\" \/>\n<script type=\"application\/ld+json\" class=\"yoast-schema-graph\">{\"@context\":\"https:\/\/schema.org\",\"@graph\":[{\"@type\":\"WebPage\",\"@id\":\"http:\/\/ankadanismanlikltd.com\/en\/yesil-finans-raporlamasi\/\",\"url\":\"http:\/\/ankadanismanlikltd.com\/en\/yesil-finans-raporlamasi\/\",\"name\":\"Ye\u015fil Finans Raporlamas\u0131 - Anka Dan\u0131\u015fmanl\u0131k\",\"isPartOf\":{\"@id\":\"http:\/\/ankadanismanlikltd.com\/en\/#website\"},\"datePublished\":\"2024-10-16T12:07:55+00:00\",\"dateModified\":\"2024-10-18T11:30:54+00:00\",\"breadcrumb\":{\"@id\":\"http:\/\/ankadanismanlikltd.com\/en\/yesil-finans-raporlamasi\/#breadcrumb\"},\"inLanguage\":\"en-US\",\"potentialAction\":[{\"@type\":\"ReadAction\",\"target\":[\"http:\/\/ankadanismanlikltd.com\/en\/yesil-finans-raporlamasi\/\"]}]},{\"@type\":\"BreadcrumbList\",\"@id\":\"http:\/\/ankadanismanlikltd.com\/en\/yesil-finans-raporlamasi\/#breadcrumb\",\"itemListElement\":[{\"@type\":\"ListItem\",\"position\":1,\"name\":\"Anasayfa\",\"item\":\"http:\/\/ankadanismanlikltd.com\/en\/\"},{\"@type\":\"ListItem\",\"position\":2,\"name\":\"Ye\u015fil Finans Raporlamas\u0131\"}]},{\"@type\":\"WebSite\",\"@id\":\"http:\/\/ankadanismanlikltd.com\/en\/#website\",\"url\":\"http:\/\/ankadanismanlikltd.com\/en\/\",\"name\":\"Anka Dan\u0131\u015fmanl\u0131k\",\"description\":\"\",\"publisher\":{\"@id\":\"http:\/\/ankadanismanlikltd.com\/en\/#organization\"},\"potentialAction\":[{\"@type\":\"SearchAction\",\"target\":{\"@type\":\"EntryPoint\",\"urlTemplate\":\"http:\/\/ankadanismanlikltd.com\/en\/?s={search_term_string}\"},\"query-input\":{\"@type\":\"PropertyValueSpecification\",\"valueRequired\":true,\"valueName\":\"search_term_string\"}}],\"inLanguage\":\"en-US\"},{\"@type\":\"Organization\",\"@id\":\"http:\/\/ankadanismanlikltd.com\/en\/#organization\",\"name\":\"ANKA Dan\u0131\u015fmanl\u0131k\",\"url\":\"http:\/\/ankadanismanlikltd.com\/en\/\",\"logo\":{\"@type\":\"ImageObject\",\"inLanguage\":\"en-US\",\"@id\":\"http:\/\/ankadanismanlikltd.com\/en\/#\/schema\/logo\/image\/\",\"url\":\"https:\/\/ankadanismanlikltd.com\/wp-content\/uploads\/2025\/03\/yeni-logo.jpg\",\"contentUrl\":\"https:\/\/ankadanismanlikltd.com\/wp-content\/uploads\/2025\/03\/yeni-logo.jpg\",\"width\":623,\"height\":630,\"caption\":\"ANKA Dan\u0131\u015fmanl\u0131k\"},\"image\":{\"@id\":\"http:\/\/ankadanismanlikltd.com\/en\/#\/schema\/logo\/image\/\"},\"sameAs\":[\"https:\/\/www.facebook.com\/ankadanismanlik\",\"https:\/\/x.com\/ankaconsultancy\",\"https:\/\/www.linkedin.com\/company\/ankadanismanlik\",\"https:\/\/www.youtube.com\/@ANKADanmanlk.official\",\"https:\/\/www.instagram.com\/ankadanismanlik.tr?igsh=MXZ6OXMyd3k2MW5zbA&utm_source=qr\"]}]}<\/script>\n<!-- \/ Yoast SEO plugin. -->","yoast_head_json":{"title":"Ye\u015fil Finans Raporlamas\u0131 - Anka Dan\u0131\u015fmanl\u0131k","robots":{"index":"index","follow":"follow","max-snippet":"max-snippet:-1","max-image-preview":"max-image-preview:large","max-video-preview":"max-video-preview:-1"},"canonical":"http:\/\/ankadanismanlikltd.com\/en\/yesil-finans-raporlamasi\/","og_locale":"en_US","og_type":"article","og_title":"Ye\u015fil Finans Raporlamas\u0131 - Anka Dan\u0131\u015fmanl\u0131k","og_description":"Ye\u015fil finans raporlamas\u0131, finansal kurulu\u015flar\u0131n ve \u015firketlerin \u00e7evresel s\u00fcrd\u00fcr\u00fclebilirlik hedeflerine ula\u015fmak i\u00e7in ger\u00e7ekle\u015ftirdikleri faaliyetleri ve bu faaliyetlerin finansal etkilerini belgeledikleri bir s\u00fcre\u00e7tir. Ye\u015fil finans raporlamas\u0131, yat\u0131r\u0131mc\u0131lara, payda\u015flara ve kamuoyuna, s\u00fcrd\u00fcr\u00fclebilirlik \u00e7abalar\u0131n\u0131 \u015feffaf bir \u015fekilde sunarak g\u00fcvenilirlik kazand\u0131rmay\u0131 ama\u00e7lar. \u0130\u015fte ye\u015fil finans raporlamas\u0131n\u0131n \u00f6nemli unsurlar\u0131 ve bile\u015fenleri: Ye\u015fil Finans Raporlamas\u0131 Nedir? Ye\u015fil finans raporlamas\u0131, \u00e7evre dostu projelerin ve s\u00fcrd\u00fcr\u00fclebilirlik uygulamalar\u0131n\u0131n finansman\u0131n\u0131 belgelemek ve raporlamak i\u00e7in kullan\u0131lan bir sistemdir. Bu raporlamalar, \u00e7evresel[&hellip;]","og_url":"http:\/\/ankadanismanlikltd.com\/en\/yesil-finans-raporlamasi\/","og_site_name":"Anka Dan\u0131\u015fmanl\u0131k","article_publisher":"https:\/\/www.facebook.com\/ankadanismanlik","article_modified_time":"2024-10-18T11:30:54+00:00","twitter_card":"summary_large_image","twitter_site":"@ankaconsultancy","twitter_misc":{"Est. reading time":"2 minutes"},"schema":{"@context":"https:\/\/schema.org","@graph":[{"@type":"WebPage","@id":"http:\/\/ankadanismanlikltd.com\/en\/yesil-finans-raporlamasi\/","url":"http:\/\/ankadanismanlikltd.com\/en\/yesil-finans-raporlamasi\/","name":"Ye\u015fil Finans Raporlamas\u0131 - Anka Dan\u0131\u015fmanl\u0131k","isPartOf":{"@id":"http:\/\/ankadanismanlikltd.com\/en\/#website"},"datePublished":"2024-10-16T12:07:55+00:00","dateModified":"2024-10-18T11:30:54+00:00","breadcrumb":{"@id":"http:\/\/ankadanismanlikltd.com\/en\/yesil-finans-raporlamasi\/#breadcrumb"},"inLanguage":"en-US","potentialAction":[{"@type":"ReadAction","target":["http:\/\/ankadanismanlikltd.com\/en\/yesil-finans-raporlamasi\/"]}]},{"@type":"BreadcrumbList","@id":"http:\/\/ankadanismanlikltd.com\/en\/yesil-finans-raporlamasi\/#breadcrumb","itemListElement":[{"@type":"ListItem","position":1,"name":"Anasayfa","item":"http:\/\/ankadanismanlikltd.com\/en\/"},{"@type":"ListItem","position":2,"name":"Ye\u015fil Finans Raporlamas\u0131"}]},{"@type":"WebSite","@id":"http:\/\/ankadanismanlikltd.com\/en\/#website","url":"http:\/\/ankadanismanlikltd.com\/en\/","name":"Anka Dan\u0131\u015fmanl\u0131k","description":"","publisher":{"@id":"http:\/\/ankadanismanlikltd.com\/en\/#organization"},"potentialAction":[{"@type":"SearchAction","target":{"@type":"EntryPoint","urlTemplate":"http:\/\/ankadanismanlikltd.com\/en\/?s={search_term_string}"},"query-input":{"@type":"PropertyValueSpecification","valueRequired":true,"valueName":"search_term_string"}}],"inLanguage":"en-US"},{"@type":"Organization","@id":"http:\/\/ankadanismanlikltd.com\/en\/#organization","name":"ANKA Dan\u0131\u015fmanl\u0131k","url":"http:\/\/ankadanismanlikltd.com\/en\/","logo":{"@type":"ImageObject","inLanguage":"en-US","@id":"http:\/\/ankadanismanlikltd.com\/en\/#\/schema\/logo\/image\/","url":"https:\/\/ankadanismanlikltd.com\/wp-content\/uploads\/2025\/03\/yeni-logo.jpg","contentUrl":"https:\/\/ankadanismanlikltd.com\/wp-content\/uploads\/2025\/03\/yeni-logo.jpg","width":623,"height":630,"caption":"ANKA Dan\u0131\u015fmanl\u0131k"},"image":{"@id":"http:\/\/ankadanismanlikltd.com\/en\/#\/schema\/logo\/image\/"},"sameAs":["https:\/\/www.facebook.com\/ankadanismanlik","https:\/\/x.com\/ankaconsultancy","https:\/\/www.linkedin.com\/company\/ankadanismanlik","https:\/\/www.youtube.com\/@ANKADanmanlk.official","https:\/\/www.instagram.com\/ankadanismanlik.tr?igsh=MXZ6OXMyd3k2MW5zbA&utm_source=qr"]}]}},"_links":{"self":[{"href":"http:\/\/ankadanismanlikltd.com\/en\/wp-json\/wp\/v2\/pages\/855","targetHints":{"allow":["GET"]}}],"collection":[{"href":"http:\/\/ankadanismanlikltd.com\/en\/wp-json\/wp\/v2\/pages"}],"about":[{"href":"http:\/\/ankadanismanlikltd.com\/en\/wp-json\/wp\/v2\/types\/page"}],"author":[{"embeddable":true,"href":"http:\/\/ankadanismanlikltd.com\/en\/wp-json\/wp\/v2\/users\/1"}],"replies":[{"embeddable":true,"href":"http:\/\/ankadanismanlikltd.com\/en\/wp-json\/wp\/v2\/comments?post=855"}],"version-history":[{"count":2,"href":"http:\/\/ankadanismanlikltd.com\/en\/wp-json\/wp\/v2\/pages\/855\/revisions"}],"predecessor-version":[{"id":933,"href":"http:\/\/ankadanismanlikltd.com\/en\/wp-json\/wp\/v2\/pages\/855\/revisions\/933"}],"wp:attachment":[{"href":"http:\/\/ankadanismanlikltd.com\/en\/wp-json\/wp\/v2\/media?parent=855"}],"curies":[{"name":"wp","href":"https:\/\/api.w.org\/{rel}","templated":true}]}}