{"id":856,"date":"2024-10-16T12:07:39","date_gmt":"2024-10-16T12:07:39","guid":{"rendered":"https:\/\/ankadanismanlikltd.com\/?page_id=856"},"modified":"2024-10-18T11:29:52","modified_gmt":"2024-10-18T11:29:52","slug":"surdurulebilirlik-endeksleri-bist-dsji","status":"publish","type":"page","link":"http:\/\/ankadanismanlikltd.com\/en\/surdurulebilirlik-endeksleri-bist-dsji\/","title":{"rendered":"Sustainability Indices (BIST, DSJI)"},"content":{"rendered":"<p>Sustainability indices are financial tools developed to evaluate the environmental, social and governance (ESG) performance of companies and present this information to investors and other stakeholders. Here is more information and details about sustainability indices:<\/p>\n\n\n\n<p><strong>What are Sustainability Indices?<\/strong><\/p>\n\n\n\n<p>Sustainability indices are indicators that measure a company's sustainability practices and performance. These indices typically include the following elements:<\/p>\n\n\n\n<ol start=\"1\" class=\"wp-block-list\">\n<li><strong>Environmental Performance<\/strong>: Focuses on environmental impacts such as carbon emissions, water usage, and waste management.<\/li>\n\n\n\n<li><strong>Social Performance<\/strong>: Evaluates social dimensions such as worker rights, social contribution, and customer satisfaction.<\/li>\n\n\n\n<li><strong>Governance<\/strong>: Examines governance practices such as corporate governance, ethics, and transparency.<\/li>\n<\/ol>\n\n\n\n<p><strong>Major Sustainability Indices<\/strong><\/p>\n\n\n\n<ul class=\"wp-block-list\">\n<li><strong>Dow Jones Sustainability Index (DJSI)<\/strong>: It is one of the most widely known sustainability indices in the world. It evaluates the sustainability performance of companies and identifies the best performers.<\/li>\n\n\n\n<li><strong>FTSE4Good Index<\/strong>: It is an index that includes companies that meet sustainability standards. It evaluates companies according to environmental and social responsibility criteria.<\/li>\n\n\n\n<li><strong>MSCI Sustainability Index<\/strong>: It is another important index that measures the environmental, social and governance performance of companies.<\/li>\n<\/ul>\n\n\n\n<p><strong>Benefits of Sustainability Indices<\/strong><\/p>\n\n\n\n<ul class=\"wp-block-list\">\n<li><strong>Providing Information for Investors<\/strong>: Investors can learn which companies are environmentally and socially sensitive through sustainability indices.<\/li>\n\n\n\n<li><strong>Competitive Advantage<\/strong>: Companies included in sustainability indices gain greater recognition in their markets thanks to their commitment to sustainability.<\/li>\n\n\n\n<li><strong>Company Improvements<\/strong>: Companies strive to improve their sustainability practices in order to perform better in these indices.<\/li>\n<\/ul>","protected":false},"excerpt":{"rendered":"<p>S\u00fcrd\u00fcr\u00fclebilirlik endeksleri, \u015firketlerin \u00e7evresel, sosyal ve y\u00f6neti\u015fim (ESG) performans\u0131n\u0131 de\u011ferlendirmek ve bu bilgiyi yat\u0131r\u0131mc\u0131lara ve di\u011fer payda\u015flara sunmak i\u00e7in geli\u015ftirilmi\u015f finansal ara\u00e7lard\u0131r. \u0130\u015fte s\u00fcrd\u00fcr\u00fclebilirlik endeksleri hakk\u0131nda daha fazla bilgi ve detaylar: S\u00fcrd\u00fcr\u00fclebilirlik Endeksleri Nedir? S\u00fcrd\u00fcr\u00fclebilirlik endeksleri, bir \u015firketin s\u00fcrd\u00fcr\u00fclebilirlik uygulamalar\u0131n\u0131 ve performans\u0131n\u0131 \u00f6l\u00e7en g\u00f6stergelerdir. Bu endeksler, genellikle a\u015fa\u011f\u0131daki unsurlar\u0131 i\u00e7erir: \u00d6nemli S\u00fcrd\u00fcr\u00fclebilirlik Endeksleri S\u00fcrd\u00fcr\u00fclebilirlik Endekslerinin Faydalar\u0131<\/p>","protected":false},"author":1,"featured_media":0,"parent":0,"menu_order":0,"comment_status":"closed","ping_status":"closed","template":"","meta":{"_acf_changed":false,"footnotes":""},"class_list":["post-856","page","type-page","status-publish","hentry"],"acf":[],"yoast_head":"<!-- This site is optimized with the Yoast SEO plugin v25.9 - https:\/\/yoast.com\/wordpress\/plugins\/seo\/ -->\n<title>S\u00fcrd\u00fcr\u00fclebilirlik Endeksleri (BIST, DSJI) - Anka Dan\u0131\u015fmanl\u0131k<\/title>\n<meta name=\"robots\" content=\"index, follow, max-snippet:-1, max-image-preview:large, max-video-preview:-1\" \/>\n<link rel=\"canonical\" href=\"http:\/\/ankadanismanlikltd.com\/en\/surdurulebilirlik-endeksleri-bist-dsji\/\" \/>\n<meta property=\"og:locale\" content=\"en_US\" \/>\n<meta property=\"og:type\" content=\"article\" \/>\n<meta property=\"og:title\" content=\"S\u00fcrd\u00fcr\u00fclebilirlik Endeksleri (BIST, DSJI) - Anka Dan\u0131\u015fmanl\u0131k\" \/>\n<meta property=\"og:description\" content=\"S\u00fcrd\u00fcr\u00fclebilirlik endeksleri, \u015firketlerin \u00e7evresel, sosyal ve y\u00f6neti\u015fim (ESG) performans\u0131n\u0131 de\u011ferlendirmek ve bu bilgiyi yat\u0131r\u0131mc\u0131lara ve di\u011fer payda\u015flara sunmak i\u00e7in geli\u015ftirilmi\u015f finansal ara\u00e7lard\u0131r. \u0130\u015fte s\u00fcrd\u00fcr\u00fclebilirlik endeksleri hakk\u0131nda daha fazla bilgi ve detaylar: S\u00fcrd\u00fcr\u00fclebilirlik Endeksleri Nedir? S\u00fcrd\u00fcr\u00fclebilirlik endeksleri, bir \u015firketin s\u00fcrd\u00fcr\u00fclebilirlik uygulamalar\u0131n\u0131 ve performans\u0131n\u0131 \u00f6l\u00e7en g\u00f6stergelerdir. Bu endeksler, genellikle a\u015fa\u011f\u0131daki unsurlar\u0131 i\u00e7erir: \u00d6nemli S\u00fcrd\u00fcr\u00fclebilirlik Endeksleri S\u00fcrd\u00fcr\u00fclebilirlik Endekslerinin Faydalar\u0131\" \/>\n<meta property=\"og:url\" content=\"http:\/\/ankadanismanlikltd.com\/en\/surdurulebilirlik-endeksleri-bist-dsji\/\" \/>\n<meta property=\"og:site_name\" content=\"Anka Dan\u0131\u015fmanl\u0131k\" \/>\n<meta property=\"article:publisher\" content=\"https:\/\/www.facebook.com\/ankadanismanlik\" \/>\n<meta property=\"article:modified_time\" content=\"2024-10-18T11:29:52+00:00\" \/>\n<meta name=\"twitter:card\" content=\"summary_large_image\" \/>\n<meta name=\"twitter:site\" content=\"@ankaconsultancy\" \/>\n<meta name=\"twitter:label1\" content=\"Est. reading time\" \/>\n\t<meta name=\"twitter:data1\" content=\"2 minutes\" \/>\n<script type=\"application\/ld+json\" class=\"yoast-schema-graph\">{\"@context\":\"https:\/\/schema.org\",\"@graph\":[{\"@type\":\"WebPage\",\"@id\":\"http:\/\/ankadanismanlikltd.com\/en\/surdurulebilirlik-endeksleri-bist-dsji\/\",\"url\":\"http:\/\/ankadanismanlikltd.com\/en\/surdurulebilirlik-endeksleri-bist-dsji\/\",\"name\":\"S\u00fcrd\u00fcr\u00fclebilirlik Endeksleri (BIST, DSJI) - Anka Dan\u0131\u015fmanl\u0131k\",\"isPartOf\":{\"@id\":\"http:\/\/ankadanismanlikltd.com\/en\/#website\"},\"datePublished\":\"2024-10-16T12:07:39+00:00\",\"dateModified\":\"2024-10-18T11:29:52+00:00\",\"breadcrumb\":{\"@id\":\"http:\/\/ankadanismanlikltd.com\/en\/surdurulebilirlik-endeksleri-bist-dsji\/#breadcrumb\"},\"inLanguage\":\"en-US\",\"potentialAction\":[{\"@type\":\"ReadAction\",\"target\":[\"http:\/\/ankadanismanlikltd.com\/en\/surdurulebilirlik-endeksleri-bist-dsji\/\"]}]},{\"@type\":\"BreadcrumbList\",\"@id\":\"http:\/\/ankadanismanlikltd.com\/en\/surdurulebilirlik-endeksleri-bist-dsji\/#breadcrumb\",\"itemListElement\":[{\"@type\":\"ListItem\",\"position\":1,\"name\":\"Anasayfa\",\"item\":\"http:\/\/ankadanismanlikltd.com\/en\/\"},{\"@type\":\"ListItem\",\"position\":2,\"name\":\"S\u00fcrd\u00fcr\u00fclebilirlik Endeksleri (BIST, DSJI)\"}]},{\"@type\":\"WebSite\",\"@id\":\"http:\/\/ankadanismanlikltd.com\/en\/#website\",\"url\":\"http:\/\/ankadanismanlikltd.com\/en\/\",\"name\":\"Anka Dan\u0131\u015fmanl\u0131k\",\"description\":\"\",\"publisher\":{\"@id\":\"http:\/\/ankadanismanlikltd.com\/en\/#organization\"},\"potentialAction\":[{\"@type\":\"SearchAction\",\"target\":{\"@type\":\"EntryPoint\",\"urlTemplate\":\"http:\/\/ankadanismanlikltd.com\/en\/?s={search_term_string}\"},\"query-input\":{\"@type\":\"PropertyValueSpecification\",\"valueRequired\":true,\"valueName\":\"search_term_string\"}}],\"inLanguage\":\"en-US\"},{\"@type\":\"Organization\",\"@id\":\"http:\/\/ankadanismanlikltd.com\/en\/#organization\",\"name\":\"ANKA Dan\u0131\u015fmanl\u0131k\",\"url\":\"http:\/\/ankadanismanlikltd.com\/en\/\",\"logo\":{\"@type\":\"ImageObject\",\"inLanguage\":\"en-US\",\"@id\":\"http:\/\/ankadanismanlikltd.com\/en\/#\/schema\/logo\/image\/\",\"url\":\"https:\/\/ankadanismanlikltd.com\/wp-content\/uploads\/2025\/03\/yeni-logo.jpg\",\"contentUrl\":\"https:\/\/ankadanismanlikltd.com\/wp-content\/uploads\/2025\/03\/yeni-logo.jpg\",\"width\":623,\"height\":630,\"caption\":\"ANKA Dan\u0131\u015fmanl\u0131k\"},\"image\":{\"@id\":\"http:\/\/ankadanismanlikltd.com\/en\/#\/schema\/logo\/image\/\"},\"sameAs\":[\"https:\/\/www.facebook.com\/ankadanismanlik\",\"https:\/\/x.com\/ankaconsultancy\",\"https:\/\/www.linkedin.com\/company\/ankadanismanlik\",\"https:\/\/www.youtube.com\/@ANKADanmanlk.official\",\"https:\/\/www.instagram.com\/ankadanismanlik.tr?igsh=MXZ6OXMyd3k2MW5zbA&utm_source=qr\"]}]}<\/script>\n<!-- \/ Yoast SEO plugin. -->","yoast_head_json":{"title":"S\u00fcrd\u00fcr\u00fclebilirlik Endeksleri (BIST, DSJI) - Anka Dan\u0131\u015fmanl\u0131k","robots":{"index":"index","follow":"follow","max-snippet":"max-snippet:-1","max-image-preview":"max-image-preview:large","max-video-preview":"max-video-preview:-1"},"canonical":"http:\/\/ankadanismanlikltd.com\/en\/surdurulebilirlik-endeksleri-bist-dsji\/","og_locale":"en_US","og_type":"article","og_title":"S\u00fcrd\u00fcr\u00fclebilirlik Endeksleri (BIST, DSJI) - Anka Dan\u0131\u015fmanl\u0131k","og_description":"S\u00fcrd\u00fcr\u00fclebilirlik endeksleri, \u015firketlerin \u00e7evresel, sosyal ve y\u00f6neti\u015fim (ESG) performans\u0131n\u0131 de\u011ferlendirmek ve bu bilgiyi yat\u0131r\u0131mc\u0131lara ve di\u011fer payda\u015flara sunmak i\u00e7in geli\u015ftirilmi\u015f finansal ara\u00e7lard\u0131r. \u0130\u015fte s\u00fcrd\u00fcr\u00fclebilirlik endeksleri hakk\u0131nda daha fazla bilgi ve detaylar: S\u00fcrd\u00fcr\u00fclebilirlik Endeksleri Nedir? S\u00fcrd\u00fcr\u00fclebilirlik endeksleri, bir \u015firketin s\u00fcrd\u00fcr\u00fclebilirlik uygulamalar\u0131n\u0131 ve performans\u0131n\u0131 \u00f6l\u00e7en g\u00f6stergelerdir. Bu endeksler, genellikle a\u015fa\u011f\u0131daki unsurlar\u0131 i\u00e7erir: \u00d6nemli S\u00fcrd\u00fcr\u00fclebilirlik Endeksleri S\u00fcrd\u00fcr\u00fclebilirlik Endekslerinin Faydalar\u0131","og_url":"http:\/\/ankadanismanlikltd.com\/en\/surdurulebilirlik-endeksleri-bist-dsji\/","og_site_name":"Anka Dan\u0131\u015fmanl\u0131k","article_publisher":"https:\/\/www.facebook.com\/ankadanismanlik","article_modified_time":"2024-10-18T11:29:52+00:00","twitter_card":"summary_large_image","twitter_site":"@ankaconsultancy","twitter_misc":{"Est. reading time":"2 minutes"},"schema":{"@context":"https:\/\/schema.org","@graph":[{"@type":"WebPage","@id":"http:\/\/ankadanismanlikltd.com\/en\/surdurulebilirlik-endeksleri-bist-dsji\/","url":"http:\/\/ankadanismanlikltd.com\/en\/surdurulebilirlik-endeksleri-bist-dsji\/","name":"S\u00fcrd\u00fcr\u00fclebilirlik Endeksleri (BIST, DSJI) - Anka Dan\u0131\u015fmanl\u0131k","isPartOf":{"@id":"http:\/\/ankadanismanlikltd.com\/en\/#website"},"datePublished":"2024-10-16T12:07:39+00:00","dateModified":"2024-10-18T11:29:52+00:00","breadcrumb":{"@id":"http:\/\/ankadanismanlikltd.com\/en\/surdurulebilirlik-endeksleri-bist-dsji\/#breadcrumb"},"inLanguage":"en-US","potentialAction":[{"@type":"ReadAction","target":["http:\/\/ankadanismanlikltd.com\/en\/surdurulebilirlik-endeksleri-bist-dsji\/"]}]},{"@type":"BreadcrumbList","@id":"http:\/\/ankadanismanlikltd.com\/en\/surdurulebilirlik-endeksleri-bist-dsji\/#breadcrumb","itemListElement":[{"@type":"ListItem","position":1,"name":"Anasayfa","item":"http:\/\/ankadanismanlikltd.com\/en\/"},{"@type":"ListItem","position":2,"name":"S\u00fcrd\u00fcr\u00fclebilirlik Endeksleri (BIST, DSJI)"}]},{"@type":"WebSite","@id":"http:\/\/ankadanismanlikltd.com\/en\/#website","url":"http:\/\/ankadanismanlikltd.com\/en\/","name":"Anka Dan\u0131\u015fmanl\u0131k","description":"","publisher":{"@id":"http:\/\/ankadanismanlikltd.com\/en\/#organization"},"potentialAction":[{"@type":"SearchAction","target":{"@type":"EntryPoint","urlTemplate":"http:\/\/ankadanismanlikltd.com\/en\/?s={search_term_string}"},"query-input":{"@type":"PropertyValueSpecification","valueRequired":true,"valueName":"search_term_string"}}],"inLanguage":"en-US"},{"@type":"Organization","@id":"http:\/\/ankadanismanlikltd.com\/en\/#organization","name":"ANKA Dan\u0131\u015fmanl\u0131k","url":"http:\/\/ankadanismanlikltd.com\/en\/","logo":{"@type":"ImageObject","inLanguage":"en-US","@id":"http:\/\/ankadanismanlikltd.com\/en\/#\/schema\/logo\/image\/","url":"https:\/\/ankadanismanlikltd.com\/wp-content\/uploads\/2025\/03\/yeni-logo.jpg","contentUrl":"https:\/\/ankadanismanlikltd.com\/wp-content\/uploads\/2025\/03\/yeni-logo.jpg","width":623,"height":630,"caption":"ANKA Dan\u0131\u015fmanl\u0131k"},"image":{"@id":"http:\/\/ankadanismanlikltd.com\/en\/#\/schema\/logo\/image\/"},"sameAs":["https:\/\/www.facebook.com\/ankadanismanlik","https:\/\/x.com\/ankaconsultancy","https:\/\/www.linkedin.com\/company\/ankadanismanlik","https:\/\/www.youtube.com\/@ANKADanmanlk.official","https:\/\/www.instagram.com\/ankadanismanlik.tr?igsh=MXZ6OXMyd3k2MW5zbA&utm_source=qr"]}]}},"_links":{"self":[{"href":"http:\/\/ankadanismanlikltd.com\/en\/wp-json\/wp\/v2\/pages\/856","targetHints":{"allow":["GET"]}}],"collection":[{"href":"http:\/\/ankadanismanlikltd.com\/en\/wp-json\/wp\/v2\/pages"}],"about":[{"href":"http:\/\/ankadanismanlikltd.com\/en\/wp-json\/wp\/v2\/types\/page"}],"author":[{"embeddable":true,"href":"http:\/\/ankadanismanlikltd.com\/en\/wp-json\/wp\/v2\/users\/1"}],"replies":[{"embeddable":true,"href":"http:\/\/ankadanismanlikltd.com\/en\/wp-json\/wp\/v2\/comments?post=856"}],"version-history":[{"count":2,"href":"http:\/\/ankadanismanlikltd.com\/en\/wp-json\/wp\/v2\/pages\/856\/revisions"}],"predecessor-version":[{"id":930,"href":"http:\/\/ankadanismanlikltd.com\/en\/wp-json\/wp\/v2\/pages\/856\/revisions\/930"}],"wp:attachment":[{"href":"http:\/\/ankadanismanlikltd.com\/en\/wp-json\/wp\/v2\/media?parent=856"}],"curies":[{"name":"wp","href":"https:\/\/api.w.org\/{rel}","templated":true}]}}