{"id":857,"date":"2024-10-16T12:07:33","date_gmt":"2024-10-16T12:07:33","guid":{"rendered":"https:\/\/ankadanismanlikltd.com\/?page_id=857"},"modified":"2024-10-18T11:30:00","modified_gmt":"2024-10-18T11:30:00","slug":"gecis-tahvili-transition-bond","status":"publish","type":"page","link":"http:\/\/ankadanismanlikltd.com\/en\/gecis-tahvili-transition-bond\/","title":{"rendered":"Transition Bond"},"content":{"rendered":"<p>Green bonds are financial instruments specifically designed to finance environmentally friendly projects and have become an important investment vehicle in recent years. Your text summarizes the definition and importance of green bonds quite well. Here is some additional information that will enrich your text a little more:<\/p>\n\n\n\n<p><strong>What is a Green Bond?<\/strong><\/p>\n\n\n\n<p>A green bond is a type of bond issued to finance environmental sustainability projects. These projects typically cover the following areas:<\/p>\n\n\n\n<ul class=\"wp-block-list\">\n<li><strong>Renewable Energy<\/strong>: Energy production sources such as solar, wind and hydroelectric projects.<\/li>\n\n\n\n<li><strong>Energy Efficiency<\/strong>: Energy-saving technologies in buildings.<\/li>\n\n\n\n<li><strong>Waste Management<\/strong>: Recycling and waste reduction projects.<\/li>\n\n\n\n<li><strong>Water Conservation<\/strong>: Su kaynaklar\u0131n\u0131 koruma ve y\u00f6netme projeleri.<\/li>\n\n\n\n<li class=\" translation-block\"><strong>Sustainable Agriculture<\/strong>: Promoting environmentally friendly practices in agriculture.<\/li>\n<\/ul>\n\n\n\n<p><strong>Advantages for Investors<\/strong><\/p>\n\n\n\n<ul class=\"wp-block-list\">\n<li><strong>Social Impact<\/strong>: Investors can fulfill their social responsibilities by supporting projects that reduce their environmental impact.<\/li>\n\n\n\n<li><strong>Portfolio Diversity<\/strong>Green bonds provide diversification in investment portfolios as well as aligning them with sustainable investment strategies.<\/li>\n<\/ul>\n\n\n\n<p><strong>Advantages for Exporters<\/strong><\/p>\n\n\n\n<ul class=\"wp-block-list\">\n<li><strong>Sermaye Eri\u015fimi<\/strong>Green bonds offer companies a new source of capital to finance environmental projects.<\/li>\n\n\n\n<li><strong>Competitive Advantage<\/strong>Commitment to sustainability strengthens the image of companies and improves their relationships with customers.<\/li>\n<\/ul>\n\n\n\n<p><strong>The Future of Green Bonds<\/strong><\/p>\n\n\n\n<p>Green bonds are becoming increasingly popular as awareness of climate change and environmental issues grows. More countries and companies are issuing green bonds, and the total market size for this type of financing is also rapidly increasing.<\/p>","protected":false},"excerpt":{"rendered":"<p>Ye\u015fil tahviller, \u00e7evre dostu projeleri finanse etmek i\u00e7in \u00f6zel olarak tasarlanm\u0131\u015f bir finansal ara\u00e7t\u0131r ve son y\u0131llarda \u00f6nemli bir yat\u0131r\u0131m arac\u0131 haline gelmi\u015ftir. Sizin metniniz, ye\u015fil tahvillerin tan\u0131m\u0131n\u0131 ve \u00f6nemini olduk\u00e7a iyi \u00f6zetliyor. \u0130\u015fte metninizi biraz daha zenginle\u015ftirecek baz\u0131 ek bilgiler: Ye\u015fil Tahvil Nedir? Ye\u015fil tahvil, \u00e7evresel s\u00fcrd\u00fcr\u00fclebilirlik projelerini finanse etmek i\u00e7in ihra\u00e7 edilen bir tahvil t\u00fcr\u00fcd\u00fcr. Bu projeler genellikle a\u015fa\u011f\u0131daki alanlar\u0131 kapsar: Yat\u0131r\u0131mc\u0131lar \u0130\u00e7in Avantajlar \u0130hracat\u00e7\u0131lar \u0130\u00e7in Avantajlar Ye\u015fil[&hellip;]<\/p>","protected":false},"author":1,"featured_media":0,"parent":0,"menu_order":0,"comment_status":"closed","ping_status":"closed","template":"","meta":{"_acf_changed":false,"footnotes":""},"class_list":["post-857","page","type-page","status-publish","hentry"],"acf":[],"yoast_head":"<!-- This site is optimized with the Yoast SEO plugin v25.9 - https:\/\/yoast.com\/wordpress\/plugins\/seo\/ -->\n<title>Ge\u00e7i\u015f Tahvili (Transition Bond) - Anka Dan\u0131\u015fmanl\u0131k<\/title>\n<meta name=\"robots\" content=\"index, follow, max-snippet:-1, max-image-preview:large, max-video-preview:-1\" \/>\n<link rel=\"canonical\" href=\"http:\/\/ankadanismanlikltd.com\/en\/gecis-tahvili-transition-bond\/\" \/>\n<meta property=\"og:locale\" content=\"en_US\" \/>\n<meta property=\"og:type\" content=\"article\" \/>\n<meta property=\"og:title\" content=\"Ge\u00e7i\u015f Tahvili (Transition Bond) - Anka Dan\u0131\u015fmanl\u0131k\" \/>\n<meta property=\"og:description\" content=\"Ye\u015fil tahviller, \u00e7evre dostu projeleri finanse etmek i\u00e7in \u00f6zel olarak tasarlanm\u0131\u015f bir finansal ara\u00e7t\u0131r ve son y\u0131llarda \u00f6nemli bir yat\u0131r\u0131m arac\u0131 haline gelmi\u015ftir. Sizin metniniz, ye\u015fil tahvillerin tan\u0131m\u0131n\u0131 ve \u00f6nemini olduk\u00e7a iyi \u00f6zetliyor. \u0130\u015fte metninizi biraz daha zenginle\u015ftirecek baz\u0131 ek bilgiler: Ye\u015fil Tahvil Nedir? Ye\u015fil tahvil, \u00e7evresel s\u00fcrd\u00fcr\u00fclebilirlik projelerini finanse etmek i\u00e7in ihra\u00e7 edilen bir tahvil t\u00fcr\u00fcd\u00fcr. Bu projeler genellikle a\u015fa\u011f\u0131daki alanlar\u0131 kapsar: Yat\u0131r\u0131mc\u0131lar \u0130\u00e7in Avantajlar \u0130hracat\u00e7\u0131lar \u0130\u00e7in Avantajlar Ye\u015fil[&hellip;]\" \/>\n<meta property=\"og:url\" content=\"http:\/\/ankadanismanlikltd.com\/en\/gecis-tahvili-transition-bond\/\" \/>\n<meta property=\"og:site_name\" content=\"Anka Dan\u0131\u015fmanl\u0131k\" \/>\n<meta property=\"article:publisher\" content=\"https:\/\/www.facebook.com\/ankadanismanlik\" \/>\n<meta property=\"article:modified_time\" content=\"2024-10-18T11:30:00+00:00\" \/>\n<meta name=\"twitter:card\" content=\"summary_large_image\" \/>\n<meta name=\"twitter:site\" content=\"@ankaconsultancy\" \/>\n<meta name=\"twitter:label1\" content=\"Est. reading time\" \/>\n\t<meta name=\"twitter:data1\" content=\"2 minutes\" \/>\n<script type=\"application\/ld+json\" class=\"yoast-schema-graph\">{\"@context\":\"https:\/\/schema.org\",\"@graph\":[{\"@type\":\"WebPage\",\"@id\":\"http:\/\/ankadanismanlikltd.com\/en\/gecis-tahvili-transition-bond\/\",\"url\":\"http:\/\/ankadanismanlikltd.com\/en\/gecis-tahvili-transition-bond\/\",\"name\":\"Ge\u00e7i\u015f Tahvili (Transition Bond) - Anka Dan\u0131\u015fmanl\u0131k\",\"isPartOf\":{\"@id\":\"https:\/\/ankadanismanlikltd.com\/en\/#website\"},\"datePublished\":\"2024-10-16T12:07:33+00:00\",\"dateModified\":\"2024-10-18T11:30:00+00:00\",\"breadcrumb\":{\"@id\":\"http:\/\/ankadanismanlikltd.com\/en\/gecis-tahvili-transition-bond\/#breadcrumb\"},\"inLanguage\":\"en-US\",\"potentialAction\":[{\"@type\":\"ReadAction\",\"target\":[\"http:\/\/ankadanismanlikltd.com\/en\/gecis-tahvili-transition-bond\/\"]}]},{\"@type\":\"BreadcrumbList\",\"@id\":\"http:\/\/ankadanismanlikltd.com\/en\/gecis-tahvili-transition-bond\/#breadcrumb\",\"itemListElement\":[{\"@type\":\"ListItem\",\"position\":1,\"name\":\"Anasayfa\",\"item\":\"https:\/\/ankadanismanlikltd.com\/en\/\"},{\"@type\":\"ListItem\",\"position\":2,\"name\":\"Ge\u00e7i\u015f Tahvili (Transition Bond)\"}]},{\"@type\":\"WebSite\",\"@id\":\"https:\/\/ankadanismanlikltd.com\/en\/#website\",\"url\":\"https:\/\/ankadanismanlikltd.com\/en\/\",\"name\":\"Anka Dan\u0131\u015fmanl\u0131k\",\"description\":\"\",\"publisher\":{\"@id\":\"https:\/\/ankadanismanlikltd.com\/en\/#organization\"},\"potentialAction\":[{\"@type\":\"SearchAction\",\"target\":{\"@type\":\"EntryPoint\",\"urlTemplate\":\"https:\/\/ankadanismanlikltd.com\/en\/?s={search_term_string}\"},\"query-input\":{\"@type\":\"PropertyValueSpecification\",\"valueRequired\":true,\"valueName\":\"search_term_string\"}}],\"inLanguage\":\"en-US\"},{\"@type\":\"Organization\",\"@id\":\"https:\/\/ankadanismanlikltd.com\/en\/#organization\",\"name\":\"ANKA Dan\u0131\u015fmanl\u0131k\",\"url\":\"https:\/\/ankadanismanlikltd.com\/en\/\",\"logo\":{\"@type\":\"ImageObject\",\"inLanguage\":\"en-US\",\"@id\":\"https:\/\/ankadanismanlikltd.com\/en\/#\/schema\/logo\/image\/\",\"url\":\"https:\/\/ankadanismanlikltd.com\/wp-content\/uploads\/2025\/03\/yeni-logo.jpg\",\"contentUrl\":\"https:\/\/ankadanismanlikltd.com\/wp-content\/uploads\/2025\/03\/yeni-logo.jpg\",\"width\":623,\"height\":630,\"caption\":\"ANKA Dan\u0131\u015fmanl\u0131k\"},\"image\":{\"@id\":\"https:\/\/ankadanismanlikltd.com\/en\/#\/schema\/logo\/image\/\"},\"sameAs\":[\"https:\/\/www.facebook.com\/ankadanismanlik\",\"https:\/\/x.com\/ankaconsultancy\",\"https:\/\/www.linkedin.com\/company\/ankadanismanlik\",\"https:\/\/www.youtube.com\/@ANKADanmanlk.official\",\"https:\/\/www.instagram.com\/ankadanismanlik.tr?igsh=MXZ6OXMyd3k2MW5zbA&utm_source=qr\"]}]}<\/script>\n<!-- \/ Yoast SEO plugin. -->","yoast_head_json":{"title":"Ge\u00e7i\u015f Tahvili (Transition Bond) - Anka Dan\u0131\u015fmanl\u0131k","robots":{"index":"index","follow":"follow","max-snippet":"max-snippet:-1","max-image-preview":"max-image-preview:large","max-video-preview":"max-video-preview:-1"},"canonical":"http:\/\/ankadanismanlikltd.com\/en\/gecis-tahvili-transition-bond\/","og_locale":"en_US","og_type":"article","og_title":"Ge\u00e7i\u015f Tahvili (Transition Bond) - Anka Dan\u0131\u015fmanl\u0131k","og_description":"Ye\u015fil tahviller, \u00e7evre dostu projeleri finanse etmek i\u00e7in \u00f6zel olarak tasarlanm\u0131\u015f bir finansal ara\u00e7t\u0131r ve son y\u0131llarda \u00f6nemli bir yat\u0131r\u0131m arac\u0131 haline gelmi\u015ftir. Sizin metniniz, ye\u015fil tahvillerin tan\u0131m\u0131n\u0131 ve \u00f6nemini olduk\u00e7a iyi \u00f6zetliyor. \u0130\u015fte metninizi biraz daha zenginle\u015ftirecek baz\u0131 ek bilgiler: Ye\u015fil Tahvil Nedir? Ye\u015fil tahvil, \u00e7evresel s\u00fcrd\u00fcr\u00fclebilirlik projelerini finanse etmek i\u00e7in ihra\u00e7 edilen bir tahvil t\u00fcr\u00fcd\u00fcr. Bu projeler genellikle a\u015fa\u011f\u0131daki alanlar\u0131 kapsar: Yat\u0131r\u0131mc\u0131lar \u0130\u00e7in Avantajlar \u0130hracat\u00e7\u0131lar \u0130\u00e7in Avantajlar Ye\u015fil[&hellip;]","og_url":"http:\/\/ankadanismanlikltd.com\/en\/gecis-tahvili-transition-bond\/","og_site_name":"Anka Dan\u0131\u015fmanl\u0131k","article_publisher":"https:\/\/www.facebook.com\/ankadanismanlik","article_modified_time":"2024-10-18T11:30:00+00:00","twitter_card":"summary_large_image","twitter_site":"@ankaconsultancy","twitter_misc":{"Est. reading time":"2 minutes"},"schema":{"@context":"https:\/\/schema.org","@graph":[{"@type":"WebPage","@id":"http:\/\/ankadanismanlikltd.com\/en\/gecis-tahvili-transition-bond\/","url":"http:\/\/ankadanismanlikltd.com\/en\/gecis-tahvili-transition-bond\/","name":"Ge\u00e7i\u015f Tahvili (Transition Bond) - Anka Dan\u0131\u015fmanl\u0131k","isPartOf":{"@id":"https:\/\/ankadanismanlikltd.com\/en\/#website"},"datePublished":"2024-10-16T12:07:33+00:00","dateModified":"2024-10-18T11:30:00+00:00","breadcrumb":{"@id":"http:\/\/ankadanismanlikltd.com\/en\/gecis-tahvili-transition-bond\/#breadcrumb"},"inLanguage":"en-US","potentialAction":[{"@type":"ReadAction","target":["http:\/\/ankadanismanlikltd.com\/en\/gecis-tahvili-transition-bond\/"]}]},{"@type":"BreadcrumbList","@id":"http:\/\/ankadanismanlikltd.com\/en\/gecis-tahvili-transition-bond\/#breadcrumb","itemListElement":[{"@type":"ListItem","position":1,"name":"Anasayfa","item":"https:\/\/ankadanismanlikltd.com\/en\/"},{"@type":"ListItem","position":2,"name":"Ge\u00e7i\u015f Tahvili (Transition Bond)"}]},{"@type":"WebSite","@id":"https:\/\/ankadanismanlikltd.com\/en\/#website","url":"https:\/\/ankadanismanlikltd.com\/en\/","name":"Anka Dan\u0131\u015fmanl\u0131k","description":"","publisher":{"@id":"https:\/\/ankadanismanlikltd.com\/en\/#organization"},"potentialAction":[{"@type":"SearchAction","target":{"@type":"EntryPoint","urlTemplate":"https:\/\/ankadanismanlikltd.com\/en\/?s={search_term_string}"},"query-input":{"@type":"PropertyValueSpecification","valueRequired":true,"valueName":"search_term_string"}}],"inLanguage":"en-US"},{"@type":"Organization","@id":"https:\/\/ankadanismanlikltd.com\/en\/#organization","name":"ANKA Dan\u0131\u015fmanl\u0131k","url":"https:\/\/ankadanismanlikltd.com\/en\/","logo":{"@type":"ImageObject","inLanguage":"en-US","@id":"https:\/\/ankadanismanlikltd.com\/en\/#\/schema\/logo\/image\/","url":"https:\/\/ankadanismanlikltd.com\/wp-content\/uploads\/2025\/03\/yeni-logo.jpg","contentUrl":"https:\/\/ankadanismanlikltd.com\/wp-content\/uploads\/2025\/03\/yeni-logo.jpg","width":623,"height":630,"caption":"ANKA Dan\u0131\u015fmanl\u0131k"},"image":{"@id":"https:\/\/ankadanismanlikltd.com\/en\/#\/schema\/logo\/image\/"},"sameAs":["https:\/\/www.facebook.com\/ankadanismanlik","https:\/\/x.com\/ankaconsultancy","https:\/\/www.linkedin.com\/company\/ankadanismanlik","https:\/\/www.youtube.com\/@ANKADanmanlk.official","https:\/\/www.instagram.com\/ankadanismanlik.tr?igsh=MXZ6OXMyd3k2MW5zbA&utm_source=qr"]}]}},"_links":{"self":[{"href":"http:\/\/ankadanismanlikltd.com\/en\/wp-json\/wp\/v2\/pages\/857","targetHints":{"allow":["GET"]}}],"collection":[{"href":"http:\/\/ankadanismanlikltd.com\/en\/wp-json\/wp\/v2\/pages"}],"about":[{"href":"http:\/\/ankadanismanlikltd.com\/en\/wp-json\/wp\/v2\/types\/page"}],"author":[{"embeddable":true,"href":"http:\/\/ankadanismanlikltd.com\/en\/wp-json\/wp\/v2\/users\/1"}],"replies":[{"embeddable":true,"href":"http:\/\/ankadanismanlikltd.com\/en\/wp-json\/wp\/v2\/comments?post=857"}],"version-history":[{"count":2,"href":"http:\/\/ankadanismanlikltd.com\/en\/wp-json\/wp\/v2\/pages\/857\/revisions"}],"predecessor-version":[{"id":931,"href":"http:\/\/ankadanismanlikltd.com\/en\/wp-json\/wp\/v2\/pages\/857\/revisions\/931"}],"wp:attachment":[{"href":"http:\/\/ankadanismanlikltd.com\/en\/wp-json\/wp\/v2\/media?parent=857"}],"curies":[{"name":"wp","href":"https:\/\/api.w.org\/{rel}","templated":true}]}}