{"id":993,"date":"2024-11-05T22:51:15","date_gmt":"2024-11-05T22:51:15","guid":{"rendered":"https:\/\/ankadanismanlikltd.com\/?page_id=993"},"modified":"2025-02-12T13:48:44","modified_gmt":"2025-02-12T13:48:44","slug":"referanslarimiz","status":"publish","type":"page","link":"http:\/\/ankadanismanlikltd.com\/en\/referanslarimiz\/","title":{"rendered":"Our References"},"content":{"rendered":"<section class=\"wpb-content-wrapper\">\r\n<div class=\"vc_row wpb_row vc_row-fluid cspt-row cspt-bg-color-yes cspt-bg-color-transparent cspt-zindex-zero\">\r\n\t\t\t\r\n<div class=\"wpb_column vc_column_container vc_col-sm-12 cspt-column cspt-bg-color-yes cspt-bg-color-transparent cspt-zindex-zero\">\r\n\t<div class=\"vc_column-inner\">\r\n\t\r\n\t\t\r\n\t\t<div class=\"wpb_wrapper\">\r\n\t\t\t<div class=\"wpb_gallery wpb_content_element vc_clearfix\" ><div class=\"wpb_wrapper\"><div class=\"wpb_gallery_slides wpb_flexslider flexslider_fade flexslider\" data-interval=\"3\" data-flex_fx=\"fade\"><ul class=\"slides\"><li><a class=\"\" href=\"http:\/\/ankadanismanlikltd.com\/wp-content\/uploads\/2025\/02\/Resim2.jpg\" data-lightbox=\"lightbox[rel-993-4144613190]\"><img fetchpriority=\"high\" decoding=\"async\" width=\"264\" height=\"191\" src=\"http:\/\/ankadanismanlikltd.com\/wp-content\/uploads\/2025\/02\/Resim2.jpg\" class=\"attachment-medium\" alt=\"\" title=\"Resim2\" srcset=\"http:\/\/ankadanismanlikltd.com\/wp-content\/uploads\/2025\/02\/Resim2.jpg 264w, http:\/\/ankadanismanlikltd.com\/wp-content\/uploads\/2025\/02\/Resim2-18x12.jpg 18w\" sizes=\"(max-width: 264px) 100vw, 264px\" data-id=\"1020\" \/><\/a><\/li><li><a class=\"\" href=\"http:\/\/ankadanismanlikltd.com\/wp-content\/uploads\/2025\/02\/Resim1.jpg\" data-lightbox=\"lightbox[rel-993-4144613190]\"><img decoding=\"async\" width=\"268\" height=\"265\" src=\"http:\/\/ankadanismanlikltd.com\/wp-content\/uploads\/2025\/02\/Resim1.jpg\" class=\"attachment-medium\" alt=\"\" title=\"Resim1\" srcset=\"http:\/\/ankadanismanlikltd.com\/wp-content\/uploads\/2025\/02\/Resim1.jpg 268w, http:\/\/ankadanismanlikltd.com\/wp-content\/uploads\/2025\/02\/Resim1-12x12.jpg 12w\" sizes=\"(max-width: 268px) 100vw, 268px\" data-id=\"1019\" \/><\/a><\/li><li><a class=\"\" href=\"http:\/\/ankadanismanlikltd.com\/wp-content\/uploads\/2025\/02\/Resim3.png\" data-lightbox=\"lightbox[rel-993-4144613190]\"><img decoding=\"async\" width=\"300\" height=\"89\" src=\"http:\/\/ankadanismanlikltd.com\/wp-content\/uploads\/2025\/02\/Resim3-300x89.png\" class=\"attachment-medium\" alt=\"\" title=\"Resim3\" srcset=\"http:\/\/ankadanismanlikltd.com\/wp-content\/uploads\/2025\/02\/Resim3-300x89.png 300w, http:\/\/ankadanismanlikltd.com\/wp-content\/uploads\/2025\/02\/Resim3-18x5.png 18w, http:\/\/ankadanismanlikltd.com\/wp-content\/uploads\/2025\/02\/Resim3.png 413w\" sizes=\"(max-width: 300px) 100vw, 300px\" data-id=\"1021\" \/><\/a><\/li><li><a class=\"\" href=\"http:\/\/ankadanismanlikltd.com\/wp-content\/uploads\/2025\/02\/Resim4.jpg\" data-lightbox=\"lightbox[rel-993-4144613190]\"><img loading=\"lazy\" decoding=\"async\" width=\"300\" height=\"110\" src=\"http:\/\/ankadanismanlikltd.com\/wp-content\/uploads\/2025\/02\/Resim4-300x110.jpg\" class=\"attachment-medium\" alt=\"\" title=\"Resim4\" srcset=\"http:\/\/ankadanismanlikltd.com\/wp-content\/uploads\/2025\/02\/Resim4-300x110.jpg 300w, http:\/\/ankadanismanlikltd.com\/wp-content\/uploads\/2025\/02\/Resim4-18x7.jpg 18w, http:\/\/ankadanismanlikltd.com\/wp-content\/uploads\/2025\/02\/Resim4.jpg 370w\" sizes=\"(max-width: 300px) 100vw, 300px\" data-id=\"1022\" \/><\/a><\/li><li><a class=\"\" href=\"http:\/\/ankadanismanlikltd.com\/wp-content\/uploads\/2025\/02\/Resim5.png\" data-lightbox=\"lightbox[rel-993-4144613190]\"><img loading=\"lazy\" decoding=\"async\" width=\"234\" height=\"84\" src=\"http:\/\/ankadanismanlikltd.com\/wp-content\/uploads\/2025\/02\/Resim5.png\" class=\"attachment-medium\" alt=\"\" title=\"Resim5\" srcset=\"http:\/\/ankadanismanlikltd.com\/wp-content\/uploads\/2025\/02\/Resim5.png 234w, http:\/\/ankadanismanlikltd.com\/wp-content\/uploads\/2025\/02\/Resim5-18x6.png 18w\" sizes=\"(max-width: 234px) 100vw, 234px\" data-id=\"1023\" \/><\/a><\/li><li><a class=\"\" href=\"http:\/\/ankadanismanlikltd.com\/wp-content\/uploads\/2025\/02\/Resim6.png\" data-lightbox=\"lightbox[rel-993-4144613190]\"><img loading=\"lazy\" decoding=\"async\" width=\"299\" height=\"169\" src=\"http:\/\/ankadanismanlikltd.com\/wp-content\/uploads\/2025\/02\/Resim6.png\" class=\"attachment-medium\" alt=\"\" title=\"Resim6\" srcset=\"http:\/\/ankadanismanlikltd.com\/wp-content\/uploads\/2025\/02\/Resim6.png 299w, http:\/\/ankadanismanlikltd.com\/wp-content\/uploads\/2025\/02\/Resim6-18x10.png 18w\" sizes=\"(max-width: 299px) 100vw, 299px\" data-id=\"1024\" \/><\/a><\/li><\/ul><\/div><\/div><\/div>\t\t<\/div>\r\n\t<\/div>\r\n<\/div>\r\n\r\n<\/div>\r\n\n<\/section>","protected":false},"excerpt":{"rendered":"","protected":false},"author":1,"featured_media":0,"parent":0,"menu_order":0,"comment_status":"closed","ping_status":"closed","template":"","meta":{"_acf_changed":false,"footnotes":""},"class_list":["post-993","page","type-page","status-publish","hentry"],"acf":[],"yoast_head":"<!-- This site is optimized with the Yoast SEO plugin v25.9 - https:\/\/yoast.com\/wordpress\/plugins\/seo\/ -->\n<title>Referanslar\u0131m\u0131z - Anka Dan\u0131\u015fmanl\u0131k<\/title>\n<meta name=\"robots\" content=\"index, follow, max-snippet:-1, max-image-preview:large, max-video-preview:-1\" \/>\n<link rel=\"canonical\" href=\"https:\/\/ankadanismanlikltd.com\/en\/referanslarimiz\/\" \/>\n<meta property=\"og:locale\" content=\"en_US\" \/>\n<meta property=\"og:type\" content=\"article\" \/>\n<meta property=\"og:title\" content=\"Referanslar\u0131m\u0131z - Anka Dan\u0131\u015fmanl\u0131k\" \/>\n<meta property=\"og:url\" content=\"https:\/\/ankadanismanlikltd.com\/en\/referanslarimiz\/\" \/>\n<meta property=\"og:site_name\" content=\"Anka Dan\u0131\u015fmanl\u0131k\" \/>\n<meta property=\"article:publisher\" content=\"https:\/\/www.facebook.com\/ankadanismanlik\" \/>\n<meta property=\"article:modified_time\" content=\"2025-02-12T13:48:44+00:00\" \/>\n<meta name=\"twitter:card\" content=\"summary_large_image\" \/>\n<meta name=\"twitter:site\" content=\"@ankaconsultancy\" \/>\n<script type=\"application\/ld+json\" class=\"yoast-schema-graph\">{\"@context\":\"https:\/\/schema.org\",\"@graph\":[{\"@type\":\"WebPage\",\"@id\":\"https:\/\/ankadanismanlikltd.com\/en\/referanslarimiz\/\",\"url\":\"https:\/\/ankadanismanlikltd.com\/en\/referanslarimiz\/\",\"name\":\"Referanslar\u0131m\u0131z - Anka Dan\u0131\u015fmanl\u0131k\",\"isPartOf\":{\"@id\":\"https:\/\/ankadanismanlikltd.com\/en\/#website\"},\"datePublished\":\"2024-11-05T22:51:15+00:00\",\"dateModified\":\"2025-02-12T13:48:44+00:00\",\"breadcrumb\":{\"@id\":\"https:\/\/ankadanismanlikltd.com\/en\/referanslarimiz\/#breadcrumb\"},\"inLanguage\":\"en-US\",\"potentialAction\":[{\"@type\":\"ReadAction\",\"target\":[\"https:\/\/ankadanismanlikltd.com\/en\/referanslarimiz\/\"]}]},{\"@type\":\"BreadcrumbList\",\"@id\":\"https:\/\/ankadanismanlikltd.com\/en\/referanslarimiz\/#breadcrumb\",\"itemListElement\":[{\"@type\":\"ListItem\",\"position\":1,\"name\":\"Anasayfa\",\"item\":\"https:\/\/ankadanismanlikltd.com\/en\/\"},{\"@type\":\"ListItem\",\"position\":2,\"name\":\"Referanslar\u0131m\u0131z\"}]},{\"@type\":\"WebSite\",\"@id\":\"https:\/\/ankadanismanlikltd.com\/en\/#website\",\"url\":\"https:\/\/ankadanismanlikltd.com\/en\/\",\"name\":\"Anka Dan\u0131\u015fmanl\u0131k\",\"description\":\"\",\"publisher\":{\"@id\":\"https:\/\/ankadanismanlikltd.com\/en\/#organization\"},\"potentialAction\":[{\"@type\":\"SearchAction\",\"target\":{\"@type\":\"EntryPoint\",\"urlTemplate\":\"https:\/\/ankadanismanlikltd.com\/en\/?s={search_term_string}\"},\"query-input\":{\"@type\":\"PropertyValueSpecification\",\"valueRequired\":true,\"valueName\":\"search_term_string\"}}],\"inLanguage\":\"en-US\"},{\"@type\":\"Organization\",\"@id\":\"https:\/\/ankadanismanlikltd.com\/en\/#organization\",\"name\":\"ANKA Dan\u0131\u015fmanl\u0131k\",\"url\":\"https:\/\/ankadanismanlikltd.com\/en\/\",\"logo\":{\"@type\":\"ImageObject\",\"inLanguage\":\"en-US\",\"@id\":\"https:\/\/ankadanismanlikltd.com\/en\/#\/schema\/logo\/image\/\",\"url\":\"https:\/\/ankadanismanlikltd.com\/wp-content\/uploads\/2025\/03\/yeni-logo.jpg\",\"contentUrl\":\"https:\/\/ankadanismanlikltd.com\/wp-content\/uploads\/2025\/03\/yeni-logo.jpg\",\"width\":623,\"height\":630,\"caption\":\"ANKA Dan\u0131\u015fmanl\u0131k\"},\"image\":{\"@id\":\"https:\/\/ankadanismanlikltd.com\/en\/#\/schema\/logo\/image\/\"},\"sameAs\":[\"https:\/\/www.facebook.com\/ankadanismanlik\",\"https:\/\/x.com\/ankaconsultancy\",\"https:\/\/www.linkedin.com\/company\/ankadanismanlik\",\"https:\/\/www.youtube.com\/@ANKADanmanlk.official\",\"https:\/\/www.instagram.com\/ankadanismanlik.tr?igsh=MXZ6OXMyd3k2MW5zbA&utm_source=qr\"]}]}<\/script>\n<!-- \/ Yoast SEO plugin. -->","yoast_head_json":{"title":"Referanslar\u0131m\u0131z - Anka Dan\u0131\u015fmanl\u0131k","robots":{"index":"index","follow":"follow","max-snippet":"max-snippet:-1","max-image-preview":"max-image-preview:large","max-video-preview":"max-video-preview:-1"},"canonical":"https:\/\/ankadanismanlikltd.com\/en\/referanslarimiz\/","og_locale":"en_US","og_type":"article","og_title":"Referanslar\u0131m\u0131z - Anka Dan\u0131\u015fmanl\u0131k","og_url":"https:\/\/ankadanismanlikltd.com\/en\/referanslarimiz\/","og_site_name":"Anka Dan\u0131\u015fmanl\u0131k","article_publisher":"https:\/\/www.facebook.com\/ankadanismanlik","article_modified_time":"2025-02-12T13:48:44+00:00","twitter_card":"summary_large_image","twitter_site":"@ankaconsultancy","schema":{"@context":"https:\/\/schema.org","@graph":[{"@type":"WebPage","@id":"https:\/\/ankadanismanlikltd.com\/en\/referanslarimiz\/","url":"https:\/\/ankadanismanlikltd.com\/en\/referanslarimiz\/","name":"Referanslar\u0131m\u0131z - Anka Dan\u0131\u015fmanl\u0131k","isPartOf":{"@id":"https:\/\/ankadanismanlikltd.com\/en\/#website"},"datePublished":"2024-11-05T22:51:15+00:00","dateModified":"2025-02-12T13:48:44+00:00","breadcrumb":{"@id":"https:\/\/ankadanismanlikltd.com\/en\/referanslarimiz\/#breadcrumb"},"inLanguage":"en-US","potentialAction":[{"@type":"ReadAction","target":["https:\/\/ankadanismanlikltd.com\/en\/referanslarimiz\/"]}]},{"@type":"BreadcrumbList","@id":"https:\/\/ankadanismanlikltd.com\/en\/referanslarimiz\/#breadcrumb","itemListElement":[{"@type":"ListItem","position":1,"name":"Anasayfa","item":"https:\/\/ankadanismanlikltd.com\/en\/"},{"@type":"ListItem","position":2,"name":"Referanslar\u0131m\u0131z"}]},{"@type":"WebSite","@id":"https:\/\/ankadanismanlikltd.com\/en\/#website","url":"https:\/\/ankadanismanlikltd.com\/en\/","name":"Anka Dan\u0131\u015fmanl\u0131k","description":"","publisher":{"@id":"https:\/\/ankadanismanlikltd.com\/en\/#organization"},"potentialAction":[{"@type":"SearchAction","target":{"@type":"EntryPoint","urlTemplate":"https:\/\/ankadanismanlikltd.com\/en\/?s={search_term_string}"},"query-input":{"@type":"PropertyValueSpecification","valueRequired":true,"valueName":"search_term_string"}}],"inLanguage":"en-US"},{"@type":"Organization","@id":"https:\/\/ankadanismanlikltd.com\/en\/#organization","name":"ANKA Dan\u0131\u015fmanl\u0131k","url":"https:\/\/ankadanismanlikltd.com\/en\/","logo":{"@type":"ImageObject","inLanguage":"en-US","@id":"https:\/\/ankadanismanlikltd.com\/en\/#\/schema\/logo\/image\/","url":"https:\/\/ankadanismanlikltd.com\/wp-content\/uploads\/2025\/03\/yeni-logo.jpg","contentUrl":"https:\/\/ankadanismanlikltd.com\/wp-content\/uploads\/2025\/03\/yeni-logo.jpg","width":623,"height":630,"caption":"ANKA Dan\u0131\u015fmanl\u0131k"},"image":{"@id":"https:\/\/ankadanismanlikltd.com\/en\/#\/schema\/logo\/image\/"},"sameAs":["https:\/\/www.facebook.com\/ankadanismanlik","https:\/\/x.com\/ankaconsultancy","https:\/\/www.linkedin.com\/company\/ankadanismanlik","https:\/\/www.youtube.com\/@ANKADanmanlk.official","https:\/\/www.instagram.com\/ankadanismanlik.tr?igsh=MXZ6OXMyd3k2MW5zbA&utm_source=qr"]}]}},"_links":{"self":[{"href":"http:\/\/ankadanismanlikltd.com\/en\/wp-json\/wp\/v2\/pages\/993","targetHints":{"allow":["GET"]}}],"collection":[{"href":"http:\/\/ankadanismanlikltd.com\/en\/wp-json\/wp\/v2\/pages"}],"about":[{"href":"http:\/\/ankadanismanlikltd.com\/en\/wp-json\/wp\/v2\/types\/page"}],"author":[{"embeddable":true,"href":"http:\/\/ankadanismanlikltd.com\/en\/wp-json\/wp\/v2\/users\/1"}],"replies":[{"embeddable":true,"href":"http:\/\/ankadanismanlikltd.com\/en\/wp-json\/wp\/v2\/comments?post=993"}],"version-history":[{"count":7,"href":"http:\/\/ankadanismanlikltd.com\/en\/wp-json\/wp\/v2\/pages\/993\/revisions"}],"predecessor-version":[{"id":1030,"href":"http:\/\/ankadanismanlikltd.com\/en\/wp-json\/wp\/v2\/pages\/993\/revisions\/1030"}],"wp:attachment":[{"href":"http:\/\/ankadanismanlikltd.com\/en\/wp-json\/wp\/v2\/media?parent=993"}],"curies":[{"name":"wp","href":"https:\/\/api.w.org\/{rel}","templated":true}]}}