{"id":399,"date":"2024-09-22T11:32:27","date_gmt":"2024-09-22T11:32:27","guid":{"rendered":"https:\/\/ankadanismanlikltd.com\/?page_id=399"},"modified":"2024-09-22T11:47:17","modified_gmt":"2024-09-22T11:47:17","slug":"iso-37001-yolsuzlukla-mucadele-yonetim-sistemi","status":"publish","type":"page","link":"https:\/\/ankadanismanlikltd.com\/en\/sistem-belgelendirme\/iso-37001-yolsuzlukla-mucadele-yonetim-sistemi\/","title":{"rendered":"ISO 37001 Anti-Corruption Management System"},"content":{"rendered":"<p>ISO 37001, yolsuzluk kar\u015f\u0131t\u0131 bir y\u00f6netim sisteminin kurulmas\u0131, uygulanmas\u0131, s\u00fcrd\u00fcr\u00fclmesi, g\u00f6zden ge\u00e7irilmesi ve geli\u015ftirilmesi i\u00e7in gereksinimleri belirtir ve rehberlik eder. Sistem ba\u011f\u0131ms\u0131z olabilir veya genel bir y\u00f6netim sistemine entegre edilebilir. ISO 37001, kurulu\u015fun faaliyetleriyle ba\u011flant\u0131l\u0131 olarak a\u015fa\u011f\u0131dakileri ele almaktad\u0131r:<\/p>\n<ul class=\"ulList\">\n<li>Kamu, \u00f6zel ve kar amac\u0131 g\u00fctmeyen sekt\u00f6rlerde yolsuzluk;<\/li>\n<li>\u00d6rg\u00fct taraf\u0131ndan yolsuzluk;<\/li>\n<li>\u00d6rg\u00fct ad\u0131na \u00e7al\u0131\u015fan veya yararlan\u0131c\u0131 kurulu\u015f personeli taraf\u0131ndan yolsuzluk;<\/li>\n<li>\u00d6rg\u00fct\u00fcn i\u015f ortaklar\u0131 taraf\u0131ndan \u00f6rg\u00fct\u00fcn ad\u0131na hareket eden veya yarar\u0131na olan yolsuzluk;<\/li>\n<li>Kurulu\u015fun r\u00fc\u015fvet\u00e7ili\u011fi;<\/li>\n<li>\u00d6rg\u00fct\u00fcn faaliyetleri ile ilgili olarak \u00f6rg\u00fct\u00fcn personelinin yolsuzlu\u011fu;<\/li>\n<li>Kurulu\u015fun i\u015f ortaklar\u0131yla ilgili olarak \u00f6rg\u00fct\u00fcn faaliyetleriyle ilgili yolsuzluk;<\/li>\n<li>Do\u011frudan ve dolayl\u0131 yolsuzluk (\u00d6rne\u011fin; \u00dc\u00e7\u00fcnc\u00fc bir taraf arac\u0131l\u0131\u011f\u0131yla veya \u00fc\u00e7\u00fcnc\u00fc bir taraf taraf\u0131ndan teklif edilen veya kabul edilen bir yolsuzluk).<\/li>\n<\/ul>\n<p>ISO 37001 sadece yolsuzluk i\u00e7in ge\u00e7erlidir. Bir organizasyona yolsuzlu\u011fun \u00f6nlenmesi, tespit edilmesi ve bunlara tepki vermesine ve faaliyetlerine uygulanacak yolsuzluk kar\u015f\u0131t\u0131 yasalara ve g\u00f6n\u00fcll\u00fc taahh\u00fctlere uymas\u0131na yard\u0131mc\u0131 olmak \u00fczere tasarlanm\u0131\u015f bir y\u00f6netim sistemi i\u00e7in \u015fartlar\u0131 belirler ve rehberlik eder.<\/p>\n<p>ISO 37001, doland\u0131r\u0131c\u0131l\u0131k, kartel ve di\u011fer anti-tr\u00f6st \/ rekabet su\u00e7lar\u0131n\u0131, para aklamay\u0131 veya yolsuzluklarla ilgili di\u011fer faaliyetleri \u00f6zellikle ele almad\u0131\u011f\u0131 halde, bir kurulu\u015f bu t\u00fcr faaliyetleri i\u00e7erecek \u015fekilde y\u00f6netim sisteminin kapsam\u0131n\u0131 geni\u015fletmeyi se\u00e7ebilir.<\/p>\n<p>ISO 37001 gereklilikleri jeneriktir ve etkinlik tipi, boyutu ve niteli\u011fi g\u00f6z \u00f6n\u00fcne al\u0131nmaks\u0131z\u0131n ve kamuda, \u00f6zel veya kar amac\u0131 g\u00fctmeyen sekt\u00f6rlerde olmas\u0131na bak\u0131lmaks\u0131z\u0131n, t\u00fcm kurulu\u015flara (veya bir organizasyonun b\u00f6l\u00fcmlerine) uygulanabilir.<\/p>","protected":false},"excerpt":{"rendered":"<p>ISO 37001, yolsuzluk kar\u015f\u0131t\u0131 bir y\u00f6netim sisteminin kurulmas\u0131, uygulanmas\u0131, s\u00fcrd\u00fcr\u00fclmesi, g\u00f6zden ge\u00e7irilmesi ve geli\u015ftirilmesi i\u00e7in gereksinimleri belirtir ve rehberlik eder. Sistem ba\u011f\u0131ms\u0131z olabilir veya genel bir y\u00f6netim sistemine entegre edilebilir. ISO 37001, kurulu\u015fun faaliyetleriyle ba\u011flant\u0131l\u0131 olarak a\u015fa\u011f\u0131dakileri ele almaktad\u0131r: Kamu, \u00f6zel ve kar amac\u0131 g\u00fctmeyen sekt\u00f6rlerde yolsuzluk; \u00d6rg\u00fct taraf\u0131ndan yolsuzluk; \u00d6rg\u00fct ad\u0131na \u00e7al\u0131\u015fan veya yararlan\u0131c\u0131 kurulu\u015f personeli taraf\u0131ndan yolsuzluk; \u00d6rg\u00fct\u00fcn i\u015f ortaklar\u0131 taraf\u0131ndan \u00f6rg\u00fct\u00fcn ad\u0131na hareket eden veya yarar\u0131na olan[&hellip;]<\/p>","protected":false},"author":1,"featured_media":0,"parent":298,"menu_order":0,"comment_status":"closed","ping_status":"closed","template":"","meta":{"_acf_changed":false,"footnotes":""},"class_list":["post-399","page","type-page","status-publish","hentry"],"acf":[],"yoast_head":"<!-- This site is optimized with the Yoast SEO plugin v25.9 - https:\/\/yoast.com\/wordpress\/plugins\/seo\/ -->\n<title>ISO 37001 Yolsuzlukla M\u00fccadele Y\u00f6netim Sistemi - Anka Dan\u0131\u015fmanl\u0131k<\/title>\n<meta name=\"robots\" content=\"index, follow, max-snippet:-1, max-image-preview:large, max-video-preview:-1\" \/>\n<link rel=\"canonical\" href=\"https:\/\/ankadanismanlikltd.com\/en\/sistem-belgelendirme\/iso-37001-yolsuzlukla-mucadele-yonetim-sistemi\/\" \/>\n<meta property=\"og:locale\" content=\"en_US\" \/>\n<meta property=\"og:type\" content=\"article\" \/>\n<meta property=\"og:title\" content=\"ISO 37001 Yolsuzlukla M\u00fccadele Y\u00f6netim Sistemi - Anka Dan\u0131\u015fmanl\u0131k\" \/>\n<meta property=\"og:description\" content=\"ISO 37001, yolsuzluk kar\u015f\u0131t\u0131 bir y\u00f6netim sisteminin kurulmas\u0131, uygulanmas\u0131, s\u00fcrd\u00fcr\u00fclmesi, g\u00f6zden ge\u00e7irilmesi ve geli\u015ftirilmesi i\u00e7in gereksinimleri belirtir ve rehberlik eder. Sistem ba\u011f\u0131ms\u0131z olabilir veya genel bir y\u00f6netim sistemine entegre edilebilir. ISO 37001, kurulu\u015fun faaliyetleriyle ba\u011flant\u0131l\u0131 olarak a\u015fa\u011f\u0131dakileri ele almaktad\u0131r: Kamu, \u00f6zel ve kar amac\u0131 g\u00fctmeyen sekt\u00f6rlerde yolsuzluk; \u00d6rg\u00fct taraf\u0131ndan yolsuzluk; \u00d6rg\u00fct ad\u0131na \u00e7al\u0131\u015fan veya yararlan\u0131c\u0131 kurulu\u015f personeli taraf\u0131ndan yolsuzluk; \u00d6rg\u00fct\u00fcn i\u015f ortaklar\u0131 taraf\u0131ndan \u00f6rg\u00fct\u00fcn ad\u0131na hareket eden veya yarar\u0131na olan[&hellip;]\" \/>\n<meta property=\"og:url\" content=\"https:\/\/ankadanismanlikltd.com\/en\/sistem-belgelendirme\/iso-37001-yolsuzlukla-mucadele-yonetim-sistemi\/\" \/>\n<meta property=\"og:site_name\" content=\"Anka Dan\u0131\u015fmanl\u0131k\" \/>\n<meta property=\"article:publisher\" content=\"https:\/\/www.facebook.com\/ankadanismanlik\" \/>\n<meta property=\"article:modified_time\" content=\"2024-09-22T11:47:17+00:00\" \/>\n<meta name=\"twitter:card\" content=\"summary_large_image\" \/>\n<meta name=\"twitter:site\" content=\"@ankaconsultancy\" \/>\n<meta name=\"twitter:label1\" content=\"Est. reading time\" \/>\n\t<meta name=\"twitter:data1\" content=\"2 minutes\" \/>\n<script type=\"application\/ld+json\" class=\"yoast-schema-graph\">{\"@context\":\"https:\/\/schema.org\",\"@graph\":[{\"@type\":\"WebPage\",\"@id\":\"https:\/\/ankadanismanlikltd.com\/en\/sistem-belgelendirme\/iso-37001-yolsuzlukla-mucadele-yonetim-sistemi\/\",\"url\":\"https:\/\/ankadanismanlikltd.com\/en\/sistem-belgelendirme\/iso-37001-yolsuzlukla-mucadele-yonetim-sistemi\/\",\"name\":\"ISO 37001 Yolsuzlukla M\u00fccadele Y\u00f6netim Sistemi - Anka Dan\u0131\u015fmanl\u0131k\",\"isPartOf\":{\"@id\":\"http:\/\/ankadanismanlikltd.com\/en\/#website\"},\"datePublished\":\"2024-09-22T11:32:27+00:00\",\"dateModified\":\"2024-09-22T11:47:17+00:00\",\"breadcrumb\":{\"@id\":\"https:\/\/ankadanismanlikltd.com\/en\/sistem-belgelendirme\/iso-37001-yolsuzlukla-mucadele-yonetim-sistemi\/#breadcrumb\"},\"inLanguage\":\"en-US\",\"potentialAction\":[{\"@type\":\"ReadAction\",\"target\":[\"https:\/\/ankadanismanlikltd.com\/en\/sistem-belgelendirme\/iso-37001-yolsuzlukla-mucadele-yonetim-sistemi\/\"]}]},{\"@type\":\"BreadcrumbList\",\"@id\":\"https:\/\/ankadanismanlikltd.com\/en\/sistem-belgelendirme\/iso-37001-yolsuzlukla-mucadele-yonetim-sistemi\/#breadcrumb\",\"itemListElement\":[{\"@type\":\"ListItem\",\"position\":1,\"name\":\"Anasayfa\",\"item\":\"http:\/\/ankadanismanlikltd.com\/en\/\"},{\"@type\":\"ListItem\",\"position\":2,\"name\":\"Sistem Belgelendirme\",\"item\":\"https:\/\/ankadanismanlikltd.com\/en\/sistem-belgelendirme\/\"},{\"@type\":\"ListItem\",\"position\":3,\"name\":\"ISO 37001 Yolsuzlukla M\u00fccadele Y\u00f6netim Sistemi\"}]},{\"@type\":\"WebSite\",\"@id\":\"http:\/\/ankadanismanlikltd.com\/en\/#website\",\"url\":\"http:\/\/ankadanismanlikltd.com\/en\/\",\"name\":\"Anka Dan\u0131\u015fmanl\u0131k\",\"description\":\"\",\"publisher\":{\"@id\":\"http:\/\/ankadanismanlikltd.com\/en\/#organization\"},\"potentialAction\":[{\"@type\":\"SearchAction\",\"target\":{\"@type\":\"EntryPoint\",\"urlTemplate\":\"http:\/\/ankadanismanlikltd.com\/en\/?s={search_term_string}\"},\"query-input\":{\"@type\":\"PropertyValueSpecification\",\"valueRequired\":true,\"valueName\":\"search_term_string\"}}],\"inLanguage\":\"en-US\"},{\"@type\":\"Organization\",\"@id\":\"http:\/\/ankadanismanlikltd.com\/en\/#organization\",\"name\":\"ANKA Dan\u0131\u015fmanl\u0131k\",\"url\":\"http:\/\/ankadanismanlikltd.com\/en\/\",\"logo\":{\"@type\":\"ImageObject\",\"inLanguage\":\"en-US\",\"@id\":\"http:\/\/ankadanismanlikltd.com\/en\/#\/schema\/logo\/image\/\",\"url\":\"https:\/\/ankadanismanlikltd.com\/wp-content\/uploads\/2025\/03\/yeni-logo.jpg\",\"contentUrl\":\"https:\/\/ankadanismanlikltd.com\/wp-content\/uploads\/2025\/03\/yeni-logo.jpg\",\"width\":623,\"height\":630,\"caption\":\"ANKA Dan\u0131\u015fmanl\u0131k\"},\"image\":{\"@id\":\"http:\/\/ankadanismanlikltd.com\/en\/#\/schema\/logo\/image\/\"},\"sameAs\":[\"https:\/\/www.facebook.com\/ankadanismanlik\",\"https:\/\/x.com\/ankaconsultancy\",\"https:\/\/www.linkedin.com\/company\/ankadanismanlik\",\"https:\/\/www.youtube.com\/@ANKADanmanlk.official\",\"https:\/\/www.instagram.com\/ankadanismanlik.tr?igsh=MXZ6OXMyd3k2MW5zbA&utm_source=qr\"]}]}<\/script>\n<!-- \/ Yoast SEO plugin. -->","yoast_head_json":{"title":"ISO 37001 Yolsuzlukla M\u00fccadele Y\u00f6netim Sistemi - Anka Dan\u0131\u015fmanl\u0131k","robots":{"index":"index","follow":"follow","max-snippet":"max-snippet:-1","max-image-preview":"max-image-preview:large","max-video-preview":"max-video-preview:-1"},"canonical":"https:\/\/ankadanismanlikltd.com\/en\/sistem-belgelendirme\/iso-37001-yolsuzlukla-mucadele-yonetim-sistemi\/","og_locale":"en_US","og_type":"article","og_title":"ISO 37001 Yolsuzlukla M\u00fccadele Y\u00f6netim Sistemi - Anka Dan\u0131\u015fmanl\u0131k","og_description":"ISO 37001, yolsuzluk kar\u015f\u0131t\u0131 bir y\u00f6netim sisteminin kurulmas\u0131, uygulanmas\u0131, s\u00fcrd\u00fcr\u00fclmesi, g\u00f6zden ge\u00e7irilmesi ve geli\u015ftirilmesi i\u00e7in gereksinimleri belirtir ve rehberlik eder. Sistem ba\u011f\u0131ms\u0131z olabilir veya genel bir y\u00f6netim sistemine entegre edilebilir. ISO 37001, kurulu\u015fun faaliyetleriyle ba\u011flant\u0131l\u0131 olarak a\u015fa\u011f\u0131dakileri ele almaktad\u0131r: Kamu, \u00f6zel ve kar amac\u0131 g\u00fctmeyen sekt\u00f6rlerde yolsuzluk; \u00d6rg\u00fct taraf\u0131ndan yolsuzluk; \u00d6rg\u00fct ad\u0131na \u00e7al\u0131\u015fan veya yararlan\u0131c\u0131 kurulu\u015f personeli taraf\u0131ndan yolsuzluk; \u00d6rg\u00fct\u00fcn i\u015f ortaklar\u0131 taraf\u0131ndan \u00f6rg\u00fct\u00fcn ad\u0131na hareket eden veya yarar\u0131na olan[&hellip;]","og_url":"https:\/\/ankadanismanlikltd.com\/en\/sistem-belgelendirme\/iso-37001-yolsuzlukla-mucadele-yonetim-sistemi\/","og_site_name":"Anka Dan\u0131\u015fmanl\u0131k","article_publisher":"https:\/\/www.facebook.com\/ankadanismanlik","article_modified_time":"2024-09-22T11:47:17+00:00","twitter_card":"summary_large_image","twitter_site":"@ankaconsultancy","twitter_misc":{"Est. reading time":"2 minutes"},"schema":{"@context":"https:\/\/schema.org","@graph":[{"@type":"WebPage","@id":"https:\/\/ankadanismanlikltd.com\/en\/sistem-belgelendirme\/iso-37001-yolsuzlukla-mucadele-yonetim-sistemi\/","url":"https:\/\/ankadanismanlikltd.com\/en\/sistem-belgelendirme\/iso-37001-yolsuzlukla-mucadele-yonetim-sistemi\/","name":"ISO 37001 Yolsuzlukla M\u00fccadele Y\u00f6netim Sistemi - Anka Dan\u0131\u015fmanl\u0131k","isPartOf":{"@id":"http:\/\/ankadanismanlikltd.com\/en\/#website"},"datePublished":"2024-09-22T11:32:27+00:00","dateModified":"2024-09-22T11:47:17+00:00","breadcrumb":{"@id":"https:\/\/ankadanismanlikltd.com\/en\/sistem-belgelendirme\/iso-37001-yolsuzlukla-mucadele-yonetim-sistemi\/#breadcrumb"},"inLanguage":"en-US","potentialAction":[{"@type":"ReadAction","target":["https:\/\/ankadanismanlikltd.com\/en\/sistem-belgelendirme\/iso-37001-yolsuzlukla-mucadele-yonetim-sistemi\/"]}]},{"@type":"BreadcrumbList","@id":"https:\/\/ankadanismanlikltd.com\/en\/sistem-belgelendirme\/iso-37001-yolsuzlukla-mucadele-yonetim-sistemi\/#breadcrumb","itemListElement":[{"@type":"ListItem","position":1,"name":"Anasayfa","item":"http:\/\/ankadanismanlikltd.com\/en\/"},{"@type":"ListItem","position":2,"name":"Sistem Belgelendirme","item":"https:\/\/ankadanismanlikltd.com\/en\/sistem-belgelendirme\/"},{"@type":"ListItem","position":3,"name":"ISO 37001 Yolsuzlukla M\u00fccadele Y\u00f6netim Sistemi"}]},{"@type":"WebSite","@id":"http:\/\/ankadanismanlikltd.com\/en\/#website","url":"http:\/\/ankadanismanlikltd.com\/en\/","name":"Anka Dan\u0131\u015fmanl\u0131k","description":"","publisher":{"@id":"http:\/\/ankadanismanlikltd.com\/en\/#organization"},"potentialAction":[{"@type":"SearchAction","target":{"@type":"EntryPoint","urlTemplate":"http:\/\/ankadanismanlikltd.com\/en\/?s={search_term_string}"},"query-input":{"@type":"PropertyValueSpecification","valueRequired":true,"valueName":"search_term_string"}}],"inLanguage":"en-US"},{"@type":"Organization","@id":"http:\/\/ankadanismanlikltd.com\/en\/#organization","name":"ANKA Dan\u0131\u015fmanl\u0131k","url":"http:\/\/ankadanismanlikltd.com\/en\/","logo":{"@type":"ImageObject","inLanguage":"en-US","@id":"http:\/\/ankadanismanlikltd.com\/en\/#\/schema\/logo\/image\/","url":"https:\/\/ankadanismanlikltd.com\/wp-content\/uploads\/2025\/03\/yeni-logo.jpg","contentUrl":"https:\/\/ankadanismanlikltd.com\/wp-content\/uploads\/2025\/03\/yeni-logo.jpg","width":623,"height":630,"caption":"ANKA Dan\u0131\u015fmanl\u0131k"},"image":{"@id":"http:\/\/ankadanismanlikltd.com\/en\/#\/schema\/logo\/image\/"},"sameAs":["https:\/\/www.facebook.com\/ankadanismanlik","https:\/\/x.com\/ankaconsultancy","https:\/\/www.linkedin.com\/company\/ankadanismanlik","https:\/\/www.youtube.com\/@ANKADanmanlk.official","https:\/\/www.instagram.com\/ankadanismanlik.tr?igsh=MXZ6OXMyd3k2MW5zbA&utm_source=qr"]}]}},"_links":{"self":[{"href":"https:\/\/ankadanismanlikltd.com\/en\/wp-json\/wp\/v2\/pages\/399","targetHints":{"allow":["GET"]}}],"collection":[{"href":"https:\/\/ankadanismanlikltd.com\/en\/wp-json\/wp\/v2\/pages"}],"about":[{"href":"https:\/\/ankadanismanlikltd.com\/en\/wp-json\/wp\/v2\/types\/page"}],"author":[{"embeddable":true,"href":"https:\/\/ankadanismanlikltd.com\/en\/wp-json\/wp\/v2\/users\/1"}],"replies":[{"embeddable":true,"href":"https:\/\/ankadanismanlikltd.com\/en\/wp-json\/wp\/v2\/comments?post=399"}],"version-history":[{"count":2,"href":"https:\/\/ankadanismanlikltd.com\/en\/wp-json\/wp\/v2\/pages\/399\/revisions"}],"predecessor-version":[{"id":448,"href":"https:\/\/ankadanismanlikltd.com\/en\/wp-json\/wp\/v2\/pages\/399\/revisions\/448"}],"up":[{"embeddable":true,"href":"https:\/\/ankadanismanlikltd.com\/en\/wp-json\/wp\/v2\/pages\/298"}],"wp:attachment":[{"href":"https:\/\/ankadanismanlikltd.com\/en\/wp-json\/wp\/v2\/media?parent=399"}],"curies":[{"name":"wp","href":"https:\/\/api.w.org\/{rel}","templated":true}]}}