{"id":401,"date":"2024-09-22T11:32:39","date_gmt":"2024-09-22T11:32:39","guid":{"rendered":"https:\/\/ankadanismanlikltd.com\/?page_id=401"},"modified":"2024-09-22T11:49:30","modified_gmt":"2024-09-22T11:49:30","slug":"ce-isareti","status":"publish","type":"page","link":"https:\/\/ankadanismanlikltd.com\/en\/sistem-belgelendirme\/ce-isareti\/","title":{"rendered":"CE Marking"},"content":{"rendered":"<p>Avrupa Toplulu\u011fu ve mevzuat\u0131 kabul eden di\u011fer \u00fclkeler i\u00e7in Avrupa Uygunluk (Conformit\u00e9 Europ\u00e9enn\u00e9) anlam\u0131na gelir.<\/p>\n<p>Avrupa Birli\u011fi Komisyonlar\u0131 taraf\u0131ndan yay\u0131mlanan direktifler kapsam\u0131nda bir\u00e7ok \u00fcr\u00fcn\u00fcn sa\u011fl\u0131k, g\u00fcvenlik, emniyet konular\u0131nda Avrupa Birli\u011fi Direktif ve Standartlar\u0131na uygunlu\u011funun sa\u011flanmas\u0131 ve bu sayede \u00fcr\u00fcn\u00fcn serbest dola\u015f\u0131m\u0131n\u0131n m\u00fcmk\u00fcn hale gelmesi ama\u00e7lanm\u0131\u015ft\u0131r.<\/p>\n<p>CE \u0130\u015fareti, AB&#8217;nin, teknik mevzuat uyumunun sa\u011flanmas\u0131 i\u00e7in, 1985 y\u0131l\u0131nda benimsedi\u011fi Yeni Yakla\u015f\u0131m Direktifleri ve Y\u00f6netmelikleri kapsam\u0131nda yer alan \u00fcr\u00fcnlerle ilgili olup \u00fcr\u00fcnlerin AB&#8217;nin ilgili direktiflerindeki temel gereklere uygun oldu\u011funu ve gerekli i\u015flemlerden ge\u00e7ti\u011fini g\u00f6steren i\u015farettir.<\/p>\n<p>Bu direktif ve y\u00f6netmelikler \u00fclkemiz taraf\u0131ndan 2002 y\u0131l\u0131ndan itibaren s\u0131ras\u0131yla uygulamaya konulmu\u015ftur.<\/p>\n<p><strong>CE \u0130\u015fareti \/ Belgesi Gerektiren Yeni Yakla\u015f\u0131m Direktifleri<\/strong><\/p>\n<ul class=\"ulList\">\n<li>90\/396\/AT Gaz Yakan Cihazlar Y\u00f6netmeli\u011fi<\/li>\n<li>2000\/9\/AT \u0130nsan Ta\u015f\u0131mak \u00dczere Tasarlanan Kablolu Ta\u015f\u0131ma Tesisat\u0131 Y\u00f6netmeli\u011fi<\/li>\n<li>89\/106\/AT Yap\u0131 Malzemeleri Y\u00f6netmeli\u011fi<\/li>\n<li>2004\/108\/AT Elektromanyetik Uyumluluk Y\u00f6netmeli\u011fi<\/li>\n<li>94\/9\/AT Muhtemel Patlay\u0131c\u0131 Ortamda Kullan\u0131lan Te\u00e7hizat ve Koruyucu Sistemler \u0130le \u0130lgili Y\u00f6netmelik<\/li>\n<li>93\/15\/AT Sivil Kullan\u0131m Ama\u00e7l\u0131 Patlay\u0131c\u0131 Maddelerin Belgelendirilmesi Piyasaya Arz\u0131 ve Denetlenmesi Hakk\u0131nda Y\u00f6netmelik<\/li>\n<li>95\/16\/AT Asans\u00f6r Y\u00f6netmeli\u011fi<\/li>\n<li>2006\/95\/AT LVD Al\u00e7ak Gerilim Y\u00f6netmeli\u011fi<\/li>\n<li>2006\/42\/AT Makine Emniyeti Y\u00f6netmeli\u011fi<\/li>\n<li>2004\/22\/AT \u00d6l\u00e7\u00fc Aletleri Y\u00f6netmeli\u011fi<\/li>\n<li>93\/42\/AT T\u0131bbi Cihazlar Y\u00f6netmeli\u011fi<\/li>\n<li>92\/42\/AT S\u0131v\u0131 ve Gaz Yak\u0131tl\u0131 Yeni S\u0131cak Su Kazanlar\u0131n\u0131n Verimlilik Gereklerine Dair Y\u00f6netmelik<\/li>\n<li>90\/384\/AT Otomatik Olmayan Tart\u0131 Aletleri Y\u00f6netmeli\u011fi<\/li>\n<li>89\/686\/AT Ki\u015fisel Koruyucu Donan\u0131m Y\u00f6netmeli\u011fi<\/li>\n<li>97\/23\/AT Bas\u0131n\u00e7l\u0131 Ekipmanlar Y\u00f6netmeli\u011fi<\/li>\n<li>1999\/5\/AT Telsiz ve Telekom\u00fcnikasyon Terminal Ekipmanlar\u0131 Y\u00f6netmeli\u011fi<\/li>\n<li>94\/25\/AT Gezi Tekneleri Y\u00f6netmeli\u011fi<\/li>\n<li>87\/404\/AT Basit Bas\u0131n\u00e7l\u0131 Kaplar Y\u00f6netmeli\u011fi<\/li>\n<li>2009\/48\/AT Oyuncaklar Hakk\u0131nda Y\u00f6netmelik<\/li>\n<\/ul>\n<p><strong>CE \u0130\u015faretlemesi \u00c7al\u0131\u015fmalar\u0131nda Kullan\u0131lan Mod\u00fcller<\/strong><\/p>\n<p>Mod\u00fcler Yap\u0131<\/p>\n<div class=\"tableWrap\">\n<table border=\"1\" width=\"60%\">\n<tbody>\n<tr>\n<td colspan=\"7\">\u00a0 \u00dcR\u00dcN<\/td>\n<\/tr>\n<tr>\n<td rowspan=\"2\">\u00a0A<\/td>\n<td colspan=\"4\">\u00a0B<\/td>\n<td rowspan=\"2\">\u00a0G<\/td>\n<td rowspan=\"2\">\u00a0H<\/td>\n<\/tr>\n<tr>\n<td>\u00a0C<\/td>\n<td>\u00a0D<\/td>\n<td>\u00a0E<\/td>\n<td>\u00a0F<\/td>\n<\/tr>\n<tr>\n<td colspan=\"7\">\u00a0CE<\/td>\n<\/tr>\n<\/tbody>\n<\/table>\n<\/div>\n<p>A. \u00dcretimin \u0130\u00e7 Kontrol\u00fc<br \/>\nB. Tip \u0130ncelemesi<br \/>\nC. Tipe Uygunluk<br \/>\nD. \u00dcretim Kalite G\u00fcvencesi<br \/>\nE. \u00dcr\u00fcn Kalite G\u00fcvencesi<br \/>\nF. \u00dcr\u00fcn Do\u011frulamas\u0131<br \/>\nG. Birim (\u00dcr\u00fcn) Do\u011frulamas\u0131<br \/>\nH. Tam Kalite G\u00fcvencesi<\/p>\n<p><strong>CE \u0130\u015faretinin Faydalar\u0131 Nelerdir?<\/strong><\/p>\n<ul class=\"ulList\">\n<li>CE \u0130\u015fareti, \u00fcr\u00fcn\u00fcn sa\u011fl\u0131k ve g\u00fcvenlik ko\u015fullar\u0131na uygun oldu\u011funu g\u00f6sterir.<\/li>\n<li>CE \u0130\u015fareti, ticari a\u00e7\u0131dan \u00fcr\u00fcnlerin bir \u00fclkeden Avrupa Toplulu\u011funa \u00fcye olan bir \u00fclkeye serbest dola\u015f\u0131m\u0131n\u0131n yolunu a\u00e7ar. Di\u011fer bir deyi\u015fle, Yeni Yakla\u015f\u0131m Y\u00f6netmelikleri kapsam\u0131ndaki bir \u00fcr\u00fcn\u00fcn, herhangi bir Avrupa Birli\u011fi \u00fclkesine girebilmesi i\u00e7in \u00fczerinde CE \u0130\u015fareti olmas\u0131 ve \u00fcr\u00fcn\u00fcn risk seviyesine g\u00f6re CE Belgesi&#8217;ne sahip olmas\u0131 gereklidir. CE \u0130\u015fareti ve\/veya Belgesi olmas\u0131 gerekti\u011fi halde olmayan \u00fcr\u00fcnlerin, AB \u00fcyesi \u00fclkelere ve mevzuat\u0131 kabul etmi\u015f di\u011fer \u00fclkelere ihracat\u0131 m\u00fcmk\u00fcn de\u011fildir.<\/li>\n<li>CE \u0130\u015fareti bir \u00e7e\u015fit \u00fcr\u00fcn pasaportu i\u015flevini g\u00f6r\u00fcr.<\/li>\n<li>CE \u0130\u015fareti kalitenin ba\u015flad\u0131\u011f\u0131 seviyeyi g\u00f6sterir.<\/li>\n<li>CE \u0130\u015fareti Yeni Yakla\u015f\u0131m Direktifleri&#8217;ne uygunlu\u011fun bir g\u00f6stergesidir.<\/li>\n<\/ul>\n<p><strong>CE \u0130\u015faretini \/ Belgesini Kimler Kullanabilir?<\/strong><br \/>\nYukar\u0131da belirtilen Yeni Yakla\u015f\u0131m Direktifleri&#8217;ne giren b\u00fct\u00fcn \u00fcr\u00fcnlerde ve bu \u00fcr\u00fcnleri \u00fcreten b\u00fct\u00fcn kurulu\u015flara uygulanabilir.<\/p>\n<p><strong>T\u00fcrkiye&#8217;de CE \u0130\u015fareti Uygulamas\u0131<\/strong><br \/>\nT\u00fcrkiye ile Avrupa Birli\u011fi aras\u0131nda G\u00fcmr\u00fck Birli\u011fi&#8217;ni tesis eden 1\/95 say\u0131l\u0131 Ortakl\u0131k Konseyi Karar\u0131&#8217;n\u0131n 8.maddesi kapsam\u0131nda AB&#8217;nin ticarette teknik engellerin kald\u0131r\u0131lmas\u0131na ili\u015fkin mevzuat\u0131n\u0131n da T\u00fcrkiye taraf\u0131ndan i\u00e7 yasal d\u00fczenlemelere dahil edilmesi \u00f6ng\u00f6r\u00fclm\u00fc\u015ft\u00fcr. Bu \u00e7er\u00e7evede, 15.1.1997 tarih ve 97\/9196 say\u0131l\u0131 Bakanlar Kurulu Karar\u0131 ile topluluk teknik ara\u00e7lar\u0131n\u0131 uyumla\u015ft\u0131racak olan T\u00fcrk Kamu Kurulu\u015flar\u0131 tespit edilmi\u015ftir.<\/p>\n<p>Uyumla\u015ft\u0131rma s\u00fcreci devam ederken, benimsenecek teknik mevzuat\u0131n etkin bir \u015fekilde uygulanabilmesi i\u00e7in gerekli hukuki altyap\u0131n\u0131n olu\u015fturulmas\u0131n\u0131 teminen 4703 say\u0131l\u0131 &#8220;\u00dcr\u00fcnlere \u0130li\u015fkin Teknik Mevzuat\u0131n Haz\u0131rlanmas\u0131 ve Uygulanmas\u0131na Dair Kanun&#8221; 11 Temmuz 2001 tarih ve 24459 say\u0131l\u0131 Resmi Gazete&#8217;de yay\u0131nlanm\u0131\u015f ve 11 Ocak 2002 tarihi itibariyle y\u00fcr\u00fcrl\u00fc\u011fe girmi\u015ftir.<\/p>\n<p>Di\u011fer yandan, bu Kanun&#8217;un uygulama usul ve esaslar\u0131n\u0131 belirleyen y\u00f6netmeliklerden,<\/p>\n<ul class=\"ulList\">\n<li>Uygunluk De\u011ferlendirme Kurulu\u015flar\u0131 ile Onaylanm\u0131\u015f Kurulu\u015flara Dair Y\u00f6netmelik,<\/li>\n<li>CE Uygunluk \u0130\u015faretinin \u00dcr\u00fcne \u0130li\u015ftirilmesine ve Kullan\u0131lmas\u0131na Dair Y\u00f6netmelik ve<\/li>\n<li>\u00dcr\u00fcnlerin Piyasa G\u00f6zetimi ve Denetimine Dair Y\u00f6netmelik 17 Ocak 2002 tarih ve 24643 say\u0131l\u0131 Resmi Gazete&#8217;de yay\u0131nlanarak, 11 Ocak 2002 tarihinden ge\u00e7erli olmak \u00fczere y\u00fcr\u00fcrl\u00fc\u011fe girmi\u015f bulunmaktad\u0131r.<\/li>\n<\/ul>\n<p>4703 Say\u0131l\u0131 Kanun ile bu Kanun&#8217;a istinaden yay\u0131nlanan y\u00f6netmeliklerin 11 Ocak 2002 tarihi itibariyle y\u00fcr\u00fcrl\u00fc\u011fe girmesi, T\u00fcrkiye&#8217;de &#8220;Yeni Yakla\u015f\u0131m Direktifleri&#8221; kapsam\u0131ndaki \u00fcr\u00fcnlere bu tarihten itibaren CE \u0130\u015fareti ili\u015ftirilmesinin zorunlu olaca\u011f\u0131 anlam\u0131na gelmemektedir. Bu \u00fcr\u00fcnlere ili\u015fkin AB direktifleri T\u00fcrkiye&#8217;de ilgili kurulu\u015flar taraf\u0131ndan i\u00e7 mevzuat haline getirilip y\u00fcr\u00fcrl\u00fc\u011fe konmadan, &#8220;Yeni Yakla\u015f\u0131m Direktifleri&#8221; kapsam\u0131nda olup, i\u00e7 piyasaya arzedilen \u00fcr\u00fcnlere T\u00fcrkiye&#8217;de CE \u0130\u015fareti ili\u015ftirilmesinin zorunlu hale getirilmesi s\u00f6z konusu de\u011fildir. Mevzuat uyumu tamamland\u0131ktan sonra, bu i\u015fareti ta\u015f\u0131mayan \u00fcr\u00fcnlerin i\u00e7 piyasaya arz edilmesi m\u00fcmk\u00fcn olmayacakt\u0131r.<\/p>\n<p><strong>CE \u0130\u015fareti \/ Belgesi Nas\u0131l Al\u0131n\u0131r?<\/strong><br \/>\nHerhangi bir \u00fcr\u00fcn\u00fcne CE \u0130\u015fareti \/ Belgesi almak isteyen bir kurulu\u015fun, \u00f6ncelikle bu \u00fcr\u00fcne ili\u015fkin bir teknik dosya haz\u0131rlamas\u0131 gerekir. Teknik dosya, CE \u00e7al\u0131\u015fmalar\u0131n\u0131n temelini olu\u015fturmaktad\u0131r. Firma ister riskli s\u0131n\u0131fa girmeyen cihaz \u00fcretiyor ve dolay\u0131s\u0131yla kendi CE \u0130\u015fareti vurma yetkisini kullan\u0131yor olsun, ister riskli \u00fcr\u00fcn \u00fcretiyor ve dolay\u0131s\u0131yla \u00fcr\u00fcn\u00fcn yetkili bir kurum taraf\u0131ndan test edilmesi gerekiyor olsun, bir teknik dosya haz\u0131rlan\u0131r.<\/p>\n<ul class=\"ulList\">\n<li><strong>D\u00fc\u015f\u00fck Riskli \u00dcr\u00fcnler:<\/strong>\u00a0\u00dcretici uygunluk de\u011ferlendirmesini yapt\u0131ktan sonra bir beyanname yay\u0131nlayarak; \u00fcr\u00fcn\u00fcn zorunlu g\u00fcvenlik, sa\u011fl\u0131k, \u00e7evre ve t\u00fcketici koruma standartlar\u0131na uydu\u011funu belirtir. Bu beyannamenin normuna uygun olarak d\u00fczenlenmesi gereklidir.<\/li>\n<li><strong>Y\u00fcksek Riskli \u00dcr\u00fcnler:<\/strong>\u00a0Bu \u00fcr\u00fcnler i\u00e7in \u00fcreticinin beyannamesi yeterli de\u011fildir. Bu durumda \u00fcr\u00fcnlerin, mutlaka, onaylanm\u0131\u015f kurulu\u015flar (notified body) taraf\u0131ndan test edilmesi gerekmektedir. Onaylanm\u0131\u015f kurulu\u015fun incelenmesi sonucunda \u00fcretici CE \u0130\u015faretini \u00fcr\u00fcn\u00fcne koyabilir.<\/li>\n<\/ul>","protected":false},"excerpt":{"rendered":"<p>Avrupa Toplulu\u011fu ve mevzuat\u0131 kabul eden di\u011fer \u00fclkeler i\u00e7in Avrupa Uygunluk (Conformit\u00e9 Europ\u00e9enn\u00e9) anlam\u0131na gelir. Avrupa Birli\u011fi Komisyonlar\u0131 taraf\u0131ndan yay\u0131mlanan direktifler kapsam\u0131nda bir\u00e7ok \u00fcr\u00fcn\u00fcn sa\u011fl\u0131k, g\u00fcvenlik, emniyet konular\u0131nda Avrupa Birli\u011fi Direktif ve Standartlar\u0131na uygunlu\u011funun sa\u011flanmas\u0131 ve bu sayede \u00fcr\u00fcn\u00fcn serbest dola\u015f\u0131m\u0131n\u0131n m\u00fcmk\u00fcn hale gelmesi ama\u00e7lanm\u0131\u015ft\u0131r. CE \u0130\u015fareti, AB&#8217;nin, teknik mevzuat uyumunun sa\u011flanmas\u0131 i\u00e7in, 1985 y\u0131l\u0131nda benimsedi\u011fi Yeni Yakla\u015f\u0131m Direktifleri ve Y\u00f6netmelikleri kapsam\u0131nda yer alan \u00fcr\u00fcnlerle ilgili olup \u00fcr\u00fcnlerin AB&#8217;nin ilgili[&hellip;]<\/p>","protected":false},"author":1,"featured_media":0,"parent":298,"menu_order":0,"comment_status":"closed","ping_status":"closed","template":"","meta":{"_acf_changed":false,"footnotes":""},"class_list":["post-401","page","type-page","status-publish","hentry"],"acf":[],"yoast_head":"<!-- This site is optimized with the Yoast SEO plugin v25.9 - https:\/\/yoast.com\/wordpress\/plugins\/seo\/ -->\n<title>CE \u0130\u015fareti - Anka Dan\u0131\u015fmanl\u0131k<\/title>\n<meta name=\"robots\" content=\"index, follow, max-snippet:-1, max-image-preview:large, max-video-preview:-1\" \/>\n<link rel=\"canonical\" href=\"https:\/\/ankadanismanlikltd.com\/en\/sistem-belgelendirme\/ce-isareti\/\" \/>\n<meta property=\"og:locale\" content=\"en_US\" \/>\n<meta property=\"og:type\" content=\"article\" \/>\n<meta property=\"og:title\" content=\"CE \u0130\u015fareti - Anka Dan\u0131\u015fmanl\u0131k\" \/>\n<meta property=\"og:description\" content=\"Avrupa Toplulu\u011fu ve mevzuat\u0131 kabul eden di\u011fer \u00fclkeler i\u00e7in Avrupa Uygunluk (Conformit\u00e9 Europ\u00e9enn\u00e9) anlam\u0131na gelir. Avrupa Birli\u011fi Komisyonlar\u0131 taraf\u0131ndan yay\u0131mlanan direktifler kapsam\u0131nda bir\u00e7ok \u00fcr\u00fcn\u00fcn sa\u011fl\u0131k, g\u00fcvenlik, emniyet konular\u0131nda Avrupa Birli\u011fi Direktif ve Standartlar\u0131na uygunlu\u011funun sa\u011flanmas\u0131 ve bu sayede \u00fcr\u00fcn\u00fcn serbest dola\u015f\u0131m\u0131n\u0131n m\u00fcmk\u00fcn hale gelmesi ama\u00e7lanm\u0131\u015ft\u0131r. CE \u0130\u015fareti, AB&#8217;nin, teknik mevzuat uyumunun sa\u011flanmas\u0131 i\u00e7in, 1985 y\u0131l\u0131nda benimsedi\u011fi Yeni Yakla\u015f\u0131m Direktifleri ve Y\u00f6netmelikleri kapsam\u0131nda yer alan \u00fcr\u00fcnlerle ilgili olup \u00fcr\u00fcnlerin AB&#8217;nin ilgili[&hellip;]\" \/>\n<meta property=\"og:url\" content=\"https:\/\/ankadanismanlikltd.com\/en\/sistem-belgelendirme\/ce-isareti\/\" \/>\n<meta property=\"og:site_name\" content=\"Anka Dan\u0131\u015fmanl\u0131k\" \/>\n<meta property=\"article:publisher\" content=\"https:\/\/www.facebook.com\/ankadanismanlik\" \/>\n<meta property=\"article:modified_time\" content=\"2024-09-22T11:49:30+00:00\" \/>\n<meta name=\"twitter:card\" content=\"summary_large_image\" \/>\n<meta name=\"twitter:site\" content=\"@ankaconsultancy\" \/>\n<meta name=\"twitter:label1\" content=\"Est. reading time\" \/>\n\t<meta name=\"twitter:data1\" content=\"5 minutes\" \/>\n<script type=\"application\/ld+json\" class=\"yoast-schema-graph\">{\"@context\":\"https:\/\/schema.org\",\"@graph\":[{\"@type\":\"WebPage\",\"@id\":\"https:\/\/ankadanismanlikltd.com\/en\/sistem-belgelendirme\/ce-isareti\/\",\"url\":\"https:\/\/ankadanismanlikltd.com\/en\/sistem-belgelendirme\/ce-isareti\/\",\"name\":\"CE \u0130\u015fareti - Anka Dan\u0131\u015fmanl\u0131k\",\"isPartOf\":{\"@id\":\"http:\/\/ankadanismanlikltd.com\/en\/#website\"},\"datePublished\":\"2024-09-22T11:32:39+00:00\",\"dateModified\":\"2024-09-22T11:49:30+00:00\",\"breadcrumb\":{\"@id\":\"https:\/\/ankadanismanlikltd.com\/en\/sistem-belgelendirme\/ce-isareti\/#breadcrumb\"},\"inLanguage\":\"en-US\",\"potentialAction\":[{\"@type\":\"ReadAction\",\"target\":[\"https:\/\/ankadanismanlikltd.com\/en\/sistem-belgelendirme\/ce-isareti\/\"]}]},{\"@type\":\"BreadcrumbList\",\"@id\":\"https:\/\/ankadanismanlikltd.com\/en\/sistem-belgelendirme\/ce-isareti\/#breadcrumb\",\"itemListElement\":[{\"@type\":\"ListItem\",\"position\":1,\"name\":\"Anasayfa\",\"item\":\"http:\/\/ankadanismanlikltd.com\/en\/\"},{\"@type\":\"ListItem\",\"position\":2,\"name\":\"Sistem Belgelendirme\",\"item\":\"https:\/\/ankadanismanlikltd.com\/en\/sistem-belgelendirme\/\"},{\"@type\":\"ListItem\",\"position\":3,\"name\":\"CE \u0130\u015fareti\"}]},{\"@type\":\"WebSite\",\"@id\":\"http:\/\/ankadanismanlikltd.com\/en\/#website\",\"url\":\"http:\/\/ankadanismanlikltd.com\/en\/\",\"name\":\"Anka Dan\u0131\u015fmanl\u0131k\",\"description\":\"\",\"publisher\":{\"@id\":\"http:\/\/ankadanismanlikltd.com\/en\/#organization\"},\"potentialAction\":[{\"@type\":\"SearchAction\",\"target\":{\"@type\":\"EntryPoint\",\"urlTemplate\":\"http:\/\/ankadanismanlikltd.com\/en\/?s={search_term_string}\"},\"query-input\":{\"@type\":\"PropertyValueSpecification\",\"valueRequired\":true,\"valueName\":\"search_term_string\"}}],\"inLanguage\":\"en-US\"},{\"@type\":\"Organization\",\"@id\":\"http:\/\/ankadanismanlikltd.com\/en\/#organization\",\"name\":\"ANKA Dan\u0131\u015fmanl\u0131k\",\"url\":\"http:\/\/ankadanismanlikltd.com\/en\/\",\"logo\":{\"@type\":\"ImageObject\",\"inLanguage\":\"en-US\",\"@id\":\"http:\/\/ankadanismanlikltd.com\/en\/#\/schema\/logo\/image\/\",\"url\":\"https:\/\/ankadanismanlikltd.com\/wp-content\/uploads\/2025\/03\/yeni-logo.jpg\",\"contentUrl\":\"https:\/\/ankadanismanlikltd.com\/wp-content\/uploads\/2025\/03\/yeni-logo.jpg\",\"width\":623,\"height\":630,\"caption\":\"ANKA Dan\u0131\u015fmanl\u0131k\"},\"image\":{\"@id\":\"http:\/\/ankadanismanlikltd.com\/en\/#\/schema\/logo\/image\/\"},\"sameAs\":[\"https:\/\/www.facebook.com\/ankadanismanlik\",\"https:\/\/x.com\/ankaconsultancy\",\"https:\/\/www.linkedin.com\/company\/ankadanismanlik\",\"https:\/\/www.youtube.com\/@ANKADanmanlk.official\",\"https:\/\/www.instagram.com\/ankadanismanlik.tr?igsh=MXZ6OXMyd3k2MW5zbA&utm_source=qr\"]}]}<\/script>\n<!-- \/ Yoast SEO plugin. -->","yoast_head_json":{"title":"CE \u0130\u015fareti - Anka Dan\u0131\u015fmanl\u0131k","robots":{"index":"index","follow":"follow","max-snippet":"max-snippet:-1","max-image-preview":"max-image-preview:large","max-video-preview":"max-video-preview:-1"},"canonical":"https:\/\/ankadanismanlikltd.com\/en\/sistem-belgelendirme\/ce-isareti\/","og_locale":"en_US","og_type":"article","og_title":"CE \u0130\u015fareti - Anka Dan\u0131\u015fmanl\u0131k","og_description":"Avrupa Toplulu\u011fu ve mevzuat\u0131 kabul eden di\u011fer \u00fclkeler i\u00e7in Avrupa Uygunluk (Conformit\u00e9 Europ\u00e9enn\u00e9) anlam\u0131na gelir. Avrupa Birli\u011fi Komisyonlar\u0131 taraf\u0131ndan yay\u0131mlanan direktifler kapsam\u0131nda bir\u00e7ok \u00fcr\u00fcn\u00fcn sa\u011fl\u0131k, g\u00fcvenlik, emniyet konular\u0131nda Avrupa Birli\u011fi Direktif ve Standartlar\u0131na uygunlu\u011funun sa\u011flanmas\u0131 ve bu sayede \u00fcr\u00fcn\u00fcn serbest dola\u015f\u0131m\u0131n\u0131n m\u00fcmk\u00fcn hale gelmesi ama\u00e7lanm\u0131\u015ft\u0131r. CE \u0130\u015fareti, AB&#8217;nin, teknik mevzuat uyumunun sa\u011flanmas\u0131 i\u00e7in, 1985 y\u0131l\u0131nda benimsedi\u011fi Yeni Yakla\u015f\u0131m Direktifleri ve Y\u00f6netmelikleri kapsam\u0131nda yer alan \u00fcr\u00fcnlerle ilgili olup \u00fcr\u00fcnlerin AB&#8217;nin ilgili[&hellip;]","og_url":"https:\/\/ankadanismanlikltd.com\/en\/sistem-belgelendirme\/ce-isareti\/","og_site_name":"Anka Dan\u0131\u015fmanl\u0131k","article_publisher":"https:\/\/www.facebook.com\/ankadanismanlik","article_modified_time":"2024-09-22T11:49:30+00:00","twitter_card":"summary_large_image","twitter_site":"@ankaconsultancy","twitter_misc":{"Est. reading time":"5 minutes"},"schema":{"@context":"https:\/\/schema.org","@graph":[{"@type":"WebPage","@id":"https:\/\/ankadanismanlikltd.com\/en\/sistem-belgelendirme\/ce-isareti\/","url":"https:\/\/ankadanismanlikltd.com\/en\/sistem-belgelendirme\/ce-isareti\/","name":"CE \u0130\u015fareti - Anka Dan\u0131\u015fmanl\u0131k","isPartOf":{"@id":"http:\/\/ankadanismanlikltd.com\/en\/#website"},"datePublished":"2024-09-22T11:32:39+00:00","dateModified":"2024-09-22T11:49:30+00:00","breadcrumb":{"@id":"https:\/\/ankadanismanlikltd.com\/en\/sistem-belgelendirme\/ce-isareti\/#breadcrumb"},"inLanguage":"en-US","potentialAction":[{"@type":"ReadAction","target":["https:\/\/ankadanismanlikltd.com\/en\/sistem-belgelendirme\/ce-isareti\/"]}]},{"@type":"BreadcrumbList","@id":"https:\/\/ankadanismanlikltd.com\/en\/sistem-belgelendirme\/ce-isareti\/#breadcrumb","itemListElement":[{"@type":"ListItem","position":1,"name":"Anasayfa","item":"http:\/\/ankadanismanlikltd.com\/en\/"},{"@type":"ListItem","position":2,"name":"Sistem Belgelendirme","item":"https:\/\/ankadanismanlikltd.com\/en\/sistem-belgelendirme\/"},{"@type":"ListItem","position":3,"name":"CE \u0130\u015fareti"}]},{"@type":"WebSite","@id":"http:\/\/ankadanismanlikltd.com\/en\/#website","url":"http:\/\/ankadanismanlikltd.com\/en\/","name":"Anka Dan\u0131\u015fmanl\u0131k","description":"","publisher":{"@id":"http:\/\/ankadanismanlikltd.com\/en\/#organization"},"potentialAction":[{"@type":"SearchAction","target":{"@type":"EntryPoint","urlTemplate":"http:\/\/ankadanismanlikltd.com\/en\/?s={search_term_string}"},"query-input":{"@type":"PropertyValueSpecification","valueRequired":true,"valueName":"search_term_string"}}],"inLanguage":"en-US"},{"@type":"Organization","@id":"http:\/\/ankadanismanlikltd.com\/en\/#organization","name":"ANKA Dan\u0131\u015fmanl\u0131k","url":"http:\/\/ankadanismanlikltd.com\/en\/","logo":{"@type":"ImageObject","inLanguage":"en-US","@id":"http:\/\/ankadanismanlikltd.com\/en\/#\/schema\/logo\/image\/","url":"https:\/\/ankadanismanlikltd.com\/wp-content\/uploads\/2025\/03\/yeni-logo.jpg","contentUrl":"https:\/\/ankadanismanlikltd.com\/wp-content\/uploads\/2025\/03\/yeni-logo.jpg","width":623,"height":630,"caption":"ANKA Dan\u0131\u015fmanl\u0131k"},"image":{"@id":"http:\/\/ankadanismanlikltd.com\/en\/#\/schema\/logo\/image\/"},"sameAs":["https:\/\/www.facebook.com\/ankadanismanlik","https:\/\/x.com\/ankaconsultancy","https:\/\/www.linkedin.com\/company\/ankadanismanlik","https:\/\/www.youtube.com\/@ANKADanmanlk.official","https:\/\/www.instagram.com\/ankadanismanlik.tr?igsh=MXZ6OXMyd3k2MW5zbA&utm_source=qr"]}]}},"_links":{"self":[{"href":"https:\/\/ankadanismanlikltd.com\/en\/wp-json\/wp\/v2\/pages\/401","targetHints":{"allow":["GET"]}}],"collection":[{"href":"https:\/\/ankadanismanlikltd.com\/en\/wp-json\/wp\/v2\/pages"}],"about":[{"href":"https:\/\/ankadanismanlikltd.com\/en\/wp-json\/wp\/v2\/types\/page"}],"author":[{"embeddable":true,"href":"https:\/\/ankadanismanlikltd.com\/en\/wp-json\/wp\/v2\/users\/1"}],"replies":[{"embeddable":true,"href":"https:\/\/ankadanismanlikltd.com\/en\/wp-json\/wp\/v2\/comments?post=401"}],"version-history":[{"count":2,"href":"https:\/\/ankadanismanlikltd.com\/en\/wp-json\/wp\/v2\/pages\/401\/revisions"}],"predecessor-version":[{"id":452,"href":"https:\/\/ankadanismanlikltd.com\/en\/wp-json\/wp\/v2\/pages\/401\/revisions\/452"}],"up":[{"embeddable":true,"href":"https:\/\/ankadanismanlikltd.com\/en\/wp-json\/wp\/v2\/pages\/298"}],"wp:attachment":[{"href":"https:\/\/ankadanismanlikltd.com\/en\/wp-json\/wp\/v2\/media?parent=401"}],"curies":[{"name":"wp","href":"https:\/\/api.w.org\/{rel}","templated":true}]}}