{"id":402,"date":"2024-09-22T11:32:45","date_gmt":"2024-09-22T11:32:45","guid":{"rendered":"https:\/\/ankadanismanlikltd.com\/?page_id=402"},"modified":"2024-09-22T11:49:41","modified_gmt":"2024-09-22T11:49:41","slug":"helal-gida","status":"publish","type":"page","link":"https:\/\/ankadanismanlikltd.com\/en\/sistem-belgelendirme\/helal-gida\/","title":{"rendered":"Halal Food"},"content":{"rendered":"<p><strong>Helal \u00dcr\u00fcn Nedir?<\/strong><br \/>\nHelal \u00fcr\u00fcn; \u00f6ncelikle temiz ve g\u00fcvenilir \u00fcr\u00fcn demektir. Bunun yan\u0131nda hammadde giri\u015finden son \u00fcr\u00fcn\u00fcn t\u00fcketimine kadar olan t\u00fcm a\u015famalarda, \u0130slami h\u00fck\u00fcmlere uygun i\u00e7erik, hammadde, faaliyet ve s\u00fcre\u00e7 ile \u00fcretilen \u00fcr\u00fcn demektir. Bu ba\u011flamda \u0130slam dinince yasaklanmam\u0131\u015f \u00fcr\u00fcnler Helal olarak nitelendirilmektedir. Helal olmayan \u00fcr\u00fcnlerin bir k\u0131sm\u0131 ise a\u015fa\u011f\u0131da listelenmi\u015ftir:<\/p>\n<ul class=\"ulList\">\n<li>\u0130slami kurallara g\u00f6re kesin bir delille a\u00e7\u0131k bir \u015fekilde yasaklanm\u0131\u015f olan her t\u00fcrl\u00fc \u00fcr\u00fcn, faaliyet<\/li>\n<li>Domuz veya yabani ay\u0131,<\/li>\n<li>K\u00f6pek, y\u0131lan veya maymun,<\/li>\n<li>Pen\u00e7e ve \u00f6n di\u015fleri olan aslan, kaplan vb. etobur hayvanlar,<\/li>\n<li>Kartal, akbaba vb. avc\u0131 ku\u015flar,<\/li>\n<li>Fare, k\u0131rkayak, akrep ve benzeri zararl\u0131 hayvanlar,<\/li>\n<li>Ar\u0131, kar\u0131nca ve a\u011fa\u00e7kakan gibi \u0130slami h\u00fck\u00fcmlere g\u00f6re kesimi yasaklanm\u0131\u015f hayvanlar,<\/li>\n<li>Bit, sinek, at sine\u011fi ya da di\u011fer benzeri hayvanlar gibi genelde insanlar aras\u0131nda i\u011frenilen ve istenmeyen hayvanlar,<\/li>\n<li>Kurba\u011fa, timsah ve di\u011fer benzeri hem karada hem suda ya\u015fayan hayvanlar,<\/li>\n<li>Pulu olmayan herhangi bir deniz canl\u0131s\u0131,<\/li>\n<li>\u0130slami kurallara g\u00f6re kesilmeyen herhangi bir hayvan,<\/li>\n<li>Kan ya da kanla kar\u0131\u015ft\u0131r\u0131lm\u0131\u015f haz\u0131r yemekler,<\/li>\n<li>Suda ya\u015fayan ve \u0130slami h\u00fck\u00fcmlere g\u00f6re avlanmayan hayvanlar (sudan canl\u0131 avlanmayan ya da \u00f6l\u00fc avlanan hayvanlar),<\/li>\n<li>Alkoll\u00fc, zehirli veya zararl\u0131 i\u00e7ecekler veya bunlarla kar\u0131\u015fm\u0131\u015f olan maddeler.<\/li>\n<\/ul>\n<p>Helal G\u0131da; \u00e7iftlikten ve tarladan al\u0131nan \u00fcr\u00fcnlerin sofram\u0131za gelinceye kadar t\u00fcm\u00fcyle \u0130slami kurallara uygun olarak haz\u0131rlanmas\u0131n\u0131 ifade eder. Daha geni\u015f bir a\u00e7\u0131klama ile; bitkisel, hayvansal, kimyasal ya da mikrobiyal kaynakl\u0131 g\u0131da \u00fcr\u00fcnlerinin; hammadde, i\u015flem yard\u0131mc\u0131 maddeleri, bile\u015fenleri, katk\u0131 maddeleri, i\u015fleme y\u00f6ntemleri, i\u015fletme ko\u015fullar\u0131 ve ambalajlar\u0131n\u0131n \u0130slami kurallara uygunlu\u011funun ifadesidir.<\/p>\n<p>Helal \u00dcr\u00fcn kavram\u0131 sadece g\u0131da \u00fcr\u00fcnleri ile de\u011fil, kozmetik, ila\u00e7, banka, finans, turizm vb. ba\u015fka \u00fcr\u00fcnlerle de ilgili olabilmektedir.<\/p>\n<p><strong>Helal \u00dcr\u00fcn Belgelendirme<\/strong><br \/>\nD\u00fcnya n\u00fcfusunun d\u00f6rtte biri olan M\u00fcsl\u00fcmanlar, helal ve temiz \u00fcr\u00fcnlerle beslenmek iste\u011findedir. M\u00fcsl\u00fcmanlar y\u00fczy\u0131llard\u0131r \u0130slami h\u00fck\u00fcmlere uygun g\u0131da vb. t\u00fcketim malzemelerini belirlemede sorun ya\u015famam\u0131\u015flard\u0131. \u00c7\u00fcnk\u00fc t\u00fcketilen \u00fcr\u00fcnler, i\u00e7eri\u011fi daha basit olan ve \u00e7o\u011funlukla ev tipi \u00fcr\u00fcnlerdi. Ancak, son d\u00f6nemdeki teknolojik geli\u015fmelerle birlikte, g\u0131da sekt\u00f6r\u00fcndeki at\u0131l\u0131m ve geli\u015fmeler beraberinde \u00fcr\u00fcn \u00e7e\u015fitlili\u011fi ve i\u00e7erik karma\u015fas\u0131n\u0131 da getirmi\u015ftir.<\/p>\n<p>H\u0131zla geli\u015fen teknolojiden destek al\u0131p ivme kazanarak b\u00fcy\u00fcyen g\u0131da ve kimya end\u00fcstrisi, t\u00fcketici ihtiya\u00e7lar\u0131n\u0131 kar\u015f\u0131lamada kolayl\u0131k ve \u00e7e\u015fitlilik sa\u011flamakla birlikte beraberinde farkl\u0131 soru ve sorunlar\u0131 da getirmi\u015ftir. Bunlardan bir tanesi de \u0130slam alemi taraf\u0131ndan \u0130slami h\u00fck\u00fcmlere uygun helal \u00fcr\u00fcn t\u00fcketilip t\u00fcketilmedi\u011fi sorunudur. G\u00fcn\u00fcm\u00fczde art\u0131k yurt i\u00e7inde ve yurt d\u0131\u015f\u0131nda g\u0131da al\u0131p satan hem tedarik\u00e7iler hem de M\u00fcsl\u00fcman m\u00fc\u015fteriler, sat\u0131n ald\u0131klar\u0131, t\u00fckettikleri \u00fcr\u00fcnlerin helal olup olmad\u0131\u011f\u0131n\u0131 bilmek istemekte ve sat\u0131n al\u0131rken helal sertifikas\u0131 olan \u00fcr\u00fcnleri tercih etmektedir. Yurt d\u0131\u015f\u0131ndaki M\u00fcsl\u00fcman \u00fclkeler de g\u0131da sat\u0131n al\u0131rken \u00fcr\u00fcnlerin Helal G\u0131da sertifikas\u0131 ta\u015f\u0131y\u0131p ta\u015f\u0131mad\u0131\u011f\u0131na bakmakta ve bu \u015fart\u0131 zorunlu k\u0131lmaya ba\u015flamaktad\u0131rlar. Bu belge art\u0131k g\u00fcvenilir helal g\u0131da olman\u0131n yan\u0131nda \u00fcreticinin pazarlama metodu olarak da kullan\u0131lmaktad\u0131r. Bu nedenle Helal sertifikal\u0131 \u00fcr\u00fcne olan talep her ge\u00e7en g\u00fcn artmaktad\u0131r.<\/p>\n<p>K\u00fcresel pazarda helal \u00fcr\u00fcn talebi yakla\u015f\u0131k 4 trilyon dolar olmakla beraber rakam\u0131n \u015fu anda ger\u00e7ekle\u015febilen oran\u0131 ise ne yaz\u0131k ki y\u00fczde 20 olarak belirtilmektedir. Pazar\u0131n b\u00fcy\u00fck b\u00f6l\u00fcm\u00fcn\u00fc 1,5 milyarl\u0131k bir n\u00fcfusa sahip \u0130slam \u0130\u015fbirli\u011fi Te\u015fkilat\u0131&#8217;n\u0131n 57 \u00fcye \u00fclkesi olu\u015fturmaktad\u0131r. Dolay\u0131s\u0131yla helal pazar\u0131n\u0131n b\u00fcy\u00fcmesi ve buna ba\u011fl\u0131 olarak helal \u00fcr\u00fcn sertifikasyonun ivme kazanmas\u0131 gerekti\u011fi de ortaya \u00e7\u0131kmaktad\u0131r.<\/p>\n<p>Helal Sertifikasyonunda M\u00fcsl\u00fcman \u00fclkeler aras\u0131nda ortak ve uyumlu bir dil olu\u015fturulamad\u0131\u011f\u0131 da g\u00f6r\u00fclmektedir. Helal alan\u0131ndaki da\u011f\u0131n\u0131k yap\u0131 nedeniyle var olan helal belgelendirme uygulamalar\u0131 \u00fclkeden \u00fclkeye de\u011fi\u015fkenlik g\u00f6sterebildi\u011fi i\u00e7in, ticarette teknik engel olarak kar\u015f\u0131m\u0131za \u00e7\u0131kabilmektedir. K\u00fcresel d\u00fczeyde helal \u00fcr\u00fcn ve hizmet piyasas\u0131n\u0131n b\u00fcy\u00fcmesi ile beraber farkl\u0131 helal standartlar\u0131n\u0131n ve belgelendirme sistemlerinin uluslararas\u0131 ticaret \u00fczerinde yaratt\u0131\u011f\u0131 zorluklar \u00f6nemli \u00f6l\u00e7\u00fcde t\u00fcketicilerin helal \u00fcr\u00fcnlere eri\u015fimine ise engel olu\u015fturabilmektedir.<\/p>\n<p>Bu ba\u011flamda, yurt i\u00e7inde ve d\u0131\u015f\u0131nda helal akreditasyon alan\u0131nda faaliyette bulunmak, uluslararas\u0131 platformlardaki helal akreditasyon \u00e7al\u0131\u015fmalar\u0131nda \u00fclkemizi temsil etmek ve y\u00fcr\u00fct\u00fclen \u00e7al\u0131\u015fmalar\u0131n \u00f6nc\u00fcl\u00fc\u011f\u00fcn\u00fc \u00fcstlenmek \u00fczere T\u00fcrkiye&#8217;de helal akreditasyon hizmeti sunma yetkisini haiz tek kurum olarak\u00a0<strong>Helal Akreditasyon Kurumu (HAK)<\/strong>\u00a0kurulmu\u015f ve faaliyetlerine ba\u015flam\u0131\u015ft\u0131r. Helal akreditasyon kurumu (HAK), OIC\/SMIIC Standartlar\u0131n\u0131n etkinle\u015fmesi ve harmonize bir akreditasyon sisteminin hayata ge\u00e7irilmesi ile ticaretin \u00f6n\u00fcndeki teknik engellerin azalaca\u011f\u0131 ve b\u00f6ylelikle helal belgeli ticaret hacminin artaca\u011f\u0131 y\u00f6n\u00fcndeki misyonu \u00e7er\u00e7evesinde ba\u015fvuru yapan kurulu\u015flar\u0131n akreditasyon \u00e7al\u0131\u015fmalar\u0131n\u0131 y\u00fcr\u00fctmektedir.<\/p>\n<p><u>CTR Belgelendirme olarak, Ocak 2021 tarihi itibariyle OIC\/SMIIC 1:Helal G\u0131da konusunda Helal Akreditasyon Kurumu (HAK)&#8217; dan onayl\u0131 kurulu\u015f olarak faaliyetlerimizi y\u00fcr\u00fctmekteyiz.<\/u><\/p>\n<p><strong>Helal Belgesi&#8217;nin Faydalar\u0131 Nelerdir?<\/strong><br \/>\nHelal belgesini sadece g\u0131da \u00fcr\u00fcnlerine verilmi\u015f bir sertifika olarak d\u00fc\u015f\u00fcnmemek gerekmektedir. Ayn\u0131 zamanda \u00fcr\u00fcnlerin paketlenmesi, etiketlenmesi, ta\u015f\u0131nmas\u0131, servis ve lojistik faaliyetlerine ayr\u0131ca otelcilik, seyahat, eczac\u0131l\u0131k, bankac\u0131l\u0131k, kozmetik ve ilgili cihazlar ile di\u011fer sa\u011fl\u0131k \u00fcr\u00fcnlerine ili\u015fkin \u00f6zellikleri de i\u00e7ine ald\u0131\u011f\u0131 unutulmamal\u0131d\u0131r. G\u00f6r\u00fcld\u00fc\u011f\u00fc \u00fczere \u00e7ok \u00e7e\u015fitli sekt\u00f6rlerle ilgili olan Helal belgesi hem \u00fcreticiye hem de t\u00fcketiciye g\u00fcvenilirlik a\u00e7\u0131s\u0131ndan bir\u00e7ok faydas\u0131 bulunmaktad\u0131r. Bunlardan bir k\u0131sm\u0131 \u015fu \u015fekildedir:<\/p>\n<ul class=\"ulList\">\n<li>Helal belgesi, \u00fcretici ve t\u00fcketici aras\u0131nda bir g\u00fcven ba\u011f\u0131 olu\u015fturur.<\/li>\n<li>G\u00fcn ge\u00e7tik\u00e7e artan bilin\u00e7li t\u00fcketici taleplerini kar\u015f\u0131layabilmek i\u00e7in \u00fcreticilere hem kendi sistemlerini hem de \u00fcr\u00fcnlerini geli\u015ftirmek i\u00e7in yol g\u00f6stericidir.<\/li>\n<li>Temiz ve g\u00fcvenilir \u00fcr\u00fcn uygulamalar\u0131n\u0131 te\u015fvik eder.<\/li>\n<li>Helal Standard\u0131, uluslararas\u0131 kamuoyunda ge\u00e7erlili\u011fi kan\u0131tlanm\u0131\u015f olan\u00a0<a href=\"https:\/\/belgelendirme.ctr.com.tr\/iso-22000-haccp-nedir.html\">ISO 22000<\/a>\u00a0Standard\u0131&#8217;n\u0131 baz ald\u0131\u011f\u0131 i\u00e7in \u00fcreticilerin daha kaliteli ve g\u00fcvenli \u00fcretim yapmalar\u0131n\u0131 sa\u011flayaca\u011f\u0131ndan kalitenin art\u0131r\u0131lmas\u0131nda \u00f6nemli bir rol oynar.<\/li>\n<li>Hammaddeleri, \u00fcr\u00fcnleri, \u00fcretim a\u015famalar\u0131n\u0131, katk\u0131 maddelerini ve i\u00e7eriklerini, i\u015fleme y\u00f6ntemlerini denetleyen tarafs\u0131z bir uzman ve bilirki\u015fi hizmeti sa\u011flar.<\/li>\n<li>\u00dcreticilere sekt\u00f6r\u00fcn yap\u0131s\u0131n\u0131 g\u00f6stermede, sekt\u00f6rdeki yerini belirlemede ve geli\u015fen ve de\u011fi\u015fen piyasa \u015fartlar\u0131n\u0131 yakalamada kaynak olu\u015fturur.<\/li>\n<li>Artan &#8220;Helal Belgeli \u00dcr\u00fcn&#8221; talebi i\u00e7erisinde \u00fcreticilerin rekabet g\u00fcc\u00fcn\u00fcn artmas\u0131na yard\u0131mc\u0131 olur.<\/li>\n<li>Helal belgesi \u00fcreticilerin M\u00fcsl\u00fcman \u00fclkelere ihracat pazar\u0131nda pay sahibi olup pay\u0131n\u0131 art\u0131rmalar\u0131 i\u00e7in onlar\u0131 bir ad\u0131m \u00f6ne ge\u00e7irir.<\/li>\n<li>S\u00fcrekli geli\u015fen ve de\u011fi\u015fen teknolojide meydana gelen yenilikleri, artan ihtiya\u00e7lar\u0131 ve m\u00fc\u015fteri beklentilerini takip etmede uzman g\u00f6r\u00fc\u015f\u00fc deste\u011fi al\u0131nm\u0131\u015f olur.<\/li>\n<li>Bilimsel veriler \u0131\u015f\u0131\u011f\u0131nda, \u0130slami h\u00fck\u00fcmleri \u00e7ok iyi bilen uzmanlarca denetlenen helal sistemi \u00fcreticilere bu a\u015famada m\u00fckemmel bir kaynak olu\u015fturur.<\/li>\n<li>Helal belgeli \u00fcr\u00fcn talebi olan \u00fclkelere yap\u0131lacak ihracatlarda anla\u015fmazl\u0131klar\u0131n \u00f6n\u00fcne ge\u00e7ilmesine yard\u0131mc\u0131 olur.<\/li>\n<li>Sadece helal g\u0131da anlam\u0131nda de\u011fil, temiz ve g\u00fcvenilir g\u0131da, m\u00fc\u015fteri memnuniyeti, kaliteli kontrol y\u00f6ntemleri, gerekli dok\u00fcmantasyonun iyile\u015ftirilmesi ve daha az kay\u0131p daha \u00e7ok verim anlam\u0131nda da faydalar sa\u011flar.<\/li>\n<\/ul>\n<p>Uzman personelimizden detayl\u0131 bilgi almak ve ba\u015fvuru yapmak i\u00e7in l\u00fctfen bizimle ileti\u015fime ge\u00e7iniz.<\/p>","protected":false},"excerpt":{"rendered":"<p>Helal \u00dcr\u00fcn Nedir? Helal \u00fcr\u00fcn; \u00f6ncelikle temiz ve g\u00fcvenilir \u00fcr\u00fcn demektir. Bunun yan\u0131nda hammadde giri\u015finden son \u00fcr\u00fcn\u00fcn t\u00fcketimine kadar olan t\u00fcm a\u015famalarda, \u0130slami h\u00fck\u00fcmlere uygun i\u00e7erik, hammadde, faaliyet ve s\u00fcre\u00e7 ile \u00fcretilen \u00fcr\u00fcn demektir. Bu ba\u011flamda \u0130slam dinince yasaklanmam\u0131\u015f \u00fcr\u00fcnler Helal olarak nitelendirilmektedir. Helal olmayan \u00fcr\u00fcnlerin bir k\u0131sm\u0131 ise a\u015fa\u011f\u0131da listelenmi\u015ftir: \u0130slami kurallara g\u00f6re kesin bir delille a\u00e7\u0131k bir \u015fekilde yasaklanm\u0131\u015f olan her t\u00fcrl\u00fc \u00fcr\u00fcn, faaliyet Domuz veya yabani ay\u0131,[&hellip;]<\/p>","protected":false},"author":1,"featured_media":0,"parent":298,"menu_order":0,"comment_status":"closed","ping_status":"closed","template":"","meta":{"_acf_changed":false,"footnotes":""},"class_list":["post-402","page","type-page","status-publish","hentry"],"acf":[],"yoast_head":"<!-- This site is optimized with the Yoast SEO plugin v25.9 - https:\/\/yoast.com\/wordpress\/plugins\/seo\/ -->\n<title>Helal G\u0131da - Anka Dan\u0131\u015fmanl\u0131k<\/title>\n<meta name=\"robots\" content=\"index, follow, max-snippet:-1, max-image-preview:large, max-video-preview:-1\" \/>\n<link rel=\"canonical\" href=\"https:\/\/ankadanismanlikltd.com\/en\/sistem-belgelendirme\/helal-gida\/\" \/>\n<meta property=\"og:locale\" content=\"en_US\" \/>\n<meta property=\"og:type\" content=\"article\" \/>\n<meta property=\"og:title\" content=\"Helal G\u0131da - Anka Dan\u0131\u015fmanl\u0131k\" \/>\n<meta property=\"og:description\" content=\"Helal \u00dcr\u00fcn Nedir? Helal \u00fcr\u00fcn; \u00f6ncelikle temiz ve g\u00fcvenilir \u00fcr\u00fcn demektir. Bunun yan\u0131nda hammadde giri\u015finden son \u00fcr\u00fcn\u00fcn t\u00fcketimine kadar olan t\u00fcm a\u015famalarda, \u0130slami h\u00fck\u00fcmlere uygun i\u00e7erik, hammadde, faaliyet ve s\u00fcre\u00e7 ile \u00fcretilen \u00fcr\u00fcn demektir. Bu ba\u011flamda \u0130slam dinince yasaklanmam\u0131\u015f \u00fcr\u00fcnler Helal olarak nitelendirilmektedir. Helal olmayan \u00fcr\u00fcnlerin bir k\u0131sm\u0131 ise a\u015fa\u011f\u0131da listelenmi\u015ftir: \u0130slami kurallara g\u00f6re kesin bir delille a\u00e7\u0131k bir \u015fekilde yasaklanm\u0131\u015f olan her t\u00fcrl\u00fc \u00fcr\u00fcn, faaliyet Domuz veya yabani ay\u0131,[&hellip;]\" \/>\n<meta property=\"og:url\" content=\"https:\/\/ankadanismanlikltd.com\/en\/sistem-belgelendirme\/helal-gida\/\" \/>\n<meta property=\"og:site_name\" content=\"Anka Dan\u0131\u015fmanl\u0131k\" \/>\n<meta property=\"article:publisher\" content=\"https:\/\/www.facebook.com\/ankadanismanlik\" \/>\n<meta property=\"article:modified_time\" content=\"2024-09-22T11:49:41+00:00\" \/>\n<meta name=\"twitter:card\" content=\"summary_large_image\" \/>\n<meta name=\"twitter:site\" content=\"@ankaconsultancy\" \/>\n<meta name=\"twitter:label1\" content=\"Est. reading time\" \/>\n\t<meta name=\"twitter:data1\" content=\"7 minutes\" \/>\n<script type=\"application\/ld+json\" class=\"yoast-schema-graph\">{\"@context\":\"https:\/\/schema.org\",\"@graph\":[{\"@type\":\"WebPage\",\"@id\":\"https:\/\/ankadanismanlikltd.com\/en\/sistem-belgelendirme\/helal-gida\/\",\"url\":\"https:\/\/ankadanismanlikltd.com\/en\/sistem-belgelendirme\/helal-gida\/\",\"name\":\"Helal G\u0131da - Anka Dan\u0131\u015fmanl\u0131k\",\"isPartOf\":{\"@id\":\"http:\/\/ankadanismanlikltd.com\/en\/#website\"},\"datePublished\":\"2024-09-22T11:32:45+00:00\",\"dateModified\":\"2024-09-22T11:49:41+00:00\",\"breadcrumb\":{\"@id\":\"https:\/\/ankadanismanlikltd.com\/en\/sistem-belgelendirme\/helal-gida\/#breadcrumb\"},\"inLanguage\":\"en-US\",\"potentialAction\":[{\"@type\":\"ReadAction\",\"target\":[\"https:\/\/ankadanismanlikltd.com\/en\/sistem-belgelendirme\/helal-gida\/\"]}]},{\"@type\":\"BreadcrumbList\",\"@id\":\"https:\/\/ankadanismanlikltd.com\/en\/sistem-belgelendirme\/helal-gida\/#breadcrumb\",\"itemListElement\":[{\"@type\":\"ListItem\",\"position\":1,\"name\":\"Anasayfa\",\"item\":\"http:\/\/ankadanismanlikltd.com\/en\/\"},{\"@type\":\"ListItem\",\"position\":2,\"name\":\"Sistem Belgelendirme\",\"item\":\"https:\/\/ankadanismanlikltd.com\/en\/sistem-belgelendirme\/\"},{\"@type\":\"ListItem\",\"position\":3,\"name\":\"Helal G\u0131da\"}]},{\"@type\":\"WebSite\",\"@id\":\"http:\/\/ankadanismanlikltd.com\/en\/#website\",\"url\":\"http:\/\/ankadanismanlikltd.com\/en\/\",\"name\":\"Anka Dan\u0131\u015fmanl\u0131k\",\"description\":\"\",\"publisher\":{\"@id\":\"http:\/\/ankadanismanlikltd.com\/en\/#organization\"},\"potentialAction\":[{\"@type\":\"SearchAction\",\"target\":{\"@type\":\"EntryPoint\",\"urlTemplate\":\"http:\/\/ankadanismanlikltd.com\/en\/?s={search_term_string}\"},\"query-input\":{\"@type\":\"PropertyValueSpecification\",\"valueRequired\":true,\"valueName\":\"search_term_string\"}}],\"inLanguage\":\"en-US\"},{\"@type\":\"Organization\",\"@id\":\"http:\/\/ankadanismanlikltd.com\/en\/#organization\",\"name\":\"ANKA Dan\u0131\u015fmanl\u0131k\",\"url\":\"http:\/\/ankadanismanlikltd.com\/en\/\",\"logo\":{\"@type\":\"ImageObject\",\"inLanguage\":\"en-US\",\"@id\":\"http:\/\/ankadanismanlikltd.com\/en\/#\/schema\/logo\/image\/\",\"url\":\"https:\/\/ankadanismanlikltd.com\/wp-content\/uploads\/2025\/03\/yeni-logo.jpg\",\"contentUrl\":\"https:\/\/ankadanismanlikltd.com\/wp-content\/uploads\/2025\/03\/yeni-logo.jpg\",\"width\":623,\"height\":630,\"caption\":\"ANKA Dan\u0131\u015fmanl\u0131k\"},\"image\":{\"@id\":\"http:\/\/ankadanismanlikltd.com\/en\/#\/schema\/logo\/image\/\"},\"sameAs\":[\"https:\/\/www.facebook.com\/ankadanismanlik\",\"https:\/\/x.com\/ankaconsultancy\",\"https:\/\/www.linkedin.com\/company\/ankadanismanlik\",\"https:\/\/www.youtube.com\/@ANKADanmanlk.official\",\"https:\/\/www.instagram.com\/ankadanismanlik.tr?igsh=MXZ6OXMyd3k2MW5zbA&utm_source=qr\"]}]}<\/script>\n<!-- \/ Yoast SEO plugin. -->","yoast_head_json":{"title":"Helal G\u0131da - Anka Dan\u0131\u015fmanl\u0131k","robots":{"index":"index","follow":"follow","max-snippet":"max-snippet:-1","max-image-preview":"max-image-preview:large","max-video-preview":"max-video-preview:-1"},"canonical":"https:\/\/ankadanismanlikltd.com\/en\/sistem-belgelendirme\/helal-gida\/","og_locale":"en_US","og_type":"article","og_title":"Helal G\u0131da - Anka Dan\u0131\u015fmanl\u0131k","og_description":"Helal \u00dcr\u00fcn Nedir? Helal \u00fcr\u00fcn; \u00f6ncelikle temiz ve g\u00fcvenilir \u00fcr\u00fcn demektir. Bunun yan\u0131nda hammadde giri\u015finden son \u00fcr\u00fcn\u00fcn t\u00fcketimine kadar olan t\u00fcm a\u015famalarda, \u0130slami h\u00fck\u00fcmlere uygun i\u00e7erik, hammadde, faaliyet ve s\u00fcre\u00e7 ile \u00fcretilen \u00fcr\u00fcn demektir. Bu ba\u011flamda \u0130slam dinince yasaklanmam\u0131\u015f \u00fcr\u00fcnler Helal olarak nitelendirilmektedir. Helal olmayan \u00fcr\u00fcnlerin bir k\u0131sm\u0131 ise a\u015fa\u011f\u0131da listelenmi\u015ftir: \u0130slami kurallara g\u00f6re kesin bir delille a\u00e7\u0131k bir \u015fekilde yasaklanm\u0131\u015f olan her t\u00fcrl\u00fc \u00fcr\u00fcn, faaliyet Domuz veya yabani ay\u0131,[&hellip;]","og_url":"https:\/\/ankadanismanlikltd.com\/en\/sistem-belgelendirme\/helal-gida\/","og_site_name":"Anka Dan\u0131\u015fmanl\u0131k","article_publisher":"https:\/\/www.facebook.com\/ankadanismanlik","article_modified_time":"2024-09-22T11:49:41+00:00","twitter_card":"summary_large_image","twitter_site":"@ankaconsultancy","twitter_misc":{"Est. reading time":"7 minutes"},"schema":{"@context":"https:\/\/schema.org","@graph":[{"@type":"WebPage","@id":"https:\/\/ankadanismanlikltd.com\/en\/sistem-belgelendirme\/helal-gida\/","url":"https:\/\/ankadanismanlikltd.com\/en\/sistem-belgelendirme\/helal-gida\/","name":"Helal G\u0131da - Anka Dan\u0131\u015fmanl\u0131k","isPartOf":{"@id":"http:\/\/ankadanismanlikltd.com\/en\/#website"},"datePublished":"2024-09-22T11:32:45+00:00","dateModified":"2024-09-22T11:49:41+00:00","breadcrumb":{"@id":"https:\/\/ankadanismanlikltd.com\/en\/sistem-belgelendirme\/helal-gida\/#breadcrumb"},"inLanguage":"en-US","potentialAction":[{"@type":"ReadAction","target":["https:\/\/ankadanismanlikltd.com\/en\/sistem-belgelendirme\/helal-gida\/"]}]},{"@type":"BreadcrumbList","@id":"https:\/\/ankadanismanlikltd.com\/en\/sistem-belgelendirme\/helal-gida\/#breadcrumb","itemListElement":[{"@type":"ListItem","position":1,"name":"Anasayfa","item":"http:\/\/ankadanismanlikltd.com\/en\/"},{"@type":"ListItem","position":2,"name":"Sistem Belgelendirme","item":"https:\/\/ankadanismanlikltd.com\/en\/sistem-belgelendirme\/"},{"@type":"ListItem","position":3,"name":"Helal G\u0131da"}]},{"@type":"WebSite","@id":"http:\/\/ankadanismanlikltd.com\/en\/#website","url":"http:\/\/ankadanismanlikltd.com\/en\/","name":"Anka Dan\u0131\u015fmanl\u0131k","description":"","publisher":{"@id":"http:\/\/ankadanismanlikltd.com\/en\/#organization"},"potentialAction":[{"@type":"SearchAction","target":{"@type":"EntryPoint","urlTemplate":"http:\/\/ankadanismanlikltd.com\/en\/?s={search_term_string}"},"query-input":{"@type":"PropertyValueSpecification","valueRequired":true,"valueName":"search_term_string"}}],"inLanguage":"en-US"},{"@type":"Organization","@id":"http:\/\/ankadanismanlikltd.com\/en\/#organization","name":"ANKA Dan\u0131\u015fmanl\u0131k","url":"http:\/\/ankadanismanlikltd.com\/en\/","logo":{"@type":"ImageObject","inLanguage":"en-US","@id":"http:\/\/ankadanismanlikltd.com\/en\/#\/schema\/logo\/image\/","url":"https:\/\/ankadanismanlikltd.com\/wp-content\/uploads\/2025\/03\/yeni-logo.jpg","contentUrl":"https:\/\/ankadanismanlikltd.com\/wp-content\/uploads\/2025\/03\/yeni-logo.jpg","width":623,"height":630,"caption":"ANKA Dan\u0131\u015fmanl\u0131k"},"image":{"@id":"http:\/\/ankadanismanlikltd.com\/en\/#\/schema\/logo\/image\/"},"sameAs":["https:\/\/www.facebook.com\/ankadanismanlik","https:\/\/x.com\/ankaconsultancy","https:\/\/www.linkedin.com\/company\/ankadanismanlik","https:\/\/www.youtube.com\/@ANKADanmanlk.official","https:\/\/www.instagram.com\/ankadanismanlik.tr?igsh=MXZ6OXMyd3k2MW5zbA&utm_source=qr"]}]}},"_links":{"self":[{"href":"https:\/\/ankadanismanlikltd.com\/en\/wp-json\/wp\/v2\/pages\/402","targetHints":{"allow":["GET"]}}],"collection":[{"href":"https:\/\/ankadanismanlikltd.com\/en\/wp-json\/wp\/v2\/pages"}],"about":[{"href":"https:\/\/ankadanismanlikltd.com\/en\/wp-json\/wp\/v2\/types\/page"}],"author":[{"embeddable":true,"href":"https:\/\/ankadanismanlikltd.com\/en\/wp-json\/wp\/v2\/users\/1"}],"replies":[{"embeddable":true,"href":"https:\/\/ankadanismanlikltd.com\/en\/wp-json\/wp\/v2\/comments?post=402"}],"version-history":[{"count":2,"href":"https:\/\/ankadanismanlikltd.com\/en\/wp-json\/wp\/v2\/pages\/402\/revisions"}],"predecessor-version":[{"id":453,"href":"https:\/\/ankadanismanlikltd.com\/en\/wp-json\/wp\/v2\/pages\/402\/revisions\/453"}],"up":[{"embeddable":true,"href":"https:\/\/ankadanismanlikltd.com\/en\/wp-json\/wp\/v2\/pages\/298"}],"wp:attachment":[{"href":"https:\/\/ankadanismanlikltd.com\/en\/wp-json\/wp\/v2\/media?parent=402"}],"curies":[{"name":"wp","href":"https:\/\/api.w.org\/{rel}","templated":true}]}}