{"id":403,"date":"2024-09-22T11:32:21","date_gmt":"2024-09-22T11:32:21","guid":{"rendered":"https:\/\/ankadanismanlikltd.com\/?page_id=403"},"modified":"2024-09-22T11:45:09","modified_gmt":"2024-09-22T11:45:09","slug":"iso-28000-tedarik-zinciri-guvenligi-yonetim-sistemi","status":"publish","type":"page","link":"https:\/\/ankadanismanlikltd.com\/en\/sistem-belgelendirme\/iso-28000-tedarik-zinciri-guvenligi-yonetim-sistemi\/","title":{"rendered":"ISO 28000 Supply Chain Security Management System"},"content":{"rendered":"<p>G\u00fcn\u00fcm\u00fczde artan rekabet ko\u015fullar\u0131nda kurulu\u015flar s\u00fcrekli olarak pazar paylar\u0131n\u0131 art\u0131rmaya \u00e7al\u0131\u015f\u0131rken, bir yandan da maliyetlerini d\u00fc\u015f\u00fcrmeyi hedeflemektedirler. Tedarik zinciri, hammadde temini ile ba\u015flay\u0131p, \u00fcr\u00fcn ve hizmetin farkl\u0131 ula\u015ft\u0131rma y\u00f6ntemleriyle son kullan\u0131c\u0131ya ula\u015ft\u0131r\u0131lmas\u0131na kadar uzanan, birbirleri ile ili\u015fki i\u00e7inde olan kaynaklar ve s\u00fcre\u00e7ler dizisi olarak tan\u0131mlanabilir.<\/p>\n<p>\u0130\u015fletmeler son y\u0131llarda tedarik zincirine uygun yap\u0131n\u0131n verilmesi sonucunda m\u00fc\u015fteri hizmet seviyelerinin iyile\u015ftirebilece\u011fini, sistemdeki fazla envanterin azalt\u0131labilece\u011fini ve i\u015fletme a\u011f\u0131ndaki gereksiz maliyetlerin k\u0131s\u0131labilece\u011fini g\u00f6rm\u00fc\u015f ve tedarik zincirine \u00f6nem vermi\u015flerdir. Bu t\u00fcr kurulu\u015flar i\u00e7in, tedarik zincirine ili\u015fkin risklerin do\u011fru belirlenmesi ve etkin y\u00f6netimi, i\u015f s\u00fcreklili\u011fi a\u00e7\u0131s\u0131ndan b\u00fcy\u00fck \u00f6neme sahiptir.<\/p>\n<p>ISO 28000, uluslararas\u0131 bir standart olup, Tedarik Zinciri G\u00fcvenli\u011fi Y\u00f6netim Sistemi gereklerini tan\u0131mlar ve bu sistemi uygulamak isteyen kurulu\u015flara bir y\u00f6netim modeli sa\u011flar. Kurulu\u015fun, tedarik zinciri g\u00fcvenli\u011fi ile ilgili faaliyetlerini di\u011fer y\u00f6netim sistemleri ile entegre ederek, risklerin etkin y\u00f6netilmesini hedefler. Ayr\u0131ca, Avrupa Birli\u011fi i\u00e7inde ithalat ve ihracat yapan \u015firketler i\u00e7in hayati \u00f6neme sahip AEO (EU Authorised Economic Operator) sertifikas\u0131n\u0131 alabilmek i\u00e7in gereken \u015fartlar\u0131n kar\u015f\u0131lanmas\u0131nda b\u00fcy\u00fck destek olur.<\/p>\n<p>ISO 28000 Tedarik Zinciri G\u00fcvenli\u011fi Y\u00f6netim Sistemi Standard\u0131, y\u00f6netim sistemleri standartlar\u0131 model al\u0131narak haz\u0131rlanm\u0131\u015ft\u0131r. B\u00f6ylece risk de\u011ferlendirme temelli y\u00f6netim sistemlerini uygulayan bir\u00e7ok kurulu\u015f, bu yeni standard\u0131 uygulamaya al\u0131rken benzer yakla\u015f\u0131m ile \u00e7al\u0131\u015fabilecek ve tedarik zinciri ile ilgili riskleri de\u011ferlendirebilecektir.<\/p>\n<p><strong>ISO 28000 Tedarik Zinciri G\u00fcvenli\u011fi Y\u00f6netim Sistemi&#8217;nin Faydalar\u0131 Nelerdir?<\/strong><\/p>\n<ul class=\"ulList\">\n<li>End\u00fcstrinin t\u00fcm sekt\u00f6rlerinde g\u00fcvenlik risklerinin do\u011fru bir \u015fekilde belirlenmesini ve gerekli \u00f6nlemlerin al\u0131nmas\u0131n\u0131 ve olas\u0131 hasar\u0131n minimumda ger\u00e7ekle\u015fmesini sa\u011flar.<\/li>\n<li>G\u00fcmr\u00fck otoritelerine g\u00fcvenlik risklerini tan\u0131mlama ve kontrol etme yetene\u011fini ispatlayarak kolayl\u0131k sa\u011flar.<\/li>\n<li>AEO ba\u015fvurular\u0131nda bir\u00e7ok gereklilik standart ile ayn\u0131 \u00e7izgide oldu\u011fundan, yasal otoritelerin kurulu\u015fa olan g\u00fcvenini art\u0131r\u0131r.<\/li>\n<li>\u00dcr\u00fcn\/hizmet sa\u011flanan kurulu\u015flar\u0131n g\u00fcvenini artt\u0131r\u0131r.<\/li>\n<li>Sigorta kurulu\u015flar\u0131n\u0131n g\u00fcvenini artt\u0131r\u0131r, sigorta maliyetlerini azalt\u0131r.<\/li>\n<li>Sistemin belgelendirilmesi kurulu\u015fun b\u00fct\u00fcnsel imaj\u0131na katk\u0131da bulunur.<\/li>\n<li>M\u00fc\u015fteri ihtiya\u00e7lar\u0131n\u0131n kar\u015f\u0131lanabilmesi yolu ile m\u00fc\u015fterilerin tatmin d\u00fczeylerinde art\u0131\u015flar sa\u011flar.<\/li>\n<\/ul>\n<p><strong>ISO 28000 Standard\u0131&#8217;n\u0131 Kimler Kullanabilir\/Uygulayabilir?<\/strong><br \/>\nISO 28000 Tedarik Zinciri G\u00fcvenli\u011fi Y\u00f6netim Sistemi Standard\u0131, her sekt\u00f6rde ve her boyuttaki t\u00fcm \u00f6zel ve kamu kurulu\u015flar\u0131na uygulanabilir bir standartt\u0131r.<\/p>","protected":false},"excerpt":{"rendered":"<p>G\u00fcn\u00fcm\u00fczde artan rekabet ko\u015fullar\u0131nda kurulu\u015flar s\u00fcrekli olarak pazar paylar\u0131n\u0131 art\u0131rmaya \u00e7al\u0131\u015f\u0131rken, bir yandan da maliyetlerini d\u00fc\u015f\u00fcrmeyi hedeflemektedirler. Tedarik zinciri, hammadde temini ile ba\u015flay\u0131p, \u00fcr\u00fcn ve hizmetin farkl\u0131 ula\u015ft\u0131rma y\u00f6ntemleriyle son kullan\u0131c\u0131ya ula\u015ft\u0131r\u0131lmas\u0131na kadar uzanan, birbirleri ile ili\u015fki i\u00e7inde olan kaynaklar ve s\u00fcre\u00e7ler dizisi olarak tan\u0131mlanabilir. \u0130\u015fletmeler son y\u0131llarda tedarik zincirine uygun yap\u0131n\u0131n verilmesi sonucunda m\u00fc\u015fteri hizmet seviyelerinin iyile\u015ftirebilece\u011fini, sistemdeki fazla envanterin azalt\u0131labilece\u011fini ve i\u015fletme a\u011f\u0131ndaki gereksiz maliyetlerin k\u0131s\u0131labilece\u011fini g\u00f6rm\u00fc\u015f ve[&hellip;]<\/p>","protected":false},"author":1,"featured_media":0,"parent":298,"menu_order":0,"comment_status":"closed","ping_status":"closed","template":"","meta":{"_acf_changed":false,"footnotes":""},"class_list":["post-403","page","type-page","status-publish","hentry"],"acf":[],"yoast_head":"<!-- This site is optimized with the Yoast SEO plugin v25.9 - https:\/\/yoast.com\/wordpress\/plugins\/seo\/ -->\n<title>ISO 28000 Tedarik Zinciri G\u00fcvenli\u011fi Y\u00f6netim Sistemi - Anka Dan\u0131\u015fmanl\u0131k<\/title>\n<meta name=\"robots\" content=\"index, follow, max-snippet:-1, max-image-preview:large, max-video-preview:-1\" \/>\n<link rel=\"canonical\" href=\"https:\/\/ankadanismanlikltd.com\/en\/sistem-belgelendirme\/iso-28000-tedarik-zinciri-guvenligi-yonetim-sistemi\/\" \/>\n<meta property=\"og:locale\" content=\"en_US\" \/>\n<meta property=\"og:type\" content=\"article\" \/>\n<meta property=\"og:title\" content=\"ISO 28000 Tedarik Zinciri G\u00fcvenli\u011fi Y\u00f6netim Sistemi - Anka Dan\u0131\u015fmanl\u0131k\" \/>\n<meta property=\"og:description\" content=\"G\u00fcn\u00fcm\u00fczde artan rekabet ko\u015fullar\u0131nda kurulu\u015flar s\u00fcrekli olarak pazar paylar\u0131n\u0131 art\u0131rmaya \u00e7al\u0131\u015f\u0131rken, bir yandan da maliyetlerini d\u00fc\u015f\u00fcrmeyi hedeflemektedirler. Tedarik zinciri, hammadde temini ile ba\u015flay\u0131p, \u00fcr\u00fcn ve hizmetin farkl\u0131 ula\u015ft\u0131rma y\u00f6ntemleriyle son kullan\u0131c\u0131ya ula\u015ft\u0131r\u0131lmas\u0131na kadar uzanan, birbirleri ile ili\u015fki i\u00e7inde olan kaynaklar ve s\u00fcre\u00e7ler dizisi olarak tan\u0131mlanabilir. \u0130\u015fletmeler son y\u0131llarda tedarik zincirine uygun yap\u0131n\u0131n verilmesi sonucunda m\u00fc\u015fteri hizmet seviyelerinin iyile\u015ftirebilece\u011fini, sistemdeki fazla envanterin azalt\u0131labilece\u011fini ve i\u015fletme a\u011f\u0131ndaki gereksiz maliyetlerin k\u0131s\u0131labilece\u011fini g\u00f6rm\u00fc\u015f ve[&hellip;]\" \/>\n<meta property=\"og:url\" content=\"https:\/\/ankadanismanlikltd.com\/en\/sistem-belgelendirme\/iso-28000-tedarik-zinciri-guvenligi-yonetim-sistemi\/\" \/>\n<meta property=\"og:site_name\" content=\"Anka Dan\u0131\u015fmanl\u0131k\" \/>\n<meta property=\"article:publisher\" content=\"https:\/\/www.facebook.com\/ankadanismanlik\" \/>\n<meta property=\"article:modified_time\" content=\"2024-09-22T11:45:09+00:00\" \/>\n<meta name=\"twitter:card\" content=\"summary_large_image\" \/>\n<meta name=\"twitter:site\" content=\"@ankaconsultancy\" \/>\n<meta name=\"twitter:label1\" content=\"Est. reading time\" \/>\n\t<meta name=\"twitter:data1\" content=\"2 minutes\" \/>\n<script type=\"application\/ld+json\" class=\"yoast-schema-graph\">{\"@context\":\"https:\/\/schema.org\",\"@graph\":[{\"@type\":\"WebPage\",\"@id\":\"https:\/\/ankadanismanlikltd.com\/en\/sistem-belgelendirme\/iso-28000-tedarik-zinciri-guvenligi-yonetim-sistemi\/\",\"url\":\"https:\/\/ankadanismanlikltd.com\/en\/sistem-belgelendirme\/iso-28000-tedarik-zinciri-guvenligi-yonetim-sistemi\/\",\"name\":\"ISO 28000 Tedarik Zinciri G\u00fcvenli\u011fi Y\u00f6netim Sistemi - Anka Dan\u0131\u015fmanl\u0131k\",\"isPartOf\":{\"@id\":\"http:\/\/ankadanismanlikltd.com\/en\/#website\"},\"datePublished\":\"2024-09-22T11:32:21+00:00\",\"dateModified\":\"2024-09-22T11:45:09+00:00\",\"breadcrumb\":{\"@id\":\"https:\/\/ankadanismanlikltd.com\/en\/sistem-belgelendirme\/iso-28000-tedarik-zinciri-guvenligi-yonetim-sistemi\/#breadcrumb\"},\"inLanguage\":\"en-US\",\"potentialAction\":[{\"@type\":\"ReadAction\",\"target\":[\"https:\/\/ankadanismanlikltd.com\/en\/sistem-belgelendirme\/iso-28000-tedarik-zinciri-guvenligi-yonetim-sistemi\/\"]}]},{\"@type\":\"BreadcrumbList\",\"@id\":\"https:\/\/ankadanismanlikltd.com\/en\/sistem-belgelendirme\/iso-28000-tedarik-zinciri-guvenligi-yonetim-sistemi\/#breadcrumb\",\"itemListElement\":[{\"@type\":\"ListItem\",\"position\":1,\"name\":\"Anasayfa\",\"item\":\"http:\/\/ankadanismanlikltd.com\/en\/\"},{\"@type\":\"ListItem\",\"position\":2,\"name\":\"Sistem Belgelendirme\",\"item\":\"https:\/\/ankadanismanlikltd.com\/en\/sistem-belgelendirme\/\"},{\"@type\":\"ListItem\",\"position\":3,\"name\":\"ISO 28000 Tedarik Zinciri G\u00fcvenli\u011fi Y\u00f6netim Sistemi\"}]},{\"@type\":\"WebSite\",\"@id\":\"http:\/\/ankadanismanlikltd.com\/en\/#website\",\"url\":\"http:\/\/ankadanismanlikltd.com\/en\/\",\"name\":\"Anka Dan\u0131\u015fmanl\u0131k\",\"description\":\"\",\"publisher\":{\"@id\":\"http:\/\/ankadanismanlikltd.com\/en\/#organization\"},\"potentialAction\":[{\"@type\":\"SearchAction\",\"target\":{\"@type\":\"EntryPoint\",\"urlTemplate\":\"http:\/\/ankadanismanlikltd.com\/en\/?s={search_term_string}\"},\"query-input\":{\"@type\":\"PropertyValueSpecification\",\"valueRequired\":true,\"valueName\":\"search_term_string\"}}],\"inLanguage\":\"en-US\"},{\"@type\":\"Organization\",\"@id\":\"http:\/\/ankadanismanlikltd.com\/en\/#organization\",\"name\":\"ANKA Dan\u0131\u015fmanl\u0131k\",\"url\":\"http:\/\/ankadanismanlikltd.com\/en\/\",\"logo\":{\"@type\":\"ImageObject\",\"inLanguage\":\"en-US\",\"@id\":\"http:\/\/ankadanismanlikltd.com\/en\/#\/schema\/logo\/image\/\",\"url\":\"https:\/\/ankadanismanlikltd.com\/wp-content\/uploads\/2025\/03\/yeni-logo.jpg\",\"contentUrl\":\"https:\/\/ankadanismanlikltd.com\/wp-content\/uploads\/2025\/03\/yeni-logo.jpg\",\"width\":623,\"height\":630,\"caption\":\"ANKA Dan\u0131\u015fmanl\u0131k\"},\"image\":{\"@id\":\"http:\/\/ankadanismanlikltd.com\/en\/#\/schema\/logo\/image\/\"},\"sameAs\":[\"https:\/\/www.facebook.com\/ankadanismanlik\",\"https:\/\/x.com\/ankaconsultancy\",\"https:\/\/www.linkedin.com\/company\/ankadanismanlik\",\"https:\/\/www.youtube.com\/@ANKADanmanlk.official\",\"https:\/\/www.instagram.com\/ankadanismanlik.tr?igsh=MXZ6OXMyd3k2MW5zbA&utm_source=qr\"]}]}<\/script>\n<!-- \/ Yoast SEO plugin. -->","yoast_head_json":{"title":"ISO 28000 Tedarik Zinciri G\u00fcvenli\u011fi Y\u00f6netim Sistemi - Anka Dan\u0131\u015fmanl\u0131k","robots":{"index":"index","follow":"follow","max-snippet":"max-snippet:-1","max-image-preview":"max-image-preview:large","max-video-preview":"max-video-preview:-1"},"canonical":"https:\/\/ankadanismanlikltd.com\/en\/sistem-belgelendirme\/iso-28000-tedarik-zinciri-guvenligi-yonetim-sistemi\/","og_locale":"en_US","og_type":"article","og_title":"ISO 28000 Tedarik Zinciri G\u00fcvenli\u011fi Y\u00f6netim Sistemi - Anka Dan\u0131\u015fmanl\u0131k","og_description":"G\u00fcn\u00fcm\u00fczde artan rekabet ko\u015fullar\u0131nda kurulu\u015flar s\u00fcrekli olarak pazar paylar\u0131n\u0131 art\u0131rmaya \u00e7al\u0131\u015f\u0131rken, bir yandan da maliyetlerini d\u00fc\u015f\u00fcrmeyi hedeflemektedirler. Tedarik zinciri, hammadde temini ile ba\u015flay\u0131p, \u00fcr\u00fcn ve hizmetin farkl\u0131 ula\u015ft\u0131rma y\u00f6ntemleriyle son kullan\u0131c\u0131ya ula\u015ft\u0131r\u0131lmas\u0131na kadar uzanan, birbirleri ile ili\u015fki i\u00e7inde olan kaynaklar ve s\u00fcre\u00e7ler dizisi olarak tan\u0131mlanabilir. \u0130\u015fletmeler son y\u0131llarda tedarik zincirine uygun yap\u0131n\u0131n verilmesi sonucunda m\u00fc\u015fteri hizmet seviyelerinin iyile\u015ftirebilece\u011fini, sistemdeki fazla envanterin azalt\u0131labilece\u011fini ve i\u015fletme a\u011f\u0131ndaki gereksiz maliyetlerin k\u0131s\u0131labilece\u011fini g\u00f6rm\u00fc\u015f ve[&hellip;]","og_url":"https:\/\/ankadanismanlikltd.com\/en\/sistem-belgelendirme\/iso-28000-tedarik-zinciri-guvenligi-yonetim-sistemi\/","og_site_name":"Anka Dan\u0131\u015fmanl\u0131k","article_publisher":"https:\/\/www.facebook.com\/ankadanismanlik","article_modified_time":"2024-09-22T11:45:09+00:00","twitter_card":"summary_large_image","twitter_site":"@ankaconsultancy","twitter_misc":{"Est. reading time":"2 minutes"},"schema":{"@context":"https:\/\/schema.org","@graph":[{"@type":"WebPage","@id":"https:\/\/ankadanismanlikltd.com\/en\/sistem-belgelendirme\/iso-28000-tedarik-zinciri-guvenligi-yonetim-sistemi\/","url":"https:\/\/ankadanismanlikltd.com\/en\/sistem-belgelendirme\/iso-28000-tedarik-zinciri-guvenligi-yonetim-sistemi\/","name":"ISO 28000 Tedarik Zinciri G\u00fcvenli\u011fi Y\u00f6netim Sistemi - Anka Dan\u0131\u015fmanl\u0131k","isPartOf":{"@id":"http:\/\/ankadanismanlikltd.com\/en\/#website"},"datePublished":"2024-09-22T11:32:21+00:00","dateModified":"2024-09-22T11:45:09+00:00","breadcrumb":{"@id":"https:\/\/ankadanismanlikltd.com\/en\/sistem-belgelendirme\/iso-28000-tedarik-zinciri-guvenligi-yonetim-sistemi\/#breadcrumb"},"inLanguage":"en-US","potentialAction":[{"@type":"ReadAction","target":["https:\/\/ankadanismanlikltd.com\/en\/sistem-belgelendirme\/iso-28000-tedarik-zinciri-guvenligi-yonetim-sistemi\/"]}]},{"@type":"BreadcrumbList","@id":"https:\/\/ankadanismanlikltd.com\/en\/sistem-belgelendirme\/iso-28000-tedarik-zinciri-guvenligi-yonetim-sistemi\/#breadcrumb","itemListElement":[{"@type":"ListItem","position":1,"name":"Anasayfa","item":"http:\/\/ankadanismanlikltd.com\/en\/"},{"@type":"ListItem","position":2,"name":"Sistem Belgelendirme","item":"https:\/\/ankadanismanlikltd.com\/en\/sistem-belgelendirme\/"},{"@type":"ListItem","position":3,"name":"ISO 28000 Tedarik Zinciri G\u00fcvenli\u011fi Y\u00f6netim Sistemi"}]},{"@type":"WebSite","@id":"http:\/\/ankadanismanlikltd.com\/en\/#website","url":"http:\/\/ankadanismanlikltd.com\/en\/","name":"Anka Dan\u0131\u015fmanl\u0131k","description":"","publisher":{"@id":"http:\/\/ankadanismanlikltd.com\/en\/#organization"},"potentialAction":[{"@type":"SearchAction","target":{"@type":"EntryPoint","urlTemplate":"http:\/\/ankadanismanlikltd.com\/en\/?s={search_term_string}"},"query-input":{"@type":"PropertyValueSpecification","valueRequired":true,"valueName":"search_term_string"}}],"inLanguage":"en-US"},{"@type":"Organization","@id":"http:\/\/ankadanismanlikltd.com\/en\/#organization","name":"ANKA Dan\u0131\u015fmanl\u0131k","url":"http:\/\/ankadanismanlikltd.com\/en\/","logo":{"@type":"ImageObject","inLanguage":"en-US","@id":"http:\/\/ankadanismanlikltd.com\/en\/#\/schema\/logo\/image\/","url":"https:\/\/ankadanismanlikltd.com\/wp-content\/uploads\/2025\/03\/yeni-logo.jpg","contentUrl":"https:\/\/ankadanismanlikltd.com\/wp-content\/uploads\/2025\/03\/yeni-logo.jpg","width":623,"height":630,"caption":"ANKA Dan\u0131\u015fmanl\u0131k"},"image":{"@id":"http:\/\/ankadanismanlikltd.com\/en\/#\/schema\/logo\/image\/"},"sameAs":["https:\/\/www.facebook.com\/ankadanismanlik","https:\/\/x.com\/ankaconsultancy","https:\/\/www.linkedin.com\/company\/ankadanismanlik","https:\/\/www.youtube.com\/@ANKADanmanlk.official","https:\/\/www.instagram.com\/ankadanismanlik.tr?igsh=MXZ6OXMyd3k2MW5zbA&utm_source=qr"]}]}},"_links":{"self":[{"href":"https:\/\/ankadanismanlikltd.com\/en\/wp-json\/wp\/v2\/pages\/403","targetHints":{"allow":["GET"]}}],"collection":[{"href":"https:\/\/ankadanismanlikltd.com\/en\/wp-json\/wp\/v2\/pages"}],"about":[{"href":"https:\/\/ankadanismanlikltd.com\/en\/wp-json\/wp\/v2\/types\/page"}],"author":[{"embeddable":true,"href":"https:\/\/ankadanismanlikltd.com\/en\/wp-json\/wp\/v2\/users\/1"}],"replies":[{"embeddable":true,"href":"https:\/\/ankadanismanlikltd.com\/en\/wp-json\/wp\/v2\/comments?post=403"}],"version-history":[{"count":2,"href":"https:\/\/ankadanismanlikltd.com\/en\/wp-json\/wp\/v2\/pages\/403\/revisions"}],"predecessor-version":[{"id":446,"href":"https:\/\/ankadanismanlikltd.com\/en\/wp-json\/wp\/v2\/pages\/403\/revisions\/446"}],"up":[{"embeddable":true,"href":"https:\/\/ankadanismanlikltd.com\/en\/wp-json\/wp\/v2\/pages\/298"}],"wp:attachment":[{"href":"https:\/\/ankadanismanlikltd.com\/en\/wp-json\/wp\/v2\/media?parent=403"}],"curies":[{"name":"wp","href":"https:\/\/api.w.org\/{rel}","templated":true}]}}