{"id":404,"date":"2024-09-22T11:32:12","date_gmt":"2024-09-22T11:32:12","guid":{"rendered":"https:\/\/ankadanismanlikltd.com\/?page_id=404"},"modified":"2024-09-22T11:45:30","modified_gmt":"2024-09-22T11:45:30","slug":"iso-22301-toplumsal-guvenlik-ve-is-surekliligi-yonetim-sistemi","status":"publish","type":"page","link":"https:\/\/ankadanismanlikltd.com\/en\/sistem-belgelendirme\/iso-22301-toplumsal-guvenlik-ve-is-surekliligi-yonetim-sistemi\/","title":{"rendered":"ISO 22301 Social Security and Business Continuity Management System"},"content":{"rendered":"<p>Kurumlar\u0131n etkin bir \u015fekilde y\u00f6netmesi gereken s\u00fcre\u00e7lerden bir tanesi de i\u015f s\u00fcreklili\u011fidir. \u0130\u015f s\u00fcreklili\u011fi; &#8220;bir organizasyonun \u00fcr\u00fcn ve servislerini kesinti olay\u0131 sonras\u0131nda \u00f6nceden tan\u0131mlanm\u0131\u015f kabul edilebilir seviyede s\u00fcrd\u00fcrebilme kapasitesidir&#8221; \u015feklinde tan\u0131mlan\u0131r. Bir ba\u015fka deyi\u015fle, b\u00fcy\u00fck ya da k\u00fc\u00e7\u00fck t\u00fcm i\u015fletmelerin i\u015flerinin aksamas\u0131na neden olan kesintilere kar\u015f\u0131l\u0131k vermesini sa\u011flayacak etkinliklerin t\u00fcm\u00fcd\u00fcr. E\u011fer beklenmedik i\u015f kesintileri size g\u00f6re de\u011filse yapaca\u011f\u0131n\u0131z en iyi \u015fey ISO 22301 Toplumsal G\u00fcvenlik ve \u0130\u015f S\u00fcreklili\u011fi Y\u00f6netim Sistemi Standard\u0131&#8217;n\u0131 uygulamak olacakt\u0131r.<\/p>\n<p>ISO 22301 Toplumsal G\u00fcvenlik ve \u0130\u015f S\u00fcreklili\u011fi Y\u00f6netim Sistemi Standard\u0131, yakla\u015f\u0131k 160 \u00fclke taraf\u0131ndan onaylanm\u0131\u015f bir standart olup daha \u00f6nce yay\u0131nlanan BS 25999 \u0130\u015f S\u00fcreklili\u011fi Standard\u0131&#8217;n\u0131n, ISO standard\u0131 olarak \u00e7\u0131kar\u0131lan, geli\u015fmi\u015f bir uygulamas\u0131d\u0131r.<\/p>\n<p>ISO 22301 Standard\u0131, kurulu\u015flar\u0131n i\u015f s\u00fcreklili\u011fini sa\u011flamalar\u0131 i\u00e7in gerekli planlar\u0131 olu\u015fturmalar\u0131, uygulamalar\u0131, i\u015fletmeleri, izlemeleri, incelemeleri, s\u00fcrd\u00fcrmeleri, korumalar\u0131 ve riskleri azaltmak i\u00e7in haz\u0131rlanmalar\u0131, y\u0131k\u0131c\u0131 olaylardan kurtarmak i\u00e7in belgelenmi\u015f bir y\u00f6netim sistemini geli\u015ftirmek i\u00e7in gereksinimleri belirtir.<\/p>\n<p><strong>ISO 22301 Toplumsal G\u00fcvenlik ve \u0130\u015f S\u00fcreklili\u011fi Y\u00f6netim Sistemi&#8217;nin Faydalar\u0131 Nelerdir?<\/strong><\/p>\n<ul class=\"ulList\">\n<li>\u0130\u015f ile ilgili mevcut ve gelecekteki tehditleri belirlemek ve bunlar\u0131 do\u011fru y\u00f6netme konusunda katk\u0131 sa\u011flar.<\/li>\n<li>Olaylar\u0131n etkisini minimize eder.<\/li>\n<li>Kriz zamanlar\u0131nda kritik fonksiyonlar\u0131n her zaman \u00e7al\u0131\u015fmas\u0131n\u0131 temin eder.<\/li>\n<li>S\u00fcreklili\u011finin sa\u011flanmas\u0131 kabiliyetinin kan\u0131tlanmas\u0131 ile g\u00fcn\u00fcm\u00fcz rekabet ortam\u0131nda avantaj sa\u011flar.<\/li>\n<li>Tedarik\u00e7ilerin, m\u00fc\u015fterilerin, pay sahiplerinin, \u00e7al\u0131\u015fanlar\u0131n gereksinimleri risk de\u011ferlendirilmesi yolu ile yerine getirilir.<\/li>\n<li>Ya\u015fanan olaylar kar\u015f\u0131s\u0131nda kesinti s\u00fcresinin azalt\u0131lmas\u0131 ve kurtarma zaman\u0131n\u0131n iyile\u015ftirilmesini sa\u011flar.<\/li>\n<li>Kurulu\u015fun kendisini ve ili\u015fkide oldu\u011fu di\u011fer kurulu\u015flar\u0131, kamu kurumlar\u0131n\u0131, yerel yetkililerin tan\u0131nmas\u0131 ve uygun \u015fekilde geli\u015ftirilmi\u015f, dok\u00fcmante edilmi\u015f ve anla\u015f\u0131lm\u0131\u015f bir acil durum hizmeti sa\u011flan\u0131r.<\/li>\n<li>Kurulu\u015fun sayg\u0131nl\u0131\u011f\u0131n\u0131, markalar\u0131n\u0131 ve itibar\u0131n\u0131 korur.<\/li>\n<li>Kurulu\u015fun tedarik zinciri g\u00fcvenli hale gelir.<\/li>\n<\/ul>\n<p><strong>ISO 22301 Standard\u0131&#8217;n\u0131 Kimler Kullanabilir\/Uygulayabilir?<\/strong><br \/>\nISO 22301 Toplumsal G\u00fcvenlik ve \u0130\u015f S\u00fcreklili\u011fi Y\u00f6netim Sistemi Standard\u0131, farkl\u0131 sekt\u00f6rdeki kurulu\u015flar i\u00e7in genel, sekt\u00f6rden, \u00e7al\u0131\u015fan say\u0131s\u0131ndan ba\u011f\u0131ms\u0131z t\u00fcm organizasyonlarda, organizasyonun tamam\u0131na veya belirli bir b\u00f6l\u00fcm\u00fcne k\u0131smen uygulanabilir bir standartt\u0131r.<\/p>","protected":false},"excerpt":{"rendered":"<p>Kurumlar\u0131n etkin bir \u015fekilde y\u00f6netmesi gereken s\u00fcre\u00e7lerden bir tanesi de i\u015f s\u00fcreklili\u011fidir. \u0130\u015f s\u00fcreklili\u011fi; &#8220;bir organizasyonun \u00fcr\u00fcn ve servislerini kesinti olay\u0131 sonras\u0131nda \u00f6nceden tan\u0131mlanm\u0131\u015f kabul edilebilir seviyede s\u00fcrd\u00fcrebilme kapasitesidir&#8221; \u015feklinde tan\u0131mlan\u0131r. Bir ba\u015fka deyi\u015fle, b\u00fcy\u00fck ya da k\u00fc\u00e7\u00fck t\u00fcm i\u015fletmelerin i\u015flerinin aksamas\u0131na neden olan kesintilere kar\u015f\u0131l\u0131k vermesini sa\u011flayacak etkinliklerin t\u00fcm\u00fcd\u00fcr. E\u011fer beklenmedik i\u015f kesintileri size g\u00f6re de\u011filse yapaca\u011f\u0131n\u0131z en iyi \u015fey ISO 22301 Toplumsal G\u00fcvenlik ve \u0130\u015f S\u00fcreklili\u011fi Y\u00f6netim Sistemi[&hellip;]<\/p>","protected":false},"author":1,"featured_media":0,"parent":298,"menu_order":0,"comment_status":"closed","ping_status":"closed","template":"","meta":{"_acf_changed":false,"footnotes":""},"class_list":["post-404","page","type-page","status-publish","hentry"],"acf":[],"yoast_head":"<!-- This site is optimized with the Yoast SEO plugin v25.9 - https:\/\/yoast.com\/wordpress\/plugins\/seo\/ -->\n<title>ISO 22301 Toplumsal G\u00fcvenlik ve \u0130\u015f S\u00fcreklili\u011fi Y\u00f6netim Sistemi - Anka Dan\u0131\u015fmanl\u0131k<\/title>\n<meta name=\"robots\" content=\"index, follow, max-snippet:-1, max-image-preview:large, max-video-preview:-1\" \/>\n<link rel=\"canonical\" href=\"https:\/\/ankadanismanlikltd.com\/en\/sistem-belgelendirme\/iso-22301-toplumsal-guvenlik-ve-is-surekliligi-yonetim-sistemi\/\" \/>\n<meta property=\"og:locale\" content=\"en_US\" \/>\n<meta property=\"og:type\" content=\"article\" \/>\n<meta property=\"og:title\" content=\"ISO 22301 Toplumsal G\u00fcvenlik ve \u0130\u015f S\u00fcreklili\u011fi Y\u00f6netim Sistemi - Anka Dan\u0131\u015fmanl\u0131k\" \/>\n<meta property=\"og:description\" content=\"Kurumlar\u0131n etkin bir \u015fekilde y\u00f6netmesi gereken s\u00fcre\u00e7lerden bir tanesi de i\u015f s\u00fcreklili\u011fidir. \u0130\u015f s\u00fcreklili\u011fi; &#8220;bir organizasyonun \u00fcr\u00fcn ve servislerini kesinti olay\u0131 sonras\u0131nda \u00f6nceden tan\u0131mlanm\u0131\u015f kabul edilebilir seviyede s\u00fcrd\u00fcrebilme kapasitesidir&#8221; \u015feklinde tan\u0131mlan\u0131r. Bir ba\u015fka deyi\u015fle, b\u00fcy\u00fck ya da k\u00fc\u00e7\u00fck t\u00fcm i\u015fletmelerin i\u015flerinin aksamas\u0131na neden olan kesintilere kar\u015f\u0131l\u0131k vermesini sa\u011flayacak etkinliklerin t\u00fcm\u00fcd\u00fcr. E\u011fer beklenmedik i\u015f kesintileri size g\u00f6re de\u011filse yapaca\u011f\u0131n\u0131z en iyi \u015fey ISO 22301 Toplumsal G\u00fcvenlik ve \u0130\u015f S\u00fcreklili\u011fi Y\u00f6netim Sistemi[&hellip;]\" \/>\n<meta property=\"og:url\" content=\"https:\/\/ankadanismanlikltd.com\/en\/sistem-belgelendirme\/iso-22301-toplumsal-guvenlik-ve-is-surekliligi-yonetim-sistemi\/\" \/>\n<meta property=\"og:site_name\" content=\"Anka Dan\u0131\u015fmanl\u0131k\" \/>\n<meta property=\"article:publisher\" content=\"https:\/\/www.facebook.com\/ankadanismanlik\" \/>\n<meta property=\"article:modified_time\" content=\"2024-09-22T11:45:30+00:00\" \/>\n<meta name=\"twitter:card\" content=\"summary_large_image\" \/>\n<meta name=\"twitter:site\" content=\"@ankaconsultancy\" \/>\n<meta name=\"twitter:label1\" content=\"Est. reading time\" \/>\n\t<meta name=\"twitter:data1\" content=\"2 minutes\" \/>\n<script type=\"application\/ld+json\" class=\"yoast-schema-graph\">{\"@context\":\"https:\/\/schema.org\",\"@graph\":[{\"@type\":\"WebPage\",\"@id\":\"https:\/\/ankadanismanlikltd.com\/en\/sistem-belgelendirme\/iso-22301-toplumsal-guvenlik-ve-is-surekliligi-yonetim-sistemi\/\",\"url\":\"https:\/\/ankadanismanlikltd.com\/en\/sistem-belgelendirme\/iso-22301-toplumsal-guvenlik-ve-is-surekliligi-yonetim-sistemi\/\",\"name\":\"ISO 22301 Toplumsal G\u00fcvenlik ve \u0130\u015f S\u00fcreklili\u011fi Y\u00f6netim Sistemi - Anka Dan\u0131\u015fmanl\u0131k\",\"isPartOf\":{\"@id\":\"http:\/\/ankadanismanlikltd.com\/en\/#website\"},\"datePublished\":\"2024-09-22T11:32:12+00:00\",\"dateModified\":\"2024-09-22T11:45:30+00:00\",\"breadcrumb\":{\"@id\":\"https:\/\/ankadanismanlikltd.com\/en\/sistem-belgelendirme\/iso-22301-toplumsal-guvenlik-ve-is-surekliligi-yonetim-sistemi\/#breadcrumb\"},\"inLanguage\":\"en-US\",\"potentialAction\":[{\"@type\":\"ReadAction\",\"target\":[\"https:\/\/ankadanismanlikltd.com\/en\/sistem-belgelendirme\/iso-22301-toplumsal-guvenlik-ve-is-surekliligi-yonetim-sistemi\/\"]}]},{\"@type\":\"BreadcrumbList\",\"@id\":\"https:\/\/ankadanismanlikltd.com\/en\/sistem-belgelendirme\/iso-22301-toplumsal-guvenlik-ve-is-surekliligi-yonetim-sistemi\/#breadcrumb\",\"itemListElement\":[{\"@type\":\"ListItem\",\"position\":1,\"name\":\"Anasayfa\",\"item\":\"http:\/\/ankadanismanlikltd.com\/en\/\"},{\"@type\":\"ListItem\",\"position\":2,\"name\":\"Sistem Belgelendirme\",\"item\":\"https:\/\/ankadanismanlikltd.com\/en\/sistem-belgelendirme\/\"},{\"@type\":\"ListItem\",\"position\":3,\"name\":\"ISO 22301 Toplumsal G\u00fcvenlik ve \u0130\u015f S\u00fcreklili\u011fi Y\u00f6netim Sistemi\"}]},{\"@type\":\"WebSite\",\"@id\":\"http:\/\/ankadanismanlikltd.com\/en\/#website\",\"url\":\"http:\/\/ankadanismanlikltd.com\/en\/\",\"name\":\"Anka Dan\u0131\u015fmanl\u0131k\",\"description\":\"\",\"publisher\":{\"@id\":\"http:\/\/ankadanismanlikltd.com\/en\/#organization\"},\"potentialAction\":[{\"@type\":\"SearchAction\",\"target\":{\"@type\":\"EntryPoint\",\"urlTemplate\":\"http:\/\/ankadanismanlikltd.com\/en\/?s={search_term_string}\"},\"query-input\":{\"@type\":\"PropertyValueSpecification\",\"valueRequired\":true,\"valueName\":\"search_term_string\"}}],\"inLanguage\":\"en-US\"},{\"@type\":\"Organization\",\"@id\":\"http:\/\/ankadanismanlikltd.com\/en\/#organization\",\"name\":\"ANKA Dan\u0131\u015fmanl\u0131k\",\"url\":\"http:\/\/ankadanismanlikltd.com\/en\/\",\"logo\":{\"@type\":\"ImageObject\",\"inLanguage\":\"en-US\",\"@id\":\"http:\/\/ankadanismanlikltd.com\/en\/#\/schema\/logo\/image\/\",\"url\":\"https:\/\/ankadanismanlikltd.com\/wp-content\/uploads\/2025\/03\/yeni-logo.jpg\",\"contentUrl\":\"https:\/\/ankadanismanlikltd.com\/wp-content\/uploads\/2025\/03\/yeni-logo.jpg\",\"width\":623,\"height\":630,\"caption\":\"ANKA Dan\u0131\u015fmanl\u0131k\"},\"image\":{\"@id\":\"http:\/\/ankadanismanlikltd.com\/en\/#\/schema\/logo\/image\/\"},\"sameAs\":[\"https:\/\/www.facebook.com\/ankadanismanlik\",\"https:\/\/x.com\/ankaconsultancy\",\"https:\/\/www.linkedin.com\/company\/ankadanismanlik\",\"https:\/\/www.youtube.com\/@ANKADanmanlk.official\",\"https:\/\/www.instagram.com\/ankadanismanlik.tr?igsh=MXZ6OXMyd3k2MW5zbA&utm_source=qr\"]}]}<\/script>\n<!-- \/ Yoast SEO plugin. -->","yoast_head_json":{"title":"ISO 22301 Toplumsal G\u00fcvenlik ve \u0130\u015f S\u00fcreklili\u011fi Y\u00f6netim Sistemi - Anka Dan\u0131\u015fmanl\u0131k","robots":{"index":"index","follow":"follow","max-snippet":"max-snippet:-1","max-image-preview":"max-image-preview:large","max-video-preview":"max-video-preview:-1"},"canonical":"https:\/\/ankadanismanlikltd.com\/en\/sistem-belgelendirme\/iso-22301-toplumsal-guvenlik-ve-is-surekliligi-yonetim-sistemi\/","og_locale":"en_US","og_type":"article","og_title":"ISO 22301 Toplumsal G\u00fcvenlik ve \u0130\u015f S\u00fcreklili\u011fi Y\u00f6netim Sistemi - Anka Dan\u0131\u015fmanl\u0131k","og_description":"Kurumlar\u0131n etkin bir \u015fekilde y\u00f6netmesi gereken s\u00fcre\u00e7lerden bir tanesi de i\u015f s\u00fcreklili\u011fidir. \u0130\u015f s\u00fcreklili\u011fi; &#8220;bir organizasyonun \u00fcr\u00fcn ve servislerini kesinti olay\u0131 sonras\u0131nda \u00f6nceden tan\u0131mlanm\u0131\u015f kabul edilebilir seviyede s\u00fcrd\u00fcrebilme kapasitesidir&#8221; \u015feklinde tan\u0131mlan\u0131r. Bir ba\u015fka deyi\u015fle, b\u00fcy\u00fck ya da k\u00fc\u00e7\u00fck t\u00fcm i\u015fletmelerin i\u015flerinin aksamas\u0131na neden olan kesintilere kar\u015f\u0131l\u0131k vermesini sa\u011flayacak etkinliklerin t\u00fcm\u00fcd\u00fcr. E\u011fer beklenmedik i\u015f kesintileri size g\u00f6re de\u011filse yapaca\u011f\u0131n\u0131z en iyi \u015fey ISO 22301 Toplumsal G\u00fcvenlik ve \u0130\u015f S\u00fcreklili\u011fi Y\u00f6netim Sistemi[&hellip;]","og_url":"https:\/\/ankadanismanlikltd.com\/en\/sistem-belgelendirme\/iso-22301-toplumsal-guvenlik-ve-is-surekliligi-yonetim-sistemi\/","og_site_name":"Anka Dan\u0131\u015fmanl\u0131k","article_publisher":"https:\/\/www.facebook.com\/ankadanismanlik","article_modified_time":"2024-09-22T11:45:30+00:00","twitter_card":"summary_large_image","twitter_site":"@ankaconsultancy","twitter_misc":{"Est. reading time":"2 minutes"},"schema":{"@context":"https:\/\/schema.org","@graph":[{"@type":"WebPage","@id":"https:\/\/ankadanismanlikltd.com\/en\/sistem-belgelendirme\/iso-22301-toplumsal-guvenlik-ve-is-surekliligi-yonetim-sistemi\/","url":"https:\/\/ankadanismanlikltd.com\/en\/sistem-belgelendirme\/iso-22301-toplumsal-guvenlik-ve-is-surekliligi-yonetim-sistemi\/","name":"ISO 22301 Toplumsal G\u00fcvenlik ve \u0130\u015f S\u00fcreklili\u011fi Y\u00f6netim Sistemi - Anka Dan\u0131\u015fmanl\u0131k","isPartOf":{"@id":"http:\/\/ankadanismanlikltd.com\/en\/#website"},"datePublished":"2024-09-22T11:32:12+00:00","dateModified":"2024-09-22T11:45:30+00:00","breadcrumb":{"@id":"https:\/\/ankadanismanlikltd.com\/en\/sistem-belgelendirme\/iso-22301-toplumsal-guvenlik-ve-is-surekliligi-yonetim-sistemi\/#breadcrumb"},"inLanguage":"en-US","potentialAction":[{"@type":"ReadAction","target":["https:\/\/ankadanismanlikltd.com\/en\/sistem-belgelendirme\/iso-22301-toplumsal-guvenlik-ve-is-surekliligi-yonetim-sistemi\/"]}]},{"@type":"BreadcrumbList","@id":"https:\/\/ankadanismanlikltd.com\/en\/sistem-belgelendirme\/iso-22301-toplumsal-guvenlik-ve-is-surekliligi-yonetim-sistemi\/#breadcrumb","itemListElement":[{"@type":"ListItem","position":1,"name":"Anasayfa","item":"http:\/\/ankadanismanlikltd.com\/en\/"},{"@type":"ListItem","position":2,"name":"Sistem Belgelendirme","item":"https:\/\/ankadanismanlikltd.com\/en\/sistem-belgelendirme\/"},{"@type":"ListItem","position":3,"name":"ISO 22301 Toplumsal G\u00fcvenlik ve \u0130\u015f S\u00fcreklili\u011fi Y\u00f6netim Sistemi"}]},{"@type":"WebSite","@id":"http:\/\/ankadanismanlikltd.com\/en\/#website","url":"http:\/\/ankadanismanlikltd.com\/en\/","name":"Anka Dan\u0131\u015fmanl\u0131k","description":"","publisher":{"@id":"http:\/\/ankadanismanlikltd.com\/en\/#organization"},"potentialAction":[{"@type":"SearchAction","target":{"@type":"EntryPoint","urlTemplate":"http:\/\/ankadanismanlikltd.com\/en\/?s={search_term_string}"},"query-input":{"@type":"PropertyValueSpecification","valueRequired":true,"valueName":"search_term_string"}}],"inLanguage":"en-US"},{"@type":"Organization","@id":"http:\/\/ankadanismanlikltd.com\/en\/#organization","name":"ANKA Dan\u0131\u015fmanl\u0131k","url":"http:\/\/ankadanismanlikltd.com\/en\/","logo":{"@type":"ImageObject","inLanguage":"en-US","@id":"http:\/\/ankadanismanlikltd.com\/en\/#\/schema\/logo\/image\/","url":"https:\/\/ankadanismanlikltd.com\/wp-content\/uploads\/2025\/03\/yeni-logo.jpg","contentUrl":"https:\/\/ankadanismanlikltd.com\/wp-content\/uploads\/2025\/03\/yeni-logo.jpg","width":623,"height":630,"caption":"ANKA Dan\u0131\u015fmanl\u0131k"},"image":{"@id":"http:\/\/ankadanismanlikltd.com\/en\/#\/schema\/logo\/image\/"},"sameAs":["https:\/\/www.facebook.com\/ankadanismanlik","https:\/\/x.com\/ankaconsultancy","https:\/\/www.linkedin.com\/company\/ankadanismanlik","https:\/\/www.youtube.com\/@ANKADanmanlk.official","https:\/\/www.instagram.com\/ankadanismanlik.tr?igsh=MXZ6OXMyd3k2MW5zbA&utm_source=qr"]}]}},"_links":{"self":[{"href":"https:\/\/ankadanismanlikltd.com\/en\/wp-json\/wp\/v2\/pages\/404","targetHints":{"allow":["GET"]}}],"collection":[{"href":"https:\/\/ankadanismanlikltd.com\/en\/wp-json\/wp\/v2\/pages"}],"about":[{"href":"https:\/\/ankadanismanlikltd.com\/en\/wp-json\/wp\/v2\/types\/page"}],"author":[{"embeddable":true,"href":"https:\/\/ankadanismanlikltd.com\/en\/wp-json\/wp\/v2\/users\/1"}],"replies":[{"embeddable":true,"href":"https:\/\/ankadanismanlikltd.com\/en\/wp-json\/wp\/v2\/comments?post=404"}],"version-history":[{"count":2,"href":"https:\/\/ankadanismanlikltd.com\/en\/wp-json\/wp\/v2\/pages\/404\/revisions"}],"predecessor-version":[{"id":447,"href":"https:\/\/ankadanismanlikltd.com\/en\/wp-json\/wp\/v2\/pages\/404\/revisions\/447"}],"up":[{"embeddable":true,"href":"https:\/\/ankadanismanlikltd.com\/en\/wp-json\/wp\/v2\/pages\/298"}],"wp:attachment":[{"href":"https:\/\/ankadanismanlikltd.com\/en\/wp-json\/wp\/v2\/media?parent=404"}],"curies":[{"name":"wp","href":"https:\/\/api.w.org\/{rel}","templated":true}]}}