{"id":405,"date":"2024-09-22T11:32:05","date_gmt":"2024-09-22T11:32:05","guid":{"rendered":"https:\/\/ankadanismanlikltd.com\/?page_id=405"},"modified":"2024-09-22T11:44:49","modified_gmt":"2024-09-22T11:44:49","slug":"iso-20252-pazar-kamuoyu-ve-sosyal-arastirma-yonetim-sistemi","status":"publish","type":"page","link":"https:\/\/ankadanismanlikltd.com\/en\/sistem-belgelendirme\/iso-20252-pazar-kamuoyu-ve-sosyal-arastirma-yonetim-sistemi\/","title":{"rendered":"ISO 20252 Market, Public Opinion and Social Research Management System"},"content":{"rendered":"<p>ISO 20252 Pazar, Kamuoyu ve Sosyal Ara\u015ft\u0131rma Y\u00f6netim Sistemi Standard\u0131, ba\u015fta \u0130ngiltere olmak \u00fczere 30 \u00fclkenin temsilcilerinin kat\u0131l\u0131m\u0131yla olu\u015fturulmu\u015f, var olan ulusal standartlar\u0131 birle\u015ftiren ve yerini alan, ayr\u0131ca global pazar ara\u015ft\u0131rmas\u0131nda d\u00fcnya \u00e7ap\u0131nda ortak bir kalite seviyesi olu\u015fturan uluslararas\u0131 bir standartt\u0131r. Bu standart; \u00fclkeler aras\u0131nda ortaya \u00e7\u0131kan sosyal ve k\u00fclt\u00fcrel farkl\u0131l\u0131klar, kullan\u0131lan tan\u0131mlama ve terim farkl\u0131l\u0131klar\u0131ndan kaynaklanan uyumsuzluklar\u0131n \u00f6nlenmesi, yap\u0131lan pazar ara\u015ft\u0131rmalar\u0131, kamuoyu, sosyal di\u011fer ara\u015ft\u0131rmalar\u0131n daha do\u011fru, daha \u015feffaf ve ge\u00e7erli olmas\u0131 ad\u0131na olu\u015fturulmu\u015ftur.<\/p>\n<p><strong>ISO 20252 Pazar, Kamuoyu ve Sosyal Ara\u015ft\u0131rma Y\u00f6netim Sistemi&#8217;nin Faydalar\u0131 Nelerdir?<\/strong><\/p>\n<ul class=\"ulList\">\n<li>Do\u011fru, g\u00fcvenilir, ge\u00e7erli bilgiler sa\u011flar.<\/li>\n<li>Riskleri azalt\u0131r.<\/li>\n<li>Verimlilik art\u0131\u015f\u0131 sa\u011flar.<\/li>\n<li>M\u00fc\u015fteri ve \u015firket aras\u0131nda g\u00fcven olu\u015fturur.<\/li>\n<li>\u00dcr\u00fcn ve hizmet kalitesini artt\u0131r\u0131r.<\/li>\n<li>Rekabet avantaj\u0131n\u0131 geli\u015ftirir.<\/li>\n<li>Ticari engelleri a\u015farak, uluslararas\u0131 alanda i\u015f f\u0131rsatlar\u0131 sa\u011flar.<\/li>\n<\/ul>\n<p><strong>ISO 20252 Standard\u0131&#8217;n\u0131 Kimler Kullanabilir\/Uygulayabilir?<\/strong><br \/>\nISO 20252 Pazar, Kamuoyu ve Sosyal Ara\u015ft\u0131rma Y\u00f6netim Sistemi Standard\u0131, her t\u00fcr ve boyuttan i\u015fletmenin uygulayabilece\u011fi bir standartt\u0131r.<\/p>","protected":false},"excerpt":{"rendered":"<p>ISO 20252 Pazar, Kamuoyu ve Sosyal Ara\u015ft\u0131rma Y\u00f6netim Sistemi Standard\u0131, ba\u015fta \u0130ngiltere olmak \u00fczere 30 \u00fclkenin temsilcilerinin kat\u0131l\u0131m\u0131yla olu\u015fturulmu\u015f, var olan ulusal standartlar\u0131 birle\u015ftiren ve yerini alan, ayr\u0131ca global pazar ara\u015ft\u0131rmas\u0131nda d\u00fcnya \u00e7ap\u0131nda ortak bir kalite seviyesi olu\u015fturan uluslararas\u0131 bir standartt\u0131r. Bu standart; \u00fclkeler aras\u0131nda ortaya \u00e7\u0131kan sosyal ve k\u00fclt\u00fcrel farkl\u0131l\u0131klar, kullan\u0131lan tan\u0131mlama ve terim farkl\u0131l\u0131klar\u0131ndan kaynaklanan uyumsuzluklar\u0131n \u00f6nlenmesi, yap\u0131lan pazar ara\u015ft\u0131rmalar\u0131, kamuoyu, sosyal di\u011fer ara\u015ft\u0131rmalar\u0131n daha do\u011fru, daha \u015feffaf[&hellip;]<\/p>","protected":false},"author":1,"featured_media":0,"parent":298,"menu_order":0,"comment_status":"closed","ping_status":"closed","template":"","meta":{"_acf_changed":false,"footnotes":""},"class_list":["post-405","page","type-page","status-publish","hentry"],"acf":[],"yoast_head":"<!-- This site is optimized with the Yoast SEO plugin v25.9 - https:\/\/yoast.com\/wordpress\/plugins\/seo\/ -->\n<title>ISO 20252 Pazar, Kamuoyu ve Sosyal Ara\u015ft\u0131rma Y\u00f6netim Sistemi - Anka Dan\u0131\u015fmanl\u0131k<\/title>\n<meta name=\"robots\" content=\"index, follow, max-snippet:-1, max-image-preview:large, max-video-preview:-1\" \/>\n<link rel=\"canonical\" href=\"https:\/\/ankadanismanlikltd.com\/en\/sistem-belgelendirme\/iso-20252-pazar-kamuoyu-ve-sosyal-arastirma-yonetim-sistemi\/\" \/>\n<meta property=\"og:locale\" content=\"en_US\" \/>\n<meta property=\"og:type\" content=\"article\" \/>\n<meta property=\"og:title\" content=\"ISO 20252 Pazar, Kamuoyu ve Sosyal Ara\u015ft\u0131rma Y\u00f6netim Sistemi - Anka Dan\u0131\u015fmanl\u0131k\" \/>\n<meta property=\"og:description\" content=\"ISO 20252 Pazar, Kamuoyu ve Sosyal Ara\u015ft\u0131rma Y\u00f6netim Sistemi Standard\u0131, ba\u015fta \u0130ngiltere olmak \u00fczere 30 \u00fclkenin temsilcilerinin kat\u0131l\u0131m\u0131yla olu\u015fturulmu\u015f, var olan ulusal standartlar\u0131 birle\u015ftiren ve yerini alan, ayr\u0131ca global pazar ara\u015ft\u0131rmas\u0131nda d\u00fcnya \u00e7ap\u0131nda ortak bir kalite seviyesi olu\u015fturan uluslararas\u0131 bir standartt\u0131r. Bu standart; \u00fclkeler aras\u0131nda ortaya \u00e7\u0131kan sosyal ve k\u00fclt\u00fcrel farkl\u0131l\u0131klar, kullan\u0131lan tan\u0131mlama ve terim farkl\u0131l\u0131klar\u0131ndan kaynaklanan uyumsuzluklar\u0131n \u00f6nlenmesi, yap\u0131lan pazar ara\u015ft\u0131rmalar\u0131, kamuoyu, sosyal di\u011fer ara\u015ft\u0131rmalar\u0131n daha do\u011fru, daha \u015feffaf[&hellip;]\" \/>\n<meta property=\"og:url\" content=\"https:\/\/ankadanismanlikltd.com\/en\/sistem-belgelendirme\/iso-20252-pazar-kamuoyu-ve-sosyal-arastirma-yonetim-sistemi\/\" \/>\n<meta property=\"og:site_name\" content=\"Anka Dan\u0131\u015fmanl\u0131k\" \/>\n<meta property=\"article:publisher\" content=\"https:\/\/www.facebook.com\/ankadanismanlik\" \/>\n<meta property=\"article:modified_time\" content=\"2024-09-22T11:44:49+00:00\" \/>\n<meta name=\"twitter:card\" content=\"summary_large_image\" \/>\n<meta name=\"twitter:site\" content=\"@ankaconsultancy\" \/>\n<meta name=\"twitter:label1\" content=\"Est. reading time\" \/>\n\t<meta name=\"twitter:data1\" content=\"1 minute\" \/>\n<script type=\"application\/ld+json\" class=\"yoast-schema-graph\">{\"@context\":\"https:\/\/schema.org\",\"@graph\":[{\"@type\":\"WebPage\",\"@id\":\"https:\/\/ankadanismanlikltd.com\/en\/sistem-belgelendirme\/iso-20252-pazar-kamuoyu-ve-sosyal-arastirma-yonetim-sistemi\/\",\"url\":\"https:\/\/ankadanismanlikltd.com\/en\/sistem-belgelendirme\/iso-20252-pazar-kamuoyu-ve-sosyal-arastirma-yonetim-sistemi\/\",\"name\":\"ISO 20252 Pazar, Kamuoyu ve Sosyal Ara\u015ft\u0131rma Y\u00f6netim Sistemi - Anka Dan\u0131\u015fmanl\u0131k\",\"isPartOf\":{\"@id\":\"http:\/\/ankadanismanlikltd.com\/en\/#website\"},\"datePublished\":\"2024-09-22T11:32:05+00:00\",\"dateModified\":\"2024-09-22T11:44:49+00:00\",\"breadcrumb\":{\"@id\":\"https:\/\/ankadanismanlikltd.com\/en\/sistem-belgelendirme\/iso-20252-pazar-kamuoyu-ve-sosyal-arastirma-yonetim-sistemi\/#breadcrumb\"},\"inLanguage\":\"en-US\",\"potentialAction\":[{\"@type\":\"ReadAction\",\"target\":[\"https:\/\/ankadanismanlikltd.com\/en\/sistem-belgelendirme\/iso-20252-pazar-kamuoyu-ve-sosyal-arastirma-yonetim-sistemi\/\"]}]},{\"@type\":\"BreadcrumbList\",\"@id\":\"https:\/\/ankadanismanlikltd.com\/en\/sistem-belgelendirme\/iso-20252-pazar-kamuoyu-ve-sosyal-arastirma-yonetim-sistemi\/#breadcrumb\",\"itemListElement\":[{\"@type\":\"ListItem\",\"position\":1,\"name\":\"Anasayfa\",\"item\":\"http:\/\/ankadanismanlikltd.com\/en\/\"},{\"@type\":\"ListItem\",\"position\":2,\"name\":\"Sistem Belgelendirme\",\"item\":\"https:\/\/ankadanismanlikltd.com\/en\/sistem-belgelendirme\/\"},{\"@type\":\"ListItem\",\"position\":3,\"name\":\"ISO 20252 Pazar, Kamuoyu ve Sosyal Ara\u015ft\u0131rma Y\u00f6netim Sistemi\"}]},{\"@type\":\"WebSite\",\"@id\":\"http:\/\/ankadanismanlikltd.com\/en\/#website\",\"url\":\"http:\/\/ankadanismanlikltd.com\/en\/\",\"name\":\"Anka Dan\u0131\u015fmanl\u0131k\",\"description\":\"\",\"publisher\":{\"@id\":\"http:\/\/ankadanismanlikltd.com\/en\/#organization\"},\"potentialAction\":[{\"@type\":\"SearchAction\",\"target\":{\"@type\":\"EntryPoint\",\"urlTemplate\":\"http:\/\/ankadanismanlikltd.com\/en\/?s={search_term_string}\"},\"query-input\":{\"@type\":\"PropertyValueSpecification\",\"valueRequired\":true,\"valueName\":\"search_term_string\"}}],\"inLanguage\":\"en-US\"},{\"@type\":\"Organization\",\"@id\":\"http:\/\/ankadanismanlikltd.com\/en\/#organization\",\"name\":\"ANKA Dan\u0131\u015fmanl\u0131k\",\"url\":\"http:\/\/ankadanismanlikltd.com\/en\/\",\"logo\":{\"@type\":\"ImageObject\",\"inLanguage\":\"en-US\",\"@id\":\"http:\/\/ankadanismanlikltd.com\/en\/#\/schema\/logo\/image\/\",\"url\":\"https:\/\/ankadanismanlikltd.com\/wp-content\/uploads\/2025\/03\/yeni-logo.jpg\",\"contentUrl\":\"https:\/\/ankadanismanlikltd.com\/wp-content\/uploads\/2025\/03\/yeni-logo.jpg\",\"width\":623,\"height\":630,\"caption\":\"ANKA Dan\u0131\u015fmanl\u0131k\"},\"image\":{\"@id\":\"http:\/\/ankadanismanlikltd.com\/en\/#\/schema\/logo\/image\/\"},\"sameAs\":[\"https:\/\/www.facebook.com\/ankadanismanlik\",\"https:\/\/x.com\/ankaconsultancy\",\"https:\/\/www.linkedin.com\/company\/ankadanismanlik\",\"https:\/\/www.youtube.com\/@ANKADanmanlk.official\",\"https:\/\/www.instagram.com\/ankadanismanlik.tr?igsh=MXZ6OXMyd3k2MW5zbA&utm_source=qr\"]}]}<\/script>\n<!-- \/ Yoast SEO plugin. -->","yoast_head_json":{"title":"ISO 20252 Pazar, Kamuoyu ve Sosyal Ara\u015ft\u0131rma Y\u00f6netim Sistemi - Anka Dan\u0131\u015fmanl\u0131k","robots":{"index":"index","follow":"follow","max-snippet":"max-snippet:-1","max-image-preview":"max-image-preview:large","max-video-preview":"max-video-preview:-1"},"canonical":"https:\/\/ankadanismanlikltd.com\/en\/sistem-belgelendirme\/iso-20252-pazar-kamuoyu-ve-sosyal-arastirma-yonetim-sistemi\/","og_locale":"en_US","og_type":"article","og_title":"ISO 20252 Pazar, Kamuoyu ve Sosyal Ara\u015ft\u0131rma Y\u00f6netim Sistemi - Anka Dan\u0131\u015fmanl\u0131k","og_description":"ISO 20252 Pazar, Kamuoyu ve Sosyal Ara\u015ft\u0131rma Y\u00f6netim Sistemi Standard\u0131, ba\u015fta \u0130ngiltere olmak \u00fczere 30 \u00fclkenin temsilcilerinin kat\u0131l\u0131m\u0131yla olu\u015fturulmu\u015f, var olan ulusal standartlar\u0131 birle\u015ftiren ve yerini alan, ayr\u0131ca global pazar ara\u015ft\u0131rmas\u0131nda d\u00fcnya \u00e7ap\u0131nda ortak bir kalite seviyesi olu\u015fturan uluslararas\u0131 bir standartt\u0131r. Bu standart; \u00fclkeler aras\u0131nda ortaya \u00e7\u0131kan sosyal ve k\u00fclt\u00fcrel farkl\u0131l\u0131klar, kullan\u0131lan tan\u0131mlama ve terim farkl\u0131l\u0131klar\u0131ndan kaynaklanan uyumsuzluklar\u0131n \u00f6nlenmesi, yap\u0131lan pazar ara\u015ft\u0131rmalar\u0131, kamuoyu, sosyal di\u011fer ara\u015ft\u0131rmalar\u0131n daha do\u011fru, daha \u015feffaf[&hellip;]","og_url":"https:\/\/ankadanismanlikltd.com\/en\/sistem-belgelendirme\/iso-20252-pazar-kamuoyu-ve-sosyal-arastirma-yonetim-sistemi\/","og_site_name":"Anka Dan\u0131\u015fmanl\u0131k","article_publisher":"https:\/\/www.facebook.com\/ankadanismanlik","article_modified_time":"2024-09-22T11:44:49+00:00","twitter_card":"summary_large_image","twitter_site":"@ankaconsultancy","twitter_misc":{"Est. reading time":"1 minute"},"schema":{"@context":"https:\/\/schema.org","@graph":[{"@type":"WebPage","@id":"https:\/\/ankadanismanlikltd.com\/en\/sistem-belgelendirme\/iso-20252-pazar-kamuoyu-ve-sosyal-arastirma-yonetim-sistemi\/","url":"https:\/\/ankadanismanlikltd.com\/en\/sistem-belgelendirme\/iso-20252-pazar-kamuoyu-ve-sosyal-arastirma-yonetim-sistemi\/","name":"ISO 20252 Pazar, Kamuoyu ve Sosyal Ara\u015ft\u0131rma Y\u00f6netim Sistemi - Anka Dan\u0131\u015fmanl\u0131k","isPartOf":{"@id":"http:\/\/ankadanismanlikltd.com\/en\/#website"},"datePublished":"2024-09-22T11:32:05+00:00","dateModified":"2024-09-22T11:44:49+00:00","breadcrumb":{"@id":"https:\/\/ankadanismanlikltd.com\/en\/sistem-belgelendirme\/iso-20252-pazar-kamuoyu-ve-sosyal-arastirma-yonetim-sistemi\/#breadcrumb"},"inLanguage":"en-US","potentialAction":[{"@type":"ReadAction","target":["https:\/\/ankadanismanlikltd.com\/en\/sistem-belgelendirme\/iso-20252-pazar-kamuoyu-ve-sosyal-arastirma-yonetim-sistemi\/"]}]},{"@type":"BreadcrumbList","@id":"https:\/\/ankadanismanlikltd.com\/en\/sistem-belgelendirme\/iso-20252-pazar-kamuoyu-ve-sosyal-arastirma-yonetim-sistemi\/#breadcrumb","itemListElement":[{"@type":"ListItem","position":1,"name":"Anasayfa","item":"http:\/\/ankadanismanlikltd.com\/en\/"},{"@type":"ListItem","position":2,"name":"Sistem Belgelendirme","item":"https:\/\/ankadanismanlikltd.com\/en\/sistem-belgelendirme\/"},{"@type":"ListItem","position":3,"name":"ISO 20252 Pazar, Kamuoyu ve Sosyal Ara\u015ft\u0131rma Y\u00f6netim Sistemi"}]},{"@type":"WebSite","@id":"http:\/\/ankadanismanlikltd.com\/en\/#website","url":"http:\/\/ankadanismanlikltd.com\/en\/","name":"Anka Dan\u0131\u015fmanl\u0131k","description":"","publisher":{"@id":"http:\/\/ankadanismanlikltd.com\/en\/#organization"},"potentialAction":[{"@type":"SearchAction","target":{"@type":"EntryPoint","urlTemplate":"http:\/\/ankadanismanlikltd.com\/en\/?s={search_term_string}"},"query-input":{"@type":"PropertyValueSpecification","valueRequired":true,"valueName":"search_term_string"}}],"inLanguage":"en-US"},{"@type":"Organization","@id":"http:\/\/ankadanismanlikltd.com\/en\/#organization","name":"ANKA Dan\u0131\u015fmanl\u0131k","url":"http:\/\/ankadanismanlikltd.com\/en\/","logo":{"@type":"ImageObject","inLanguage":"en-US","@id":"http:\/\/ankadanismanlikltd.com\/en\/#\/schema\/logo\/image\/","url":"https:\/\/ankadanismanlikltd.com\/wp-content\/uploads\/2025\/03\/yeni-logo.jpg","contentUrl":"https:\/\/ankadanismanlikltd.com\/wp-content\/uploads\/2025\/03\/yeni-logo.jpg","width":623,"height":630,"caption":"ANKA Dan\u0131\u015fmanl\u0131k"},"image":{"@id":"http:\/\/ankadanismanlikltd.com\/en\/#\/schema\/logo\/image\/"},"sameAs":["https:\/\/www.facebook.com\/ankadanismanlik","https:\/\/x.com\/ankaconsultancy","https:\/\/www.linkedin.com\/company\/ankadanismanlik","https:\/\/www.youtube.com\/@ANKADanmanlk.official","https:\/\/www.instagram.com\/ankadanismanlik.tr?igsh=MXZ6OXMyd3k2MW5zbA&utm_source=qr"]}]}},"_links":{"self":[{"href":"https:\/\/ankadanismanlikltd.com\/en\/wp-json\/wp\/v2\/pages\/405","targetHints":{"allow":["GET"]}}],"collection":[{"href":"https:\/\/ankadanismanlikltd.com\/en\/wp-json\/wp\/v2\/pages"}],"about":[{"href":"https:\/\/ankadanismanlikltd.com\/en\/wp-json\/wp\/v2\/types\/page"}],"author":[{"embeddable":true,"href":"https:\/\/ankadanismanlikltd.com\/en\/wp-json\/wp\/v2\/users\/1"}],"replies":[{"embeddable":true,"href":"https:\/\/ankadanismanlikltd.com\/en\/wp-json\/wp\/v2\/comments?post=405"}],"version-history":[{"count":2,"href":"https:\/\/ankadanismanlikltd.com\/en\/wp-json\/wp\/v2\/pages\/405\/revisions"}],"predecessor-version":[{"id":445,"href":"https:\/\/ankadanismanlikltd.com\/en\/wp-json\/wp\/v2\/pages\/405\/revisions\/445"}],"up":[{"embeddable":true,"href":"https:\/\/ankadanismanlikltd.com\/en\/wp-json\/wp\/v2\/pages\/298"}],"wp:attachment":[{"href":"https:\/\/ankadanismanlikltd.com\/en\/wp-json\/wp\/v2\/media?parent=405"}],"curies":[{"name":"wp","href":"https:\/\/api.w.org\/{rel}","templated":true}]}}