{"id":408,"date":"2024-09-22T11:31:41","date_gmt":"2024-09-22T11:31:41","guid":{"rendered":"https:\/\/ankadanismanlikltd.com\/?page_id=408"},"modified":"2024-09-22T11:41:36","modified_gmt":"2024-09-22T11:41:36","slug":"iso-50001-enerji-yonetim-sistemi","status":"publish","type":"page","link":"https:\/\/ankadanismanlikltd.com\/en\/sistem-belgelendirme\/iso-50001-enerji-yonetim-sistemi\/","title":{"rendered":"ISO 50001 Energy Management System"},"content":{"rendered":"<p>G\u00fcn\u00fcm\u00fczde \u00fcretim her ge\u00e7en g\u00fcn artmakta buna paralel olarak ise enerji kaynaklar\u0131 azalmaktad\u0131r. \u00dcretimin art\u0131\u015f\u0131 ile birlikte sanayilerde enerji kaynaklar\u0131n\u0131n etkin kullan\u0131m\u0131, enerji tasarrufu, enerji verimlili\u011fi, geri kazan\u0131m, tekrar kullan\u0131m kavramlar\u0131 \u00f6nem kazanmaktad\u0131r. B\u00fct\u00fcn bunlar g\u00f6z \u00f6n\u00fcne al\u0131nd\u0131\u011f\u0131nda bir enerji tasarrufuna gidilmesi ve bir enerji y\u00f6netim sistemi olu\u015fturulmas\u0131 ka\u00e7\u0131n\u0131lmazd\u0131r.<\/p>\n<p>Enerji y\u00f6netimi, g\u00fcvenlikten, \u00fcretim kalite ve miktar\u0131ndan, \u00e7evresel sorumluluklardan taviz vermeden enerjinin verimli kullan\u0131m\u0131d\u0131r. ISO 50001 Enerji Y\u00f6netim Sistemi Standard\u0131, organizasyonlar\u0131n enerji verimlili\u011fini y\u00fckseltmek i\u00e7in gerekli olan, s\u00fcre\u00e7 ve sistemleri olu\u015fturmalar\u0131n\u0131, bu s\u00fcre\u00e7 ve sistemlerin uygulanmas\u0131n\u0131 ve s\u00fcrd\u00fcr\u00fclebilirli\u011fini sa\u011flamaktad\u0131r. Standart t\u00fcm enerji t\u00fcrlerini kapsar. Kurulu\u015flar\u0131n tamam\u0131n\u0131 etkin enerji y\u00f6netimine, maliyetlerin azalt\u0131lmas\u0131na ve \u00e7evreye kar\u015f\u0131 duyarl\u0131l\u0131\u011fa te\u015fvik eder.<\/p>\n<p><strong>ISO 50001 Enerji Y\u00f6netim Sistemi&#8217;nin Faydalar\u0131 Nelerdir?<\/strong><\/p>\n<ul class=\"ulList\">\n<li>Uygulamaya konulan projeler yard\u0131m\u0131yla enerji t\u00fcketimini azalt\u0131r.<\/li>\n<li>Enerjiden kaynaklanan masraflar\u0131 kontrol alt\u0131nda tutar ve azalt\u0131r.<\/li>\n<li>Mevcut cihaz ve ekipmanlar\u0131n kullan\u0131m\u0131n\u0131 kontrol alt\u0131nda tutar.<\/li>\n<li>Enerji t\u00fcketiminin izlenmesi yoluyla performans hakk\u0131nda bilgi edinilmesini sa\u011flar.<\/li>\n<li>Verimlili\u011fin art\u0131r\u0131lmas\u0131 ve yasalara uygunlu\u011fu sa\u011flar.<\/li>\n<li>\u0130sraftan kaynaklanan olumsuz \u00e7evre etkisini azalt\u0131r.<\/li>\n<li>Enerji bilinci ile ilgili olarak toplum i\u00e7inde sayg\u0131nl\u0131\u011f\u0131 artt\u0131r\u0131r.<\/li>\n<li>Sera gaz\u0131 emisyonlar\u0131n\u0131n azalt\u0131lmas\u0131nda katk\u0131 sa\u011flar.<\/li>\n<li>Di\u011fer y\u00f6netim sistemleri ile entegrasyonu halinde kaynak tasarrufu sa\u011flar.<\/li>\n<\/ul>\n<p><strong>ISO 50001 Standard\u0131&#8217;n\u0131 Kimler Kullanabilir\/Uygulayabilir?<\/strong><br \/>\nISO 50001 Enerji Y\u00f6netim Sistemi Standard\u0131, her tip ve b\u00fcy\u00fckl\u00fckte organizasyonun, \u00f6zel ya da kamu kurulu\u015flar\u0131n\u0131n, hizmet ya da \u00fcretim sekt\u00f6r\u00fcnde faaliyet g\u00f6steren her kurulu\u015fun uygulamas\u0131na m\u00fcsait bir yap\u0131da olu\u015fturulmu\u015ftur. Enerji ba\u011flant\u0131l\u0131 \u00e7al\u0131\u015fan kurulu\u015flar\u0131 ise do\u011frudan ilgilendirmektedir.<\/p>","protected":false},"excerpt":{"rendered":"<p>G\u00fcn\u00fcm\u00fczde \u00fcretim her ge\u00e7en g\u00fcn artmakta buna paralel olarak ise enerji kaynaklar\u0131 azalmaktad\u0131r. \u00dcretimin art\u0131\u015f\u0131 ile birlikte sanayilerde enerji kaynaklar\u0131n\u0131n etkin kullan\u0131m\u0131, enerji tasarrufu, enerji verimlili\u011fi, geri kazan\u0131m, tekrar kullan\u0131m kavramlar\u0131 \u00f6nem kazanmaktad\u0131r. B\u00fct\u00fcn bunlar g\u00f6z \u00f6n\u00fcne al\u0131nd\u0131\u011f\u0131nda bir enerji tasarrufuna gidilmesi ve bir enerji y\u00f6netim sistemi olu\u015fturulmas\u0131 ka\u00e7\u0131n\u0131lmazd\u0131r. Enerji y\u00f6netimi, g\u00fcvenlikten, \u00fcretim kalite ve miktar\u0131ndan, \u00e7evresel sorumluluklardan taviz vermeden enerjinin verimli kullan\u0131m\u0131d\u0131r. ISO 50001 Enerji Y\u00f6netim Sistemi Standard\u0131, organizasyonlar\u0131n[&hellip;]<\/p>","protected":false},"author":1,"featured_media":0,"parent":298,"menu_order":0,"comment_status":"closed","ping_status":"closed","template":"","meta":{"_acf_changed":false,"footnotes":""},"class_list":["post-408","page","type-page","status-publish","hentry"],"acf":[],"yoast_head":"<!-- This site is optimized with the Yoast SEO plugin v25.9 - https:\/\/yoast.com\/wordpress\/plugins\/seo\/ -->\n<title>ISO 50001 Enerji Y\u00f6netim Sistemi - Anka Dan\u0131\u015fmanl\u0131k<\/title>\n<meta name=\"robots\" content=\"index, follow, max-snippet:-1, max-image-preview:large, max-video-preview:-1\" \/>\n<link rel=\"canonical\" href=\"https:\/\/ankadanismanlikltd.com\/en\/sistem-belgelendirme\/iso-50001-enerji-yonetim-sistemi\/\" \/>\n<meta property=\"og:locale\" content=\"en_US\" \/>\n<meta property=\"og:type\" content=\"article\" \/>\n<meta property=\"og:title\" content=\"ISO 50001 Enerji Y\u00f6netim Sistemi - Anka Dan\u0131\u015fmanl\u0131k\" \/>\n<meta property=\"og:description\" content=\"G\u00fcn\u00fcm\u00fczde \u00fcretim her ge\u00e7en g\u00fcn artmakta buna paralel olarak ise enerji kaynaklar\u0131 azalmaktad\u0131r. \u00dcretimin art\u0131\u015f\u0131 ile birlikte sanayilerde enerji kaynaklar\u0131n\u0131n etkin kullan\u0131m\u0131, enerji tasarrufu, enerji verimlili\u011fi, geri kazan\u0131m, tekrar kullan\u0131m kavramlar\u0131 \u00f6nem kazanmaktad\u0131r. B\u00fct\u00fcn bunlar g\u00f6z \u00f6n\u00fcne al\u0131nd\u0131\u011f\u0131nda bir enerji tasarrufuna gidilmesi ve bir enerji y\u00f6netim sistemi olu\u015fturulmas\u0131 ka\u00e7\u0131n\u0131lmazd\u0131r. Enerji y\u00f6netimi, g\u00fcvenlikten, \u00fcretim kalite ve miktar\u0131ndan, \u00e7evresel sorumluluklardan taviz vermeden enerjinin verimli kullan\u0131m\u0131d\u0131r. ISO 50001 Enerji Y\u00f6netim Sistemi Standard\u0131, organizasyonlar\u0131n[&hellip;]\" \/>\n<meta property=\"og:url\" content=\"https:\/\/ankadanismanlikltd.com\/en\/sistem-belgelendirme\/iso-50001-enerji-yonetim-sistemi\/\" \/>\n<meta property=\"og:site_name\" content=\"Anka Dan\u0131\u015fmanl\u0131k\" \/>\n<meta property=\"article:publisher\" content=\"https:\/\/www.facebook.com\/ankadanismanlik\" \/>\n<meta property=\"article:modified_time\" content=\"2024-09-22T11:41:36+00:00\" \/>\n<meta name=\"twitter:card\" content=\"summary_large_image\" \/>\n<meta name=\"twitter:site\" content=\"@ankaconsultancy\" \/>\n<meta name=\"twitter:label1\" content=\"Est. reading time\" \/>\n\t<meta name=\"twitter:data1\" content=\"2 minutes\" \/>\n<script type=\"application\/ld+json\" class=\"yoast-schema-graph\">{\"@context\":\"https:\/\/schema.org\",\"@graph\":[{\"@type\":\"WebPage\",\"@id\":\"https:\/\/ankadanismanlikltd.com\/en\/sistem-belgelendirme\/iso-50001-enerji-yonetim-sistemi\/\",\"url\":\"https:\/\/ankadanismanlikltd.com\/en\/sistem-belgelendirme\/iso-50001-enerji-yonetim-sistemi\/\",\"name\":\"ISO 50001 Enerji Y\u00f6netim Sistemi - Anka Dan\u0131\u015fmanl\u0131k\",\"isPartOf\":{\"@id\":\"http:\/\/ankadanismanlikltd.com\/en\/#website\"},\"datePublished\":\"2024-09-22T11:31:41+00:00\",\"dateModified\":\"2024-09-22T11:41:36+00:00\",\"breadcrumb\":{\"@id\":\"https:\/\/ankadanismanlikltd.com\/en\/sistem-belgelendirme\/iso-50001-enerji-yonetim-sistemi\/#breadcrumb\"},\"inLanguage\":\"en-US\",\"potentialAction\":[{\"@type\":\"ReadAction\",\"target\":[\"https:\/\/ankadanismanlikltd.com\/en\/sistem-belgelendirme\/iso-50001-enerji-yonetim-sistemi\/\"]}]},{\"@type\":\"BreadcrumbList\",\"@id\":\"https:\/\/ankadanismanlikltd.com\/en\/sistem-belgelendirme\/iso-50001-enerji-yonetim-sistemi\/#breadcrumb\",\"itemListElement\":[{\"@type\":\"ListItem\",\"position\":1,\"name\":\"Anasayfa\",\"item\":\"http:\/\/ankadanismanlikltd.com\/en\/\"},{\"@type\":\"ListItem\",\"position\":2,\"name\":\"Sistem Belgelendirme\",\"item\":\"https:\/\/ankadanismanlikltd.com\/en\/sistem-belgelendirme\/\"},{\"@type\":\"ListItem\",\"position\":3,\"name\":\"ISO 50001 Enerji Y\u00f6netim Sistemi\"}]},{\"@type\":\"WebSite\",\"@id\":\"http:\/\/ankadanismanlikltd.com\/en\/#website\",\"url\":\"http:\/\/ankadanismanlikltd.com\/en\/\",\"name\":\"Anka Dan\u0131\u015fmanl\u0131k\",\"description\":\"\",\"publisher\":{\"@id\":\"http:\/\/ankadanismanlikltd.com\/en\/#organization\"},\"potentialAction\":[{\"@type\":\"SearchAction\",\"target\":{\"@type\":\"EntryPoint\",\"urlTemplate\":\"http:\/\/ankadanismanlikltd.com\/en\/?s={search_term_string}\"},\"query-input\":{\"@type\":\"PropertyValueSpecification\",\"valueRequired\":true,\"valueName\":\"search_term_string\"}}],\"inLanguage\":\"en-US\"},{\"@type\":\"Organization\",\"@id\":\"http:\/\/ankadanismanlikltd.com\/en\/#organization\",\"name\":\"ANKA Dan\u0131\u015fmanl\u0131k\",\"url\":\"http:\/\/ankadanismanlikltd.com\/en\/\",\"logo\":{\"@type\":\"ImageObject\",\"inLanguage\":\"en-US\",\"@id\":\"http:\/\/ankadanismanlikltd.com\/en\/#\/schema\/logo\/image\/\",\"url\":\"https:\/\/ankadanismanlikltd.com\/wp-content\/uploads\/2025\/03\/yeni-logo.jpg\",\"contentUrl\":\"https:\/\/ankadanismanlikltd.com\/wp-content\/uploads\/2025\/03\/yeni-logo.jpg\",\"width\":623,\"height\":630,\"caption\":\"ANKA Dan\u0131\u015fmanl\u0131k\"},\"image\":{\"@id\":\"http:\/\/ankadanismanlikltd.com\/en\/#\/schema\/logo\/image\/\"},\"sameAs\":[\"https:\/\/www.facebook.com\/ankadanismanlik\",\"https:\/\/x.com\/ankaconsultancy\",\"https:\/\/www.linkedin.com\/company\/ankadanismanlik\",\"https:\/\/www.youtube.com\/@ANKADanmanlk.official\",\"https:\/\/www.instagram.com\/ankadanismanlik.tr?igsh=MXZ6OXMyd3k2MW5zbA&utm_source=qr\"]}]}<\/script>\n<!-- \/ Yoast SEO plugin. -->","yoast_head_json":{"title":"ISO 50001 Enerji Y\u00f6netim Sistemi - Anka Dan\u0131\u015fmanl\u0131k","robots":{"index":"index","follow":"follow","max-snippet":"max-snippet:-1","max-image-preview":"max-image-preview:large","max-video-preview":"max-video-preview:-1"},"canonical":"https:\/\/ankadanismanlikltd.com\/en\/sistem-belgelendirme\/iso-50001-enerji-yonetim-sistemi\/","og_locale":"en_US","og_type":"article","og_title":"ISO 50001 Enerji Y\u00f6netim Sistemi - Anka Dan\u0131\u015fmanl\u0131k","og_description":"G\u00fcn\u00fcm\u00fczde \u00fcretim her ge\u00e7en g\u00fcn artmakta buna paralel olarak ise enerji kaynaklar\u0131 azalmaktad\u0131r. \u00dcretimin art\u0131\u015f\u0131 ile birlikte sanayilerde enerji kaynaklar\u0131n\u0131n etkin kullan\u0131m\u0131, enerji tasarrufu, enerji verimlili\u011fi, geri kazan\u0131m, tekrar kullan\u0131m kavramlar\u0131 \u00f6nem kazanmaktad\u0131r. B\u00fct\u00fcn bunlar g\u00f6z \u00f6n\u00fcne al\u0131nd\u0131\u011f\u0131nda bir enerji tasarrufuna gidilmesi ve bir enerji y\u00f6netim sistemi olu\u015fturulmas\u0131 ka\u00e7\u0131n\u0131lmazd\u0131r. Enerji y\u00f6netimi, g\u00fcvenlikten, \u00fcretim kalite ve miktar\u0131ndan, \u00e7evresel sorumluluklardan taviz vermeden enerjinin verimli kullan\u0131m\u0131d\u0131r. ISO 50001 Enerji Y\u00f6netim Sistemi Standard\u0131, organizasyonlar\u0131n[&hellip;]","og_url":"https:\/\/ankadanismanlikltd.com\/en\/sistem-belgelendirme\/iso-50001-enerji-yonetim-sistemi\/","og_site_name":"Anka Dan\u0131\u015fmanl\u0131k","article_publisher":"https:\/\/www.facebook.com\/ankadanismanlik","article_modified_time":"2024-09-22T11:41:36+00:00","twitter_card":"summary_large_image","twitter_site":"@ankaconsultancy","twitter_misc":{"Est. reading time":"2 minutes"},"schema":{"@context":"https:\/\/schema.org","@graph":[{"@type":"WebPage","@id":"https:\/\/ankadanismanlikltd.com\/en\/sistem-belgelendirme\/iso-50001-enerji-yonetim-sistemi\/","url":"https:\/\/ankadanismanlikltd.com\/en\/sistem-belgelendirme\/iso-50001-enerji-yonetim-sistemi\/","name":"ISO 50001 Enerji Y\u00f6netim Sistemi - Anka Dan\u0131\u015fmanl\u0131k","isPartOf":{"@id":"http:\/\/ankadanismanlikltd.com\/en\/#website"},"datePublished":"2024-09-22T11:31:41+00:00","dateModified":"2024-09-22T11:41:36+00:00","breadcrumb":{"@id":"https:\/\/ankadanismanlikltd.com\/en\/sistem-belgelendirme\/iso-50001-enerji-yonetim-sistemi\/#breadcrumb"},"inLanguage":"en-US","potentialAction":[{"@type":"ReadAction","target":["https:\/\/ankadanismanlikltd.com\/en\/sistem-belgelendirme\/iso-50001-enerji-yonetim-sistemi\/"]}]},{"@type":"BreadcrumbList","@id":"https:\/\/ankadanismanlikltd.com\/en\/sistem-belgelendirme\/iso-50001-enerji-yonetim-sistemi\/#breadcrumb","itemListElement":[{"@type":"ListItem","position":1,"name":"Anasayfa","item":"http:\/\/ankadanismanlikltd.com\/en\/"},{"@type":"ListItem","position":2,"name":"Sistem Belgelendirme","item":"https:\/\/ankadanismanlikltd.com\/en\/sistem-belgelendirme\/"},{"@type":"ListItem","position":3,"name":"ISO 50001 Enerji Y\u00f6netim Sistemi"}]},{"@type":"WebSite","@id":"http:\/\/ankadanismanlikltd.com\/en\/#website","url":"http:\/\/ankadanismanlikltd.com\/en\/","name":"Anka Dan\u0131\u015fmanl\u0131k","description":"","publisher":{"@id":"http:\/\/ankadanismanlikltd.com\/en\/#organization"},"potentialAction":[{"@type":"SearchAction","target":{"@type":"EntryPoint","urlTemplate":"http:\/\/ankadanismanlikltd.com\/en\/?s={search_term_string}"},"query-input":{"@type":"PropertyValueSpecification","valueRequired":true,"valueName":"search_term_string"}}],"inLanguage":"en-US"},{"@type":"Organization","@id":"http:\/\/ankadanismanlikltd.com\/en\/#organization","name":"ANKA Dan\u0131\u015fmanl\u0131k","url":"http:\/\/ankadanismanlikltd.com\/en\/","logo":{"@type":"ImageObject","inLanguage":"en-US","@id":"http:\/\/ankadanismanlikltd.com\/en\/#\/schema\/logo\/image\/","url":"https:\/\/ankadanismanlikltd.com\/wp-content\/uploads\/2025\/03\/yeni-logo.jpg","contentUrl":"https:\/\/ankadanismanlikltd.com\/wp-content\/uploads\/2025\/03\/yeni-logo.jpg","width":623,"height":630,"caption":"ANKA Dan\u0131\u015fmanl\u0131k"},"image":{"@id":"http:\/\/ankadanismanlikltd.com\/en\/#\/schema\/logo\/image\/"},"sameAs":["https:\/\/www.facebook.com\/ankadanismanlik","https:\/\/x.com\/ankaconsultancy","https:\/\/www.linkedin.com\/company\/ankadanismanlik","https:\/\/www.youtube.com\/@ANKADanmanlk.official","https:\/\/www.instagram.com\/ankadanismanlik.tr?igsh=MXZ6OXMyd3k2MW5zbA&utm_source=qr"]}]}},"_links":{"self":[{"href":"https:\/\/ankadanismanlikltd.com\/en\/wp-json\/wp\/v2\/pages\/408","targetHints":{"allow":["GET"]}}],"collection":[{"href":"https:\/\/ankadanismanlikltd.com\/en\/wp-json\/wp\/v2\/pages"}],"about":[{"href":"https:\/\/ankadanismanlikltd.com\/en\/wp-json\/wp\/v2\/types\/page"}],"author":[{"embeddable":true,"href":"https:\/\/ankadanismanlikltd.com\/en\/wp-json\/wp\/v2\/users\/1"}],"replies":[{"embeddable":true,"href":"https:\/\/ankadanismanlikltd.com\/en\/wp-json\/wp\/v2\/comments?post=408"}],"version-history":[{"count":2,"href":"https:\/\/ankadanismanlikltd.com\/en\/wp-json\/wp\/v2\/pages\/408\/revisions"}],"predecessor-version":[{"id":442,"href":"https:\/\/ankadanismanlikltd.com\/en\/wp-json\/wp\/v2\/pages\/408\/revisions\/442"}],"up":[{"embeddable":true,"href":"https:\/\/ankadanismanlikltd.com\/en\/wp-json\/wp\/v2\/pages\/298"}],"wp:attachment":[{"href":"https:\/\/ankadanismanlikltd.com\/en\/wp-json\/wp\/v2\/media?parent=408"}],"curies":[{"name":"wp","href":"https:\/\/api.w.org\/{rel}","templated":true}]}}