{"id":410,"date":"2024-09-22T11:31:29","date_gmt":"2024-09-22T11:31:29","guid":{"rendered":"https:\/\/ankadanismanlikltd.com\/?page_id=410"},"modified":"2024-09-22T11:37:36","modified_gmt":"2024-09-22T11:37:36","slug":"iso-27701-kisisel-verilerin-yonetim-sistemi","status":"publish","type":"page","link":"https:\/\/ankadanismanlikltd.com\/en\/sistem-belgelendirme\/iso-27701-kisisel-verilerin-yonetim-sistemi\/","title":{"rendered":"ISO 27701 Personal Data Management System"},"content":{"rendered":"<p>G\u00fcn\u00fcm\u00fczde veri; hem kurulu\u015flar hem ki\u015filer i\u00e7in olduk\u00e7a b\u00fcy\u00fck \u00f6neme sahiptir. \u00d6zellikle ki\u015fisel olarak nitelendirilen verilerin gizlili\u011fi ise temel bir insan hakk\u0131 olarak ele al\u0131n\u0131r. Verilerin korunmas\u0131, bir kurulu\u015fun bilgilerinin doland\u0131r\u0131c\u0131l\u0131k, bilgisayar korsanl\u0131\u011f\u0131, kimlik av\u0131 ve kimlik h\u0131rs\u0131zl\u0131\u011f\u0131ndan korunmas\u0131n\u0131 sa\u011flad\u0131\u011f\u0131 i\u00e7in \u00f6nemlidir. Etkili \u015fekilde \u00e7al\u0131\u015fmak isteyen herhangi bir kurulu\u015f, bir veri koruma plan\u0131 uygulayarak bilgilerinin g\u00fcvenli\u011fini sa\u011flamal\u0131d\u0131r. Depolanan ve olu\u015fturulan veri miktar\u0131 artt\u0131k\u00e7a, veri koruman\u0131n \u00f6nemi de artmaktad\u0131r. Kurulu\u015flar\u0131n verilerini proaktif olarak korumalar\u0131 ve koruyucu \u00f6nlemlerini d\u00fczenli olarak g\u00fcncellemeleri gerekir.<\/p>\n<p>ISO 27701 standard\u0131, kurulu\u015f ba\u011flam\u0131nda gizlilik y\u00f6netimi i\u00e7in ISO\/IEC 27001 ve ISO\/IEC 27002&#8217;nin bir uzant\u0131s\u0131 \u015feklinde bir Ki\u015fisel Veri Y\u00f6netim Sisteminin kurulmas\u0131, uygulanmas\u0131, s\u00fcrd\u00fcr\u00fclmesi ve s\u00fcrekli olarak iyile\u015ftirilmesi i\u00e7in gereksinimleri belirtir ve rehberlik sa\u011flar.<\/p>\n<p><strong>Faydalar\u0131 nedir:<\/strong><\/p>\n<ul class=\"ulList\">\n<li>M\u00fc\u015fterilerde g\u00fcven olu\u015fturur. Veri sahiplerinin gizliliklerine y\u00f6nelik riskleri azalt\u0131r ve gizlilik kontrollerinin daha iyi y\u00f6netilmesine olanak tan\u0131r.<\/li>\n<li>\u0130hlallere kar\u015f\u0131 korunmay\u0131 iyile\u015ftirir. Kurulu\u015flar, g\u00fcvenlik olaylar\u0131n\u0131 ve etkilerini azaltabilir ve \u015firket itibar\u0131na zarar gelmesini \u00f6nleyebilir.<\/li>\n<li>Ba\u015fta m\u00fc\u015fteriler olmak \u00fczere payda\u015flara \u015feffafl\u0131k sa\u011flar. \u015eeffafl\u0131k ile m\u00fc\u015fteri g\u00fcvenini artt\u0131r\u0131r.<\/li>\n<li>Kurulu\u015flar rekabet avantaj\u0131 elde edebilir ve m\u00fc\u015fterilerinin ve di\u011fer ilgili taraflar\u0131n de\u011fi\u015fen beklentilerini kar\u015f\u0131layabilir.<\/li>\n<li>\u015eirketin uluslararas\u0131 standartlara uygunlu\u011funun global d\u00fczeyde tan\u0131nmas\u0131n\u0131 sa\u011flayarak di\u011fer i\u015fletmelerle ortakl\u0131klar\u0131 kolayla\u015ft\u0131r\u0131r.<\/li>\n<\/ul>\n<p><strong>Kimler uygulayabilir:<\/strong><br \/>\nISO 27701 standard\u0131n\u0131, bir Bilgi G\u00fcvenli\u011fi Y\u00f6netim Sistemi (ISO 27001) i\u00e7inde ki\u015fisel veri i\u015fleyen ki\u015fisel veri denetleyicileri ve\/veya ki\u015fisel veri i\u015flemcileri olan kamu ve \u00f6zel \u015firketler, devlet kurumlar\u0131 ve kar amac\u0131 g\u00fctmeyen kurulu\u015flar da dahil olmak \u00fczere her t\u00fcr ve b\u00fcy\u00fckl\u00fckteki kurulu\u015f uygulayabilir.<\/p>","protected":false},"excerpt":{"rendered":"<p>G\u00fcn\u00fcm\u00fczde veri; hem kurulu\u015flar hem ki\u015filer i\u00e7in olduk\u00e7a b\u00fcy\u00fck \u00f6neme sahiptir. \u00d6zellikle ki\u015fisel olarak nitelendirilen verilerin gizlili\u011fi ise temel bir insan hakk\u0131 olarak ele al\u0131n\u0131r. Verilerin korunmas\u0131, bir kurulu\u015fun bilgilerinin doland\u0131r\u0131c\u0131l\u0131k, bilgisayar korsanl\u0131\u011f\u0131, kimlik av\u0131 ve kimlik h\u0131rs\u0131zl\u0131\u011f\u0131ndan korunmas\u0131n\u0131 sa\u011flad\u0131\u011f\u0131 i\u00e7in \u00f6nemlidir. Etkili \u015fekilde \u00e7al\u0131\u015fmak isteyen herhangi bir kurulu\u015f, bir veri koruma plan\u0131 uygulayarak bilgilerinin g\u00fcvenli\u011fini sa\u011flamal\u0131d\u0131r. Depolanan ve olu\u015fturulan veri miktar\u0131 artt\u0131k\u00e7a, veri koruman\u0131n \u00f6nemi de artmaktad\u0131r. Kurulu\u015flar\u0131n verilerini[&hellip;]<\/p>","protected":false},"author":1,"featured_media":0,"parent":298,"menu_order":0,"comment_status":"closed","ping_status":"closed","template":"","meta":{"_acf_changed":false,"footnotes":""},"class_list":["post-410","page","type-page","status-publish","hentry"],"acf":[],"yoast_head":"<!-- This site is optimized with the Yoast SEO plugin v25.9 - https:\/\/yoast.com\/wordpress\/plugins\/seo\/ -->\n<title>ISO 27701 Ki\u015fisel Verilerin Y\u00f6netim Sistemi - Anka Dan\u0131\u015fmanl\u0131k<\/title>\n<meta name=\"robots\" content=\"index, follow, max-snippet:-1, max-image-preview:large, max-video-preview:-1\" \/>\n<link rel=\"canonical\" href=\"https:\/\/ankadanismanlikltd.com\/en\/sistem-belgelendirme\/iso-27701-kisisel-verilerin-yonetim-sistemi\/\" \/>\n<meta property=\"og:locale\" content=\"en_US\" \/>\n<meta property=\"og:type\" content=\"article\" \/>\n<meta property=\"og:title\" content=\"ISO 27701 Ki\u015fisel Verilerin Y\u00f6netim Sistemi - Anka Dan\u0131\u015fmanl\u0131k\" \/>\n<meta property=\"og:description\" content=\"G\u00fcn\u00fcm\u00fczde veri; hem kurulu\u015flar hem ki\u015filer i\u00e7in olduk\u00e7a b\u00fcy\u00fck \u00f6neme sahiptir. \u00d6zellikle ki\u015fisel olarak nitelendirilen verilerin gizlili\u011fi ise temel bir insan hakk\u0131 olarak ele al\u0131n\u0131r. Verilerin korunmas\u0131, bir kurulu\u015fun bilgilerinin doland\u0131r\u0131c\u0131l\u0131k, bilgisayar korsanl\u0131\u011f\u0131, kimlik av\u0131 ve kimlik h\u0131rs\u0131zl\u0131\u011f\u0131ndan korunmas\u0131n\u0131 sa\u011flad\u0131\u011f\u0131 i\u00e7in \u00f6nemlidir. Etkili \u015fekilde \u00e7al\u0131\u015fmak isteyen herhangi bir kurulu\u015f, bir veri koruma plan\u0131 uygulayarak bilgilerinin g\u00fcvenli\u011fini sa\u011flamal\u0131d\u0131r. Depolanan ve olu\u015fturulan veri miktar\u0131 artt\u0131k\u00e7a, veri koruman\u0131n \u00f6nemi de artmaktad\u0131r. Kurulu\u015flar\u0131n verilerini[&hellip;]\" \/>\n<meta property=\"og:url\" content=\"https:\/\/ankadanismanlikltd.com\/en\/sistem-belgelendirme\/iso-27701-kisisel-verilerin-yonetim-sistemi\/\" \/>\n<meta property=\"og:site_name\" content=\"Anka Dan\u0131\u015fmanl\u0131k\" \/>\n<meta property=\"article:publisher\" content=\"https:\/\/www.facebook.com\/ankadanismanlik\" \/>\n<meta property=\"article:modified_time\" content=\"2024-09-22T11:37:36+00:00\" \/>\n<meta name=\"twitter:card\" content=\"summary_large_image\" \/>\n<meta name=\"twitter:site\" content=\"@ankaconsultancy\" \/>\n<meta name=\"twitter:label1\" content=\"Est. reading time\" \/>\n\t<meta name=\"twitter:data1\" content=\"2 minutes\" \/>\n<script type=\"application\/ld+json\" class=\"yoast-schema-graph\">{\"@context\":\"https:\/\/schema.org\",\"@graph\":[{\"@type\":\"WebPage\",\"@id\":\"https:\/\/ankadanismanlikltd.com\/en\/sistem-belgelendirme\/iso-27701-kisisel-verilerin-yonetim-sistemi\/\",\"url\":\"https:\/\/ankadanismanlikltd.com\/en\/sistem-belgelendirme\/iso-27701-kisisel-verilerin-yonetim-sistemi\/\",\"name\":\"ISO 27701 Ki\u015fisel Verilerin Y\u00f6netim Sistemi - Anka Dan\u0131\u015fmanl\u0131k\",\"isPartOf\":{\"@id\":\"http:\/\/ankadanismanlikltd.com\/en\/#website\"},\"datePublished\":\"2024-09-22T11:31:29+00:00\",\"dateModified\":\"2024-09-22T11:37:36+00:00\",\"breadcrumb\":{\"@id\":\"https:\/\/ankadanismanlikltd.com\/en\/sistem-belgelendirme\/iso-27701-kisisel-verilerin-yonetim-sistemi\/#breadcrumb\"},\"inLanguage\":\"en-US\",\"potentialAction\":[{\"@type\":\"ReadAction\",\"target\":[\"https:\/\/ankadanismanlikltd.com\/en\/sistem-belgelendirme\/iso-27701-kisisel-verilerin-yonetim-sistemi\/\"]}]},{\"@type\":\"BreadcrumbList\",\"@id\":\"https:\/\/ankadanismanlikltd.com\/en\/sistem-belgelendirme\/iso-27701-kisisel-verilerin-yonetim-sistemi\/#breadcrumb\",\"itemListElement\":[{\"@type\":\"ListItem\",\"position\":1,\"name\":\"Anasayfa\",\"item\":\"http:\/\/ankadanismanlikltd.com\/en\/\"},{\"@type\":\"ListItem\",\"position\":2,\"name\":\"Sistem Belgelendirme\",\"item\":\"https:\/\/ankadanismanlikltd.com\/en\/sistem-belgelendirme\/\"},{\"@type\":\"ListItem\",\"position\":3,\"name\":\"ISO 27701 Ki\u015fisel Verilerin Y\u00f6netim Sistemi\"}]},{\"@type\":\"WebSite\",\"@id\":\"http:\/\/ankadanismanlikltd.com\/en\/#website\",\"url\":\"http:\/\/ankadanismanlikltd.com\/en\/\",\"name\":\"Anka Dan\u0131\u015fmanl\u0131k\",\"description\":\"\",\"publisher\":{\"@id\":\"http:\/\/ankadanismanlikltd.com\/en\/#organization\"},\"potentialAction\":[{\"@type\":\"SearchAction\",\"target\":{\"@type\":\"EntryPoint\",\"urlTemplate\":\"http:\/\/ankadanismanlikltd.com\/en\/?s={search_term_string}\"},\"query-input\":{\"@type\":\"PropertyValueSpecification\",\"valueRequired\":true,\"valueName\":\"search_term_string\"}}],\"inLanguage\":\"en-US\"},{\"@type\":\"Organization\",\"@id\":\"http:\/\/ankadanismanlikltd.com\/en\/#organization\",\"name\":\"ANKA Dan\u0131\u015fmanl\u0131k\",\"url\":\"http:\/\/ankadanismanlikltd.com\/en\/\",\"logo\":{\"@type\":\"ImageObject\",\"inLanguage\":\"en-US\",\"@id\":\"http:\/\/ankadanismanlikltd.com\/en\/#\/schema\/logo\/image\/\",\"url\":\"https:\/\/ankadanismanlikltd.com\/wp-content\/uploads\/2025\/03\/yeni-logo.jpg\",\"contentUrl\":\"https:\/\/ankadanismanlikltd.com\/wp-content\/uploads\/2025\/03\/yeni-logo.jpg\",\"width\":623,\"height\":630,\"caption\":\"ANKA Dan\u0131\u015fmanl\u0131k\"},\"image\":{\"@id\":\"http:\/\/ankadanismanlikltd.com\/en\/#\/schema\/logo\/image\/\"},\"sameAs\":[\"https:\/\/www.facebook.com\/ankadanismanlik\",\"https:\/\/x.com\/ankaconsultancy\",\"https:\/\/www.linkedin.com\/company\/ankadanismanlik\",\"https:\/\/www.youtube.com\/@ANKADanmanlk.official\",\"https:\/\/www.instagram.com\/ankadanismanlik.tr?igsh=MXZ6OXMyd3k2MW5zbA&utm_source=qr\"]}]}<\/script>\n<!-- \/ Yoast SEO plugin. -->","yoast_head_json":{"title":"ISO 27701 Ki\u015fisel Verilerin Y\u00f6netim Sistemi - Anka Dan\u0131\u015fmanl\u0131k","robots":{"index":"index","follow":"follow","max-snippet":"max-snippet:-1","max-image-preview":"max-image-preview:large","max-video-preview":"max-video-preview:-1"},"canonical":"https:\/\/ankadanismanlikltd.com\/en\/sistem-belgelendirme\/iso-27701-kisisel-verilerin-yonetim-sistemi\/","og_locale":"en_US","og_type":"article","og_title":"ISO 27701 Ki\u015fisel Verilerin Y\u00f6netim Sistemi - Anka Dan\u0131\u015fmanl\u0131k","og_description":"G\u00fcn\u00fcm\u00fczde veri; hem kurulu\u015flar hem ki\u015filer i\u00e7in olduk\u00e7a b\u00fcy\u00fck \u00f6neme sahiptir. \u00d6zellikle ki\u015fisel olarak nitelendirilen verilerin gizlili\u011fi ise temel bir insan hakk\u0131 olarak ele al\u0131n\u0131r. Verilerin korunmas\u0131, bir kurulu\u015fun bilgilerinin doland\u0131r\u0131c\u0131l\u0131k, bilgisayar korsanl\u0131\u011f\u0131, kimlik av\u0131 ve kimlik h\u0131rs\u0131zl\u0131\u011f\u0131ndan korunmas\u0131n\u0131 sa\u011flad\u0131\u011f\u0131 i\u00e7in \u00f6nemlidir. Etkili \u015fekilde \u00e7al\u0131\u015fmak isteyen herhangi bir kurulu\u015f, bir veri koruma plan\u0131 uygulayarak bilgilerinin g\u00fcvenli\u011fini sa\u011flamal\u0131d\u0131r. Depolanan ve olu\u015fturulan veri miktar\u0131 artt\u0131k\u00e7a, veri koruman\u0131n \u00f6nemi de artmaktad\u0131r. Kurulu\u015flar\u0131n verilerini[&hellip;]","og_url":"https:\/\/ankadanismanlikltd.com\/en\/sistem-belgelendirme\/iso-27701-kisisel-verilerin-yonetim-sistemi\/","og_site_name":"Anka Dan\u0131\u015fmanl\u0131k","article_publisher":"https:\/\/www.facebook.com\/ankadanismanlik","article_modified_time":"2024-09-22T11:37:36+00:00","twitter_card":"summary_large_image","twitter_site":"@ankaconsultancy","twitter_misc":{"Est. reading time":"2 minutes"},"schema":{"@context":"https:\/\/schema.org","@graph":[{"@type":"WebPage","@id":"https:\/\/ankadanismanlikltd.com\/en\/sistem-belgelendirme\/iso-27701-kisisel-verilerin-yonetim-sistemi\/","url":"https:\/\/ankadanismanlikltd.com\/en\/sistem-belgelendirme\/iso-27701-kisisel-verilerin-yonetim-sistemi\/","name":"ISO 27701 Ki\u015fisel Verilerin Y\u00f6netim Sistemi - Anka Dan\u0131\u015fmanl\u0131k","isPartOf":{"@id":"http:\/\/ankadanismanlikltd.com\/en\/#website"},"datePublished":"2024-09-22T11:31:29+00:00","dateModified":"2024-09-22T11:37:36+00:00","breadcrumb":{"@id":"https:\/\/ankadanismanlikltd.com\/en\/sistem-belgelendirme\/iso-27701-kisisel-verilerin-yonetim-sistemi\/#breadcrumb"},"inLanguage":"en-US","potentialAction":[{"@type":"ReadAction","target":["https:\/\/ankadanismanlikltd.com\/en\/sistem-belgelendirme\/iso-27701-kisisel-verilerin-yonetim-sistemi\/"]}]},{"@type":"BreadcrumbList","@id":"https:\/\/ankadanismanlikltd.com\/en\/sistem-belgelendirme\/iso-27701-kisisel-verilerin-yonetim-sistemi\/#breadcrumb","itemListElement":[{"@type":"ListItem","position":1,"name":"Anasayfa","item":"http:\/\/ankadanismanlikltd.com\/en\/"},{"@type":"ListItem","position":2,"name":"Sistem Belgelendirme","item":"https:\/\/ankadanismanlikltd.com\/en\/sistem-belgelendirme\/"},{"@type":"ListItem","position":3,"name":"ISO 27701 Ki\u015fisel Verilerin Y\u00f6netim Sistemi"}]},{"@type":"WebSite","@id":"http:\/\/ankadanismanlikltd.com\/en\/#website","url":"http:\/\/ankadanismanlikltd.com\/en\/","name":"Anka Dan\u0131\u015fmanl\u0131k","description":"","publisher":{"@id":"http:\/\/ankadanismanlikltd.com\/en\/#organization"},"potentialAction":[{"@type":"SearchAction","target":{"@type":"EntryPoint","urlTemplate":"http:\/\/ankadanismanlikltd.com\/en\/?s={search_term_string}"},"query-input":{"@type":"PropertyValueSpecification","valueRequired":true,"valueName":"search_term_string"}}],"inLanguage":"en-US"},{"@type":"Organization","@id":"http:\/\/ankadanismanlikltd.com\/en\/#organization","name":"ANKA Dan\u0131\u015fmanl\u0131k","url":"http:\/\/ankadanismanlikltd.com\/en\/","logo":{"@type":"ImageObject","inLanguage":"en-US","@id":"http:\/\/ankadanismanlikltd.com\/en\/#\/schema\/logo\/image\/","url":"https:\/\/ankadanismanlikltd.com\/wp-content\/uploads\/2025\/03\/yeni-logo.jpg","contentUrl":"https:\/\/ankadanismanlikltd.com\/wp-content\/uploads\/2025\/03\/yeni-logo.jpg","width":623,"height":630,"caption":"ANKA Dan\u0131\u015fmanl\u0131k"},"image":{"@id":"http:\/\/ankadanismanlikltd.com\/en\/#\/schema\/logo\/image\/"},"sameAs":["https:\/\/www.facebook.com\/ankadanismanlik","https:\/\/x.com\/ankaconsultancy","https:\/\/www.linkedin.com\/company\/ankadanismanlik","https:\/\/www.youtube.com\/@ANKADanmanlk.official","https:\/\/www.instagram.com\/ankadanismanlik.tr?igsh=MXZ6OXMyd3k2MW5zbA&utm_source=qr"]}]}},"_links":{"self":[{"href":"https:\/\/ankadanismanlikltd.com\/en\/wp-json\/wp\/v2\/pages\/410","targetHints":{"allow":["GET"]}}],"collection":[{"href":"https:\/\/ankadanismanlikltd.com\/en\/wp-json\/wp\/v2\/pages"}],"about":[{"href":"https:\/\/ankadanismanlikltd.com\/en\/wp-json\/wp\/v2\/types\/page"}],"author":[{"embeddable":true,"href":"https:\/\/ankadanismanlikltd.com\/en\/wp-json\/wp\/v2\/users\/1"}],"replies":[{"embeddable":true,"href":"https:\/\/ankadanismanlikltd.com\/en\/wp-json\/wp\/v2\/comments?post=410"}],"version-history":[{"count":2,"href":"https:\/\/ankadanismanlikltd.com\/en\/wp-json\/wp\/v2\/pages\/410\/revisions"}],"predecessor-version":[{"id":439,"href":"https:\/\/ankadanismanlikltd.com\/en\/wp-json\/wp\/v2\/pages\/410\/revisions\/439"}],"up":[{"embeddable":true,"href":"https:\/\/ankadanismanlikltd.com\/en\/wp-json\/wp\/v2\/pages\/298"}],"wp:attachment":[{"href":"https:\/\/ankadanismanlikltd.com\/en\/wp-json\/wp\/v2\/media?parent=410"}],"curies":[{"name":"wp","href":"https:\/\/api.w.org\/{rel}","templated":true}]}}