{"id":411,"date":"2024-09-22T11:31:22","date_gmt":"2024-09-22T11:31:22","guid":{"rendered":"https:\/\/ankadanismanlikltd.com\/?page_id=411"},"modified":"2024-09-22T11:37:16","modified_gmt":"2024-09-22T11:37:16","slug":"iso-27001-bilgi-guvenligi-yonetim-sistemi","status":"publish","type":"page","link":"https:\/\/ankadanismanlikltd.com\/en\/sistem-belgelendirme\/iso-27001-bilgi-guvenligi-yonetim-sistemi\/","title":{"rendered":"ISO 27001 Information Security Management System"},"content":{"rendered":"<p>Bilgi bir kurumun i\u015f s\u00fcreklili\u011fini sa\u011flamas\u0131nda en \u00f6nemli de\u011ferlerinden birisidir. Bir\u00e7ok varl\u0131\u011f\u0131n kaybedilmesi durumunda telafisi m\u00fcmk\u00fcn iken kaybedilen bilginin parasal bir kar\u015f\u0131l\u0131\u011f\u0131 yoktur. Bu sebeple de\u011fi\u015fen ve geli\u015fen g\u00fcn\u00fcm\u00fcz ko\u015fullar\u0131nda bilginin \u00f6nemi ve korunmas\u0131 gereklili\u011fi de giderek artmaktad\u0131r. Bilgi; yaz\u0131 ile elektronik ortamlarda, s\u00f6zle, \u00e7al\u0131\u015fanlar\u0131n haf\u0131zalar\u0131nda ve daha bir\u00e7ok bi\u00e7imde kullan\u0131labilir ve saklanabilir. Teknolojik geli\u015fmeler sebebi ile de bu kullan\u0131m bi\u00e7imlerinin bir\u00e7o\u011fu zamanla kullan\u0131lmayabilir ya da de\u011fi\u015febilir. \u0130\u015fte bu de\u011fi\u015fim ve geli\u015fimden dolay\u0131 s\u00fcrekli olarak bilginin g\u00fcvenli\u011finin sorgulanmas\u0131 ve kontrol edilmesi gerekmektedir. Bilgi g\u00fcvenli\u011fi, bilginin gizlili\u011finin, b\u00fct\u00fcnl\u00fc\u011f\u00fcn\u00fcn, kullan\u0131labilirli\u011finin korunmas\u0131d\u0131r.<\/p>\n<p>ISO 27001 Bilgi G\u00fcvenli\u011fi Y\u00f6netim Sistemi, kurumsal bilgi g\u00fcvenli\u011finin sa\u011flanmas\u0131nda insanlar\u0131, s\u00fcre\u00e7leri ve bilgi sistemlerini i\u00e7ine alan ve \u00fcst y\u00f6netim taraf\u0131ndan desteklenen bir y\u00f6netim sistemidir. Bilgi varl\u0131klar\u0131n\u0131 korumak ve ilgili taraflara g\u00fcven veren, yeterli ve orant\u0131l\u0131 g\u00fcvenlik kontrollerini sa\u011flamak i\u00e7in tasarlanm\u0131\u015ft\u0131r. ISO 27001 Bilgi G\u00fcvenli\u011fi Y\u00f6netim Sistemi, kurumsal yap\u0131y\u0131, politikalar\u0131, planlama faaliyetlerini, sorumluluklar\u0131, uygulamalar\u0131, prosed\u00fcrleri, prosesleri ve kaynaklar\u0131 i\u00e7erir.<\/p>\n<p>Bir kurulu\u015fun sadece teknik \u00f6nlemlerle bilgi g\u00fcvenli\u011fini ve i\u015f s\u00fcreklili\u011fini korumas\u0131n\u0131n m\u00fcmk\u00fcn olmad\u0131\u011f\u0131, bunun yan\u0131 s\u0131ra BGYS gibi bir tak\u0131m \u00f6nlem ve denetimlerin sa\u011flanmas\u0131 gerekti\u011fi konusu t\u00fcm d\u00fcnyada kabul edilmi\u015f bir yakla\u015f\u0131md\u0131r. BGYS \u00e7er\u00e7evesinde olu\u015fturulacak g\u00fcvenlik politikalar\u0131na \u00fcst y\u00f6netim ve t\u00fcm \u00e7al\u0131\u015fanlar\u0131n destek vermesi ve bu \u015fekilde uygulamas\u0131 gerekmektedir. Ayr\u0131ca i\u015fbirli\u011finde bulunulan t\u00fcm ki\u015fi ve kurulu\u015flar\u0131n da bu politikalara uygun davranmas\u0131 g\u00fcvenli\u011fi art\u0131r\u0131c\u0131 bir fakt\u00f6rd\u00fcr.<\/p>\n<p><strong>Sonu\u00e7 olarak;<\/strong><\/p>\n<ul class=\"ulList\">\n<li>Do\u011fru, g\u00fcvenilir ve ge\u00e7erli bilgiler sa\u011flar.<\/li>\n<li>Fazladan i\u015f y\u00fck\u00fc ve gereksiz zaman kayb\u0131n\u0131n \u00f6n\u00fcne ge\u00e7er.<\/li>\n<li>Riskleri minimize eder.<\/li>\n<li>\u0130\u015f s\u00fcreklili\u011fi sa\u011flar.<\/li>\n<li>Bilgi varl\u0131klar\u0131n\u0131n gizlili\u011finin korunmas\u0131n\u0131 sa\u011flar.<\/li>\n<li>Kurulu\u015f genelinde, bilgi sistemleri ve zay\u0131fl\u0131klar\u0131n nas\u0131l korunaca\u011f\u0131 konusundaki fark\u0131ndal\u0131\u011f\u0131 art\u0131r\u0131r.<\/li>\n<li>Bilginin ve metotlar\u0131n\u0131n do\u011frulu\u011funun ve b\u00fct\u00fcnl\u00fc\u011f\u00fcn\u00fcn korunmas\u0131, i\u00e7eri\u011finin de\u011fi\u015fmemesi sa\u011flan\u0131r.<\/li>\n<li>Yasal taraflar\u0131n zorunlu k\u0131ld\u0131\u011f\u0131 kriterler sa\u011flanm\u0131\u015f olur.<\/li>\n<li>Bilgi varl\u0131klar\u0131na eri\u015fim korunur.<\/li>\n<li>Kurumsal sayg\u0131nl\u0131k korunur.<\/li>\n<li>Rekabet avantaj\u0131 sa\u011flar.<\/li>\n<\/ul>\n<p><strong>ISO 27001 Standard\u0131&#8217;n\u0131 Kimleri Kullanabilir\/Uygulayabilir?<\/strong><br \/>\nISO 27001, d\u00fcnyan\u0131n hangi \u00fclkesinden veya hangi sekt\u00f6rden olursa olsun b\u00fcy\u00fck k\u00fc\u00e7\u00fck t\u00fcm kurulu\u015flara uygundur. Bu standart, finans, sa\u011fl\u0131k, kamu ve bilgi teknolojileri sekt\u00f6rleri gibi b\u00fcy\u00fck \u00f6neme sahip oldu\u011fu alanlarda \u00f6zellikle gereklidir. ISO 27001, bilgi teknolojileri ta\u015feron \u015firketleri gibi bilgiyi ba\u015fkalar\u0131 ad\u0131na y\u00f6neten kurulu\u015flar i\u00e7in de olduk\u00e7a \u00f6nemlidir. M\u00fc\u015fterilere bilgilerinin koruma alt\u0131nda oldu\u011fu g\u00fcvencesini vermek i\u00e7in kullan\u0131labilir. ISO 27001 alma zorunlulu\u011fu olan sekt\u00f6rler \u015funlard\u0131r:<\/p>\n<ul class=\"ulList\">\n<li>G\u00f6rev s\u00f6zle\u015fmesi imzalayan firmalar<\/li>\n<li>\u0130mtiyaz s\u00f6zle\u015fmesi imzalayan firmalar<\/li>\n<li>Uydu haberle\u015fme hizmeti veren firmalar<\/li>\n<li>Altyap\u0131 i\u015fletmecili\u011fi hizmeti veren firmalar<\/li>\n<li>Sabit telefon hizmeti veren firmalar<\/li>\n<li>GMPCS mobil telefon hizmeti veren firmalar<\/li>\n<li>Sanal mobil \u015febeke hizmeti veren firmalar<\/li>\n<li>\u0130nternet servis sa\u011flay\u0131c\u0131lar\u0131<\/li>\n<li>Hava ta\u015f\u0131tlar\u0131nda GSM 1800 mobil telefon hizmeti veren firmalar<\/li>\n<li>E-fatura \u00f6zel entegrat\u00f6r yetkisi almak isteyen firmalar<\/li>\n<li>G\u00fcmr\u00fck i\u015fleri kolayla\u015ft\u0131rma yetkisi almak isteyen ihracat\u00e7\u0131 firmalar<\/li>\n<li>Elektronik haberle\u015fme \u015febekesi sa\u011flayan ve alt yap\u0131s\u0131n\u0131 i\u015fleten firmalar<\/li>\n<li>Bili\u015fim sekt\u00f6r\u00fcnde faaliyet g\u00f6steren ve kamu ihalelerine giren yaz\u0131l\u0131m, donan\u0131m ve entegrat\u00f6r firmalar<\/li>\n<\/ul>","protected":false},"excerpt":{"rendered":"<p>Bilgi bir kurumun i\u015f s\u00fcreklili\u011fini sa\u011flamas\u0131nda en \u00f6nemli de\u011ferlerinden birisidir. Bir\u00e7ok varl\u0131\u011f\u0131n kaybedilmesi durumunda telafisi m\u00fcmk\u00fcn iken kaybedilen bilginin parasal bir kar\u015f\u0131l\u0131\u011f\u0131 yoktur. Bu sebeple de\u011fi\u015fen ve geli\u015fen g\u00fcn\u00fcm\u00fcz ko\u015fullar\u0131nda bilginin \u00f6nemi ve korunmas\u0131 gereklili\u011fi de giderek artmaktad\u0131r. Bilgi; yaz\u0131 ile elektronik ortamlarda, s\u00f6zle, \u00e7al\u0131\u015fanlar\u0131n haf\u0131zalar\u0131nda ve daha bir\u00e7ok bi\u00e7imde kullan\u0131labilir ve saklanabilir. Teknolojik geli\u015fmeler sebebi ile de bu kullan\u0131m bi\u00e7imlerinin bir\u00e7o\u011fu zamanla kullan\u0131lmayabilir ya da de\u011fi\u015febilir. \u0130\u015fte bu de\u011fi\u015fim[&hellip;]<\/p>","protected":false},"author":1,"featured_media":0,"parent":298,"menu_order":0,"comment_status":"closed","ping_status":"closed","template":"","meta":{"_acf_changed":false,"footnotes":""},"class_list":["post-411","page","type-page","status-publish","hentry"],"acf":[],"yoast_head":"<!-- This site is optimized with the Yoast SEO plugin v25.9 - https:\/\/yoast.com\/wordpress\/plugins\/seo\/ -->\n<title>ISO 27001 Bilgi G\u00fcvenli\u011fi Y\u00f6netim Sistemi - Anka Dan\u0131\u015fmanl\u0131k<\/title>\n<meta name=\"robots\" content=\"index, follow, max-snippet:-1, max-image-preview:large, max-video-preview:-1\" \/>\n<link rel=\"canonical\" href=\"https:\/\/ankadanismanlikltd.com\/en\/sistem-belgelendirme\/iso-27001-bilgi-guvenligi-yonetim-sistemi\/\" \/>\n<meta property=\"og:locale\" content=\"en_US\" \/>\n<meta property=\"og:type\" content=\"article\" \/>\n<meta property=\"og:title\" content=\"ISO 27001 Bilgi G\u00fcvenli\u011fi Y\u00f6netim Sistemi - Anka Dan\u0131\u015fmanl\u0131k\" \/>\n<meta property=\"og:description\" content=\"Bilgi bir kurumun i\u015f s\u00fcreklili\u011fini sa\u011flamas\u0131nda en \u00f6nemli de\u011ferlerinden birisidir. Bir\u00e7ok varl\u0131\u011f\u0131n kaybedilmesi durumunda telafisi m\u00fcmk\u00fcn iken kaybedilen bilginin parasal bir kar\u015f\u0131l\u0131\u011f\u0131 yoktur. Bu sebeple de\u011fi\u015fen ve geli\u015fen g\u00fcn\u00fcm\u00fcz ko\u015fullar\u0131nda bilginin \u00f6nemi ve korunmas\u0131 gereklili\u011fi de giderek artmaktad\u0131r. Bilgi; yaz\u0131 ile elektronik ortamlarda, s\u00f6zle, \u00e7al\u0131\u015fanlar\u0131n haf\u0131zalar\u0131nda ve daha bir\u00e7ok bi\u00e7imde kullan\u0131labilir ve saklanabilir. Teknolojik geli\u015fmeler sebebi ile de bu kullan\u0131m bi\u00e7imlerinin bir\u00e7o\u011fu zamanla kullan\u0131lmayabilir ya da de\u011fi\u015febilir. \u0130\u015fte bu de\u011fi\u015fim[&hellip;]\" \/>\n<meta property=\"og:url\" content=\"https:\/\/ankadanismanlikltd.com\/en\/sistem-belgelendirme\/iso-27001-bilgi-guvenligi-yonetim-sistemi\/\" \/>\n<meta property=\"og:site_name\" content=\"Anka Dan\u0131\u015fmanl\u0131k\" \/>\n<meta property=\"article:publisher\" content=\"https:\/\/www.facebook.com\/ankadanismanlik\" \/>\n<meta property=\"article:modified_time\" content=\"2024-09-22T11:37:16+00:00\" \/>\n<meta name=\"twitter:card\" content=\"summary_large_image\" \/>\n<meta name=\"twitter:site\" content=\"@ankaconsultancy\" \/>\n<meta name=\"twitter:label1\" content=\"Est. reading time\" \/>\n\t<meta name=\"twitter:data1\" content=\"3 minutes\" \/>\n<script type=\"application\/ld+json\" class=\"yoast-schema-graph\">{\"@context\":\"https:\/\/schema.org\",\"@graph\":[{\"@type\":\"WebPage\",\"@id\":\"https:\/\/ankadanismanlikltd.com\/en\/sistem-belgelendirme\/iso-27001-bilgi-guvenligi-yonetim-sistemi\/\",\"url\":\"https:\/\/ankadanismanlikltd.com\/en\/sistem-belgelendirme\/iso-27001-bilgi-guvenligi-yonetim-sistemi\/\",\"name\":\"ISO 27001 Bilgi G\u00fcvenli\u011fi Y\u00f6netim Sistemi - Anka Dan\u0131\u015fmanl\u0131k\",\"isPartOf\":{\"@id\":\"http:\/\/ankadanismanlikltd.com\/en\/#website\"},\"datePublished\":\"2024-09-22T11:31:22+00:00\",\"dateModified\":\"2024-09-22T11:37:16+00:00\",\"breadcrumb\":{\"@id\":\"https:\/\/ankadanismanlikltd.com\/en\/sistem-belgelendirme\/iso-27001-bilgi-guvenligi-yonetim-sistemi\/#breadcrumb\"},\"inLanguage\":\"en-US\",\"potentialAction\":[{\"@type\":\"ReadAction\",\"target\":[\"https:\/\/ankadanismanlikltd.com\/en\/sistem-belgelendirme\/iso-27001-bilgi-guvenligi-yonetim-sistemi\/\"]}]},{\"@type\":\"BreadcrumbList\",\"@id\":\"https:\/\/ankadanismanlikltd.com\/en\/sistem-belgelendirme\/iso-27001-bilgi-guvenligi-yonetim-sistemi\/#breadcrumb\",\"itemListElement\":[{\"@type\":\"ListItem\",\"position\":1,\"name\":\"Anasayfa\",\"item\":\"http:\/\/ankadanismanlikltd.com\/en\/\"},{\"@type\":\"ListItem\",\"position\":2,\"name\":\"Sistem Belgelendirme\",\"item\":\"https:\/\/ankadanismanlikltd.com\/en\/sistem-belgelendirme\/\"},{\"@type\":\"ListItem\",\"position\":3,\"name\":\"ISO 27001 Bilgi G\u00fcvenli\u011fi Y\u00f6netim Sistemi\"}]},{\"@type\":\"WebSite\",\"@id\":\"http:\/\/ankadanismanlikltd.com\/en\/#website\",\"url\":\"http:\/\/ankadanismanlikltd.com\/en\/\",\"name\":\"Anka Dan\u0131\u015fmanl\u0131k\",\"description\":\"\",\"publisher\":{\"@id\":\"http:\/\/ankadanismanlikltd.com\/en\/#organization\"},\"potentialAction\":[{\"@type\":\"SearchAction\",\"target\":{\"@type\":\"EntryPoint\",\"urlTemplate\":\"http:\/\/ankadanismanlikltd.com\/en\/?s={search_term_string}\"},\"query-input\":{\"@type\":\"PropertyValueSpecification\",\"valueRequired\":true,\"valueName\":\"search_term_string\"}}],\"inLanguage\":\"en-US\"},{\"@type\":\"Organization\",\"@id\":\"http:\/\/ankadanismanlikltd.com\/en\/#organization\",\"name\":\"ANKA Dan\u0131\u015fmanl\u0131k\",\"url\":\"http:\/\/ankadanismanlikltd.com\/en\/\",\"logo\":{\"@type\":\"ImageObject\",\"inLanguage\":\"en-US\",\"@id\":\"http:\/\/ankadanismanlikltd.com\/en\/#\/schema\/logo\/image\/\",\"url\":\"https:\/\/ankadanismanlikltd.com\/wp-content\/uploads\/2025\/03\/yeni-logo.jpg\",\"contentUrl\":\"https:\/\/ankadanismanlikltd.com\/wp-content\/uploads\/2025\/03\/yeni-logo.jpg\",\"width\":623,\"height\":630,\"caption\":\"ANKA Dan\u0131\u015fmanl\u0131k\"},\"image\":{\"@id\":\"http:\/\/ankadanismanlikltd.com\/en\/#\/schema\/logo\/image\/\"},\"sameAs\":[\"https:\/\/www.facebook.com\/ankadanismanlik\",\"https:\/\/x.com\/ankaconsultancy\",\"https:\/\/www.linkedin.com\/company\/ankadanismanlik\",\"https:\/\/www.youtube.com\/@ANKADanmanlk.official\",\"https:\/\/www.instagram.com\/ankadanismanlik.tr?igsh=MXZ6OXMyd3k2MW5zbA&utm_source=qr\"]}]}<\/script>\n<!-- \/ Yoast SEO plugin. -->","yoast_head_json":{"title":"ISO 27001 Bilgi G\u00fcvenli\u011fi Y\u00f6netim Sistemi - Anka Dan\u0131\u015fmanl\u0131k","robots":{"index":"index","follow":"follow","max-snippet":"max-snippet:-1","max-image-preview":"max-image-preview:large","max-video-preview":"max-video-preview:-1"},"canonical":"https:\/\/ankadanismanlikltd.com\/en\/sistem-belgelendirme\/iso-27001-bilgi-guvenligi-yonetim-sistemi\/","og_locale":"en_US","og_type":"article","og_title":"ISO 27001 Bilgi G\u00fcvenli\u011fi Y\u00f6netim Sistemi - Anka Dan\u0131\u015fmanl\u0131k","og_description":"Bilgi bir kurumun i\u015f s\u00fcreklili\u011fini sa\u011flamas\u0131nda en \u00f6nemli de\u011ferlerinden birisidir. Bir\u00e7ok varl\u0131\u011f\u0131n kaybedilmesi durumunda telafisi m\u00fcmk\u00fcn iken kaybedilen bilginin parasal bir kar\u015f\u0131l\u0131\u011f\u0131 yoktur. Bu sebeple de\u011fi\u015fen ve geli\u015fen g\u00fcn\u00fcm\u00fcz ko\u015fullar\u0131nda bilginin \u00f6nemi ve korunmas\u0131 gereklili\u011fi de giderek artmaktad\u0131r. Bilgi; yaz\u0131 ile elektronik ortamlarda, s\u00f6zle, \u00e7al\u0131\u015fanlar\u0131n haf\u0131zalar\u0131nda ve daha bir\u00e7ok bi\u00e7imde kullan\u0131labilir ve saklanabilir. Teknolojik geli\u015fmeler sebebi ile de bu kullan\u0131m bi\u00e7imlerinin bir\u00e7o\u011fu zamanla kullan\u0131lmayabilir ya da de\u011fi\u015febilir. \u0130\u015fte bu de\u011fi\u015fim[&hellip;]","og_url":"https:\/\/ankadanismanlikltd.com\/en\/sistem-belgelendirme\/iso-27001-bilgi-guvenligi-yonetim-sistemi\/","og_site_name":"Anka Dan\u0131\u015fmanl\u0131k","article_publisher":"https:\/\/www.facebook.com\/ankadanismanlik","article_modified_time":"2024-09-22T11:37:16+00:00","twitter_card":"summary_large_image","twitter_site":"@ankaconsultancy","twitter_misc":{"Est. reading time":"3 minutes"},"schema":{"@context":"https:\/\/schema.org","@graph":[{"@type":"WebPage","@id":"https:\/\/ankadanismanlikltd.com\/en\/sistem-belgelendirme\/iso-27001-bilgi-guvenligi-yonetim-sistemi\/","url":"https:\/\/ankadanismanlikltd.com\/en\/sistem-belgelendirme\/iso-27001-bilgi-guvenligi-yonetim-sistemi\/","name":"ISO 27001 Bilgi G\u00fcvenli\u011fi Y\u00f6netim Sistemi - Anka Dan\u0131\u015fmanl\u0131k","isPartOf":{"@id":"http:\/\/ankadanismanlikltd.com\/en\/#website"},"datePublished":"2024-09-22T11:31:22+00:00","dateModified":"2024-09-22T11:37:16+00:00","breadcrumb":{"@id":"https:\/\/ankadanismanlikltd.com\/en\/sistem-belgelendirme\/iso-27001-bilgi-guvenligi-yonetim-sistemi\/#breadcrumb"},"inLanguage":"en-US","potentialAction":[{"@type":"ReadAction","target":["https:\/\/ankadanismanlikltd.com\/en\/sistem-belgelendirme\/iso-27001-bilgi-guvenligi-yonetim-sistemi\/"]}]},{"@type":"BreadcrumbList","@id":"https:\/\/ankadanismanlikltd.com\/en\/sistem-belgelendirme\/iso-27001-bilgi-guvenligi-yonetim-sistemi\/#breadcrumb","itemListElement":[{"@type":"ListItem","position":1,"name":"Anasayfa","item":"http:\/\/ankadanismanlikltd.com\/en\/"},{"@type":"ListItem","position":2,"name":"Sistem Belgelendirme","item":"https:\/\/ankadanismanlikltd.com\/en\/sistem-belgelendirme\/"},{"@type":"ListItem","position":3,"name":"ISO 27001 Bilgi G\u00fcvenli\u011fi Y\u00f6netim Sistemi"}]},{"@type":"WebSite","@id":"http:\/\/ankadanismanlikltd.com\/en\/#website","url":"http:\/\/ankadanismanlikltd.com\/en\/","name":"Anka Dan\u0131\u015fmanl\u0131k","description":"","publisher":{"@id":"http:\/\/ankadanismanlikltd.com\/en\/#organization"},"potentialAction":[{"@type":"SearchAction","target":{"@type":"EntryPoint","urlTemplate":"http:\/\/ankadanismanlikltd.com\/en\/?s={search_term_string}"},"query-input":{"@type":"PropertyValueSpecification","valueRequired":true,"valueName":"search_term_string"}}],"inLanguage":"en-US"},{"@type":"Organization","@id":"http:\/\/ankadanismanlikltd.com\/en\/#organization","name":"ANKA Dan\u0131\u015fmanl\u0131k","url":"http:\/\/ankadanismanlikltd.com\/en\/","logo":{"@type":"ImageObject","inLanguage":"en-US","@id":"http:\/\/ankadanismanlikltd.com\/en\/#\/schema\/logo\/image\/","url":"https:\/\/ankadanismanlikltd.com\/wp-content\/uploads\/2025\/03\/yeni-logo.jpg","contentUrl":"https:\/\/ankadanismanlikltd.com\/wp-content\/uploads\/2025\/03\/yeni-logo.jpg","width":623,"height":630,"caption":"ANKA Dan\u0131\u015fmanl\u0131k"},"image":{"@id":"http:\/\/ankadanismanlikltd.com\/en\/#\/schema\/logo\/image\/"},"sameAs":["https:\/\/www.facebook.com\/ankadanismanlik","https:\/\/x.com\/ankaconsultancy","https:\/\/www.linkedin.com\/company\/ankadanismanlik","https:\/\/www.youtube.com\/@ANKADanmanlk.official","https:\/\/www.instagram.com\/ankadanismanlik.tr?igsh=MXZ6OXMyd3k2MW5zbA&utm_source=qr"]}]}},"_links":{"self":[{"href":"https:\/\/ankadanismanlikltd.com\/en\/wp-json\/wp\/v2\/pages\/411","targetHints":{"allow":["GET"]}}],"collection":[{"href":"https:\/\/ankadanismanlikltd.com\/en\/wp-json\/wp\/v2\/pages"}],"about":[{"href":"https:\/\/ankadanismanlikltd.com\/en\/wp-json\/wp\/v2\/types\/page"}],"author":[{"embeddable":true,"href":"https:\/\/ankadanismanlikltd.com\/en\/wp-json\/wp\/v2\/users\/1"}],"replies":[{"embeddable":true,"href":"https:\/\/ankadanismanlikltd.com\/en\/wp-json\/wp\/v2\/comments?post=411"}],"version-history":[{"count":2,"href":"https:\/\/ankadanismanlikltd.com\/en\/wp-json\/wp\/v2\/pages\/411\/revisions"}],"predecessor-version":[{"id":438,"href":"https:\/\/ankadanismanlikltd.com\/en\/wp-json\/wp\/v2\/pages\/411\/revisions\/438"}],"up":[{"embeddable":true,"href":"https:\/\/ankadanismanlikltd.com\/en\/wp-json\/wp\/v2\/pages\/298"}],"wp:attachment":[{"href":"https:\/\/ankadanismanlikltd.com\/en\/wp-json\/wp\/v2\/media?parent=411"}],"curies":[{"name":"wp","href":"https:\/\/api.w.org\/{rel}","templated":true}]}}