{"id":413,"date":"2024-09-22T11:31:09","date_gmt":"2024-09-22T11:31:09","guid":{"rendered":"https:\/\/ankadanismanlikltd.com\/?page_id=413"},"modified":"2024-09-22T11:35:20","modified_gmt":"2024-09-22T11:35:20","slug":"iso-14001-cevre-yonetim-sistemi","status":"publish","type":"page","link":"https:\/\/ankadanismanlikltd.com\/en\/sistem-belgelendirme\/iso-14001-cevre-yonetim-sistemi\/","title":{"rendered":"ISO 14001 Environmental Management System"},"content":{"rendered":"<p>Bir kurulu\u015fun faaliyetlerini i\u00e7inde y\u00fcr\u00fctt\u00fc\u011f\u00fc; hava, su, toprak, do\u011fal kaynaklar, bitki toplulu\u011fu (flora), hayvan toplulu\u011fu (fauna) ile insanlar\u0131 da ihtiva eden ortam ve bunun aras\u0131ndaki ili\u015fkiye &#8220;\u00e7evre&#8221; denilmektedir. \u0130nsan\u0131n i\u00e7inde bulundu\u011fu ve birlikte ya\u015fad\u0131\u011f\u0131 bu \u00e7evrenin, geli\u015fen teknoloji ve sanayi sonucunda giderek yok oldu\u011fu g\u00f6z ard\u0131 edilemez bir ger\u00e7ektir. Artan d\u00fcnya n\u00fcfusu, teknolojinin ba\u015f d\u00f6nd\u00fcr\u00fcc\u00fc geli\u015fim ve ilerleme h\u0131z\u0131, ya\u015fam alanlar\u0131ndaki daralma, do\u011fal \u00e7evrenin tahribat\u0131, g\u00fcr\u00fclt\u00fc, hatal\u0131 uygulamalar, bilgi eksikli\u011fi ve eklenebilecek bir\u00e7ok nedenle \u00e7evre kirlili\u011fi, son y\u0131llarda insan ya\u015fam\u0131n\u0131 ve ya\u015fam kalitesini tehdit eden en \u00f6nemli sorunlardan birisidir.<\/p>\n<p>20 inci y\u00fczy\u0131l\u0131n ikinci yar\u0131s\u0131ndan itibaren insanl\u0131\u011f\u0131 tehdit eden problemlerden birisi haline gelen \u00e7evre sorunlar\u0131 ve kirlili\u011fi, sanayile\u015fmenin sonucunda iyice hissedilir hale gelmi\u015ftir. \u00d6nceleri sadece kirlenme olarak alg\u0131lanan ve uluslararas\u0131 boyut kazanmadan yerel \u00f6zellik ta\u015f\u0131yan \u00e7evre sorunlar\u0131, g\u00fcn ge\u00e7tik\u00e7e h\u0131zla \u00e7o\u011falm\u0131\u015f, yerellikten kurtulup t\u00fcm d\u00fcnyan\u0131n sorunu olmu\u015ftur. \u0130\u015fte bu noktada insanl\u0131\u011f\u0131n \u00e7evreye verdi\u011fi zarar\u0131 azaltmak i\u00e7in \u00e7evre standartlar\u0131, \u00e7evreye y\u00f6nelik ulusal ve uluslararas\u0131 yasal mevzuatlar uygulamaya al\u0131nm\u0131\u015ft\u0131r. Bu kapsamda \u00e7evrenin korunmas\u0131na y\u00f6nelik olarak Uluslararas\u0131 Standartlar Organizasyonu (ISO) taraf\u0131ndan yay\u0131mlanan standart serisine ISO 14000 serisi denilmektedir.<\/p>\n<p>ISO 14000 serisi standartlar\u0131, \u00f6z\u00fcnde, do\u011fal kaynak kullan\u0131m\u0131n\u0131n azalt\u0131lmas\u0131, topra\u011fa, suya, havaya verilen zararlar\u0131n minimum d\u00fczeye indirilmesini ama\u00e7layan standartlar b\u00fct\u00fcn\u00fcd\u00fcr. Bunu da \u00e7evre performans\u0131n\u0131n izlenmesi ve s\u00fcrekli iyile\u015ftirilmesi temeline dayand\u0131rmakta ve \u00e7evre fakt\u00f6rlerine ili\u015fkin olarak ilgili mevzuat ve kanunlar taraf\u0131ndan tan\u0131mlanm\u0131\u015f ko\u015fullara uymay\u0131 \u015fart ko\u015fmaktad\u0131r.<\/p>\n<p>ISO 14000 serisi i\u00e7inde belgelendirilmesi yap\u0131lan standart ISO 14001 Standard\u0131&#8217;d\u0131r. ISO 14001, \u00fcr\u00fcn\u00fcn hammaddeden ba\u015flayarak m\u00fc\u015fteriye sunulmas\u0131na kadar olan s\u00fcre\u00e7te \u00e7evresel fakt\u00f6rlerin belirlenmesi ve bu fakt\u00f6rlerin gerekli \u00f6nlemler ile kontrol alt\u0131na al\u0131narak \u00e7evreye verilen zarar\u0131n en aza indirilmesi i\u00e7in k\u0131lavuzluk yapan bir standartt\u0131r. ISO 14001, i\u015fletmelerin \u00e7evreye verdikleri veya verebilecekleri zararlar\u0131n sistematik bir \u015fekilde azalt\u0131lmas\u0131, m\u00fcmk\u00fcn oldu\u011fu durumlarda ortadan kald\u0131r\u0131lmas\u0131 i\u00e7in geli\u015ftirilen bir y\u00f6netim sistemidir.<\/p>\n<p>ISO 14001 \u00c7evre Y\u00f6netim Sistemi Standard\u0131 ve ilgili standartlar serisi, haz\u0131rlan\u0131\u015f\u0131 itibar\u0131 ile t\u00fcm \u00fclkelerde y\u00fcr\u00fcrl\u00fckte olan \u00e7evre yasalar\u0131 ve uygulamaya y\u00f6nelik y\u00f6netmelikler ile uyumlu bir yap\u0131da oldu\u011fundan, uygulamalar genel olarak mevzuat \u015fartlar\u0131n\u0131n getirdi\u011fi y\u00fck\u00fcml\u00fcl\u00fcklerin kar\u015f\u0131lanmas\u0131 ile paralellik g\u00f6sterir ve uygulamalar\u0131n bir sistem dahilinde ger\u00e7ekle\u015ftirilmesi i\u00e7in zemin olu\u015fturur. ISO 14000 standart serisi, bir\u00e7ok standart i\u00e7ermektedir. Bu standartlar i\u00e7erisinde en \u00f6nemlileri ve bilinenleri:<\/p>\n<ul class=\"ulList\">\n<li>ISO 14001 \u00c7evre Y\u00f6netim Sistemleri &#8211; \u015eartlar ve Kullan\u0131m K\u0131lavuzu<\/li>\n<li>ISO 14004 \u00c7evre Y\u00f6netim Sistemleri &#8211; Prensipler, Sistemler ve Destekleyici Tekniklere Dair Genel K\u0131lavuz<\/li>\n<li>ISO 14020 \u00c7evre Etiketleri ve Beyanlar\u0131 &#8211; Genel Prensipler<\/li>\n<li>ISO 14031 \u00c7evre Y\u00f6netimi &#8211; \u00c7evre Performans De\u011ferlendirilmesi &#8211; K\u0131lavuz<\/li>\n<li>ISO 14040 \u00c7evre Y\u00f6netimi &#8211; Hayat Boyu De\u011ferlendirme &#8211; \u0130lkeler ve \u00c7er\u00e7eve<\/li>\n<\/ul>\n<p><strong>Sonu\u00e7 olarak;<\/strong><\/p>\n<ul class=\"ulList\">\n<li>ISO 14001 Standard\u0131, \u00e7evreye verilen zarar\u0131n en aza indirilmesi i\u00e7in olu\u015fturulmu\u015f bir standartt\u0131r.<\/li>\n<li>ISO 14001 uygulamalar\u0131, genel olarak mevzuat y\u00fck\u00fcml\u00fcl\u00fcklerin kar\u015f\u0131lanmas\u0131 ile paralellik g\u00f6sterir.<\/li>\n<li>ISO 14001, bir \u00fcr\u00fcn standard\u0131 de\u011fildir, ne \u00fcretildi\u011fi ile de\u011fil nas\u0131l \u00fcretildi\u011fi ile ilgilenir.<\/li>\n<li>Sekt\u00f6r ve \u00f6l\u00e7ek g\u00f6zetmeksizin her i\u015fletmeye uygulanabilen ve g\u00f6n\u00fcll\u00fck esas\u0131na dayal\u0131 bir y\u00f6netim sistemidir.<\/li>\n<\/ul>\n<p><strong>ISO 14001 \u00c7evre Y\u00f6netim Sistemi&#8217;nin Faydalar\u0131 Nelerdir?<\/strong><\/p>\n<ul class=\"ulList\">\n<li>Ulusal ve uluslararas\u0131 yasal mevzuatlara uyum sa\u011flan\u0131r.<\/li>\n<li>\u0130zin ve yetki belgelerinin al\u0131nmas\u0131n\u0131 kolayla\u015ft\u0131r\u0131r.<\/li>\n<li>Ulusal ve uluslararas\u0131 alanda itibar kazand\u0131r\u0131r.<\/li>\n<li>\u00c7evre etkilerinden kaynaklanan maliyetler d\u00fc\u015fer.<\/li>\n<li>Do\u011fal kaynaklar\u0131n etkin kullan\u0131m\u0131 sonucunda masraflar azal\u0131r verimlilik artar.<\/li>\n<li>M\u00fc\u015fteriye, \u00e7evre y\u00f6netimi i\u00e7in bir y\u00fck\u00fcml\u00fcl\u00fck alt\u0131na girildi\u011fi g\u00fcvencesinin verilmesiyle, m\u00fc\u015fteri g\u00fcveni artar.<\/li>\n<li>Mesuliyetle sonu\u00e7lanan olaylar\u0131 azalt\u0131r dolay\u0131s\u0131yla mali sorumluluk sigortas\u0131 maliyetlerini d\u00fc\u015f\u00fcrme potansiyeli sa\u011flar.<\/li>\n<li>\u015eirket faaliyetlerinden kaynaklanan kirlilik, kaynaktan ba\u015flayarak kontrol alt\u0131na al\u0131n\u0131r ve kirlenme azalt\u0131l\u0131r.<\/li>\n<li>Potansiyel tehlike durumlar\u0131n\u0131n belirlenmesi sayesinde acil durum ve kazalara kar\u015f\u0131 haz\u0131rl\u0131kl\u0131 olundu\u011fundan kay\u0131pla sonu\u00e7lanan olaylarda azalma g\u00f6r\u00fcl\u00fcr.<\/li>\n<li>\u0130\u015fyeri kalitesinin dolay\u0131s\u0131yla i\u015f\u00e7i moralinin y\u00fckselmesi sa\u011flan\u0131r ve i\u015fletmeye ba\u011fl\u0131l\u0131k artar.<\/li>\n<li>Personele verilen e\u011fitimler sayesinde \u00e7al\u0131\u015fanlarda \u00e7evre bilincinin artmas\u0131 sa\u011flan\u0131r.<\/li>\n<li>Ye\u015fil \u00fcretim s\u00fcre\u00e7lerinin \u00f6nemli oldu\u011fu pazarlara girmeyi kolayla\u015ft\u0131r\u0131r.<\/li>\n<\/ul>\n<p><strong>ISO 14001 Standard\u0131&#8217;n\u0131 Kimler Kullanabilir\/Uygulayabilir?<\/strong><br \/>\nISO 14001 \u00c7evre Y\u00f6netim Sistemi Standard\u0131, uluslararas\u0131 ve ulusal piyasada kendine sayg\u0131n bir yer tutmak isteyen kurulu\u015flar i\u00e7in neredeyse bir \u00fcr\u00fcn ve hizmet pasaportu gibi alg\u0131lanmaya ba\u015flam\u0131\u015ft\u0131r. Standard\u0131, ba\u015fta end\u00fcstriyel kurulu\u015flar ve kamu kurulu\u015flar\u0131 olmak \u00fczere, \u00fcr\u00fcn ve hizmet sa\u011flayan t\u00fcm kurulu\u015flar ve \u00fcreticiler uygulayabilir.<\/p>","protected":false},"excerpt":{"rendered":"<p>Bir kurulu\u015fun faaliyetlerini i\u00e7inde y\u00fcr\u00fctt\u00fc\u011f\u00fc; hava, su, toprak, do\u011fal kaynaklar, bitki toplulu\u011fu (flora), hayvan toplulu\u011fu (fauna) ile insanlar\u0131 da ihtiva eden ortam ve bunun aras\u0131ndaki ili\u015fkiye &#8220;\u00e7evre&#8221; denilmektedir. \u0130nsan\u0131n i\u00e7inde bulundu\u011fu ve birlikte ya\u015fad\u0131\u011f\u0131 bu \u00e7evrenin, geli\u015fen teknoloji ve sanayi sonucunda giderek yok oldu\u011fu g\u00f6z ard\u0131 edilemez bir ger\u00e7ektir. Artan d\u00fcnya n\u00fcfusu, teknolojinin ba\u015f d\u00f6nd\u00fcr\u00fcc\u00fc geli\u015fim ve ilerleme h\u0131z\u0131, ya\u015fam alanlar\u0131ndaki daralma, do\u011fal \u00e7evrenin tahribat\u0131, g\u00fcr\u00fclt\u00fc, hatal\u0131 uygulamalar, bilgi eksikli\u011fi[&hellip;]<\/p>","protected":false},"author":1,"featured_media":0,"parent":298,"menu_order":0,"comment_status":"closed","ping_status":"closed","template":"","meta":{"_acf_changed":false,"footnotes":""},"class_list":["post-413","page","type-page","status-publish","hentry"],"acf":[],"yoast_head":"<!-- This site is optimized with the Yoast SEO plugin v25.9 - https:\/\/yoast.com\/wordpress\/plugins\/seo\/ -->\n<title>ISO 14001 \u00c7evre Y\u00f6netim Sistemi - Anka Dan\u0131\u015fmanl\u0131k<\/title>\n<meta name=\"robots\" content=\"index, follow, max-snippet:-1, max-image-preview:large, max-video-preview:-1\" \/>\n<link rel=\"canonical\" href=\"https:\/\/ankadanismanlikltd.com\/en\/sistem-belgelendirme\/iso-14001-cevre-yonetim-sistemi\/\" \/>\n<meta property=\"og:locale\" content=\"en_US\" \/>\n<meta property=\"og:type\" content=\"article\" \/>\n<meta property=\"og:title\" content=\"ISO 14001 \u00c7evre Y\u00f6netim Sistemi - Anka Dan\u0131\u015fmanl\u0131k\" \/>\n<meta property=\"og:description\" content=\"Bir kurulu\u015fun faaliyetlerini i\u00e7inde y\u00fcr\u00fctt\u00fc\u011f\u00fc; hava, su, toprak, do\u011fal kaynaklar, bitki toplulu\u011fu (flora), hayvan toplulu\u011fu (fauna) ile insanlar\u0131 da ihtiva eden ortam ve bunun aras\u0131ndaki ili\u015fkiye &#8220;\u00e7evre&#8221; denilmektedir. \u0130nsan\u0131n i\u00e7inde bulundu\u011fu ve birlikte ya\u015fad\u0131\u011f\u0131 bu \u00e7evrenin, geli\u015fen teknoloji ve sanayi sonucunda giderek yok oldu\u011fu g\u00f6z ard\u0131 edilemez bir ger\u00e7ektir. Artan d\u00fcnya n\u00fcfusu, teknolojinin ba\u015f d\u00f6nd\u00fcr\u00fcc\u00fc geli\u015fim ve ilerleme h\u0131z\u0131, ya\u015fam alanlar\u0131ndaki daralma, do\u011fal \u00e7evrenin tahribat\u0131, g\u00fcr\u00fclt\u00fc, hatal\u0131 uygulamalar, bilgi eksikli\u011fi[&hellip;]\" \/>\n<meta property=\"og:url\" content=\"https:\/\/ankadanismanlikltd.com\/en\/sistem-belgelendirme\/iso-14001-cevre-yonetim-sistemi\/\" \/>\n<meta property=\"og:site_name\" content=\"Anka Dan\u0131\u015fmanl\u0131k\" \/>\n<meta property=\"article:publisher\" content=\"https:\/\/www.facebook.com\/ankadanismanlik\" \/>\n<meta property=\"article:modified_time\" content=\"2024-09-22T11:35:20+00:00\" \/>\n<meta name=\"twitter:card\" content=\"summary_large_image\" \/>\n<meta name=\"twitter:site\" content=\"@ankaconsultancy\" \/>\n<meta name=\"twitter:label1\" content=\"Est. reading time\" \/>\n\t<meta name=\"twitter:data1\" content=\"4 minutes\" \/>\n<script type=\"application\/ld+json\" class=\"yoast-schema-graph\">{\"@context\":\"https:\/\/schema.org\",\"@graph\":[{\"@type\":\"WebPage\",\"@id\":\"https:\/\/ankadanismanlikltd.com\/en\/sistem-belgelendirme\/iso-14001-cevre-yonetim-sistemi\/\",\"url\":\"https:\/\/ankadanismanlikltd.com\/en\/sistem-belgelendirme\/iso-14001-cevre-yonetim-sistemi\/\",\"name\":\"ISO 14001 \u00c7evre Y\u00f6netim Sistemi - Anka Dan\u0131\u015fmanl\u0131k\",\"isPartOf\":{\"@id\":\"http:\/\/ankadanismanlikltd.com\/en\/#website\"},\"datePublished\":\"2024-09-22T11:31:09+00:00\",\"dateModified\":\"2024-09-22T11:35:20+00:00\",\"breadcrumb\":{\"@id\":\"https:\/\/ankadanismanlikltd.com\/en\/sistem-belgelendirme\/iso-14001-cevre-yonetim-sistemi\/#breadcrumb\"},\"inLanguage\":\"en-US\",\"potentialAction\":[{\"@type\":\"ReadAction\",\"target\":[\"https:\/\/ankadanismanlikltd.com\/en\/sistem-belgelendirme\/iso-14001-cevre-yonetim-sistemi\/\"]}]},{\"@type\":\"BreadcrumbList\",\"@id\":\"https:\/\/ankadanismanlikltd.com\/en\/sistem-belgelendirme\/iso-14001-cevre-yonetim-sistemi\/#breadcrumb\",\"itemListElement\":[{\"@type\":\"ListItem\",\"position\":1,\"name\":\"Anasayfa\",\"item\":\"http:\/\/ankadanismanlikltd.com\/en\/\"},{\"@type\":\"ListItem\",\"position\":2,\"name\":\"Sistem Belgelendirme\",\"item\":\"https:\/\/ankadanismanlikltd.com\/en\/sistem-belgelendirme\/\"},{\"@type\":\"ListItem\",\"position\":3,\"name\":\"ISO 14001 \u00c7evre Y\u00f6netim Sistemi\"}]},{\"@type\":\"WebSite\",\"@id\":\"http:\/\/ankadanismanlikltd.com\/en\/#website\",\"url\":\"http:\/\/ankadanismanlikltd.com\/en\/\",\"name\":\"Anka Dan\u0131\u015fmanl\u0131k\",\"description\":\"\",\"publisher\":{\"@id\":\"http:\/\/ankadanismanlikltd.com\/en\/#organization\"},\"potentialAction\":[{\"@type\":\"SearchAction\",\"target\":{\"@type\":\"EntryPoint\",\"urlTemplate\":\"http:\/\/ankadanismanlikltd.com\/en\/?s={search_term_string}\"},\"query-input\":{\"@type\":\"PropertyValueSpecification\",\"valueRequired\":true,\"valueName\":\"search_term_string\"}}],\"inLanguage\":\"en-US\"},{\"@type\":\"Organization\",\"@id\":\"http:\/\/ankadanismanlikltd.com\/en\/#organization\",\"name\":\"ANKA Dan\u0131\u015fmanl\u0131k\",\"url\":\"http:\/\/ankadanismanlikltd.com\/en\/\",\"logo\":{\"@type\":\"ImageObject\",\"inLanguage\":\"en-US\",\"@id\":\"http:\/\/ankadanismanlikltd.com\/en\/#\/schema\/logo\/image\/\",\"url\":\"https:\/\/ankadanismanlikltd.com\/wp-content\/uploads\/2025\/03\/yeni-logo.jpg\",\"contentUrl\":\"https:\/\/ankadanismanlikltd.com\/wp-content\/uploads\/2025\/03\/yeni-logo.jpg\",\"width\":623,\"height\":630,\"caption\":\"ANKA Dan\u0131\u015fmanl\u0131k\"},\"image\":{\"@id\":\"http:\/\/ankadanismanlikltd.com\/en\/#\/schema\/logo\/image\/\"},\"sameAs\":[\"https:\/\/www.facebook.com\/ankadanismanlik\",\"https:\/\/x.com\/ankaconsultancy\",\"https:\/\/www.linkedin.com\/company\/ankadanismanlik\",\"https:\/\/www.youtube.com\/@ANKADanmanlk.official\",\"https:\/\/www.instagram.com\/ankadanismanlik.tr?igsh=MXZ6OXMyd3k2MW5zbA&utm_source=qr\"]}]}<\/script>\n<!-- \/ Yoast SEO plugin. -->","yoast_head_json":{"title":"ISO 14001 \u00c7evre Y\u00f6netim Sistemi - Anka Dan\u0131\u015fmanl\u0131k","robots":{"index":"index","follow":"follow","max-snippet":"max-snippet:-1","max-image-preview":"max-image-preview:large","max-video-preview":"max-video-preview:-1"},"canonical":"https:\/\/ankadanismanlikltd.com\/en\/sistem-belgelendirme\/iso-14001-cevre-yonetim-sistemi\/","og_locale":"en_US","og_type":"article","og_title":"ISO 14001 \u00c7evre Y\u00f6netim Sistemi - Anka Dan\u0131\u015fmanl\u0131k","og_description":"Bir kurulu\u015fun faaliyetlerini i\u00e7inde y\u00fcr\u00fctt\u00fc\u011f\u00fc; hava, su, toprak, do\u011fal kaynaklar, bitki toplulu\u011fu (flora), hayvan toplulu\u011fu (fauna) ile insanlar\u0131 da ihtiva eden ortam ve bunun aras\u0131ndaki ili\u015fkiye &#8220;\u00e7evre&#8221; denilmektedir. \u0130nsan\u0131n i\u00e7inde bulundu\u011fu ve birlikte ya\u015fad\u0131\u011f\u0131 bu \u00e7evrenin, geli\u015fen teknoloji ve sanayi sonucunda giderek yok oldu\u011fu g\u00f6z ard\u0131 edilemez bir ger\u00e7ektir. Artan d\u00fcnya n\u00fcfusu, teknolojinin ba\u015f d\u00f6nd\u00fcr\u00fcc\u00fc geli\u015fim ve ilerleme h\u0131z\u0131, ya\u015fam alanlar\u0131ndaki daralma, do\u011fal \u00e7evrenin tahribat\u0131, g\u00fcr\u00fclt\u00fc, hatal\u0131 uygulamalar, bilgi eksikli\u011fi[&hellip;]","og_url":"https:\/\/ankadanismanlikltd.com\/en\/sistem-belgelendirme\/iso-14001-cevre-yonetim-sistemi\/","og_site_name":"Anka Dan\u0131\u015fmanl\u0131k","article_publisher":"https:\/\/www.facebook.com\/ankadanismanlik","article_modified_time":"2024-09-22T11:35:20+00:00","twitter_card":"summary_large_image","twitter_site":"@ankaconsultancy","twitter_misc":{"Est. reading time":"4 minutes"},"schema":{"@context":"https:\/\/schema.org","@graph":[{"@type":"WebPage","@id":"https:\/\/ankadanismanlikltd.com\/en\/sistem-belgelendirme\/iso-14001-cevre-yonetim-sistemi\/","url":"https:\/\/ankadanismanlikltd.com\/en\/sistem-belgelendirme\/iso-14001-cevre-yonetim-sistemi\/","name":"ISO 14001 \u00c7evre Y\u00f6netim Sistemi - Anka Dan\u0131\u015fmanl\u0131k","isPartOf":{"@id":"http:\/\/ankadanismanlikltd.com\/en\/#website"},"datePublished":"2024-09-22T11:31:09+00:00","dateModified":"2024-09-22T11:35:20+00:00","breadcrumb":{"@id":"https:\/\/ankadanismanlikltd.com\/en\/sistem-belgelendirme\/iso-14001-cevre-yonetim-sistemi\/#breadcrumb"},"inLanguage":"en-US","potentialAction":[{"@type":"ReadAction","target":["https:\/\/ankadanismanlikltd.com\/en\/sistem-belgelendirme\/iso-14001-cevre-yonetim-sistemi\/"]}]},{"@type":"BreadcrumbList","@id":"https:\/\/ankadanismanlikltd.com\/en\/sistem-belgelendirme\/iso-14001-cevre-yonetim-sistemi\/#breadcrumb","itemListElement":[{"@type":"ListItem","position":1,"name":"Anasayfa","item":"http:\/\/ankadanismanlikltd.com\/en\/"},{"@type":"ListItem","position":2,"name":"Sistem Belgelendirme","item":"https:\/\/ankadanismanlikltd.com\/en\/sistem-belgelendirme\/"},{"@type":"ListItem","position":3,"name":"ISO 14001 \u00c7evre Y\u00f6netim Sistemi"}]},{"@type":"WebSite","@id":"http:\/\/ankadanismanlikltd.com\/en\/#website","url":"http:\/\/ankadanismanlikltd.com\/en\/","name":"Anka Dan\u0131\u015fmanl\u0131k","description":"","publisher":{"@id":"http:\/\/ankadanismanlikltd.com\/en\/#organization"},"potentialAction":[{"@type":"SearchAction","target":{"@type":"EntryPoint","urlTemplate":"http:\/\/ankadanismanlikltd.com\/en\/?s={search_term_string}"},"query-input":{"@type":"PropertyValueSpecification","valueRequired":true,"valueName":"search_term_string"}}],"inLanguage":"en-US"},{"@type":"Organization","@id":"http:\/\/ankadanismanlikltd.com\/en\/#organization","name":"ANKA Dan\u0131\u015fmanl\u0131k","url":"http:\/\/ankadanismanlikltd.com\/en\/","logo":{"@type":"ImageObject","inLanguage":"en-US","@id":"http:\/\/ankadanismanlikltd.com\/en\/#\/schema\/logo\/image\/","url":"https:\/\/ankadanismanlikltd.com\/wp-content\/uploads\/2025\/03\/yeni-logo.jpg","contentUrl":"https:\/\/ankadanismanlikltd.com\/wp-content\/uploads\/2025\/03\/yeni-logo.jpg","width":623,"height":630,"caption":"ANKA Dan\u0131\u015fmanl\u0131k"},"image":{"@id":"http:\/\/ankadanismanlikltd.com\/en\/#\/schema\/logo\/image\/"},"sameAs":["https:\/\/www.facebook.com\/ankadanismanlik","https:\/\/x.com\/ankaconsultancy","https:\/\/www.linkedin.com\/company\/ankadanismanlik","https:\/\/www.youtube.com\/@ANKADanmanlk.official","https:\/\/www.instagram.com\/ankadanismanlik.tr?igsh=MXZ6OXMyd3k2MW5zbA&utm_source=qr"]}]}},"_links":{"self":[{"href":"https:\/\/ankadanismanlikltd.com\/en\/wp-json\/wp\/v2\/pages\/413","targetHints":{"allow":["GET"]}}],"collection":[{"href":"https:\/\/ankadanismanlikltd.com\/en\/wp-json\/wp\/v2\/pages"}],"about":[{"href":"https:\/\/ankadanismanlikltd.com\/en\/wp-json\/wp\/v2\/types\/page"}],"author":[{"embeddable":true,"href":"https:\/\/ankadanismanlikltd.com\/en\/wp-json\/wp\/v2\/users\/1"}],"replies":[{"embeddable":true,"href":"https:\/\/ankadanismanlikltd.com\/en\/wp-json\/wp\/v2\/comments?post=413"}],"version-history":[{"count":2,"href":"https:\/\/ankadanismanlikltd.com\/en\/wp-json\/wp\/v2\/pages\/413\/revisions"}],"predecessor-version":[{"id":436,"href":"https:\/\/ankadanismanlikltd.com\/en\/wp-json\/wp\/v2\/pages\/413\/revisions\/436"}],"up":[{"embeddable":true,"href":"https:\/\/ankadanismanlikltd.com\/en\/wp-json\/wp\/v2\/pages\/298"}],"wp:attachment":[{"href":"https:\/\/ankadanismanlikltd.com\/en\/wp-json\/wp\/v2\/media?parent=413"}],"curies":[{"name":"wp","href":"https:\/\/api.w.org\/{rel}","templated":true}]}}