{"id":414,"date":"2024-09-22T11:31:03","date_gmt":"2024-09-22T11:31:03","guid":{"rendered":"https:\/\/ankadanismanlikltd.com\/?page_id=414"},"modified":"2024-09-22T11:34:44","modified_gmt":"2024-09-22T11:34:44","slug":"iso-9001-kalite-yonetim-sistemi","status":"publish","type":"page","link":"https:\/\/ankadanismanlikltd.com\/en\/sistem-belgelendirme\/iso-9001-kalite-yonetim-sistemi\/","title":{"rendered":"ISO 9001 Quality Management System"},"content":{"rendered":"<p>G\u00fcn\u00fcm\u00fcz ko\u015fullar\u0131nda bilgi, teknoloji ve ileti\u015fim alan\u0131nda ya\u015fanan b\u00fcy\u00fck geli\u015fmeler toplumlar\u0131 k\u0131yas\u0131ya bir rekabete ve her ge\u00e7en g\u00fcn yeni geli\u015fmelerin ya\u015fand\u0131\u011f\u0131 ekonomik bir yar\u0131\u015f i\u00e7erisine s\u00fcr\u00fcklemektedir. D\u00fcnya ticaretinin k\u00fcreselle\u015fmesi, rekabetin kapsam ve s\u0131n\u0131rlar\u0131n\u0131 geni\u015fletmi\u015f, yar\u0131\u015fa kat\u0131lanlar\u0131n say\u0131s\u0131 giderek artm\u0131\u015ft\u0131r. \u00dcstelik bu yar\u0131\u015fa kat\u0131lanlar her ge\u00e7en g\u00fcn daha \u00fcst\u00fcn nitelikli olmaktad\u0131r. M\u00fc\u015fteriler art\u0131k daha bilin\u00e7li, daha bilgili hale gelmi\u015f ve m\u00fc\u015fteri beklentileri en \u00fcst seviyeye ula\u015fm\u0131\u015ft\u0131r. Art\u0131k m\u00fc\u015fteri beklentilerini kar\u015f\u0131lamak yeterli olmamakta m\u00fc\u015fteri beklentilerinin de \u00f6tesine ge\u00e7mek gerekmektedir. De\u011fi\u015fim h\u0131z\u0131 artm\u0131\u015f, \u00f6zellikle teknoloji alan\u0131nda ya\u015fanan geli\u015fmeler \u00f6nceden hayal bile edilemeyen uygulamalar\u0131 m\u00fcmk\u00fcn k\u0131lm\u0131\u015ft\u0131r. Art\u0131k de\u011fi\u015fime ve de\u011fi\u015fim h\u0131z\u0131na ayak uyduramayan kurulu\u015flar\u0131n ayakta kalabilmesi \u00e7ok zordur. \u0130\u015fletmelerin ayakta kalabilmeleri ancak t\u00fcm sekt\u00f6rlerde m\u00fc\u015fteri ihtiya\u00e7 ve beklentilerine uygun mal \u00fcretiminin veya hizmetin sa\u011flanmas\u0131yla ger\u00e7ekle\u015febilecektir. Bu sebeple, kurulu\u015flarda, tasar\u0131m a\u015famas\u0131ndan ba\u015flayarak \u00fcretim, pazarlama ve sat\u0131\u015f sonras\u0131 hizmetlere kadar t\u00fcm a\u015famalar\u0131 kapsayan ve s\u00fcrekli iyile\u015fmeyi hedefleyen Kalite Y\u00f6netim Sistemi&#8217;nin uygulanmas\u0131 olmazsa olmaz bir \u015fart olmu\u015ftur. ISO 9000 Kalite Sistem Standartlar\u0131, yay\u0131mland\u0131\u011f\u0131 tarihten (1987) itibaren en fazla ilgi g\u00f6ren ve uygulama alan\u0131 bulan milletleraras\u0131 standartlar haline gelmi\u015ftir. ISO 9000 Kalite Y\u00f6netim Sistemi Standartlar\u0131 Serisi, etkili bir y\u00f6netim sisteminin nas\u0131l kurulabilece\u011fini, dok\u00fcmante edilebilece\u011fini ve s\u00fcrd\u00fcrebilece\u011fini g\u00f6z \u00f6n\u00fcne sermektedir.<\/p>\n<p>ISO 9000 Kalite Standartlar\u0131 Serisi, organizasyonlar\u0131n m\u00fc\u015fteri memnuniyetinin art\u0131r\u0131lmas\u0131na y\u00f6nelik olarak Kalite Y\u00f6netim Sistemi&#8217;nin kurulmas\u0131 ve geli\u015ftirilmesi konusunda rehberlik eden ve Uluslararas\u0131 Standartlar Organizasyonu (ISO) taraf\u0131ndan yay\u0131mlanm\u0131\u015f olan bir standartlar b\u00fct\u00fcn\u00fcd\u00fcr. ISO 9001 ise Kalite Y\u00f6netim Sistemi&#8217;nin kurulmas\u0131 esnas\u0131nda uygulanmas\u0131 gereken \u015fartlar\u0131 tan\u0131mlayan ve belgelendirmeye esas te\u015fkil eden standartt\u0131r. Bununla birlikte, Uluslararas\u0131 Standartlar Organizasyonu (ISO)&#8217;nun yay\u0131mlam\u0131\u015f oldu\u011fu k\u0131lavuz standartlar da vard\u0131r. ISO 9001 ve k\u0131lavuz standartlar, ISO 9000 serisi olarak adland\u0131r\u0131lmaktad\u0131r. A\u015fa\u011f\u0131da verilen ISO 9000 standart serisi, her tip ve b\u00fcy\u00fckl\u00fckteki kurulu\u015fun etkin bir Kalite Y\u00f6netim Sistemi olu\u015fturmas\u0131 ve uygulamas\u0131 i\u00e7in geli\u015ftirilmi\u015ftir.<\/p>\n<ul class=\"ulList\">\n<li><strong>ISO 9000 Kalite Y\u00f6netim Sistemleri &#8211; Temel Esaslar, Terimler ve Tarifler:<\/strong>\u00a0ISO 9000 Standard\u0131, kalite y\u00f6netim sistemlerinin temel esaslar\u0131n\u0131 a\u00e7\u0131klar ve kalite y\u00f6netim sistemleri terminolojisini tan\u0131mlar. Bir nevi s\u00f6zl\u00fck mahiyetindedir.<\/li>\n<li><strong>ISO 9001 Kalite Y\u00f6netim Sistemleri &#8211; \u015eartlar:<\/strong>\u00a0ISO 9001 Standard\u0131, bir kurulu\u015fun m\u00fc\u015fteri \u015fartlar\u0131n\u0131 ve uygulanabilir mevzuat \u015fartlar\u0131n\u0131 kar\u015f\u0131layan \u00fcr\u00fcnleri sa\u011flama yetene\u011fi oldu\u011funu kan\u0131tlamas\u0131 gerekti\u011finde ve m\u00fc\u015fteri memnuniyetini art\u0131rmay\u0131 ama\u00e7lad\u0131\u011f\u0131nda uyaca\u011f\u0131 kalite y\u00f6netim sisteminin \u015fartlar\u0131n\u0131 belirtir. Belgelendirmesi yap\u0131lan standartt\u0131r.<\/li>\n<li><strong>ISO 9004 Kalite Y\u00f6netim Sistemleri &#8211; Performans \u0130yile\u015ftirilmeleri \u0130\u00e7in K\u0131lavuz:<\/strong>\u00a0ISO 9004 Standard\u0131, kalite y\u00f6netim sisteminin etkinli\u011fini ve verimlili\u011fini dikkate alarak, k\u0131lavuzluk bilgilerini sa\u011flar. Bu standard\u0131n amac\u0131, kurulu\u015fun performans\u0131n\u0131n iyile\u015ftirilmesi ve m\u00fc\u015fteriler ile di\u011fer ilgili taraflar\u0131n memnuniyetinin sa\u011flanmas\u0131d\u0131r.<\/li>\n<\/ul>\n<p>ISO 9001 Kalite Y\u00f6netim Sistemi, m\u00fc\u015fteri beklentileri, ihtiya\u00e7lar\u0131 ve mevzuat \u015fartlar\u0131n\u0131 kar\u015f\u0131lama yolu ile m\u00fc\u015fteri memnuniyetinin art\u0131r\u0131lmas\u0131n\u0131 \u00f6ng\u00f6ren d\u00fcnyaca kabul g\u00f6rm\u00fc\u015f bir kalite y\u00f6netimi sistemi bi\u00e7imidir. Kurulu\u015fun organizasyonel yap\u0131s\u0131ndan m\u00fc\u015fterilerinin memnuniyet seviyesine, toplanan verilerin analiz edilmesinden s\u00fcre\u00e7lerin etkin y\u00f6netimine, i\u00e7 denetimlerden \u00fcr\u00fcn tasar\u0131m\u0131na, sat\u0131n almadan sat\u0131\u015fa kadar pek \u00e7ok noktada Kalite Y\u00f6netim Sistemi ko\u015fullar\u0131n\u0131 belirler. ISO 9001 Standard\u0131, esas olarak bir kontrol mekanizmas\u0131d\u0131r. Bu standard\u0131n amac\u0131, hata ve kusurlar\u0131 azaltmak, ortadan kald\u0131rmak ve daha \u00f6nemlisi olu\u015fabilecek hata ve kusurlar\u0131 \u00f6nlemektir. Standart, direk olarak \u00fcr\u00fcn ve hizmet kalitesiyle ilgili de\u011fil, y\u00f6netim sisteminin kalitesi ile ilgilidir. Buradaki temel varsay\u0131m, etkin bir Kalite Y\u00f6netim Sistemi olu\u015fturulmas\u0131 ve uygulanmas\u0131 halinde m\u00fc\u015fteri ihtiya\u00e7lar\u0131n\u0131 kar\u015f\u0131layacak kaliteli \u00fcr\u00fcn ve hizmetler \u00fcretilece\u011fidir.<\/p>\n<p>ISO 9001 Standard\u0131, zorlay\u0131c\u0131 de\u011fildir ve genel \u015fartlar i\u00e7erir. B\u00fcy\u00fck ya da k\u00fc\u00e7\u00fck \u00f6l\u00e7ekli ayr\u0131m\u0131 olmaks\u0131z\u0131n her sekt\u00f6r i\u00e7in uygulanabilmektedir. Do\u011fru anla\u015f\u0131l\u0131p, do\u011fru uyguland\u0131\u011f\u0131nda g\u00fc\u00e7l\u00fc bir y\u00f6netim sistemini temsil eder.<\/p>\n<p>ISO 9001 Standard\u0131, Kalite Y\u00f6netim Sistemi&#8217;nin nas\u0131l olu\u015fturulaca\u011f\u0131n\u0131 tamamen kurulu\u015flara b\u0131rakm\u0131\u015ft\u0131r. Yap\u0131lmas\u0131 gereken &#8220;standart&#8221; bir Kalite Y\u00f6netim Sistemi de\u011fil, standard\u0131n \u015fartlar\u0131n\u0131 kar\u015f\u0131layan bir Kalite Y\u00f6netim Sistemi olu\u015fturmakt\u0131r.<\/p>\n<p><strong>Sonu\u00e7 olarak;<\/strong><\/p>\n<ul class=\"ulList\">\n<li>Etkin bir kalite y\u00f6netim sistemi i\u00e7in minimum \u015fartlar\u0131 belirtir.<\/li>\n<li>\u015eartlar\u0131 geneldir, \u00f6l\u00e7ek fark etmeksizin her sekt\u00f6r i\u00e7in uygulanabilir.<\/li>\n<li>Neyin yap\u0131laca\u011f\u0131n\u0131 s\u00f6yler, nas\u0131l yap\u0131laca\u011f\u0131n\u0131 de\u011fil.<\/li>\n<\/ul>\n<p><strong>ISO 9001 Kalite Y\u00f6netim Sistemi&#8217;nin Faydalar\u0131 Nelerdir?<\/strong><\/p>\n<ul class=\"ulList\">\n<li>M\u00fc\u015fteri ili\u015fkilerine odaklanan kurulu\u015ftaki m\u00fc\u015fteri \u015fikayetleri azal\u0131r, m\u00fc\u015fteri memnuniyeti ve ba\u011fl\u0131l\u0131\u011f\u0131 daha da artar.<\/li>\n<li>M\u00fc\u015fteri istek ve beklentilerini \u00f6n planda tutarak, daha iyi \u00fcr\u00fcn tasar\u0131m\u0131 sa\u011flar.<\/li>\n<li>\u0130yi tasar\u0131m ve planlama, i\u015flem maliyetlerini azalt\u0131r.<\/li>\n<li>Kalite problemlerinden kaynaklanan kalitesizlik maliyetlerini minimuma indirir.<\/li>\n<li>Faaliyetlerin daha iyi planlanmas\u0131, sorunlar\u0131n daha h\u0131zl\u0131 \u00e7\u00f6z\u00fclmesi ile etkin bir y\u00f6netim sa\u011flanm\u0131\u015f olur.<\/li>\n<li>Bu \u015fekilde y\u00f6netim, t\u00fcm boyutlar\u0131yla i\u015fletmesini daha net kontrol alt\u0131nda tutar, daha sa\u011fl\u0131kl\u0131 kararlar verir.<\/li>\n<li>T\u00fcm sorunlar sistematik \u015fekilde analiz edilece\u011finden, i\u015fletmede s\u00fcrekli bir geli\u015fme olur.<\/li>\n<li>\u00c7al\u0131\u015fanlar\u0131n faaliyetlere kat\u0131l\u0131m\u0131 sa\u011flan\u0131r, motivasyon ve \u00e7al\u0131\u015fma heyecanlar\u0131 artar.<\/li>\n<li>Her alanda s\u00fcrekli iyile\u015ftirme ile kalifiye eleman oran\u0131 artar.<\/li>\n<li>Departmanlar aras\u0131 problemlerin \u00e7\u00f6z\u00fcm\u00fcnde sistematik yakla\u015f\u0131m, verimlili\u011fi art\u0131r\u0131r.<\/li>\n<li>S\u00fcre\u00e7ler ve fonksiyonlar aras\u0131ndaki tan\u0131mlanm\u0131\u015f i\u015fleyi\u015f, organizasyon i\u00e7inde sa\u011fl\u0131kl\u0131 bilgi ak\u0131\u015f\u0131 sa\u011flar.<\/li>\n<li>Kurulu\u015fun kalite imaj\u0131 g\u00fc\u00e7lenir, m\u00fc\u015fterilerin g\u00fcveni artar.<\/li>\n<li>Yeni pazarlara a\u00e7\u0131lma imkan\u0131 sa\u011flayarak, rakipler ile olan fark\u0131 art\u0131r\u0131r.<\/li>\n<li>Sistematik ve y\u00f6netsel bir altyap\u0131 kurarak kurumsalla\u015fma yolunda bir ad\u0131m daha ileriye gidilmesini sa\u011flar.<\/li>\n<li>Kurumsal kimlik, istikrar\u0131 da beraberinde getirir.<\/li>\n<\/ul>\n<p><strong>ISO 9001 Standard\u0131&#8217;n\u0131 Kimler Kullanabilir\/Uygulayabilir?<\/strong><br \/>\nISO 9001 Kalite Y\u00f6netim Sistemi Standard\u0131&#8217;n\u0131n b\u00fct\u00fcn gereklilikleri genel olup, tiplerine, b\u00fcy\u00fckl\u00fcklerine ve sa\u011flad\u0131klar\u0131 \u00fcr\u00fcn veya hizmetlere bak\u0131lmaks\u0131z\u0131n b\u00fct\u00fcn kurulu\u015flara uygulanabilir olmas\u0131 ama\u00e7lanm\u0131\u015ft\u0131r. Bu sebeple s\u00fcrekli iyile\u015ftirmeyi ama\u00e7 edinmi\u015f, etkin bir Kalite Y\u00f6netim Sistemi olu\u015fturmak isteyen t\u00fcm kurulu\u015flarca uygulanabilir. Bu konuda sekt\u00f6r veya \u00f6l\u00e7ek olarak bir k\u0131s\u0131tlama bulunmamaktad\u0131r.<\/p>","protected":false},"excerpt":{"rendered":"<p>G\u00fcn\u00fcm\u00fcz ko\u015fullar\u0131nda bilgi, teknoloji ve ileti\u015fim alan\u0131nda ya\u015fanan b\u00fcy\u00fck geli\u015fmeler toplumlar\u0131 k\u0131yas\u0131ya bir rekabete ve her ge\u00e7en g\u00fcn yeni geli\u015fmelerin ya\u015fand\u0131\u011f\u0131 ekonomik bir yar\u0131\u015f i\u00e7erisine s\u00fcr\u00fcklemektedir. D\u00fcnya ticaretinin k\u00fcreselle\u015fmesi, rekabetin kapsam ve s\u0131n\u0131rlar\u0131n\u0131 geni\u015fletmi\u015f, yar\u0131\u015fa kat\u0131lanlar\u0131n say\u0131s\u0131 giderek artm\u0131\u015ft\u0131r. \u00dcstelik bu yar\u0131\u015fa kat\u0131lanlar her ge\u00e7en g\u00fcn daha \u00fcst\u00fcn nitelikli olmaktad\u0131r. M\u00fc\u015fteriler art\u0131k daha bilin\u00e7li, daha bilgili hale gelmi\u015f ve m\u00fc\u015fteri beklentileri en \u00fcst seviyeye ula\u015fm\u0131\u015ft\u0131r. Art\u0131k m\u00fc\u015fteri beklentilerini kar\u015f\u0131lamak yeterli[&hellip;]<\/p>","protected":false},"author":1,"featured_media":0,"parent":298,"menu_order":0,"comment_status":"closed","ping_status":"closed","template":"","meta":{"_acf_changed":false,"footnotes":""},"class_list":["post-414","page","type-page","status-publish","hentry"],"acf":[],"yoast_head":"<!-- This site is optimized with the Yoast SEO plugin v25.9 - https:\/\/yoast.com\/wordpress\/plugins\/seo\/ -->\n<title>ISO 9001 Kalite Y\u00f6netim Sistemi - Anka Dan\u0131\u015fmanl\u0131k<\/title>\n<meta name=\"robots\" content=\"index, follow, max-snippet:-1, max-image-preview:large, max-video-preview:-1\" \/>\n<link rel=\"canonical\" href=\"https:\/\/ankadanismanlikltd.com\/en\/sistem-belgelendirme\/iso-9001-kalite-yonetim-sistemi\/\" \/>\n<meta property=\"og:locale\" content=\"en_US\" \/>\n<meta property=\"og:type\" content=\"article\" \/>\n<meta property=\"og:title\" content=\"ISO 9001 Kalite Y\u00f6netim Sistemi - Anka Dan\u0131\u015fmanl\u0131k\" \/>\n<meta property=\"og:description\" content=\"G\u00fcn\u00fcm\u00fcz ko\u015fullar\u0131nda bilgi, teknoloji ve ileti\u015fim alan\u0131nda ya\u015fanan b\u00fcy\u00fck geli\u015fmeler toplumlar\u0131 k\u0131yas\u0131ya bir rekabete ve her ge\u00e7en g\u00fcn yeni geli\u015fmelerin ya\u015fand\u0131\u011f\u0131 ekonomik bir yar\u0131\u015f i\u00e7erisine s\u00fcr\u00fcklemektedir. D\u00fcnya ticaretinin k\u00fcreselle\u015fmesi, rekabetin kapsam ve s\u0131n\u0131rlar\u0131n\u0131 geni\u015fletmi\u015f, yar\u0131\u015fa kat\u0131lanlar\u0131n say\u0131s\u0131 giderek artm\u0131\u015ft\u0131r. \u00dcstelik bu yar\u0131\u015fa kat\u0131lanlar her ge\u00e7en g\u00fcn daha \u00fcst\u00fcn nitelikli olmaktad\u0131r. M\u00fc\u015fteriler art\u0131k daha bilin\u00e7li, daha bilgili hale gelmi\u015f ve m\u00fc\u015fteri beklentileri en \u00fcst seviyeye ula\u015fm\u0131\u015ft\u0131r. Art\u0131k m\u00fc\u015fteri beklentilerini kar\u015f\u0131lamak yeterli[&hellip;]\" \/>\n<meta property=\"og:url\" content=\"https:\/\/ankadanismanlikltd.com\/en\/sistem-belgelendirme\/iso-9001-kalite-yonetim-sistemi\/\" \/>\n<meta property=\"og:site_name\" content=\"Anka Dan\u0131\u015fmanl\u0131k\" \/>\n<meta property=\"article:publisher\" content=\"https:\/\/www.facebook.com\/ankadanismanlik\" \/>\n<meta property=\"article:modified_time\" content=\"2024-09-22T11:34:44+00:00\" \/>\n<meta name=\"twitter:card\" content=\"summary_large_image\" \/>\n<meta name=\"twitter:site\" content=\"@ankaconsultancy\" \/>\n<meta name=\"twitter:label1\" content=\"Est. reading time\" \/>\n\t<meta name=\"twitter:data1\" content=\"6 minutes\" \/>\n<script type=\"application\/ld+json\" class=\"yoast-schema-graph\">{\"@context\":\"https:\/\/schema.org\",\"@graph\":[{\"@type\":\"WebPage\",\"@id\":\"https:\/\/ankadanismanlikltd.com\/en\/sistem-belgelendirme\/iso-9001-kalite-yonetim-sistemi\/\",\"url\":\"https:\/\/ankadanismanlikltd.com\/en\/sistem-belgelendirme\/iso-9001-kalite-yonetim-sistemi\/\",\"name\":\"ISO 9001 Kalite Y\u00f6netim Sistemi - Anka Dan\u0131\u015fmanl\u0131k\",\"isPartOf\":{\"@id\":\"http:\/\/ankadanismanlikltd.com\/en\/#website\"},\"datePublished\":\"2024-09-22T11:31:03+00:00\",\"dateModified\":\"2024-09-22T11:34:44+00:00\",\"breadcrumb\":{\"@id\":\"https:\/\/ankadanismanlikltd.com\/en\/sistem-belgelendirme\/iso-9001-kalite-yonetim-sistemi\/#breadcrumb\"},\"inLanguage\":\"en-US\",\"potentialAction\":[{\"@type\":\"ReadAction\",\"target\":[\"https:\/\/ankadanismanlikltd.com\/en\/sistem-belgelendirme\/iso-9001-kalite-yonetim-sistemi\/\"]}]},{\"@type\":\"BreadcrumbList\",\"@id\":\"https:\/\/ankadanismanlikltd.com\/en\/sistem-belgelendirme\/iso-9001-kalite-yonetim-sistemi\/#breadcrumb\",\"itemListElement\":[{\"@type\":\"ListItem\",\"position\":1,\"name\":\"Anasayfa\",\"item\":\"http:\/\/ankadanismanlikltd.com\/en\/\"},{\"@type\":\"ListItem\",\"position\":2,\"name\":\"Sistem Belgelendirme\",\"item\":\"https:\/\/ankadanismanlikltd.com\/en\/sistem-belgelendirme\/\"},{\"@type\":\"ListItem\",\"position\":3,\"name\":\"ISO 9001 Kalite Y\u00f6netim Sistemi\"}]},{\"@type\":\"WebSite\",\"@id\":\"http:\/\/ankadanismanlikltd.com\/en\/#website\",\"url\":\"http:\/\/ankadanismanlikltd.com\/en\/\",\"name\":\"Anka Dan\u0131\u015fmanl\u0131k\",\"description\":\"\",\"publisher\":{\"@id\":\"http:\/\/ankadanismanlikltd.com\/en\/#organization\"},\"potentialAction\":[{\"@type\":\"SearchAction\",\"target\":{\"@type\":\"EntryPoint\",\"urlTemplate\":\"http:\/\/ankadanismanlikltd.com\/en\/?s={search_term_string}\"},\"query-input\":{\"@type\":\"PropertyValueSpecification\",\"valueRequired\":true,\"valueName\":\"search_term_string\"}}],\"inLanguage\":\"en-US\"},{\"@type\":\"Organization\",\"@id\":\"http:\/\/ankadanismanlikltd.com\/en\/#organization\",\"name\":\"ANKA Dan\u0131\u015fmanl\u0131k\",\"url\":\"http:\/\/ankadanismanlikltd.com\/en\/\",\"logo\":{\"@type\":\"ImageObject\",\"inLanguage\":\"en-US\",\"@id\":\"http:\/\/ankadanismanlikltd.com\/en\/#\/schema\/logo\/image\/\",\"url\":\"https:\/\/ankadanismanlikltd.com\/wp-content\/uploads\/2025\/03\/yeni-logo.jpg\",\"contentUrl\":\"https:\/\/ankadanismanlikltd.com\/wp-content\/uploads\/2025\/03\/yeni-logo.jpg\",\"width\":623,\"height\":630,\"caption\":\"ANKA Dan\u0131\u015fmanl\u0131k\"},\"image\":{\"@id\":\"http:\/\/ankadanismanlikltd.com\/en\/#\/schema\/logo\/image\/\"},\"sameAs\":[\"https:\/\/www.facebook.com\/ankadanismanlik\",\"https:\/\/x.com\/ankaconsultancy\",\"https:\/\/www.linkedin.com\/company\/ankadanismanlik\",\"https:\/\/www.youtube.com\/@ANKADanmanlk.official\",\"https:\/\/www.instagram.com\/ankadanismanlik.tr?igsh=MXZ6OXMyd3k2MW5zbA&utm_source=qr\"]}]}<\/script>\n<!-- \/ Yoast SEO plugin. -->","yoast_head_json":{"title":"ISO 9001 Kalite Y\u00f6netim Sistemi - Anka Dan\u0131\u015fmanl\u0131k","robots":{"index":"index","follow":"follow","max-snippet":"max-snippet:-1","max-image-preview":"max-image-preview:large","max-video-preview":"max-video-preview:-1"},"canonical":"https:\/\/ankadanismanlikltd.com\/en\/sistem-belgelendirme\/iso-9001-kalite-yonetim-sistemi\/","og_locale":"en_US","og_type":"article","og_title":"ISO 9001 Kalite Y\u00f6netim Sistemi - Anka Dan\u0131\u015fmanl\u0131k","og_description":"G\u00fcn\u00fcm\u00fcz ko\u015fullar\u0131nda bilgi, teknoloji ve ileti\u015fim alan\u0131nda ya\u015fanan b\u00fcy\u00fck geli\u015fmeler toplumlar\u0131 k\u0131yas\u0131ya bir rekabete ve her ge\u00e7en g\u00fcn yeni geli\u015fmelerin ya\u015fand\u0131\u011f\u0131 ekonomik bir yar\u0131\u015f i\u00e7erisine s\u00fcr\u00fcklemektedir. D\u00fcnya ticaretinin k\u00fcreselle\u015fmesi, rekabetin kapsam ve s\u0131n\u0131rlar\u0131n\u0131 geni\u015fletmi\u015f, yar\u0131\u015fa kat\u0131lanlar\u0131n say\u0131s\u0131 giderek artm\u0131\u015ft\u0131r. \u00dcstelik bu yar\u0131\u015fa kat\u0131lanlar her ge\u00e7en g\u00fcn daha \u00fcst\u00fcn nitelikli olmaktad\u0131r. M\u00fc\u015fteriler art\u0131k daha bilin\u00e7li, daha bilgili hale gelmi\u015f ve m\u00fc\u015fteri beklentileri en \u00fcst seviyeye ula\u015fm\u0131\u015ft\u0131r. Art\u0131k m\u00fc\u015fteri beklentilerini kar\u015f\u0131lamak yeterli[&hellip;]","og_url":"https:\/\/ankadanismanlikltd.com\/en\/sistem-belgelendirme\/iso-9001-kalite-yonetim-sistemi\/","og_site_name":"Anka Dan\u0131\u015fmanl\u0131k","article_publisher":"https:\/\/www.facebook.com\/ankadanismanlik","article_modified_time":"2024-09-22T11:34:44+00:00","twitter_card":"summary_large_image","twitter_site":"@ankaconsultancy","twitter_misc":{"Est. reading time":"6 minutes"},"schema":{"@context":"https:\/\/schema.org","@graph":[{"@type":"WebPage","@id":"https:\/\/ankadanismanlikltd.com\/en\/sistem-belgelendirme\/iso-9001-kalite-yonetim-sistemi\/","url":"https:\/\/ankadanismanlikltd.com\/en\/sistem-belgelendirme\/iso-9001-kalite-yonetim-sistemi\/","name":"ISO 9001 Kalite Y\u00f6netim Sistemi - Anka Dan\u0131\u015fmanl\u0131k","isPartOf":{"@id":"http:\/\/ankadanismanlikltd.com\/en\/#website"},"datePublished":"2024-09-22T11:31:03+00:00","dateModified":"2024-09-22T11:34:44+00:00","breadcrumb":{"@id":"https:\/\/ankadanismanlikltd.com\/en\/sistem-belgelendirme\/iso-9001-kalite-yonetim-sistemi\/#breadcrumb"},"inLanguage":"en-US","potentialAction":[{"@type":"ReadAction","target":["https:\/\/ankadanismanlikltd.com\/en\/sistem-belgelendirme\/iso-9001-kalite-yonetim-sistemi\/"]}]},{"@type":"BreadcrumbList","@id":"https:\/\/ankadanismanlikltd.com\/en\/sistem-belgelendirme\/iso-9001-kalite-yonetim-sistemi\/#breadcrumb","itemListElement":[{"@type":"ListItem","position":1,"name":"Anasayfa","item":"http:\/\/ankadanismanlikltd.com\/en\/"},{"@type":"ListItem","position":2,"name":"Sistem Belgelendirme","item":"https:\/\/ankadanismanlikltd.com\/en\/sistem-belgelendirme\/"},{"@type":"ListItem","position":3,"name":"ISO 9001 Kalite Y\u00f6netim Sistemi"}]},{"@type":"WebSite","@id":"http:\/\/ankadanismanlikltd.com\/en\/#website","url":"http:\/\/ankadanismanlikltd.com\/en\/","name":"Anka Dan\u0131\u015fmanl\u0131k","description":"","publisher":{"@id":"http:\/\/ankadanismanlikltd.com\/en\/#organization"},"potentialAction":[{"@type":"SearchAction","target":{"@type":"EntryPoint","urlTemplate":"http:\/\/ankadanismanlikltd.com\/en\/?s={search_term_string}"},"query-input":{"@type":"PropertyValueSpecification","valueRequired":true,"valueName":"search_term_string"}}],"inLanguage":"en-US"},{"@type":"Organization","@id":"http:\/\/ankadanismanlikltd.com\/en\/#organization","name":"ANKA Dan\u0131\u015fmanl\u0131k","url":"http:\/\/ankadanismanlikltd.com\/en\/","logo":{"@type":"ImageObject","inLanguage":"en-US","@id":"http:\/\/ankadanismanlikltd.com\/en\/#\/schema\/logo\/image\/","url":"https:\/\/ankadanismanlikltd.com\/wp-content\/uploads\/2025\/03\/yeni-logo.jpg","contentUrl":"https:\/\/ankadanismanlikltd.com\/wp-content\/uploads\/2025\/03\/yeni-logo.jpg","width":623,"height":630,"caption":"ANKA Dan\u0131\u015fmanl\u0131k"},"image":{"@id":"http:\/\/ankadanismanlikltd.com\/en\/#\/schema\/logo\/image\/"},"sameAs":["https:\/\/www.facebook.com\/ankadanismanlik","https:\/\/x.com\/ankaconsultancy","https:\/\/www.linkedin.com\/company\/ankadanismanlik","https:\/\/www.youtube.com\/@ANKADanmanlk.official","https:\/\/www.instagram.com\/ankadanismanlik.tr?igsh=MXZ6OXMyd3k2MW5zbA&utm_source=qr"]}]}},"_links":{"self":[{"href":"https:\/\/ankadanismanlikltd.com\/en\/wp-json\/wp\/v2\/pages\/414","targetHints":{"allow":["GET"]}}],"collection":[{"href":"https:\/\/ankadanismanlikltd.com\/en\/wp-json\/wp\/v2\/pages"}],"about":[{"href":"https:\/\/ankadanismanlikltd.com\/en\/wp-json\/wp\/v2\/types\/page"}],"author":[{"embeddable":true,"href":"https:\/\/ankadanismanlikltd.com\/en\/wp-json\/wp\/v2\/users\/1"}],"replies":[{"embeddable":true,"href":"https:\/\/ankadanismanlikltd.com\/en\/wp-json\/wp\/v2\/comments?post=414"}],"version-history":[{"count":2,"href":"https:\/\/ankadanismanlikltd.com\/en\/wp-json\/wp\/v2\/pages\/414\/revisions"}],"predecessor-version":[{"id":435,"href":"https:\/\/ankadanismanlikltd.com\/en\/wp-json\/wp\/v2\/pages\/414\/revisions\/435"}],"up":[{"embeddable":true,"href":"https:\/\/ankadanismanlikltd.com\/en\/wp-json\/wp\/v2\/pages\/298"}],"wp:attachment":[{"href":"https:\/\/ankadanismanlikltd.com\/en\/wp-json\/wp\/v2\/media?parent=414"}],"curies":[{"name":"wp","href":"https:\/\/api.w.org\/{rel}","templated":true}]}}