{"id":449,"date":"2024-09-22T11:48:05","date_gmt":"2024-09-22T11:48:05","guid":{"rendered":"https:\/\/ankadanismanlikltd.com\/?page_id=449"},"modified":"2024-09-22T11:48:29","modified_gmt":"2024-09-22T11:48:29","slug":"iso-13485-tibbi-cihazlar-icin-kalite-yonetim-sistemi","status":"publish","type":"page","link":"https:\/\/ankadanismanlikltd.com\/en\/sistem-belgelendirme\/iso-13485-tibbi-cihazlar-icin-kalite-yonetim-sistemi\/","title":{"rendered":"ISO 13485 Quality Management System for Medical Devices"},"content":{"rendered":"<p>ISO 13485 Standard\u0131, ISO 9001 Standard\u0131 ile paralel bir standart olup ISO 9001 Standard\u0131 temel al\u0131narak haz\u0131rlanm\u0131\u015ft\u0131r. ISO 9001 Standard\u0131&#8217;n\u0131n t\u0131bbi cihazlara uyarlanm\u0131\u015f ve bu alanda geli\u015ftirilmi\u015f \u015feklidir. T\u0131bbi cihazlar i\u00e7in \u00f6zel \u015fartlar i\u00e7eren uluslararas\u0131 bir standartt\u0131r. ISO 13485, t\u0131bbi cihaz \u00fcreticilerinin CE \u0130\u015faretlemesine giderken de kullanabilecekleri en \u00f6nemli arg\u00fcmanlardan biridir. CE \u0130\u015faretlemesi kapsam\u0131nda \u00fcretim kalite g\u00fcvencesi mod\u00fcl\u00fcn\u00fcn se\u00e7ilmesi halinde firmalar\u0131n kurmas\u0131 gerekli olan bir sistemdir. Baz olarak ISO 9001 Kalite Y\u00f6netim Sistemi&#8217;ni i\u00e7ermekle birlikte \u00f6zellikle tasar\u0131m a\u015famas\u0131ndaki ek istekleri ve steril t\u0131bbi cihazlar i\u00e7in \u00f6zel \u015fartlar\u0131 ile t\u0131bbi cihaz \u00fcreticilerine ait bir standart haline getirilmi\u015ftir.<\/p>\n<p>ISO 9001 proses yakla\u015f\u0131m\u0131 modelini esas alan bu standart, t\u0131bbi cihaz ve ilgili servisleri sa\u011flamak, tutarl\u0131 bir bi\u00e7imde t\u0131bbi cihazlara uygulanabilir olan m\u00fc\u015fteri ve mevzuat \u015fartlar\u0131n\u0131 kar\u015f\u0131layabilme kabiliyetini kan\u0131tlamak isteyen kurulu\u015flar\u0131n uymalar\u0131 gereken, ISO 9001&#8217;den daha kapsaml\u0131 ve \u00f6zel kalite sistem \u015fartlar\u0131n\u0131 kapsar.<\/p>\n<p>T\u0131bbi cihazlar\u0131n ticareti ve imalat\u0131 alan\u0131nda faaliyet g\u00f6steren kurulu\u015flara y\u00f6nelik kalite sistemlerinin sa\u011flamas\u0131 gereken spesifik \u015fartlar\u0131 tan\u0131mlayan bir standart olan ISO 13485, t\u0131bbi cihazlar\u0131n ya da onlarla ilgili hizmetlerin proje, \u00fcretim, tesisat ve tedarik safhalar\u0131n\u0131 i\u00e7ine alan b\u00fct\u00fcn kurulu\u015flar taraf\u0131ndan uygulanabilmektedir.<\/p>\n<p><strong>Sonu\u00e7 olarak;<\/strong><\/p>\n<ul class=\"ulList\">\n<li>\u00dcr\u00fcnlerin, sa\u011fl\u0131k, g\u00fcvenlik &#8211; emniyet \u00f6zelliklerini g\u00f6sterebilmesi ve minimum \u015fartlar\u0131 sa\u011flamas\u0131 EN ISO 13485 belgelendirmesi ve CE \u0130\u015faretlemesi \u00e7al\u0131\u015fmalar\u0131 ile m\u00fcmk\u00fcn olacakt\u0131r.<\/li>\n<li>T\u0131bbi cihazlar\u0131n \u00fcretilmesi, sat\u0131\u015f\u0131 ve servisinde Avrupa Birli\u011fi ve di\u011fer \u00fclkeler ile ortak bir dildir.<\/li>\n<li>T\u0131bbi cihazlar\u0131n CE \u0130\u015faretlemesi ile yak\u0131ndan ilgilidir.<\/li>\n<li>Sterilizasyon ve hijyende \u00e7ok \u00f6nemli bir k\u0131lavuzdur.<\/li>\n<li>Steril t\u0131bbi cihazlar i\u00e7in \u00f6zel \u015fartlar\u0131 ta\u015f\u0131r.<\/li>\n<li>T\u0131bbi cihazlar\u0131n risk gruplar\u0131n\u0131n belirlenmesinde bir k\u0131lavuzdur.<\/li>\n<\/ul>\n<p><strong>ISO 13485 T\u0131bbi Cihazlar \u0130\u00e7in Kalite Y\u00f6netim Sistemi&#8217;nin Faydalar\u0131 Nelerdir?<\/strong><\/p>\n<ul class=\"ulList\">\n<li>E\u011fitime, s\u00fcrekli iyile\u015ftirmeye ve geli\u015fmeye olanak sa\u011flar.<\/li>\n<li>Firmalarda kalite bilincinin art\u0131r\u0131lmas\u0131 i\u00e7in en \u00f6nemli ara\u00e7lardan biridir.<\/li>\n<li>T\u0131bbi cihazlar\u0131n tasar\u0131m, \u00fcretim ve servis seviyelerinin artt\u0131r\u0131lmas\u0131n\u0131 sa\u011flar.<\/li>\n<li>Yasa ve y\u00f6netmeliklere uyum sa\u011flanmas\u0131n\u0131 kolayla\u015ft\u0131r\u0131r.<\/li>\n<\/ul>\n<p><strong>ISO 13485 Standard\u0131&#8217;n\u0131 Kimler Kullanabilir\/Uygulayabilir?<\/strong><br \/>\nISO 13485 T\u0131bbi Cihazlar \u0130\u00e7in Kalite Y\u00f6netim Sistemi Standard\u0131, t\u0131bbi cihaz kapsam\u0131ndaki b\u00fct\u00fcn \u00fcr\u00fcnlerin \u00fcretiminde ve servis faaliyetleri alan\u0131nda \u00e7al\u0131\u015fmalar\u0131n\u0131 s\u00fcrd\u00fcren b\u00fct\u00fcn kurum ve kurulu\u015flara uygulanabilir.<\/p>","protected":false},"excerpt":{"rendered":"<p>ISO 13485 Standard\u0131, ISO 9001 Standard\u0131 ile paralel bir standart olup ISO 9001 Standard\u0131 temel al\u0131narak haz\u0131rlanm\u0131\u015ft\u0131r. ISO 9001 Standard\u0131&#8217;n\u0131n t\u0131bbi cihazlara uyarlanm\u0131\u015f ve bu alanda geli\u015ftirilmi\u015f \u015feklidir. T\u0131bbi cihazlar i\u00e7in \u00f6zel \u015fartlar i\u00e7eren uluslararas\u0131 bir standartt\u0131r. ISO 13485, t\u0131bbi cihaz \u00fcreticilerinin CE \u0130\u015faretlemesine giderken de kullanabilecekleri en \u00f6nemli arg\u00fcmanlardan biridir. CE \u0130\u015faretlemesi kapsam\u0131nda \u00fcretim kalite g\u00fcvencesi mod\u00fcl\u00fcn\u00fcn se\u00e7ilmesi halinde firmalar\u0131n kurmas\u0131 gerekli olan bir sistemdir. Baz olarak ISO 9001[&hellip;]<\/p>","protected":false},"author":1,"featured_media":0,"parent":298,"menu_order":0,"comment_status":"closed","ping_status":"closed","template":"","meta":{"_acf_changed":false,"footnotes":""},"class_list":["post-449","page","type-page","status-publish","hentry"],"acf":[],"yoast_head":"<!-- This site is optimized with the Yoast SEO plugin v25.9 - https:\/\/yoast.com\/wordpress\/plugins\/seo\/ -->\n<title>ISO 13485 T\u0131bbi Cihazlar \u0130\u00e7in Kalite Y\u00f6netim Sistemi - Anka Dan\u0131\u015fmanl\u0131k<\/title>\n<meta name=\"robots\" content=\"index, follow, max-snippet:-1, max-image-preview:large, max-video-preview:-1\" \/>\n<link rel=\"canonical\" href=\"https:\/\/ankadanismanlikltd.com\/en\/sistem-belgelendirme\/iso-13485-tibbi-cihazlar-icin-kalite-yonetim-sistemi\/\" \/>\n<meta property=\"og:locale\" content=\"en_US\" \/>\n<meta property=\"og:type\" content=\"article\" \/>\n<meta property=\"og:title\" content=\"ISO 13485 T\u0131bbi Cihazlar \u0130\u00e7in Kalite Y\u00f6netim Sistemi - Anka Dan\u0131\u015fmanl\u0131k\" \/>\n<meta property=\"og:description\" content=\"ISO 13485 Standard\u0131, ISO 9001 Standard\u0131 ile paralel bir standart olup ISO 9001 Standard\u0131 temel al\u0131narak haz\u0131rlanm\u0131\u015ft\u0131r. ISO 9001 Standard\u0131&#8217;n\u0131n t\u0131bbi cihazlara uyarlanm\u0131\u015f ve bu alanda geli\u015ftirilmi\u015f \u015feklidir. T\u0131bbi cihazlar i\u00e7in \u00f6zel \u015fartlar i\u00e7eren uluslararas\u0131 bir standartt\u0131r. ISO 13485, t\u0131bbi cihaz \u00fcreticilerinin CE \u0130\u015faretlemesine giderken de kullanabilecekleri en \u00f6nemli arg\u00fcmanlardan biridir. CE \u0130\u015faretlemesi kapsam\u0131nda \u00fcretim kalite g\u00fcvencesi mod\u00fcl\u00fcn\u00fcn se\u00e7ilmesi halinde firmalar\u0131n kurmas\u0131 gerekli olan bir sistemdir. Baz olarak ISO 9001[&hellip;]\" \/>\n<meta property=\"og:url\" content=\"https:\/\/ankadanismanlikltd.com\/en\/sistem-belgelendirme\/iso-13485-tibbi-cihazlar-icin-kalite-yonetim-sistemi\/\" \/>\n<meta property=\"og:site_name\" content=\"Anka Dan\u0131\u015fmanl\u0131k\" \/>\n<meta property=\"article:publisher\" content=\"https:\/\/www.facebook.com\/ankadanismanlik\" \/>\n<meta property=\"article:modified_time\" content=\"2024-09-22T11:48:29+00:00\" \/>\n<meta name=\"twitter:card\" content=\"summary_large_image\" \/>\n<meta name=\"twitter:site\" content=\"@ankaconsultancy\" \/>\n<meta name=\"twitter:label1\" content=\"Est. reading time\" \/>\n\t<meta name=\"twitter:data1\" content=\"2 minutes\" \/>\n<script type=\"application\/ld+json\" class=\"yoast-schema-graph\">{\"@context\":\"https:\/\/schema.org\",\"@graph\":[{\"@type\":\"WebPage\",\"@id\":\"https:\/\/ankadanismanlikltd.com\/en\/sistem-belgelendirme\/iso-13485-tibbi-cihazlar-icin-kalite-yonetim-sistemi\/\",\"url\":\"https:\/\/ankadanismanlikltd.com\/en\/sistem-belgelendirme\/iso-13485-tibbi-cihazlar-icin-kalite-yonetim-sistemi\/\",\"name\":\"ISO 13485 T\u0131bbi Cihazlar \u0130\u00e7in Kalite Y\u00f6netim Sistemi - Anka Dan\u0131\u015fmanl\u0131k\",\"isPartOf\":{\"@id\":\"http:\/\/ankadanismanlikltd.com\/en\/#website\"},\"datePublished\":\"2024-09-22T11:48:05+00:00\",\"dateModified\":\"2024-09-22T11:48:29+00:00\",\"breadcrumb\":{\"@id\":\"https:\/\/ankadanismanlikltd.com\/en\/sistem-belgelendirme\/iso-13485-tibbi-cihazlar-icin-kalite-yonetim-sistemi\/#breadcrumb\"},\"inLanguage\":\"en-US\",\"potentialAction\":[{\"@type\":\"ReadAction\",\"target\":[\"https:\/\/ankadanismanlikltd.com\/en\/sistem-belgelendirme\/iso-13485-tibbi-cihazlar-icin-kalite-yonetim-sistemi\/\"]}]},{\"@type\":\"BreadcrumbList\",\"@id\":\"https:\/\/ankadanismanlikltd.com\/en\/sistem-belgelendirme\/iso-13485-tibbi-cihazlar-icin-kalite-yonetim-sistemi\/#breadcrumb\",\"itemListElement\":[{\"@type\":\"ListItem\",\"position\":1,\"name\":\"Anasayfa\",\"item\":\"http:\/\/ankadanismanlikltd.com\/en\/\"},{\"@type\":\"ListItem\",\"position\":2,\"name\":\"Sistem Belgelendirme\",\"item\":\"https:\/\/ankadanismanlikltd.com\/en\/sistem-belgelendirme\/\"},{\"@type\":\"ListItem\",\"position\":3,\"name\":\"ISO 13485 T\u0131bbi Cihazlar \u0130\u00e7in Kalite Y\u00f6netim Sistemi\"}]},{\"@type\":\"WebSite\",\"@id\":\"http:\/\/ankadanismanlikltd.com\/en\/#website\",\"url\":\"http:\/\/ankadanismanlikltd.com\/en\/\",\"name\":\"Anka Dan\u0131\u015fmanl\u0131k\",\"description\":\"\",\"publisher\":{\"@id\":\"http:\/\/ankadanismanlikltd.com\/en\/#organization\"},\"potentialAction\":[{\"@type\":\"SearchAction\",\"target\":{\"@type\":\"EntryPoint\",\"urlTemplate\":\"http:\/\/ankadanismanlikltd.com\/en\/?s={search_term_string}\"},\"query-input\":{\"@type\":\"PropertyValueSpecification\",\"valueRequired\":true,\"valueName\":\"search_term_string\"}}],\"inLanguage\":\"en-US\"},{\"@type\":\"Organization\",\"@id\":\"http:\/\/ankadanismanlikltd.com\/en\/#organization\",\"name\":\"ANKA Dan\u0131\u015fmanl\u0131k\",\"url\":\"http:\/\/ankadanismanlikltd.com\/en\/\",\"logo\":{\"@type\":\"ImageObject\",\"inLanguage\":\"en-US\",\"@id\":\"http:\/\/ankadanismanlikltd.com\/en\/#\/schema\/logo\/image\/\",\"url\":\"https:\/\/ankadanismanlikltd.com\/wp-content\/uploads\/2025\/03\/yeni-logo.jpg\",\"contentUrl\":\"https:\/\/ankadanismanlikltd.com\/wp-content\/uploads\/2025\/03\/yeni-logo.jpg\",\"width\":623,\"height\":630,\"caption\":\"ANKA Dan\u0131\u015fmanl\u0131k\"},\"image\":{\"@id\":\"http:\/\/ankadanismanlikltd.com\/en\/#\/schema\/logo\/image\/\"},\"sameAs\":[\"https:\/\/www.facebook.com\/ankadanismanlik\",\"https:\/\/x.com\/ankaconsultancy\",\"https:\/\/www.linkedin.com\/company\/ankadanismanlik\",\"https:\/\/www.youtube.com\/@ANKADanmanlk.official\",\"https:\/\/www.instagram.com\/ankadanismanlik.tr?igsh=MXZ6OXMyd3k2MW5zbA&utm_source=qr\"]}]}<\/script>\n<!-- \/ Yoast SEO plugin. -->","yoast_head_json":{"title":"ISO 13485 T\u0131bbi Cihazlar \u0130\u00e7in Kalite Y\u00f6netim Sistemi - Anka Dan\u0131\u015fmanl\u0131k","robots":{"index":"index","follow":"follow","max-snippet":"max-snippet:-1","max-image-preview":"max-image-preview:large","max-video-preview":"max-video-preview:-1"},"canonical":"https:\/\/ankadanismanlikltd.com\/en\/sistem-belgelendirme\/iso-13485-tibbi-cihazlar-icin-kalite-yonetim-sistemi\/","og_locale":"en_US","og_type":"article","og_title":"ISO 13485 T\u0131bbi Cihazlar \u0130\u00e7in Kalite Y\u00f6netim Sistemi - Anka Dan\u0131\u015fmanl\u0131k","og_description":"ISO 13485 Standard\u0131, ISO 9001 Standard\u0131 ile paralel bir standart olup ISO 9001 Standard\u0131 temel al\u0131narak haz\u0131rlanm\u0131\u015ft\u0131r. ISO 9001 Standard\u0131&#8217;n\u0131n t\u0131bbi cihazlara uyarlanm\u0131\u015f ve bu alanda geli\u015ftirilmi\u015f \u015feklidir. T\u0131bbi cihazlar i\u00e7in \u00f6zel \u015fartlar i\u00e7eren uluslararas\u0131 bir standartt\u0131r. ISO 13485, t\u0131bbi cihaz \u00fcreticilerinin CE \u0130\u015faretlemesine giderken de kullanabilecekleri en \u00f6nemli arg\u00fcmanlardan biridir. CE \u0130\u015faretlemesi kapsam\u0131nda \u00fcretim kalite g\u00fcvencesi mod\u00fcl\u00fcn\u00fcn se\u00e7ilmesi halinde firmalar\u0131n kurmas\u0131 gerekli olan bir sistemdir. Baz olarak ISO 9001[&hellip;]","og_url":"https:\/\/ankadanismanlikltd.com\/en\/sistem-belgelendirme\/iso-13485-tibbi-cihazlar-icin-kalite-yonetim-sistemi\/","og_site_name":"Anka Dan\u0131\u015fmanl\u0131k","article_publisher":"https:\/\/www.facebook.com\/ankadanismanlik","article_modified_time":"2024-09-22T11:48:29+00:00","twitter_card":"summary_large_image","twitter_site":"@ankaconsultancy","twitter_misc":{"Est. reading time":"2 minutes"},"schema":{"@context":"https:\/\/schema.org","@graph":[{"@type":"WebPage","@id":"https:\/\/ankadanismanlikltd.com\/en\/sistem-belgelendirme\/iso-13485-tibbi-cihazlar-icin-kalite-yonetim-sistemi\/","url":"https:\/\/ankadanismanlikltd.com\/en\/sistem-belgelendirme\/iso-13485-tibbi-cihazlar-icin-kalite-yonetim-sistemi\/","name":"ISO 13485 T\u0131bbi Cihazlar \u0130\u00e7in Kalite Y\u00f6netim Sistemi - Anka Dan\u0131\u015fmanl\u0131k","isPartOf":{"@id":"http:\/\/ankadanismanlikltd.com\/en\/#website"},"datePublished":"2024-09-22T11:48:05+00:00","dateModified":"2024-09-22T11:48:29+00:00","breadcrumb":{"@id":"https:\/\/ankadanismanlikltd.com\/en\/sistem-belgelendirme\/iso-13485-tibbi-cihazlar-icin-kalite-yonetim-sistemi\/#breadcrumb"},"inLanguage":"en-US","potentialAction":[{"@type":"ReadAction","target":["https:\/\/ankadanismanlikltd.com\/en\/sistem-belgelendirme\/iso-13485-tibbi-cihazlar-icin-kalite-yonetim-sistemi\/"]}]},{"@type":"BreadcrumbList","@id":"https:\/\/ankadanismanlikltd.com\/en\/sistem-belgelendirme\/iso-13485-tibbi-cihazlar-icin-kalite-yonetim-sistemi\/#breadcrumb","itemListElement":[{"@type":"ListItem","position":1,"name":"Anasayfa","item":"http:\/\/ankadanismanlikltd.com\/en\/"},{"@type":"ListItem","position":2,"name":"Sistem Belgelendirme","item":"https:\/\/ankadanismanlikltd.com\/en\/sistem-belgelendirme\/"},{"@type":"ListItem","position":3,"name":"ISO 13485 T\u0131bbi Cihazlar \u0130\u00e7in Kalite Y\u00f6netim Sistemi"}]},{"@type":"WebSite","@id":"http:\/\/ankadanismanlikltd.com\/en\/#website","url":"http:\/\/ankadanismanlikltd.com\/en\/","name":"Anka Dan\u0131\u015fmanl\u0131k","description":"","publisher":{"@id":"http:\/\/ankadanismanlikltd.com\/en\/#organization"},"potentialAction":[{"@type":"SearchAction","target":{"@type":"EntryPoint","urlTemplate":"http:\/\/ankadanismanlikltd.com\/en\/?s={search_term_string}"},"query-input":{"@type":"PropertyValueSpecification","valueRequired":true,"valueName":"search_term_string"}}],"inLanguage":"en-US"},{"@type":"Organization","@id":"http:\/\/ankadanismanlikltd.com\/en\/#organization","name":"ANKA Dan\u0131\u015fmanl\u0131k","url":"http:\/\/ankadanismanlikltd.com\/en\/","logo":{"@type":"ImageObject","inLanguage":"en-US","@id":"http:\/\/ankadanismanlikltd.com\/en\/#\/schema\/logo\/image\/","url":"https:\/\/ankadanismanlikltd.com\/wp-content\/uploads\/2025\/03\/yeni-logo.jpg","contentUrl":"https:\/\/ankadanismanlikltd.com\/wp-content\/uploads\/2025\/03\/yeni-logo.jpg","width":623,"height":630,"caption":"ANKA Dan\u0131\u015fmanl\u0131k"},"image":{"@id":"http:\/\/ankadanismanlikltd.com\/en\/#\/schema\/logo\/image\/"},"sameAs":["https:\/\/www.facebook.com\/ankadanismanlik","https:\/\/x.com\/ankaconsultancy","https:\/\/www.linkedin.com\/company\/ankadanismanlik","https:\/\/www.youtube.com\/@ANKADanmanlk.official","https:\/\/www.instagram.com\/ankadanismanlik.tr?igsh=MXZ6OXMyd3k2MW5zbA&utm_source=qr"]}]}},"_links":{"self":[{"href":"https:\/\/ankadanismanlikltd.com\/en\/wp-json\/wp\/v2\/pages\/449","targetHints":{"allow":["GET"]}}],"collection":[{"href":"https:\/\/ankadanismanlikltd.com\/en\/wp-json\/wp\/v2\/pages"}],"about":[{"href":"https:\/\/ankadanismanlikltd.com\/en\/wp-json\/wp\/v2\/types\/page"}],"author":[{"embeddable":true,"href":"https:\/\/ankadanismanlikltd.com\/en\/wp-json\/wp\/v2\/users\/1"}],"replies":[{"embeddable":true,"href":"https:\/\/ankadanismanlikltd.com\/en\/wp-json\/wp\/v2\/comments?post=449"}],"version-history":[{"count":2,"href":"https:\/\/ankadanismanlikltd.com\/en\/wp-json\/wp\/v2\/pages\/449\/revisions"}],"predecessor-version":[{"id":451,"href":"https:\/\/ankadanismanlikltd.com\/en\/wp-json\/wp\/v2\/pages\/449\/revisions\/451"}],"up":[{"embeddable":true,"href":"https:\/\/ankadanismanlikltd.com\/en\/wp-json\/wp\/v2\/pages\/298"}],"wp:attachment":[{"href":"https:\/\/ankadanismanlikltd.com\/en\/wp-json\/wp\/v2\/media?parent=449"}],"curies":[{"name":"wp","href":"https:\/\/api.w.org\/{rel}","templated":true}]}}